{"id":42,"date":"2023-06-12T00:00:29","date_gmt":"2023-06-12T00:00:29","guid":{"rendered":"https:\/\/themicart.com\/interico-wp\/?page_id=42"},"modified":"2023-06-20T04:11:01","modified_gmt":"2023-06-20T04:11:01","slug":"projects","status":"publish","type":"page","link":"https:\/\/dincarchitect.com\/tr\/projeler\/","title":{"rendered":"Projeler"},"content":{"rendered":"<section class=\"wpb-content-wrapper\"><div class=\"vc_row wpb_row vc_row-fluid vc_custom_1686409366991\"><div class=\"wpb_column vc_column_container vc_col-sm-12\"><div class=\"vc_column-inner\"><div class=\"wpb_wrapper\">\n\t<div class=\"wpb_text_column wpb_content_element\" >\n\t\t<div class=\"wpb_wrapper\">\n\t\t\t<span class=\"subtitle dash-true style-dark text-default\">Formu doldur<\/span>\n<h2>Bize projenden bahset<\/h2>\n\n\t\t<\/div>\n\t<\/div>\n\n<div class=\"wpcf7 no-js\" id=\"wpcf7-f6793-o1\" lang=\"en-US\" dir=\"ltr\">\n<div class=\"screen-reader-response\"><p role=\"status\" aria-live=\"polite\" aria-atomic=\"true\"><\/p> <ul><\/ul><\/div>\n<form action=\"\/tr\/wp-json\/wp\/v2\/pages\/42#wpcf7-f6793-o1\" method=\"post\" class=\"wpcf7-form init\" aria-label=\"\u0130leti\u015fim Formu\" enctype=\"multipart\/form-data\" novalidate=\"novalidate\" data-status=\"init\" data-trp-original-action=\"\/tr\/wp-json\/wp\/v2\/pages\/42#wpcf7-f6793-o1\">\n<div style=\"display: none;\">\n<input type=\"hidden\" name=\"_wpcf7\" value=\"6793\" \/>\n<input type=\"hidden\" name=\"_wpcf7_version\" value=\"5.7.7\" \/>\n<input type=\"hidden\" name=\"_wpcf7_locale\" value=\"en_US\" \/>\n<input type=\"hidden\" name=\"_wpcf7_unit_tag\" value=\"wpcf7-f6793-o1\" \/>\n<input type=\"hidden\" name=\"_wpcf7_container_post\" value=\"0\" \/>\n<input type=\"hidden\" name=\"_wpcf7_posted_data_hash\" value=\"\" \/>\n<\/div>\n<div class=\"default-form main-contact-form quote-form\">\n\t<div class=\"row\">\n\t\t<div class=\"col-lg-6 col-md-6 col-sm-12 col-xs-12\">\n\t\t\t<div class=\"form-row\">\n\t\t\t\t<p><input type=\"url\" name=\"WebsiteURL\" placeholder=\"\u0130nternet adresi\" required \/>\n\t\t\t\t<\/p>\n\t\t\t<\/div>\n\t\t<\/div>\n\t\t<div class=\"col-lg-6 col-md-6 col-sm-12 col-xs-12\">\n\t\t\t<div class=\"form-row\">\n\t\t\t\t<p><input type=\"text\" name=\"CompanyName\" placeholder=\"Firma Ad\u0131\" required \/>\n\t\t\t\t<\/p>\n\t\t\t<\/div>\n\t\t<\/div>\n\t\t<div class=\"col-lg-6 col-md-6 col-sm-12 col-xs-12\">\n\t\t\t<div class=\"form-row\">\n\t\t\t\t<p><span class=\"wpcf7-form-control-wrap\" data-name=\"FirstName\"><input size=\"40\" class=\"wpcf7-form-control wpcf7-text wpcf7-validates-as-required\" aria-required=\"true\" aria-invalid=\"false\" placeholder=\"\u0130lk ad\u0131\" value=\"\" type=\"text\" name=\"FirstName\" \/><\/span>\n\t\t\t\t<\/p>\n\t\t\t<\/div>\n\t\t<\/div>\n\t\t<div class=\"col-lg-6 col-md-6 col-sm-12 col-xs-12\">\n\t\t\t<div class=\"form-row\">\n\t\t\t\t<p><span class=\"wpcf7-form-control-wrap\" data-name=\"LastName\"><input size=\"40\" class=\"wpcf7-form-control wpcf7-text wpcf7-validates-as-required\" aria-required=\"true\" aria-invalid=\"false\" placeholder=\"Soy isim\" value=\"\" type=\"text\" name=\"LastName\" \/><\/span>\n\t\t\t\t<\/p>\n\t\t\t<\/div>\n\t\t<\/div>\n\t\t<div class=\"col-lg-6 col-md-6 col-sm-12 col-xs-12\">\n\t\t\t<div class=\"form-row\">\n\t\t\t\t<p><span class=\"wpcf7-form-control-wrap\" data-name=\"PhoneNumber\"><input size=\"40\" class=\"wpcf7-form-control wpcf7-text wpcf7-tel wpcf7-validates-as-required wpcf7-validates-as-tel\" aria-required=\"true\" aria-invalid=\"false\" placeholder=\"Telefon\" value=\"\" type=\"tel\" name=\"PhoneNumber\" \/><\/span>\n\t\t\t\t<\/p>\n\t\t\t<\/div>\n\t\t<\/div>\n\t\t<div class=\"col-lg-6 col-md-6 col-sm-12 col-xs-12\">\n\t\t\t<div class=\"form-row\">\n\t\t\t\t<p><span class=\"wpcf7-form-control-wrap\" data-name=\"EmailAddress\"><input size=\"40\" class=\"wpcf7-form-control wpcf7-text wpcf7-email wpcf7-validates-as-required wpcf7-validates-as-email\" aria-required=\"true\" aria-invalid=\"false\" placeholder=\"e-posta\" value=\"\" type=\"email\" name=\"EmailAddress\" \/><\/span>\n\t\t\t\t<\/p>\n\t\t\t<\/div>\n\t\t<\/div>\n\t\t<div class=\"col-lg-6 col-md-6 col-sm-12 col-xs-12\">\n\t\t\t<div class=\"form-row\">\n\t\t\t\t<p><label>Tahmini B\u00fct\u00e7e...<\/label><br \/>\n<select name=\"Budget\" required>\n <option value=\"\" selected disabled>Tahmini B\u00fct\u00e7e...<\/option>\n <option value=\"\u20ac50-499\">\u20ac50-499<\/option>\n <option value=\"\u20ac500-999\">\u20ac500-999<\/option>\n <option value=\"\u20ac1,000-1,999\">\u20ac1,000-1,999<\/option>\n <option value=\"\u20ac2,000-2,999\">\u20ac2,000-2,999<\/option>\n <option value=\"\u20ac3,000-3,999\">\u20ac3,000-3,999<\/option>\n <option value=\"\u20ac4,000-4,999\">\u20ac4,000-4,999<\/option>\n <option value=\"\u20ac5,000+\">\u20ac5,000+<\/option>\n <\/select>\n\t\t\t\t<\/p>\n\t\t\t<\/div>\n\t\t<\/div>\n\t\t<div class=\"col-lg-6 col-md-6 col-sm-12 col-xs-12\">\n\t\t\t<div class=\"form-row\">\n\t\t\t\t<p><label>Hangi hizmetle ilgileniyorsunuz?<\/label><br \/>\n<select name=\"ServiceName\" required>\n <option value=\"\" selected disabled>Hangi hizmetle ilgileniyorsunuz?<\/option>\n <option value=\"Architectural Design\">Mimari tasar\u0131m<\/option>\n <option value=\"Space Planning\">Alan planlamas\u0131<\/option>\n <option value=\"Interior Design\">\u0130\u00e7 dizayn<\/option>\n <option value=\"3D Modeling and Visualization\">3D Modelleme ve G\u00f6rselle\u015ftirme<\/option>\n <option value=\"Construction Documentation\">\u0130n\u015faat Dok\u00fcmantasyonu<\/option>\n <option value=\"Project Management\">Proje Y\u00f6netimi<\/option>\n <option value=\"Sustainable Design\">S\u00fcrd\u00fcr\u00fclebilir tasar\u0131m<\/option>\n <option value=\"Renovation and Restoration\">Tadilat ve Restorasyon<\/option>\n <option value=\"Urban Planning\">Kentsel planlama<\/option>\n <\/select>\n\t\t\t\t<\/p>\n\t\t\t<\/div>\n\t\t<\/div>\n\t\t<div class=\"col-lg-12 col-md-12 col-sm-12 col-xs-12\">\n\t\t\t<div class=\"form-row\">\n\t\t\t\t<p><label>Referanslar veya \u0130lhamlar:<\/label><br \/>\n<textarea name=\"WebsiteDetails\" class=\"website-details\"><\/textarea>\n\t\t\t\t<\/p>\n\t\t\t<\/div>\n\t\t<\/div>\n\t\t<div class=\"col-lg-12 col-md-12 col-sm-12 col-xs-12\">\n\t\t\t<div class=\"form-row\">\n\t\t\t\t<p><label>Proje hakk\u0131nda detayl\u0131 bilgi:<\/label><br \/>\n<textarea name=\"Keywords\" class=\"keywords\"><\/textarea>\n\t\t\t\t<\/p>\n\t\t\t<\/div>\n\t\t<\/div>\n\t\t<div class=\"col-lg-12 col-md-12 col-sm-12 col-xs-12\">\n\t\t\t<div class=\"form-row\">\n\t\t\t\t<p><label>Dosya Se\u00e7in (Desteklenen bi\u00e7imler: PDF, DOC, DOCX, PNG, JPEG, JPG, AutoCAD)<\/label><br \/>\n<span class=\"wpcf7-form-control-wrap\" data-name=\"file-325\"><input size=\"40\" class=\"wpcf7-form-control wpcf7-file\" accept=\".jpg,.jpeg,.png,.pdf,.doc,.docx,.dwg\" aria-invalid=\"false\" type=\"file\" name=\"file-325\" \/><\/span>\n\t\t\t\t<\/p>\n\t\t\t<\/div>\n\t\t<\/div>\n\t\t<div class=\"col-lg-12 col-md-12 col-sm-12 col-xs-12\">\n\t\t\t<div class=\"form-row\">\n\t\t\t\t<p><span class=\"wpcf7-form-control-wrap bwscaptcha-304\"><input style=\"display:none;\" class=\"wpcf7-form-control wpcf7-bwscaptcha\" aria-required=\"true\" type=\"text\" name=\"bwscaptcha-304\" value=\"\" \/><p class=\"cptch_block\"><span id=\"cptch_time_limit_notice_83\" class=\"cptch_time_limit_notice cptch_to_remove\">Zaman s\u0131n\u0131r\u0131 a\u015f\u0131ld\u0131. L\u00fctfen captcha&#039;y\u0131 bir kez daha doldurun.<\/span><span class=\"cptch_wrap cptch_math_actions\">\n\t\t\t\t<label class=\"cptch_label\" for=\"cptch_input_83\"><span class=\"cptch_span\">6<\/span>\n\t\t\t\t\t<span class=\"cptch_span\">&nbsp;-&nbsp;<\/span>\n\t\t\t\t\t<span class=\"cptch_span\">4<\/span>\n\t\t\t\t\t<span class=\"cptch_span\">&nbsp;=&nbsp;<\/span>\n\t\t\t\t\t<span class=\"cptch_span\"><input id=\"cptch_input_83\" class=\"cptch_input wpcf7-form-control wpcf7-bwscaptcha\" type=\"text\" autocomplete=\"off\" name=\"bwscaptcha-304\" value=\"\" maxlength=\"2\" size=\"2\" aria-required=\"true\" required=\"required\" style=\"margin-bottom:0;display:inline;font-size: 12px;width: 40px;\" \/><\/span>\n\t\t\t\t\t<input type=\"hidden\" name=\"bwscaptcha-304-cptch_result\" value=\"3I8=\" \/><input type=\"hidden\" name=\"cptch_time\" value=\"1776785500\" \/>\n\t\t\t\t\t<input type=\"hidden\" name=\"cptch_form\" value=\"cf7_contact\" \/>\n\t\t\t\t<\/label><span class=\"cptch_reload_button_wrap hide-if-no-js\">\n\t\t\t\t\t<noscript>\n\t\t\t\t\t\t<style type=\"text\/css\">\n\t\t\t\t\t\t\t.hide-if-no-js {\n\t\t\t\t\t\t\t\tdisplay: none !important;\n\t\t\t\t\t\t\t}\n\t\t\t\t\t\t<\/style>\n\t\t\t\t\t<\/noscript>\n\t\t\t\t\t<span class=\"cptch_reload_button dashicons dashicons-update\"><\/span>\n\t\t\t\t<\/span><\/span><\/p><\/span>\n\t\t\t\t<\/p>\n\t\t\t\t<div class=\"col-lg-12 col-md-12 col-sm-12 col-xs-12\">\n\t\t\t\t\t<div class=\"form-row\">\n\t\t\t\t\t\t<p><input type=\"submit\" name=\"submit\" value=\"Mesaj g\u00f6nder\" \/>\n\t\t\t\t\t\t<\/p>\n\t\t\t\t\t<\/div>\n\t\t\t\t<\/div>\n\t\t\t<\/div>\n\t\t<\/div>\n\t<\/div>\n<\/div><div class=\"wpcf7-response-output\" aria-hidden=\"true\"><\/div>\n<input type=\"hidden\" name=\"trp-form-language\" value=\"tr\"\/><\/form>\n<\/div>\n<\/div><\/div><\/div><\/div>\n<\/section>","protected":false},"excerpt":{"rendered":"Formu Doldurun Bize Projenizi Anlat\u0131n Tahmini B\u00fct\u00e7e... Tahmini B\u00fct\u00e7e... \u20ac50-499 \u20ac500-999 \u20ac1.000-1.999 \u20ac2.000-2.999 \u20ac3.000-3.999 \u20ac4.000-4.999 \u20ac5.000+ Hangi hizmetle ilgileniyorsunuz? i\u00e7inde? Hangi hizmetle ilgileniyorsunuz? Mimari Tasar\u0131m Alan Planlama \u0130\u00e7 Tasar\u0131m 3D Modelleme ve G\u00f6rselle\u015ftirme \u0130n\u015faat Dok\u00fcmantasyonu Proje Y\u00f6netimi S\u00fcrd\u00fcr\u00fclebilir Tasar\u0131m Yenileme ve Restorasyon Kent Planlama Referanslar veya \u0130lham Veren Kaynaklar: [...]","protected":false},"author":1,"featured_media":0,"parent":0,"menu_order":0,"comment_status":"closed","ping_status":"closed","template":"page-projects.php","meta":{"footnotes":""},"acf":[],"_links":{"self":[{"href":"https:\/\/dincarchitect.com\/tr\/wp-json\/wp\/v2\/pages\/42"}],"collection":[{"href":"https:\/\/dincarchitect.com\/tr\/wp-json\/wp\/v2\/pages"}],"about":[{"href":"https:\/\/dincarchitect.com\/tr\/wp-json\/wp\/v2\/types\/page"}],"author":[{"embeddable":true,"href":"https:\/\/dincarchitect.com\/tr\/wp-json\/wp\/v2\/users\/1"}],"replies":[{"embeddable":true,"href":"https:\/\/dincarchitect.com\/tr\/wp-json\/wp\/v2\/comments?post=42"}],"version-history":[{"count":0,"href":"https:\/\/dincarchitect.com\/tr\/wp-json\/wp\/v2\/pages\/42\/revisions"}],"wp:attachment":[{"href":"https:\/\/dincarchitect.com\/tr\/wp-json\/wp\/v2\/media?parent=42"}],"curies":[{"name":"wp","href":"https:\/\/api.w.org\/{rel}","templated":true}]}}