{"id":22,"date":"2023-06-12T00:00:24","date_gmt":"2023-06-12T00:00:24","guid":{"rendered":"https:\/\/themicart.com\/interico-wp\/?page_id=22"},"modified":"2023-06-20T04:18:25","modified_gmt":"2023-06-20T04:18:25","slug":"client-experiences","status":"publish","type":"page","link":"https:\/\/dincarchitect.com\/tr\/musteri-deneyimleri\/","title":{"rendered":"M\u00fc\u015fteri Deneyimleri"},"content":{"rendered":"<section class=\"wpb-content-wrapper\"><div data-vc-full-width=\"true\" data-vc-full-width-init=\"false\" class=\"vc_row wpb_row vc_row-fluid spaced vc_custom_1687234702014 vc_row-has-fill\"><div class=\"wpb_column vc_column_container vc_col-sm-6\"><div class=\"vc_column-inner\"><div class=\"wpb_wrapper\"><span class=\"subtitle dash-true style-light text-default\">100% Orijinal \u0130ncelemeler<\/span>\n\t<div class=\"wpb_text_column wpb_content_element\" >\n\t\t<div class=\"wpb_wrapper\">\n\t\t\t<h4 style=\"text-align: left;\"><span style=\"color: #ffffff;\"><strong><img decoding=\"async\" class=\"wp-image-13552 alignleft\" src=\"https:\/\/dincarchitect.com\/wp-content\/uploads\/2023\/06\/dincarchitect-customer.png\" alt=\"\" width=\"102\" height=\"102\" srcset=\"https:\/\/dincarchitect.com\/wp-content\/uploads\/2023\/06\/dincarchitect-customer.png 240w, https:\/\/dincarchitect.com\/wp-content\/uploads\/2023\/06\/dincarchitect-customer-150x150.png 150w, https:\/\/dincarchitect.com\/wp-content\/uploads\/2023\/06\/dincarchitect-customer-72x72.png 72w\" sizes=\"(max-width: 102px) 100vw, 102px\" \/><\/strong><strong>Bizimle ya memnun kal\u0131rs\u0131n\u0131z ya da paran\u0131z iade edilir.<\/strong><\/span><\/h4>\n<h4 style=\"text-align: left;\"><span style=\"color: #ffffff;\"><strong>Sizi mutlu etmek i\u00e7in buraday\u0131z!<\/strong><\/span><\/h4>\n<h2 style=\"text-align: left;\"><span style=\"color: #ffffff;\">Genel Derecelendirme 4.9\/5<\/span><\/h2>\n\n\t\t<\/div>\n\t<\/div>\n<\/div><\/div><\/div><div class=\"wpb_column vc_column_container vc_col-sm-6\"><div class=\"vc_column-inner\"><div class=\"wpb_wrapper\">\n\t<div class=\"wpb_text_column wpb_content_element\" >\n\t\t<div class=\"wpb_wrapper\">\n\t\t\t<p><span style=\"color: #ffffff;\">M\u00fc\u015fteri geri bildirimlerine de\u011fer veriyoruz ve yaln\u0131zca bizden ger\u00e7ekten sipari\u015f vermi\u015f olan m\u00fc\u015fterilerimizin yorumlar\u0131n\u0131 kabul ediyoruz. <\/span><br \/>\n<span style=\"color: #ffffff;\">\u00d6nceli\u011fimiz sizlerin memnuniyeti olup herhangi bir nedenle hizmetlerimizden memnun kalmazsan\u0131z para iade garantisi veriyoruz. <\/span><br \/>\n<span style=\"color: #ffffff;\">Amac\u0131m\u0131z sizi mutlu etmek ve yorumlar\u0131m\u0131z m\u00fc\u015fterilerimizin ger\u00e7ek deneyimlerini yans\u0131t\u0131yor. <\/span><br \/>\n<span style=\"color: #ffffff;\">4,9\/5 genel puan\u0131yla, hizmetlerimizin kalitesine ve g\u00fcvenilirli\u011fine g\u00fcvenebilirsiniz. <\/span><br \/>\n<span style=\"color: #ffffff;\">DincArchitect&#039;i se\u00e7in ve mimari tasar\u0131mda m\u00fckemmelli\u011fi ya\u015fay\u0131n.<\/span><\/p>\n\n\t\t<\/div>\n\t<\/div>\n\n\t<div class=\"wpb_text_column wpb_content_element\" >\n\t\t<div class=\"wpb_wrapper\">\n\t\t\t\n\t\t<\/div>\n\t<\/div>\n<\/div><\/div><\/div><\/div><div class=\"vc_row-full-width vc_clearfix\"><\/div><div class=\"vc_row wpb_row vc_row-fluid\"><div class=\"wpb_column vc_column_container vc_col-sm-12\"><div class=\"vc_column-inner\"><div class=\"wpb_wrapper\"><div class=\"testimonial image-left testimonial-light spacing-30\"><div class=\"content-box\"><div class=\"content-box-info\"><div class=\"profile\"><img decoding=\"async\" src=\"https:\/\/dincarchitect.com\/wp-content\/uploads\/2016\/08\/150x150-150x150.png\" alt=\"Patrick Y.\"><p class=\"name\">Patrick Y.<\/p><p class=\"company\">Mimar<\/p><\/div><div class=\"testimonial-content\"><p class=\"testimonial-headline\">Profesyonellik, Uzman G\u00f6r\u00fc\u015fleri ve B\u00fct\u00e7e Sayg\u0131s\u0131 - \u015eiddetle Tavsiye Edilir!<\/p><p>Profesyonelli\u011finiz, de\u011ferli g\u00f6r\u00fc\u015fleriniz ve hepsinden \u00f6nemlisi b\u00fct\u00e7eme ve fikirlerime sayg\u0131 duydu\u011funuz i\u00e7in \u00e7ok te\u015fekk\u00fcr ederim. Ekibiniz 3D g\u00f6rselle\u015ftirme sa\u011flamada m\u00fckemmel. Hizmetlerinizi harika bir mimar arayan herkese kesinlikle tavsiye edece\u011fim.<\/p><\/div><\/div><\/div><\/div><div class=\"testimonial image-left testimonial-light spacing-30\"><div class=\"content-box\"><div class=\"content-box-info\"><div class=\"profile\"><img decoding=\"async\" src=\"https:\/\/dincarchitect.com\/wp-content\/uploads\/2016\/08\/150x150-150x150.png\" alt=\"Piyer F.\"><p class=\"name\">Piyer F.<\/p><p class=\"company\">Geli\u015ftirici<\/p><\/div><div class=\"testimonial-content\"><p class=\"testimonial-headline\">\u0130htiya\u00e7lar\u0131m\u0131 Hemen Kar\u015f\u0131lad\u0131<\/p><p>Projem: Birlikte dairemin giri\u015fini d\u00f6n\u00fc\u015ft\u00fcrd\u00fck. Beklentilerimin \u00f6tesine ge\u00e7erek ihtiya\u00e7lar\u0131m\u0131 h\u0131zla kar\u015f\u0131lad\u0131n\u0131z. \u00c7ok te\u015fekk\u00fcr ederim!<\/p><\/div><\/div><\/div><\/div><div class=\"testimonial image-left testimonial-light spacing-30\"><div class=\"content-box\"><div class=\"content-box-info\"><div class=\"profile\"><img decoding=\"async\" src=\"https:\/\/dincarchitect.com\/wp-content\/uploads\/2016\/08\/150x150-150x150.png\" alt=\"Celine M.\"><p class=\"name\">Celine M.<\/p><p class=\"company\">Mimar<\/p><\/div><div class=\"testimonial-content\"><p class=\"testimonial-headline\">Son Derece Profesyonel \ud83d\udc4d<\/p><p>Son Derece Profesyonel \ud83d\udc4d<\/p><\/div><\/div><\/div><\/div><div class=\"testimonial image-left testimonial-light spacing-30\"><div class=\"content-box\"><div class=\"content-box-info\"><div class=\"profile\"><img decoding=\"async\" src=\"https:\/\/dincarchitect.com\/wp-content\/uploads\/2016\/08\/150x150-150x150.png\" alt=\"Blandine D.\"><p class=\"name\">Blandine D.<\/p><p class=\"company\">M\u00fc\u015fteri<\/p><\/div><div class=\"testimonial-content\"><p class=\"testimonial-headline\">Ola\u011fan\u00fcst\u00fc Hizmet ve Sonu\u00e7lar: DA Studio ile Deneyimimiz<\/p><p>Yenileme planlar\u0131m\u0131z i\u00e7in DA Studio ile \u00e7al\u0131\u015fmay\u0131 tercih ettik. Bizi dikkatle dinlediler, anlay\u0131\u015fl\u0131 \u00f6nerilerde bulundular ve olduk\u00e7a verimli olduklar\u0131n\u0131 kan\u0131tlad\u0131lar. Gelecek planlama s\u00fcrecimizi b\u00fcy\u00fck \u00f6l\u00e7\u00fcde kolayla\u015ft\u0131ran, ald\u0131\u011f\u0131m\u0131z planlardan tamamen memnun kald\u0131k. Hi\u00e7 teredd\u00fct etmeden g\u00f6n\u00fclden tavsiye ederim! Te\u015fekk\u00fcrler DA Studio!\r\n\r\n&nbsp;<\/p><\/div><\/div><\/div><\/div><div class=\"testimonial image-left testimonial-light spacing-30\"><div class=\"content-box\"><div class=\"content-box-info\"><div class=\"profile\"><img decoding=\"async\" src=\"https:\/\/dincarchitect.com\/wp-content\/uploads\/2016\/08\/150x150-150x150.png\" alt=\"Julie A.\"><p class=\"name\">Julie A.<\/p><p class=\"company\">Mimar<\/p><\/div><div class=\"testimonial-content\"><p class=\"testimonial-headline\">Sonu\u00e7tan tamamen memnunum.<\/p><p>Sonu\u00e7tan tamamen memnunum. Herhangi bir sorunu derhal ele ald\u0131lar ve \u00e7\u00f6zd\u00fcler. Aferin ve te\u015fekk\u00fcr ederim!<\/p><\/div><\/div><\/div><\/div><div class=\"testimonial image-left testimonial-light spacing-30\"><div class=\"content-box\"><div class=\"content-box-info\"><div class=\"profile\"><img decoding=\"async\" src=\"https:\/\/dincarchitect.com\/wp-content\/uploads\/2016\/08\/150x150-150x150.png\" alt=\"Organizat\u00f6r C.\"><p class=\"name\">Organizat\u00f6r C.<\/p><p class=\"company\">destekleyici<\/p><\/div><div class=\"testimonial-content\"><p class=\"testimonial-headline\">H\u0131zl\u0131 ve verimli bir \u00e7al\u0131\u015fma<\/p><p>H\u0131zl\u0131 ve verimli bir \u00e7al\u0131\u015fma, \u015fiddetle tavsiye ederim!<\/p><\/div><\/div><\/div><\/div><div class=\"testimonial image-left testimonial-light spacing-30\"><div class=\"content-box\"><div class=\"content-box-info\"><div class=\"profile\"><img decoding=\"async\" src=\"https:\/\/dincarchitect.com\/wp-content\/uploads\/2016\/08\/150x150-150x150.png\" alt=\"U\u011fur Y.\"><p class=\"name\">U\u011fur Y.<\/p><p class=\"company\">Servis sa\u011flay\u0131c\u0131<\/p><\/div><div class=\"testimonial-content\"><p class=\"testimonial-headline\">3D mimari animasyondaki becerileri ola\u011fan\u00fcst\u00fc<\/p><p>Yan\u0131t inan\u0131lmaz derecede h\u0131zl\u0131yd\u0131 ve \u00e7ok net ifade edemedi\u011fim zamanlarda bile tam olarak neye ihtiyac\u0131m oldu\u011funu anlad\u0131. K\u0131sa s\u00fcrede m\u00fckemmel bir i\u015f \u00e7\u0131kard\u0131. I&#039;sabr\u0131ndan, yarat\u0131c\u0131l\u0131\u011f\u0131ndan ve projemize olan ba\u011fl\u0131l\u0131\u011f\u0131ndan son derece memnunum. 3D mimari animasyondaki becerileri ola\u011fan\u00fcst\u00fc. \u015eiddetle tavsiye ederim! (Not: D\u00fczeltmelere, de\u011fi\u015fikliklere vb. a\u00e7\u0131kt\u0131.)<\/p><\/div><\/div><\/div><\/div><div class=\"testimonial image-left testimonial-light spacing-30\"><div class=\"content-box\"><div class=\"content-box-info\"><div class=\"profile\"><img decoding=\"async\" src=\"https:\/\/dincarchitect.com\/wp-content\/uploads\/2016\/08\/150x150-150x150.png\" alt=\"Michael T.\"><p class=\"name\">Michael T.<\/p><p class=\"company\">Mimar<\/p><\/div><div class=\"testimonial-content\"><p class=\"testimonial-headline\">Ciddi ve sorumlu, herkese tavsiye ederim!<\/p><p>Ciddi ve sorumlu, herkese tavsiye ederim!<\/p><\/div><\/div><\/div><\/div><div class=\"testimonial image-left testimonial-light spacing-30\"><div class=\"content-box\"><div class=\"content-box-info\"><div class=\"profile\"><img decoding=\"async\" src=\"https:\/\/dincarchitect.com\/wp-content\/uploads\/2016\/08\/150x150-150x150.png\" alt=\"Kerim B.\"><p class=\"name\">Kerim B.<\/p><p class=\"company\">Mimar<\/p><\/div><div class=\"testimonial-content\"><p class=\"testimonial-headline\">Ger\u00e7ekten harika bir mimar!<\/p><p>Ger\u00e7ekten harika bir mimar olan dairelerimizin d\u00fczenini ger\u00e7ekten \u00e7ok sevdik! \ud83d\udc4d\ud83d\udc4d\ud83d\udc4d<\/p><\/div><\/div><\/div><\/div><div class=\"testimonial image-left testimonial-light spacing-30\"><div class=\"content-box\"><div class=\"content-box-info\"><div class=\"profile\"><img decoding=\"async\" src=\"https:\/\/dincarchitect.com\/wp-content\/uploads\/2016\/08\/150x150-150x150.png\" alt=\"Zeynep \u00c7.\"><p class=\"name\">Zeynep \u00c7.<\/p><p class=\"company\">Mimar<\/p><\/div><div class=\"testimonial-content\"><p class=\"testimonial-headline\">profesyonel ve kaliteli firma<\/p><p>Profesyonel ve kaliteli bir firma. Onlar\u0131 \u015fiddetle tavsiye ederim.<\/p><\/div><\/div><\/div><\/div><div class=\"testimonial image-left testimonial-light spacing-30\"><div class=\"content-box\"><div class=\"content-box-info\"><div class=\"profile\"><img decoding=\"async\" src=\"https:\/\/dincarchitect.com\/wp-content\/uploads\/2016\/08\/150x150-150x150.png\" alt=\"Amelie P.\"><p class=\"name\">Amelie P.<\/p><p class=\"company\">Mimar<\/p><\/div><div class=\"testimonial-content\"><p class=\"testimonial-headline\"> Hayal k\u0131r\u0131kl\u0131\u011f\u0131na u\u011framad\u0131m.<\/p><p>DA Studio yaln\u0131zca paran\u0131z\u0131n kar\u015f\u0131l\u0131\u011f\u0131n\u0131 fazlas\u0131yla vermekle kalmad\u0131, ayn\u0131 zamanda son derece tatmin edici bir sonu\u00e7 elde etti. T\u00fcm beklentileri kar\u015f\u0131lad\u0131klar\u0131 ve a\u015ft\u0131klar\u0131 i\u00e7in hizmetlerini \u015fiddetle tavsiye ediyorum. Hayal k\u0131r\u0131kl\u0131\u011f\u0131na u\u011framad\u0131m.<\/p><\/div><\/div><\/div><\/div><\/div><\/div><\/div><\/div>\n<\/section>","protected":false},"excerpt":{"rendered":"100% Orijinal \u0130ncelemeler Bizden ya memnun kal\u0131rs\u0131n\u0131z ya da paran\u0131z iade edilir. Sizi mutlu etmek i\u00e7in buraday\u0131z! Genel Derecelendirme 4.9\/5 M\u00fc\u015fteri geri bildirimlerine de\u011fer veriyoruz ve yaln\u0131zca bize ger\u00e7ekten sipari\u015f veren m\u00fc\u015fterilerimizin yorumlar\u0131n\u0131 kabul ediyoruz. \u00d6nceli\u011fimiz sizin memnuniyetinizdir ve e\u011fer herhangi bir nedenle memnun de\u011filseniz [...]","protected":false},"author":1,"featured_media":0,"parent":0,"menu_order":0,"comment_status":"closed","ping_status":"closed","template":"","meta":{"footnotes":""},"acf":[],"_links":{"self":[{"href":"https:\/\/dincarchitect.com\/tr\/wp-json\/wp\/v2\/pages\/22"}],"collection":[{"href":"https:\/\/dincarchitect.com\/tr\/wp-json\/wp\/v2\/pages"}],"about":[{"href":"https:\/\/dincarchitect.com\/tr\/wp-json\/wp\/v2\/types\/page"}],"author":[{"embeddable":true,"href":"https:\/\/dincarchitect.com\/tr\/wp-json\/wp\/v2\/users\/1"}],"replies":[{"embeddable":true,"href":"https:\/\/dincarchitect.com\/tr\/wp-json\/wp\/v2\/comments?post=22"}],"version-history":[{"count":0,"href":"https:\/\/dincarchitect.com\/tr\/wp-json\/wp\/v2\/pages\/22\/revisions"}],"wp:attachment":[{"href":"https:\/\/dincarchitect.com\/tr\/wp-json\/wp\/v2\/media?parent=22"}],"curies":[{"name":"wp","href":"https:\/\/api.w.org\/{rel}","templated":true}]}}