{"id":14518,"date":"2023-06-17T11:48:09","date_gmt":"2023-06-17T11:48:09","guid":{"rendered":"https:\/\/dincarchitect.com\/?page_id=14518"},"modified":"2023-09-02T10:40:38","modified_gmt":"2023-09-02T10:40:38","slug":"architectural-project","status":"publish","type":"page","link":"https:\/\/dincarchitect.com\/tr\/mimari-proje\/","title":{"rendered":"Mimari Proje"},"content":{"rendered":"<section class=\"wpb-content-wrapper\"><div class=\"vc_row wpb_row vc_row-fluid vc_custom_1537429109529\"><div class=\"wpb_column vc_column_container vc_col-sm-6\"><div class=\"vc_column-inner\"><div class=\"wpb_wrapper\">\n<div class=\"vc_grid-container-wrapper vc_clearfix vc_grid-animation-fadeIn\">\n\t<div class=\"vc_grid-container vc_clearfix wpb_content_element vc_media_grid\" data-initial-loading-animation=\"fadeIn\" data-vc-grid-settings=\"{&quot;page_id&quot;:14518,&quot;style&quot;:&quot;all&quot;,&quot;action&quot;:&quot;vc_get_vc_grid_data&quot;,&quot;shortcode_id&quot;:&quot;1693651178493-c50b6c41-fb21-8&quot;,&quot;tag&quot;:&quot;vc_media_grid&quot;}\" data-vc-request=\"https:\/\/dincarchitect.com\/wp-admin\/admin-ajax.php\" data-vc-post-id=\"14518\" data-vc-public-nonce=\"98010a2e1e\">\n\t\t\n\t<\/div>\n<\/div><\/div><\/div><\/div><div class=\"wpb_column vc_column_container vc_col-sm-6\"><div class=\"vc_column-inner vc_custom_1536840396834\"><div class=\"wpb_wrapper\"><span class=\"subtitle dash-true style-dark text-default\">DA St\u00fcdyosu<\/span>\n\t<div class=\"wpb_text_column wpb_content_element\" >\n\t\t<div class=\"wpb_wrapper\">\n\t\t\t<h2>Mimari Proje<\/h2>\n\n\t\t<\/div>\n\t<\/div>\n\n\t<div class=\"wpb_text_column wpb_content_element\" >\n\t\t<div class=\"wpb_wrapper\">\n\t\t\t<p>\u201cMimari Proje\u201d paketimizin prosed\u00fcr\u00fc, mimari tasar\u0131m\u0131n her ad\u0131m\u0131nda size rehberlik etmek \u00fczere tasarlanm\u0131\u015f kusursuz ve i\u015fbirli\u011fine dayal\u0131 bir deneyimdir. \u0130\u015fte nas\u0131l \u00e7al\u0131\u015f\u0131yor:<\/p>\n<p>**1. \u0130lk Dan\u0131\u015fma:** Her \u015fey mimarlardan olu\u015fan ekibimizle yapaca\u011f\u0131n\u0131z ilk toplant\u0131yla ba\u015flar. \u0130htiya\u00e7lar\u0131n\u0131z\u0131, fikirlerinizi ve tercihlerinizi anlamak i\u00e7in dikkatle dinliyoruz. Bu ad\u0131m projenizin vizyonunu tan\u0131mlamada \u00e7ok \u00f6nemlidir.<\/p>\n<p>**2. \u00d6n Tasar\u0131m:** Ekibimiz gerekli t\u00fcm bilgileri toplad\u0131ktan sonra \u00f6n tasar\u0131m \u00fczerinde \u00e7al\u0131\u015fmaya ba\u015flar. Eskizleri, kaba planlar\u0131 ve kavramsal fikirleri i\u00e7eren temel bir d\u00fczen olu\u015fturuyoruz. Geri bildiriminizi ve \u00f6nerilerinizi toplamak i\u00e7in bu ilk yinelemeyi sunuyoruz.<\/p>\n<p>**3. Proje Geli\u015ftirme:** Tercihlerinizi net bir \u015fekilde anlad\u0131ktan sonra projeyi geli\u015ftirmeye devam ederiz. Buna ayr\u0131nt\u0131l\u0131 planlar, teknik \u00e7izimler ve karma\u015f\u0131k b\u00f6l\u00fcmler olu\u015fturma da dahildir. Projenizin t\u00fcm yap\u0131sal ve i\u015flevsel y\u00f6nlerinin dikkate al\u0131nmas\u0131n\u0131 sa\u011fl\u0131yoruz.<\/p>\n<p>**4. Revizyonlar ve Onaylar:** Her a\u015famada, geri bildirimlerinize g\u00f6re ayarlamalar yapmak i\u00e7in sizinle yak\u0131n i\u015f birli\u011fi yap\u0131yoruz. Nihai projenin vizyonunuzu m\u00fckemmel bir \u015fekilde yans\u0131tmas\u0131n\u0131 ve kalite ve g\u00fcvenlik standartlar\u0131na uymas\u0131n\u0131 sa\u011flamak i\u00e7in \u00e7al\u0131\u015f\u0131yoruz.<\/p>\n<p>**5. Dok\u00fcman Haz\u0131rlama:** Proje bir b\u00fct\u00fcn olarak onayland\u0131ktan sonra in\u015faat s\u00fcreci i\u00e7in gerekli t\u00fcm dok\u00fcmanlar\u0131 haz\u0131rl\u0131yoruz. Buna nihai planlar, teknik detaylar, spesifikasyonlar ve y\u00fcklenicilerin ihtiya\u00e7 duyaca\u011f\u0131 her \u015fey dahildir.<\/p>\n<p>**6. Proje Y\u00f6netimi (iste\u011fe ba\u011fl\u0131):** \u0130stenirse ekibimiz in\u015faat\u0131 denetlemek, y\u00fcklenicileri koordine etmek ve her \u015feyin planland\u0131\u011f\u0131 gibi ilerlemesini sa\u011flamak i\u00e7in proje y\u00f6netimi hizmetleri de sa\u011flayabilir.<\/p>\n<p>**7. Vizyonunuzu Hayata Ge\u00e7irme:** Son olarak, belgeler haz\u0131rlan\u0131p in\u015faat ba\u015flad\u0131ktan sonra sorunsuz bir s\u00fcre\u00e7 sa\u011flamak i\u00e7in oraday\u0131z. Nihai hedefimiz, mimari vizyonunuzu verimli ve ba\u015far\u0131l\u0131 bir \u015fekilde ger\u00e7ekle\u015ftirmenize yard\u0131mc\u0131 olmakt\u0131r.<\/p>\n<p>Beklentilerinizi kar\u015f\u0131layan ve hayallerinizi a\u015fan ola\u011fan\u00fcst\u00fc bir mimari proje sunmak i\u00e7in s\u00fcre\u00e7 boyunca a\u00e7\u0131k ileti\u015fime ve i\u015fbirli\u011fine inan\u0131yoruz. 699 \u20ac tutar\u0131ndaki \u201cMimari Proje\u201d paketimiz, ideal alan\u0131n\u0131z\u0131n yarat\u0131lmas\u0131nda ola\u011fan\u00fcst\u00fc de\u011fer sa\u011flamak \u00fczere tasarlanm\u0131\u015ft\u0131r. Vizyonunuzu ger\u00e7e\u011fe d\u00f6n\u00fc\u015ft\u00fcrmek i\u00e7in bize g\u00fcvenin.<\/p>\n\n\t\t<\/div>\n\t<\/div>\n<\/div><\/div><\/div><\/div><div data-vc-full-width=\"true\" data-vc-full-width-init=\"false\" class=\"vc_row wpb_row vc_row-fluid spaced vc_custom_1686586247876 vc_row-has-fill\"><div class=\"wpb_column vc_column_container vc_col-sm-12\"><div class=\"vc_column-inner\"><div class=\"wpb_wrapper\"><span class=\"subtitle dash-false style-dark text-center\">Biz nas\u0131l \u00e7al\u0131\u015f\u0131r\u0131z<\/span>\n\t<div class=\"wpb_text_column wpb_content_element\" >\n\t\t<div class=\"wpb_wrapper\">\n\t\t\t<h2 style=\"text-align: center;\"><span style=\"color: #e37218;\"><strong>Verimli Proje <\/strong><\/span><strong>Ola\u011fan\u00fcst\u00fc Sonu\u00e7 i\u00e7in \u0130\u015f Ak\u0131\u015f\u0131<\/strong><\/h2>\n\n\t\t<\/div>\n\t<\/div>\n<div class=\"dash style-dark centered\"><\/div><div class=\"vc_row wpb_row vc_inner vc_row-fluid vc_custom_1538383845636\"><div class=\"wpb_column vc_column_container vc_col-sm-3\"><div class=\"vc_column-inner\"><div class=\"wpb_wrapper\"><div class=\"number-box style-default spacing-30\"><div class=\"number-box-number\">01<\/div><div class=\"content-box\"><div class=\"content-box-info\"><h3>T\u00fcm Proje Belgelerini G\u00f6nder<\/h3><p class=\"number-box-content\">Kapsaml\u0131 bir inceleme ve analiz i\u00e7in l\u00fctfen ilgili t\u00fcm proje belgelerini bize g\u00f6nderin.<\/p><\/div><\/div><\/div><\/div><\/div><\/div><div class=\"wpb_column vc_column_container vc_col-sm-3\"><div class=\"vc_column-inner\"><div class=\"wpb_wrapper\"><div class=\"number-box style-default spacing-30\"><div class=\"number-box-number\">02<\/div><div class=\"content-box\"><div class=\"content-box-info\"><h3>H\u0131zl\u0131 ve \u00dccretsiz Proje De\u011ferlendirmesi<\/h3><p class=\"number-box-content\">Projenizi dikkatlice inceleyece\u011fiz ve size h\u0131zl\u0131 ve tamamlay\u0131c\u0131 bir yan\u0131t verece\u011fiz.<\/p><\/div><\/div><\/div><\/div><\/div><\/div><div class=\"wpb_column vc_column_container vc_col-sm-3\"><div class=\"vc_column-inner\"><div class=\"wpb_wrapper\"><div class=\"number-box style-default spacing-30\"><div class=\"number-box-number\">03<\/div><div class=\"content-box\"><div class=\"content-box-info\"><h3>Onay \u00dczerine Demo Teslimat\u0131<\/h3><p class=\"number-box-content\">Onay\u0131n\u0131z\u0131 ald\u0131ktan sonra, projeyi hemen ba\u015flataca\u011f\u0131z ve incelemeniz i\u00e7in size bir demo g\u00f6nderece\u011fiz.<\/p><\/div><\/div><\/div><\/div><\/div><\/div><div class=\"wpb_column vc_column_container vc_col-sm-3\"><div class=\"vc_column-inner\"><div class=\"wpb_wrapper\"><div class=\"number-box style-default spacing-30\"><div class=\"number-box-number\">04<\/div><div class=\"content-box\"><div class=\"content-box-info\"><h3>\u00d6deme ve Son Teslimat<\/h3><p class=\"number-box-content\">Projeyi onaylad\u0131\u011f\u0131n\u0131zda, \u00f6demeyi yap\u0131n ve \u00e7\u0131kt\u0131lar\u0131n son halini al\u0131n.<\/p><\/div><\/div><\/div><\/div><\/div><\/div><\/div><\/div><\/div><\/div><\/div><div class=\"vc_row-full-width vc_clearfix\"><\/div><div class=\"vc_row wpb_row vc_row-fluid vc_custom_1534242606416\"><div class=\"animate wpb_column vc_column_container vc_col-sm-12\"><div class=\"vc_column-inner\"><div class=\"wpb_wrapper\">\n\t<div class=\"wpb_text_column wpb_content_element  vc_custom_1686677450596\" >\n\t\t<div class=\"wpb_wrapper\">\n\t\t\t<h2 style=\"text-align: center;\"><span style=\"color: #e37218;\"><strong>Di\u011fer Hizmetlerimiz<\/strong><\/span><\/h2>\n\n\t\t<\/div>\n\t<\/div>\n<div class=\"dash style-dark centered\"><\/div>\n\t<div class=\"wpb_raw_code wpb_content_element wpb_raw_html\" >\n\t\t<div class=\"wpb_wrapper\">\n\t\t\t<!-- Birinci hizmet \u00f6\u011fesi -->\n<div id=\"hizmet1\" class=\"wpb_column vc_column_container vc_col-sm-3\">\n<div class=\"vc_column-inner\">\n<div class=\"wpb_wrapper\">\n<div class=\"content-box service-item alignment-default service-box-gray spacing-30\">\n<div class=\"image-container\">\n<div class=\"vertical-number-box\"><span class=\"vertical-number\">01<\/span><\/div>\n<div class=\"arrow-box\"><\/div>\n<img decoding=\"async\" src=\"https:\/\/dincarchitect.com\/wp-content\/uploads\/2023\/06\/dastudio-service-1.jpg\" alt=\"Mimari\" width=\"360\" height=\"500\" \/>\n\n<\/div>\n<div class=\"content-box-info\">\n<div class=\"box-heading-container\">\n<div class=\"box-heading\"><strong>Basit Alan<\/strong><\/div>\n<div class=\"price-info-container\"><span class=\"price-info\" style=\"color: #e37218; font-size: 16px;\">49 \u20ac<\/span><\/div>\n<\/div>\n<div style=\"text-align: justify; margin-top: 10px;\">Yatak odas\u0131, ofis, giri\u015f hol\u00fc, standart banyo, k\u00fc\u00e7\u00fck vitrin...<\/div>\n<div class=\"content-description\"><\/div>\n<div class=\"btn-read-more\"><a style=\"color: #e37218;\" href=\"https:\/\/dincarchitect.com\/tr\/basit-uzay\/\">Daha fazla bilgi edin<\/a><\/div>\n<\/div>\n<\/div>\n<\/div>\n<\/div>\n<\/div>\n\n<!-- Alt\u0131nc\u0131 hizmet \u00f6\u011fesi -->\n<div class=\"wpb_column vc_column_container vc_col-sm-3\">\n<div class=\"vc_column-inner\">\n<div class=\"wpb_wrapper\">\n<div class=\"content-box service-item alignment-default service-box-gray spacing-30\">\n<div class=\"image-container\">\n<div class=\"vertical-number-box\"><span class=\"vertical-number\">06<\/span><\/div>\n<div class=\"arrow-box\"><\/div>\n<img decoding=\"async\" src=\"https:\/\/dincarchitect.com\/wp-content\/uploads\/2023\/06\/dastudio-service-6.jpg\" alt=\"Mimari\" width=\"360\" height=\"500\" \/>\n\n<\/div>\n<div class=\"content-box-info\">\n<div class=\"box-heading-container\">\n<div class=\"box-heading\"><strong>Toplu Bina<\/strong><\/div>\n<div class=\"price-info-container\"><span class=\"price-info\" style=\"color: #e37218; font-size: 16px;\">199 \u20ac<\/span><\/div>\n<\/div>\n<div style=\"text-align: justify; margin-top: 10px;\">\n\nKonut, ticari binalar, depolar vb.\n\n<\/div>\n<div class=\"content-description\"><\/div>\n<div class=\"btn-read-more\"><a style=\"color: #e37218;\" href=\"https:\/\/dincarchitect.com\/tr\/kolektif-bina\/\">Daha fazla bilgi edin<\/a><\/div>\n<\/div>\n<\/div>\n<\/div>\n<\/div>\n<\/div>\n\n<!-- Yedinci hizmet \u00f6\u011fesi -->\n<div class=\"wpb_column vc_column_container vc_col-sm-3\">\n<div class=\"vc_column-inner\">\n<div class=\"wpb_wrapper\">\n<div class=\"content-box service-item alignment-default service-box-gray spacing-30\">\n<div class=\"image-container\">\n<div class=\"vertical-number-box\"><span class=\"vertical-number\">07<\/span><\/div>\n<div class=\"arrow-box\"><\/div>\n<img decoding=\"async\" src=\"https:\/\/dincarchitect.com\/wp-content\/uploads\/2023\/06\/dastudio-service-7.jpg\" alt=\"Mimari\" width=\"360\" height=\"500\" \/>\n\n<\/div>\n<div class=\"content-box-info\">\n<div class=\"box-heading-container\">\n<div class=\"box-heading\"><strong>Foto\u011fraf Montaj\u0131<\/strong><\/div>\n<div class=\"price-info-container\"><span class=\"price-info\" style=\"color: #e37218; font-size: 16px;\">149 \u20ac<\/span><\/div>\n<\/div>\n<div style=\"text-align: justify; margin-top: 10px;\">\n\nD\u0131\u015f cepheli veya d\u0131\u015f cephesiz m\u00fcstakil ev...\n\n<\/div>\n<div class=\"content-description\"><\/div>\n<div class=\"btn-read-more\"><a style=\"color: #e37218;\" href=\"https:\/\/dincarchitect.com\/tr\/fotomontaj\/\">Daha fazla bilgi edin<\/a><\/div>\n<\/div>\n<\/div>\n<\/div>\n<\/div>\n<\/div>\n\n\n<!-- Dokuzuncu hizmet \u00f6\u011fesi -->\n<div class=\"wpb_column vc_column_container vc_col-sm-3\">\n<div class=\"vc_column-inner\">\n<div class=\"wpb_wrapper\">\n<div class=\"content-box service-item alignment-default service-box-gray spacing-30\">\n<div class=\"image-container\">\n<div class=\"vertical-number-box\"><span class=\"vertical-number\">09<\/span><\/div>\n<div class=\"arrow-box\"><\/div>\n<img decoding=\"async\" src=\"https:\/\/dincarchitect.com\/wp-content\/uploads\/2023\/06\/dastudio-service-9.jpg\" alt=\"Mimari\" width=\"360\" height=\"500\" \/>\n\n<\/div>\n<div class=\"content-box-info\">\n<div class=\"box-heading-container\">\n<div class=\"box-heading\"><strong>1. film<\/strong><\/div>\n<div class=\"price-info-container\"><span class=\"price-info\" style=\"color: #e37218; font-size: 16px;\">399 \u20ac<\/span><\/div>\n<\/div>\n<div style=\"text-align: justify; margin-top: 10px;\">\n\n1 dakikadan az s\u00fcren bir film paketi...\n\n<\/div>\n<div class=\"content-description\"><\/div>\n<div class=\"btn-read-more\"><a style=\"color: #e37218;\" href=\"https:\/\/dincarchitect.com\/tr\/film-1-dakika\/\">Daha fazla bilgi edin<\/a><\/div>\n<\/div>\n<\/div>\n<\/div>\n<\/div>\n<\/div>\n\t\t<\/div>\n\t<\/div>\n<\/div><\/div><\/div><\/div>\n<\/section>","protected":false},"excerpt":{"rendered":"DA Studio Mimarl\u0131k Projesi &quot;Mimarl\u0131k Projesi&quot; paketimizin prosed\u00fcr\u00fc, mimari tasar\u0131m\u0131n her ad\u0131m\u0131nda size rehberlik etmek i\u00e7in tasarlanm\u0131\u015f kusursuz ve i\u015fbirlik\u00e7i bir deneyimdir. \u0130\u015fte nas\u0131l \u00e7al\u0131\u015ft\u0131\u011f\u0131: **1. \u0130lk Dan\u0131\u015fmanl\u0131k:** Her \u015fey mimar ekibimizle ilk toplant\u0131yla ba\u015flar. \u0130htiya\u00e7lar\u0131n\u0131z\u0131, fikirlerinizi ve [...]","protected":false},"author":1,"featured_media":10877,"parent":0,"menu_order":0,"comment_status":"closed","ping_status":"closed","template":"","meta":{"footnotes":""},"acf":[],"_links":{"self":[{"href":"https:\/\/dincarchitect.com\/tr\/wp-json\/wp\/v2\/pages\/14518"}],"collection":[{"href":"https:\/\/dincarchitect.com\/tr\/wp-json\/wp\/v2\/pages"}],"about":[{"href":"https:\/\/dincarchitect.com\/tr\/wp-json\/wp\/v2\/types\/page"}],"author":[{"embeddable":true,"href":"https:\/\/dincarchitect.com\/tr\/wp-json\/wp\/v2\/users\/1"}],"replies":[{"embeddable":true,"href":"https:\/\/dincarchitect.com\/tr\/wp-json\/wp\/v2\/comments?post=14518"}],"version-history":[{"count":0,"href":"https:\/\/dincarchitect.com\/tr\/wp-json\/wp\/v2\/pages\/14518\/revisions"}],"wp:featuredmedia":[{"embeddable":true,"href":"https:\/\/dincarchitect.com\/tr\/wp-json\/wp\/v2\/media\/10877"}],"wp:attachment":[{"href":"https:\/\/dincarchitect.com\/tr\/wp-json\/wp\/v2\/media?parent=14518"}],"curies":[{"name":"wp","href":"https:\/\/api.w.org\/{rel}","templated":true}]}}