{"id":14208,"date":"2023-06-12T21:49:06","date_gmt":"2023-06-12T21:49:06","guid":{"rendered":"https:\/\/dincarchitect.com\/?page_id=14208"},"modified":"2023-06-12T21:53:53","modified_gmt":"2023-06-12T21:53:53","slug":"cookie-policy","status":"publish","type":"page","link":"https:\/\/dincarchitect.com\/tr\/cerez-politikasi\/","title":{"rendered":"\u00c7erez politikas\u0131"},"content":{"rendered":"<section class=\"wpb-content-wrapper\"><div class=\"vc_row wpb_row vc_row-fluid vc_custom_1686439582595\"><div class=\"wpb_column vc_column_container vc_col-sm-12\"><div class=\"vc_column-inner\"><div class=\"wpb_wrapper\"><span class=\"subtitle dash-true style-dark text-default\">dincarchitect.com<\/span>\n\t<div class=\"wpb_text_column wpb_content_element\" >\n\t\t<div class=\"wpb_wrapper\">\n\t\t\t<h2 style=\"text-align: center;\">\u00c7erez politikas\u0131<\/h2>\n\n\t\t<\/div>\n\t<\/div>\n<\/div><\/div><\/div><\/div><div class=\"vc_row wpb_row vc_row-fluid vc_custom_1686439565266\"><div class=\"wpb_column vc_column_container vc_col-sm-12\"><div class=\"vc_column-inner\"><div class=\"wpb_wrapper\">\n\t<div class=\"wpb_text_column wpb_content_element\" >\n\t\t<div class=\"wpb_wrapper\">\n\t\t\t<p><strong>\u00c7EREZ POL\u0130T\u0130KASI<\/strong><\/p>\n<p>Bu \u00c7erez Politikas\u0131 (\u201cPolitika\u201d), DA Studio (\u201c\u015eirket\u201d) taraf\u0131ndan i\u015fletilen https:\/\/dincarchitect.com\/ web sitesi (\u201cWeb Sitesi\u201d) i\u00e7in ge\u00e7erlidir. Bu Politika, Web Sitesini ziyaret etti\u011finizde bilgi toplamak ve depolamak i\u00e7in \u015eirketin \u00e7erezleri ve benzer teknolojileri nas\u0131l kulland\u0131\u011f\u0131n\u0131 a\u00e7\u0131klamaktad\u0131r.<\/p>\n<p><strong>1. \u00c7erezler nedir?<\/strong><\/p>\n<p>\u00c7erezler, bir web sitesini ziyaret etti\u011finizde cihaz\u0131n\u0131za (bilgisayar, ak\u0131ll\u0131 telefon, tablet) yerle\u015ftirilen k\u00fc\u00e7\u00fck metin dosyalar\u0131d\u0131r. \u015eirketin Web Sitesinin i\u015flevselli\u011fini ve kullan\u0131c\u0131 deneyimini geli\u015ftirmesine yard\u0131mc\u0131 olurlar. Tan\u0131mlama bilgileri, cihaz\u0131n\u0131z ve tarama etkinlikleriniz hakk\u0131nda bilgi toplayabilir ve saklayabilir.<\/p>\n<p><strong>2. Kullan\u0131lan \u00c7erez T\u00fcrleri<\/strong><\/p>\n<p>\u015eirket, Web Sitesinde a\u015fa\u011f\u0131daki \u00e7erez t\u00fcrlerini kullan\u0131r:<\/p>\n<p>Kesinlikle Gerekli \u00c7erezler: Bu \u00e7erezler, Web Sitesinin i\u015fleyi\u015fi i\u00e7in gereklidir ve Web sitesinde gezinmenizi ve \u00f6zelliklerini kullanman\u0131z\u0131 sa\u011flar.<\/p>\n<p>Performans \u00c7erezleri: Bu \u00e7erezler, ziyaret\u00e7i say\u0131s\u0131, ziyaret edilen sayfalar ve trafi\u011fin kayna\u011f\u0131 gibi ziyaret\u00e7ilerin Web Sitesini nas\u0131l kulland\u0131klar\u0131 hakk\u0131nda anonim bilgiler toplar. Bu bilgiler, \u015eirketin Web Sitesinin performans\u0131n\u0131 iyile\u015ftirmesine yard\u0131mc\u0131 olur.<\/p>\n<p>\u0130\u015flevsellik Tan\u0131mlama Bilgileri: Bu tan\u0131mlama bilgileri, Web Sitesinin tercihlerinizi hat\u0131rlamas\u0131na ve ki\u015fiselle\u015ftirilmi\u015f ayarlar ve kaydedilmi\u015f tercihler gibi geli\u015fmi\u015f \u00f6zellikler sa\u011flamas\u0131na olanak tan\u0131r.<\/p>\n<p><strong>3. \u00dc\u00e7\u00fcnc\u00fc Ki\u015fi Tan\u0131mlama Bilgileri<\/strong><\/p>\n<p>\u015eirket ayr\u0131ca, \u00fc\u00e7\u00fcnc\u00fc taraf hizmet sa\u011flay\u0131c\u0131lar\u0131n analiz yapmak, reklamlar sa\u011flamak ve ek i\u015flevler sunmak i\u00e7in Web Sitesine tan\u0131mlama bilgileri yerle\u015ftirmesine izin verebilir. Bu \u00fc\u00e7\u00fcnc\u00fc taraflar\u0131n kendi gizlilik politikalar\u0131 vard\u0131r ve \u015eirketin \u00e7erezleri \u00fczerinde kontrol\u00fc yoktur. Bu \u00fc\u00e7\u00fcnc\u00fc taraflar\u0131n ilgili gizlilik politikalar\u0131n\u0131 incelemenizi \u00f6neririz.<\/p>\n<p><strong>4. \u00c7erez Y\u00f6netimi<\/strong><\/p>\n<p>Web Sitesini kullanarak, \u00e7erezlerin bu Politikada a\u00e7\u0131klanan \u015fekilde kullan\u0131lmas\u0131na izin vermi\u015f olursunuz. Taray\u0131c\u0131 ayarlar\u0131n\u0131zdan \u00e7erezleri y\u00f6netme veya devre d\u0131\u015f\u0131 b\u0131rakma se\u00e7ene\u011fine sahipsiniz. Ancak, belirli tan\u0131mlama bilgilerinin devre d\u0131\u015f\u0131 b\u0131rak\u0131lmas\u0131n\u0131n Web Sitesinin i\u015flevselli\u011fini ve kullan\u0131c\u0131 deneyimini etkileyebilece\u011fini l\u00fctfen unutmay\u0131n.<\/p>\n<p><strong>5. \u0130leti\u015fim Bilgileri<\/strong><\/p>\n<p>Bu \u00c7erez Politikas\u0131 veya \u015eirketin \u00e7erez kullan\u0131m\u0131 ile ilgili herhangi bir sorunuz veya endi\u015feniz varsa, l\u00fctfen bizimle \u015fu adresten ileti\u015fime ge\u00e7in:<\/p>\n<p>E-posta: <a href=\"mailto:info@dincarchitect.com\">info@dincarchitect.com<\/a><br \/>\nTelefon: <a href=\"tel: 33761122801\">+33 7 61 12 28 01<\/a><\/p>\n<p><strong>6. Politikadaki De\u011fi\u015fiklikler<\/strong><\/p>\n<p>\u015eirket, bu \u00c7erez Politikas\u0131n\u0131 zaman zaman g\u00fcncelleyebilir. Herhangi bir de\u011fi\u015fiklik Web Sitesinde yay\u0131nlanacakt\u0131r ve herhangi bir de\u011fi\u015fikli\u011fin yay\u0131nlanmas\u0131ndan sonra Web Sitesini kullanmaya devam etmeniz, bu t\u00fcr de\u011fi\u015fiklikleri kabul etti\u011finiz anlam\u0131na gelir.<\/p>\n\n\t\t<\/div>\n\t<\/div>\n<\/div><\/div><\/div><\/div>\n<\/section>","protected":false},"excerpt":{"rendered":"dincarchitect.com \u00c7erez Politikas\u0131 \u00c7EREZ POL\u0130T\u0130KASI Bu \u00c7erez Politikas\u0131 (&quot;Politika&quot;) DA Studio (&quot;\u015eirket&quot;) taraf\u0131ndan i\u015fletilen https:\/\/dincarchitect.com\/ (&quot;Web Sitesi&quot;) web sitesi i\u00e7in ge\u00e7erlidir. Bu Politika, \u015eirketin Web Sitesini ziyaret etti\u011finizde bilgi toplamak ve saklamak i\u00e7in \u00e7erezleri ve benzer teknolojileri nas\u0131l kulland\u0131\u011f\u0131n\u0131 a\u00e7\u0131klamaktad\u0131r. 1. \u00c7erezler nedir? \u00c7erezler, bilgisayar\u0131n\u0131za yerle\u015ftirilen k\u00fc\u00e7\u00fck metin dosyalar\u0131d\u0131r [...]","protected":false},"author":1,"featured_media":0,"parent":0,"menu_order":0,"comment_status":"closed","ping_status":"closed","template":"","meta":{"footnotes":""},"acf":[],"_links":{"self":[{"href":"https:\/\/dincarchitect.com\/tr\/wp-json\/wp\/v2\/pages\/14208"}],"collection":[{"href":"https:\/\/dincarchitect.com\/tr\/wp-json\/wp\/v2\/pages"}],"about":[{"href":"https:\/\/dincarchitect.com\/tr\/wp-json\/wp\/v2\/types\/page"}],"author":[{"embeddable":true,"href":"https:\/\/dincarchitect.com\/tr\/wp-json\/wp\/v2\/users\/1"}],"replies":[{"embeddable":true,"href":"https:\/\/dincarchitect.com\/tr\/wp-json\/wp\/v2\/comments?post=14208"}],"version-history":[{"count":0,"href":"https:\/\/dincarchitect.com\/tr\/wp-json\/wp\/v2\/pages\/14208\/revisions"}],"wp:attachment":[{"href":"https:\/\/dincarchitect.com\/tr\/wp-json\/wp\/v2\/media?parent=14208"}],"curies":[{"name":"wp","href":"https:\/\/api.w.org\/{rel}","templated":true}]}}