{"id":14204,"date":"2023-06-12T21:38:01","date_gmt":"2023-06-12T21:38:01","guid":{"rendered":"https:\/\/dincarchitect.com\/?page_id=14204"},"modified":"2023-06-12T21:43:08","modified_gmt":"2023-06-12T21:43:08","slug":"data-security","status":"publish","type":"page","link":"https:\/\/dincarchitect.com\/tr\/veri-guvenligi\/","title":{"rendered":"Veri g\u00fcvenli\u011fi"},"content":{"rendered":"<section class=\"wpb-content-wrapper\"><div class=\"vc_row wpb_row vc_row-fluid vc_custom_1686439582595\"><div class=\"wpb_column vc_column_container vc_col-sm-12\"><div class=\"vc_column-inner\"><div class=\"wpb_wrapper\"><span class=\"subtitle dash-true style-dark text-default\">dincarchitect.com<\/span>\n\t<div class=\"wpb_text_column wpb_content_element\" >\n\t\t<div class=\"wpb_wrapper\">\n\t\t\t<h2 style=\"text-align: center;\">Veri g\u00fcvenli\u011fi<\/h2>\n\n\t\t<\/div>\n\t<\/div>\n<\/div><\/div><\/div><\/div><div class=\"vc_row wpb_row vc_row-fluid vc_custom_1686439565266\"><div class=\"wpb_column vc_column_container vc_col-sm-12\"><div class=\"vc_column-inner\"><div class=\"wpb_wrapper\">\n\t<div class=\"wpb_text_column wpb_content_element\" >\n\t\t<div class=\"wpb_wrapper\">\n\t\t\t<p><strong>VER\u0130 G\u00dcVENL\u0130\u011e\u0130 S\u00d6ZLE\u015eMES\u0130<\/strong><\/p>\n<p>\u0130\u015fbu Veri G\u00fcvenli\u011fi S\u00f6zle\u015fmesi (\u201cS\u00f6zle\u015fme\u201d), bundan sonra \u201c\u015eirket\u201d olarak an\u0131lacak olan DA Studio ile web sitesinin kullan\u0131c\u0131lar\u0131 aras\u0131nda akdedilmi\u015ftir. <a href=\"https:\/\/dincarchitect.com\/tr\/\" target=\"_new\" rel=\"noopener\">https:\/\/dincarchitect.com\/<\/a> (\u201cKullan\u0131c\u0131lar\u201d), toplu olarak \u201cTaraflar\u201d olarak an\u0131lacakt\u0131r.<\/p>\n<p><strong>1. Ama\u00e7 ve Kapsam<\/strong><\/p>\n<p>\u0130\u015fbu S\u00f6zle\u015fmenin amac\u0131, \u015eirket taraf\u0131ndan toplanan ve i\u015flenen Kullan\u0131c\u0131 verilerinin g\u00fcvenli\u011fini ve korunmas\u0131n\u0131 sa\u011flamak i\u00e7in h\u00fck\u00fcm ve ko\u015fullar\u0131 belirlemektir. Bu S\u00f6zle\u015fme, web sitesi ve \u015eirket taraf\u0131ndan sa\u011flanan ilgili hizmetler arac\u0131l\u0131\u011f\u0131yla toplanan t\u00fcm veriler i\u00e7in ge\u00e7erlidir.<\/p>\n<p><strong>2. Veri Toplama ve \u0130\u015fleme<\/strong><\/p>\n<p>\u015eirket, Kullan\u0131c\u0131lar\u0131n verilerini yaln\u0131zca talep edilen hizmetlerin sa\u011flanmas\u0131 ve kullan\u0131c\u0131 deneyiminin iyile\u015ftirilmesi amac\u0131yla toplayacak ve i\u015fleyecektir. Toplanan veri t\u00fcrleri, ki\u015fisel bilgileri, ileti\u015fim bilgilerini ve hizmetlerin sa\u011flanmas\u0131 i\u00e7in gerekli olan di\u011fer ilgili verileri i\u00e7erebilir.<\/p>\n<p><strong>3. Veri G\u00fcvenli\u011fi Tedbirleri<\/strong><\/p>\n<p>\u015eirket, Kullan\u0131c\u0131 verilerinin g\u00fcvenli\u011fini ve gizlili\u011fini sa\u011flamak i\u00e7in uygun teknik ve organizasyonel \u00f6nlemleri uygulayacakt\u0131r. Bu \u00f6nlemler, \u015fifreleme, eri\u015fim kontrolleri, g\u00fcvenlik duvarlar\u0131, d\u00fczenli veri yedeklemeleri ve veri korumaya ili\u015fkin \u00e7al\u0131\u015fan e\u011fitimini i\u00e7erebilir, ancak bunlarla s\u0131n\u0131rl\u0131 de\u011fildir.<\/p>\n<p><strong>4. Veri Kullan\u0131m\u0131 ve \u0130f\u015fas\u0131<\/strong><\/p>\n<p>\u015eirket, Kullan\u0131c\u0131lar\u0131n verilerini yaln\u0131zca bu S\u00f6zle\u015fmede belirtilen ama\u00e7lar i\u00e7in kullanacak ve bu t\u00fcr verileri, y\u00fcr\u00fcrl\u00fckteki yasa ve y\u00f6netmeliklerin gerektirdi\u011fi durumlar veya bunlara yan\u0131t olarak Kullan\u0131c\u0131lar\u0131n a\u00e7\u0131k r\u0131zas\u0131 olmaks\u0131z\u0131n \u00fc\u00e7\u00fcnc\u00fc \u015fah\u0131slara if\u015fa etmeyecek, satmayacak veya devretmeyecektir. yasal talepler<\/p>\n<p><strong>5. Kullan\u0131c\u0131 Haklar\u0131<\/strong><\/p>\n<p>Kullan\u0131c\u0131lar, \u015eirket taraf\u0131ndan tutulan ki\u015fisel verilerine eri\u015fme, bunlar\u0131 d\u00fczeltme ve silme hakk\u0131na sahiptir. Kullan\u0131c\u0131lar, bu haklar\u0131n\u0131, verilen e-posta adresi veya telefon numaras\u0131 arac\u0131l\u0131\u011f\u0131yla \u015eirket ile ileti\u015fime ge\u00e7erek kullanabilirler. \u015eirket, ge\u00e7erli veri koruma yasalar\u0131na uygun olarak bu t\u00fcr taleplere derhal yan\u0131t verecektir.<\/p>\n<p><strong>6. Veri \u0130hlal Bildirimi<\/strong><\/p>\n<p>Kullan\u0131c\u0131lar\u0131n verilerine yetkisiz eri\u015fim, kay\u0131p veya if\u015fa ile sonu\u00e7lanabilecek bir veri ihlali durumunda, \u015eirket ilgili yasal gerekliliklere uygun olarak etkilenen Kullan\u0131c\u0131lar\u0131 derhal bilgilendirecektir. \u015eirket, veri ihlalinin etkisini azaltmak ve gelecekteki olaylar\u0131 \u00f6nlemek i\u00e7in gerekli t\u00fcm \u00f6nlemleri alacakt\u0131r.<\/p>\n<p><strong>7. Uygulanacak Hukuk ve Yarg\u0131 Yetkisi<\/strong><\/p>\n<p>Bu S\u00f6zle\u015fme, DA Studio&#039;nun bulundu\u011fu yarg\u0131 b\u00f6lgesindeki yasalara tabi olacak ve bu yasalara g\u00f6re yorumlanacakt\u0131r. Bu S\u00f6zle\u015fmeden kaynaklanan veya bu S\u00f6zle\u015fmeyle ilgili herhangi bir ihtilaf, o yarg\u0131 alan\u0131ndaki mahkemelerin m\u00fcnhas\u0131r yarg\u0131 yetkisine tabi olacakt\u0131r.<\/p>\n<p><strong>8. S\u00f6zle\u015fmenin Tamam\u0131<\/strong><\/p>\n<p>Bu S\u00f6zle\u015fme, Taraflar aras\u0131ndaki buradaki konuyla ilgili t\u00fcm mutabakat\u0131 te\u015fkil eder ve bu konuyla ilgili yaz\u0131l\u0131 veya s\u00f6zl\u00fc \u00f6nceki t\u00fcm anla\u015fmalar\u0131n veya mutabakatlar\u0131n yerine ge\u00e7er.<\/p>\n<p>Kullan\u0131c\u0131lar, siteye eri\u015fim sa\u011flamakla ve siteyi kullanmakla i\u015fbu Veri G\u00fcvenli\u011fi S\u00f6zle\u015fmesi&#039;nde belirtilen h\u00fck\u00fcm ve ko\u015fullar\u0131 kabul ettiklerini beyan etmektedirler.<\/p>\n\n\t\t<\/div>\n\t<\/div>\n<\/div><\/div><\/div><\/div>\n<\/section>","protected":false},"excerpt":{"rendered":"dincarchitect.com Veri G\u00fcvenli\u011fi VER\u0130 G\u00dcVENL\u0130\u011e\u0130 S\u00d6ZLE\u015eMES\u0130 Bu Veri G\u00fcvenli\u011fi S\u00f6zle\u015fmesi (&quot;S\u00f6zle\u015fme&quot;) DA Studio (bundan b\u00f6yle &quot;\u015eirket&quot; olarak an\u0131lacakt\u0131r) ile https:\/\/dincarchitect.com\/ web sitesinin kullan\u0131c\u0131lar\u0131 (&quot;Kullan\u0131c\u0131lar&quot;) aras\u0131nda akdedilmi\u015ftir. ), topluca &quot;Taraflar&quot; olarak an\u0131lacakt\u0131r. 1. Ama\u00e7 ve Kapsam Bu Anla\u015fman\u0131n amac\u0131, [...]","protected":false},"author":1,"featured_media":0,"parent":0,"menu_order":0,"comment_status":"closed","ping_status":"closed","template":"","meta":{"footnotes":""},"acf":[],"_links":{"self":[{"href":"https:\/\/dincarchitect.com\/tr\/wp-json\/wp\/v2\/pages\/14204"}],"collection":[{"href":"https:\/\/dincarchitect.com\/tr\/wp-json\/wp\/v2\/pages"}],"about":[{"href":"https:\/\/dincarchitect.com\/tr\/wp-json\/wp\/v2\/types\/page"}],"author":[{"embeddable":true,"href":"https:\/\/dincarchitect.com\/tr\/wp-json\/wp\/v2\/users\/1"}],"replies":[{"embeddable":true,"href":"https:\/\/dincarchitect.com\/tr\/wp-json\/wp\/v2\/comments?post=14204"}],"version-history":[{"count":0,"href":"https:\/\/dincarchitect.com\/tr\/wp-json\/wp\/v2\/pages\/14204\/revisions"}],"wp:attachment":[{"href":"https:\/\/dincarchitect.com\/tr\/wp-json\/wp\/v2\/media?parent=14204"}],"curies":[{"name":"wp","href":"https:\/\/api.w.org\/{rel}","templated":true}]}}