{"id":14180,"date":"2023-06-12T20:57:53","date_gmt":"2023-06-12T20:57:53","guid":{"rendered":"https:\/\/dincarchitect.com\/?page_id=14180"},"modified":"2023-09-02T10:30:38","modified_gmt":"2023-09-02T10:30:38","slug":"360-panoramic-view","status":"publish","type":"page","link":"https:\/\/dincarchitect.com\/tr\/360-panoramik-gorunum\/","title":{"rendered":"360\u00b0 Panoramik G\u00f6r\u00fcn\u00fcm"},"content":{"rendered":"<section class=\"wpb-content-wrapper\"><div class=\"vc_row wpb_row vc_row-fluid vc_custom_1537429109529\"><div class=\"wpb_column vc_column_container vc_col-sm-6\"><div class=\"vc_column-inner\"><div class=\"wpb_wrapper\">\n<div class=\"vc_grid-container-wrapper vc_clearfix vc_grid-animation-fadeIn\">\n\t<div class=\"vc_grid-container vc_clearfix wpb_content_element vc_media_grid\" data-initial-loading-animation=\"fadeIn\" data-vc-grid-settings=\"{&quot;page_id&quot;:14180,&quot;style&quot;:&quot;all&quot;,&quot;action&quot;:&quot;vc_get_vc_grid_data&quot;,&quot;shortcode_id&quot;:&quot;1693650607655-38adbb2e-004d-10&quot;,&quot;tag&quot;:&quot;vc_media_grid&quot;}\" data-vc-request=\"https:\/\/dincarchitect.com\/wp-admin\/admin-ajax.php\" data-vc-post-id=\"14180\" data-vc-public-nonce=\"db103255f2\">\n\t\t\n\t<\/div>\n<\/div><\/div><\/div><\/div><div class=\"wpb_column vc_column_container vc_col-sm-6\"><div class=\"vc_column-inner vc_custom_1536840396834\"><div class=\"wpb_wrapper\"><span class=\"subtitle dash-true style-dark text-default\">DA St\u00fcdyosu<\/span>\n\t<div class=\"wpb_text_column wpb_content_element\" >\n\t\t<div class=\"wpb_wrapper\">\n\t\t\t<h2>360\u00b0 Panoramik G\u00f6r\u00fcn\u00fcm<\/h2>\n\n\t\t<\/div>\n\t<\/div>\n\n\t<div class=\"wpb_text_column wpb_content_element\" >\n\t\t<div class=\"wpb_wrapper\">\n\t\t\t<p>Alanlar\u0131n\u0131za hayat veren s\u00fcr\u00fckleyici ve etkile\u015fimli bir deneyim olan 360\u00b0 Panoramik G\u00f6r\u00fcn\u00fcm hizmetimiz ile tan\u0131\u015f\u0131n.<\/p>\n<p>360\u00b0 Panoramik G\u00f6r\u00fcn\u00fcm\u00fcm\u00fcz ile projelerinizi dinamik ve ilgi \u00e7ekici bir \u015fekilde sergileyebilirsiniz. Bu hizmet, kullan\u0131c\u0131lar\u0131n mekanlar\u0131n\u0131z\u0131 her a\u00e7\u0131dan ke\u015ffetmelerine olanak tan\u0131yarak, onlara ortamda fiziksel olarak var olduklar\u0131na dair ger\u00e7ek\u00e7i bir his verir. 360\u00b0 Panoramik G\u00f6r\u00fcn\u00fcm\u00fcm\u00fcz, ister konut, ister ticari kurulu\u015f veya ba\u015fka t\u00fcrde bir alan olsun, g\u00f6rsel sunumlar\u0131n\u0131za ekstra bir etkile\u015fim katman\u0131 ve s\u00fcr\u00fckleyicilik katar.<\/p>\n<p>Her alan\u0131n 360\u00b0 Panoramik G\u00f6r\u00fcn\u00fcm\u00fc, 3B g\u00f6r\u00fcn\u00fcmlerimizle sorunsuz bir \u015fekilde entegre edilebilir ve izleyicileriniz i\u00e7in kapsaml\u0131 ve b\u00fcy\u00fcleyici bir deneyim sunar. 3D g\u00f6rselle\u015ftirmelerimizin derinli\u011fini ve detay\u0131n\u0131 360\u00b0 Panoramik G\u00f6r\u00fcn\u00fcm\u00fcn etkile\u015fimli do\u011fas\u0131yla birle\u015ftirerek, alanlar\u0131n\u0131z\u0131n benzersiz \u00f6zelliklerini ve tasar\u0131m \u00f6\u011felerini etkili bir \u015fekilde iletebilirsiniz.<\/p>\n<p>En y\u00fcksek kalite ve do\u011frulu\u011fu sa\u011flamak i\u00e7in ekibimiz panoramik g\u00f6r\u00fcnt\u00fcleri yakalamak ve i\u015flemek i\u00e7in geli\u015fmi\u015f teknolojiler ve teknikler kullan\u0131r. \u0130zleyicilerin alan\u0131 kendi h\u0131zlar\u0131nda yak\u0131nla\u015ft\u0131rmas\u0131na, d\u00f6nd\u00fcrmesine ve ke\u015ffetmesine izin vererek ayr\u0131nt\u0131lara b\u00fcy\u00fck \u00f6zen g\u00f6steriyoruz. Bu etkile\u015fim d\u00fczeyi yaln\u0131zca kullan\u0131c\u0131 deneyimini geli\u015ftirmekle kalmaz, ayn\u0131 zamanda potansiyel m\u00fc\u015fterilerin, yat\u0131r\u0131mc\u0131lar\u0131n veya al\u0131c\u0131lar\u0131n sanal ke\u015fiflerine dayal\u0131 olarak bilin\u00e7li kararlar almalar\u0131na olanak tan\u0131r.<\/p>\n<p>360\u00b0 Panoramik G\u00f6r\u00fcn\u00fcm hizmetimizin fiyatland\u0131rmas\u0131n\u0131n, 3D g\u00f6r\u00fcn\u00fcmlerimizin maliyetinden ayr\u0131 oldu\u011funu l\u00fctfen unutmay\u0131n. Dahil etmek istedi\u011finiz alan say\u0131s\u0131na ve projenin karma\u015f\u0131kl\u0131\u011f\u0131na g\u00f6re size \u00f6zel bir fiyat teklifi verebiliriz.<\/p>\n<p>360\u00b0 Panoramik G\u00f6r\u00fcn\u00fcm hizmetimiz hakk\u0131nda daha fazla bilgi edinmek ve g\u00f6rsel sunumlar\u0131n\u0131z\u0131 nas\u0131l iyile\u015ftirebilece\u011fini tart\u0131\u015fmak i\u00e7in bug\u00fcn bize ula\u015f\u0131n. Kitlenizi b\u00fcy\u00fcleyen ve alanlar\u0131n\u0131z\u0131 m\u00fcmk\u00fcn olan en iyi \u015fekilde sergileyen s\u00fcr\u00fckleyici ve ilgi \u00e7ekici deneyimler sunmaya kendimizi adad\u0131k.<\/p>\n\n\t\t<\/div>\n\t<\/div>\n<\/div><\/div><\/div><\/div><div data-vc-full-width=\"true\" data-vc-full-width-init=\"false\" class=\"vc_row wpb_row vc_row-fluid spaced vc_custom_1686586247876 vc_row-has-fill\"><div class=\"wpb_column vc_column_container vc_col-sm-12\"><div class=\"vc_column-inner\"><div class=\"wpb_wrapper\"><span class=\"subtitle dash-false style-dark text-center\">Biz nas\u0131l \u00e7al\u0131\u015f\u0131r\u0131z<\/span>\n\t<div class=\"wpb_text_column wpb_content_element\" >\n\t\t<div class=\"wpb_wrapper\">\n\t\t\t<h2 style=\"text-align: center;\"><span style=\"color: #e37218;\"><strong>Verimli Proje <\/strong><\/span><strong>Ola\u011fan\u00fcst\u00fc Sonu\u00e7 i\u00e7in \u0130\u015f Ak\u0131\u015f\u0131<\/strong><\/h2>\n\n\t\t<\/div>\n\t<\/div>\n<div class=\"dash style-dark centered\"><\/div><div class=\"vc_row wpb_row vc_inner vc_row-fluid vc_custom_1538383845636\"><div class=\"wpb_column vc_column_container vc_col-sm-3\"><div class=\"vc_column-inner\"><div class=\"wpb_wrapper\"><div class=\"number-box style-default spacing-30\"><div class=\"number-box-number\">01<\/div><div class=\"content-box\"><div class=\"content-box-info\"><h3>T\u00fcm Proje Belgelerini G\u00f6nder<\/h3><p class=\"number-box-content\">Kapsaml\u0131 bir inceleme ve analiz i\u00e7in l\u00fctfen ilgili t\u00fcm proje belgelerini bize g\u00f6nderin.<\/p><\/div><\/div><\/div><\/div><\/div><\/div><div class=\"wpb_column vc_column_container vc_col-sm-3\"><div class=\"vc_column-inner\"><div class=\"wpb_wrapper\"><div class=\"number-box style-default spacing-30\"><div class=\"number-box-number\">02<\/div><div class=\"content-box\"><div class=\"content-box-info\"><h3>H\u0131zl\u0131 ve \u00dccretsiz Proje De\u011ferlendirmesi<\/h3><p class=\"number-box-content\">Projenizi dikkatlice inceleyece\u011fiz ve size h\u0131zl\u0131 ve tamamlay\u0131c\u0131 bir yan\u0131t verece\u011fiz.<\/p><\/div><\/div><\/div><\/div><\/div><\/div><div class=\"wpb_column vc_column_container vc_col-sm-3\"><div class=\"vc_column-inner\"><div class=\"wpb_wrapper\"><div class=\"number-box style-default spacing-30\"><div class=\"number-box-number\">03<\/div><div class=\"content-box\"><div class=\"content-box-info\"><h3>Onay \u00dczerine Demo Teslimat\u0131<\/h3><p class=\"number-box-content\">Onay\u0131n\u0131z\u0131 ald\u0131ktan sonra, projeyi hemen ba\u015flataca\u011f\u0131z ve incelemeniz i\u00e7in size bir demo g\u00f6nderece\u011fiz.<\/p><\/div><\/div><\/div><\/div><\/div><\/div><div class=\"wpb_column vc_column_container vc_col-sm-3\"><div class=\"vc_column-inner\"><div class=\"wpb_wrapper\"><div class=\"number-box style-default spacing-30\"><div class=\"number-box-number\">04<\/div><div class=\"content-box\"><div class=\"content-box-info\"><h3>\u00d6deme ve Son Teslimat<\/h3><p class=\"number-box-content\">Projeyi onaylad\u0131\u011f\u0131n\u0131zda, \u00f6demeyi yap\u0131n ve \u00e7\u0131kt\u0131lar\u0131n son halini al\u0131n.<\/p><\/div><\/div><\/div><\/div><\/div><\/div><\/div><\/div><\/div><\/div><\/div><div class=\"vc_row-full-width vc_clearfix\"><\/div><div class=\"vc_row wpb_row vc_row-fluid vc_custom_1534242606416\"><div class=\"animate wpb_column vc_column_container vc_col-sm-12\"><div class=\"vc_column-inner\"><div class=\"wpb_wrapper\">\n\t<div class=\"wpb_text_column wpb_content_element  vc_custom_1686677450596\" >\n\t\t<div class=\"wpb_wrapper\">\n\t\t\t<h2 style=\"text-align: center;\"><span style=\"color: #e37218;\"><strong>Di\u011fer Hizmetlerimiz<\/strong><\/span><\/h2>\n\n\t\t<\/div>\n\t<\/div>\n<div class=\"dash style-dark centered\"><\/div>\n\t<div class=\"wpb_raw_code wpb_content_element wpb_raw_html\" >\n\t\t<div class=\"wpb_wrapper\">\n\t\t\t<!-- Birinci hizmet \u00f6\u011fesi -->\n<div id=\"hizmet1\" class=\"wpb_column vc_column_container vc_col-sm-3\">\n<div class=\"vc_column-inner\">\n<div class=\"wpb_wrapper\">\n<div class=\"content-box service-item alignment-default service-box-gray spacing-30\">\n<div class=\"image-container\">\n<div class=\"vertical-number-box\"><span class=\"vertical-number\">01<\/span><\/div>\n<div class=\"arrow-box\"><\/div>\n<img decoding=\"async\" src=\"https:\/\/dincarchitect.com\/wp-content\/uploads\/2023\/06\/dastudio-service-1.jpg\" alt=\"Mimari\" width=\"360\" height=\"500\" \/>\n\n<\/div>\n<div class=\"content-box-info\">\n<div class=\"box-heading-container\">\n<div class=\"box-heading\"><strong>Basit Alan<\/strong><\/div>\n<div class=\"price-info-container\"><span class=\"price-info\" style=\"color: #e37218; font-size: 16px;\">49 \u20ac<\/span><\/div>\n<\/div>\n<div style=\"text-align: justify; margin-top: 10px;\">Yatak odas\u0131, ofis, giri\u015f hol\u00fc, standart banyo, k\u00fc\u00e7\u00fck vitrin...<\/div>\n<div class=\"content-description\"><\/div>\n<div class=\"btn-read-more\"><a style=\"color: #e37218;\" href=\"https:\/\/dincarchitect.com\/tr\/basit-uzay\/\">Daha fazla bilgi edin<\/a><\/div>\n<\/div>\n<\/div>\n<\/div>\n<\/div>\n<\/div>\n\n<!-- Onalt\u0131nc\u0131 hizmet \u00f6\u011fesi -->\n<div class=\"wpb_column vc_column_container vc_col-sm-3\">\n<div class=\"vc_column-inner\">\n<div class=\"wpb_wrapper\">\n<div class=\"content-box service-item alignment-default service-box-gray spacing-30\">\n<div class=\"image-container\">\n<div class=\"vertical-number-box\"><span class=\"vertical-number\">16<\/span><\/div>\n<div class=\"arrow-box\"><\/div>\n<img decoding=\"async\" src=\"https:\/\/dincarchitect.com\/wp-content\/uploads\/2023\/06\/dastudio-service-16.jpg\" alt=\"Mimari\" width=\"360\" height=\"500\" \/>\n\n<\/div>\n<div class=\"content-box-info\">\n<div class=\"box-heading-container\">\n<div class=\"box-heading\"><strong>kopya<\/strong><\/div>\n<div class=\"price-info-container\"><span class=\"price-info\" style=\"color: #e37218; font-size: 16px;\">50 %<\/span><\/div>\n<\/div>\n<div style=\"text-align: justify; margin-top: 10px;\">\n\nAyn\u0131 lokasyonun farkl\u0131 a\u00e7\u0131lardan renderlar\u0131, T\u00fcm fiyatlar\u0131m\u0131za eklenecek ek \u00fccret.\n\n<\/div>\n<div class=\"content-description\"><\/div>\n<div class=\"btn-read-more\"><a style=\"color: #e37218;\" href=\"https:\/\/dincarchitect.com\/tr\/kopya\/\">Daha fazla bilgi edin<\/a><\/div>\n<\/div>\n<\/div>\n<\/div>\n<\/div>\n<\/div>\n\n<!-- Yedinci hizmet \u00f6\u011fesi -->\n<div class=\"wpb_column vc_column_container vc_col-sm-3\">\n<div class=\"vc_column-inner\">\n<div class=\"wpb_wrapper\">\n<div class=\"content-box service-item alignment-default service-box-gray spacing-30\">\n<div class=\"image-container\">\n<div class=\"vertical-number-box\"><span class=\"vertical-number\">07<\/span><\/div>\n<div class=\"arrow-box\"><\/div>\n<img decoding=\"async\" src=\"https:\/\/dincarchitect.com\/wp-content\/uploads\/2023\/06\/dastudio-service-7.jpg\" alt=\"Mimari\" width=\"360\" height=\"500\" \/>\n\n<\/div>\n<div class=\"content-box-info\">\n<div class=\"box-heading-container\">\n<div class=\"box-heading\"><strong>Foto\u011fraf Montaj\u0131<\/strong><\/div>\n<div class=\"price-info-container\"><span class=\"price-info\" style=\"color: #e37218; font-size: 16px;\">149 \u20ac<\/span><\/div>\n<\/div>\n<div style=\"text-align: justify; margin-top: 10px;\">\n\nD\u0131\u015f cepheli veya d\u0131\u015f cephesiz m\u00fcstakil ev...\n\n<\/div>\n<div class=\"content-description\"><\/div>\n<div class=\"btn-read-more\"><a style=\"color: #e37218;\" href=\"https:\/\/dincarchitect.com\/tr\/fotomontaj\/\">Daha fazla bilgi edin<\/a><\/div>\n<\/div>\n<\/div>\n<\/div>\n<\/div>\n<\/div>\n\n\n<!-- Dokuzuncu hizmet \u00f6\u011fesi -->\n<div class=\"wpb_column vc_column_container vc_col-sm-3\">\n<div class=\"vc_column-inner\">\n<div class=\"wpb_wrapper\">\n<div class=\"content-box service-item alignment-default service-box-gray spacing-30\">\n<div class=\"image-container\">\n<div class=\"vertical-number-box\"><span class=\"vertical-number\">09<\/span><\/div>\n<div class=\"arrow-box\"><\/div>\n<img decoding=\"async\" src=\"https:\/\/dincarchitect.com\/wp-content\/uploads\/2023\/06\/dastudio-service-9.jpg\" alt=\"Mimari\" width=\"360\" height=\"500\" \/>\n\n<\/div>\n<div class=\"content-box-info\">\n<div class=\"box-heading-container\">\n<div class=\"box-heading\"><strong>1. film<\/strong><\/div>\n<div class=\"price-info-container\"><span class=\"price-info\" style=\"color: #e37218; font-size: 16px;\">399 \u20ac<\/span><\/div>\n<\/div>\n<div style=\"text-align: justify; margin-top: 10px;\">\n\n1 dakikadan az s\u00fcren bir film paketi...\n\n<\/div>\n<div class=\"content-description\"><\/div>\n<div class=\"btn-read-more\"><a style=\"color: #e37218;\" href=\"https:\/\/dincarchitect.com\/tr\/film-1-dakika\/\">Daha fazla bilgi edin<\/a><\/div>\n<\/div>\n<\/div>\n<\/div>\n<\/div>\n<\/div>\n\t\t<\/div>\n\t<\/div>\n<\/div><\/div><\/div><\/div>\n<\/section>","protected":false},"excerpt":{"rendered":"DA Studio 360\u00b0 Panoramik G\u00f6r\u00fcn\u00fcm Alanlar\u0131n\u0131za hayat veren s\u00fcr\u00fckleyici ve etkile\u015fimli bir deneyim olan 360\u00b0 Panoramik G\u00f6r\u00fcn\u00fcm hizmetimizle tan\u0131\u015f\u0131n. 360\u00b0 Panoramik G\u00f6r\u00fcn\u00fcm\u00fcm\u00fczle projelerinizi dinamik ve ilgi \u00e7ekici bir \u015fekilde sergileyebilirsiniz. Bu hizmet, kullan\u0131c\u0131lar\u0131n mekanlar\u0131n\u0131z\u0131 her a\u00e7\u0131dan ke\u015ffetmelerine olanak tan\u0131yarak onlara ger\u00e7ek\u00e7i bir [...]","protected":false},"author":1,"featured_media":10877,"parent":0,"menu_order":0,"comment_status":"closed","ping_status":"closed","template":"","meta":{"footnotes":""},"acf":[],"_links":{"self":[{"href":"https:\/\/dincarchitect.com\/tr\/wp-json\/wp\/v2\/pages\/14180"}],"collection":[{"href":"https:\/\/dincarchitect.com\/tr\/wp-json\/wp\/v2\/pages"}],"about":[{"href":"https:\/\/dincarchitect.com\/tr\/wp-json\/wp\/v2\/types\/page"}],"author":[{"embeddable":true,"href":"https:\/\/dincarchitect.com\/tr\/wp-json\/wp\/v2\/users\/1"}],"replies":[{"embeddable":true,"href":"https:\/\/dincarchitect.com\/tr\/wp-json\/wp\/v2\/comments?post=14180"}],"version-history":[{"count":0,"href":"https:\/\/dincarchitect.com\/tr\/wp-json\/wp\/v2\/pages\/14180\/revisions"}],"wp:featuredmedia":[{"embeddable":true,"href":"https:\/\/dincarchitect.com\/tr\/wp-json\/wp\/v2\/media\/10877"}],"wp:attachment":[{"href":"https:\/\/dincarchitect.com\/tr\/wp-json\/wp\/v2\/media?parent=14180"}],"curies":[{"name":"wp","href":"https:\/\/api.w.org\/{rel}","templated":true}]}}