{"id":14166,"date":"2023-06-12T20:53:32","date_gmt":"2023-06-12T20:53:32","guid":{"rendered":"https:\/\/dincarchitect.com\/?page_id=14166"},"modified":"2023-09-02T09:35:34","modified_gmt":"2023-09-02T09:35:34","slug":"film-1-minute","status":"publish","type":"page","link":"https:\/\/dincarchitect.com\/tr\/film-1-dakika\/","title":{"rendered":"Film 1 Dakika"},"content":{"rendered":"<section class=\"wpb-content-wrapper\"><div class=\"vc_row wpb_row vc_row-fluid vc_custom_1537429109529\"><div class=\"wpb_column vc_column_container vc_col-sm-6\"><div class=\"vc_column-inner\"><div class=\"wpb_wrapper\">\n<div class=\"vc_grid-container-wrapper vc_clearfix vc_grid-animation-fadeIn\">\n\t<div class=\"vc_grid-container vc_clearfix wpb_content_element vc_media_grid\" data-initial-loading-animation=\"fadeIn\" data-vc-grid-settings=\"{&quot;page_id&quot;:14166,&quot;style&quot;:&quot;all&quot;,&quot;action&quot;:&quot;vc_get_vc_grid_data&quot;,&quot;shortcode_id&quot;:&quot;1693647217863-66a61a78-84da-2&quot;,&quot;tag&quot;:&quot;vc_media_grid&quot;}\" data-vc-request=\"https:\/\/dincarchitect.com\/wp-admin\/admin-ajax.php\" data-vc-post-id=\"14166\" data-vc-public-nonce=\"db103255f2\">\n\t\t\n\t<\/div>\n<\/div><\/div><\/div><\/div><div class=\"wpb_column vc_column_container vc_col-sm-6\"><div class=\"vc_column-inner vc_custom_1536840396834\"><div class=\"wpb_wrapper\"><span class=\"subtitle dash-true style-dark text-default\">DA St\u00fcdyosu<\/span>\n\t<div class=\"wpb_text_column wpb_content_element\" >\n\t\t<div class=\"wpb_wrapper\">\n\t\t\t<h2>Film 1 Dakika<\/h2>\n\n\t\t<\/div>\n\t<\/div>\n\n\t<div class=\"wpb_text_column wpb_content_element\" >\n\t\t<div class=\"wpb_wrapper\">\n\t\t\t<p>B\u00fcy\u00fcleyici video sunumlar\u0131yla mimari \u00e7izimlerinizi hayata ge\u00e7irdi\u011fimiz Film D\u00f6n\u00fc\u015ft\u00fcrme hizmetimizle tan\u0131\u015f\u0131n.<\/p>\n<p>Film D\u00f6n\u00fc\u015ft\u00fcrme hizmetimiz ile mevcut mimari \u00e7izimlerinizi al\u0131p dinamik ve g\u00f6rsel olarak ilgi \u00e7ekici videolara d\u00f6n\u00fc\u015ft\u00fcr\u00fcyoruz. Hareket, derinlik ve ger\u00e7ek\u00e7i dokular ekleyerek izleyicinin deneyimini geli\u015ftirerek kendilerini tasar\u0131m konseptine tamamen kapt\u0131rmalar\u0131n\u0131 sa\u011fl\u0131yoruz.<\/p>\n<p>Animat\u00f6r ve g\u00f6rsel efekt sanat\u00e7\u0131lar\u0131ndan olu\u015fan yetenekli ekibimiz, mimari \u00e7izimlerinizi dijital ortamda titizlikle yeniden yarat\u0131r ve tasar\u0131mlar\u0131n\u0131za hayat verir. Malzemeler ve ayd\u0131nlatmadan mekansal d\u00fczen ve ambiyansa kadar her detay\u0131n do\u011fru bir \u015fekilde temsil edilmesini sa\u011flamak i\u00e7in geli\u015fmi\u015f teknikler ve son teknoloji yaz\u0131l\u0131mlar kullan\u0131yoruz.<\/p>\n<p>Film D\u00f6n\u00fc\u015ft\u00fcrme hizmetimiz arac\u0131l\u0131\u011f\u0131yla izleyicileriniz, mimari vizyonunuzun sanal bir turunu deneyimleyerek mekan\u0131, i\u015flevselli\u011fini ve estetik \u00e7ekicili\u011fini daha iyi anlayabilir. Tasar\u0131mlar\u0131n\u0131z\u0131 m\u00fc\u015fterilere, yat\u0131r\u0131mc\u0131lara veya payda\u015flara sergilemenin, kal\u0131c\u0131 bir izlenim b\u0131rakman\u0131n ve yarat\u0131c\u0131 vizyonunuzu net bir \u015fekilde aktarman\u0131n etkili bir yoludur.<\/p>\n<p>\u0130ster konut projeleri, ister ticari alanlar veya b\u00fcy\u00fck \u00f6l\u00e7ekli geli\u015ftirmeler \u00fczerinde \u00e7al\u0131\u015f\u0131yor olun, Film D\u00f6n\u00fc\u015ft\u00fcrme hizmetimiz fikirlerinizi daha etkili bir \u015fekilde iletmenize ve mimari tasar\u0131mlar\u0131n\u0131z\u0131 hayata ge\u00e7iren ilgi \u00e7ekici bir g\u00f6rsel anlat\u0131m olu\u015fturman\u0131za yard\u0131mc\u0131 olabilir.<\/p>\n<p>Film D\u00f6n\u00fc\u015ft\u00fcrme hizmetimiz hakk\u0131nda daha fazla bilgi edinmek ve mimari \u00e7izimlerinizi kal\u0131c\u0131 bir etki b\u0131rakan b\u00fcy\u00fcleyici video sunumlar\u0131na nas\u0131l d\u00f6n\u00fc\u015ft\u00fcrebilece\u011fimizi ke\u015ffetmek i\u00e7in bug\u00fcn bize ula\u015f\u0131n.<\/p>\n\n\t\t<\/div>\n\t<\/div>\n<\/div><\/div><\/div><\/div><div data-vc-full-width=\"true\" data-vc-full-width-init=\"false\" class=\"vc_row wpb_row vc_row-fluid spaced vc_custom_1686586247876 vc_row-has-fill\"><div class=\"wpb_column vc_column_container vc_col-sm-12\"><div class=\"vc_column-inner\"><div class=\"wpb_wrapper\"><span class=\"subtitle dash-false style-dark text-center\">Biz nas\u0131l \u00e7al\u0131\u015f\u0131r\u0131z<\/span>\n\t<div class=\"wpb_text_column wpb_content_element\" >\n\t\t<div class=\"wpb_wrapper\">\n\t\t\t<h2 style=\"text-align: center;\"><span style=\"color: #e37218;\"><strong>Verimli Proje <\/strong><\/span><strong>Ola\u011fan\u00fcst\u00fc Sonu\u00e7 i\u00e7in \u0130\u015f Ak\u0131\u015f\u0131<\/strong><\/h2>\n\n\t\t<\/div>\n\t<\/div>\n<div class=\"dash style-dark centered\"><\/div><div class=\"vc_row wpb_row vc_inner vc_row-fluid vc_custom_1538383845636\"><div class=\"wpb_column vc_column_container vc_col-sm-3\"><div class=\"vc_column-inner\"><div class=\"wpb_wrapper\"><div class=\"number-box style-default spacing-30\"><div class=\"number-box-number\">01<\/div><div class=\"content-box\"><div class=\"content-box-info\"><h3>T\u00fcm Proje Belgelerini G\u00f6nder<\/h3><p class=\"number-box-content\">Kapsaml\u0131 bir inceleme ve analiz i\u00e7in l\u00fctfen ilgili t\u00fcm proje belgelerini bize g\u00f6nderin.<\/p><\/div><\/div><\/div><\/div><\/div><\/div><div class=\"wpb_column vc_column_container vc_col-sm-3\"><div class=\"vc_column-inner\"><div class=\"wpb_wrapper\"><div class=\"number-box style-default spacing-30\"><div class=\"number-box-number\">02<\/div><div class=\"content-box\"><div class=\"content-box-info\"><h3>H\u0131zl\u0131 ve \u00dccretsiz Proje De\u011ferlendirmesi<\/h3><p class=\"number-box-content\">Projenizi dikkatlice inceleyece\u011fiz ve size h\u0131zl\u0131 ve tamamlay\u0131c\u0131 bir yan\u0131t verece\u011fiz.<\/p><\/div><\/div><\/div><\/div><\/div><\/div><div class=\"wpb_column vc_column_container vc_col-sm-3\"><div class=\"vc_column-inner\"><div class=\"wpb_wrapper\"><div class=\"number-box style-default spacing-30\"><div class=\"number-box-number\">03<\/div><div class=\"content-box\"><div class=\"content-box-info\"><h3>Onay \u00dczerine Demo Teslimat\u0131<\/h3><p class=\"number-box-content\">Onay\u0131n\u0131z\u0131 ald\u0131ktan sonra, projeyi hemen ba\u015flataca\u011f\u0131z ve incelemeniz i\u00e7in size bir demo g\u00f6nderece\u011fiz.<\/p><\/div><\/div><\/div><\/div><\/div><\/div><div class=\"wpb_column vc_column_container vc_col-sm-3\"><div class=\"vc_column-inner\"><div class=\"wpb_wrapper\"><div class=\"number-box style-default spacing-30\"><div class=\"number-box-number\">04<\/div><div class=\"content-box\"><div class=\"content-box-info\"><h3>\u00d6deme ve Son Teslimat<\/h3><p class=\"number-box-content\">Projeyi onaylad\u0131\u011f\u0131n\u0131zda, \u00f6demeyi yap\u0131n ve \u00e7\u0131kt\u0131lar\u0131n son halini al\u0131n.<\/p><\/div><\/div><\/div><\/div><\/div><\/div><\/div><\/div><\/div><\/div><\/div><div class=\"vc_row-full-width vc_clearfix\"><\/div><div class=\"vc_row wpb_row vc_row-fluid vc_custom_1534242606416\"><div class=\"animate wpb_column vc_column_container vc_col-sm-12\"><div class=\"vc_column-inner\"><div class=\"wpb_wrapper\">\n\t<div class=\"wpb_text_column wpb_content_element  vc_custom_1686677312069\" >\n\t\t<div class=\"wpb_wrapper\">\n\t\t\t<h2 style=\"text-align: center;\"><span style=\"color: #e37218;\"><strong>Di\u011fer Hizmetlerimiz<\/strong><\/span><\/h2>\n\n\t\t<\/div>\n\t<\/div>\n<div class=\"dash style-dark centered\"><\/div>\n\t<div class=\"wpb_raw_code wpb_content_element wpb_raw_html\" >\n\t\t<div class=\"wpb_wrapper\">\n\t\t\t<!-- Alt\u0131nc\u0131 hizmet \u00f6\u011fesi -->\n<div class=\"wpb_column vc_column_container vc_col-sm-3\">\n<div class=\"vc_column-inner\">\n<div class=\"wpb_wrapper\">\n<div class=\"content-box service-item alignment-default service-box-gray spacing-30\">\n<div class=\"image-container\">\n<div class=\"vertical-number-box\"><span class=\"vertical-number\">06<\/span><\/div>\n<div class=\"arrow-box\"><\/div>\n<img decoding=\"async\" src=\"https:\/\/dincarchitect.com\/wp-content\/uploads\/2023\/06\/dastudio-service-6.jpg\" alt=\"Mimari\" width=\"360\" height=\"500\" \/>\n\n<\/div>\n<div class=\"content-box-info\">\n<div class=\"box-heading-container\">\n<div class=\"box-heading\"><strong>Toplu Bina<\/strong><\/div>\n<div class=\"price-info-container\"><span class=\"price-info\" style=\"color: #e37218; font-size: 16px;\">199 \u20ac<\/span><\/div>\n<\/div>\n<div style=\"text-align: justify; margin-top: 10px;\">\n\nKonut, ticari binalar, depolar vb.\n\n<\/div>\n<div class=\"content-description\"><\/div>\n<div class=\"btn-read-more\"><a style=\"color: #e37218;\" href=\"https:\/\/dincarchitect.com\/tr\/kolektif-bina\/\">Daha fazla bilgi edin<\/a><\/div>\n<\/div>\n<\/div>\n<\/div>\n<\/div>\n<\/div>\n\n<!-- Yedinci hizmet \u00f6\u011fesi -->\n<div class=\"wpb_column vc_column_container vc_col-sm-3\">\n<div class=\"vc_column-inner\">\n<div class=\"wpb_wrapper\">\n<div class=\"content-box service-item alignment-default service-box-gray spacing-30\">\n<div class=\"image-container\">\n<div class=\"vertical-number-box\"><span class=\"vertical-number\">07<\/span><\/div>\n<div class=\"arrow-box\"><\/div>\n<img decoding=\"async\" src=\"https:\/\/dincarchitect.com\/wp-content\/uploads\/2023\/06\/dastudio-service-7.jpg\" alt=\"Mimari\" width=\"360\" height=\"500\" \/>\n\n<\/div>\n<div class=\"content-box-info\">\n<div class=\"box-heading-container\">\n<div class=\"box-heading\"><strong>Foto\u011fraf Montaj\u0131<\/strong><\/div>\n<div class=\"price-info-container\"><span class=\"price-info\" style=\"color: #e37218; font-size: 16px;\">149 \u20ac<\/span><\/div>\n<\/div>\n<div style=\"text-align: justify; margin-top: 10px;\">\n\nD\u0131\u015f cepheli veya d\u0131\u015f cephesiz m\u00fcstakil ev...\n\n<\/div>\n<div class=\"content-description\"><\/div>\n<div class=\"btn-read-more\"><a style=\"color: #e37218;\" href=\"https:\/\/dincarchitect.com\/tr\/fotomontaj\/\">Daha fazla bilgi edin<\/a><\/div>\n<\/div>\n<\/div>\n<\/div>\n<\/div>\n<\/div>\n\n<!-- Sekizinci hizmet \u00f6\u011fesi -->\n<div class=\"wpb_column vc_column_container vc_col-sm-3\">\n<div class=\"vc_column-inner\">\n<div class=\"wpb_wrapper\">\n<div class=\"content-box service-item alignment-default service-box-gray spacing-30\">\n<div class=\"image-container\">\n<div class=\"vertical-number-box\"><span class=\"vertical-number\">08<\/span><\/div>\n<div class=\"arrow-box\"><\/div>\n<img decoding=\"async\" src=\"https:\/\/dincarchitect.com\/wp-content\/uploads\/2023\/06\/dastudio-service-8.jpg\" alt=\"Mimari\" width=\"360\" height=\"500\" \/>\n\n<\/div>\n<div class=\"content-box-info\">\n<div class=\"box-heading-container\">\n<div class=\"box-heading\"><strong>Foto\u011fraf Montaj\u0131<\/strong><\/div>\n<div class=\"price-info-container\"><span class=\"price-info\" style=\"color: #e37218; font-size: 16px;\">199 \u20ac<\/span><\/div>\n<\/div>\n<div style=\"text-align: justify; margin-top: 10px;\">\n\nD\u0131\u015f cepheli veya cephesiz m\u00fcstakil bina...\n\n<\/div>\n<div class=\"content-description\"><\/div>\n<div class=\"btn-read-more\"><a style=\"color: #e37218;\" href=\"https:\/\/dincarchitect.com\/tr\/foto-montaj-2\/\">Daha fazla bilgi edin<\/a><\/div>\n<div><\/div>\n<\/div>\n<\/div>\n<\/div>\n<\/div>\n<\/div>\n\n<!-- Onikinci hizmet \u00f6\u011fesi -->\n<div class=\"wpb_column vc_column_container vc_col-sm-3\">\n<div class=\"vc_column-inner\">\n<div class=\"wpb_wrapper\">\n<div class=\"content-box service-item alignment-default service-box-gray spacing-30\">\n<div class=\"image-container\">\n<div class=\"vertical-number-box\"><span class=\"vertical-number\">12<\/span><\/div>\n<div class=\"arrow-box\"><\/div>\n<img decoding=\"async\" src=\"https:\/\/dincarchitect.com\/wp-content\/uploads\/2023\/06\/dastudio-service-12.jpg\" alt=\"Mimari\" width=\"360\" height=\"500\" \/>\n\n<\/div>\n<div class=\"content-box-info\">\n<div class=\"box-heading-container\">\n<div class=\"box-heading\"><strong>2d plan\u0131<\/strong><\/div>\n<div class=\"price-info-container\"><span class=\"price-info\" style=\"color: #e37218; font-size: 16px;\">29 \u20ac<\/span><\/div>\n<\/div>\n<div style=\"text-align: justify; margin-top: 10px;\">\n\nHer kat i\u00e7in 2d plan...\n\n<\/div>\n<div class=\"content-description\"><\/div>\n<div class=\"btn-read-more\"><a style=\"color: #e37218;\" href=\"https:\/\/dincarchitect.com\/tr\/plan-2d\/\">Daha fazla bilgi edin<\/a><\/div>\n<div><\/div>\n<\/div>\n<\/div>\n<\/div>\n<\/div>\n<\/div>\n\t\t<\/div>\n\t<\/div>\n<\/div><\/div><\/div><\/div>\n<\/section>","protected":false},"excerpt":{"rendered":"DA Studio Film 1 Dakika B\u00fcy\u00fcleyici video sunumlar\u0131yla mimari \u00e7izimlerinize hayat verdi\u011fimiz Film D\u00f6n\u00fc\u015ft\u00fcrme hizmetimizle tan\u0131\u015f\u0131n. Film D\u00f6n\u00fc\u015ft\u00fcrme hizmetimiz ile mevcut mimari \u00e7izimlerinizi al\u0131p dinamik ve g\u00f6rsel a\u00e7\u0131dan ilgi \u00e7ekici videolara d\u00f6n\u00fc\u015ft\u00fcr\u00fcyoruz. Hareket, derinlik ve ger\u00e7ek\u00e7i dokular ekleyerek izleyicinin deneyimini geli\u015ftiriyoruz, b\u00f6ylece [...]","protected":false},"author":1,"featured_media":10877,"parent":0,"menu_order":0,"comment_status":"closed","ping_status":"closed","template":"","meta":{"footnotes":""},"acf":[],"_links":{"self":[{"href":"https:\/\/dincarchitect.com\/tr\/wp-json\/wp\/v2\/pages\/14166"}],"collection":[{"href":"https:\/\/dincarchitect.com\/tr\/wp-json\/wp\/v2\/pages"}],"about":[{"href":"https:\/\/dincarchitect.com\/tr\/wp-json\/wp\/v2\/types\/page"}],"author":[{"embeddable":true,"href":"https:\/\/dincarchitect.com\/tr\/wp-json\/wp\/v2\/users\/1"}],"replies":[{"embeddable":true,"href":"https:\/\/dincarchitect.com\/tr\/wp-json\/wp\/v2\/comments?post=14166"}],"version-history":[{"count":0,"href":"https:\/\/dincarchitect.com\/tr\/wp-json\/wp\/v2\/pages\/14166\/revisions"}],"wp:featuredmedia":[{"embeddable":true,"href":"https:\/\/dincarchitect.com\/tr\/wp-json\/wp\/v2\/media\/10877"}],"wp:attachment":[{"href":"https:\/\/dincarchitect.com\/tr\/wp-json\/wp\/v2\/media?parent=14166"}],"curies":[{"name":"wp","href":"https:\/\/api.w.org\/{rel}","templated":true}]}}