{"id":14150,"date":"2023-06-12T20:44:15","date_gmt":"2023-06-12T20:44:15","guid":{"rendered":"https:\/\/dincarchitect.com\/?page_id=14150"},"modified":"2023-06-20T10:19:47","modified_gmt":"2023-06-20T10:19:47","slug":"non-standard-area","status":"publish","type":"page","link":"https:\/\/dincarchitect.com\/tr\/standart-disi-alan\/","title":{"rendered":"Standart Olmayan Alan"},"content":{"rendered":"<section class=\"wpb-content-wrapper\"><div class=\"vc_row wpb_row vc_row-fluid vc_custom_1537429109529\"><div class=\"wpb_column vc_column_container vc_col-sm-6\"><div class=\"vc_column-inner\"><div class=\"wpb_wrapper\">\n<div class=\"vc_grid-container-wrapper vc_clearfix vc_grid-animation-fadeIn\">\n\t<div class=\"vc_grid-container vc_clearfix wpb_content_element vc_media_grid\" data-initial-loading-animation=\"fadeIn\" data-vc-grid-settings=\"{&quot;page_id&quot;:14150,&quot;style&quot;:&quot;all&quot;,&quot;action&quot;:&quot;vc_get_vc_grid_data&quot;,&quot;shortcode_id&quot;:&quot;1687256333302-088b2584-e871-3&quot;,&quot;tag&quot;:&quot;vc_media_grid&quot;}\" data-vc-request=\"https:\/\/dincarchitect.com\/wp-admin\/admin-ajax.php\" data-vc-post-id=\"14150\" data-vc-public-nonce=\"4ff3493745\">\n\t\t\n\t<\/div>\n<\/div><\/div><\/div><\/div><div class=\"wpb_column vc_column_container vc_col-sm-6\"><div class=\"vc_column-inner vc_custom_1536840396834\"><div class=\"wpb_wrapper\"><span class=\"subtitle dash-true style-dark text-default\">DA St\u00fcdyosu<\/span>\n\t<div class=\"wpb_text_column wpb_content_element\" >\n\t\t<div class=\"wpb_wrapper\">\n\t\t\t<h2>Standart Olmayan Alan<\/h2>\n\n\t\t<\/div>\n\t<\/div>\n\n\t<div class=\"wpb_text_column wpb_content_element\" >\n\t\t<div class=\"wpb_wrapper\">\n\t\t\t<p>Yarat\u0131c\u0131l\u0131\u011f\u0131n s\u0131n\u0131r tan\u0131mad\u0131\u011f\u0131 Standart Olmayan Alan alemine ho\u015f geldiniz. Bu dinamik alan, ma\u011fazalar, restoran salonlar\u0131, performans salonlar\u0131 ve daha fazlas\u0131 gibi \u00e7ok \u00e7e\u015fitli ortamlar\u0131 kapsayarak geleneksel s\u0131n\u0131rlar\u0131 a\u015f\u0131yor.<\/p>\n<p>Standart Olmayan B\u00f6lge ma\u011fazalar\u0131m\u0131zda, m\u00fc\u015fterileri cezbeden ve markan\u0131z\u0131n \u00f6z\u00fcn\u00fc yans\u0131tan s\u00fcr\u00fckleyici deneyimler yaratmaya \u00e7al\u0131\u015f\u0131yoruz. Yenilik\u00e7i ekranlardan kesintisiz navigasyona kadar, m\u00fc\u015fteri yolculu\u011funu iyile\u015ftiren ve kal\u0131c\u0131 bir izlenim b\u0131rakan alanlar tasarl\u0131yoruz.<\/p>\n<p>Nefis mutfa\u011f\u0131n ve enfes ambiyans\u0131n uyumlu bir \u015fekilde bir arada bulundu\u011fu restoran salonlar\u0131m\u0131za ad\u0131m at\u0131n. Ustal\u0131kla haz\u0131rlanm\u0131\u015f tasar\u0131mlar\u0131m\u0131z, kesintisiz bir enerji ak\u0131\u015f\u0131 sa\u011flayarak unutulmaz yemek deneyimlerine zemin haz\u0131rlayan s\u0131cak bir atmosfer yarat\u0131r.<\/p>\n<p>Sanatsall\u0131\u011f\u0131n ve hayranl\u0131k uyand\u0131ran performanslar\u0131n merkez sahneye \u00e7\u0131kt\u0131\u011f\u0131 performans salonlar\u0131m\u0131z\u0131n b\u00fcy\u00fcs\u00fcn\u00fc deneyimleyin. Akustik, ayd\u0131nlatma ve oturma d\u00fczenine g\u00f6sterdi\u011fimiz titizlikle, izleyicileri b\u00fcy\u00fcleyen ve genel deneyimi y\u00fckselten alanlar yarat\u0131yoruz.<\/p>\n<p>Standart Olmayan Alan&#039;da, her projenin benzersiz oldu\u011funu ve \u00f6zel bir yakla\u015f\u0131m gerektirdi\u011fini anl\u0131yoruz. G\u00f6sterge niteli\u011findeki fiyatlar\u0131m\u0131z, projeniz i\u00e7in bir ba\u015flang\u0131\u00e7 noktas\u0131 sa\u011flayarak, \u00f6zel ihtiya\u00e7lar\u0131n\u0131z\u0131 ve b\u00fct\u00e7enizi kar\u015f\u0131layan \u00f6zel bir \u00e7\u00f6z\u00fcm olu\u015fturmam\u0131z\u0131 sa\u011flar.<\/p>\n<p>Hayal g\u00fcc\u00fcn\u00fcz\u00fc serbest b\u0131rak\u0131n ve yetenekli profesyonellerden olu\u015fan ekibimizin vizyonunuzu Standart D\u0131\u015f\u0131 Alanda hayata ge\u00e7irmesine izin verin. Birlikte, mekanlar\u0131, giren herkes \u00fczerinde kal\u0131c\u0131 bir etki b\u0131rakan b\u00fcy\u00fcleyici destinasyonlara d\u00f6n\u00fc\u015ft\u00fcrece\u011fiz.<\/p>\n\n\t\t<\/div>\n\t<\/div>\n<\/div><\/div><\/div><\/div><div data-vc-full-width=\"true\" data-vc-full-width-init=\"false\" class=\"vc_row wpb_row vc_row-fluid spaced vc_custom_1686586247876 vc_row-has-fill\"><div class=\"wpb_column vc_column_container vc_col-sm-12\"><div class=\"vc_column-inner\"><div class=\"wpb_wrapper\"><span class=\"subtitle dash-false style-dark text-center\">Biz nas\u0131l \u00e7al\u0131\u015f\u0131r\u0131z<\/span>\n\t<div class=\"wpb_text_column wpb_content_element\" >\n\t\t<div class=\"wpb_wrapper\">\n\t\t\t<h2 style=\"text-align: center;\"><span style=\"color: #e37218;\"><strong>Verimli Proje <\/strong><\/span><strong>Ola\u011fan\u00fcst\u00fc Sonu\u00e7 i\u00e7in \u0130\u015f Ak\u0131\u015f\u0131<\/strong><\/h2>\n\n\t\t<\/div>\n\t<\/div>\n<div class=\"dash style-dark centered\"><\/div><div class=\"vc_row wpb_row vc_inner vc_row-fluid vc_custom_1538383845636\"><div class=\"wpb_column vc_column_container vc_col-sm-3\"><div class=\"vc_column-inner\"><div class=\"wpb_wrapper\"><div class=\"number-box style-default spacing-30\"><div class=\"number-box-number\">01<\/div><div class=\"content-box\"><div class=\"content-box-info\"><h3>T\u00fcm Proje Belgelerini G\u00f6nder<\/h3><p class=\"number-box-content\">Kapsaml\u0131 bir inceleme ve analiz i\u00e7in l\u00fctfen ilgili t\u00fcm proje belgelerini bize g\u00f6nderin.<\/p><\/div><\/div><\/div><\/div><\/div><\/div><div class=\"wpb_column vc_column_container vc_col-sm-3\"><div class=\"vc_column-inner\"><div class=\"wpb_wrapper\"><div class=\"number-box style-default spacing-30\"><div class=\"number-box-number\">02<\/div><div class=\"content-box\"><div class=\"content-box-info\"><h3>H\u0131zl\u0131 ve \u00dccretsiz Proje De\u011ferlendirmesi<\/h3><p class=\"number-box-content\">Projenizi dikkatlice inceleyece\u011fiz ve size h\u0131zl\u0131 ve tamamlay\u0131c\u0131 bir yan\u0131t verece\u011fiz.<\/p><\/div><\/div><\/div><\/div><\/div><\/div><div class=\"wpb_column vc_column_container vc_col-sm-3\"><div class=\"vc_column-inner\"><div class=\"wpb_wrapper\"><div class=\"number-box style-default spacing-30\"><div class=\"number-box-number\">03<\/div><div class=\"content-box\"><div class=\"content-box-info\"><h3>Onay \u00dczerine Demo Teslimat\u0131<\/h3><p class=\"number-box-content\">Onay\u0131n\u0131z\u0131 ald\u0131ktan sonra, projeyi hemen ba\u015flataca\u011f\u0131z ve incelemeniz i\u00e7in size bir demo g\u00f6nderece\u011fiz.<\/p><\/div><\/div><\/div><\/div><\/div><\/div><div class=\"wpb_column vc_column_container vc_col-sm-3\"><div class=\"vc_column-inner\"><div class=\"wpb_wrapper\"><div class=\"number-box style-default spacing-30\"><div class=\"number-box-number\">04<\/div><div class=\"content-box\"><div class=\"content-box-info\"><h3>\u00d6deme ve Son Teslimat<\/h3><p class=\"number-box-content\">Projeyi onaylad\u0131\u011f\u0131n\u0131zda, \u00f6demeyi yap\u0131n ve \u00e7\u0131kt\u0131lar\u0131n son halini al\u0131n.<\/p><\/div><\/div><\/div><\/div><\/div><\/div><\/div><\/div><\/div><\/div><\/div><div class=\"vc_row-full-width vc_clearfix\"><\/div><div class=\"vc_row wpb_row vc_row-fluid vc_custom_1534242606416\"><div class=\"animate wpb_column vc_column_container vc_col-sm-12\"><div class=\"vc_column-inner\"><div class=\"wpb_wrapper\">\n\t<div class=\"wpb_text_column wpb_content_element  vc_custom_1686677145253\" >\n\t\t<div class=\"wpb_wrapper\">\n\t\t\t<h2 style=\"text-align: center;\"><span style=\"color: #e37218;\"><strong>Di\u011fer Hizmetlerimiz<\/strong><\/span><\/h2>\n\n\t\t<\/div>\n\t<\/div>\n<div class=\"dash style-dark centered\"><\/div>\n\t<div class=\"wpb_raw_code wpb_content_element wpb_raw_html\" >\n\t\t<div class=\"wpb_wrapper\">\n\t\t\t<!-- Onuncu hizmet \u00f6\u011fesi -->\n<div class=\"wpb_column vc_column_container vc_col-sm-3\">\n<div class=\"vc_column-inner\">\n<div class=\"wpb_wrapper\">\n<div class=\"content-box service-item alignment-default service-box-gray spacing-30\">\n<div class=\"image-container\">\n<div class=\"vertical-number-box\"><span class=\"vertical-number\">10<\/span><\/div>\n<div class=\"arrow-box\"><\/div>\n<img decoding=\"async\" src=\"https:\/\/dincarchitect.com\/wp-content\/uploads\/2023\/06\/dastudio-service-10.jpg\" alt=\"Mimari\" width=\"360\" height=\"500\" \/>\n\n<\/div>\n<div class=\"content-box-info\">\n<div class=\"box-heading-container\">\n<div class=\"box-heading\"><strong>2. film<\/strong><\/div>\n<div class=\"price-info-container\"><span class=\"price-info\" style=\"color: #e37218; font-size: 16px;\">499 \u20ac<\/span><\/div>\n<\/div>\n<div style=\"text-align: justify; margin-top: 10px;\">\n\n2 dakikadan az s\u00fcren bir film paketi...\n\n<\/div>\n<div class=\"content-description\"><\/div>\n<div class=\"btn-read-more\"><a style=\"color: #e37218;\" href=\"https:\/\/dincarchitect.com\/tr\/film-2-dakikalik\/\">Daha fazla bilgi edin<\/a><\/div>\n<\/div>\n<\/div>\n<\/div>\n<\/div>\n<\/div>\n\n\n<!-- Onbirinci hizmet \u00f6\u011fesi -->\n<div class=\"wpb_column vc_column_container vc_col-sm-3\">\n<div class=\"vc_column-inner\">\n<div class=\"wpb_wrapper\">\n<div class=\"content-box service-item alignment-default service-box-gray spacing-30\">\n<div class=\"image-container\">\n<div class=\"vertical-number-box\"><span class=\"vertical-number\">11<\/span><\/div>\n<div class=\"arrow-box\"><\/div>\n<img decoding=\"async\" src=\"https:\/\/dincarchitect.com\/wp-content\/uploads\/2023\/06\/dastudio-service-11.jpg\" alt=\"Mimari\" width=\"360\" height=\"500\" \/>\n\n<\/div>\n<div class=\"content-box-info\">\n<div class=\"box-heading-container\">\n<div class=\"box-heading\"><strong>Sat\u0131\u015f plan\u0131<\/strong><\/div>\n<div class=\"price-info-container\"><span class=\"price-info\" style=\"color: #e37218; font-size: 16px;\">19 \u20ac<\/span><\/div>\n<\/div>\n<div style=\"text-align: justify; margin-top: 10px;\">\n\nHer kat i\u00e7in sat\u0131\u015f plan\u0131...\n\n<\/div>\n<div class=\"content-description\"><\/div>\n<div class=\"btn-read-more\"><a style=\"color: #e37218;\" href=\"https:\/\/dincarchitect.com\/tr\/satis-plani\/\">Daha fazla bilgi edin<\/a><\/div>\n<\/div>\n<\/div>\n<\/div>\n<\/div>\n<\/div>\n\n\n<!-- D\u00f6rd\u00fcnc\u00fc hizmet \u00f6\u011fesi -->\n<div class=\"wpb_column vc_column_container vc_col-sm-3\">\n<div class=\"vc_column-inner\">\n<div class=\"wpb_wrapper\">\n<div class=\"content-box service-item alignment-default service-box-gray spacing-30\">\n<div class=\"image-container\">\n<div class=\"vertical-number-box\"><span class=\"vertical-number\">04<\/span><\/div>\n<div class=\"arrow-box\"><\/div>\n<img decoding=\"async\" src=\"https:\/\/dincarchitect.com\/wp-content\/uploads\/2023\/06\/dastudio-service-4.jpg\" alt=\"Mimari\" width=\"360\" height=\"500\" \/>\n\n<\/div>\n<div class=\"content-box-info\">\n<div class=\"box-heading-container\">\n<div class=\"box-heading\"><strong>B\u00fcy\u00fck Boy Alan<\/strong><\/div>\n<div class=\"price-info-container\"><span class=\"price-info\" style=\"color: #e37218; font-size: 16px;\">199 \u20ac<\/span><\/div>\n<\/div>\n<div style=\"text-align: justify; margin-top: 10px;\">\n\nMa\u011faza, restoran salonu, performans salonu... Temel g\u00f6sterge oran.\n\n<\/div>\n<div class=\"content-description\"><\/div>\n<div class=\"btn-read-more\"><a style=\"color: #e37218;\" href=\"https:\/\/dincarchitect.com\/tr\/standart-disi-alan\/\">Daha fazla bilgi edin<\/a><\/div>\n<div><\/div>\n<\/div>\n<\/div>\n<\/div>\n<\/div>\n<\/div>\n\n<!-- Dokuzuncu hizmet \u00f6\u011fesi -->\n<div class=\"wpb_column vc_column_container vc_col-sm-3\">\n<div class=\"vc_column-inner\">\n<div class=\"wpb_wrapper\">\n<div class=\"content-box service-item alignment-default service-box-gray spacing-30\">\n<div class=\"image-container\">\n<div class=\"vertical-number-box\"><span class=\"vertical-number\">09<\/span><\/div>\n<div class=\"arrow-box\"><\/div>\n<img decoding=\"async\" src=\"https:\/\/dincarchitect.com\/wp-content\/uploads\/2023\/06\/dastudio-service-9.jpg\" alt=\"Mimari\" width=\"360\" height=\"500\" \/>\n\n<\/div>\n<div class=\"content-box-info\">\n<div class=\"box-heading-container\">\n<div class=\"box-heading\"><strong>1. film<\/strong><\/div>\n<div class=\"price-info-container\"><span class=\"price-info\" style=\"color: #e37218; font-size: 16px;\">399 \u20ac<\/span><\/div>\n<\/div>\n<div style=\"text-align: justify; margin-top: 10px;\">\n\n1 dakikadan az s\u00fcren bir film paketi...\n\n<\/div>\n<div class=\"content-description\"><\/div>\n<div class=\"btn-read-more\"><a style=\"color: #e37218;\" href=\"https:\/\/dincarchitect.com\/tr\/film-1-dakika\/\">Daha fazla bilgi edin<\/a><\/div>\n<\/div>\n<\/div>\n<\/div>\n<\/div>\n<\/div>\n\t\t<\/div>\n\t<\/div>\n<\/div><\/div><\/div><\/div>\n<\/section>","protected":false},"excerpt":{"rendered":"DA Studio Standart D\u0131\u015f\u0131 Alan Yarat\u0131c\u0131l\u0131\u011f\u0131n s\u0131n\u0131r tan\u0131mad\u0131\u011f\u0131 Standart D\u0131\u015f\u0131 Alan d\u00fcnyas\u0131na ho\u015f geldiniz. Bu dinamik alan, ma\u011fazalar, restoran salonlar\u0131, performans salonlar\u0131 ve daha fazlas\u0131 gibi \u00e7ok \u00e7e\u015fitli ortamlar\u0131 kapsayarak geleneksel s\u0131n\u0131rlar\u0131 a\u015f\u0131yor. Standart D\u0131\u015f\u0131 B\u00f6lge ma\u011fazalar\u0131m\u0131zda, m\u00fc\u015fterileri cezbeden ve \u00f6z\u00fc yans\u0131tan s\u00fcr\u00fckleyici deneyimler yaratmaya \u00e7al\u0131\u015f\u0131yoruz [...]","protected":false},"author":1,"featured_media":10877,"parent":0,"menu_order":0,"comment_status":"closed","ping_status":"closed","template":"","meta":{"footnotes":""},"acf":[],"_links":{"self":[{"href":"https:\/\/dincarchitect.com\/tr\/wp-json\/wp\/v2\/pages\/14150"}],"collection":[{"href":"https:\/\/dincarchitect.com\/tr\/wp-json\/wp\/v2\/pages"}],"about":[{"href":"https:\/\/dincarchitect.com\/tr\/wp-json\/wp\/v2\/types\/page"}],"author":[{"embeddable":true,"href":"https:\/\/dincarchitect.com\/tr\/wp-json\/wp\/v2\/users\/1"}],"replies":[{"embeddable":true,"href":"https:\/\/dincarchitect.com\/tr\/wp-json\/wp\/v2\/comments?post=14150"}],"version-history":[{"count":0,"href":"https:\/\/dincarchitect.com\/tr\/wp-json\/wp\/v2\/pages\/14150\/revisions"}],"wp:featuredmedia":[{"embeddable":true,"href":"https:\/\/dincarchitect.com\/tr\/wp-json\/wp\/v2\/media\/10877"}],"wp:attachment":[{"href":"https:\/\/dincarchitect.com\/tr\/wp-json\/wp\/v2\/media?parent=14150"}],"curies":[{"name":"wp","href":"https:\/\/api.w.org\/{rel}","templated":true}]}}