{"id":14143,"date":"2023-06-12T20:41:40","date_gmt":"2023-06-12T20:41:40","guid":{"rendered":"https:\/\/dincarchitect.com\/?page_id=14143"},"modified":"2023-06-20T10:16:52","modified_gmt":"2023-06-20T10:16:52","slug":"semi-complex-field","status":"publish","type":"page","link":"https:\/\/dincarchitect.com\/tr\/yari-karmasik-alan\/","title":{"rendered":"Yar\u0131 Karma\u015f\u0131k Alan"},"content":{"rendered":"<section class=\"wpb-content-wrapper\"><div class=\"vc_row wpb_row vc_row-fluid vc_custom_1537429109529\"><div class=\"wpb_column vc_column_container vc_col-sm-6\"><div class=\"vc_column-inner\"><div class=\"wpb_wrapper\">\n<div class=\"vc_grid-container-wrapper vc_clearfix vc_grid-animation-fadeIn\">\n\t<div class=\"vc_grid-container vc_clearfix wpb_content_element vc_media_grid\" data-initial-loading-animation=\"fadeIn\" data-vc-grid-settings=\"{&quot;page_id&quot;:14143,&quot;style&quot;:&quot;all&quot;,&quot;action&quot;:&quot;vc_get_vc_grid_data&quot;,&quot;shortcode_id&quot;:&quot;1687256129808-61a46692-8537-8&quot;,&quot;tag&quot;:&quot;vc_media_grid&quot;}\" data-vc-request=\"https:\/\/dincarchitect.com\/wp-admin\/admin-ajax.php\" data-vc-post-id=\"14143\" data-vc-public-nonce=\"db103255f2\">\n\t\t\n\t<\/div>\n<\/div><\/div><\/div><\/div><div class=\"wpb_column vc_column_container vc_col-sm-6\"><div class=\"vc_column-inner vc_custom_1536840396834\"><div class=\"wpb_wrapper\"><span class=\"subtitle dash-true style-dark text-default\">DA St\u00fcdyosu<\/span>\n\t<div class=\"wpb_text_column wpb_content_element\" >\n\t\t<div class=\"wpb_wrapper\">\n\t\t\t<h2>Yar\u0131 Karma\u015f\u0131k Alan<\/h2>\n\n\t\t<\/div>\n\t<\/div>\n\n\t<div class=\"wpb_text_column wpb_content_element\" >\n\t\t<div class=\"wpb_wrapper\">\n\t\t\t<p>Standart alanlar\u0131 ola\u011fan\u00fcst\u00fc tasar\u0131mla yeniden tan\u0131mlarken, Yar\u0131 Karma\u015f\u0131k Alan\u0131n d\u00f6n\u00fc\u015ft\u00fcr\u00fcc\u00fc g\u00fcc\u00fcn\u00fc deneyimleyin. Yetenekli uzmanlardan olu\u015fan ekibimiz, mutfaklardan oturma odalar\u0131na, yemek odalar\u0131na, banyolara ve teraslara kadar stil, i\u015flevsellik ve yenili\u011fi harmanlayan b\u00fcy\u00fcleyici ortamlar yarat\u0131r.<\/p>\n<p>Yar\u0131 Karma\u015f\u0131k Tarla mutfaklar\u0131m\u0131zda, verimlili\u011fi art\u0131ran ve yarat\u0131c\u0131l\u0131\u011fa ilham veren \u00f6zel dolaplar, son teknoloji cihazlar ve sezgisel d\u00fczenlerle her santimi optimize ederek mutfak \u015faheserleri yarat\u0131yoruz.<\/p>\n<p>E\u015fsiz ki\u015fili\u011finizi yans\u0131tan davetkar mekanlar tasarlad\u0131\u011f\u0131m\u0131z oturma odalar\u0131m\u0131za ve yemek odalar\u0131m\u0131za ad\u0131m at\u0131n. \u00d6zenle se\u00e7ilmi\u015f mobilya ve ayd\u0131nlatmadan uyumlu renk paletlerine kadar, rahatlamay\u0131, sosyalle\u015fmeyi ve unutulmaz deneyimleri te\u015fvik eden ortamlar yarat\u0131yoruz.<\/p>\n<p>L\u00fcks armat\u00fcrlerin, zarif kaplamalar\u0131n ve d\u00fc\u015f\u00fcnceli tasar\u0131mlar\u0131n huzurlu inzivalar yaratt\u0131\u011f\u0131 geni\u015f banyolar\u0131m\u0131z\u0131n keyfini \u00e7\u0131kar\u0131n. Rahatlat\u0131c\u0131 du\u015flardan g\u00f6rkemli k\u00fcvetlere kadar, s\u0131radan banyolar\u0131 ki\u015fisel s\u0131\u011f\u0131naklara d\u00f6n\u00fc\u015ft\u00fcr\u00fcyoruz.<\/p>\n<p>A\u00e7\u0131k hava ya\u015fam\u0131n\u0131n yeni zirvelere ula\u015ft\u0131\u011f\u0131 Yar\u0131 Karma\u015f\u0131k Tarla teraslar\u0131m\u0131zda gev\u015feyin. Rahat salonlardan canl\u0131 e\u011flence alanlar\u0131na kadar, do\u011fayla kusursuz bir \u015fekilde ba\u011flanan ve rahatlama ve keyif anlar\u0131 sunan b\u00fcy\u00fcleyici alanlar tasarl\u0131yoruz.<\/p>\n<p>Yar\u0131 Karma\u015f\u0131k Alan ile mekanlar\u0131n\u0131z g\u00fczellik, i\u015flevsellik ve konforun yeni alemlerine y\u00fckseliyor. S\u0131ra d\u0131\u015f\u0131 olan\u0131 kucaklay\u0131n ve rakipsiz uzmanl\u0131\u011f\u0131m\u0131z ve m\u00fckemmelli\u011fe olan ba\u011fl\u0131l\u0131\u011f\u0131m\u0131zla vizyonunuzu hayata ge\u00e7irmemize izin verin.<\/p>\n\n\t\t<\/div>\n\t<\/div>\n<\/div><\/div><\/div><\/div><div data-vc-full-width=\"true\" data-vc-full-width-init=\"false\" class=\"vc_row wpb_row vc_row-fluid spaced vc_custom_1686586247876 vc_row-has-fill\"><div class=\"wpb_column vc_column_container vc_col-sm-12\"><div class=\"vc_column-inner\"><div class=\"wpb_wrapper\"><span class=\"subtitle dash-false style-dark text-center\">Biz nas\u0131l \u00e7al\u0131\u015f\u0131r\u0131z<\/span>\n\t<div class=\"wpb_text_column wpb_content_element\" >\n\t\t<div class=\"wpb_wrapper\">\n\t\t\t<h2 style=\"text-align: center;\"><span style=\"color: #e37218;\"><strong>Verimli Proje <\/strong><\/span><strong>Ola\u011fan\u00fcst\u00fc Sonu\u00e7 i\u00e7in \u0130\u015f Ak\u0131\u015f\u0131<\/strong><\/h2>\n\n\t\t<\/div>\n\t<\/div>\n<div class=\"dash style-dark centered\"><\/div><div class=\"vc_row wpb_row vc_inner vc_row-fluid vc_custom_1538383845636\"><div class=\"wpb_column vc_column_container vc_col-sm-3\"><div class=\"vc_column-inner\"><div class=\"wpb_wrapper\"><div class=\"number-box style-default spacing-30\"><div class=\"number-box-number\">01<\/div><div class=\"content-box\"><div class=\"content-box-info\"><h3>T\u00fcm Proje Belgelerini G\u00f6nder<\/h3><p class=\"number-box-content\">Kapsaml\u0131 bir inceleme ve analiz i\u00e7in l\u00fctfen ilgili t\u00fcm proje belgelerini bize g\u00f6nderin.<\/p><\/div><\/div><\/div><\/div><\/div><\/div><div class=\"wpb_column vc_column_container vc_col-sm-3\"><div class=\"vc_column-inner\"><div class=\"wpb_wrapper\"><div class=\"number-box style-default spacing-30\"><div class=\"number-box-number\">02<\/div><div class=\"content-box\"><div class=\"content-box-info\"><h3>H\u0131zl\u0131 ve \u00dccretsiz Proje De\u011ferlendirmesi<\/h3><p class=\"number-box-content\">Projenizi dikkatlice inceleyece\u011fiz ve size h\u0131zl\u0131 ve tamamlay\u0131c\u0131 bir yan\u0131t verece\u011fiz.<\/p><\/div><\/div><\/div><\/div><\/div><\/div><div class=\"wpb_column vc_column_container vc_col-sm-3\"><div class=\"vc_column-inner\"><div class=\"wpb_wrapper\"><div class=\"number-box style-default spacing-30\"><div class=\"number-box-number\">03<\/div><div class=\"content-box\"><div class=\"content-box-info\"><h3>Onay \u00dczerine Demo Teslimat\u0131<\/h3><p class=\"number-box-content\">Onay\u0131n\u0131z\u0131 ald\u0131ktan sonra, projeyi hemen ba\u015flataca\u011f\u0131z ve incelemeniz i\u00e7in size bir demo g\u00f6nderece\u011fiz.<\/p><\/div><\/div><\/div><\/div><\/div><\/div><div class=\"wpb_column vc_column_container vc_col-sm-3\"><div class=\"vc_column-inner\"><div class=\"wpb_wrapper\"><div class=\"number-box style-default spacing-30\"><div class=\"number-box-number\">04<\/div><div class=\"content-box\"><div class=\"content-box-info\"><h3>\u00d6deme ve Son Teslimat<\/h3><p class=\"number-box-content\">Projeyi onaylad\u0131\u011f\u0131n\u0131zda, \u00f6demeyi yap\u0131n ve \u00e7\u0131kt\u0131lar\u0131n son halini al\u0131n.<\/p><\/div><\/div><\/div><\/div><\/div><\/div><\/div><\/div><\/div><\/div><\/div><div class=\"vc_row-full-width vc_clearfix\"><\/div><div class=\"vc_row wpb_row vc_row-fluid vc_custom_1534242606416\"><div class=\"animate wpb_column vc_column_container vc_col-sm-12\"><div class=\"vc_column-inner\"><div class=\"wpb_wrapper\">\n\t<div class=\"wpb_text_column wpb_content_element  vc_custom_1686677042221\" >\n\t\t<div class=\"wpb_wrapper\">\n\t\t\t<h2 style=\"text-align: center;\"><span style=\"color: #e37218;\"><strong>Di\u011fer Hizmetlerimiz<\/strong><\/span><\/h2>\n\n\t\t<\/div>\n\t<\/div>\n<div class=\"dash style-dark centered\"><\/div>\n\t<div class=\"wpb_raw_code wpb_content_element wpb_raw_html\" >\n\t\t<div class=\"wpb_wrapper\">\n\t\t\t<!-- Be\u015finci hizmet \u00f6\u011fesi -->\n<div class=\"wpb_column vc_column_container vc_col-sm-3\">\n<div class=\"vc_column-inner\">\n<div class=\"wpb_wrapper\">\n<div class=\"content-box service-item alignment-default service-box-gray spacing-30\">\n<div class=\"image-container\">\n<div class=\"vertical-number-box\"><span class=\"vertical-number\">05<\/span><\/div>\n<div class=\"arrow-box\"><\/div>\n<img decoding=\"async\" src=\"https:\/\/dincarchitect.com\/wp-content\/uploads\/2023\/06\/dastudio-service-5.jpg\" alt=\"Mimari\" width=\"360\" height=\"500\" \/>\n\n<\/div>\n<div class=\"content-box-info\">\n<div class=\"box-heading-container\">\n<div class=\"box-heading\"><strong>m\u00fcstakil ev<\/strong><\/div>\n<div class=\"price-info-container\"><span class=\"price-info\" style=\"color: #e37218; font-size: 16px;\">149 \u20ac<\/span><\/div>\n<\/div>\n<div style=\"text-align: justify; margin-top: 10px;\">\n\nD\u0131\u015f g\u00f6r\u00fcn\u00fcm. Bunun gibi standart bir ortam i\u00e7in temel oran.\n\n<\/div>\n<div class=\"content-description\"><\/div>\n<div class=\"btn-read-more\"><a style=\"color: #e37218;\" href=\"https:\/\/dincarchitect.com\/tr\/mustakil-ev\/\">Daha fazla bilgi edin<\/a><\/div>\n<\/div>\n<\/div>\n<\/div>\n<\/div>\n<\/div>\n\n\n<!-- D\u00f6rd\u00fcnc\u00fc hizmet \u00f6\u011fesi -->\n<div class=\"wpb_column vc_column_container vc_col-sm-3\">\n<div class=\"vc_column-inner\">\n<div class=\"wpb_wrapper\">\n<div class=\"content-box service-item alignment-default service-box-gray spacing-30\">\n<div class=\"image-container\">\n<div class=\"vertical-number-box\"><span class=\"vertical-number\">04<\/span><\/div>\n<div class=\"arrow-box\"><\/div>\n<img decoding=\"async\" src=\"https:\/\/dincarchitect.com\/wp-content\/uploads\/2023\/06\/dastudio-service-4.jpg\" alt=\"Mimari\" width=\"360\" height=\"500\" \/>\n\n<\/div>\n<div class=\"content-box-info\">\n<div class=\"box-heading-container\">\n<div class=\"box-heading\"><strong>B\u00fcy\u00fck Boy Alan<\/strong><\/div>\n<div class=\"price-info-container\"><span class=\"price-info\" style=\"color: #e37218; font-size: 16px;\">199 \u20ac<\/span><\/div>\n<\/div>\n<div style=\"text-align: justify; margin-top: 10px;\">\n\nMa\u011faza, restoran salonu, performans salonu... Temel g\u00f6sterge oran.\n\n<\/div>\n<div class=\"content-description\"><\/div>\n<div class=\"btn-read-more\"><a style=\"color: #e37218;\" href=\"https:\/\/dincarchitect.com\/tr\/standart-disi-alan\/\">Daha fazla bilgi edin<\/a><\/div>\n<div><\/div>\n<\/div>\n<\/div>\n<\/div>\n<\/div>\n<\/div>\n<div><span style=\"color: #ffffff;\">.<\/span><\/div>\n\n\n\n<!-- Onikinci hizmet \u00f6\u011fesi -->\n<div class=\"wpb_column vc_column_container vc_col-sm-3\">\n<div class=\"vc_column-inner\">\n<div class=\"wpb_wrapper\">\n<div class=\"content-box service-item alignment-default service-box-gray spacing-30\">\n<div class=\"image-container\">\n<div class=\"vertical-number-box\"><span class=\"vertical-number\">12<\/span><\/div>\n<div class=\"arrow-box\"><\/div>\n<img decoding=\"async\" src=\"https:\/\/dincarchitect.com\/wp-content\/uploads\/2023\/06\/dastudio-service-12.jpg\" alt=\"Mimari\" width=\"360\" height=\"500\" \/>\n\n<\/div>\n<div class=\"content-box-info\">\n<div class=\"box-heading-container\">\n<div class=\"box-heading\"><strong>2d plan\u0131<\/strong><\/div>\n<div class=\"price-info-container\"><span class=\"price-info\" style=\"color: #e37218; font-size: 16px;\">29 \u20ac<\/span><\/div>\n<\/div>\n<div style=\"text-align: justify; margin-top: 10px;\">\n\nHer kat i\u00e7in 2d plan...\n\n<\/div>\n<div class=\"content-description\"><\/div>\n<div class=\"btn-read-more\"><a style=\"color: #e37218;\" href=\"https:\/\/dincarchitect.com\/tr\/plan-2d\/\">Daha fazla bilgi edin<\/a><\/div>\n<div><\/div>\n<\/div>\n<\/div>\n<\/div>\n<\/div>\n<\/div>\n\n\n<!-- D\u00f6rd\u00fcnc\u00fc hizmet \u00f6\u011fesi -->\n<div class=\"wpb_column vc_column_container vc_col-sm-3\">\n<div class=\"vc_column-inner\">\n<div class=\"wpb_wrapper\">\n<div class=\"content-box service-item alignment-default service-box-gray spacing-30\">\n<div class=\"image-container\">\n<div class=\"vertical-number-box\"><span class=\"vertical-number\">04<\/span><\/div>\n<div class=\"arrow-box\"><\/div>\n<img decoding=\"async\" src=\"https:\/\/dincarchitect.com\/wp-content\/uploads\/2023\/06\/dastudio-service-4.jpg\" alt=\"Mimari\" width=\"360\" height=\"500\" \/>\n\n<\/div>\n<div class=\"content-box-info\">\n<div class=\"box-heading-container\">\n<div class=\"box-heading\"><strong>B\u00fcy\u00fck Boy Alan<\/strong><\/div>\n<div class=\"price-info-container\"><span class=\"price-info\" style=\"color: #e37218; font-size: 16px;\">199 \u20ac<\/span><\/div>\n<\/div>\n<div style=\"text-align: justify; margin-top: 10px;\">\n\nMa\u011faza, restoran salonu, performans salonu... Temel g\u00f6sterge oran.\n\n<\/div>\n<div class=\"content-description\"><\/div>\n<div class=\"btn-read-more\"><a style=\"color: #e37218;\" href=\"https:\/\/dincarchitect.com\/tr\/standart-disi-alan\/\">Daha fazla bilgi edin<\/a><\/div>\n<div><\/div>\n<\/div>\n<\/div>\n<\/div>\n<\/div>\n<\/div>\n\t\t<\/div>\n\t<\/div>\n<\/div><\/div><\/div><\/div>\n<\/section>","protected":false},"excerpt":{"rendered":"DA Studio Semi-Complex Field S\u0131ra d\u0131\u015f\u0131 tasar\u0131mla standart alanlar\u0131 yeniden tan\u0131mlarken Semi-Complex Field&#039;\u0131n d\u00f6n\u00fc\u015ft\u00fcr\u00fcc\u00fc g\u00fcc\u00fcn\u00fc deneyimleyin. Mutfaklardan oturma odalar\u0131na, yemek odalar\u0131na, banyolara ve teraslara kadar yetenekli uzman ekibimiz, stil, i\u015flevsellik ve yenili\u011fi harmanlayan b\u00fcy\u00fcleyici ortamlar tasarl\u0131yor. Semi-Complex Field mutfaklar\u0131m\u0131zda, her santimini optimize ederek mutfak \u015faheserleri yarat\u0131yoruz [...]","protected":false},"author":1,"featured_media":10877,"parent":0,"menu_order":0,"comment_status":"closed","ping_status":"closed","template":"","meta":{"footnotes":""},"acf":[],"_links":{"self":[{"href":"https:\/\/dincarchitect.com\/tr\/wp-json\/wp\/v2\/pages\/14143"}],"collection":[{"href":"https:\/\/dincarchitect.com\/tr\/wp-json\/wp\/v2\/pages"}],"about":[{"href":"https:\/\/dincarchitect.com\/tr\/wp-json\/wp\/v2\/types\/page"}],"author":[{"embeddable":true,"href":"https:\/\/dincarchitect.com\/tr\/wp-json\/wp\/v2\/users\/1"}],"replies":[{"embeddable":true,"href":"https:\/\/dincarchitect.com\/tr\/wp-json\/wp\/v2\/comments?post=14143"}],"version-history":[{"count":0,"href":"https:\/\/dincarchitect.com\/tr\/wp-json\/wp\/v2\/pages\/14143\/revisions"}],"wp:featuredmedia":[{"embeddable":true,"href":"https:\/\/dincarchitect.com\/tr\/wp-json\/wp\/v2\/media\/10877"}],"wp:attachment":[{"href":"https:\/\/dincarchitect.com\/tr\/wp-json\/wp\/v2\/media?parent=14143"}],"curies":[{"name":"wp","href":"https:\/\/api.w.org\/{rel}","templated":true}]}}