{"id":14025,"date":"2023-06-12T00:00:31","date_gmt":"2023-06-12T00:00:31","guid":{"rendered":"https:\/\/dincarchitect.com\/?page_id=14025"},"modified":"2023-09-01T14:05:20","modified_gmt":"2023-09-01T14:05:20","slug":"interior-architect","status":"publish","type":"page","link":"https:\/\/dincarchitect.com\/tr\/ic-mimar\/","title":{"rendered":"\u0130\u00e7 mimar"},"content":{"rendered":"<section class=\"wpb-content-wrapper\"><div class=\"vc_row wpb_row vc_row-fluid vc_custom_1537429109529\"><div class=\"wpb_column vc_column_container vc_col-sm-6\"><div class=\"vc_column-inner\"><div class=\"wpb_wrapper\">\n<div class=\"vc_grid-container-wrapper vc_clearfix vc_grid-animation-fadeIn\">\n\t<div class=\"vc_grid-container vc_clearfix wpb_content_element vc_media_grid\" data-initial-loading-animation=\"fadeIn\" data-vc-grid-settings=\"{&quot;page_id&quot;:14025,&quot;style&quot;:&quot;all&quot;,&quot;action&quot;:&quot;vc_get_vc_grid_data&quot;,&quot;shortcode_id&quot;:&quot;1693575193174-833dea05-d09d-5&quot;,&quot;tag&quot;:&quot;vc_media_grid&quot;}\" data-vc-request=\"https:\/\/dincarchitect.com\/wp-admin\/admin-ajax.php\" data-vc-post-id=\"14025\" data-vc-public-nonce=\"db103255f2\">\n\t\t\n\t<\/div>\n<\/div><\/div><\/div><\/div><div class=\"wpb_column vc_column_container vc_col-sm-6\"><div class=\"vc_column-inner vc_custom_1536840396834\"><div class=\"wpb_wrapper\"><span class=\"subtitle dash-true style-dark text-default\">DA St\u00fcdyosu<\/span>\n\t<div class=\"wpb_text_column wpb_content_element\" >\n\t\t<div class=\"wpb_wrapper\">\n\t\t\t<h2>\u0130\u00e7 mimar<\/h2>\n\n\t\t<\/div>\n\t<\/div>\n\n\t<div class=\"wpb_text_column wpb_content_element\" >\n\t\t<div class=\"wpb_wrapper\">\n\t\t\t<p style=\"text-align: justify;\">\u0130\u00e7 dekorasyon bizim i\u00e7in sadece g\u00fczel bir alan yaratmaktan \u00e7ok daha fazlas\u0131d\u0131r. Bunun \u00f6tesine ge\u00e7iyor. Kendilerine lokasyon tasarlad\u0131\u011f\u0131m\u0131z firma veya \u015fah\u0131slar\u0131n kimlikleri ile markalar\u0131, temel ihtiya\u00e7 ve gereksinimler \u00e7er\u00e7evesinde harmanlan\u0131r. Bu s\u00fcre\u00e7 \u00e7e\u015fitli m\u00fchendisler ve gerekli dan\u0131\u015fmanlar ile i\u015fbirli\u011fi i\u00e7inde y\u00fcr\u00fct\u00fclmektedir.<\/p>\n<p style=\"text-align: justify;\">T\u00fcm projelerimizde, hedef m\u00fc\u015fteri kitlesinin kullan\u0131c\u0131 profilini ve marka kimli\u011fini \u00fcst \u00fcste bindirerek kullan\u0131c\u0131 memnuniyeti, aidiyet ve mekanlara ba\u011fl\u0131l\u0131k sa\u011flamay\u0131 hedefliyoruz. Denklem basittir: Memnun kullan\u0131c\u0131lar, geli\u015fmi\u015f performans ve verimlili\u011fe yol a\u00e7ar. Estetik ve i\u015flevsellik a\u00e7\u0131s\u0131ndan m\u00fc\u015fterilerimiz i\u00e7in yat\u0131r\u0131m ekonomisi de\u011ferini sa\u011flamak en \u00f6nemli \u00f6nceliklerimizden biridir.<\/p>\n<p style=\"text-align: justify;\">Bunu yaparken, hem esteti\u011fi hem de i\u015flevselli\u011fi g\u00f6z \u00f6n\u00fcnde bulundurarak, i\u015fverenin hedefleriyle uyumlu bir yan\u0131t elde etmeye ve sa\u011flamaya \u00e7al\u0131\u015f\u0131yoruz.<\/p>\n\n\t\t<\/div>\n\t<\/div>\n<\/div><\/div><\/div><\/div><div class=\"vc_row wpb_row vc_row-fluid mobile-pad-0 vc_custom_1686573684221 vc_row-o-equal-height vc_row-o-content-middle vc_row-flex\"><div class=\"wpb_column vc_column_container vc_col-sm-4\"><div class=\"vc_column-inner\"><div class=\"wpb_wrapper\"><div class=\"vc_row wpb_row vc_inner vc_row-fluid overlap-right\"><div class=\"shadow-box wpb_column vc_column_container vc_col-sm-12\"><div class=\"vc_column-inner\"><div class=\"wpb_wrapper\"><span class=\"subtitle dash-true style-dark text-default\">Hayal G\u00fcc\u00fcn\u00fcz\u00fc Serbest B\u0131rak\u0131n<\/span><div class=\"divider-light\"><\/div>\n\t<div class=\"wpb_text_column wpb_content_element\" >\n\t\t<div class=\"wpb_wrapper\">\n\t\t\t<div style=\"text-align: justify;\">\n<p>Projelerinizi geli\u015ftirmek i\u00e7in her ayr\u0131nt\u0131y\u0131 y\u00f6netmede m\u00fckemmeliz. Mimari g\u00f6rselle\u015ftirme uzmanl\u0131\u011f\u0131m\u0131zla ihtiya\u00e7lar\u0131n\u0131za g\u00f6re farkl\u0131 stiller ve sunumlar sunuyoruz. Kendini i\u015fine adam\u0131\u015f ekibimiz, beklentileri a\u015fan ola\u011fan\u00fcst\u00fc sonu\u00e7lar sunar. Yenilik\u00e7i \u00e7\u00f6z\u00fcmlerle konut, ticari veya end\u00fcstriyel tasar\u0131mlar\u0131 sergileyin. Etkili ileti\u015fimi g\u00fc\u00e7lendirerek fikirleri \u00e7arp\u0131c\u0131 g\u00f6rsellere d\u00f6n\u00fc\u015ft\u00fcrmek i\u00e7in bize g\u00fcvenin. Rakipsiz uzmanl\u0131\u011f\u0131m\u0131zla hayal g\u00fcc\u00fcn\u00fcz\u00fcn u\u00e7mas\u0131na izin verin.<\/p>\n<\/div>\n\n\t\t<\/div>\n\t<\/div>\n<a href=\"https:\/\/dincarchitect.com\/tr\/projeler\/\" class=\"btn btn-primary arrow-right\"><span>Projeleri g\u00f6r\u00fcnt\u00fcle<\/span><\/a><\/div><\/div><\/div><\/div><\/div><\/div><\/div><div class=\"wpb_column vc_column_container vc_col-sm-8\"><div class=\"vc_column-inner\"><div class=\"wpb_wrapper\">\n\t<div  class=\"wpb_single_image wpb_content_element vc_align_left  vc_custom_1687157425567\">\n\t\t\n\t\t<figure class=\"wpb_wrapper vc_figure\">\n\t\t\t<a href=\"https:\/\/dincarchitect.com\/wp-content\/uploads\/2023\/06\/Untitled-2-1024x576.jpg\" target=\"_self\" class=\"vc_single_image-wrapper   vc_box_border_grey\"><img decoding=\"async\" width=\"1920\" height=\"1080\" src=\"https:\/\/dincarchitect.com\/wp-content\/uploads\/2023\/06\/Untitled-2.jpg\" class=\"vc_single_image-img attachment-full\" alt=\"\" title=\"oturma odas\u0131-2\" srcset=\"https:\/\/dincarchitect.com\/wp-content\/uploads\/2023\/06\/Untitled-2.jpg 1920w, https:\/\/dincarchitect.com\/wp-content\/uploads\/2023\/06\/Untitled-2-1024x576.jpg 1024w, https:\/\/dincarchitect.com\/wp-content\/uploads\/2023\/06\/Untitled-2-768x432.jpg 768w, https:\/\/dincarchitect.com\/wp-content\/uploads\/2023\/06\/Untitled-2-1536x864.jpg 1536w, https:\/\/dincarchitect.com\/wp-content\/uploads\/2023\/06\/Untitled-2-18x10.jpg 18w\" sizes=\"(max-width: 1920px) 100vw, 1920px\" \/><\/a>\n\t\t<\/figure>\n\t<\/div>\n<\/div><\/div><\/div><\/div><div class=\"vc_row wpb_row vc_row-fluid mobile-pad-0 vc_custom_1686573691357 vc_row-o-equal-height vc_row-o-content-middle vc_row-flex\"><div class=\"wpb_column vc_column_container vc_col-sm-8 vc_hidden-sm vc_hidden-xs\"><div class=\"vc_column-inner\"><div class=\"wpb_wrapper\">\n\t<div  class=\"wpb_single_image wpb_content_element vc_align_left  vc_custom_1687157441353\">\n\t\t\n\t\t<figure class=\"wpb_wrapper vc_figure\">\n\t\t\t<a href=\"https:\/\/dincarchitect.com\/wp-content\/uploads\/2023\/06\/444-1024x576.jpg\" target=\"_self\" class=\"vc_single_image-wrapper   vc_box_border_grey\"><img decoding=\"async\" width=\"1920\" height=\"1080\" src=\"https:\/\/dincarchitect.com\/wp-content\/uploads\/2023\/06\/444.jpg\" class=\"vc_single_image-img attachment-full\" alt=\"\" title=\"berlin-1\" srcset=\"https:\/\/dincarchitect.com\/wp-content\/uploads\/2023\/06\/444.jpg 1920w, https:\/\/dincarchitect.com\/wp-content\/uploads\/2023\/06\/444-1024x576.jpg 1024w, https:\/\/dincarchitect.com\/wp-content\/uploads\/2023\/06\/444-768x432.jpg 768w, https:\/\/dincarchitect.com\/wp-content\/uploads\/2023\/06\/444-1536x864.jpg 1536w, https:\/\/dincarchitect.com\/wp-content\/uploads\/2023\/06\/444-18x10.jpg 18w\" sizes=\"(max-width: 1920px) 100vw, 1920px\" \/><\/a>\n\t\t<\/figure>\n\t<\/div>\n<\/div><\/div><\/div><div class=\"wpb_column vc_column_container vc_col-sm-4\"><div class=\"vc_column-inner\"><div class=\"wpb_wrapper\"><div class=\"vc_row wpb_row vc_inner vc_row-fluid overlap-left\"><div class=\"shadow-box wpb_column vc_column_container vc_col-sm-12\"><div class=\"vc_column-inner\"><div class=\"wpb_wrapper\"><span class=\"subtitle dash-true style-dark text-default\">Herkesi \u00d6nemsiyoruz<\/span><div class=\"divider-light\"><\/div>\n\t<div class=\"wpb_text_column wpb_content_element\" >\n\t\t<div class=\"wpb_wrapper\">\n\t\t\t<div style=\"text-align: justify;\">\n<p>Art\u0131r\u0131lm\u0131\u015f Verimlilik: Mimari g\u00f6rselle\u015ftirme hizmetlerimiz g\u00f6rsel tasar\u0131m i\u00e7in gereken zaman\u0131, \u00e7abay\u0131 ve kaynaklar\u0131 d\u00fczene sokarak ekibimizin projenin i\u015flevsel tasar\u0131m ve planlama y\u00f6nlerine daha fazla odaklanmas\u0131n\u0131 sa\u011flar. Bu, \u00fcretkenli\u011fin artmas\u0131na ve ola\u011fan\u00fcst\u00fc sonu\u00e7lar sa\u011flamaya daha fazla \u00f6nem verilmesine neden olur.<\/p>\n<\/div>\n\n\t\t<\/div>\n\t<\/div>\n<a href=\"https:\/\/dincarchitect.com\/tr\/projeler\/\" class=\"btn btn-primary arrow-right\"><span>Projeleri g\u00f6r\u00fcnt\u00fcle<\/span><\/a><\/div><\/div><\/div><\/div><\/div><\/div><\/div><\/div><div class=\"vc_row wpb_row vc_row-fluid mobile-pad-0 vc_custom_1686573699020 vc_row-o-equal-height vc_row-o-content-middle vc_row-flex\"><div class=\"wpb_column vc_column_container vc_col-sm-4\"><div class=\"vc_column-inner\"><div class=\"wpb_wrapper\"><div class=\"vc_row wpb_row vc_inner vc_row-fluid overlap-right\"><div class=\"shadow-box wpb_column vc_column_container vc_col-sm-12\"><div class=\"vc_column-inner\"><div class=\"wpb_wrapper\"><span class=\"subtitle dash-true style-dark text-default\">Hizmetlerinizin Kalitesini Y\u00fckseltin<\/span><div class=\"divider-light\"><\/div>\n\t<div class=\"wpb_text_column wpb_content_element\" >\n\t\t<div class=\"wpb_wrapper\">\n\t\t\t<div style=\"text-align: justify;\">\n<p>Kalite odakl\u0131 yakla\u015f\u0131m\u0131m\u0131zla ekiplerimiz, proje onaylar\u0131n\u0131 h\u0131zland\u0131rarak niyetlerini ve tasar\u0131mlar\u0131n\u0131 m\u00fc\u015fterilere etkili bir \u015fekilde ifade edebilir. Bu, sorunsuz bir i\u015fbirli\u011fi s\u00fcreci sa\u011flar ve hizmetlerimizin genel kalitesini art\u0131r\u0131r.<\/p>\n<\/div>\n\n\t\t<\/div>\n\t<\/div>\n<a href=\"https:\/\/dincarchitect.com\/tr\/projeler\/\" class=\"btn btn-primary arrow-right\"><span>Projeleri g\u00f6r\u00fcnt\u00fcle<\/span><\/a><\/div><\/div><\/div><\/div><\/div><\/div><\/div><div class=\"wpb_column vc_column_container vc_col-sm-8\"><div class=\"vc_column-inner\"><div class=\"wpb_wrapper\">\n\t<div  class=\"wpb_single_image wpb_content_element vc_align_left  vc_custom_1687157474668\">\n\t\t\n\t\t<figure class=\"wpb_wrapper vc_figure\">\n\t\t\t<a href=\"https:\/\/dincarchitect.com\/wp-content\/uploads\/2023\/06\/m2-1024x576.jpg\" target=\"_self\" class=\"vc_single_image-wrapper   vc_box_border_grey\"><img decoding=\"async\" width=\"1920\" height=\"1080\" src=\"https:\/\/dincarchitect.com\/wp-content\/uploads\/2023\/06\/m2.jpg\" class=\"vc_single_image-img attachment-full\" alt=\"\" title=\"oturma odas\u0131 salonu\" srcset=\"https:\/\/dincarchitect.com\/wp-content\/uploads\/2023\/06\/m2.jpg 1920w, https:\/\/dincarchitect.com\/wp-content\/uploads\/2023\/06\/m2-1024x576.jpg 1024w, https:\/\/dincarchitect.com\/wp-content\/uploads\/2023\/06\/m2-768x432.jpg 768w, https:\/\/dincarchitect.com\/wp-content\/uploads\/2023\/06\/m2-1536x864.jpg 1536w, https:\/\/dincarchitect.com\/wp-content\/uploads\/2023\/06\/m2-18x10.jpg 18w\" sizes=\"(max-width: 1920px) 100vw, 1920px\" \/><\/a>\n\t\t<\/figure>\n\t<\/div>\n<\/div><\/div><\/div><\/div><div class=\"vc_row wpb_row vc_row-fluid\"><div class=\"wpb_column vc_column_container vc_col-sm-12\"><div class=\"vc_column-inner\"><div class=\"wpb_wrapper\">\n\t<div class=\"wpb_text_column wpb_content_element\" >\n\t\t<div class=\"wpb_wrapper\">\n\t\t\t<h2 style=\"text-align: center;\">Tekliflerimiz \ud83c\udfc6<\/h2>\n\n\t\t<\/div>\n\t<\/div>\n\n\t<div class=\"wpb_text_column wpb_content_element  vc_custom_1686532189791\" >\n\t\t<div class=\"wpb_wrapper\">\n\t\t\t<h3 style=\"text-align: center;\"><em><strong>Size piyasadaki en rekabet\u00e7i teklifleri garanti ediyoruz<\/strong><\/em><\/h3>\n\n\t\t<\/div>\n\t<\/div>\n\n\t<div class=\"wpb_raw_code wpb_content_element wpb_raw_html vc_custom_1686527691361\" >\n\t\t<div class=\"wpb_wrapper\">\n\t\t\t<div id=\"rpt_pricr\" class=\"rpt_plans rpt_3_plans rpt_style_basic\"><div class=\"\"><div class=\"rpt_plan  rpt_plugin_f rpt_plan_0\"><div style=\"text-align:center;\" class=\"rpt_title rpt_title_0\">Ba\u015flang\u0131\u00e7 Paketi \ud83c\udfaf<\/div><div class=\"rpt_head rpt_head_0\"><div class=\"rpt_recurrence rpt_recurrence_0\">yerine <del> 450 \u20ac <\/del><\/div><div class=\"rpt_price rpt_price_0\">390\u20ac<\/div><div style=\"color:#f48200;\" class=\"rpt_subtitle rpt_subtitle_0\">Karma\u015f\u0131kl\u0131k veya metrekare ne olursa olsun.<\/div><\/div><div class=\"rpt_features rpt_features_0\"><div style=\"color:black;\" class=\"rpt_feature rpt_feature_0-0\"><strong>3<\/strong> \u0130\u00e7\/D\u0131\u015f 3 boyutlu perspektifler\r<\/div><div style=\"color:black;\" class=\"rpt_feature rpt_feature_0-1\">\u2713 4K Kalitesi \r<\/div><div style=\"color:black;\" class=\"rpt_feature rpt_feature_0-2\">\u2713 \u00dccretsiz* revizyon\r<\/div><div style=\"color:black;\" class=\"rpt_feature rpt_feature_0-3\">\u2713 D\u00fczeltme Memnuniyetinize g\u00f6re\r<\/div><div style=\"color:black;\" class=\"rpt_feature rpt_feature_0-4\">\u2713 Logonuzun ve ileti\u015fim bilgilerinizin yer ald\u0131\u011f\u0131 d\u00fczen\r<\/div><div style=\"color:black;\" class=\"rpt_feature rpt_feature_0-5\">\u2713 7\/24 M\u00fc\u015fteri Deste\u011fi<\/div><\/div><a target=\"_self\" href=\"https:\/\/wa.me\/33761122801\" style=\"background:#f48200\" class=\"rpt_foot rpt_foot_0\" rel=\"noopener\">TEMAS ETMEK<\/a><\/div><div class=\"rpt_plan  rpt_plugin_f rpt_plan_1\"><div style=\"text-align:center;\" class=\"rpt_title rpt_title_1\">Premium Paket \ud83d\ude80<\/div><div class=\"rpt_head rpt_head_1\"><div class=\"rpt_recurrence rpt_recurrence_1\">yerine <del> 900 \u20ac <\/del><\/div><div class=\"rpt_price rpt_price_1\">690\u20ac<\/div><div style=\"color:#f48200;\" class=\"rpt_subtitle rpt_subtitle_1\">Karma\u015f\u0131kl\u0131k veya metrekare ne olursa olsun.<\/div><\/div><div class=\"rpt_features rpt_features_1\"><div style=\"color:black;\" class=\"rpt_feature rpt_feature_1-0\"><strong>6<\/strong> \u0130\u00e7\/D\u0131\u015f 3 boyutlu perspektifler\r<\/div><div style=\"color:black;\" class=\"rpt_feature rpt_feature_1-1\">\u2713 4K Kalitesi \r<\/div><div style=\"color:black;\" class=\"rpt_feature rpt_feature_1-2\">\u2713 \u00dccretsiz* revizyon\r<\/div><div style=\"color:black;\" class=\"rpt_feature rpt_feature_1-3\">\u2713 D\u00fczeltme Memnuniyetinize g\u00f6re\r<\/div><div style=\"color:black;\" class=\"rpt_feature rpt_feature_1-4\">\u2713 Logonuzun ve ileti\u015fim bilgilerinizin yer ald\u0131\u011f\u0131 d\u00fczen\r<\/div><div style=\"color:black;\" class=\"rpt_feature rpt_feature_1-5\">\u2713 7\/24 M\u00fc\u015fteri Deste\u011fi<\/div><\/div><a target=\"_self\" href=\"https:\/\/wa.me\/33761122801\" style=\"background:#f48200\" class=\"rpt_foot rpt_foot_1\" rel=\"noopener\">TEMAS ETMEK<\/a><\/div><div class=\"rpt_plan  rpt_plugin_f rpt_plan_2  #e37218\"><div style=\"text-align:center;\" class=\"rpt_title rpt_title_2\">Paket Pro \ud83c\udf1f<\/div><div class=\"rpt_head rpt_head_2\"><div class=\"rpt_recurrence rpt_recurrence_2\">yerine <del> 1490 \u20ac <\/del><\/div><div class=\"rpt_price rpt_price_2\">990\u20ac<\/div><div style=\"color:#f48200;\" class=\"rpt_subtitle rpt_subtitle_2\">Karma\u015f\u0131kl\u0131k veya metrekare ne olursa olsun.<\/div><\/div><div class=\"rpt_features rpt_features_2\"><div style=\"color:black;\" class=\"rpt_feature rpt_feature_2-0\"><strong>10<\/strong> \u0130\u00e7\/D\u0131\u015f 3 boyutlu perspektifler\r<\/div><div style=\"color:black;\" class=\"rpt_feature rpt_feature_2-1\">\u2713 4K Kalitesi \r<\/div><div style=\"color:black;\" class=\"rpt_feature rpt_feature_2-2\">\u2713 \u00dccretsiz* revizyon\r<\/div><div style=\"color:black;\" class=\"rpt_feature rpt_feature_2-3\">\u2713 D\u00fczeltme Memnuniyetinize g\u00f6re\r<\/div><div style=\"color:black;\" class=\"rpt_feature rpt_feature_2-4\">\u2713 Logonuzun ve ileti\u015fim bilgilerinizin yer ald\u0131\u011f\u0131 d\u00fczen\r<\/div><div style=\"color:black;\" class=\"rpt_feature rpt_feature_2-5\">\u2713 7\/24 M\u00fc\u015fteri Deste\u011fi<\/div><\/div><a target=\"_self\" href=\"https:\/\/wa.me\/33761122801\" style=\"background:#f48200\" class=\"rpt_foot rpt_foot_2\" rel=\"noopener\">Naber<\/a><\/div><\/div><\/div><div style=\"clear:both;\"><\/div>\n\t\t<\/div>\n\t<\/div>\n<p class=\"text-right\"><a href=\"https:\/\/dincarchitect.com\/tr\/mimar\/\" class=\"btn btn-primary arrow-right\"><span>Abonelik paketlerine bak\u0131n<\/span><\/a><\/p><\/div><\/div><\/div><\/div>\n<\/section>","protected":false},"excerpt":{"rendered":"","protected":false},"author":1,"featured_media":10877,"parent":0,"menu_order":0,"comment_status":"closed","ping_status":"closed","template":"","meta":{"footnotes":""},"acf":[],"_links":{"self":[{"href":"https:\/\/dincarchitect.com\/tr\/wp-json\/wp\/v2\/pages\/14025"}],"collection":[{"href":"https:\/\/dincarchitect.com\/tr\/wp-json\/wp\/v2\/pages"}],"about":[{"href":"https:\/\/dincarchitect.com\/tr\/wp-json\/wp\/v2\/types\/page"}],"author":[{"embeddable":true,"href":"https:\/\/dincarchitect.com\/tr\/wp-json\/wp\/v2\/users\/1"}],"replies":[{"embeddable":true,"href":"https:\/\/dincarchitect.com\/tr\/wp-json\/wp\/v2\/comments?post=14025"}],"version-history":[{"count":0,"href":"https:\/\/dincarchitect.com\/tr\/wp-json\/wp\/v2\/pages\/14025\/revisions"}],"wp:featuredmedia":[{"embeddable":true,"href":"https:\/\/dincarchitect.com\/tr\/wp-json\/wp\/v2\/media\/10877"}],"wp:attachment":[{"href":"https:\/\/dincarchitect.com\/tr\/wp-json\/wp\/v2\/media?parent=14025"}],"curies":[{"name":"wp","href":"https:\/\/api.w.org\/{rel}","templated":true}]}}