{"id":13828,"date":"2023-06-12T00:00:48","date_gmt":"2023-06-12T00:00:48","guid":{"rendered":"https:\/\/dincarchitect.com\/?page_id=13828"},"modified":"2023-09-02T09:00:28","modified_gmt":"2023-09-02T09:00:28","slug":"services","status":"publish","type":"page","link":"https:\/\/dincarchitect.com\/tr\/hizmetler\/","title":{"rendered":"Hizmetler"},"content":{"rendered":"<section class=\"wpb-content-wrapper\"><div class=\"vc_row wpb_row vc_row-fluid vc_custom_1534237978396\"><div class=\"wpb_column vc_column_container vc_col-sm-12\"><div class=\"vc_column-inner\"><div class=\"wpb_wrapper\">\n\t<div class=\"wpb_text_column wpb_content_element\" >\n\t\t<div class=\"wpb_wrapper\">\n\t\t\t<h2 style=\"text-align: center;\">Ultra Ger\u00e7ek\u00e7i 3D Tasar\u0131mlar Olu\u015fturma<\/h2>\n\n\t\t<\/div>\n\t<\/div>\n\n\t<div class=\"wpb_text_column wpb_content_element\" >\n\t\t<div class=\"wpb_wrapper\">\n\t\t\t<div style=\"text-align: justify;\">\n<p style=\"text-align: left;\">Odak noktam\u0131z yaln\u0131zca teknik olarak do\u011fru 3D g\u00f6r\u00fcnt\u00fcler \u00fcretmek de\u011fil, daha da \u00f6nemlisi, kusursuz estetikle y\u00fcksek \u00e7\u00f6z\u00fcn\u00fcrl\u00fckl\u00fc g\u00f6rseller sunmakt\u0131r. Duygular\u0131 uyand\u0131ran ve i\u015finize g\u00fcven a\u015f\u0131layan ultra ger\u00e7ek\u00e7i 3D g\u00f6r\u00fcnt\u00fcler yaratmaya \u00e7al\u0131\u015f\u0131yoruz. Bu g\u00f6r\u00fcnt\u00fcler, projelerinizi geli\u015ftirmek ve becerilerinizi sergilemek i\u00e7in tasarlanm\u0131\u015ft\u0131r.<\/p>\n<\/div>\n\n\t\t<\/div>\n\t<\/div>\n<div class=\"dash style-dark centered\"><\/div>\n\t<div class=\"wpb_text_column wpb_content_element\" >\n\t\t<div class=\"wpb_wrapper\">\n\t\t\t<div class=\"vc_row wpb_row vc_row-fluid\"><\/div><div class=\"wpb_column vc_column_container vc_col-sm-12\"><div class=\"vc_column-inner\"><div class=\"wpb_wrapper\"><\/div><\/div><\/div>\n\t<div class=\"wpb_text_column wpb_content_element\" >\n\t\t<div class=\"wpb_wrapper\">\n\t\t\t\n\t\t<\/div>\n\t<\/div>\n<p><!-- Birinci hizmet \u00f6\u011fesi --><\/p>\n<div id=\"hizmet1\" class=\"wpb_column vc_column_container vc_col-sm-3\">\n<div class=\"vc_column-inner\">\n<div class=\"wpb_wrapper\">\n<div class=\"content-box service-item alignment-default service-box-gray spacing-30\">\n<div class=\"image-container\">\n<div class=\"vertical-number-box\"><span class=\"vertical-number\">01<\/span><\/div>\n<div class=\"arrow-box\"><\/div>\n<p><img decoding=\"async\" src=\"https:\/\/dincarchitect.com\/wp-content\/uploads\/2023\/06\/dastudio-service-1.jpg\" alt=\"Mimari\" width=\"360\" height=\"500\" \/><\/p>\n<\/div>\n<div class=\"content-box-info\">\n<div class=\"box-heading-container\">\n<div class=\"box-heading\"><strong>Basit Alan<\/strong><\/div>\n<div class=\"price-info-container\"><span class=\"price-info\" style=\"color: #e37218; font-size: 16px;\">49 \u20ac<\/span><\/div>\n<\/div>\n<div style=\"text-align: justify; margin-top: 10px;\">Yatak odas\u0131, ofis, giri\u015f hol\u00fc, standart banyo, k\u00fc\u00e7\u00fck vitrin\u2026<\/div>\n<div class=\"content-description\"><\/div>\n<div class=\"btn-read-more\"><a style=\"color: #e37218;\" href=\"https:\/\/dincarchitect.com\/tr\/basit-uzay\/\">Daha fazla bilgi edin<\/a><\/div>\n<\/div>\n<\/div>\n<\/div>\n<\/div>\n<\/div>\n<p><!-- \u0130kinci hizmet \u00f6\u011fesi --><\/p>\n<div class=\"wpb_column vc_column_container vc_col-sm-3\">\n<div class=\"vc_column-inner\">\n<div class=\"wpb_wrapper\">\n<div class=\"content-box service-item alignment-default service-box-gray spacing-30\">\n<div class=\"image-container\">\n<div class=\"vertical-number-box\"><span class=\"vertical-number\">02<\/span><\/div>\n<div class=\"arrow-box\"><\/div>\n<p><img decoding=\"async\" src=\"https:\/\/dincarchitect.com\/wp-content\/uploads\/2023\/06\/dastudio-service-2.jpg\" alt=\"Mimari\" width=\"360\" height=\"500\" \/><\/p>\n<\/div>\n<div class=\"content-box-info\">\n<div class=\"box-heading-container\">\n<div class=\"box-heading\"><strong>Yar\u0131 Karma\u015f\u0131k Uzay<\/strong><\/div>\n<div class=\"price-info-container\"><span class=\"price-info\" style=\"color: #e37218; font-size: 16px;\">99 \u20ac<\/span><\/div>\n<\/div>\n<div style=\"text-align: justify; margin-top: 10px;\">\n<p>Standart mutfak, oturma odas\u0131, yemek odas\u0131, geni\u015f banyo, teras\u2026<\/p>\n<\/div>\n<div class=\"content-description\"><\/div>\n<div class=\"btn-read-more\"><a style=\"color: #e37218;\" href=\"https:\/\/dincarchitect.com\/tr\/yari-karmasik-alan\/\">Daha fazla bilgi edin<\/a><\/div>\n<\/div>\n<\/div>\n<\/div>\n<\/div>\n<\/div>\n<p><!-- \u00dc\u00e7\u00fcnc\u00fc hizmet \u00f6\u011fesi --><\/p>\n<div class=\"wpb_column vc_column_container vc_col-sm-3\">\n<div class=\"vc_column-inner\">\n<div class=\"wpb_wrapper\">\n<div class=\"content-box service-item alignment-default service-box-gray spacing-30\">\n<div class=\"image-container\">\n<div class=\"vertical-number-box\"><span class=\"vertical-number\">03<\/span><\/div>\n<div class=\"arrow-box\"><\/div>\n<p><img decoding=\"async\" src=\"https:\/\/dincarchitect.com\/wp-content\/uploads\/2023\/06\/dastudio-service-3.jpg\" alt=\"Mimari\" width=\"360\" height=\"500\" \/><\/p>\n<\/div>\n<div class=\"content-box-info\">\n<div class=\"box-heading-container\">\n<div class=\"box-heading\"><strong>Karma\u015f\u0131k Alan<\/strong><\/div>\n<div class=\"price-info-container\"><span class=\"price-info\" style=\"color: #e37218; font-size: 16px;\">149 \u20ac<\/span><\/div>\n<\/div>\n<div style=\"text-align: justify; margin-top: 10px;\">\n<p>Salon + standart mutfak, salon + yemek odas\u0131, geni\u015f mutfak\u2026<\/p>\n<\/div>\n<div class=\"content-description\"><\/div>\n<div class=\"btn-read-more\"><a style=\"color: #e37218;\" href=\"https:\/\/dincarchitect.com\/tr\/karmasik-alan\/\">Daha fazla bilgi edin<\/a><\/div>\n<\/div>\n<\/div>\n<\/div>\n<\/div>\n<\/div>\n<p><!-- D\u00f6rd\u00fcnc\u00fc hizmet \u00f6\u011fesi --><\/p>\n<div class=\"wpb_column vc_column_container vc_col-sm-3\">\n<div class=\"vc_column-inner\">\n<div class=\"wpb_wrapper\">\n<div class=\"content-box service-item alignment-default service-box-gray spacing-30\">\n<div class=\"image-container\">\n<div class=\"vertical-number-box\"><span class=\"vertical-number\">04<\/span><\/div>\n<div class=\"arrow-box\"><\/div>\n<p><img decoding=\"async\" src=\"https:\/\/dincarchitect.com\/wp-content\/uploads\/2023\/06\/dastudio-service-4.jpg\" alt=\"Mimari\" width=\"360\" height=\"500\" \/><\/p>\n<\/div>\n<div class=\"content-box-info\">\n<div class=\"box-heading-container\">\n<div class=\"box-heading\"><strong>B\u00fcy\u00fck Boy Alan<\/strong><\/div>\n<div class=\"price-info-container\"><span class=\"price-info\" style=\"color: #e37218; font-size: 16px;\">199 \u20ac<\/span><\/div>\n<\/div>\n<div style=\"text-align: justify; margin-top: 10px;\">\n<p>Ma\u011faza, restoran salonu, performans salonu\u2026 Temel g\u00f6sterge oran.<\/p>\n<\/div>\n<div class=\"content-description\"><\/div>\n<div class=\"btn-read-more\"><a style=\"color: #e37218;\" href=\"https:\/\/dincarchitect.com\/tr\/standart-disi-alan\/\">Daha fazla bilgi edin<\/a><\/div>\n<div><\/div>\n<\/div>\n<\/div>\n<\/div>\n<\/div>\n<\/div>\n<div><span style=\"color: #ffffff;\">.<\/span><\/div>\n<p><!-- Be\u015finci hizmet \u00f6\u011fesi --><\/p>\n<div class=\"wpb_column vc_column_container vc_col-sm-3\">\n<div class=\"vc_column-inner\">\n<div class=\"wpb_wrapper\">\n<div class=\"content-box service-item alignment-default service-box-gray spacing-30\">\n<div class=\"image-container\">\n<div class=\"vertical-number-box\"><span class=\"vertical-number\">05<\/span><\/div>\n<div class=\"arrow-box\"><\/div>\n<p><img decoding=\"async\" src=\"https:\/\/dincarchitect.com\/wp-content\/uploads\/2023\/06\/dastudio-service-5.jpg\" alt=\"Mimari\" width=\"360\" height=\"500\" \/><\/p>\n<\/div>\n<div class=\"content-box-info\">\n<div class=\"box-heading-container\">\n<div class=\"box-heading\"><strong>m\u00fcstakil ev<\/strong><\/div>\n<div class=\"price-info-container\"><span class=\"price-info\" style=\"color: #e37218; font-size: 16px;\">149 \u20ac<\/span><\/div>\n<\/div>\n<div style=\"text-align: justify; margin-top: 10px;\">\n<p>D\u0131\u015f g\u00f6r\u00fcn\u00fcm. Bunun gibi standart bir ortam i\u00e7in temel oran.<\/p>\n<\/div>\n<div class=\"content-description\"><\/div>\n<div class=\"btn-read-more\"><a style=\"color: #e37218;\" href=\"https:\/\/dincarchitect.com\/tr\/mustakil-ev\/\">Daha fazla bilgi edin<\/a><\/div>\n<\/div>\n<\/div>\n<\/div>\n<\/div>\n<\/div>\n<p><!-- Alt\u0131nc\u0131 hizmet \u00f6\u011fesi --><\/p>\n<div class=\"wpb_column vc_column_container vc_col-sm-3\">\n<div class=\"vc_column-inner\">\n<div class=\"wpb_wrapper\">\n<div class=\"content-box service-item alignment-default service-box-gray spacing-30\">\n<div class=\"image-container\">\n<div class=\"vertical-number-box\"><span class=\"vertical-number\">06<\/span><\/div>\n<div class=\"arrow-box\"><\/div>\n<p><img decoding=\"async\" src=\"https:\/\/dincarchitect.com\/wp-content\/uploads\/2023\/06\/dastudio-service-6.jpg\" alt=\"Mimari\" width=\"360\" height=\"500\" \/><\/p>\n<\/div>\n<div class=\"content-box-info\">\n<div class=\"box-heading-container\">\n<div class=\"box-heading\"><strong>Toplu Bina<\/strong><\/div>\n<div class=\"price-info-container\"><span class=\"price-info\" style=\"color: #e37218; font-size: 16px;\">199 \u20ac<\/span><\/div>\n<\/div>\n<div style=\"text-align: justify; margin-top: 10px;\">\n<p>Konut, ticari binalar, depolar vb.<\/p>\n<\/div>\n<div class=\"content-description\"><\/div>\n<div class=\"btn-read-more\"><a style=\"color: #e37218;\" href=\"https:\/\/dincarchitect.com\/tr\/kolektif-bina\/\">Daha fazla bilgi edin<\/a><\/div>\n<\/div>\n<\/div>\n<\/div>\n<\/div>\n<\/div>\n<p><!-- Yedinci hizmet \u00f6\u011fesi --><\/p>\n<div class=\"wpb_column vc_column_container vc_col-sm-3\">\n<div class=\"vc_column-inner\">\n<div class=\"wpb_wrapper\">\n<div class=\"content-box service-item alignment-default service-box-gray spacing-30\">\n<div class=\"image-container\">\n<div class=\"vertical-number-box\"><span class=\"vertical-number\">07<\/span><\/div>\n<div class=\"arrow-box\"><\/div>\n<p><img decoding=\"async\" src=\"https:\/\/dincarchitect.com\/wp-content\/uploads\/2023\/09\/dastudio-service-7-copy.jpg\" alt=\"Mimari\" width=\"360\" height=\"500\" \/><\/p>\n<\/div>\n<div class=\"content-box-info\">\n<div class=\"box-heading-container\">\n<div class=\"box-heading\"><strong>Foto\u011fraf Montaj\u0131 \u0130\u00e7 Mekan<\/strong><\/div>\n<div class=\"price-info-container\"><span class=\"price-info\" style=\"color: #e37218; font-size: 16px;\">149 \u20ac<\/span><\/div>\n<\/div>\n<div style=\"text-align: justify; margin-top: 10px;\">\n<p>\u0130\u00e7i a\u00e7\u0131k veya i\u00e7 k\u0131sm\u0131 olmayan m\u00fcstakil ev\u2026<\/p>\n<\/div>\n<div class=\"content-description\"><\/div>\n<div class=\"btn-read-more\"><a style=\"color: #e37218;\" href=\"https:\/\/dincarchitect.com\/tr\/fotomontaj\/\">Daha fazla bilgi edin<\/a><\/div>\n<\/div>\n<\/div>\n<\/div>\n<\/div>\n<\/div>\n<p><!-- Sekizinci hizmet \u00f6\u011fesi --><\/p>\n<div class=\"wpb_column vc_column_container vc_col-sm-3\">\n<div class=\"vc_column-inner\">\n<div class=\"wpb_wrapper\">\n<div class=\"content-box service-item alignment-default service-box-gray spacing-30\">\n<div class=\"image-container\">\n<div class=\"vertical-number-box\"><span class=\"vertical-number\">08<\/span><\/div>\n<div class=\"arrow-box\"><\/div>\n<p><img decoding=\"async\" src=\"https:\/\/dincarchitect.com\/wp-content\/uploads\/2023\/06\/dastudio-service-8.jpg\" alt=\"Mimari\" width=\"360\" height=\"500\" \/><\/p>\n<\/div>\n<div class=\"content-box-info\">\n<div class=\"box-heading-container\">\n<div class=\"box-heading\"><strong>D\u0131\u015f Foto\u011fraf Montaj\u0131<\/strong><\/div>\n<div class=\"price-info-container\"><span class=\"price-info\" style=\"color: #e37218; font-size: 16px;\">199 \u20ac<\/span><\/div>\n<\/div>\n<div style=\"text-align: justify; margin-top: 10px;\">\n<p>D\u0131\u015f cepheli veya cephesiz m\u00fcstakil bina\u2026<\/p>\n<\/div>\n<div class=\"content-description\"><\/div>\n<div class=\"btn-read-more\"><a style=\"color: #e37218;\" href=\"https:\/\/dincarchitect.com\/tr\/foto-montaj-2\/\">Daha fazla bilgi edin<\/a><\/div>\n<div><\/div>\n<\/div>\n<\/div>\n<\/div>\n<\/div>\n<\/div>\n<div><span style=\"color: #ffffff;\">&#8230;.<\/span><\/div>\n<p><!-- Dokuzuncu hizmet \u00f6\u011fesi --><\/p>\n<div class=\"wpb_column vc_column_container vc_col-sm-3\">\n<div class=\"vc_column-inner\">\n<div class=\"wpb_wrapper\">\n<div class=\"content-box service-item alignment-default service-box-gray spacing-30\">\n<div class=\"image-container\">\n<div class=\"vertical-number-box\"><span class=\"vertical-number\">09<\/span><\/div>\n<div class=\"arrow-box\"><\/div>\n<p><img decoding=\"async\" src=\"https:\/\/dincarchitect.com\/wp-content\/uploads\/2023\/06\/dastudio-service-9.jpg\" alt=\"Mimari\" width=\"360\" height=\"500\" \/><\/p>\n<\/div>\n<div class=\"content-box-info\">\n<div class=\"box-heading-container\">\n<div class=\"box-heading\"><strong>1. film<\/strong><\/div>\n<div class=\"price-info-container\"><span class=\"price-info\" style=\"color: #e37218; font-size: 16px;\">399 \u20ac<\/span><\/div>\n<\/div>\n<div style=\"text-align: justify; margin-top: 10px;\">\n<p>1 dakikadan az s\u00fcren bir film paketi\u2026<\/p>\n<\/div>\n<div class=\"content-description\"><\/div>\n<div class=\"btn-read-more\"><a style=\"color: #e37218;\" href=\"https:\/\/dincarchitect.com\/tr\/film-1-dakika\/\">Daha fazla bilgi edin<\/a><\/div>\n<\/div>\n<\/div>\n<\/div>\n<\/div>\n<\/div>\n<p><!-- Onuncu hizmet \u00f6\u011fesi --><\/p>\n<div class=\"wpb_column vc_column_container vc_col-sm-3\">\n<div class=\"vc_column-inner\">\n<div class=\"wpb_wrapper\">\n<div class=\"content-box service-item alignment-default service-box-gray spacing-30\">\n<div class=\"image-container\">\n<div class=\"vertical-number-box\"><span class=\"vertical-number\">10<\/span><\/div>\n<div class=\"arrow-box\"><\/div>\n<p><img decoding=\"async\" src=\"https:\/\/dincarchitect.com\/wp-content\/uploads\/2023\/06\/dastudio-service-10.jpg\" alt=\"Mimari\" width=\"360\" height=\"500\" \/><\/p>\n<\/div>\n<div class=\"content-box-info\">\n<div class=\"box-heading-container\">\n<div class=\"box-heading\"><strong>2. film<\/strong><\/div>\n<div class=\"price-info-container\"><span class=\"price-info\" style=\"color: #e37218; font-size: 16px;\">499 \u20ac<\/span><\/div>\n<\/div>\n<div style=\"text-align: justify; margin-top: 10px;\">\n<p>2 dakikadan az s\u00fcren bir film paketi\u2026<\/p>\n<\/div>\n<div class=\"content-description\"><\/div>\n<div class=\"btn-read-more\"><a style=\"color: #e37218;\" href=\"https:\/\/dincarchitect.com\/tr\/film-2-dakikalik\/\">Daha fazla bilgi edin<\/a><\/div>\n<\/div>\n<\/div>\n<\/div>\n<\/div>\n<\/div>\n<p><!-- Onbirinci hizmet \u00f6\u011fesi --><\/p>\n<div class=\"wpb_column vc_column_container vc_col-sm-3\">\n<div class=\"vc_column-inner\">\n<div class=\"wpb_wrapper\">\n<div class=\"content-box service-item alignment-default service-box-gray spacing-30\">\n<div class=\"image-container\">\n<div class=\"vertical-number-box\"><span class=\"vertical-number\">11<\/span><\/div>\n<div class=\"arrow-box\"><\/div>\n<p><img decoding=\"async\" src=\"https:\/\/dincarchitect.com\/wp-content\/uploads\/2023\/06\/dastudio-service-11.jpg\" alt=\"Mimari\" width=\"360\" height=\"500\" \/><\/p>\n<\/div>\n<div class=\"content-box-info\">\n<div class=\"box-heading-container\">\n<div class=\"box-heading\"><strong>Sat\u0131\u015f plan\u0131<\/strong><\/div>\n<div class=\"price-info-container\"><span class=\"price-info\" style=\"color: #e37218; font-size: 16px;\">19 \u20ac<\/span><\/div>\n<\/div>\n<div style=\"text-align: justify; margin-top: 10px;\">\n<p>Her kat i\u00e7in sat\u0131\u015f plan\u0131\u2026<\/p>\n<\/div>\n<div class=\"content-description\"><\/div>\n<div class=\"btn-read-more\"><a style=\"color: #e37218;\" href=\"https:\/\/dincarchitect.com\/tr\/satis-plani\/\">Daha fazla bilgi edin<\/a><\/div>\n<\/div>\n<\/div>\n<\/div>\n<\/div>\n<\/div>\n<p><!-- Onikinci hizmet \u00f6\u011fesi --><\/p>\n<div class=\"wpb_column vc_column_container vc_col-sm-3\">\n<div class=\"vc_column-inner\">\n<div class=\"wpb_wrapper\">\n<div class=\"content-box service-item alignment-default service-box-gray spacing-30\">\n<div class=\"image-container\">\n<div class=\"vertical-number-box\"><span class=\"vertical-number\">12<\/span><\/div>\n<div class=\"arrow-box\"><\/div>\n<p><img decoding=\"async\" src=\"https:\/\/dincarchitect.com\/wp-content\/uploads\/2023\/06\/dastudio-service-12.jpg\" alt=\"Mimari\" width=\"360\" height=\"500\" \/><\/p>\n<\/div>\n<div class=\"content-box-info\">\n<div class=\"box-heading-container\">\n<div class=\"box-heading\"><strong>2d plan\u0131<\/strong><\/div>\n<div class=\"price-info-container\"><span class=\"price-info\" style=\"color: #e37218; font-size: 16px;\">29 \u20ac<\/span><\/div>\n<\/div>\n<div style=\"text-align: justify; margin-top: 10px;\">\n<p>Her kat i\u00e7in 2d plan\u2026<\/p>\n<\/div>\n<div class=\"content-description\"><\/div>\n<div class=\"btn-read-more\"><a style=\"color: #e37218;\" href=\"https:\/\/dincarchitect.com\/tr\/plan-2d\/\">Daha fazla bilgi edin<\/a><\/div>\n<div><\/div>\n<\/div>\n<\/div>\n<\/div>\n<\/div>\n<\/div>\n<div><span style=\"color: #ffffff;\">&#8230;.<\/span><\/div>\n<p><!-- Onucuncu hizmet \u00f6\u011fesi --><\/p>\n<div class=\"wpb_column vc_column_container vc_col-sm-3\">\n<div class=\"vc_column-inner\">\n<div class=\"wpb_wrapper\">\n<div class=\"content-box service-item alignment-default service-box-gray spacing-30\">\n<div class=\"image-container\">\n<div class=\"vertical-number-box\"><span class=\"vertical-number\">13<\/span><\/div>\n<div class=\"arrow-box\"><\/div>\n<p><img decoding=\"async\" src=\"https:\/\/dincarchitect.com\/wp-content\/uploads\/2023\/06\/dastudio-service-13.jpg\" alt=\"Mimari\" width=\"360\" height=\"500\" \/><\/p>\n<\/div>\n<div class=\"content-box-info\">\n<div class=\"box-heading-container\">\n<div class=\"box-heading\"><strong>360\u00b0 Panoramik G\u00f6r\u00fcn\u00fcm<\/strong><\/div>\n<div class=\"price-info-container\"><span class=\"price-info\" style=\"color: #e37218; font-size: 16px;\">99 \u20ac<\/span><\/div>\n<\/div>\n<div style=\"text-align: justify; margin-top: 10px;\">\n<p>Alan ba\u015f\u0131na fiyat, 3D g\u00f6r\u00fcn\u00fcmlerin fiyat\u0131na eklenecektir.<\/p>\n<\/div>\n<div class=\"content-description\"><\/div>\n<div class=\"btn-read-more\"><a style=\"color: #e37218;\" href=\"https:\/\/dincarchitect.com\/tr\/360-panoramik-gorunum\/\">Daha fazla bilgi edin<\/a><\/div>\n<\/div>\n<\/div>\n<\/div>\n<\/div>\n<\/div>\n<p><!-- Ondorduncu hizmet \u00f6\u011fesi --><\/p>\n<div class=\"wpb_column vc_column_container vc_col-sm-3\">\n<div class=\"vc_column-inner\">\n<div class=\"wpb_wrapper\">\n<div class=\"content-box service-item alignment-default service-box-gray spacing-30\">\n<div class=\"image-container\">\n<div class=\"vertical-number-box\"><span class=\"vertical-number\">14<\/span><\/div>\n<div class=\"arrow-box\"><\/div>\n<p><img decoding=\"async\" src=\"https:\/\/dincarchitect.com\/wp-content\/uploads\/2023\/06\/dastudio-service-14.jpg\" alt=\"Mimari\" width=\"360\" height=\"500\" \/><\/p>\n<\/div>\n<div class=\"content-box-info\">\n<div class=\"box-heading-container\">\n<div class=\"box-heading\"><strong>aksonometri<\/strong><\/div>\n<div class=\"price-info-container\"><span class=\"price-info\" style=\"color: #e37218; font-size: 16px;\">99 \u20ac<\/span><\/div>\n<\/div>\n<div style=\"text-align: justify; margin-top: 10px;\">\n<p>Basit bir alan i\u00e7in 39 \u20ac,<br \/>\nYar\u0131 karma\u015f\u0131k bir alan i\u00e7in 49 \u20ac,<br \/>\nKarma\u015f\u0131k bir alan i\u00e7in 59 \u20ac.<\/p>\n<\/div>\n<div class=\"content-description\"><\/div>\n<div class=\"btn-read-more\"><a style=\"color: #e37218;\" href=\"https:\/\/dincarchitect.com\/tr\/aksonometri\/\">Daha fazla bilgi edin<\/a><\/div>\n<\/div>\n<\/div>\n<\/div>\n<\/div>\n<\/div>\n<p><!-- Onbe\u015finci hizmet \u00f6\u011fesi --><\/p>\n<div class=\"wpb_column vc_column_container vc_col-sm-3\">\n<div class=\"vc_column-inner\">\n<div class=\"wpb_wrapper\">\n<div class=\"content-box service-item alignment-default service-box-gray spacing-30\">\n<div class=\"image-container\">\n<div class=\"vertical-number-box\"><span class=\"vertical-number\">15<\/span><\/div>\n<div class=\"arrow-box\"><\/div>\n<p><img decoding=\"async\" src=\"https:\/\/dincarchitect.com\/wp-content\/uploads\/2023\/06\/dastudio-service-15.jpg\" alt=\"Mimari\" width=\"360\" height=\"500\" \/><\/p>\n<\/div>\n<div class=\"content-box-info\">\n<div class=\"box-heading-container\">\n<div class=\"box-heading\"><strong>mimari proje<\/strong><\/div>\n<div class=\"price-info-container\"><span class=\"price-info\" style=\"color: #e37218; font-size: 16px;\">699 \u20ac<\/span><\/div>\n<\/div>\n<div style=\"text-align: justify; margin-top: 10px;\">\n<p>Mimari proje, kat plan\u0131, kesit detaylar\u0131\u2026<\/p>\n<\/div>\n<div class=\"content-description\"><\/div>\n<div class=\"btn-read-more\"><a style=\"color: #e37218;\" href=\"https:\/\/dincarchitect.com\/tr\/mimari-proje\/\">Daha fazla bilgi edin<\/a><\/div>\n<\/div>\n<\/div>\n<\/div>\n<\/div>\n<\/div>\n<p><!-- Onalt\u0131nc\u0131 hizmet \u00f6\u011fesi --><\/p>\n<div class=\"wpb_column vc_column_container vc_col-sm-3\">\n<div class=\"vc_column-inner\">\n<div class=\"wpb_wrapper\">\n<div class=\"content-box service-item alignment-default service-box-gray spacing-30\">\n<div class=\"image-container\">\n<div class=\"vertical-number-box\"><span class=\"vertical-number\">16<\/span><\/div>\n<div class=\"arrow-box\"><\/div>\n<p><img decoding=\"async\" src=\"https:\/\/dincarchitect.com\/wp-content\/uploads\/2023\/06\/dastudio-service-16.jpg\" alt=\"Mimari\" width=\"360\" height=\"500\" \/><\/p>\n<\/div>\n<div class=\"content-box-info\">\n<div class=\"box-heading-container\">\n<div class=\"box-heading\"><strong>kopya<\/strong><\/div>\n<div class=\"price-info-container\"><span class=\"price-info\" style=\"color: #e37218; font-size: 16px;\">50 %<\/span><\/div>\n<\/div>\n<div style=\"text-align: justify; margin-top: 10px;\">\n<p>Ayn\u0131 lokasyonun farkl\u0131 a\u00e7\u0131lardan renderlar\u0131, T\u00fcm fiyatlar\u0131m\u0131za eklenecek ek \u00fccret.<\/p>\n<\/div>\n<div class=\"content-description\"><\/div>\n<div class=\"btn-read-more\"><a style=\"color: #e37218;\" href=\"https:\/\/dincarchitect.com\/tr\/kopya\/\">Daha fazla bilgi edin<\/a><\/div>\n<\/div>\n<\/div>\n<\/div>\n<\/div>\n<\/div>\n<p><!-- Hizmet Sonu --><\/p>\n<div id=\"gtx-trans\" style=\"position: absolute; left: 227px; top: 5235.55px;\">\n<div class=\"gtx-trans-icon\"><\/div>\n<\/div>\n\n\t\t<\/div>\n\t<\/div>\n<\/div><\/div><\/div><\/div><div class=\"vc_row wpb_row vc_row-fluid\"><div class=\"wpb_column vc_column_container vc_col-sm-6\"><div class=\"vc_column-inner\"><div class=\"wpb_wrapper\">\n\t<div class=\"wpb_text_column wpb_content_element\" >\n\t\t<div class=\"wpb_wrapper\">\n\t\t\t<p><strong>Fiyatlar t\u00fcm standart projelerimiz i\u00e7in ge\u00e7erlidir. <\/strong><\/p>\n<p><strong>Herhangi bir \u00f6zel proje i\u00e7in l\u00fctfen ayr\u0131nt\u0131l\u0131 bir teklif isteyin.<\/strong><\/p>\n\n\t\t<\/div>\n\t<\/div>\n\n\t<div  class=\"wpb_single_image wpb_content_element vc_align_left\">\n\t\t\n\t\t<figure class=\"wpb_wrapper vc_figure\">\n\t\t\t<div class=\"vc_single_image-wrapper   vc_box_border_grey\"><img decoding=\"async\" class=\"vc_single_image-img\" src=\"https:\/\/dincarchitect.com\/wp-content\/uploads\/2023\/06\/dastudio-twin-1.png\" width=\"550\" height=\"320\" alt=\"dastudio-twin-1\" title=\"dastudio-twin-1\" \/><\/div>\n\t\t<\/figure>\n\t<\/div>\n<\/div><\/div><\/div><div class=\"wpb_column vc_column_container vc_col-sm-6\"><div class=\"vc_column-inner\"><div class=\"wpb_wrapper\">\n\t<div class=\"wpb_text_column wpb_content_element\" >\n\t\t<div class=\"wpb_wrapper\">\n\t\t\t<h2>DO\u011eRU KOPYALAR<\/h2>\n<p>T\u00fcm 3B perspektif oranlar\u0131m\u0131zda 50% ek \u00fccrete izin verdi\u011fimiz &quot;Sad\u0131k Kopyalar&quot; adl\u0131 \u00f6zel bir hizmet sunuyoruz. Bu ek \u00fccret, modeller, stiller, dokular, boyutlar, konumlar veya renkler gibi \u00e7ok say\u0131da nesne \u00f6zelli\u011finin titizlikle yeniden \u00fcretilmesini gerektiren projeler i\u00e7in ge\u00e7erlidir. Belirli bir g\u00f6r\u00fcn\u00fcm\u00fc ve hissi do\u011fru bir \u015fekilde yeniden yaratmay\u0131 ama\u00e7layan i\u00e7 mimarlar veya dekorat\u00f6rler i\u00e7in \u00f6zellikle yararl\u0131d\u0131r.<\/p>\n<p>Sad\u0131k \u00c7o\u011faltma hizmetimizle, istenen tasar\u0131m\u0131n her y\u00f6n\u00fcn\u00fcn asl\u0131na uygun bir \u015fekilde \u00e7o\u011falt\u0131lmas\u0131n\u0131 ve en k\u00fc\u00e7\u00fck ayr\u0131nt\u0131lara bile dikkat edilmesini sa\u011fl\u0131yoruz. Bu, m\u00fc\u015fterilerimizin projelerinde y\u00fcksek d\u00fczeyde do\u011fruluk ve kesinlik elde etmelerini sa\u011flayarak \u00e7arp\u0131c\u0131 ve ger\u00e7e\u011fe yak\u0131n sonu\u00e7lar elde etmelerini sa\u011flar.<\/p>\n<p>Belirli bir esteti\u011fi yeniden yaratmak, belirli tasar\u0131m \u00f6\u011felerini e\u015fle\u015ftirmek veya bir alan boyunca tutarl\u0131l\u0131\u011f\u0131 korumak olsun, Faithful Dplications hizmetimiz, titiz \u00e7o\u011faltma arayanlar\u0131n ihtiya\u00e7lar\u0131n\u0131 kar\u015f\u0131lar. Yetenekli uzman ekibimiz, m\u00fc\u015fterilerimizin beklentilerini a\u015fan ola\u011fan\u00fcst\u00fc sonu\u00e7lar sunmaya kendini adam\u0131\u015ft\u0131r.<\/p>\n\n\t\t<\/div>\n\t<\/div>\n<\/div><\/div><\/div><\/div>\n<\/section>","protected":false},"excerpt":{"rendered":"Ultra Ger\u00e7ek\u00e7i 3D Tasar\u0131mlar Yaratmak Odak noktam\u0131z yaln\u0131zca teknik a\u00e7\u0131dan do\u011fru 3D g\u00f6r\u00fcnt\u00fcler \u00fcretmek de\u011fil, daha da \u00f6nemlisi kusursuz estetikle y\u00fcksek \u00e7\u00f6z\u00fcn\u00fcrl\u00fckl\u00fc g\u00f6rseller sunmakt\u0131r. Duygular\u0131 uyand\u0131ran ve i\u015finize g\u00fcven a\u015f\u0131layan ultra ger\u00e7ek\u00e7i 3D g\u00f6r\u00fcnt\u00fcler olu\u015fturmaya \u00e7al\u0131\u015f\u0131yoruz. Bu g\u00f6r\u00fcnt\u00fcler projelerinizi geli\u015ftirmek ve becerilerinizi sergilemek i\u00e7in tasarlanm\u0131\u015ft\u0131r. 01 Basit Uzay [...]","protected":false},"author":1,"featured_media":0,"parent":0,"menu_order":0,"comment_status":"closed","ping_status":"closed","template":"page-services.php","meta":{"footnotes":""},"acf":[],"_links":{"self":[{"href":"https:\/\/dincarchitect.com\/tr\/wp-json\/wp\/v2\/pages\/13828"}],"collection":[{"href":"https:\/\/dincarchitect.com\/tr\/wp-json\/wp\/v2\/pages"}],"about":[{"href":"https:\/\/dincarchitect.com\/tr\/wp-json\/wp\/v2\/types\/page"}],"author":[{"embeddable":true,"href":"https:\/\/dincarchitect.com\/tr\/wp-json\/wp\/v2\/users\/1"}],"replies":[{"embeddable":true,"href":"https:\/\/dincarchitect.com\/tr\/wp-json\/wp\/v2\/comments?post=13828"}],"version-history":[{"count":0,"href":"https:\/\/dincarchitect.com\/tr\/wp-json\/wp\/v2\/pages\/13828\/revisions"}],"wp:attachment":[{"href":"https:\/\/dincarchitect.com\/tr\/wp-json\/wp\/v2\/media?parent=13828"}],"curies":[{"name":"wp","href":"https:\/\/api.w.org\/{rel}","templated":true}]}}