{"id":13774,"date":"2023-06-12T00:00:56","date_gmt":"2023-06-12T00:00:56","guid":{"rendered":"https:\/\/dincarchitect.com\/?page_id=13774"},"modified":"2023-06-12T00:56:36","modified_gmt":"2023-06-12T00:56:36","slug":"terms-and-conditions","status":"publish","type":"page","link":"https:\/\/dincarchitect.com\/tr\/sartlar-ve-kosullar\/","title":{"rendered":"\u015eartlar ve ko\u015fullar"},"content":{"rendered":"<section class=\"wpb-content-wrapper\"><div class=\"vc_row wpb_row vc_row-fluid vc_custom_1686439582595\"><div class=\"wpb_column vc_column_container vc_col-sm-12\"><div class=\"vc_column-inner\"><div class=\"wpb_wrapper\"><span class=\"subtitle dash-true style-dark text-default\">dincarchitect.com<\/span>\n\t<div class=\"wpb_text_column wpb_content_element\" >\n\t\t<div class=\"wpb_wrapper\">\n\t\t\t<h2 style=\"text-align: center;\">\u015eartlar ve ko\u015fullar<\/h2>\n\n\t\t<\/div>\n\t<\/div>\n<\/div><\/div><\/div><\/div><div class=\"vc_row wpb_row vc_row-fluid vc_custom_1686439565266\"><div class=\"wpb_column vc_column_container vc_col-sm-12\"><div class=\"vc_column-inner\"><div class=\"wpb_wrapper\">\n\t<div class=\"wpb_text_column wpb_content_element\" >\n\t\t<div class=\"wpb_wrapper\">\n\t\t\t<p><strong>MADDE 1 \u2013 AMA\u00c7<\/strong><\/p>\n<p>Bu Genel Sat\u0131\u015f ve Kullan\u0131m H\u00fck\u00fcm ve Ko\u015fullar\u0131 (GTC ve GTU), DA Studio&#039;nun hizmetlerini kullan\u0131c\u0131 m\u00fc\u015fterilerine sa\u011flad\u0131\u011f\u0131 h\u00fck\u00fcm ve ko\u015fullar\u0131 tan\u0131mlamay\u0131 ama\u00e7lamaktad\u0131r. Web sitesi arac\u0131l\u0131\u011f\u0131yla DA Studio ile Kullan\u0131c\u0131 \u0130stemci aras\u0131ndaki hizmetlerin sa\u011flanmas\u0131n\u0131 y\u00f6netirler. <a href=\"https:\/\/dincarchitect.com\/tr\/\" target=\"_new\" rel=\"noopener\">www.dincarchitect.com<\/a> ve varsa, di\u011fer \u00e7eli\u015fkili belgelerden \u00fcst\u00fcn olacakt\u0131r. DA Studio, 3D g\u00f6r\u00fcnt\u00fc olu\u015fturma ve dijital hizmetler konusunda uzmanla\u015fm\u0131\u015f bir \u015firkettir. Kay\u0131tl\u0131 ofisi Paris, Fransa ve T\u00fcrkiye&#039;de bulunmaktad\u0131r. Kullan\u0131c\u0131 M\u00fc\u015fteri daha \u00f6nce bir fiyat teklifini a\u00e7\u0131k\u00e7a kabul ederek bu Genel Sat\u0131\u015f ve Kullan\u0131m H\u00fck\u00fcm ve Ko\u015fullar\u0131n\u0131 kabul etmedik\u00e7e, hi\u00e7bir Hizmet sipari\u015fi kaydedilemez veya i\u015flenemez. Bu kabul, teklifin kendisini imzalayarak veya ayn\u0131 yollarla (\u00f6rn. E-posta) al\u0131nan teklife e-posta yoluyla olumlu bir yan\u0131t vererek ifade edilebilir. Genel Sat\u0131\u015f ve Kullan\u0131m H\u00fck\u00fcm ve Ko\u015fullar\u0131n\u0131 kabul ederek, Kullan\u0131c\u0131 M\u00fc\u015fteri bunlar\u0131 kay\u0131ts\u0131z \u015farts\u0131z ve tam olarak kabul eder.<\/p>\n<p><strong>MADDE 2 \u2013 TASARIMCI TARAFINDAN VER\u0130LEN H\u0130ZMETLER<\/strong><\/p>\n<p>3D g\u00f6r\u00fcnt\u00fclerin olu\u015fturulmas\u0131 ve dijital hizmetlerin sa\u011flanmas\u0131. Tasar\u0131mc\u0131, hizmetlerini teklifte belirtilen \u015fartlara g\u00f6re y\u00fcr\u00fctmekle y\u00fck\u00fcml\u00fcd\u00fcr. Kullan\u0131c\u0131 M\u00fc\u015fteri, Tasar\u0131mc\u0131n\u0131n talep etti\u011fi \u015fekilde projelerinin tamamlanmas\u0131 i\u00e7in gerekli t\u00fcm bilgileri Tasar\u0131mc\u0131ya sa\u011flayacakt\u0131r.<\/p>\n<p><strong>MADDE 3 \u2013 TASARIMCININ SORUMLULU\u011eU<\/strong><\/p>\n<p>Tasar\u0131mc\u0131, bu GTC ve GTU arac\u0131l\u0131\u011f\u0131yla, varsa, spesifikasyonlarda veya M\u00fc\u015fteri ve Tasar\u0131mc\u0131 taraf\u0131ndan onaylanan fiyat teklifinde belirtilen hedeflere ula\u015faca\u011f\u0131n\u0131 garanti eder.<\/p>\n<p><strong>MADDE 4 \u2013 KULLANICI M\u00dc\u015eTER\u0130 SORUMLULU\u011eU<\/strong><\/p>\n<p>4.1 \u2013 Kullan\u0131c\u0131 \u0130stemci taraf\u0131ndan sa\u011flanan ve tasar\u0131mc\u0131n\u0131n g\u00f6revlerini yerine getirirken kulland\u0131\u011f\u0131 g\u00f6rseller ve di\u011fer bilgiler, telif haklar\u0131na ili\u015fkin hususlar da dahil olmak \u00fczere, tamamen ve m\u00fcnhas\u0131ran Kullan\u0131c\u0131 \u0130stemci&#039;nin sorumlulu\u011fundad\u0131r.<\/p>\n<p>4.2 \u2013 Kullan\u0131c\u0131 M\u00fc\u015fteri, Tasar\u0131mc\u0131ya ilgili mevzuata uygun, sad\u0131k, kaliteli ve uyumlu veriler sa\u011flamay\u0131 taahh\u00fct eder.<\/p>\n<p>4.3 \u2013 Kullan\u0131c\u0131 \u0130stemci, bilgisayar, dosya ve \u00f6zg\u00fcrl\u00fcklere ili\u015fkin t\u00fcm yasal ve d\u00fczenleyici h\u00fck\u00fcmlere uymay\u0131 taahh\u00fct eder.<\/p>\n<p><strong>MADDE 5 \u2013 F\u0130KR\u0130 M\u00dcLK\u0130YET HAKLARI<\/strong><\/p>\n<p>5.1 \u2013 Kullan\u0131c\u0131 \u0130stemci, i\u015fbu G\u015eK&#039;y\u0131 ve GTU&#039;yu kabul ederek, DA Studio&#039;ya \u00fcretilen g\u00f6r\u00fcnt\u00fclerin yan\u0131 s\u0131ra Kullan\u0131c\u0131 M\u00fc\u015fteri taraf\u0131ndan sa\u011flanan g\u00f6r\u00fcnt\u00fcleri \u00fc\u00e7\u00fcnc\u00fc taraflarla ileti\u015fim ama\u00e7lar\u0131 i\u00e7in kullanma yetkisi verir. Bu nedenle, DA Studio, di\u011fer \u015feylerin yan\u0131 s\u0131ra, hizmetlerini tan\u0131tmak i\u00e7in (istisnas\u0131z olarak) bu g\u00f6r\u00fcnt\u00fcleri web sitesinde, reklam materyallerinde, sosyal medyada ve di\u011fer t\u00fcm ileti\u015fim ortamlar\u0131nda da\u011f\u0131tmaya yetkili olacakt\u0131r.<\/p>\n<p>5.2 \u2013 Ancak, gerekli g\u00f6r\u00fcld\u00fc\u011f\u00fcnde, Kullan\u0131c\u0131 \u0130stemci, basit bir s\u00f6zl\u00fc talep yoluyla veya bir gizlilik maddesini imzalayarak DA Studio&#039;dan bu yetkiden feragat etmesini talep etmekte \u00f6zg\u00fcr olacakt\u0131r.<\/p>\n<p><strong>MADDE 6 \u2013 \u00d6DEME<\/strong><\/p>\n<p>6.1 \u2013 Kullan\u0131c\u0131 M\u00fc\u015fteri, verilen hizmetin kalitesini test etmek i\u00e7in ilk sipari\u015fi s\u0131ras\u0131nda herhangi bir depozito \u00f6demeyecek ve vergiler hari\u00e7 300 \u20ac&#039;ya kadar yaln\u0131zca sonu\u00e7tan memnun kald\u0131\u011f\u0131 sipari\u015fini ger\u00e7ekle\u015ftirecektir. Vergiler hari\u00e7 300 \u20ac&#039;yu a\u015fan herhangi bir sipari\u015f i\u00e7in, Kullan\u0131c\u0131 M\u00fc\u015fteri kalan miktar\u0131n tamam\u0131n\u0131 \u00f6deyecektir.<\/p>\n<p>6.2 \u2013 Sonraki sipari\u015flerde fatura pe\u015fin olarak \u00f6denecektir. Sadece \u00f6deme al\u0131nd\u0131ktan sonra talep edilen \u00fcretim ba\u015flat\u0131lacakt\u0131r.<\/p>\n<p>6.3 \u2013 Memnun olmayan bir m\u00fc\u015fteri, \u00f6n \u00f6deme yapt\u0131ktan sonra bile sipari\u015fi i\u00e7in (herhangi bir gerek\u00e7eye gerek olmaks\u0131z\u0131n) geri \u00f6deme talebinde bulunabilir. Bu iadeyi en ge\u00e7 72 i\u015f saati i\u00e7inde alacaklard\u0131r.<\/p>\n<p><strong>MADDE 7 \u2013 H\u0130ZMET SA\u011eLAYICININ Y\u00dcK\u00dcML\u00dcL\u00dcKLER\u0130 \u2013 SORUMLULU\u011eU<\/strong><\/p>\n<p>DA Studio, yaln\u0131zca Kullan\u0131c\u0131 M\u00fc\u015fteri taraf\u0131ndan sa\u011flanan verilere dayal\u0131 olarak ve onlar\u0131n sorumlulu\u011funda sim\u00fclasyon g\u00f6rselleri sa\u011flad\u0131\u011f\u0131ndan, Kullan\u0131c\u0131 M\u00fc\u015fteri, mal sahibi veya al\u0131c\u0131 taraf\u0131ndan teknik \u00e7\u00f6z\u00fcmlerin se\u00e7ilmesine veya uygulanmas\u0131na hi\u00e7bir \u015fekilde dahil oldu\u011fu kabul edilemez. m\u00fclkiyet ve bu konuda herhangi bir s\u0131fatla sorumlu tutulamaz.<\/p>\n<p>Ayn\u0131 \u015fekilde, bu GTC ve GTU arac\u0131l\u0131\u011f\u0131yla DA Studio, perspektif ortaklar\u0131 taraf\u0131ndan kullan\u0131lan modelleme ve i\u015fleme yaz\u0131l\u0131mlar\u0131 \u00fczerinde sahip olunan lisanslardan sorumlu tutulamaz.<\/p>\n<p>Kullan\u0131c\u0131 \u0130stemci, DA Studio taraf\u0131ndan sunulan hizmetin projenin teknik fizibilitesini i\u00e7ermedi\u011fini a\u00e7\u0131k\u00e7a kabul eder.<\/p>\n<p>Bu nedenle, Kullan\u0131c\u0131 M\u00fc\u015fteri, DA Studio taraf\u0131ndan \u00fcretilen g\u00f6rsel sim\u00fclasyonlara dayal\u0131 olarak se\u00e7ilen \u00e7\u00f6z\u00fcmlerin fizibilitesini sa\u011flamak i\u00e7in bir sanat uzman\u0131n\u0131n hizmetlerini aramay\u0131 taahh\u00fct eder.<\/p>\n<p>Bu nedenle, DA Studio taraf\u0131ndan sa\u011flanan hizmetten kaynaklanan teklifi uygulamak isteyen Kullan\u0131c\u0131 M\u00fc\u015fteri veya temsilcisi, gerekli t\u00fcm teknik \u00e7al\u0131\u015fmalar\u0131 yapmay\u0131 taahh\u00fct eder ve DA Studio&#039;ya ba\u015fvurmadan t\u00fcm yasal, d\u00fczenleyici ve idari y\u00fck\u00fcml\u00fcl\u00fcklerin \u015fahsi sorumlulu\u011funu \u00fcstlenir.<\/p>\n<p>Ayn\u0131 \u015fekilde DA Studio, 3 Ocak 1977 tarihli ve 77-2 say\u0131l\u0131 Mimarl\u0131k Kanununun 3. Maddesi anlam\u0131nda bir mimari projenin ger\u00e7ekle\u015ftirilmesine m\u00fcdahil say\u0131lamaz.<\/p>\n<p>Her hal\u00fckarda, bu G\u015eK ve GTU arac\u0131l\u0131\u011f\u0131yla, DA Studio&#039;nun zararlara ili\u015fkin y\u00fck\u00fcml\u00fcl\u00fc\u011f\u00fc, Kullan\u0131c\u0131 M\u00fc\u015fteri taraf\u0131ndan fiilen \u00f6denen sipari\u015fin toplam tutar\u0131na tekab\u00fcl eden bir tutar\u0131 a\u015famaz.<\/p>\n<p><strong>MADDE 8 \u2013 K\u0130\u015e\u0130SEL B\u0130LG\u0130LER<\/strong><\/p>\n<p>8.1 \u2013 Veri Koruma DA Studio, gizlili\u011fe sayg\u0131 g\u00f6sterilmesine b\u00fcy\u00fck \u00f6nem vermektedir. Web sitesini kullanarak <a href=\"https:\/\/dincarchitect.com\/tr\/\" target=\"_new\" rel=\"noopener\">www.dincarchitect.com<\/a> ve\/veya bir hesap olu\u015fturarak, Kullan\u0131c\u0131 M\u00fc\u015fteri, ki\u015fisel verilerinin DA Studio taraf\u0131ndan y\u00fcr\u00fcrl\u00fckteki yasalara ve Gizlilik Politikas\u0131 h\u00fck\u00fcmlerine uygun olarak i\u015flenmesini onaylar ve kabul eder.<\/p>\n<p>8.2 \u2013 \u0130statistiksel \u0130\u015fleme Kullan\u0131c\u0131 M\u00fc\u015fteri, DA Studio&#039;nun verilerini istatistiksel ama\u00e7larla kullanma ve anonim hale getirildikten sonra ilgili istatistiksel sonu\u00e7lar\u0131 herhangi bir \u00fc\u00e7\u00fcnc\u00fc tarafa devretme veya devretme hakk\u0131na sahip oldu\u011funu kabul eder.<\/p>\n<p>8.3 \u2013 Telefon Talebi Vazge\u00e7me Listesi Sipari\u015flerini i\u015flemek i\u00e7in Kullan\u0131c\u0131 M\u00fc\u015fterinin telefon numaras\u0131n\u0131 almam\u0131z gerekirse, telefonla talep i\u00e7in &quot;Bloctel&quot; devre d\u0131\u015f\u0131 b\u0131rakma listesine kay\u0131t olma haklar\u0131 konusunda onlar\u0131 bilgilendiririz. Frans\u0131z T\u00fcketici Kanunu&#039;nun L223-1 Maddesinde. Bu listeye \u015fu adresten ula\u015f\u0131labilir: <a href=\"https:\/\/www.bloctel.gouv.fr\/\" target=\"_new\" rel=\"noopener\">www.bloctel.gouv.fr<\/a>.<\/p>\n<p><strong>MADDE 9 \u2013 TEKL\u0130F DI\u015eINDA YAPILAN DE\u011e\u0130\u015e\u0130KL\u0130KLER VE TALEPLER<\/strong><\/p>\n<p>Bir odan\u0131n tefri\u015fat\u0131nda veya dekorasyonunda \u00f6nemli de\u011fi\u015fiklikler veya ek alanlar\u0131n eklenmesi gibi, Kullan\u0131c\u0131 M\u00fc\u015fterinin ilk fiyat teklifinde yer almayan her t\u00fcrl\u00fc talebi, yaln\u0131zca anla\u015fmadan sonra ger\u00e7ekle\u015ftirilecek olan ek bir fiyat teklifine tabi olacakt\u0131r. iki parti de.<\/p>\n<p><strong>MADDE 10 \u2013 ANLA\u015eMAZLIKLAR<\/strong><\/p>\n<p>10.1 \u2013 Taraflar aras\u0131nda i\u015fbu s\u00f6zle\u015fmenin yorumlanmas\u0131, ifas\u0131 veya feshi ile ilgili zorluklar veya anla\u015fmazl\u0131klar \u00e7\u0131kmas\u0131 halinde, taraflar i\u015fbu s\u00f6zle\u015fme ruhuna uygun olarak dostane bir \u00e7\u00f6z\u00fcm aramay\u0131 kabul ederler.<\/p>\n<p>10.2 \u2013 Bu genel sat\u0131\u015f ve kullan\u0131m \u015fartlar\u0131 ve ko\u015fullar\u0131 Frans\u0131z yasalar\u0131na tabidir ve taraflar aras\u0131nda bunlar\u0131n yorumlanmas\u0131, ifas\u0131 veya feshi ile ilgili olarak ortaya \u00e7\u0131kan herhangi bir ihtilaf veya anla\u015fmazl\u0131k, Paris Ticaret Mahkemesinin m\u00fcnhas\u0131r yarg\u0131 yetkisine tabi olacakt\u0131r.<\/p>\n\n\t\t<\/div>\n\t<\/div>\n<\/div><\/div><\/div><\/div>\n<\/section>","protected":false},"excerpt":{"rendered":"dincarchitect.com H\u00fck\u00fcm ve Ko\u015fullar MADDE 1 - AMA\u00c7 Bu Genel Sat\u0131\u015f ve Kullan\u0131m H\u00fck\u00fcm ve Ko\u015fullar\u0131 (GTC ve GTU), DA Studio&#039;nun kullan\u0131c\u0131 m\u00fc\u015fterilerine hizmetlerini sa\u011flad\u0131\u011f\u0131 h\u00fck\u00fcm ve ko\u015fullar\u0131 tan\u0131mlamay\u0131 ama\u00e7lamaktad\u0131r. www.dincarchitect.com web sitesi arac\u0131l\u0131\u011f\u0131yla DA Studio ile Kullan\u0131c\u0131 M\u00fc\u015fteri aras\u0131ndaki hizmetlerin sa\u011flanmas\u0131n\u0131 y\u00f6netirler [...]","protected":false},"author":1,"featured_media":0,"parent":0,"menu_order":0,"comment_status":"closed","ping_status":"closed","template":"","meta":{"footnotes":""},"acf":[],"_links":{"self":[{"href":"https:\/\/dincarchitect.com\/tr\/wp-json\/wp\/v2\/pages\/13774"}],"collection":[{"href":"https:\/\/dincarchitect.com\/tr\/wp-json\/wp\/v2\/pages"}],"about":[{"href":"https:\/\/dincarchitect.com\/tr\/wp-json\/wp\/v2\/types\/page"}],"author":[{"embeddable":true,"href":"https:\/\/dincarchitect.com\/tr\/wp-json\/wp\/v2\/users\/1"}],"replies":[{"embeddable":true,"href":"https:\/\/dincarchitect.com\/tr\/wp-json\/wp\/v2\/comments?post=13774"}],"version-history":[{"count":0,"href":"https:\/\/dincarchitect.com\/tr\/wp-json\/wp\/v2\/pages\/13774\/revisions"}],"wp:attachment":[{"href":"https:\/\/dincarchitect.com\/tr\/wp-json\/wp\/v2\/media?parent=13774"}],"curies":[{"name":"wp","href":"https:\/\/api.w.org\/{rel}","templated":true}]}}