{"id":13770,"date":"2023-06-10T23:36:09","date_gmt":"2023-06-10T23:36:09","guid":{"rendered":"https:\/\/dincarchitect.com\/?page_id=13770"},"modified":"2023-06-10T23:36:30","modified_gmt":"2023-06-10T23:36:30","slug":"legal-information","status":"publish","type":"page","link":"https:\/\/dincarchitect.com\/tr\/yasal-bilgi\/","title":{"rendered":"Yasal bilgi"},"content":{"rendered":"<section class=\"wpb-content-wrapper\"><div class=\"vc_row wpb_row vc_row-fluid vc_custom_1686439582595\"><div class=\"wpb_column vc_column_container vc_col-sm-12\"><div class=\"vc_column-inner\"><div class=\"wpb_wrapper\"><span class=\"subtitle dash-true style-dark text-default\">dincarchitect.com<\/span>\n\t<div class=\"wpb_text_column wpb_content_element\" >\n\t\t<div class=\"wpb_wrapper\">\n\t\t\t<h2 style=\"text-align: center;\">Yasal bilgi<\/h2>\n\n\t\t<\/div>\n\t<\/div>\n<\/div><\/div><\/div><\/div><div class=\"vc_row wpb_row vc_row-fluid vc_custom_1686439565266\"><div class=\"wpb_column vc_column_container vc_col-sm-12\"><div class=\"vc_column-inner\"><div class=\"wpb_wrapper\">\n\t<div class=\"wpb_text_column wpb_content_element\" >\n\t\t<div class=\"wpb_wrapper\">\n\t\t\t<p><strong>Sertifikal\u0131 Yasal Bilgiler<\/strong><\/p>\n<p>Ticaret ve \u015eirketler Siciline SIRET 298 088 65 76 numaras\u0131 ile kay\u0131tl\u0131d\u0131r.<\/p>\n<p>KDV kimlik numaras\u0131: 0 298 088 65 76 000 01<\/p>\n<p>Telefon numaras\u0131: <a href=\"tel: 33761122801\"> +33 7 61 12 28 01<\/a><\/p>\n<p><strong>Veri Koruma ve Gizlilik<\/strong><\/p>\n<p>Toplanan bilgiler, yaln\u0131zca Machou Pichou web sitesinin kullan\u0131m\u0131na y\u00f6nelik bilgisayar i\u015flemesine tabidir ve hi\u00e7bir ko\u015fulda \u00fc\u00e7\u00fcnc\u00fc \u015fah\u0131slara if\u015fa edilmeyecektir.<\/p>\n<p>6 Ocak 1978 tarihli de\u011fi\u015ftirilmi\u015f \u201cVerilerin Korunmas\u0131 ve Bilgi Edinme \u00d6zg\u00fcrl\u00fc\u011f\u00fc\u201d yasas\u0131 uyar\u0131nca, bizimle ileti\u015fime ge\u00e7erek kullanabilece\u011finiz, sizinle ilgili bilgilere eri\u015fme ve bunlar\u0131 d\u00fczeltme hakk\u0131n\u0131z vard\u0131r. <a href=\"mailto:info@dincarchitect.com\">info@dincarchitect.com<\/a><a href=\"mailto:info@architect.wp-set.com\" target=\"_new\" rel=\"noopener\"> Ayr\u0131ca me\u015fru nedenlerle verilerinizin i\u015flenmesine itiraz edebilirsiniz.<\/a><\/p>\n<p><strong>Fikri m\u00fclkiyet<\/strong><\/p>\n<p>Fikri M\u00fclkiyet Kanunu&#039;nun L 112-3 Maddesi h\u00fck\u00fcmleri uyar\u0131nca, web sitesinin t\u00fcm unsurlar\u0131, web sitesi i\u015fletmecisinin veya hak sahibinin a\u00e7\u0131k izni olmaks\u0131z\u0131n herhangi bir ortamda k\u0131smen veya tamamen \u00e7o\u011falt\u0131lamaz. yasal i\u015flem.<\/p>\n\n\t\t<\/div>\n\t<\/div>\n<\/div><\/div><\/div><\/div>\n<\/section>","protected":false},"excerpt":{"rendered":"dincarchitect.com Yasal Bilgiler Sertifikal\u0131 Yasal Bilgiler Ticaret ve \u015eirketlere Kay\u0131tl\u0131 SIRET 298 088 65 76 numaras\u0131yla kay\u0131tl\u0131d\u0131r KDV kimlik numaras\u0131: 0 298 088 65 76 000 01 Telefon numaras\u0131: +33 7 61 12 28 01 Veri Koruma ve Gizlilik Bilgiler toplanan, yaln\u0131zca ama\u00e7lanan bilgisayar i\u015flemine tabidir [...]","protected":false},"author":1,"featured_media":0,"parent":0,"menu_order":0,"comment_status":"closed","ping_status":"closed","template":"","meta":{"footnotes":""},"acf":[],"_links":{"self":[{"href":"https:\/\/dincarchitect.com\/tr\/wp-json\/wp\/v2\/pages\/13770"}],"collection":[{"href":"https:\/\/dincarchitect.com\/tr\/wp-json\/wp\/v2\/pages"}],"about":[{"href":"https:\/\/dincarchitect.com\/tr\/wp-json\/wp\/v2\/types\/page"}],"author":[{"embeddable":true,"href":"https:\/\/dincarchitect.com\/tr\/wp-json\/wp\/v2\/users\/1"}],"replies":[{"embeddable":true,"href":"https:\/\/dincarchitect.com\/tr\/wp-json\/wp\/v2\/comments?post=13770"}],"version-history":[{"count":0,"href":"https:\/\/dincarchitect.com\/tr\/wp-json\/wp\/v2\/pages\/13770\/revisions"}],"wp:attachment":[{"href":"https:\/\/dincarchitect.com\/tr\/wp-json\/wp\/v2\/media?parent=13770"}],"curies":[{"name":"wp","href":"https:\/\/api.w.org\/{rel}","templated":true}]}}