{"id":13759,"date":"2023-06-12T00:00:15","date_gmt":"2023-06-12T00:00:15","guid":{"rendered":"https:\/\/dincarchitect.com\/?page_id=13759"},"modified":"2023-06-12T00:54:38","modified_gmt":"2023-06-12T00:54:38","slug":"privacy-policy","status":"publish","type":"page","link":"https:\/\/dincarchitect.com\/tr\/gizlilik-politikasi\/","title":{"rendered":"Gizlilik Politikas\u0131"},"content":{"rendered":"<section class=\"wpb-content-wrapper\"><div class=\"vc_row wpb_row vc_row-fluid vc_custom_1686439582595\"><div class=\"wpb_column vc_column_container vc_col-sm-12\"><div class=\"vc_column-inner\"><div class=\"wpb_wrapper\"><span class=\"subtitle dash-true style-dark text-default\">dincarchitect.com<\/span>\n\t<div class=\"wpb_text_column wpb_content_element\" >\n\t\t<div class=\"wpb_wrapper\">\n\t\t\t<h2 style=\"text-align: center;\">Gizlilik Politikas\u0131<\/h2>\n\n\t\t<\/div>\n\t<\/div>\n<\/div><\/div><\/div><\/div><div class=\"vc_row wpb_row vc_row-fluid vc_custom_1686439565266\"><div class=\"wpb_column vc_column_container vc_col-sm-12\"><div class=\"vc_column-inner\"><div class=\"wpb_wrapper\">\n\t<div class=\"wpb_text_column wpb_content_element\" >\n\t\t<div class=\"wpb_wrapper\">\n\t\t\t<p><strong>girii\u015f<\/strong><\/p>\n<p>Yeni ileti\u015fim ara\u00e7lar\u0131n\u0131n geli\u015fmesiyle birlikte mahremiyetin korunmas\u0131na \u00f6zel \u00f6nem verilmesi gerekmektedir. Bu nedenle, toplad\u0131\u011f\u0131m\u0131z ki\u015fisel bilgilerin gizlili\u011fine sayg\u0131 g\u00f6stermeyi taahh\u00fct ediyoruz.<\/p>\n<p><strong>Ki\u015fisel Verilerin Toplanmas\u0131<\/strong><\/p>\n<p>Bu web sitesinde (veya &quot;Platform&quot;) formlar arac\u0131l\u0131\u011f\u0131yla ve sizinle Platformumuz aras\u0131nda kurulan etkile\u015fim yoluyla toplanan ki\u015fisel veriler (veya &quot;Veriler&quot;) \u015funlar\u0131 i\u00e7erir:<\/p>\n<ul>\n<li>Ad Soyad<\/li>\n<li>\u0130lk ad\u0131<\/li>\n<li>Firma Ad\u0131<\/li>\n<li>Posta adresi<\/li>\n<li>Posta Kodu<\/li>\n<li>E-posta Adresi<\/li>\n<li>Telefon\/Faks Numaras\u0131<\/li>\n<li>Cinsiyet<\/li>\n<li>Do\u011fum tarihi<\/li>\n<\/ul>\n<p>Toplad\u0131\u011f\u0131m\u0131z ki\u015fisel bilgiler, formlar arac\u0131l\u0131\u011f\u0131yla ve sizinle web sitemiz aras\u0131nda kurulan etkile\u015fim yoluyla toplan\u0131r. Sizin hakk\u0131n\u0131zda bilgi toplamak i\u00e7in a\u015fa\u011f\u0131daki b\u00f6l\u00fcmde a\u00e7\u0131kland\u0131\u011f\u0131 gibi \u00e7erezleri ve\/veya g\u00fcnl\u00fckleri de kullan\u0131r\u0131z.<\/p>\n<p><strong>Formlar ve Etkile\u015fim:<\/strong><\/p>\n<p>Ki\u015fisel bilgileriniz a\u015fa\u011f\u0131daki formlar arac\u0131l\u0131\u011f\u0131yla toplan\u0131r:<\/p>\n<ul>\n<li>Web sitesi kay\u0131t formu<\/li>\n<\/ul>\n<p>Bilgileriniz ayr\u0131ca web sitemiz ile sizin aran\u0131zda olu\u015fabilecek etkile\u015fim yoluyla a\u015fa\u011f\u0131daki \u015fekillerde toplanmaktad\u0131r:<\/p>\n<ul>\n<li>Temas etmek<\/li>\n<li>Web sitesi y\u00f6netimi (sunum, organizasyon)<\/li>\n<li>Yorumlar<\/li>\n<\/ul>\n<p><strong>\u0130tiraz ve Onay\u0131 Geri Alma Hakk\u0131<\/strong><\/p>\n<p>Bu gizlilik politikas\u0131 arac\u0131l\u0131\u011f\u0131yla, size ki\u015fisel bilgilerinizin kullan\u0131m\u0131na itiraz etme ve r\u0131zan\u0131z\u0131 geri \u00e7ekme hakk\u0131 vermeyi taahh\u00fct ediyoruz.<\/p>\n<p>\u0130tiraz etme hakk\u0131, ki\u015fisel bilgilerinizin toplanma an\u0131nda belirtilen belirli ama\u00e7lar i\u00e7in kullan\u0131lmas\u0131n\u0131 reddetme se\u00e7ene\u011finiz oldu\u011fu anlam\u0131na gelir.<\/p>\n<p>Onay\u0131n\u0131z\u0131 geri \u00e7ekme hakk\u0131, \u00f6rne\u011fin bir posta listesinden ki\u015fisel bilgilerinizin kald\u0131r\u0131lmas\u0131n\u0131 talep etme se\u00e7ene\u011fine sahip oldu\u011funuz anlam\u0131na gelir.<\/p>\n<p>Bu haklar\u0131 kullanmak i\u00e7in a\u015fa\u011f\u0131daki ileti\u015fim bilgilerini kullanarak bizimle ileti\u015fime ge\u00e7ebilirsiniz:<\/p>\n<p>Telefon: <a href=\"tel: 33761122801\">+33 7 61 12 28 01<\/a><\/p>\n<p>Web sitesi b\u00f6l\u00fcm\u00fc: <a href=\"https:\/\/dincarchitect.com\/tr\/\" target=\"_new\" rel=\"noopener\">www.dincarchitect.com<\/a><\/p>\n<p><strong>Eri\u015fim Hakk\u0131<\/strong><\/p>\n<p>Ki\u015fisel bilgilerine ba\u015fvurmak, de\u011fi\u015ftirmek veya silmek isteyen bireyler i\u00e7in eri\u015fim ve d\u00fczeltme hakk\u0131n\u0131 tan\u0131may\u0131 taahh\u00fct ediyoruz.<\/p>\n<p>Bu hakk\u0131n\u0131z\u0131 kullanmak i\u00e7in a\u015fa\u011f\u0131daki ileti\u015fim bilgilerini kullanarak bizimle ileti\u015fime ge\u00e7ebilirsiniz:<\/p>\n<p>Telefon: <a href=\"tel: 33761122801\">+33 7 61 12 28 01<\/a><\/p>\n<p>Web sitesi b\u00f6l\u00fcm\u00fc: <a href=\"https:\/\/dincarchitect.com\/tr\/\" target=\"_new\" rel=\"noopener\">www.dincarchitect.com<\/a><\/p>\n<p><strong>G\u00fcvenlik<\/strong><\/p>\n<p>Bu gizlilik politikas\u0131 arac\u0131l\u0131\u011f\u0131yla, toplanan ki\u015fisel bilgilerin g\u00fcvenli bir ortamda tutulmas\u0131n\u0131 sa\u011flamay\u0131 taahh\u00fct ediyoruz. Personelimizin bilgilerinizin gizlili\u011fine sayg\u0131 g\u00f6stermesi gerekmektedir.<\/p>\n<p>Ki\u015fisel bilgilerinizin g\u00fcvenli\u011fini sa\u011flamak i\u00e7in a\u015fa\u011f\u0131daki \u00f6nlemleri al\u0131yoruz:<\/p>\n<ul>\n<li>SSL (G\u00fcvenli Yuva Katman\u0131) protokol\u00fc<\/li>\n<li>Yetkili personel i\u00e7in eri\u015fim y\u00f6netimi<\/li>\n<li>\u0130lgili ki\u015filer i\u00e7in eri\u015fim y\u00f6netimi<\/li>\n<li>A\u011f izleme yaz\u0131l\u0131m\u0131<\/li>\n<li>Bilgisayar yedekleme sistemleri<\/li>\n<li>Dijital sertifikalar\u0131n geli\u015ftirilmesi<\/li>\n<li>Kullan\u0131c\u0131 kimli\u011fi\/\u015fifre g\u00fcvenlik duvar\u0131 korumas\u0131<\/li>\n<\/ul>\n<p>\u0130\u015flemlerinizin gizlili\u011fini sa\u011flamak i\u00e7in en son teknolojik yenilikleri dahil ederek y\u00fcksek d\u00fczeyde gizlilik sa\u011flamaya kararl\u0131y\u0131z. Ancak, hi\u00e7bir mekanizma maksimum g\u00fcvenlik sa\u011flayamayaca\u011f\u0131ndan, ki\u015fisel bilgileri iletmek i\u00e7in \u0130nternet&#039;i kullan\u0131rken her zaman belirli bir d\u00fczeyde risk s\u00f6z konusudur.<\/p>\n\n\t\t<\/div>\n\t<\/div>\n<\/div><\/div><\/div><\/div>\n<\/section>","protected":false},"excerpt":{"rendered":"dincarchitect.com Privacy Policy Introduction With the development of new communication tools, it is necessary to pay special attention to the protection of privacy. Therefore, we are committed to respecting the confidentiality of the personal information we collect. Collection of Personal Data The personal data (or \"Data\") collected on this website (or \"Platform\") through forms and [...]","protected":false},"author":1,"featured_media":0,"parent":0,"menu_order":0,"comment_status":"closed","ping_status":"closed","template":"","meta":{"footnotes":""},"acf":[],"_links":{"self":[{"href":"https:\/\/dincarchitect.com\/tr\/wp-json\/wp\/v2\/pages\/13759"}],"collection":[{"href":"https:\/\/dincarchitect.com\/tr\/wp-json\/wp\/v2\/pages"}],"about":[{"href":"https:\/\/dincarchitect.com\/tr\/wp-json\/wp\/v2\/types\/page"}],"author":[{"embeddable":true,"href":"https:\/\/dincarchitect.com\/tr\/wp-json\/wp\/v2\/users\/1"}],"replies":[{"embeddable":true,"href":"https:\/\/dincarchitect.com\/tr\/wp-json\/wp\/v2\/comments?post=13759"}],"version-history":[{"count":0,"href":"https:\/\/dincarchitect.com\/tr\/wp-json\/wp\/v2\/pages\/13759\/revisions"}],"wp:attachment":[{"href":"https:\/\/dincarchitect.com\/tr\/wp-json\/wp\/v2\/media?parent=13759"}],"curies":[{"name":"wp","href":"https:\/\/api.w.org\/{rel}","templated":true}]}}