{"id":13566,"date":"2023-06-12T00:00:48","date_gmt":"2023-06-12T00:00:48","guid":{"rendered":"https:\/\/dincarchitect.com\/?page_id=13566"},"modified":"2023-06-12T00:53:26","modified_gmt":"2023-06-12T00:53:26","slug":"faq","status":"publish","type":"page","link":"https:\/\/dincarchitect.com\/tr\/sss\/","title":{"rendered":"SSS"},"content":{"rendered":"<section class=\"wpb-content-wrapper\"><div class=\"vc_row wpb_row vc_row-fluid vc_custom_1534163990014 vc_column-gap-30\"><div class=\"wpb_column vc_column_container vc_col-sm-12\"><div class=\"vc_column-inner\"><div class=\"wpb_wrapper\"><span class=\"subtitle dash-true style-dark text-default\">S\u0131k Sorulan Sorular (SSS)<\/span>\n\t<div class=\"wpb_text_column wpb_content_element  wpb_animate_when_almost_visible wpb_fadeIn fadeIn vc_custom_1686350307042\" >\n\t\t<div class=\"wpb_wrapper\">\n\t\t\t<h2>3D Emlak Resimleri<\/h2>\n<div class=\"group w-full text-gray-800 dark:text-gray-100 border-b border-black\/10 dark:border-gray-900\/50 bg-gray-50 dark:bg-&#091;#444654&#093;\">\n<div class=\"flex p-4 gap-4 text-base md:gap-6 md:max-w-2xl lg:max-w-&#091;38rem&#093; xl:max-w-3xl md:py-6 lg:px-0 m-auto\">\n<div class=\"relative flex w-&#091;calc(100%-50px)&#093; flex-col gap-1 md:gap-3 lg:w-&#091;calc(100%-115px)&#093;\">\n<div class=\"flex flex-grow flex-col gap-3\">\n<div class=\"min-h-&#091;20px&#093; flex flex-col items-start gap-4 whitespace-pre-wrap break-words\">\n<div class=\"markdown prose w-full break-words dark:prose-invert light\">\n<p>3D G\u00f6r\u00fcnt\u00fc Hizmeti: 3D Perspektifler, 360\u00b0 G\u00f6r\u00fcn\u00fcmler, Sanal Turlar\u2026<\/p>\n<\/div>\n<\/div>\n<\/div>\n<div class=\"flex justify-between lg:block\">\n<div class=\"text-gray-400 flex self-end lg:self-center justify-center mt-2 gap-2 md:gap-3 lg:gap-1 lg:absolute lg:top-0 lg:translate-x-full lg:right-0 lg:mt-0 lg:pl-2 visible\"><\/div>\n<\/div>\n<\/div>\n<\/div>\n<\/div>\n\n\t\t<\/div>\n\t<\/div>\n\n\t<div class=\"wpb_text_column wpb_content_element  vc_custom_1686351696937\" >\n\t\t<div class=\"wpb_wrapper\">\n\t\t\t<div class=\"panel-group light\" id=\"accordion-0\">\n<div class=\"panel\"><div class=\"panel-heading\"><h3 class=\"panel-title\"><a class=\"accordion-toggle deactive\" data-toggle=\"collapse\" data-parent=\"#accordion-0\" href=\"#collapse_0_How-Does-It-Work\">O nas\u0131l \u00e7al\u0131\u015f\u0131r?<\/a><\/h3><\/div><div id=\"collapse_0_How-Does-It-Work\" class=\"panel-collapse collapse deactive\"><div class=\"panel-body\">\n<p>3D g\u00f6r\u00fcnt\u00fcler i\u00e7in sipari\u015f vermek, esnek ve basit bir s\u00fcre\u00e7tir.<\/p>\n<p>\u0130\u015fte nas\u0131l \u00e7al\u0131\u015ft\u0131\u011f\u0131:<\/p>\n<ol>\n<li>Bize proje malzemelerinizi sa\u011flay\u0131n: Buna AutoCAD dosyalar\u0131, elle \u00e7izilmi\u015f planlar ve\/veya referans foto\u011fraflar gibi dijital mimari planlar dahildir. Bu malzemeler, 3B g\u00f6r\u00fcnt\u00fclerin olu\u015fturulmas\u0131 i\u00e7in temel olu\u015fturur.<\/li>\n<li>\u0130lk teklif: Sa\u011flanan materyallere dayal\u0131 olarak, bir ilk 3B olu\u015fturma teklifi olu\u015fturaca\u011f\u0131z. Bu size projenizin \u00fc\u00e7 boyutlu bir alanda nas\u0131l g\u00f6r\u00fcnece\u011finin g\u00f6rsel bir temsilini verecektir.<\/li>\n<li>Revizyon s\u00fcreci: Girdilerinize de\u011fer veriyoruz ve \u00f6zel gereksinimlerinizi kar\u015f\u0131lamaya \u00e7al\u0131\u015f\u0131yoruz. \u0130lk teklifte talep etti\u011finiz herhangi bir de\u011fi\u015fiklik veya d\u00fczenleme varsa, bunlar\u0131 tasar\u0131ma dahil edece\u011fiz. Nihai sonucun beklentilerinizi kar\u015f\u0131lamas\u0131n\u0131 sa\u011flamak i\u00e7in sizinle yak\u0131n bir \u015fekilde \u00e7al\u0131\u015faca\u011f\u0131z.<\/li>\n<li>Sonu\u00e7land\u0131rma: Revizyonlar uyguland\u0131ktan ve istenen sonuca ula\u015f\u0131ld\u0131ktan sonra, 3D render&#039;lar\u0131 sonland\u0131raca\u011f\u0131z ve \u00fczerinde anla\u015f\u0131lan formatta size teslim edece\u011fiz.<\/li>\n<\/ol>\n<p>Amac\u0131m\u0131z, size projenizi do\u011fru bir \u015fekilde temsil eden y\u00fcksek kaliteli, ger\u00e7ek\u00e7i 3D g\u00f6r\u00fcnt\u00fcler sa\u011flamakt\u0131r. Tasar\u0131mlar\u0131n\u0131z\u0131 etkili bir \u015fekilde g\u00f6rselle\u015ftirmenize ve sergilemenize olanak tan\u0131yarak s\u00fcreci olabildi\u011fince sorunsuz ve verimli hale getirmeyi hedefliyoruz.<\/p>\n<p><\/p> <\/div><\/div><\/div><br \/>\n<div class=\"panel\"><div class=\"panel-heading\"><h3 class=\"panel-title\"><a class=\"accordion-toggle\" data-toggle=\"collapse\" data-parent=\"#accordion-0\" href=\"#collapse_1_Intervention-of-an-Interior-Decorator\">Bir \u0130\u00e7 Mimar\u0131n M\u00fcdahalesi<\/a><\/h3><\/div><div id=\"collapse_1_Intervention-of-an-Interior-Decorator\" class=\"panel-collapse collapse\"><div class=\"panel-body\">\n<p>T\u00fcm 3D g\u00f6rsel tasar\u0131mc\u0131lar\u0131m\u0131z ayn\u0131 zamanda i\u00e7 mimard\u0131r. Projenizin hangi a\u015famas\u0131nda olursa olsun, beklentilerinizi m\u00fckemmel \u015fekilde kar\u015f\u0131layacak \u015fekilde yorumlayabilir veya tamamlayabilirler. \u0130stedi\u011finiz dekorasyon stilini (\u00e7a\u011fda\u015f, end\u00fcstriyel, vintage, etnik, \u0130skandinav, rustik, koza gibi) tarif edebilir veya se\u00e7ti\u011finiz mobilya, dekoratif obje, doku, ayd\u0131nlatma ve renklerin g\u00f6rsellerini bize g\u00f6nderebilirsiniz. Vizyonunuzun do\u011fru bir \u015fekilde 3B g\u00f6r\u00fcnt\u00fclere \u00e7evrilmesini sa\u011flayacaklard\u0131r.<\/p>\n<p><\/p> <\/div><\/div><\/div><br \/>\n<div class=\"panel\"><div class=\"panel-heading\"><h3 class=\"panel-title\"><a class=\"accordion-toggle\" data-toggle=\"collapse\" data-parent=\"#accordion-0\" href=\"#collapse_2_Delivery-3-to-5-days\">Teslimat: 3 ila 5 g\u00fcn<\/a><\/h3><\/div><div id=\"collapse_2_Delivery-3-to-5-days\" class=\"panel-collapse collapse\"><div class=\"panel-body\">\n<p>Belgelerinizi ve \u00f6nerilerinizi ald\u0131ktan sonra, ilk 3D g\u00f6r\u00fcnt\u00fc teklifini 3 ila 5 i\u015f g\u00fcn\u00fc i\u00e7inde alacaks\u0131n\u0131z. Ard\u0131ndan, talep etti\u011finiz t\u00fcm d\u00fczeltmeleri 24 i\u015f saati i\u00e7inde uygulayaca\u011f\u0131z.<\/p>\n<p><\/p> <\/div><\/div><\/div><br \/>\n<div class=\"panel\"><div class=\"panel-heading\"><h3 class=\"panel-title\"><a class=\"accordion-toggle\" data-toggle=\"collapse\" data-parent=\"#accordion-0\" href=\"#collapse_3_Delivery-of-Source-Files\">Kaynak Dosyalar\u0131n Teslimi<\/a><\/h3><\/div><div id=\"collapse_3_Delivery-of-Source-Files\" class=\"panel-collapse collapse\"><div class=\"panel-body\">\n<p>\u00d6zerkli\u011fi koruyorsunuz. 3B g\u00f6r\u00fcnt\u00fclerinizde istedi\u011finiz de\u011fi\u015fiklikleri yapman\u0131za olanak tan\u0131yan kaynak dosyalar\u0131 her zaman sa\u011fl\u0131yoruz.<\/p>\n<p><\/p> <\/div><\/div><\/div><br \/>\n<div class=\"panel\"><div class=\"panel-heading\"><h3 class=\"panel-title\"><a class=\"accordion-toggle\" data-toggle=\"collapse\" data-parent=\"#accordion-0\" href=\"#collapse_4_A-Powerful-Commercial-Lever\">G\u00fc\u00e7l\u00fc Bir Ticari Kald\u0131ra\u00e7<\/a><\/h3><\/div><div id=\"collapse_4_A-Powerful-Commercial-Lever\" class=\"panel-collapse collapse\"><div class=\"panel-body\">\n<p>G\u00fc\u00e7l\u00fc Ara\u00e7larla \u0130\u015finizi Art\u0131r\u0131n<\/p>\n<p>Etkileyici 3B ticari ara\u00e7lar\u0131m\u0131zla i\u015fletmenizin t\u00fcm potansiyelini ortaya \u00e7\u0131kar\u0131n. Plan d\u0131\u015f\u0131 sat\u0131\u015flardan ve teklif yan\u0131tlar\u0131ndan ev haz\u0131rlama, i\u00e7 tasar\u0131m ve sosyal medya ileti\u015fimine kadar, rekabet\u00e7i fiyatlarla bir dizi \u00e7ekici hizmet sunuyoruz. Sizi di\u011ferlerinden ay\u0131racak fark yaratan ara\u00e7larla kendinizi \u015f\u0131mart\u0131n: 3B perspektifler, foto\u011fraf montajlar\u0131, 360\u00b0 panoramik g\u00f6r\u00fcnt\u00fcler, sanal turlar, aksonometrik g\u00f6r\u00fcnt\u00fcler ve daha fazlas\u0131.<\/p>\n<p><\/p> <\/div><\/div><\/div><br \/>\n<div class=\"panel\"><div class=\"panel-heading\"><h3 class=\"panel-title\"><a class=\"accordion-toggle\" data-toggle=\"collapse\" data-parent=\"#accordion-0\" href=\"#collapse_5_Optimize-Your-Time\">Zaman\u0131n\u0131z\u0131 Optimize Edin<\/a><\/h3><\/div><div id=\"collapse_5_Optimize-Your-Time\" class=\"panel-collapse collapse\"><div class=\"panel-body\">\n<p>3D g\u00f6rsellerinizin \u00fcretimini bize emanet edin, as\u0131l i\u015finize ve katma de\u011fere odaklan\u0131n. 3B yaz\u0131l\u0131m kullan\u0131m\u0131nda uzmanlar olarak, genellikle kendi \u00fcretebilece\u011finiz kadar iyi, hatta daha iyi sonu\u00e7lara ve daha uygun bir fiyata ula\u015f\u0131yoruz.<\/p>\n<p><\/p> <\/div><\/div><\/div><br \/>\n<div class=\"panel\"><div class=\"panel-heading\"><h3 class=\"panel-title\"><a class=\"accordion-toggle\" data-toggle=\"collapse\" data-parent=\"#accordion-0\" href=\"#collapse_6_Tools\">Aletler<\/a><\/h3><\/div><div id=\"collapse_6_Tools\" class=\"panel-collapse collapse\"><div class=\"panel-body\">\n<p>Perspektif sanat\u00e7\u0131lar\u0131m\u0131z, ultra ger\u00e7ek\u00e7i 3B perspektifler i\u00e7in t\u00fcm ihtiya\u00e7lar\u0131n\u0131z\u0131 kar\u015f\u0131lamak \u00fczere \u00e7ok \u00e7e\u015fitli bilgisayar ara\u00e7lar\u0131ndan yararlan\u0131r.<\/p>\n<p><\/p> <\/div><\/div><\/div>\n<p><\/p><\/div>\n\n\t\t<\/div>\n\t<\/div>\n<\/div><\/div><\/div><\/div>\n<\/section>","protected":false},"excerpt":{"rendered":"S\u0131k\u00e7a Sorulan Sorular (SSS) 3D Gayrimenkul G\u00f6rselleri 3D G\u00f6r\u00fcnt\u00fc Hizmeti: 3D Perspektifler, 360\u00b0 G\u00f6r\u00fcn\u00fcmler, Sanal Turlar... Nas\u0131l \u00c7al\u0131\u015f\u0131r? 3D g\u00f6r\u00fcnt\u00fcler i\u00e7in sipari\u015f vermek esnek ve basit bir s\u00fcre\u00e7tir. \u0130\u015fleyi\u015f \u015fekli \u015f\u00f6yle: Bize proje materyallerinizi sa\u011flay\u0131n: Buna AutoCAD dosyalar\u0131, elle \u00e7izilmi\u015f planlar ve\/veya [...] gibi dijital mimari planlar dahildir.","protected":false},"author":1,"featured_media":0,"parent":0,"menu_order":0,"comment_status":"closed","ping_status":"closed","template":"","meta":{"footnotes":""},"acf":[],"_links":{"self":[{"href":"https:\/\/dincarchitect.com\/tr\/wp-json\/wp\/v2\/pages\/13566"}],"collection":[{"href":"https:\/\/dincarchitect.com\/tr\/wp-json\/wp\/v2\/pages"}],"about":[{"href":"https:\/\/dincarchitect.com\/tr\/wp-json\/wp\/v2\/types\/page"}],"author":[{"embeddable":true,"href":"https:\/\/dincarchitect.com\/tr\/wp-json\/wp\/v2\/users\/1"}],"replies":[{"embeddable":true,"href":"https:\/\/dincarchitect.com\/tr\/wp-json\/wp\/v2\/comments?post=13566"}],"version-history":[{"count":0,"href":"https:\/\/dincarchitect.com\/tr\/wp-json\/wp\/v2\/pages\/13566\/revisions"}],"wp:attachment":[{"href":"https:\/\/dincarchitect.com\/tr\/wp-json\/wp\/v2\/media?parent=13566"}],"curies":[{"name":"wp","href":"https:\/\/api.w.org\/{rel}","templated":true}]}}