{"id":13191,"date":"2023-06-12T00:00:29","date_gmt":"2023-06-12T00:00:29","guid":{"rendered":"https:\/\/themicart.com\/interico-wpb\/?page_id=13191"},"modified":"2023-06-17T13:03:05","modified_gmt":"2023-06-17T13:03:05","slug":"about-us","status":"publish","type":"page","link":"https:\/\/dincarchitect.com\/tr\/hakkimizda\/","title":{"rendered":"Hakk\u0131m\u0131zda"},"content":{"rendered":"<section class=\"wpb-content-wrapper\"><div data-vc-full-width=\"true\" data-vc-full-width-init=\"false\" class=\"vc_row wpb_row vc_row-fluid spaced-top\"><div class=\"wpb_column vc_column_container vc_col-sm-12\"><div class=\"vc_column-inner\"><div class=\"wpb_wrapper\">\n\t<div class=\"wpb_text_column wpb_content_element\" >\n\t\t<div class=\"wpb_wrapper\">\n\t\t\t<h2 style=\"text-align: center;\">Zarif Mimari Tasar\u0131mlar\u0131n Pe\u015finde<\/h2>\n\n\t\t<\/div>\n\t<\/div>\n<span class=\"subtitle dash-false style-dark text-center\">Bizi Tan\u0131y\u0131n<\/span><\/div><\/div><\/div><\/div><div class=\"vc_row-full-width vc_clearfix\"><\/div><div class=\"vc_row wpb_row vc_row-fluid mobile-pad-0 vc_custom_1686571886157 vc_row-o-equal-height vc_row-o-content-middle vc_row-flex\"><div class=\"wpb_column vc_column_container vc_col-sm-8 vc_hidden-sm vc_hidden-xs\"><div class=\"vc_column-inner\"><div class=\"wpb_wrapper\">\n\t<div  class=\"wpb_single_image wpb_content_element vc_align_left  vc_custom_1686908225578\">\n\t\t\n\t\t<figure class=\"wpb_wrapper vc_figure\">\n\t\t\t<a href=\"https:\/\/dincarchitect.com\/wp-content\/uploads\/2023\/06\/dastudio-abous-us-1024x644.jpg\" target=\"_self\" class=\"vc_single_image-wrapper   vc_box_border_grey\"><img decoding=\"async\" width=\"1240\" height=\"780\" src=\"https:\/\/dincarchitect.com\/wp-content\/uploads\/2023\/06\/dastudio-abous-us.jpg\" class=\"vc_single_image-img attachment-full\" alt=\"\" title=\"dastudio-abous-us\" srcset=\"https:\/\/dincarchitect.com\/wp-content\/uploads\/2023\/06\/dastudio-abous-us.jpg 1240w, https:\/\/dincarchitect.com\/wp-content\/uploads\/2023\/06\/dastudio-abous-us-1024x644.jpg 1024w, https:\/\/dincarchitect.com\/wp-content\/uploads\/2023\/06\/dastudio-abous-us-768x483.jpg 768w, https:\/\/dincarchitect.com\/wp-content\/uploads\/2023\/06\/dastudio-abous-us-18x12.jpg 18w\" sizes=\"(max-width: 1240px) 100vw, 1240px\" \/><\/a>\n\t\t<\/figure>\n\t<\/div>\n<\/div><\/div><\/div><div class=\"wpb_column vc_column_container vc_col-sm-4\"><div class=\"vc_column-inner\"><div class=\"wpb_wrapper\"><div class=\"vc_row wpb_row vc_inner vc_row-fluid overlap-left\"><div class=\"shadow-box wpb_column vc_column_container vc_col-sm-12\"><div class=\"vc_column-inner\"><div class=\"wpb_wrapper\"><span class=\"subtitle dash-true style-dark text-default\">DA St\u00fcdyosu<\/span><div class=\"divider-light\"><\/div>\n\t<div class=\"wpb_text_column wpb_content_element\" >\n\t\t<div class=\"wpb_wrapper\">\n\t\t\t<div style=\"text-align: justify;\">\n<p>\u015eirketimiz, zarif mimari sanat\u0131n\u0131n zirvesinde faaliyet g\u00f6steren se\u00e7kin bir mimarl\u0131k firmas\u0131d\u0131r. Fransa&#039;da do\u011fan Din\u00e7 Bey, uzmanl\u0131\u011f\u0131n\u0131 Paris Descartes ve T\u00fcrkiye&#039;deki Mimarl\u0131k b\u00f6l\u00fcm\u00fcnden ald\u0131\u011f\u0131 ikili \u00fcniversite dereceleriyle geli\u015ftirdi. Tutkulu vizyonerler ve giri\u015fimciler olarak, mimarl\u0131k alan\u0131nda benzersiz ve istisnai hizmetler sunarak kendi st\u00fcdyomuzu hayata ge\u00e7irdik.<\/p>\n<\/div>\n\n\t\t<\/div>\n\t<\/div>\n<\/div><\/div><\/div><\/div><\/div><\/div><\/div><\/div><div class=\"vc_row wpb_row vc_row-fluid mobile-pad-0 vc_custom_1686571894333 vc_row-o-equal-height vc_row-o-content-middle vc_row-flex\"><div class=\"wpb_column vc_column_container vc_col-sm-4\"><div class=\"vc_column-inner\"><div class=\"wpb_wrapper\"><div class=\"vc_row wpb_row vc_inner vc_row-fluid overlap-right\"><div class=\"shadow-box wpb_column vc_column_container vc_col-sm-12\"><div class=\"vc_column-inner\"><div class=\"wpb_wrapper\"><span class=\"subtitle dash-true style-dark text-default\">DA St\u00fcdyosu<\/span><div class=\"divider-light\"><\/div>\n\t<div class=\"wpb_text_column wpb_content_element\" >\n\t\t<div class=\"wpb_wrapper\">\n\t\t\t<div style=\"text-align: justify;\">\n<p>Hem Fransa&#039;da hem de T\u00fcrkiye&#039;de hizmet veren on yetenekli ki\u015fiden olu\u015fan gen\u00e7 ve dinamik bir ekip olman\u0131n gururunu ya\u015f\u0131yoruz. Frans\u0131z ekibimiz m\u00fc\u015fteri kazanmaya odaklan\u0131rken, T\u00fcrk ekibimiz yarat\u0131c\u0131l\u0131\u011f\u0131 ortaya \u00e7\u0131karmaya ve projeleri son derece hassas bir \u015fekilde y\u00fcr\u00fctmeye kendini adam\u0131\u015ft\u0131r. Sonu\u00e7 olarak, fiyatland\u0131rmam\u0131z rekabet\u00e7idir ve m\u00fc\u015fterilerimize de\u011fer sunma taahh\u00fcd\u00fcm\u00fcz\u00fc yans\u0131t\u0131r.<\/p>\n<\/div>\n\n\t\t<\/div>\n\t<\/div>\n<\/div><\/div><\/div><\/div><\/div><\/div><\/div><div class=\"wpb_column vc_column_container vc_col-sm-8 vc_hidden-sm vc_hidden-xs\"><div class=\"vc_column-inner\"><div class=\"wpb_wrapper\">\n\t<div  class=\"wpb_single_image wpb_content_element vc_align_left  vc_custom_1686925424961\">\n\t\t\n\t\t<figure class=\"wpb_wrapper vc_figure\">\n\t\t\t<a href=\"https:\/\/dincarchitect.com\/wp-content\/uploads\/2023\/06\/dastudio-team-1-1024x644.jpg\" target=\"_self\" class=\"vc_single_image-wrapper   vc_box_border_grey\"><img decoding=\"async\" width=\"1240\" height=\"780\" src=\"https:\/\/dincarchitect.com\/wp-content\/uploads\/2023\/06\/dastudio-team-1.jpg\" class=\"vc_single_image-img attachment-full\" alt=\"\" title=\"dastudio-ekip-1\" srcset=\"https:\/\/dincarchitect.com\/wp-content\/uploads\/2023\/06\/dastudio-team-1.jpg 1240w, https:\/\/dincarchitect.com\/wp-content\/uploads\/2023\/06\/dastudio-team-1-1024x644.jpg 1024w, https:\/\/dincarchitect.com\/wp-content\/uploads\/2023\/06\/dastudio-team-1-768x483.jpg 768w, https:\/\/dincarchitect.com\/wp-content\/uploads\/2023\/06\/dastudio-team-1-18x12.jpg 18w\" sizes=\"(max-width: 1240px) 100vw, 1240px\" \/><\/a>\n\t\t<\/figure>\n\t<\/div>\n<\/div><\/div><\/div><\/div><div class=\"vc_row wpb_row vc_row-fluid mobile-pad-0 vc_custom_1686571900653 vc_row-o-equal-height vc_row-o-content-middle vc_row-flex\"><div class=\"wpb_column vc_column_container vc_col-sm-8 vc_hidden-sm vc_hidden-xs\"><div class=\"vc_column-inner\"><div class=\"wpb_wrapper\">\n\t<div  class=\"wpb_single_image wpb_content_element vc_align_left  vc_custom_1686925950678\">\n\t\t\n\t\t<figure class=\"wpb_wrapper vc_figure\">\n\t\t\t<a href=\"https:\/\/dincarchitect.com\/wp-content\/uploads\/2023\/06\/dastudio-team-2-1024x644.jpg\" target=\"_self\" class=\"vc_single_image-wrapper   vc_box_border_grey\"><img decoding=\"async\" width=\"1240\" height=\"780\" src=\"https:\/\/dincarchitect.com\/wp-content\/uploads\/2023\/06\/dastudio-team-2.jpg\" class=\"vc_single_image-img attachment-full\" alt=\"\" title=\"dastudio-ekibi-2\" srcset=\"https:\/\/dincarchitect.com\/wp-content\/uploads\/2023\/06\/dastudio-team-2.jpg 1240w, https:\/\/dincarchitect.com\/wp-content\/uploads\/2023\/06\/dastudio-team-2-1024x644.jpg 1024w, https:\/\/dincarchitect.com\/wp-content\/uploads\/2023\/06\/dastudio-team-2-768x483.jpg 768w, https:\/\/dincarchitect.com\/wp-content\/uploads\/2023\/06\/dastudio-team-2-18x12.jpg 18w\" sizes=\"(max-width: 1240px) 100vw, 1240px\" \/><\/a>\n\t\t<\/figure>\n\t<\/div>\n<\/div><\/div><\/div><div class=\"wpb_column vc_column_container vc_col-sm-4\"><div class=\"vc_column-inner\"><div class=\"wpb_wrapper\"><div class=\"vc_row wpb_row vc_inner vc_row-fluid overlap-left\"><div class=\"shadow-box wpb_column vc_column_container vc_col-sm-12\"><div class=\"vc_column-inner\"><div class=\"wpb_wrapper\"><span class=\"subtitle dash-true style-dark text-default\">DA St\u00fcdyosu<\/span><div class=\"divider-light\"><\/div>\n\t<div class=\"wpb_text_column wpb_content_element\" >\n\t\t<div class=\"wpb_wrapper\">\n\t\t\t<div style=\"text-align: justify;\">\n<p>Ekip olarak \u00fcstlendi\u011fimiz her proje i\u00e7in ki\u015fiselle\u015ftirilmi\u015f bir yakla\u015f\u0131m\u0131 benimsiyoruz. \u0130\u015flevselli\u011fi bir araya getirirken ve m\u00fc\u015fterilerimizin \u00f6zel gereksinimlerini kar\u015f\u0131larken estetik m\u00fckemmelli\u011fi yayan tasar\u0131mlar yarat\u0131yoruz. Titiz \u00e7al\u0131\u015fmalar\u0131m\u0131z, projelerimize yenilik katmak i\u00e7in en son teknolojilerden yararlanarak m\u00fc\u015fterilerimizin hayallerini ger\u00e7e\u011fe d\u00f6n\u00fc\u015ft\u00fcrmeyi ama\u00e7l\u0131yor.<\/p>\n<\/div>\n\n\t\t<\/div>\n\t<\/div>\n<\/div><\/div><\/div><\/div><\/div><\/div><\/div><\/div><div class=\"vc_row wpb_row vc_row-fluid mobile-pad-0 vc_custom_1686571907125 vc_row-o-equal-height vc_row-o-content-middle vc_row-flex\"><div class=\"wpb_column vc_column_container vc_col-sm-4\"><div class=\"vc_column-inner\"><div class=\"wpb_wrapper\"><div class=\"vc_row wpb_row vc_inner vc_row-fluid overlap-right\"><div class=\"shadow-box wpb_column vc_column_container vc_col-sm-12\"><div class=\"vc_column-inner\"><div class=\"wpb_wrapper\"><span class=\"subtitle dash-true style-dark text-default\">DA St\u00fcdyosu<\/span><div class=\"divider-light\"><\/div>\n\t<div class=\"wpb_text_column wpb_content_element\" >\n\t\t<div class=\"wpb_wrapper\">\n\t\t\t<div style=\"text-align: justify;\">\n<p>Kapsaml\u0131 deneyimi ve sars\u0131lmaz tutkusu ile ekibimiz mimari projelerde uzmanla\u015fm\u0131\u015ft\u0131r ve her a\u015famada m\u00fc\u015fterilerimizle yak\u0131n i\u015fbirli\u011fini s\u00fcrd\u00fcrmektedir. Hikayenizi, ihtiya\u00e7lar\u0131n\u0131z\u0131 ve beklentilerinizi anlamak bizim i\u00e7in \u00e7ok \u00f6nemlidir. Profesyonel yakla\u015f\u0131m\u0131m\u0131z ve \u00f6zg\u00fcn tasar\u0131mlar\u0131m\u0131zla, hayal etti\u011finiz mekanlar\u0131 hayata ge\u00e7irmek i\u00e7in \u00e7al\u0131\u015f\u0131yoruz.<\/p>\n<\/div>\n\n\t\t<\/div>\n\t<\/div>\n<\/div><\/div><\/div><\/div><\/div><\/div><\/div><div class=\"wpb_column vc_column_container vc_col-sm-8 vc_hidden-sm vc_hidden-xs\"><div class=\"vc_column-inner\"><div class=\"wpb_wrapper\">\n\t<div  class=\"wpb_single_image wpb_content_element vc_align_left  vc_custom_1686926031639\">\n\t\t\n\t\t<figure class=\"wpb_wrapper vc_figure\">\n\t\t\t<a href=\"https:\/\/dincarchitect.com\/wp-content\/uploads\/2023\/06\/dastudio-team-4-1024x644.jpg\" target=\"_self\" class=\"vc_single_image-wrapper   vc_box_border_grey\"><img decoding=\"async\" width=\"1240\" height=\"780\" src=\"https:\/\/dincarchitect.com\/wp-content\/uploads\/2023\/06\/dastudio-team-4.jpg\" class=\"vc_single_image-img attachment-full\" alt=\"\" title=\"dastudio-ekip-4\" srcset=\"https:\/\/dincarchitect.com\/wp-content\/uploads\/2023\/06\/dastudio-team-4.jpg 1240w, https:\/\/dincarchitect.com\/wp-content\/uploads\/2023\/06\/dastudio-team-4-1024x644.jpg 1024w, https:\/\/dincarchitect.com\/wp-content\/uploads\/2023\/06\/dastudio-team-4-768x483.jpg 768w, https:\/\/dincarchitect.com\/wp-content\/uploads\/2023\/06\/dastudio-team-4-18x12.jpg 18w\" sizes=\"(max-width: 1240px) 100vw, 1240px\" \/><\/a>\n\t\t<\/figure>\n\t<\/div>\n<\/div><\/div><\/div><\/div><div class=\"vc_row wpb_row vc_row-fluid mobile-pad-0 vc_custom_1686571914605 vc_row-o-equal-height vc_row-o-content-middle vc_row-flex\"><div class=\"wpb_column vc_column_container vc_col-sm-8 vc_hidden-sm vc_hidden-xs\"><div class=\"vc_column-inner\"><div class=\"wpb_wrapper\">\n\t<div  class=\"wpb_single_image wpb_content_element vc_align_left  vc_custom_1686919831190\">\n\t\t\n\t\t<figure class=\"wpb_wrapper vc_figure\">\n\t\t\t<a href=\"https:\/\/dincarchitect.com\/wp-content\/uploads\/2023\/06\/dastudio-team-3-1024x644.jpg\" target=\"_self\" class=\"vc_single_image-wrapper   vc_box_border_grey\"><img decoding=\"async\" width=\"1240\" height=\"780\" src=\"https:\/\/dincarchitect.com\/wp-content\/uploads\/2023\/06\/dastudio-team-3.jpg\" class=\"vc_single_image-img attachment-full\" alt=\"\" title=\"dastudio-ekip-3\" srcset=\"https:\/\/dincarchitect.com\/wp-content\/uploads\/2023\/06\/dastudio-team-3.jpg 1240w, https:\/\/dincarchitect.com\/wp-content\/uploads\/2023\/06\/dastudio-team-3-1024x644.jpg 1024w, https:\/\/dincarchitect.com\/wp-content\/uploads\/2023\/06\/dastudio-team-3-768x483.jpg 768w, https:\/\/dincarchitect.com\/wp-content\/uploads\/2023\/06\/dastudio-team-3-18x12.jpg 18w\" sizes=\"(max-width: 1240px) 100vw, 1240px\" \/><\/a>\n\t\t<\/figure>\n\t<\/div>\n<\/div><\/div><\/div><div class=\"wpb_column vc_column_container vc_col-sm-4\"><div class=\"vc_column-inner\"><div class=\"wpb_wrapper\"><div class=\"vc_row wpb_row vc_inner vc_row-fluid overlap-left\"><div class=\"shadow-box wpb_column vc_column_container vc_col-sm-12\"><div class=\"vc_column-inner\"><div class=\"wpb_wrapper\"><span class=\"subtitle dash-true style-dark text-default\">DA St\u00fcdyosu<\/span><div class=\"divider-light\"><\/div>\n\t<div class=\"wpb_text_column wpb_content_element\" >\n\t\t<div class=\"wpb_wrapper\">\n\t\t\t<div style=\"text-align: justify;\">\n<p>Sizin i\u00e7in anlam ifade eden her proje, b\u00fcy\u00fck ilgi g\u00f6r\u00fcyor. Mimari becerilerimizden, yarat\u0131c\u0131l\u0131\u011f\u0131m\u0131zdan ve uzmanl\u0131\u011f\u0131m\u0131zdan yararlanarak, projenizin her a\u015famas\u0131nda kaliteyi garanti ederek her detay\u0131 titizlikle planl\u0131yoruz.<\/p>\n<p>M\u00fc\u015fterilerimizin memnuniyetini sa\u011flarken, zarif ve etkili mimari tasar\u0131mlar\u0131n yolunu takip etmekten b\u00fcy\u00fck gurur duyuyoruz. Sizi hayalinizdeki alana ta\u015f\u0131mak i\u00e7in \u00e7al\u0131\u015fmaktan b\u00fcy\u00fck heyecan duyuyoruz. Bu yolculu\u011fa birlikte \u00e7\u0131kal\u0131m!<\/p>\n<\/div>\n\n\t\t<\/div>\n\t<\/div>\n\n\t<div class=\"wpb_raw_code wpb_content_element wpb_raw_html\" >\n\t\t<div class=\"wpb_wrapper\">\n\t\t\t<link href=\"https:\/\/fonts.googleapis.com\/css2?family=Great+Vibes&display=swap\" rel=\"stylesheet\">\n<style>\n  .signature {\n    font-family: 'Great Vibes', cursive;\n    font-size: 24px;\n    color: #e37218;\n    text-align: center;\n  }\n<\/style>\n\n<div style=\"display: flex; justify-content: center;\">\n  <span class=\"signature\">Kubilay Din\u00e7<\/span>\n<\/div>\n\n\n\t\t<\/div>\n\t<\/div>\n<\/div><\/div><\/div><\/div><\/div><\/div><\/div><\/div>\n<\/section>","protected":false},"excerpt":{"rendered":"Zarif Mimari Tasar\u0131mlar\u0131n \u0130zinde Bizi Tan\u0131y\u0131n DA Studio Firmam\u0131z zarif mimari sanat\u0131n\u0131n zirvesinde faaliyet g\u00f6steren se\u00e7kin bir mimarl\u0131k firmas\u0131d\u0131r. Fransa&#039;da do\u011fan Din\u00e7 Bey, uzmanl\u0131\u011f\u0131n\u0131 Paris Descartes ve T\u00fcrkiye&#039;deki Mimarl\u0131k b\u00f6l\u00fcmlerinden ald\u0131\u011f\u0131 ikili \u00fcniversite diplomalar\u0131yla peki\u015ftirdi. Tutkulu vizyonerler olarak [...]","protected":false},"author":1,"featured_media":0,"parent":0,"menu_order":0,"comment_status":"closed","ping_status":"closed","template":"","meta":{"footnotes":""},"acf":[],"_links":{"self":[{"href":"https:\/\/dincarchitect.com\/tr\/wp-json\/wp\/v2\/pages\/13191"}],"collection":[{"href":"https:\/\/dincarchitect.com\/tr\/wp-json\/wp\/v2\/pages"}],"about":[{"href":"https:\/\/dincarchitect.com\/tr\/wp-json\/wp\/v2\/types\/page"}],"author":[{"embeddable":true,"href":"https:\/\/dincarchitect.com\/tr\/wp-json\/wp\/v2\/users\/1"}],"replies":[{"embeddable":true,"href":"https:\/\/dincarchitect.com\/tr\/wp-json\/wp\/v2\/comments?post=13191"}],"version-history":[{"count":0,"href":"https:\/\/dincarchitect.com\/tr\/wp-json\/wp\/v2\/pages\/13191\/revisions"}],"wp:attachment":[{"href":"https:\/\/dincarchitect.com\/tr\/wp-json\/wp\/v2\/media?parent=13191"}],"curies":[{"name":"wp","href":"https:\/\/api.w.org\/{rel}","templated":true}]}}