{"id":12031,"date":"2023-06-12T00:00:55","date_gmt":"2023-06-12T00:00:55","guid":{"rendered":"https:\/\/themicart.com\/interico-wpb\/?page_id=12031"},"modified":"2023-06-20T04:39:42","modified_gmt":"2023-06-20T04:39:42","slug":"contact-us","status":"publish","type":"page","link":"https:\/\/dincarchitect.com\/tr\/bize-ulasin\/","title":{"rendered":"Bize Ula\u015f\u0131n"},"content":{"rendered":"<section class=\"wpb-content-wrapper\"><div data-vc-full-width=\"true\" data-vc-full-width-init=\"false\" class=\"vc_row wpb_row vc_row-fluid vc_custom_1538649965161 vc_row-has-fill\"><div class=\"wpb_column vc_column_container vc_col-sm-4\"><div class=\"vc_column-inner\"><div class=\"wpb_wrapper\"><a href=\"tel: 33761122801\"><div class=\"feature-box icon-top-centered box-hovered spacing-30 spacing-mob-30\"><span class=\"lnr lnr-phone\"><\/span><div class=\"content-wrapper\"><h3 class=\"feature-title\">+33 7 61 12 28 01<\/h3><p class=\"feature-text\">Pazartesiden Cumaya 08:00 - 17:00 saatleri aras\u0131nda istedi\u011finiz zaman bizimle ileti\u015fime ge\u00e7mekten \u00e7ekinmeyin.<\/p><\/div><\/div><\/a><\/div><\/div><\/div><div class=\"wpb_column vc_column_container vc_col-sm-4\"><div class=\"vc_column-inner\"><div class=\"wpb_wrapper\"><a href=\"mailto:info@dincarchitect.com\"><div class=\"feature-box icon-top-centered box-hovered spacing-30 spacing-mob-30\"><span class=\"lnr lnr-envelope\"><\/span><div class=\"content-wrapper\"><h3 class=\"feature-title\">info@dincarchitect.com<\/h3><p class=\"feature-text\">Bize istedi\u011finiz zaman e-posta g\u00f6ndermekten \u00e7ekinmeyin; genellikle 24 saat i\u00e7inde yan\u0131t veririz.<\/p><\/div><\/div><\/a><\/div><\/div><\/div><div class=\"wpb_column vc_column_container vc_col-sm-4\"><div class=\"vc_column-inner\"><div class=\"wpb_wrapper\"><a href=\"https:\/\/www.google.com\/maps\/search\/?api=1&#038;query=88+Rue+Raynouard%2C+75016+Paris%2C+France\" target=\"_blank\" rel=\"noopener\"><div class=\"feature-box icon-top-centered box-hovered spacing-30 spacing-mob-30\"><span class=\"lnr lnr-home\"><\/span><div class=\"content-wrapper\"><h3 class=\"feature-title\">88 Rue Raynouard, 75016 Paris, Fransa<\/h3><p class=\"feature-text\">Ziyaret etmeden \u00f6nce bize telefon edin<\/p><\/div><\/div><\/a><\/div><\/div><\/div><\/div><div class=\"vc_row-full-width vc_clearfix\"><\/div><div data-vc-full-width=\"true\" data-vc-full-width-init=\"false\" class=\"vc_row wpb_row vc_row-fluid spaced vc_custom_1686357953926 vc_row-has-fill\"><div class=\"wpb_column vc_column_container vc_col-sm-12\"><div class=\"vc_column-inner\"><div class=\"wpb_wrapper\">\n\t<div class=\"wpb_text_column wpb_content_element  wpb_animate_when_almost_visible wpb_fadeIn fadeIn vc_custom_1686357006959\" >\n\t\t<div class=\"wpb_wrapper\">\n\t\t\t<span class=\"subtitle dash-true style-dark text-default\">Formu doldur<\/span>\n<h2>Bize projenden bahset<\/h2>\n\n\t\t<\/div>\n\t<\/div>\n<div class=\"vc_row wpb_row vc_inner vc_row-fluid vc_custom_1535104842056 vc_column-gap-30 vc_row-o-equal-height vc_row-flex\"><div class=\"shadow-box wpb_column vc_column_container vc_col-sm-12\"><div class=\"vc_column-inner\"><div class=\"wpb_wrapper\">\n<div class=\"wpcf7 no-js\" id=\"wpcf7-f6793-o1\" lang=\"en-US\" dir=\"ltr\">\n<div class=\"screen-reader-response\"><p role=\"status\" aria-live=\"polite\" aria-atomic=\"true\"><\/p> <ul><\/ul><\/div>\n<form action=\"\/tr\/wp-json\/wp\/v2\/pages\/12031#wpcf7-f6793-o1\" method=\"post\" class=\"wpcf7-form init\" aria-label=\"\u0130leti\u015fim Formu\" enctype=\"multipart\/form-data\" novalidate=\"novalidate\" data-status=\"init\" data-trp-original-action=\"\/tr\/wp-json\/wp\/v2\/pages\/12031#wpcf7-f6793-o1\">\n<div style=\"display: none;\">\n<input type=\"hidden\" name=\"_wpcf7\" value=\"6793\" \/>\n<input type=\"hidden\" name=\"_wpcf7_version\" value=\"5.7.7\" \/>\n<input type=\"hidden\" name=\"_wpcf7_locale\" value=\"en_US\" \/>\n<input type=\"hidden\" name=\"_wpcf7_unit_tag\" value=\"wpcf7-f6793-o1\" \/>\n<input type=\"hidden\" name=\"_wpcf7_container_post\" value=\"0\" \/>\n<input type=\"hidden\" name=\"_wpcf7_posted_data_hash\" value=\"\" \/>\n<\/div>\n<div class=\"default-form main-contact-form quote-form\">\n\t<div class=\"row\">\n\t\t<div class=\"col-lg-6 col-md-6 col-sm-12 col-xs-12\">\n\t\t\t<div class=\"form-row\">\n\t\t\t\t<p><input type=\"url\" name=\"WebsiteURL\" placeholder=\"\u0130nternet adresi\" required \/>\n\t\t\t\t<\/p>\n\t\t\t<\/div>\n\t\t<\/div>\n\t\t<div class=\"col-lg-6 col-md-6 col-sm-12 col-xs-12\">\n\t\t\t<div class=\"form-row\">\n\t\t\t\t<p><input type=\"text\" name=\"CompanyName\" placeholder=\"Firma Ad\u0131\" required \/>\n\t\t\t\t<\/p>\n\t\t\t<\/div>\n\t\t<\/div>\n\t\t<div class=\"col-lg-6 col-md-6 col-sm-12 col-xs-12\">\n\t\t\t<div class=\"form-row\">\n\t\t\t\t<p><span class=\"wpcf7-form-control-wrap\" data-name=\"FirstName\"><input size=\"40\" class=\"wpcf7-form-control wpcf7-text wpcf7-validates-as-required\" aria-required=\"true\" aria-invalid=\"false\" placeholder=\"\u0130lk ad\u0131\" value=\"\" type=\"text\" name=\"FirstName\" \/><\/span>\n\t\t\t\t<\/p>\n\t\t\t<\/div>\n\t\t<\/div>\n\t\t<div class=\"col-lg-6 col-md-6 col-sm-12 col-xs-12\">\n\t\t\t<div class=\"form-row\">\n\t\t\t\t<p><span class=\"wpcf7-form-control-wrap\" data-name=\"LastName\"><input size=\"40\" class=\"wpcf7-form-control wpcf7-text wpcf7-validates-as-required\" aria-required=\"true\" aria-invalid=\"false\" placeholder=\"Soy isim\" value=\"\" type=\"text\" name=\"LastName\" \/><\/span>\n\t\t\t\t<\/p>\n\t\t\t<\/div>\n\t\t<\/div>\n\t\t<div class=\"col-lg-6 col-md-6 col-sm-12 col-xs-12\">\n\t\t\t<div class=\"form-row\">\n\t\t\t\t<p><span class=\"wpcf7-form-control-wrap\" data-name=\"PhoneNumber\"><input size=\"40\" class=\"wpcf7-form-control wpcf7-text wpcf7-tel wpcf7-validates-as-required wpcf7-validates-as-tel\" aria-required=\"true\" aria-invalid=\"false\" placeholder=\"Telefon\" value=\"\" type=\"tel\" name=\"PhoneNumber\" \/><\/span>\n\t\t\t\t<\/p>\n\t\t\t<\/div>\n\t\t<\/div>\n\t\t<div class=\"col-lg-6 col-md-6 col-sm-12 col-xs-12\">\n\t\t\t<div class=\"form-row\">\n\t\t\t\t<p><span class=\"wpcf7-form-control-wrap\" data-name=\"EmailAddress\"><input size=\"40\" class=\"wpcf7-form-control wpcf7-text wpcf7-email wpcf7-validates-as-required wpcf7-validates-as-email\" aria-required=\"true\" aria-invalid=\"false\" placeholder=\"e-posta\" value=\"\" type=\"email\" name=\"EmailAddress\" \/><\/span>\n\t\t\t\t<\/p>\n\t\t\t<\/div>\n\t\t<\/div>\n\t\t<div class=\"col-lg-6 col-md-6 col-sm-12 col-xs-12\">\n\t\t\t<div class=\"form-row\">\n\t\t\t\t<p><label>Tahmini B\u00fct\u00e7e...<\/label><br \/>\n<select name=\"Budget\" required>\n <option value=\"\" selected disabled>Tahmini B\u00fct\u00e7e...<\/option>\n <option value=\"\u20ac50-499\">\u20ac50-499<\/option>\n <option value=\"\u20ac500-999\">\u20ac500-999<\/option>\n <option value=\"\u20ac1,000-1,999\">\u20ac1,000-1,999<\/option>\n <option value=\"\u20ac2,000-2,999\">\u20ac2,000-2,999<\/option>\n <option value=\"\u20ac3,000-3,999\">\u20ac3,000-3,999<\/option>\n <option value=\"\u20ac4,000-4,999\">\u20ac4,000-4,999<\/option>\n <option value=\"\u20ac5,000+\">\u20ac5,000+<\/option>\n <\/select>\n\t\t\t\t<\/p>\n\t\t\t<\/div>\n\t\t<\/div>\n\t\t<div class=\"col-lg-6 col-md-6 col-sm-12 col-xs-12\">\n\t\t\t<div class=\"form-row\">\n\t\t\t\t<p><label>Hangi hizmetle ilgileniyorsunuz?<\/label><br \/>\n<select name=\"ServiceName\" required>\n <option value=\"\" selected disabled>Hangi hizmetle ilgileniyorsunuz?<\/option>\n <option value=\"Architectural Design\">Mimari tasar\u0131m<\/option>\n <option value=\"Space Planning\">Alan planlamas\u0131<\/option>\n <option value=\"Interior Design\">\u0130\u00e7 dizayn<\/option>\n <option value=\"3D Modeling and Visualization\">3D Modelleme ve G\u00f6rselle\u015ftirme<\/option>\n <option value=\"Construction Documentation\">\u0130n\u015faat Dok\u00fcmantasyonu<\/option>\n <option value=\"Project Management\">Proje Y\u00f6netimi<\/option>\n <option value=\"Sustainable Design\">S\u00fcrd\u00fcr\u00fclebilir tasar\u0131m<\/option>\n <option value=\"Renovation and Restoration\">Tadilat ve Restorasyon<\/option>\n <option value=\"Urban Planning\">Kentsel planlama<\/option>\n <\/select>\n\t\t\t\t<\/p>\n\t\t\t<\/div>\n\t\t<\/div>\n\t\t<div class=\"col-lg-12 col-md-12 col-sm-12 col-xs-12\">\n\t\t\t<div class=\"form-row\">\n\t\t\t\t<p><label>Referanslar veya \u0130lhamlar:<\/label><br \/>\n<textarea name=\"WebsiteDetails\" class=\"website-details\"><\/textarea>\n\t\t\t\t<\/p>\n\t\t\t<\/div>\n\t\t<\/div>\n\t\t<div class=\"col-lg-12 col-md-12 col-sm-12 col-xs-12\">\n\t\t\t<div class=\"form-row\">\n\t\t\t\t<p><label>Proje hakk\u0131nda detayl\u0131 bilgi:<\/label><br \/>\n<textarea name=\"Keywords\" class=\"keywords\"><\/textarea>\n\t\t\t\t<\/p>\n\t\t\t<\/div>\n\t\t<\/div>\n\t\t<div class=\"col-lg-12 col-md-12 col-sm-12 col-xs-12\">\n\t\t\t<div class=\"form-row\">\n\t\t\t\t<p><label>Dosya Se\u00e7in (Desteklenen bi\u00e7imler: PDF, DOC, DOCX, PNG, JPEG, JPG, AutoCAD)<\/label><br \/>\n<span class=\"wpcf7-form-control-wrap\" data-name=\"file-325\"><input size=\"40\" class=\"wpcf7-form-control wpcf7-file\" accept=\".jpg,.jpeg,.png,.pdf,.doc,.docx,.dwg\" aria-invalid=\"false\" type=\"file\" name=\"file-325\" \/><\/span>\n\t\t\t\t<\/p>\n\t\t\t<\/div>\n\t\t<\/div>\n\t\t<div class=\"col-lg-12 col-md-12 col-sm-12 col-xs-12\">\n\t\t\t<div class=\"form-row\">\n\t\t\t\t<p><span class=\"wpcf7-form-control-wrap bwscaptcha-304\"><input style=\"display:none;\" class=\"wpcf7-form-control wpcf7-bwscaptcha\" aria-required=\"true\" type=\"text\" name=\"bwscaptcha-304\" value=\"\" \/><p class=\"cptch_block\"><span id=\"cptch_time_limit_notice_22\" class=\"cptch_time_limit_notice cptch_to_remove\">Zaman s\u0131n\u0131r\u0131 a\u015f\u0131ld\u0131. L\u00fctfen captcha&#039;y\u0131 bir kez daha doldurun.<\/span><span class=\"cptch_wrap cptch_math_actions\">\n\t\t\t\t<label class=\"cptch_label\" for=\"cptch_input_22\"><span class=\"cptch_span\"><input id=\"cptch_input_22\" class=\"cptch_input wpcf7-form-control wpcf7-bwscaptcha\" type=\"text\" autocomplete=\"off\" name=\"bwscaptcha-304\" value=\"\" maxlength=\"2\" size=\"2\" aria-required=\"true\" required=\"required\" style=\"margin-bottom:0;display:inline;font-size: 12px;width: 40px;\" \/><\/span>\n\t\t\t\t\t<span class=\"cptch_span\">&nbsp;\u00d7&nbsp;<\/span>\n\t\t\t\t\t<span class=\"cptch_span\"><span class=\"cptch_img cptch_center\"><img decoding=\"async\" src=\"data:image\/png;base64,iVBORw0KGgoAAAANSUhEUgAAAgAAAAIABAMAAAAGVsnJAAAAGXRFWHRTb2Z0d2FyZQBBZG9iZSBJbWFnZVJlYWR5ccllPAAAABhQTFRFMjIyubm5ZGRkkJCQ9fX1AAAA2dnZ\/\/\/\/YYJjXgAAAAh0Uk5T\/\/\/\/\/\/\/\/\/wDeg71ZAAAITElEQVR42u3dy1fbOBTAYfNwuy2FkG0bSNmGh0+2QEm9NaRqtx1KyJYknvjfb09nhukjNpaDr14\/LXvoQl\/kqytZuo6KwFsEAAAAAAAAAAAAAAAAAAAAAAAAAAAAAAAAAAAAAAAAAAAAAAAAAAAAAAAAAAAAAAAAAAAAAAAAAAAAAAAAAAAAAAAAAAAAAAAAAAAAAAAAAAAAAAAAAAAAAAAAAAAAAAAAAAAAAAAAAAAAAAAAAAAAAAAAAAAAAAAAAAAAAAAAAAAAAAAAAAAAAAAAAAAAAAAAAAAAAAAAAAAAAAAAAAAAAAAAAAAAAAAAAAAAAAAAAAAA4QBc7PaiSH1vWdQ73U8DA\/hwEqtfWnawFxDAxRu1om3uBQKwHKiStjUNAeBrrEpbduY9QP5aVba3ngPkA\/VE20p9BsgT9WQbp\/4C1Om\/vIAgwEDValu+AnxRNdsLPwHeq9rt0EeAZVwfIOt6CJAojXaTegdwqbTaC98A8lgPQPAhkAH4ojTb2C+AmdJuh14BdPQBxOJgZOcAUGrbI4BOE4As9QZgqZTFQ0AAYNIMQCgKtA+gmwM8tiNPAM4b9l8oF2gfoN8UQHW9AJg17r\/65AXAl+YAIjNh6wBxcwCRMNg2wGKN\/ouEwbYBRusAqKn7AP21AF46DzBbq\/8Sz0DLAOfrAajUdYDOmgBHjgPk8ZoA144DVE+CW8f3V1c7g9hoLhQZCwFb\/52JWQ5MrgciUyHg57MQrwxui7QLUD6639VcMIydBljWDm6JsSDQKsC8drfK350OXQYY1X\/tcWkqCLQKkGg82H1DmUCrAH2N\/K4sZcgcBsjLNry1tKbuAiy0HutLM8uBNgHmWr9p2brho7sAI73cZmIkFWoToKM3sS2MRME2ARLN9U3fRBRsEyDW\/EUnJnLBFgFy3Wd6YWJntEWAmW5UL5kHPrkKsNAe0YmBaaBFgLn2Hs+5gWmgRYAH7e4sDOyNtwgw0lgIVIbNrqMAE\/3lbV9+NdAiQEc\/te\/Iz4MtAiT6vXmQnwdbBGgwnufym0ItAsT6ie1MO266B9DVz54zrwCmDf5P6ibA6km9SeCcOgnQaDh3xBfE7QEsmwBMxDMhaYAnIvrf4plQewCNprTVmdDncADm4jvjTgBcewQwbrKLNHYSoFFf5HNhaYCb0AEajYAsnCAYPMBSfFvUDYCpPwBZk\/8EQNefxZBqMnW0uR4WB5g2SIXdBGj0mufBI4CiSV9G4ifFxDdFjxpsiXkFUL250fcJoK\/\/niuXvz8oDjBuMAs6CpDoZ0LnXgF09BOBxCuAiXZAK71m6CbASPvw81x5BfCgffi54xfAXPceWPnNKTcBFrr3wM6VXwBLzeIwed8zgFzzLuRceQZQenF2qDsAXAVItK4CXirvADo6d+IrCw87CnCuUyOro\/wDKI9qQ60HwFmAWf1iie9jU7VUTFydVX98ReAiVj4CVJWR+uVbGu+fKjbjKkBVYMv2H+P\/019ecBWguo7U5un+3dX97qBGraGhowBr1dLzAWAZOsCaxfQ8AJg8E0DXVYB56ADPFQSmrgI8VxBInQWYhA7wTJlA4SzA2iUlHT4oWWOfY9V22cQzAN2JcDjy5rB0o2cgSyeeAWjOA59W\/v3YZYCZZtLf8ebKTJNc6KbwEEAnDH5c\/Tblo9MAOmFwuhrgs9MAGgXWr0uemJduA9QfAsMSgCO3AWoPgR+zXewhQF5zIvjRT3+uz\/\/ULusPgFy6kpLMJzc7dSPA6j2k1HmAOl8dvi5PHAvnAWo8BNm0dAcl8wCg6hMC\/7TD8rzxxgeAPKnu\/8a\/f\/cgXVFR7OPr1QKPJyZGHtUS0xD4\/8TIRHgtJAhQ5IMa50USj8rp\/dluV8+Gb9Pq3YMjbwBWHgbZ3Pv5L2LhTFgYoCguTn7r\/v6vj4l0KTFxgO99\/HryJvqR30QHx2mdHcTULwDt\/TNn6wo3aeJ5kG0AE+mSorYBSO8JWwcgvSFmG0AuvSFmG8BCPA2wDOBBfBa0DED63bh1AH3xWdAugFyJz4J2ASyU+CxoF8BI+q2IbQCJ+FrQLoBcyU8CVgHMlfwkYBXAygNl2wEBxAYmAZsAFkp+JWAVwEjJrwRsAlh9lOg6HAD5wvKWASRKfjfEJgD5grqWAUyUiTzQHoClXs0h\/wD0S8\/5BTBThkKALQCJMhQCLAG4VKZCgB0Apecoj8IAKD8+lYYB8Kry+LT\/ALelp+e2gwC4NVI3wR6A28pLdN4D5IPqS3S+A1z0DdWOkQQon8qWJ8aqBkgCJAd7K\/\/9w0n85DVSPwCU2jy++733u29M1s6RBvjeot7pzv3d1dXV\/V87p72o3kVqnwD023boANPAAa6LwAGGgQMIhUB7AQ4DB8jSwAG2i7AB5AaApQByA8BOgJs0cIDDImyAcRE4wDBwgI0ibADBKdBOgLMibADZB8A+gJs0bICsW4QNcFaEDXBYhA3woggbYKMIG8DE728TwLsiaIDsrAga4GavCBpgIy1CBjD381sBkL1Ni4ABDHffNMDmjuHuSwB8eL36NEzWO54W5pvIMbn8fvekFz2ei4mi3sHOXWFHs6yQEgAAAAAAAAAAAAAAAAAAAAAAAAAAAAAAAAAAAAAAAAAAAAAAAAAAAAAAAAAAAAAAAAAAAAAAAAAAAAAAAAAAAAAAAAAAAAAAAAAAAAAAAAAAAAAAAAAAAAAAAAAAAAAAAAAAAAAAAAAAAAAAAAAAAAAAAAAAAAAAAAAAAAAAAAAAAAAAAAAAAAAAAAAAAAAAAAAAAAAAAAAAAAAAAAAAAAAAAAAAAAAAAAAAAAAAAAAAAAAAAAAAeN++AUDge0uCFXJDAAAAAElFTkSuQmCC\" alt=\"g\u00f6r\u00fcnt\u00fc\"\/><\/span><\/span>\n\t\t\t\t\t<span class=\"cptch_span\">&nbsp;=&nbsp;<\/span>\n\t\t\t\t\t<span class=\"cptch_span\">36<\/span>\n\t\t\t\t\t<input type=\"hidden\" name=\"bwscaptcha-304-cptch_result\" value=\"PWc=\" \/><input type=\"hidden\" name=\"cptch_time\" value=\"1776534545\" \/>\n\t\t\t\t\t<input type=\"hidden\" name=\"cptch_form\" value=\"cf7_contact\" \/>\n\t\t\t\t<\/label><span class=\"cptch_reload_button_wrap hide-if-no-js\">\n\t\t\t\t\t<noscript>\n\t\t\t\t\t\t<style type=\"text\/css\">\n\t\t\t\t\t\t\t.hide-if-no-js {\n\t\t\t\t\t\t\t\tdisplay: none !important;\n\t\t\t\t\t\t\t}\n\t\t\t\t\t\t<\/style>\n\t\t\t\t\t<\/noscript>\n\t\t\t\t\t<span class=\"cptch_reload_button dashicons dashicons-update\"><\/span>\n\t\t\t\t<\/span><\/span><\/p><\/span>\n\t\t\t\t<\/p>\n\t\t\t\t<div class=\"col-lg-12 col-md-12 col-sm-12 col-xs-12\">\n\t\t\t\t\t<div class=\"form-row\">\n\t\t\t\t\t\t<p><input type=\"submit\" name=\"submit\" value=\"Mesaj g\u00f6nder\" \/>\n\t\t\t\t\t\t<\/p>\n\t\t\t\t\t<\/div>\n\t\t\t\t<\/div>\n\t\t\t<\/div>\n\t\t<\/div>\n\t<\/div>\n<\/div><div class=\"wpcf7-response-output\" aria-hidden=\"true\"><\/div>\n<input type=\"hidden\" name=\"trp-form-language\" value=\"tr\"\/><\/form>\n<\/div>\n<\/div><\/div><\/div><\/div><\/div><\/div><\/div><\/div><div class=\"vc_row-full-width vc_clearfix\"><\/div><div class=\"vc_row wpb_row vc_row-fluid vc_custom_1538650112682\"><div class=\"shadow-box wpb_column vc_column_container vc_col-sm-12\"><div class=\"vc_column-inner\"><div class=\"wpb_wrapper\"><div class=\"vc_row wpb_row vc_inner vc_row-fluid vc_column-gap-15\"><div class=\"wpb_column vc_column_container vc_col-sm-6\"><div class=\"vc_column-inner\"><div class=\"wpb_wrapper\"><span class=\"subtitle dash-false style-dark text-default\">Avrupa<\/span>\n\t<div class=\"wpb_text_column wpb_content_element\" >\n\t\t<div class=\"wpb_wrapper\">\n\t\t\t<h2>Paris<\/h2>\n\n\t\t<\/div>\n\t<\/div>\n<div class=\"dash style-dark default\"><\/div>\n\t<div class=\"wpb_text_column wpb_content_element\" >\n\t\t<div class=\"wpb_wrapper\">\n\t\t\t<div style=\"text-align: justify;\">\n<p>Paris ekibimiz m\u00fc\u015fteri kazanmaya odaklan\u0131r. Profesyonel ve deneyimli \u00fcyelerden olu\u015fan bu ekip, m\u00fc\u015fterilerimizle yak\u0131n bir \u015fekilde \u00e7al\u0131\u015fmaktad\u0131r. M\u00fc\u015fteri ihtiya\u00e7lar\u0131n\u0131 anlamak, taleplerini kar\u015f\u0131lamak ve i\u015fbirli\u011fi ile en uygun \u00e7\u00f6z\u00fcmleri sunmak i\u00e7in \u00e7al\u0131\u015f\u0131rlar. Kaliteli hizmet ve m\u00fc\u015fteri memnuniyeti sa\u011flama taahh\u00fcd\u00fcm\u00fcz\u00fc yans\u0131t\u0131rlar.\n<\/p><\/div>\n\n\t\t<\/div>\n\t<\/div>\n<a href=\"tel: 33761122801\"><div class=\"feature-box icon-title-only slim box-default spacing-1 spacing-mob-1\"><span class=\"lnr lnr-phone\"><\/span><div class=\"content-wrapper\"><h3 class=\"feature-title\">+33 7 61 12 28 01<\/h3><\/div><\/div><\/a><a href=\"mailto:info@dincarchitect.com\"><div class=\"feature-box icon-title-only slim box-default spacing-1 spacing-mob-1\"><span class=\"lnr lnr-envelope\"><\/span><div class=\"content-wrapper\"><h3 class=\"feature-title\">info@dincarchitect.com<\/h3><\/div><\/div><\/a><a href=\"https:\/\/www.google.com\/maps\/search\/?api=1&#038;query=88+Rue+Raynouard%2C+75016+Paris%2C+France\" target=\"_blank\" rel=\"noopener\"><div class=\"feature-box icon-title-only slim box-default spacing-1 spacing-mob-30\"><span class=\"lnr lnr-home\"><\/span><div class=\"content-wrapper\"><h3 class=\"feature-title\">88 Rue Raynouard, 75016 Paris, Fransa<\/h3><\/div><\/div><\/a><\/div><\/div><\/div><div class=\"wpb_column vc_column_container vc_col-sm-6\"><div class=\"vc_column-inner\"><div class=\"wpb_wrapper\"><div class=\"wpb_gmaps_widget wpb_content_element\"><div class=\"wpb_wrapper\"><div class=\"wpb_map_wraper\"><iframe src=\"https:\/\/www.google.com\/maps\/embed?pb=!1m18!1m12!1m3!1d83975.84789441223!2d2.2511240768804026!3d48.85748660800377!2m3!1f0!2f0!3f0!3m2!1i1024!2i768!4f13.1!3m3!1m2!1s0x47e66e2cf5da8601%3A0x40cbeb0e5b1fb40!2s88%20Rue%20Raynouard%2C%2075016%20Paris%2C%20Fransa!5e0!3m2!1str!2str!4v1627917048180!5m2!1str!2str&z=15\"\nwidth=\"600\" height=\"450\" style=\"border:0;\" allowfullscreen=\"\" loading=\"lazy\"\nframeborder=\"0\" tabindex=\"0\"><\/iframe><\/div><\/div><\/div><\/div><\/div><\/div><\/div><\/div><\/div><\/div><div class=\"wpb_column vc_column_container vc_col-sm-12\"><div class=\"vc_column-inner\"><div class=\"wpb_wrapper\"><\/div><\/div><\/div><\/div><div class=\"vc_row wpb_row vc_row-fluid vc_custom_1535974663744\"><div class=\"shadow-box wpb_column vc_column_container vc_col-sm-12\"><div class=\"vc_column-inner\"><div class=\"wpb_wrapper\"><div class=\"vc_row wpb_row vc_inner vc_row-fluid vc_column-gap-15\"><div class=\"wpb_column vc_column_container vc_col-sm-6\"><div class=\"vc_column-inner\"><div class=\"wpb_wrapper\"><span class=\"subtitle dash-false style-dark text-default\">Asya<\/span>\n\t<div class=\"wpb_text_column wpb_content_element\" >\n\t\t<div class=\"wpb_wrapper\">\n\t\t\t<h2>T\u00fcrkiye<\/h2>\n\n\t\t<\/div>\n\t<\/div>\n<div class=\"dash style-dark default\"><\/div>\n\t<div class=\"wpb_text_column wpb_content_element\" >\n\t\t<div class=\"wpb_wrapper\">\n\t\t\t<div style=\"text-align: justify;\">\n<p>T\u00fcrkiye&#039;deki Karaman ekibimiz, yarat\u0131c\u0131l\u0131\u011f\u0131 \u00f6n plana \u00e7\u0131karmaya ve projeleri en y\u00fcksek hassasiyetle y\u00fcr\u00fctmeye kendini adam\u0131\u015ft\u0131r. Gen\u00e7 ve dinamik bir ekip olarak, m\u00fc\u015fterilerimiz i\u00e7in m\u00fckemmel sonu\u00e7lar elde etmek i\u00e7in projeleri titizlikle y\u00f6netiyoruz. Geli\u015fmi\u015f teknik bilgi ve becerilere sahip bu ekip, proje a\u015famalar\u0131n\u0131 etkili bir \u015fekilde planlar, izler ve denetler. M\u00fc\u015fterilerimizin ihtiya\u00e7lar\u0131n\u0131 kar\u015f\u0131lamak ve beklentilerini a\u015fmak i\u00e7in b\u00fcy\u00fck \u00e7aba harc\u0131yorlar.\n<\/p><\/div>\n\n\t\t<\/div>\n\t<\/div>\n<a href=\"tel: 905537110203\"><div class=\"feature-box icon-title-only slim box-default spacing-1 spacing-mob-1\"><span class=\"lnr lnr-phone\"><\/span><div class=\"content-wrapper\"><h3 class=\"feature-title\">+ 90 553 711 02 03<\/h3><\/div><\/div><\/a><a href=\"mailto:info@dincarchitect.com\"><div class=\"feature-box icon-title-only slim box-default spacing-1 spacing-mob-1\"><span class=\"lnr lnr-envelope\"><\/span><div class=\"content-wrapper\"><h3 class=\"feature-title\">info@dincarchitect.com<\/h3><\/div><\/div><\/a><a href=\"https:\/\/www.google.com\/maps\/search\/?api=1&#038;query=K%C4%B1z%C4%B1lay%20Cad.%20No%3A%209%2FB%2070100%20Karaman%2C%20Turkey\" target=\"_blank\" rel=\"noopener\"><div class=\"feature-box icon-title-only box-default spacing-30 spacing-mob-30 slim\"><span class=\"lnr lnr-home\"><\/span><div class=\"content-wrapper\"><h3 class=\"feature-title\">K\u0131z\u0131lay Cad. No: 9\/B 70100 Karaman, T\u00fcrkiye<\/h3><\/div><\/div><\/a><\/div><\/div><\/div><div class=\"wpb_column vc_column_container vc_col-sm-6\"><div class=\"vc_column-inner\"><div class=\"wpb_wrapper\"><div class=\"wpb_gmaps_widget wpb_content_element\"><div class=\"wpb_wrapper\"><div class=\"wpb_map_wraper\"><iframe src=\"https:\/\/www.google.com\/maps\/embed?pb=!1m18!1m12!1m3!1d3143.990436935129!2d33.21596911514446!3d37.18040953226826!2m3!1f0!2f0!3f0!3m2!1i1024!2i768!4f13.1!3m3!1m2!1s0x14c9082cb3f4ed0f%3A0x6d3d4e4fe5358c25!2sK%C4%B1z%C4%B1lay%20Cd%20No%3A9%2FB%2C%2070100%20Karaman%2FKaraman%20Merkez%2FKaraman!5e0!3m2!1sen!2str!4v1624922911352!5m2!1sen!2str\" width=\"600\" height=\"450\" style=\"border:0;\" allowfullscreen=\"\" loading=\"lazy\"><\/iframe><\/div><\/div><\/div><\/div><\/div><\/div><\/div><\/div><\/div><\/div><div class=\"wpb_column vc_column_container vc_col-sm-12\"><div class=\"vc_column-inner\"><div class=\"wpb_wrapper\"><\/div><\/div><\/div><\/div>\n<\/section>","protected":false},"excerpt":{"rendered":"+33 7 61 12 28 01Feel free to contact us anytime between 08:00 and 17:00, Monday to Friday.info@dincarchitect.comFeel free to send us an email at any time, and we will typically respond within 24 hours.88 Rue Raynouard, 75016 Paris, FrancePhone us before visiting F\u0131ll the form Tell Us About Your Project Estimated Budget... Estimated Budget... [...]","protected":false},"author":1,"featured_media":0,"parent":0,"menu_order":0,"comment_status":"closed","ping_status":"closed","template":"","meta":{"footnotes":""},"acf":[],"_links":{"self":[{"href":"https:\/\/dincarchitect.com\/tr\/wp-json\/wp\/v2\/pages\/12031"}],"collection":[{"href":"https:\/\/dincarchitect.com\/tr\/wp-json\/wp\/v2\/pages"}],"about":[{"href":"https:\/\/dincarchitect.com\/tr\/wp-json\/wp\/v2\/types\/page"}],"author":[{"embeddable":true,"href":"https:\/\/dincarchitect.com\/tr\/wp-json\/wp\/v2\/users\/1"}],"replies":[{"embeddable":true,"href":"https:\/\/dincarchitect.com\/tr\/wp-json\/wp\/v2\/comments?post=12031"}],"version-history":[{"count":0,"href":"https:\/\/dincarchitect.com\/tr\/wp-json\/wp\/v2\/pages\/12031\/revisions"}],"wp:attachment":[{"href":"https:\/\/dincarchitect.com\/tr\/wp-json\/wp\/v2\/media?parent=12031"}],"curies":[{"name":"wp","href":"https:\/\/api.w.org\/{rel}","templated":true}]}}