{"id":14183,"date":"2023-06-12T20:58:46","date_gmt":"2023-06-12T20:58:46","guid":{"rendered":"https:\/\/dincarchitect.com\/?page_id=14183"},"modified":"2023-09-02T10:20:32","modified_gmt":"2023-09-02T10:20:32","slug":"axonometry","status":"publish","type":"page","link":"https:\/\/dincarchitect.com\/ru\/\u0430\u043a\u0441\u043e\u043d\u043e\u043c\u0435\u0442\u0440\u0438\u044f\/","title":{"rendered":"\u0410\u043a\u0441\u043e\u043d\u043e\u043c\u0435\u0442\u0440\u0438\u044f"},"content":{"rendered":"<section class=\"wpb-content-wrapper\"><div class=\"vc_row wpb_row vc_row-fluid vc_custom_1537429109529\"><div class=\"wpb_column vc_column_container vc_col-sm-6\"><div class=\"vc_column-inner\"><div class=\"wpb_wrapper\">\n<div class=\"vc_grid-container-wrapper vc_clearfix vc_grid-animation-fadeIn\">\n\t<div class=\"vc_grid-container vc_clearfix wpb_content_element vc_media_grid\" data-initial-loading-animation=\"fadeIn\" data-vc-grid-settings=\"{&quot;page_id&quot;:14183,&quot;style&quot;:&quot;all&quot;,&quot;action&quot;:&quot;vc_get_vc_grid_data&quot;,&quot;shortcode_id&quot;:&quot;1693649029243-41347408-9b49-1&quot;,&quot;tag&quot;:&quot;vc_media_grid&quot;}\" data-vc-request=\"https:\/\/dincarchitect.com\/wp-admin\/admin-ajax.php\" data-vc-post-id=\"14183\" data-vc-public-nonce=\"db103255f2\">\n\t\t\n\t<\/div>\n<\/div><\/div><\/div><\/div><div class=\"wpb_column vc_column_container vc_col-sm-6\"><div class=\"vc_column-inner vc_custom_1536840396834\"><div class=\"wpb_wrapper\"><span class=\"subtitle dash-true style-dark text-default\">\u0414\u0430 \u0421\u0442\u0443\u0434\u0438\u044f<\/span>\n\t<div class=\"wpb_text_column wpb_content_element\" >\n\t\t<div class=\"wpb_wrapper\">\n\t\t\t<h2>\u0410\u043a\u0441\u043e\u043d\u043e\u043c\u0435\u0442\u0440\u0438\u044f<\/h2>\n\n\t\t<\/div>\n\t<\/div>\n\n\t<div class=\"wpb_text_column wpb_content_element\" >\n\t\t<div class=\"wpb_wrapper\">\n\t\t\t<p>\u041f\u0440\u0435\u0434\u0441\u0442\u0430\u0432\u043b\u044f\u0435\u043c \u043d\u0430\u0448\u0443 \u0443\u0441\u043b\u0443\u0433\u0443 \u0430\u043a\u0441\u043e\u043d\u043e\u043c\u0435\u0442\u0440\u0438\u0438, \u044d\u043a\u043e\u043d\u043e\u043c\u0438\u0447\u043d\u044b\u0439 \u0441\u043f\u043e\u0441\u043e\u0431 \u044f\u0441\u043d\u043e\u0439 \u0438 \u0442\u043e\u0447\u043d\u043e\u0439 \u0432\u0438\u0437\u0443\u0430\u043b\u0438\u0437\u0430\u0446\u0438\u0438 \u0432\u0430\u0448\u0438\u0445 \u0430\u0440\u0445\u0438\u0442\u0435\u043a\u0442\u0443\u0440\u043d\u044b\u0445 \u043f\u0440\u043e\u0435\u043a\u0442\u043e\u0432.<\/p>\n<p>\u0421 \u043f\u043e\u043c\u043e\u0449\u044c\u044e \u0430\u043a\u0441\u043e\u043d\u043e\u043c\u0435\u0442\u0440\u0438\u0438 \u043c\u044b \u0441\u043e\u0437\u0434\u0430\u0435\u043c \u043f\u043e\u0434\u0440\u043e\u0431\u043d\u044b\u0435 2D-\u043f\u0440\u0435\u0434\u0441\u0442\u0430\u0432\u043b\u0435\u043d\u0438\u044f \u0432\u0430\u0448\u0438\u0445 \u043f\u0440\u043e\u0441\u0442\u0440\u0430\u043d\u0441\u0442\u0432 \u0441 \u0438\u0437\u043e\u043c\u0435\u0442\u0440\u0438\u0447\u0435\u0441\u043a\u043e\u0439 \u0442\u043e\u0447\u043a\u0438 \u0437\u0440\u0435\u043d\u0438\u044f. \u042d\u0442\u043e\u0442 \u043c\u0435\u0442\u043e\u0434 \u043f\u043e\u0437\u0432\u043e\u043b\u044f\u0435\u0442 \u043f\u043e\u043b\u0443\u0447\u0438\u0442\u044c \u0432\u0441\u0435\u0441\u0442\u043e\u0440\u043e\u043d\u043d\u0435\u0435 \u043f\u0440\u0435\u0434\u0441\u0442\u0430\u0432\u043b\u0435\u043d\u0438\u0435 \u043e \u0432\u0430\u0448\u0435\u043c \u0434\u0438\u0437\u0430\u0439\u043d\u0435, \u0434\u0435\u043c\u043e\u043d\u0441\u0442\u0440\u0438\u0440\u0443\u044f \u043e\u0442\u043d\u043e\u0448\u0435\u043d\u0438\u044f \u043c\u0435\u0436\u0434\u0443 \u0440\u0430\u0437\u043b\u0438\u0447\u043d\u044b\u043c\u0438 \u044d\u043b\u0435\u043c\u0435\u043d\u0442\u0430\u043c\u0438 \u0438 \u043e\u0431\u0435\u0441\u043f\u0435\u0447\u0438\u0432\u0430\u044f \u0447\u0435\u0442\u043a\u043e\u0435 \u043f\u043e\u043d\u0438\u043c\u0430\u043d\u0438\u0435 \u043f\u0440\u043e\u0441\u0442\u0440\u0430\u043d\u0441\u0442\u0432\u0435\u043d\u043d\u043e\u0439 \u043a\u043e\u043c\u043f\u043e\u0437\u0438\u0446\u0438\u0438.<\/p>\n<p>\u041d\u0430\u0448\u0438 \u0446\u0435\u043d\u044b \u043d\u0430 \u0430\u043a\u0441\u043e\u043d\u043e\u043c\u0435\u0442\u0440\u0438\u044e \u0441\u043b\u0435\u0434\u0443\u044e\u0449\u0438\u0435:<\/p>\n<p>\u0414\u043b\u044f \u043f\u0440\u043e\u0441\u0442\u043e\u0433\u043e \u043f\u0440\u043e\u0441\u0442\u0440\u0430\u043d\u0441\u0442\u0432\u0430 \u0441\u0442\u043e\u0438\u043c\u043e\u0441\u0442\u044c \u0441\u043e\u0441\u0442\u0430\u0432\u043b\u044f\u0435\u0442 39 \u0435\u0432\u0440\u043e. \u042d\u0442\u043e \u0432\u043a\u043b\u044e\u0447\u0430\u0435\u0442 \u0432 \u0441\u0435\u0431\u044f \u0442\u0430\u043a\u0438\u0435 \u043f\u043e\u043c\u0435\u0449\u0435\u043d\u0438\u044f, \u043a\u0430\u043a \u0441\u043f\u0430\u043b\u044c\u043d\u0438, \u043e\u0444\u0438\u0441\u044b \u0438\u043b\u0438 \u043d\u0435\u0431\u043e\u043b\u044c\u0448\u0438\u0435 \u0432\u0438\u0442\u0440\u0438\u043d\u044b \u043c\u0430\u0433\u0430\u0437\u0438\u043d\u043e\u0432.<br \/>\n\u0414\u043b\u044f \u043f\u043e\u043b\u0443\u043a\u043e\u043c\u043f\u043b\u0435\u043a\u0441\u043d\u043e\u0433\u043e \u043f\u0440\u043e\u0441\u0442\u0440\u0430\u043d\u0441\u0442\u0432\u0430 \u0441\u0442\u043e\u0438\u043c\u043e\u0441\u0442\u044c \u0441\u043e\u0441\u0442\u0430\u0432\u043b\u044f\u0435\u0442 49 \u0435\u0432\u0440\u043e. \u042d\u0442\u043e \u0432\u043a\u043b\u044e\u0447\u0430\u0435\u0442 \u0432 \u0441\u0435\u0431\u044f \u0442\u0430\u043a\u0438\u0435 \u043e\u0431\u043b\u0430\u0441\u0442\u0438, \u043a\u0430\u043a \u0433\u043e\u0441\u0442\u0438\u043d\u044b\u0435, \u0441\u0442\u043e\u043b\u043e\u0432\u044b\u0435 \u0438 \u0441\u0442\u0430\u043d\u0434\u0430\u0440\u0442\u043d\u044b\u0435 \u043a\u0443\u0445\u043d\u0438.<br \/>\n\u0414\u043b\u044f \u0441\u043b\u043e\u0436\u043d\u043e\u0433\u043e \u043f\u0440\u043e\u0441\u0442\u0440\u0430\u043d\u0441\u0442\u0432\u0430 \u0441\u0442\u043e\u0438\u043c\u043e\u0441\u0442\u044c \u0441\u043e\u0441\u0442\u0430\u0432\u043b\u044f\u0435\u0442 59 \u0435\u0432\u0440\u043e. \u042d\u0442\u043e \u043e\u0445\u0432\u0430\u0442\u044b\u0432\u0430\u0435\u0442 \u0431\u043e\u043b\u044c\u0448\u0438\u0435 \u0438 \u0431\u043e\u043b\u0435\u0435 \u0441\u043b\u043e\u0436\u043d\u044b\u0435 \u043f\u0440\u043e\u0441\u0442\u0440\u0430\u043d\u0441\u0442\u0432\u0430, \u0442\u0430\u043a\u0438\u0435 \u043a\u0430\u043a \u043f\u0440\u043e\u0441\u0442\u043e\u0440\u043d\u044b\u0435 \u0432\u0430\u043d\u043d\u044b\u0435 \u043a\u043e\u043c\u043d\u0430\u0442\u044b, \u0442\u0435\u0440\u0440\u0430\u0441\u044b \u0438\u043b\u0438 \u0437\u043e\u043d\u044b, \u0441\u043f\u0440\u043e\u0435\u043a\u0442\u0438\u0440\u043e\u0432\u0430\u043d\u043d\u044b\u0435 \u043f\u043e \u0438\u043d\u0434\u0438\u0432\u0438\u0434\u0443\u0430\u043b\u044c\u043d\u043e\u043c\u0443 \u0437\u0430\u043a\u0430\u0437\u0443.<br \/>\n\u041d\u0430\u0448\u0430 \u043a\u043e\u043c\u0430\u043d\u0434\u0430 \u043a\u0432\u0430\u043b\u0438\u0444\u0438\u0446\u0438\u0440\u043e\u0432\u0430\u043d\u043d\u044b\u0445 \u0441\u043f\u0435\u0446\u0438\u0430\u043b\u0438\u0441\u0442\u043e\u0432 \u043f\u043e\u0437\u0430\u0431\u043e\u0442\u0438\u0442\u0441\u044f \u043e \u0442\u043e\u043c, \u0447\u0442\u043e\u0431\u044b \u0432\u0430\u0448\u0438 \u0438\u0437\u043e\u0431\u0440\u0430\u0436\u0435\u043d\u0438\u044f \u0410\u043a\u0441\u043e\u043d\u043e\u043c\u0435\u0442\u0440\u0438\u0438 \u0431\u044b\u043b\u0438 \u0442\u043e\u0447\u043d\u044b\u043c\u0438 \u0438 \u0432\u0438\u0437\u0443\u0430\u043b\u044c\u043d\u043e \u043f\u0440\u0438\u0432\u043b\u0435\u043a\u0430\u0442\u0435\u043b\u044c\u043d\u044b\u043c\u0438. \u041c\u044b \u0443\u0434\u0435\u043b\u044f\u0435\u043c \u0432\u043d\u0438\u043c\u0430\u043d\u0438\u0435 \u0434\u0435\u0442\u0430\u043b\u044f\u043c, \u0442\u043e\u0447\u043d\u043e \u043f\u0440\u0435\u0434\u0441\u0442\u0430\u0432\u043b\u044f\u044f \u043f\u0440\u043e\u043f\u043e\u0440\u0446\u0438\u0438, \u0440\u0430\u0437\u043c\u0435\u0440\u044b \u0438 \u043e\u0441\u043e\u0431\u0435\u043d\u043d\u043e\u0441\u0442\u0438 \u0432\u0430\u0448\u0438\u0445 \u0434\u0438\u0437\u0430\u0439\u043d\u043e\u0432.<\/p>\n<p>\u0412\u044b\u0431\u0440\u0430\u0432 \u043d\u0430\u0448\u0443 \u0443\u0441\u043b\u0443\u0433\u0443 \u0430\u043a\u0441\u043e\u043d\u043e\u043c\u0435\u0442\u0440\u0438\u0438, \u0432\u044b \u0441\u043c\u043e\u0436\u0435\u0442\u0435 \u044d\u0444\u0444\u0435\u043a\u0442\u0438\u0432\u043d\u043e \u043f\u0435\u0440\u0435\u0434\u0430\u0432\u0430\u0442\u044c \u0441\u0432\u043e\u0438 \u0430\u0440\u0445\u0438\u0442\u0435\u043a\u0442\u0443\u0440\u043d\u044b\u0435 \u043a\u043e\u043d\u0446\u0435\u043f\u0446\u0438\u0438 \u043a\u043b\u0438\u0435\u043d\u0442\u0430\u043c, \u0438\u043d\u0432\u0435\u0441\u0442\u043e\u0440\u0430\u043c \u0438\u043b\u0438 \u0437\u0430\u0438\u043d\u0442\u0435\u0440\u0435\u0441\u043e\u0432\u0430\u043d\u043d\u044b\u043c \u0441\u0442\u043e\u0440\u043e\u043d\u0430\u043c. \u0418\u0437\u043e\u043c\u0435\u0442\u0440\u0438\u0447\u0435\u0441\u043a\u0430\u044f \u043f\u0435\u0440\u0441\u043f\u0435\u043a\u0442\u0438\u0432\u0430 \u043e\u0431\u0435\u0441\u043f\u0435\u0447\u0438\u0432\u0430\u0435\u0442 \u0443\u043d\u0438\u043a\u0430\u043b\u044c\u043d\u044b\u0439 \u0438 \u0438\u043d\u0444\u043e\u0440\u043c\u0430\u0442\u0438\u0432\u043d\u044b\u0439 \u0432\u0438\u0434, \u043f\u043e\u0437\u0432\u043e\u043b\u044f\u044f \u0437\u0440\u0438\u0442\u0435\u043b\u044f\u043c \u043f\u043e\u043d\u044f\u0442\u044c \u043e\u0431\u0449\u0438\u0439 \u0434\u0438\u0437\u0430\u0439\u043d \u0438 \u043f\u0440\u043e\u0441\u0442\u0440\u0430\u043d\u0441\u0442\u0432\u0435\u043d\u043d\u044b\u0435 \u043e\u0442\u043d\u043e\u0448\u0435\u043d\u0438\u044f.<\/p>\n<p>\u041e\u0431\u0440\u0430\u0442\u0438\u0442\u0435 \u0432\u043d\u0438\u043c\u0430\u043d\u0438\u0435, \u0447\u0442\u043e \u0443\u043a\u0430\u0437\u0430\u043d\u043d\u044b\u0435 \u0432\u044b\u0448\u0435 \u0446\u0435\u043d\u044b \u0443\u043a\u0430\u0437\u0430\u043d\u044b \u0437\u0430 \u043c\u0435\u0441\u0442\u043e. \u0415\u0441\u043b\u0438 \u0443 \u0432\u0430\u0441 \u043d\u0435\u0441\u043a\u043e\u043b\u044c\u043a\u043e \u043f\u043e\u043c\u0435\u0449\u0435\u043d\u0438\u0439 \u0438\u043b\u0438 \u0441\u043b\u043e\u0436\u043d\u044b\u0439 \u043f\u0440\u043e\u0435\u043a\u0442, \u043c\u044b \u043c\u043e\u0436\u0435\u043c \u043f\u0440\u0435\u0434\u043e\u0441\u0442\u0430\u0432\u0438\u0442\u044c \u0432\u0430\u043c \u0438\u043d\u0434\u0438\u0432\u0438\u0434\u0443\u0430\u043b\u044c\u043d\u043e\u0435 \u043f\u0440\u0435\u0434\u043b\u043e\u0436\u0435\u043d\u0438\u0435 \u0432 \u0441\u043e\u043e\u0442\u0432\u0435\u0442\u0441\u0442\u0432\u0438\u0438 \u0441 \u0432\u0430\u0448\u0438\u043c\u0438 \u043a\u043e\u043d\u043a\u0440\u0435\u0442\u043d\u044b\u043c\u0438 \u043f\u043e\u0442\u0440\u0435\u0431\u043d\u043e\u0441\u0442\u044f\u043c\u0438.<\/p>\n<p>\u0421\u0432\u044f\u0436\u0438\u0442\u0435\u0441\u044c \u0441 \u043d\u0430\u043c\u0438 \u0441\u0435\u0433\u043e\u0434\u043d\u044f, \u0447\u0442\u043e\u0431\u044b \u043e\u0431\u0441\u0443\u0434\u0438\u0442\u044c \u0432\u0430\u0448\u0438 \u0442\u0440\u0435\u0431\u043e\u0432\u0430\u043d\u0438\u044f \u043a \u0430\u0440\u0445\u0438\u0442\u0435\u043a\u0442\u0443\u0440\u043d\u043e\u0439 \u0432\u0438\u0437\u0443\u0430\u043b\u0438\u0437\u0430\u0446\u0438\u0438, \u0438 \u043f\u0443\u0441\u0442\u044c \u043d\u0430\u0448\u0430 \u0441\u043b\u0443\u0436\u0431\u0430 \u0430\u043a\u0441\u043e\u043d\u043e\u043c\u0435\u0442\u0440\u0438\u0438 \u0432\u043e\u043f\u043b\u043e\u0442\u0438\u0442 \u0432\u0430\u0448\u0438 \u043f\u0440\u043e\u0435\u043a\u0442\u044b \u0432 \u0436\u0438\u0437\u043d\u044c \u0441 \u0442\u043e\u0447\u043d\u043e\u0441\u0442\u044c\u044e \u0438 \u0434\u043e\u0441\u0442\u0443\u043f\u043d\u043e\u0441\u0442\u044c\u044e.<\/p>\n\n\t\t<\/div>\n\t<\/div>\n<\/div><\/div><\/div><\/div><div data-vc-full-width=\"true\" data-vc-full-width-init=\"false\" class=\"vc_row wpb_row vc_row-fluid spaced vc_custom_1686586247876 vc_row-has-fill\"><div class=\"wpb_column vc_column_container vc_col-sm-12\"><div class=\"vc_column-inner\"><div class=\"wpb_wrapper\"><span class=\"subtitle dash-false style-dark text-center\">\u041a\u0430\u043a \u043c\u044b \u0440\u0430\u0431\u043e\u0442\u0430\u0435\u043c<\/span>\n\t<div class=\"wpb_text_column wpb_content_element\" >\n\t\t<div class=\"wpb_wrapper\">\n\t\t\t<h2 style=\"text-align: center;\"><span style=\"color: #e37218;\"><strong>\u042d\u0444\u0444\u0435\u043a\u0442\u0438\u0432\u043d\u044b\u0439 \u043f\u0440\u043e\u0435\u043a\u0442 <\/strong><\/span><strong>\u0420\u0430\u0431\u043e\u0447\u0438\u0439 \u043f\u0440\u043e\u0446\u0435\u0441\u0441 \u0434\u043b\u044f \u0438\u0441\u043a\u043b\u044e\u0447\u0438\u0442\u0435\u043b\u044c\u043d\u043e\u0433\u043e \u0440\u0435\u0437\u0443\u043b\u044c\u0442\u0430\u0442\u0430<\/strong><\/h2>\n\n\t\t<\/div>\n\t<\/div>\n<div class=\"dash style-dark centered\"><\/div><div class=\"vc_row wpb_row vc_inner vc_row-fluid vc_custom_1538383845636\"><div class=\"wpb_column vc_column_container vc_col-sm-3\"><div class=\"vc_column-inner\"><div class=\"wpb_wrapper\"><div class=\"number-box style-default spacing-30\"><div class=\"number-box-number\">01<\/div><div class=\"content-box\"><div class=\"content-box-info\"><h3>\u041e\u0442\u043f\u0440\u0430\u0432\u0438\u0442\u044c \u0432\u0441\u0435 \u0434\u043e\u043a\u0443\u043c\u0435\u043d\u0442\u044b \u043f\u0440\u043e\u0435\u043a\u0442\u0430<\/h3><p class=\"number-box-content\">\u041f\u043e\u0436\u0430\u043b\u0443\u0439\u0441\u0442\u0430, \u043f\u0440\u0438\u0448\u043b\u0438\u0442\u0435 \u043d\u0430\u043c \u0432\u0441\u0435 \u0441\u043e\u043e\u0442\u0432\u0435\u0442\u0441\u0442\u0432\u0443\u044e\u0449\u0438\u0435 \u043f\u0440\u043e\u0435\u043a\u0442\u043d\u044b\u0435 \u0434\u043e\u043a\u0443\u043c\u0435\u043d\u0442\u044b \u0434\u043b\u044f \u0442\u0449\u0430\u0442\u0435\u043b\u044c\u043d\u043e\u0433\u043e \u0440\u0430\u0441\u0441\u043c\u043e\u0442\u0440\u0435\u043d\u0438\u044f \u0438 \u0430\u043d\u0430\u043b\u0438\u0437\u0430.<\/p><\/div><\/div><\/div><\/div><\/div><\/div><div class=\"wpb_column vc_column_container vc_col-sm-3\"><div class=\"vc_column-inner\"><div class=\"wpb_wrapper\"><div class=\"number-box style-default spacing-30\"><div class=\"number-box-number\">02<\/div><div class=\"content-box\"><div class=\"content-box-info\"><h3>\u0411\u044b\u0441\u0442\u0440\u0430\u044f \u0438 \u0431\u0435\u0441\u043f\u043b\u0430\u0442\u043d\u0430\u044f \u043e\u0446\u0435\u043d\u043a\u0430 \u043f\u0440\u043e\u0435\u043a\u0442\u0430<\/h3><p class=\"number-box-content\">\u041c\u044b \u0432\u043d\u0438\u043c\u0430\u0442\u0435\u043b\u044c\u043d\u043e \u0438\u0437\u0443\u0447\u0438\u043c \u0432\u0430\u0448 \u043f\u0440\u043e\u0435\u043a\u0442 \u0438 \u043f\u0440\u0435\u0434\u043e\u0441\u0442\u0430\u0432\u0438\u043c \u0432\u0430\u043c \u0431\u044b\u0441\u0442\u0440\u044b\u0439 \u0438 \u0431\u0435\u0441\u043f\u043b\u0430\u0442\u043d\u044b\u0439 \u043e\u0442\u0432\u0435\u0442.<\/p><\/div><\/div><\/div><\/div><\/div><\/div><div class=\"wpb_column vc_column_container vc_col-sm-3\"><div class=\"vc_column-inner\"><div class=\"wpb_wrapper\"><div class=\"number-box style-default spacing-30\"><div class=\"number-box-number\">03<\/div><div class=\"content-box\"><div class=\"content-box-info\"><h3>\u0414\u043e\u0441\u0442\u0430\u0432\u043a\u0430 \u0434\u0435\u043c\u043e\u0432\u0435\u0440\u0441\u0438\u0438 \u043f\u043e\u0441\u043b\u0435 \u0443\u0442\u0432\u0435\u0440\u0436\u0434\u0435\u043d\u0438\u044f<\/h3><p class=\"number-box-content\">\u041f\u043e\u0441\u043b\u0435 \u043f\u043e\u043b\u0443\u0447\u0435\u043d\u0438\u044f \u0432\u0430\u0448\u0435\u0433\u043e \u043e\u0434\u043e\u0431\u0440\u0435\u043d\u0438\u044f \u043c\u044b \u043d\u0435\u0437\u0430\u043c\u0435\u0434\u043b\u0438\u0442\u0435\u043b\u044c\u043d\u043e \u043d\u0430\u0447\u043d\u0435\u043c \u0440\u0430\u0431\u043e\u0442\u0443 \u043d\u0430\u0434 \u043f\u0440\u043e\u0435\u043a\u0442\u043e\u043c \u0438 \u043e\u0442\u043f\u0440\u0430\u0432\u0438\u043c \u0432\u0430\u043c \u0434\u0435\u043c\u043e-\u0432\u0435\u0440\u0441\u0438\u044e \u0434\u043b\u044f \u043e\u0437\u043d\u0430\u043a\u043e\u043c\u043b\u0435\u043d\u0438\u044f.<\/p><\/div><\/div><\/div><\/div><\/div><\/div><div class=\"wpb_column vc_column_container vc_col-sm-3\"><div class=\"vc_column-inner\"><div class=\"wpb_wrapper\"><div class=\"number-box style-default spacing-30\"><div class=\"number-box-number\">04<\/div><div class=\"content-box\"><div class=\"content-box-info\"><h3>\u041e\u043f\u043b\u0430\u0442\u0430 \u0438 \u043e\u043a\u043e\u043d\u0447\u0430\u0442\u0435\u043b\u044c\u043d\u0430\u044f \u0434\u043e\u0441\u0442\u0430\u0432\u043a\u0430<\/h3><p class=\"number-box-content\">\u041f\u043e\u0441\u043b\u0435 \u043e\u0434\u043e\u0431\u0440\u0435\u043d\u0438\u044f \u043f\u0440\u043e\u0435\u043a\u0442\u0430 \u043f\u0440\u043e\u0438\u0437\u0432\u0435\u0434\u0438\u0442\u0435 \u043e\u043f\u043b\u0430\u0442\u0443 \u0438 \u043f\u043e\u043b\u0443\u0447\u0438\u0442\u0435 \u043e\u043a\u043e\u043d\u0447\u0430\u0442\u0435\u043b\u044c\u043d\u044b\u0439 \u0432\u0430\u0440\u0438\u0430\u043d\u0442 \u0440\u0435\u0437\u0443\u043b\u044c\u0442\u0430\u0442\u043e\u0432.<\/p><\/div><\/div><\/div><\/div><\/div><\/div><\/div><\/div><\/div><\/div><\/div><div class=\"vc_row-full-width vc_clearfix\"><\/div><div class=\"vc_row wpb_row vc_row-fluid vc_custom_1534242606416\"><div class=\"animate wpb_column vc_column_container vc_col-sm-12\"><div class=\"vc_column-inner\"><div class=\"wpb_wrapper\">\n\t<div class=\"wpb_text_column wpb_content_element  vc_custom_1686677488013\" >\n\t\t<div class=\"wpb_wrapper\">\n\t\t\t<h2 style=\"text-align: center;\"><span style=\"color: #e37218;\"><strong>\u041d\u0430\u0448\u0438 \u0434\u0440\u0443\u0433\u0438\u0435 \u0443\u0441\u043b\u0443\u0433\u0438<\/strong><\/span><\/h2>\n\n\t\t<\/div>\n\t<\/div>\n<div class=\"dash style-dark centered\"><\/div>\n\t<div class=\"wpb_raw_code wpb_content_element wpb_raw_html\" >\n\t\t<div class=\"wpb_wrapper\">\n\t\t\t<!-- \u0130kinci hizmet \u00f6\u011fesi -->\n<div class=\"wpb_column vc_column_container vc_col-sm-3\">\n<div class=\"vc_column-inner\">\n<div class=\"wpb_wrapper\">\n<div class=\"content-box service-item alignment-default service-box-gray spacing-30\">\n<div class=\"image-container\">\n<div class=\"vertical-number-box\"><span class=\"vertical-number\">02<\/span><\/div>\n<div class=\"arrow-box\"><\/div>\n<img decoding=\"async\" src=\"https:\/\/dincarchitect.com\/wp-content\/uploads\/2023\/06\/dastudio-service-2.jpg\" alt=\"\u0410\u0440\u0445\u0438\u0442\u0435\u043a\u0442\u0443\u0440\u0430\" width=\"360\" height=\"500\" \/>\n\n<\/div>\n<div class=\"content-box-info\">\n<div class=\"box-heading-container\">\n<div class=\"box-heading\"><strong>\u041f\u043e\u043b\u0443\u0441\u043b\u043e\u0436\u043d\u043e\u0435 \u043f\u0440\u043e\u0441\u0442\u0440\u0430\u043d\u0441\u0442\u0432\u043e<\/strong><\/div>\n<div class=\"price-info-container\"><span class=\"price-info\" style=\"color: #e37218; font-size: 16px;\">99 \u20ac<\/span><\/div>\n<\/div>\n<div style=\"text-align: justify; margin-top: 10px;\">\n\n\u0421\u0442\u0430\u043d\u0434\u0430\u0440\u0442\u043d\u0430\u044f \u043a\u0443\u0445\u043d\u044f, \u0433\u043e\u0441\u0442\u0438\u043d\u0430\u044f, \u0441\u0442\u043e\u043b\u043e\u0432\u0430\u044f, \u043f\u0440\u043e\u0441\u0442\u043e\u0440\u043d\u0430\u044f \u0432\u0430\u043d\u043d\u0430\u044f \u043a\u043e\u043c\u043d\u0430\u0442\u0430, \u0442\u0435\u0440\u0440\u0430\u0441\u0430...\n\n<\/div>\n<div class=\"content-description\"><\/div>\n<div class=\"btn-read-more\"><a style=\"color: #e37218;\" href=\"https:\/\/dincarchitect.com\/ru\/\u043f\u043e\u043b\u0443\u043a\u043e\u043c\u043f\u043b\u0435\u043a\u0441\u043d\u043e\u0435-\u043f\u043e\u043b\u0435\/\">\u0423\u0437\u043d\u0430\u0442\u044c \u0431\u043e\u043b\u044c\u0448\u0435<\/a><\/div>\n<\/div>\n<\/div>\n<\/div>\n<\/div>\n<\/div>\n\n<!-- D\u00f6rd\u00fcnc\u00fc hizmet \u00f6\u011fesi -->\n<div class=\"wpb_column vc_column_container vc_col-sm-3\">\n<div class=\"vc_column-inner\">\n<div class=\"wpb_wrapper\">\n<div class=\"content-box service-item alignment-default service-box-gray spacing-30\">\n<div class=\"image-container\">\n<div class=\"vertical-number-box\"><span class=\"vertical-number\">04<\/span><\/div>\n<div class=\"arrow-box\"><\/div>\n<img decoding=\"async\" src=\"https:\/\/dincarchitect.com\/wp-content\/uploads\/2023\/06\/dastudio-service-4.jpg\" alt=\"\u0410\u0440\u0445\u0438\u0442\u0435\u043a\u0442\u0443\u0440\u0430\" width=\"360\" height=\"500\" \/>\n\n<\/div>\n<div class=\"content-box-info\">\n<div class=\"box-heading-container\">\n<div class=\"box-heading\"><strong>\u041d\u0435\u0433\u0430\u0431\u0430\u0440\u0438\u0442\u043d\u043e\u0435 \u043f\u0440\u043e\u0441\u0442\u0440\u0430\u043d\u0441\u0442\u0432\u043e<\/strong><\/div>\n<div class=\"price-info-container\"><span class=\"price-info\" style=\"color: #e37218; font-size: 16px;\">199 \u20ac<\/span><\/div>\n<\/div>\n<div style=\"text-align: justify; margin-top: 10px;\">\n\n\u041c\u0430\u0433\u0430\u0437\u0438\u043d, \u0437\u0430\u043b \u0440\u0435\u0441\u0442\u043e\u0440\u0430\u043d\u0430, \u043a\u043e\u043d\u0446\u0435\u0440\u0442\u043d\u044b\u0439 \u0437\u0430\u043b... \u0411\u0430\u0437\u043e\u0432\u0430\u044f \u043e\u0440\u0438\u0435\u043d\u0442\u0438\u0440\u043e\u0432\u043e\u0447\u043d\u0430\u044f \u0441\u0442\u0430\u0432\u043a\u0430.\n\n<\/div>\n<div class=\"content-description\"><\/div>\n<div class=\"btn-read-more\"><a style=\"color: #e37218;\" href=\"https:\/\/dincarchitect.com\/ru\/\u043d\u0435\u0441\u0442\u0430\u043d\u0434\u0430\u0440\u0442\u043d\u0430\u044f-\u043f\u043b\u043e\u0449\u0430\u0434\u044c\/\">\u0423\u0437\u043d\u0430\u0442\u044c \u0431\u043e\u043b\u044c\u0448\u0435<\/a><\/div>\n<div><\/div>\n<\/div>\n<\/div>\n<\/div>\n<\/div>\n<\/div>\n\n<!-- Be\u015finci hizmet \u00f6\u011fesi -->\n<div class=\"wpb_column vc_column_container vc_col-sm-3\">\n<div class=\"vc_column-inner\">\n<div class=\"wpb_wrapper\">\n<div class=\"content-box service-item alignment-default service-box-gray spacing-30\">\n<div class=\"image-container\">\n<div class=\"vertical-number-box\"><span class=\"vertical-number\">05<\/span><\/div>\n<div class=\"arrow-box\"><\/div>\n<img decoding=\"async\" src=\"https:\/\/dincarchitect.com\/wp-content\/uploads\/2023\/06\/dastudio-service-5.jpg\" alt=\"\u0410\u0440\u0445\u0438\u0442\u0435\u043a\u0442\u0443\u0440\u0430\" width=\"360\" height=\"500\" \/>\n\n<\/div>\n<div class=\"content-box-info\">\n<div class=\"box-heading-container\">\n<div class=\"box-heading\"><strong>\u041e\u0441\u043e\u0431\u043d\u044f\u043a<\/strong><\/div>\n<div class=\"price-info-container\"><span class=\"price-info\" style=\"color: #e37218; font-size: 16px;\">149 \u20ac<\/span><\/div>\n<\/div>\n<div style=\"text-align: justify; margin-top: 10px;\">\n\n\u0412\u043d\u0435\u0448\u043d\u0438\u0439 \u0432\u0438\u0434. \u0411\u0430\u0437\u043e\u0432\u0430\u044f \u0441\u0442\u0430\u0432\u043a\u0430 \u0434\u043b\u044f \u0441\u0442\u0430\u043d\u0434\u0430\u0440\u0442\u043d\u043e\u0439 \u0441\u0440\u0435\u0434\u044b, \u043f\u043e\u0434\u043e\u0431\u043d\u043e\u0439 \u044d\u0442\u043e\u0439.\n\n<\/div>\n<div class=\"content-description\"><\/div>\n<div class=\"btn-read-more\"><a style=\"color: #e37218;\" href=\"https:\/\/dincarchitect.com\/ru\/\u043e\u0441\u043e\u0431\u043d\u044f\u043a\/\">\u0423\u0437\u043d\u0430\u0442\u044c \u0431\u043e\u043b\u044c\u0448\u0435<\/a><\/div>\n<\/div>\n<\/div>\n<\/div>\n<\/div>\n<\/div>\n\n<!-- Onuncu hizmet \u00f6\u011fesi -->\n<div class=\"wpb_column vc_column_container vc_col-sm-3\">\n<div class=\"vc_column-inner\">\n<div class=\"wpb_wrapper\">\n<div class=\"content-box service-item alignment-default service-box-gray spacing-30\">\n<div class=\"image-container\">\n<div class=\"vertical-number-box\"><span class=\"vertical-number\">10<\/span><\/div>\n<div class=\"arrow-box\"><\/div>\n<img decoding=\"async\" src=\"https:\/\/dincarchitect.com\/wp-content\/uploads\/2023\/06\/dastudio-service-10.jpg\" alt=\"\u0410\u0440\u0445\u0438\u0442\u0435\u043a\u0442\u0443\u0440\u0430\" width=\"360\" height=\"500\" \/>\n\n<\/div>\n<div class=\"content-box-info\">\n<div class=\"box-heading-container\">\n<div class=\"box-heading\"><strong>\u0424\u0438\u043b\u044c\u043c 2<\/strong><\/div>\n<div class=\"price-info-container\"><span class=\"price-info\" style=\"color: #e37218; font-size: 16px;\">499 \u20ac<\/span><\/div>\n<\/div>\n<div style=\"text-align: justify; margin-top: 10px;\">\n\n\u041f\u0430\u0447\u043a\u0430 \u0444\u0438\u043b\u044c\u043c\u0430 \u0434\u043b\u0438\u0442\u0435\u043b\u044c\u043d\u043e\u0441\u0442\u044c\u044e \u043c\u0435\u043d\u0435\u0435 2 \u043c\u0438\u043d\u0443\u0442...\n\n<\/div>\n<div class=\"content-description\"><\/div>\n<div class=\"btn-read-more\"><a style=\"color: #e37218;\" href=\"https:\/\/dincarchitect.com\/ru\/\u0444\u0438\u043b\u044c\u043c-2-\u043c\u0438\u043d\u0443\u0442\u044b\/\">\u0423\u0437\u043d\u0430\u0442\u044c \u0431\u043e\u043b\u044c\u0448\u0435<\/a><\/div>\n<\/div>\n<\/div>\n<\/div>\n<\/div>\n<\/div>\n\t\t<\/div>\n\t<\/div>\n<\/div><\/div><\/div><\/div>\n<\/section>","protected":false},"excerpt":{"rendered":"DA Studio Axonometry Introducing our Axonometry service, a cost-effective way to visualize your architectural designs with clarity and precision. With Axonometry, we create detailed 2D representations of your spaces from an isometric perspective. This technique allows for a comprehensive view of your design, showcasing the relationships between different elements and providing a clear understanding of [...]","protected":false},"author":1,"featured_media":10877,"parent":0,"menu_order":0,"comment_status":"closed","ping_status":"closed","template":"","meta":{"footnotes":""},"acf":[],"_links":{"self":[{"href":"https:\/\/dincarchitect.com\/ru\/wp-json\/wp\/v2\/pages\/14183"}],"collection":[{"href":"https:\/\/dincarchitect.com\/ru\/wp-json\/wp\/v2\/pages"}],"about":[{"href":"https:\/\/dincarchitect.com\/ru\/wp-json\/wp\/v2\/types\/page"}],"author":[{"embeddable":true,"href":"https:\/\/dincarchitect.com\/ru\/wp-json\/wp\/v2\/users\/1"}],"replies":[{"embeddable":true,"href":"https:\/\/dincarchitect.com\/ru\/wp-json\/wp\/v2\/comments?post=14183"}],"version-history":[{"count":0,"href":"https:\/\/dincarchitect.com\/ru\/wp-json\/wp\/v2\/pages\/14183\/revisions"}],"wp:featuredmedia":[{"embeddable":true,"href":"https:\/\/dincarchitect.com\/ru\/wp-json\/wp\/v2\/media\/10877"}],"wp:attachment":[{"href":"https:\/\/dincarchitect.com\/ru\/wp-json\/wp\/v2\/media?parent=14183"}],"curies":[{"name":"wp","href":"https:\/\/api.w.org\/{rel}","templated":true}]}}