{"id":14518,"date":"2023-06-17T11:48:09","date_gmt":"2023-06-17T11:48:09","guid":{"rendered":"https:\/\/dincarchitect.com\/?page_id=14518"},"modified":"2023-09-02T10:40:38","modified_gmt":"2023-09-02T10:40:38","slug":"architectural-project","status":"publish","type":"page","link":"https:\/\/dincarchitect.com\/nl\/architecturaal-project\/","title":{"rendered":"Architectuurproject"},"content":{"rendered":"<section class=\"wpb-content-wrapper\"><div class=\"vc_row wpb_row vc_row-fluid vc_custom_1537429109529\"><div class=\"wpb_column vc_column_container vc_col-sm-6\"><div class=\"vc_column-inner\"><div class=\"wpb_wrapper\">\n<div class=\"vc_grid-container-wrapper vc_clearfix vc_grid-animation-fadeIn\">\n\t<div class=\"vc_grid-container vc_clearfix wpb_content_element vc_media_grid\" data-initial-loading-animation=\"fadeIn\" data-vc-grid-settings=\"{&quot;page_id&quot;:14518,&quot;style&quot;:&quot;all&quot;,&quot;action&quot;:&quot;vc_get_vc_grid_data&quot;,&quot;shortcode_id&quot;:&quot;1693651178493-c50b6c41-fb21-8&quot;,&quot;tag&quot;:&quot;vc_media_grid&quot;}\" data-vc-request=\"https:\/\/dincarchitect.com\/wp-admin\/admin-ajax.php\" data-vc-post-id=\"14518\" data-vc-public-nonce=\"98010a2e1e\">\n\t\t\n\t<\/div>\n<\/div><\/div><\/div><\/div><div class=\"wpb_column vc_column_container vc_col-sm-6\"><div class=\"vc_column-inner vc_custom_1536840396834\"><div class=\"wpb_wrapper\"><span class=\"subtitle dash-true style-dark text-default\">DA Studio<\/span>\n\t<div class=\"wpb_text_column wpb_content_element\" >\n\t\t<div class=\"wpb_wrapper\">\n\t\t\t<h2>Architectuurproject<\/h2>\n\n\t\t<\/div>\n\t<\/div>\n\n\t<div class=\"wpb_text_column wpb_content_element\" >\n\t\t<div class=\"wpb_wrapper\">\n\t\t\t<p>De procedure voor ons \u201cArchitectuurproject\u201d-pakket is een naadloze en op samenwerking gerichte ervaring, ontworpen om u door elke stap van het architectonisch ontwerp te begeleiden. Dit is hoe het werkt:<\/p>\n<p>**1. Eerste consultatie:** Het begint allemaal met een eerste ontmoeting met ons team van architecten. Wij luisteren aandachtig om uw behoeften, idee\u00ebn en voorkeuren te begrijpen. Deze stap is cruciaal bij het defini\u00ebren van de visie voor uw project.<\/p>\n<p>**2. Voorlopig ontwerp:** Nadat we alle benodigde informatie hebben verzameld, gaat ons team aan de slag met een voorlopig ontwerp. We cre\u00ebren een basislay-out met schetsen, ruwe plannen en conceptuele idee\u00ebn. We presenteren deze eerste versie om uw feedback en suggesties te verzamelen.<\/p>\n<p>**3. Projectontwikkeling:** Zodra we uw voorkeuren duidelijk begrijpen, gaan we over tot de ontwikkeling van het project. Dit omvat het maken van gedetailleerde plannen, technische tekeningen en ingewikkelde secties. Wij zorgen ervoor dat met alle structurele en functionele aspecten van uw project rekening wordt gehouden.<\/p>\n<p>**4. Revisies en goedkeuringen:** In elke fase werken we nauw met u samen om aanpassingen te maken op basis van uw feedback. Wij streven ernaar dat het uiteindelijke project uw visie perfect weerspiegelt en voldoet aan de kwaliteits- en veiligheidsnormen.<\/p>\n<p>**5. Documentvoorbereiding:** Zodra het project als geheel is goedgekeurd, bereiden we alle benodigde documenten voor het bouwproces voor. Dit omvat definitieve plannen, technische details, specificaties en alles wat aannemers nodig hebben.<\/p>\n<p>**6. Projectmanagement (optioneel):** Indien gewenst kan ons team ook projectmanagementdiensten leveren om toezicht te houden op de bouw, aannemers te co\u00f6rdineren en ervoor te zorgen dat alles verloopt zoals gepland.<\/p>\n<p>**7. Breng uw visie tot leven:** Eindelijk, zodra de documenten gereed zijn en de bouw begint, staan wij klaar om een soepel proces te garanderen. Ons uiteindelijke doel is om u te helpen uw architectonische visie effici\u00ebnt en succesvol te realiseren.<\/p>\n<p>Wij geloven in open communicatie en samenwerking gedurende het hele proces om een uitzonderlijk architectonisch project op te leveren dat aan uw verwachtingen voldoet en uw dromen overtreft. Ons \u201cArchitectuurproject\u201d-pakket voor \u20ac 699 is ontworpen om uitzonderlijke waarde te bieden bij het cre\u00ebren van uw ideale ruimte. Vertrouw erop dat wij uw visie omzetten in realiteit.<\/p>\n\n\t\t<\/div>\n\t<\/div>\n<\/div><\/div><\/div><\/div><div data-vc-full-width=\"true\" data-vc-full-width-init=\"false\" class=\"vc_row wpb_row vc_row-fluid spaced vc_custom_1686586247876 vc_row-has-fill\"><div class=\"wpb_column vc_column_container vc_col-sm-12\"><div class=\"vc_column-inner\"><div class=\"wpb_wrapper\"><span class=\"subtitle dash-false style-dark text-center\">Hoe wij werken<\/span>\n\t<div class=\"wpb_text_column wpb_content_element\" >\n\t\t<div class=\"wpb_wrapper\">\n\t\t\t<h2 style=\"text-align: center;\"><span style=\"color: #e37218;\"><strong>Effici\u00ebnt project <\/strong><\/span><strong>Workflow voor uitzonderlijk resultaat<\/strong><\/h2>\n\n\t\t<\/div>\n\t<\/div>\n<div class=\"dash style-dark centered\"><\/div><div class=\"vc_row wpb_row vc_inner vc_row-fluid vc_custom_1538383845636\"><div class=\"wpb_column vc_column_container vc_col-sm-3\"><div class=\"vc_column-inner\"><div class=\"wpb_wrapper\"><div class=\"number-box style-default spacing-30\"><div class=\"number-box-number\">01<\/div><div class=\"content-box\"><div class=\"content-box-info\"><h3>Dien alle projectdocumenten in<\/h3><p class=\"number-box-content\">Stuur ons alstublieft alle relevante projectdocumenten voor een grondige beoordeling en analyse.<\/p><\/div><\/div><\/div><\/div><\/div><\/div><div class=\"wpb_column vc_column_container vc_col-sm-3\"><div class=\"vc_column-inner\"><div class=\"wpb_wrapper\"><div class=\"number-box style-default spacing-30\"><div class=\"number-box-number\">02<\/div><div class=\"content-box\"><div class=\"content-box-info\"><h3>Snelle en gratis projectevaluatie<\/h3><p class=\"number-box-content\">We zullen uw project zorgvuldig onderzoeken en u een snel en gratis antwoord geven.<\/p><\/div><\/div><\/div><\/div><\/div><\/div><div class=\"wpb_column vc_column_container vc_col-sm-3\"><div class=\"vc_column-inner\"><div class=\"wpb_wrapper\"><div class=\"number-box style-default spacing-30\"><div class=\"number-box-number\">03<\/div><div class=\"content-box\"><div class=\"content-box-info\"><h3>Demo levering na goedkeuring<\/h3><p class=\"number-box-content\">Nadat we uw goedkeuring hebben ontvangen, beginnen we onmiddellijk met het project en sturen we u een demo ter beoordeling.<\/p><\/div><\/div><\/div><\/div><\/div><\/div><div class=\"wpb_column vc_column_container vc_col-sm-3\"><div class=\"vc_column-inner\"><div class=\"wpb_wrapper\"><div class=\"number-box style-default spacing-30\"><div class=\"number-box-number\">04<\/div><div class=\"content-box\"><div class=\"content-box-info\"><h3>Betaling en definitieve levering<\/h3><p class=\"number-box-content\">Voer na uw goedkeuring van het project de betaling uit en ontvang de definitieve versie van de deliverables.<\/p><\/div><\/div><\/div><\/div><\/div><\/div><\/div><\/div><\/div><\/div><\/div><div class=\"vc_row-full-width vc_clearfix\"><\/div><div class=\"vc_row wpb_row vc_row-fluid vc_custom_1534242606416\"><div class=\"animate wpb_column vc_column_container vc_col-sm-12\"><div class=\"vc_column-inner\"><div class=\"wpb_wrapper\">\n\t<div class=\"wpb_text_column wpb_content_element  vc_custom_1686677450596\" >\n\t\t<div class=\"wpb_wrapper\">\n\t\t\t<h2 style=\"text-align: center;\"><span style=\"color: #e37218;\"><strong>Onze andere diensten<\/strong><\/span><\/h2>\n\n\t\t<\/div>\n\t<\/div>\n<div class=\"dash style-dark centered\"><\/div>\n\t<div class=\"wpb_raw_code wpb_content_element wpb_raw_html\" >\n\t\t<div class=\"wpb_wrapper\">\n\t\t\t<!-- Birinci hizmet \u00f6\u011fesi -->\n<div id=\"hizmet1\" class=\"wpb_column vc_column_container vc_col-sm-3\">\n<div class=\"vc_column-inner\">\n<div class=\"wpb_wrapper\">\n<div class=\"content-box service-item alignment-default service-box-gray spacing-30\">\n<div class=\"image-container\">\n<div class=\"vertical-number-box\"><span class=\"vertical-number\">01<\/span><\/div>\n<div class=\"arrow-box\"><\/div>\n<img decoding=\"async\" src=\"https:\/\/dincarchitect.com\/wp-content\/uploads\/2023\/06\/dastudio-service-1.jpg\" alt=\"Architectuur\" width=\"360\" height=\"500\" \/>\n\n<\/div>\n<div class=\"content-box-info\">\n<div class=\"box-heading-container\">\n<div class=\"box-heading\"><strong>Eenvoudige ruimte<\/strong><\/div>\n<div class=\"price-info-container\"><span class=\"price-info\" style=\"color: #e37218; font-size: 16px;\">49 \u20ac<\/span><\/div>\n<\/div>\n<div style=\"text-align: justify; margin-top: 10px;\">Vanuit slaapkamer, kantoor, inkomhal, standaard badkamer, kleine winkelpui...<\/div>\n<div class=\"content-description\"><\/div>\n<div class=\"btn-read-more\"><a style=\"color: #e37218;\" href=\"https:\/\/dincarchitect.com\/nl\/eenvoudige-ruimte\/\">Kom meer te weten<\/a><\/div>\n<\/div>\n<\/div>\n<\/div>\n<\/div>\n<\/div>\n\n<!-- Alt\u0131nc\u0131 hizmet \u00f6\u011fesi -->\n<div class=\"wpb_column vc_column_container vc_col-sm-3\">\n<div class=\"vc_column-inner\">\n<div class=\"wpb_wrapper\">\n<div class=\"content-box service-item alignment-default service-box-gray spacing-30\">\n<div class=\"image-container\">\n<div class=\"vertical-number-box\"><span class=\"vertical-number\">06<\/span><\/div>\n<div class=\"arrow-box\"><\/div>\n<img decoding=\"async\" src=\"https:\/\/dincarchitect.com\/wp-content\/uploads\/2023\/06\/dastudio-service-6.jpg\" alt=\"Architectuur\" width=\"360\" height=\"500\" \/>\n\n<\/div>\n<div class=\"content-box-info\">\n<div class=\"box-heading-container\">\n<div class=\"box-heading\"><strong>Collectief bouwen<\/strong><\/div>\n<div class=\"price-info-container\"><span class=\"price-info\" style=\"color: #e37218; font-size: 16px;\">199 \u20ac<\/span><\/div>\n<\/div>\n<div style=\"text-align: justify; margin-top: 10px;\">\n\nWoningen, commerci\u00eble gebouwen, magazijnen, enz.\n\n<\/div>\n<div class=\"content-description\"><\/div>\n<div class=\"btn-read-more\"><a style=\"color: #e37218;\" href=\"https:\/\/dincarchitect.com\/nl\/collectief-gebouw\/\">Kom meer te weten<\/a><\/div>\n<\/div>\n<\/div>\n<\/div>\n<\/div>\n<\/div>\n\n<!-- Yedinci hizmet \u00f6\u011fesi -->\n<div class=\"wpb_column vc_column_container vc_col-sm-3\">\n<div class=\"vc_column-inner\">\n<div class=\"wpb_wrapper\">\n<div class=\"content-box service-item alignment-default service-box-gray spacing-30\">\n<div class=\"image-container\">\n<div class=\"vertical-number-box\"><span class=\"vertical-number\">07<\/span><\/div>\n<div class=\"arrow-box\"><\/div>\n<img decoding=\"async\" src=\"https:\/\/dincarchitect.com\/wp-content\/uploads\/2023\/06\/dastudio-service-7.jpg\" alt=\"Architectuur\" width=\"360\" height=\"500\" \/>\n\n<\/div>\n<div class=\"content-box-info\">\n<div class=\"box-heading-container\">\n<div class=\"box-heading\"><strong>Foto Montage<\/strong><\/div>\n<div class=\"price-info-container\"><span class=\"price-info\" style=\"color: #e37218; font-size: 16px;\">149 \u20ac<\/span><\/div>\n<\/div>\n<div style=\"text-align: justify; margin-top: 10px;\">\n\nVrijstaande woning met of zonder exterieur...\n\n<\/div>\n<div class=\"content-description\"><\/div>\n<div class=\"btn-read-more\"><a style=\"color: #e37218;\" href=\"https:\/\/dincarchitect.com\/nl\/fotomontage\/\">Kom meer te weten<\/a><\/div>\n<\/div>\n<\/div>\n<\/div>\n<\/div>\n<\/div>\n\n\n<!-- Dokuzuncu hizmet \u00f6\u011fesi -->\n<div class=\"wpb_column vc_column_container vc_col-sm-3\">\n<div class=\"vc_column-inner\">\n<div class=\"wpb_wrapper\">\n<div class=\"content-box service-item alignment-default service-box-gray spacing-30\">\n<div class=\"image-container\">\n<div class=\"vertical-number-box\"><span class=\"vertical-number\">09<\/span><\/div>\n<div class=\"arrow-box\"><\/div>\n<img decoding=\"async\" src=\"https:\/\/dincarchitect.com\/wp-content\/uploads\/2023\/06\/dastudio-service-9.jpg\" alt=\"Architectuur\" width=\"360\" height=\"500\" \/>\n\n<\/div>\n<div class=\"content-box-info\">\n<div class=\"box-heading-container\">\n<div class=\"box-heading\"><strong>Filmpje 1<\/strong><\/div>\n<div class=\"price-info-container\"><span class=\"price-info\" style=\"color: #e37218; font-size: 16px;\">399 \u20ac<\/span><\/div>\n<\/div>\n<div style=\"text-align: justify; margin-top: 10px;\">\n\nPak van een film van minder dan 1 minuut...\n\n<\/div>\n<div class=\"content-description\"><\/div>\n<div class=\"btn-read-more\"><a style=\"color: #e37218;\" href=\"https:\/\/dincarchitect.com\/nl\/film-1-minuut\/\">Kom meer te weten<\/a><\/div>\n<\/div>\n<\/div>\n<\/div>\n<\/div>\n<\/div>\n\t\t<\/div>\n\t<\/div>\n<\/div><\/div><\/div><\/div>\n<\/section>","protected":false},"excerpt":{"rendered":"DA Studio Architectural Project De procedure voor ons &quot;Architectuurproject&quot;-pakket is een naadloze en collaboratieve ervaring, ontworpen om u door elke stap van het architectonisch ontwerp te begeleiden. Zo werkt het: **1. Eerste consultatie:** Het begint allemaal met een eerste ontmoeting met ons team van architecten. Wij luisteren aandachtig om uw behoeften, idee\u00ebn en [...]","protected":false},"author":1,"featured_media":10877,"parent":0,"menu_order":0,"comment_status":"closed","ping_status":"closed","template":"","meta":{"footnotes":""},"acf":[],"_links":{"self":[{"href":"https:\/\/dincarchitect.com\/nl\/wp-json\/wp\/v2\/pages\/14518"}],"collection":[{"href":"https:\/\/dincarchitect.com\/nl\/wp-json\/wp\/v2\/pages"}],"about":[{"href":"https:\/\/dincarchitect.com\/nl\/wp-json\/wp\/v2\/types\/page"}],"author":[{"embeddable":true,"href":"https:\/\/dincarchitect.com\/nl\/wp-json\/wp\/v2\/users\/1"}],"replies":[{"embeddable":true,"href":"https:\/\/dincarchitect.com\/nl\/wp-json\/wp\/v2\/comments?post=14518"}],"version-history":[{"count":0,"href":"https:\/\/dincarchitect.com\/nl\/wp-json\/wp\/v2\/pages\/14518\/revisions"}],"wp:featuredmedia":[{"embeddable":true,"href":"https:\/\/dincarchitect.com\/nl\/wp-json\/wp\/v2\/media\/10877"}],"wp:attachment":[{"href":"https:\/\/dincarchitect.com\/nl\/wp-json\/wp\/v2\/media?parent=14518"}],"curies":[{"name":"wp","href":"https:\/\/api.w.org\/{rel}","templated":true}]}}