{"id":14147,"date":"2023-06-12T20:43:19","date_gmt":"2023-06-12T20:43:19","guid":{"rendered":"https:\/\/dincarchitect.com\/?page_id=14147"},"modified":"2023-06-20T10:18:26","modified_gmt":"2023-06-20T10:18:26","slug":"complex-area","status":"publish","type":"page","link":"https:\/\/dincarchitect.com\/nl\/complex-gebied\/","title":{"rendered":"Complex gebied"},"content":{"rendered":"<section class=\"wpb-content-wrapper\"><div class=\"vc_row wpb_row vc_row-fluid vc_custom_1537429109529\"><div class=\"wpb_column vc_column_container vc_col-sm-6\"><div class=\"vc_column-inner\"><div class=\"wpb_wrapper\">\n<div class=\"vc_grid-container-wrapper vc_clearfix vc_grid-animation-fadeIn\">\n\t<div class=\"vc_grid-container vc_clearfix wpb_content_element vc_media_grid\" data-initial-loading-animation=\"fadeIn\" data-vc-grid-settings=\"{&quot;page_id&quot;:14147,&quot;style&quot;:&quot;all&quot;,&quot;action&quot;:&quot;vc_get_vc_grid_data&quot;,&quot;shortcode_id&quot;:&quot;1687256241449-6ebf5ed3-791e-10&quot;,&quot;tag&quot;:&quot;vc_media_grid&quot;}\" data-vc-request=\"https:\/\/dincarchitect.com\/wp-admin\/admin-ajax.php\" data-vc-post-id=\"14147\" data-vc-public-nonce=\"db103255f2\">\n\t\t\n\t<\/div>\n<\/div><\/div><\/div><\/div><div class=\"wpb_column vc_column_container vc_col-sm-6\"><div class=\"vc_column-inner vc_custom_1536840396834\"><div class=\"wpb_wrapper\"><span class=\"subtitle dash-true style-dark text-default\">DA Studio<\/span>\n\t<div class=\"wpb_text_column wpb_content_element\" >\n\t\t<div class=\"wpb_wrapper\">\n\t\t\t<h2>Complex gebied<\/h2>\n\n\t\t<\/div>\n\t<\/div>\n\n\t<div class=\"wpb_text_column wpb_content_element\" >\n\t\t<div class=\"wpb_wrapper\">\n\t\t\t<p>Dompel jezelf onder in de betoverende allure van Complex Area, waar naadloze integratie van woonruimtes centraal staat. Door de elegantie van een woonkamer te combineren met de functionaliteit van een standaardkeuken, de veelzijdigheid van een lounge met de charme van een eetkamer en de ruimtelijkheid van een grote keuken, overstijgt dit buitengewone concept de conventionele grenzen.<\/p>\n<p>Stap binnen in onze Complex Area-woonkamers, waar verfijnde esthetiek samengaat met modern comfort. Met zorgvuldig samengestelde meubelarrangementen, prachtige decorelementen en intelligente ruimteplanning cre\u00ebren we harmonieuze omgevingen die uitnodigen tot ontspanning, socialisatie en dierbare herinneringen.<\/p>\n<p>Ervaar de culinaire geneugten van onze standaard keukens, zorgvuldig ontworpen om aan al uw wensen te voldoen. Van strakke kasten en ultramoderne apparaten tot praktische indelingen die de effici\u00ebntie maximaliseren, wij stellen u in staat om uw innerlijke chef-kok de vrije loop te laten en culinaire wonderen te cre\u00ebren.<\/p>\n<p>Ontspan in onze uitnodigende lounge- en eetkamercombinaties, waar stijlvolle verfijning samengaat met gezelligheid. Of het nu gaat om intieme bijeenkomsten of grootse feesten, onze zorgvuldig ontworpen ruimtes bieden de perfecte achtergrond voor gedeelde momenten en onvergetelijke ervaringen.<\/p>\n<p>Geniet van de royale afmetingen van onze grote keukens, waar functionaliteit en luxe samenkomen. Met voldoende aanrechtruimte, uitgebreide opbergoplossingen en voortreffelijke afwerkingen transformeren we koken in een kunstvorm en tillen we uw culinaire ervaring naar een hoger niveau.<\/p>\n<p>Complex Area brengt het beste van meerdere woonruimtes samen en laat hun unieke kenmerken naadloos samensmelten tot een harmonieus geheel. Dompel jezelf onder in het rijk van eindeloze mogelijkheden, waar stijl, functionaliteit en innovatie samenkomen om de manier waarop je leeft opnieuw te defini\u00ebren.<\/p>\n\n\t\t<\/div>\n\t<\/div>\n<\/div><\/div><\/div><\/div><div data-vc-full-width=\"true\" data-vc-full-width-init=\"false\" class=\"vc_row wpb_row vc_row-fluid spaced vc_custom_1686586247876 vc_row-has-fill\"><div class=\"wpb_column vc_column_container vc_col-sm-12\"><div class=\"vc_column-inner\"><div class=\"wpb_wrapper\"><span class=\"subtitle dash-false style-dark text-center\">Hoe wij werken<\/span>\n\t<div class=\"wpb_text_column wpb_content_element\" >\n\t\t<div class=\"wpb_wrapper\">\n\t\t\t<h2 style=\"text-align: center;\"><span style=\"color: #e37218;\"><strong>Effici\u00ebnt project <\/strong><\/span><strong>Workflow voor uitzonderlijk resultaat<\/strong><\/h2>\n\n\t\t<\/div>\n\t<\/div>\n<div class=\"dash style-dark centered\"><\/div><div class=\"vc_row wpb_row vc_inner vc_row-fluid vc_custom_1538383845636\"><div class=\"wpb_column vc_column_container vc_col-sm-3\"><div class=\"vc_column-inner\"><div class=\"wpb_wrapper\"><div class=\"number-box style-default spacing-30\"><div class=\"number-box-number\">01<\/div><div class=\"content-box\"><div class=\"content-box-info\"><h3>Dien alle projectdocumenten in<\/h3><p class=\"number-box-content\">Stuur ons alstublieft alle relevante projectdocumenten voor een grondige beoordeling en analyse.<\/p><\/div><\/div><\/div><\/div><\/div><\/div><div class=\"wpb_column vc_column_container vc_col-sm-3\"><div class=\"vc_column-inner\"><div class=\"wpb_wrapper\"><div class=\"number-box style-default spacing-30\"><div class=\"number-box-number\">02<\/div><div class=\"content-box\"><div class=\"content-box-info\"><h3>Snelle en gratis projectevaluatie<\/h3><p class=\"number-box-content\">We zullen uw project zorgvuldig onderzoeken en u een snel en gratis antwoord geven.<\/p><\/div><\/div><\/div><\/div><\/div><\/div><div class=\"wpb_column vc_column_container vc_col-sm-3\"><div class=\"vc_column-inner\"><div class=\"wpb_wrapper\"><div class=\"number-box style-default spacing-30\"><div class=\"number-box-number\">03<\/div><div class=\"content-box\"><div class=\"content-box-info\"><h3>Demo levering na goedkeuring<\/h3><p class=\"number-box-content\">Nadat we uw goedkeuring hebben ontvangen, beginnen we onmiddellijk met het project en sturen we u een demo ter beoordeling.<\/p><\/div><\/div><\/div><\/div><\/div><\/div><div class=\"wpb_column vc_column_container vc_col-sm-3\"><div class=\"vc_column-inner\"><div class=\"wpb_wrapper\"><div class=\"number-box style-default spacing-30\"><div class=\"number-box-number\">04<\/div><div class=\"content-box\"><div class=\"content-box-info\"><h3>Betaling en definitieve levering<\/h3><p class=\"number-box-content\">Voer na uw goedkeuring van het project de betaling uit en ontvang de definitieve versie van de deliverables.<\/p><\/div><\/div><\/div><\/div><\/div><\/div><\/div><\/div><\/div><\/div><\/div><div class=\"vc_row-full-width vc_clearfix\"><\/div><div class=\"vc_row wpb_row vc_row-fluid vc_custom_1534242606416\"><div class=\"animate wpb_column vc_column_container vc_col-sm-12\"><div class=\"vc_column-inner\"><div class=\"wpb_wrapper\">\n\t<div class=\"wpb_text_column wpb_content_element  vc_custom_1686677104318\" >\n\t\t<div class=\"wpb_wrapper\">\n\t\t\t<h2 style=\"text-align: center;\"><span style=\"color: #e37218;\"><strong>Onze andere diensten<\/strong><\/span><\/h2>\n\n\t\t<\/div>\n\t<\/div>\n<div class=\"dash style-dark centered\"><\/div>\n\t<div class=\"wpb_raw_code wpb_content_element wpb_raw_html\" >\n\t\t<div class=\"wpb_wrapper\">\n\t\t\t<!-- Yedinci hizmet \u00f6\u011fesi -->\n<div class=\"wpb_column vc_column_container vc_col-sm-3\">\n<div class=\"vc_column-inner\">\n<div class=\"wpb_wrapper\">\n<div class=\"content-box service-item alignment-default service-box-gray spacing-30\">\n<div class=\"image-container\">\n<div class=\"vertical-number-box\"><span class=\"vertical-number\">07<\/span><\/div>\n<div class=\"arrow-box\"><\/div>\n<img decoding=\"async\" src=\"https:\/\/dincarchitect.com\/wp-content\/uploads\/2023\/06\/dastudio-service-7.jpg\" alt=\"Architectuur\" width=\"360\" height=\"500\" \/>\n\n<\/div>\n<div class=\"content-box-info\">\n<div class=\"box-heading-container\">\n<div class=\"box-heading\"><strong>Foto Montage<\/strong><\/div>\n<div class=\"price-info-container\"><span class=\"price-info\" style=\"color: #e37218; font-size: 16px;\">149 \u20ac<\/span><\/div>\n<\/div>\n<div style=\"text-align: justify; margin-top: 10px;\">\n\nVrijstaande woning met of zonder exterieur...\n\n<\/div>\n<div class=\"content-description\"><\/div>\n<div class=\"btn-read-more\"><a style=\"color: #e37218;\" href=\"https:\/\/dincarchitect.com\/nl\/fotomontage\/\">Kom meer te weten<\/a><\/div>\n<\/div>\n<\/div>\n<\/div>\n<\/div>\n<\/div>\n\n\n\n<!-- Alt\u0131nc\u0131 hizmet \u00f6\u011fesi -->\n<div class=\"wpb_column vc_column_container vc_col-sm-3\">\n<div class=\"vc_column-inner\">\n<div class=\"wpb_wrapper\">\n<div class=\"content-box service-item alignment-default service-box-gray spacing-30\">\n<div class=\"image-container\">\n<div class=\"vertical-number-box\"><span class=\"vertical-number\">06<\/span><\/div>\n<div class=\"arrow-box\"><\/div>\n<img decoding=\"async\" src=\"https:\/\/dincarchitect.com\/wp-content\/uploads\/2023\/06\/dastudio-service-6.jpg\" alt=\"Architectuur\" width=\"360\" height=\"500\" \/>\n\n<\/div>\n<div class=\"content-box-info\">\n<div class=\"box-heading-container\">\n<div class=\"box-heading\"><strong>Collectief bouwen<\/strong><\/div>\n<div class=\"price-info-container\"><span class=\"price-info\" style=\"color: #e37218; font-size: 16px;\">199 \u20ac<\/span><\/div>\n<\/div>\n<div style=\"text-align: justify; margin-top: 10px;\">\n\nWoningen, commerci\u00eble gebouwen, magazijnen, enz.\n\n<\/div>\n<div class=\"content-description\"><\/div>\n<div class=\"btn-read-more\"><a style=\"color: #e37218;\" href=\"https:\/\/dincarchitect.com\/nl\/collectief-gebouw\/\">Kom meer te weten<\/a><\/div>\n<\/div>\n<\/div>\n<\/div>\n<\/div>\n<\/div>\n\n\n<!-- Birinci hizmet \u00f6\u011fesi -->\n<div id=\"hizmet1\" class=\"wpb_column vc_column_container vc_col-sm-3\">\n<div class=\"vc_column-inner\">\n<div class=\"wpb_wrapper\">\n<div class=\"content-box service-item alignment-default service-box-gray spacing-30\">\n<div class=\"image-container\">\n<div class=\"vertical-number-box\"><span class=\"vertical-number\">01<\/span><\/div>\n<div class=\"arrow-box\"><\/div>\n<img decoding=\"async\" src=\"https:\/\/dincarchitect.com\/wp-content\/uploads\/2023\/06\/dastudio-service-1.jpg\" alt=\"Architectuur\" width=\"360\" height=\"500\" \/>\n\n<\/div>\n<div class=\"content-box-info\">\n<div class=\"box-heading-container\">\n<div class=\"box-heading\"><strong>Eenvoudige ruimte<\/strong><\/div>\n<div class=\"price-info-container\"><span class=\"price-info\" style=\"color: #e37218; font-size: 16px;\">49 \u20ac<\/span><\/div>\n<\/div>\n<div style=\"text-align: justify; margin-top: 10px;\">Vanuit slaapkamer, kantoor, inkomhal, standaard badkamer, kleine winkelpui...<\/div>\n<div class=\"content-description\"><\/div>\n<div class=\"btn-read-more\"><a style=\"color: #e37218;\" href=\"https:\/\/dincarchitect.com\/nl\/eenvoudige-ruimte\/\">Kom meer te weten<\/a><\/div>\n<\/div>\n<\/div>\n<\/div>\n<\/div>\n<\/div>\n\n\n\n<!-- Sekizinci hizmet \u00f6\u011fesi -->\n<div class=\"wpb_column vc_column_container vc_col-sm-3\">\n<div class=\"vc_column-inner\">\n<div class=\"wpb_wrapper\">\n<div class=\"content-box service-item alignment-default service-box-gray spacing-30\">\n<div class=\"image-container\">\n<div class=\"vertical-number-box\"><span class=\"vertical-number\">08<\/span><\/div>\n<div class=\"arrow-box\"><\/div>\n<img decoding=\"async\" src=\"https:\/\/dincarchitect.com\/wp-content\/uploads\/2023\/06\/dastudio-service-8.jpg\" alt=\"Architectuur\" width=\"360\" height=\"500\" \/>\n\n<\/div>\n<div class=\"content-box-info\">\n<div class=\"box-heading-container\">\n<div class=\"box-heading\"><strong>Foto Montage<\/strong><\/div>\n<div class=\"price-info-container\"><span class=\"price-info\" style=\"color: #e37218; font-size: 16px;\">199 \u20ac<\/span><\/div>\n<\/div>\n<div style=\"text-align: justify; margin-top: 10px;\">\n\nVrijstaand pand met of zonder buitengevel...\n\n<\/div>\n<div class=\"content-description\"><\/div>\n<div class=\"btn-read-more\"><a style=\"color: #e37218;\" href=\"https:\/\/dincarchitect.com\/nl\/fotomontage-2\/\">Kom meer te weten<\/a><\/div>\n<div><\/div>\n<\/div>\n<\/div>\n<\/div>\n<\/div>\n<\/div>\n\t\t<\/div>\n\t<\/div>\n<\/div><\/div><\/div><\/div>\n<\/section>","protected":false},"excerpt":{"rendered":"DA Studio Complex Area Dompel jezelf onder in de fascinerende allure van Complex Area, waar naadloze integratie van woonruimtes centraal staat. Door de elegantie van een woonkamer te combineren met de functionaliteit van een standaardkeuken, de veelzijdigheid van een lounge met de charme van een eetkamer en de ruimtelijkheid van een grote keuken, [...]","protected":false},"author":1,"featured_media":10877,"parent":0,"menu_order":0,"comment_status":"closed","ping_status":"closed","template":"","meta":{"footnotes":""},"acf":[],"_links":{"self":[{"href":"https:\/\/dincarchitect.com\/nl\/wp-json\/wp\/v2\/pages\/14147"}],"collection":[{"href":"https:\/\/dincarchitect.com\/nl\/wp-json\/wp\/v2\/pages"}],"about":[{"href":"https:\/\/dincarchitect.com\/nl\/wp-json\/wp\/v2\/types\/page"}],"author":[{"embeddable":true,"href":"https:\/\/dincarchitect.com\/nl\/wp-json\/wp\/v2\/users\/1"}],"replies":[{"embeddable":true,"href":"https:\/\/dincarchitect.com\/nl\/wp-json\/wp\/v2\/comments?post=14147"}],"version-history":[{"count":0,"href":"https:\/\/dincarchitect.com\/nl\/wp-json\/wp\/v2\/pages\/14147\/revisions"}],"wp:featuredmedia":[{"embeddable":true,"href":"https:\/\/dincarchitect.com\/nl\/wp-json\/wp\/v2\/media\/10877"}],"wp:attachment":[{"href":"https:\/\/dincarchitect.com\/nl\/wp-json\/wp\/v2\/media?parent=14147"}],"curies":[{"name":"wp","href":"https:\/\/api.w.org\/{rel}","templated":true}]}}