{"id":14010,"date":"2023-06-12T00:00:50","date_gmt":"2023-06-12T00:00:50","guid":{"rendered":"https:\/\/dincarchitect.com\/?page_id=14010"},"modified":"2023-09-01T13:37:15","modified_gmt":"2023-09-01T13:37:15","slug":"real-estate-agent","status":"publish","type":"page","link":"https:\/\/dincarchitect.com\/nl\/makelaar\/","title":{"rendered":"Makelaar"},"content":{"rendered":"<section class=\"wpb-content-wrapper\"><div class=\"vc_row wpb_row vc_row-fluid vc_custom_1537429109529\"><div class=\"wpb_column vc_column_container vc_col-sm-6\"><div class=\"vc_column-inner\"><div class=\"wpb_wrapper\">\n<div class=\"vc_grid-container-wrapper vc_clearfix vc_grid-animation-fadeIn\">\n\t<div class=\"vc_grid-container vc_clearfix wpb_content_element vc_media_grid\" data-initial-loading-animation=\"fadeIn\" data-vc-grid-settings=\"{&quot;page_id&quot;:14010,&quot;style&quot;:&quot;all&quot;,&quot;action&quot;:&quot;vc_get_vc_grid_data&quot;,&quot;shortcode_id&quot;:&quot;1693575211105-0a6f524c-fc7c-1&quot;,&quot;tag&quot;:&quot;vc_media_grid&quot;}\" data-vc-request=\"https:\/\/dincarchitect.com\/wp-admin\/admin-ajax.php\" data-vc-post-id=\"14010\" data-vc-public-nonce=\"db103255f2\">\n\t\t\n\t<\/div>\n<\/div><\/div><\/div><\/div><div class=\"wpb_column vc_column_container vc_col-sm-6\"><div class=\"vc_column-inner vc_custom_1536840396834\"><div class=\"wpb_wrapper\"><span class=\"subtitle dash-true style-dark text-default\">DA Studio<\/span>\n\t<div class=\"wpb_text_column wpb_content_element\" >\n\t\t<div class=\"wpb_wrapper\">\n\t\t\t<h2>Makelaar<\/h2>\n\n\t\t<\/div>\n\t<\/div>\n\n\t<div class=\"wpb_text_column wpb_content_element\" >\n\t\t<div class=\"wpb_wrapper\">\n\t\t\t<p style=\"text-align: justify;\">Met 3D-modellering kunnen we woningen op een visueel aantrekkelijke en realistische manier presenteren. Door middel van gedetailleerde weergaven en virtuele rondleidingen kunnen potenti\u00eble kopers het pand vanuit elke hoek verkennen en een duidelijk beeld krijgen van de lay-out, het ontwerp en het potentieel. Deze technologie stelt ons in staat om eigendommen tot leven te brengen en de interesse van potenti\u00eble kopers te wekken.<\/p>\n<p style=\"text-align: justify;\">De voordelen van 3D-modellering gaan verder dan visuele weergave. Het helpt het besluitvormingsproces te stroomlijnen door nauwkeurige metingen te leveren, waardoor klanten de haalbaarheid van hun plannen kunnen beoordelen en weloverwogen keuzes kunnen maken. Bovendien stelt het ons in staat om virtuele enscenering te cre\u00ebren, waarbij het pand wordt gepresenteerd met verschillende meubelarrangementen en ontwerpopties, waardoor het aantrekkelijk wordt voor potenti\u00eble kopers.<\/p>\n<p style=\"text-align: justify;\">Door gebruik te maken van 3D-modellering kunnen we de unieke kenmerken en verkoopargumenten van elk onroerend goed effectief laten zien, waardoor het een concurrentievoordeel op de markt krijgt. Of het nu gaat om het benadrukken van architectonische details, interieurelementen of de omgeving, we benadrukken de sterke punten van het pand om de juiste kopers aan te trekken.<\/p>\n\n\t\t<\/div>\n\t<\/div>\n<\/div><\/div><\/div><\/div><div class=\"vc_row wpb_row vc_row-fluid mobile-pad-0 vc_custom_1686573801029 vc_row-o-equal-height vc_row-o-content-middle vc_row-flex\"><div class=\"wpb_column vc_column_container vc_col-sm-4\"><div class=\"vc_column-inner\"><div class=\"wpb_wrapper\"><div class=\"vc_row wpb_row vc_inner vc_row-fluid overlap-right\"><div class=\"shadow-box wpb_column vc_column_container vc_col-sm-12\"><div class=\"vc_column-inner\"><div class=\"wpb_wrapper\"><span class=\"subtitle dash-true style-dark text-default\">Laat uw verbeelding de vrije loop<\/span><div class=\"divider-light\"><\/div>\n\t<div class=\"wpb_text_column wpb_content_element\" >\n\t\t<div class=\"wpb_wrapper\">\n\t\t\t<div style=\"text-align: justify;\">\n<p>We blinken uit in het beheren van elk detail om uw projecten te verbeteren. Met onze expertise op het gebied van architecturale visualisatie bieden we diverse stijlen en presentaties op maat van uw behoeften. Ons toegewijde team levert uitzonderlijke resultaten die de verwachtingen overtreffen. Breng residenti\u00eble, commerci\u00eble of industri\u00eble ontwerpen onder de aandacht met innovatieve oplossingen. Vertrouw ons om idee\u00ebn om te zetten in verbluffende beelden, waardoor effectieve communicatie mogelijk wordt. Laat uw fantasie de vrije loop met onze onge\u00ebvenaarde expertise.<\/p>\n<\/div>\n\n\t\t<\/div>\n\t<\/div>\n<a href=\"https:\/\/dincarchitect.com\/nl\/projecten\/\" class=\"btn btn-primary arrow-right\"><span>Bekijk projecten<\/span><\/a><\/div><\/div><\/div><\/div><\/div><\/div><\/div><div class=\"wpb_column vc_column_container vc_col-sm-8\"><div class=\"vc_column-inner\"><div class=\"wpb_wrapper\">\n\t<div  class=\"wpb_single_image wpb_content_element vc_align_left  vc_custom_1687236630854\">\n\t\t\n\t\t<figure class=\"wpb_wrapper vc_figure\">\n\t\t\t<a href=\"https:\/\/dincarchitect.com\/wp-content\/uploads\/2023\/06\/yutz-1-1-1024x576.jpg\" target=\"_self\" class=\"vc_single_image-wrapper   vc_box_border_grey\"><img decoding=\"async\" width=\"1920\" height=\"1080\" src=\"https:\/\/dincarchitect.com\/wp-content\/uploads\/2023\/06\/yutz-1-1.jpg\" class=\"vc_single_image-img attachment-full\" alt=\"\" title=\"woonkamer dastudio\" srcset=\"https:\/\/dincarchitect.com\/wp-content\/uploads\/2023\/06\/yutz-1-1.jpg 1920w, https:\/\/dincarchitect.com\/wp-content\/uploads\/2023\/06\/yutz-1-1-1024x576.jpg 1024w, https:\/\/dincarchitect.com\/wp-content\/uploads\/2023\/06\/yutz-1-1-768x432.jpg 768w, https:\/\/dincarchitect.com\/wp-content\/uploads\/2023\/06\/yutz-1-1-1536x864.jpg 1536w, https:\/\/dincarchitect.com\/wp-content\/uploads\/2023\/06\/yutz-1-1-18x10.jpg 18w\" sizes=\"(max-width: 1920px) 100vw, 1920px\" \/><\/a>\n\t\t<\/figure>\n\t<\/div>\n<\/div><\/div><\/div><\/div><div class=\"vc_row wpb_row vc_row-fluid mobile-pad-0 vc_custom_1686573808972 vc_row-o-equal-height vc_row-o-content-middle vc_row-flex\"><div class=\"wpb_column vc_column_container vc_col-sm-8 vc_hidden-sm vc_hidden-xs\"><div class=\"vc_column-inner\"><div class=\"wpb_wrapper\">\n\t<div  class=\"wpb_single_image wpb_content_element vc_align_left  vc_custom_1687236652399\">\n\t\t\n\t\t<figure class=\"wpb_wrapper vc_figure\">\n\t\t\t<a href=\"https:\/\/dincarchitect.com\/wp-content\/uploads\/2023\/06\/villa-no13-3-1024x576.jpg\" target=\"_self\" class=\"vc_single_image-wrapper   vc_box_border_grey\"><img decoding=\"async\" width=\"1920\" height=\"1080\" src=\"https:\/\/dincarchitect.com\/wp-content\/uploads\/2023\/06\/villa-no13-3.jpg\" class=\"vc_single_image-img attachment-full\" alt=\"\" title=\"villa-no13-3\" srcset=\"https:\/\/dincarchitect.com\/wp-content\/uploads\/2023\/06\/villa-no13-3.jpg 1920w, https:\/\/dincarchitect.com\/wp-content\/uploads\/2023\/06\/villa-no13-3-1024x576.jpg 1024w, https:\/\/dincarchitect.com\/wp-content\/uploads\/2023\/06\/villa-no13-3-768x432.jpg 768w, https:\/\/dincarchitect.com\/wp-content\/uploads\/2023\/06\/villa-no13-3-1536x864.jpg 1536w, https:\/\/dincarchitect.com\/wp-content\/uploads\/2023\/06\/villa-no13-3-18x10.jpg 18w\" sizes=\"(max-width: 1920px) 100vw, 1920px\" \/><\/a>\n\t\t<\/figure>\n\t<\/div>\n<\/div><\/div><\/div><div class=\"wpb_column vc_column_container vc_col-sm-4\"><div class=\"vc_column-inner\"><div class=\"wpb_wrapper\"><div class=\"vc_row wpb_row vc_inner vc_row-fluid overlap-left\"><div class=\"shadow-box wpb_column vc_column_container vc_col-sm-12\"><div class=\"vc_column-inner\"><div class=\"wpb_wrapper\"><span class=\"subtitle dash-true style-dark text-default\">Wij zorgen voor iedereen<\/span><div class=\"divider-light\"><\/div>\n\t<div class=\"wpb_text_column wpb_content_element\" >\n\t\t<div class=\"wpb_wrapper\">\n\t\t\t<div style=\"text-align: justify;\">\n<p>Verbeterde effici\u00ebntie: onze architecturale visualisatiediensten stroomlijnen de tijd, moeite en middelen die nodig zijn voor visueel ontwerp, waardoor ons team zich meer kan concentreren op het functionele ontwerp en de planningsaspecten van het project. Dit resulteert in een verhoogde productiviteit en een grotere nadruk op het leveren van uitstekende resultaten.<\/p>\n<\/div>\n\n\t\t<\/div>\n\t<\/div>\n<a href=\"https:\/\/dincarchitect.com\/nl\/projecten\/\" class=\"btn btn-primary arrow-right\"><span>Bekijk projecten<\/span><\/a><\/div><\/div><\/div><\/div><\/div><\/div><\/div><\/div><div class=\"vc_row wpb_row vc_row-fluid mobile-pad-0 vc_custom_1686573815468 vc_row-o-equal-height vc_row-o-content-middle vc_row-flex\"><div class=\"wpb_column vc_column_container vc_col-sm-4\"><div class=\"vc_column-inner\"><div class=\"wpb_wrapper\"><div class=\"vc_row wpb_row vc_inner vc_row-fluid overlap-right\"><div class=\"shadow-box wpb_column vc_column_container vc_col-sm-12\"><div class=\"vc_column-inner\"><div class=\"wpb_wrapper\"><span class=\"subtitle dash-true style-dark text-default\">Verhoog de kwaliteit van uw services<\/span><div class=\"divider-light\"><\/div>\n\t<div class=\"wpb_text_column wpb_content_element\" >\n\t\t<div class=\"wpb_wrapper\">\n\t\t\t<div style=\"text-align: justify;\">\n<p>Met onze op kwaliteit gerichte aanpak kunnen onze teams hun intenties en ontwerpen effectief kenbaar maken aan klanten, waardoor projectgoedkeuringen worden versneld. Dit zorgt voor een naadloos samenwerkingsproces en verbetert de algehele kwaliteit van onze diensten.<\/p>\n<\/div>\n\n\t\t<\/div>\n\t<\/div>\n<a href=\"https:\/\/dincarchitect.com\/nl\/projecten\/\" class=\"btn btn-primary arrow-right\"><span>Bekijk projecten<\/span><\/a><\/div><\/div><\/div><\/div><\/div><\/div><\/div><div class=\"wpb_column vc_column_container vc_col-sm-8\"><div class=\"vc_column-inner\"><div class=\"wpb_wrapper\">\n\t<div  class=\"wpb_single_image wpb_content_element vc_align_left  vc_custom_1687236683819\">\n\t\t\n\t\t<figure class=\"wpb_wrapper vc_figure\">\n\t\t\t<a href=\"https:\/\/dincarchitect.com\/wp-content\/uploads\/2023\/06\/444-1024x576.jpg\" target=\"_self\" class=\"vc_single_image-wrapper   vc_box_border_grey\"><img decoding=\"async\" width=\"1920\" height=\"1080\" src=\"https:\/\/dincarchitect.com\/wp-content\/uploads\/2023\/06\/444.jpg\" class=\"vc_single_image-img attachment-full\" alt=\"\" title=\"berlijn-1\" srcset=\"https:\/\/dincarchitect.com\/wp-content\/uploads\/2023\/06\/444.jpg 1920w, https:\/\/dincarchitect.com\/wp-content\/uploads\/2023\/06\/444-1024x576.jpg 1024w, https:\/\/dincarchitect.com\/wp-content\/uploads\/2023\/06\/444-768x432.jpg 768w, https:\/\/dincarchitect.com\/wp-content\/uploads\/2023\/06\/444-1536x864.jpg 1536w, https:\/\/dincarchitect.com\/wp-content\/uploads\/2023\/06\/444-18x10.jpg 18w\" sizes=\"(max-width: 1920px) 100vw, 1920px\" \/><\/a>\n\t\t<\/figure>\n\t<\/div>\n<\/div><\/div><\/div><\/div><div class=\"vc_row wpb_row vc_row-fluid\"><div class=\"wpb_column vc_column_container vc_col-sm-12\"><div class=\"vc_column-inner\"><div class=\"wpb_wrapper\">\n\t<div class=\"wpb_text_column wpb_content_element\" >\n\t\t<div class=\"wpb_wrapper\">\n\t\t\t<h2 style=\"text-align: center;\">Onze Aanbiedingen \ud83c\udfc6<\/h2>\n\n\t\t<\/div>\n\t<\/div>\n\n\t<div class=\"wpb_text_column wpb_content_element  vc_custom_1686532127495\" >\n\t\t<div class=\"wpb_wrapper\">\n\t\t\t<h3 style=\"text-align: center;\"><em><strong>Wij garanderen u de meest concurrerende aanbiedingen op de markt<\/strong><\/em><\/h3>\n\n\t\t<\/div>\n\t<\/div>\n\n\t<div class=\"wpb_raw_code wpb_content_element wpb_raw_html vc_custom_1686527691361\" >\n\t\t<div class=\"wpb_wrapper\">\n\t\t\t<div id=\"rpt_pricr\" class=\"rpt_plans rpt_3_plans rpt_style_basic\"><div class=\"\"><div class=\"rpt_plan  rpt_plugin_f rpt_plan_0\"><div style=\"text-align:center;\" class=\"rpt_title rpt_title_0\">Starterspakket \ud83c\udfaf<\/div><div class=\"rpt_head rpt_head_0\"><div class=\"rpt_recurrence rpt_recurrence_0\">in plaats van <del> 450 \u20ac <\/del><\/div><div class=\"rpt_price rpt_price_0\">390\u20ac<\/div><div style=\"color:#f48200;\" class=\"rpt_subtitle rpt_subtitle_0\">Ongeacht de complexiteit of vierkante meter.<\/div><\/div><div class=\"rpt_features rpt_features_0\"><div style=\"color:black;\" class=\"rpt_feature rpt_feature_0-0\"><strong>3<\/strong> 3D-perspectieven voor binnen\/buiten\r<\/div><div style=\"color:black;\" class=\"rpt_feature rpt_feature_0-1\">\u2713 4K-kwaliteit \r<\/div><div style=\"color:black;\" class=\"rpt_feature rpt_feature_0-2\">\u2713 Gratis* revisie\r<\/div><div style=\"color:black;\" class=\"rpt_feature rpt_feature_0-3\">\u2713 Correctie Tot uw tevredenheid\r<\/div><div style=\"color:black;\" class=\"rpt_feature rpt_feature_0-4\">\u2713 Opmaak met uw logo en contactgegevens\r<\/div><div style=\"color:black;\" class=\"rpt_feature rpt_feature_0-5\">\u2713 24\/7 klantenondersteuning<\/div><\/div><a target=\"_self\" href=\"https:\/\/wa.me\/33761122801\" style=\"background:#f48200\" class=\"rpt_foot rpt_foot_0\" rel=\"noopener\">CONTACT<\/a><\/div><div class=\"rpt_plan  rpt_plugin_f rpt_plan_1\"><div style=\"text-align:center;\" class=\"rpt_title rpt_title_1\">Premiumpakket \ud83d\ude80<\/div><div class=\"rpt_head rpt_head_1\"><div class=\"rpt_recurrence rpt_recurrence_1\">in plaats van <del> 900 \u20ac <\/del><\/div><div class=\"rpt_price rpt_price_1\">690\u20ac<\/div><div style=\"color:#f48200;\" class=\"rpt_subtitle rpt_subtitle_1\">Ongeacht de complexiteit of vierkante meter.<\/div><\/div><div class=\"rpt_features rpt_features_1\"><div style=\"color:black;\" class=\"rpt_feature rpt_feature_1-0\"><strong>6<\/strong> 3D-perspectieven voor binnen\/buiten\r<\/div><div style=\"color:black;\" class=\"rpt_feature rpt_feature_1-1\">\u2713 4K-kwaliteit \r<\/div><div style=\"color:black;\" class=\"rpt_feature rpt_feature_1-2\">\u2713 Gratis* revisie\r<\/div><div style=\"color:black;\" class=\"rpt_feature rpt_feature_1-3\">\u2713 Correctie Tot uw tevredenheid\r<\/div><div style=\"color:black;\" class=\"rpt_feature rpt_feature_1-4\">\u2713 Opmaak met uw logo en contactgegevens\r<\/div><div style=\"color:black;\" class=\"rpt_feature rpt_feature_1-5\">\u2713 24\/7 klantenondersteuning<\/div><\/div><a target=\"_self\" href=\"https:\/\/wa.me\/33761122801\" style=\"background:#f48200\" class=\"rpt_foot rpt_foot_1\" rel=\"noopener\">CONTACT<\/a><\/div><div class=\"rpt_plan  rpt_plugin_f rpt_plan_2  #e37218\"><div style=\"text-align:center;\" class=\"rpt_title rpt_title_2\">Pack Pro \ud83c\udf1f<\/div><div class=\"rpt_head rpt_head_2\"><div class=\"rpt_recurrence rpt_recurrence_2\">in plaats van <del> 1490 \u20ac <\/del><\/div><div class=\"rpt_price rpt_price_2\">990\u20ac<\/div><div style=\"color:#f48200;\" class=\"rpt_subtitle rpt_subtitle_2\">Ongeacht de complexiteit of vierkante meter.<\/div><\/div><div class=\"rpt_features rpt_features_2\"><div style=\"color:black;\" class=\"rpt_feature rpt_feature_2-0\"><strong>10<\/strong> 3D-perspectieven voor binnen\/buiten\r<\/div><div style=\"color:black;\" class=\"rpt_feature rpt_feature_2-1\">\u2713 4K-kwaliteit \r<\/div><div style=\"color:black;\" class=\"rpt_feature rpt_feature_2-2\">\u2713 Gratis* revisie\r<\/div><div style=\"color:black;\" class=\"rpt_feature rpt_feature_2-3\">\u2713 Correctie Tot uw tevredenheid\r<\/div><div style=\"color:black;\" class=\"rpt_feature rpt_feature_2-4\">\u2713 Opmaak met uw logo en contactgegevens\r<\/div><div style=\"color:black;\" class=\"rpt_feature rpt_feature_2-5\">\u2713 24\/7 klantenondersteuning<\/div><\/div><a target=\"_self\" href=\"https:\/\/wa.me\/33761122801\" style=\"background:#f48200\" class=\"rpt_foot rpt_foot_2\" rel=\"noopener\">watsapp<\/a><\/div><\/div><\/div><div style=\"clear:both;\"><\/div>\n\t\t<\/div>\n\t<\/div>\n<p class=\"text-right\"><a href=\"https:\/\/dincarchitect.com\/nl\/architect\/\" class=\"btn btn-primary arrow-right\"><span>Zie abonnementspakketten<\/span><\/a><\/p><\/div><\/div><\/div><\/div>\n<\/section>","protected":false},"excerpt":{"rendered":"","protected":false},"author":1,"featured_media":10877,"parent":0,"menu_order":0,"comment_status":"closed","ping_status":"closed","template":"","meta":{"footnotes":""},"acf":[],"_links":{"self":[{"href":"https:\/\/dincarchitect.com\/nl\/wp-json\/wp\/v2\/pages\/14010"}],"collection":[{"href":"https:\/\/dincarchitect.com\/nl\/wp-json\/wp\/v2\/pages"}],"about":[{"href":"https:\/\/dincarchitect.com\/nl\/wp-json\/wp\/v2\/types\/page"}],"author":[{"embeddable":true,"href":"https:\/\/dincarchitect.com\/nl\/wp-json\/wp\/v2\/users\/1"}],"replies":[{"embeddable":true,"href":"https:\/\/dincarchitect.com\/nl\/wp-json\/wp\/v2\/comments?post=14010"}],"version-history":[{"count":0,"href":"https:\/\/dincarchitect.com\/nl\/wp-json\/wp\/v2\/pages\/14010\/revisions"}],"wp:featuredmedia":[{"embeddable":true,"href":"https:\/\/dincarchitect.com\/nl\/wp-json\/wp\/v2\/media\/10877"}],"wp:attachment":[{"href":"https:\/\/dincarchitect.com\/nl\/wp-json\/wp\/v2\/media?parent=14010"}],"curies":[{"name":"wp","href":"https:\/\/api.w.org\/{rel}","templated":true}]}}