{"id":22,"date":"2023-06-12T00:00:24","date_gmt":"2023-06-12T00:00:24","guid":{"rendered":"https:\/\/themicart.com\/interico-wp\/?page_id=22"},"modified":"2023-06-20T04:18:25","modified_gmt":"2023-06-20T04:18:25","slug":"client-experiences","status":"publish","type":"page","link":"https:\/\/dincarchitect.com\/it\/esperienze-del-cliente\/","title":{"rendered":"Esperienze del cliente"},"content":{"rendered":"<section class=\"wpb-content-wrapper\"><div data-vc-full-width=\"true\" data-vc-full-width-init=\"false\" class=\"vc_row wpb_row vc_row-fluid spaced vc_custom_1687234702014 vc_row-has-fill\"><div class=\"wpb_column vc_column_container vc_col-sm-6\"><div class=\"vc_column-inner\"><div class=\"wpb_wrapper\"><span class=\"subtitle dash-true style-light text-default\">100% Recensioni originali<\/span>\n\t<div class=\"wpb_text_column wpb_content_element\" >\n\t\t<div class=\"wpb_wrapper\">\n\t\t\t<h4 style=\"text-align: left;\"><span style=\"color: #ffffff;\"><strong><img decoding=\"async\" class=\"wp-image-13552 alignleft\" src=\"https:\/\/dincarchitect.com\/wp-content\/uploads\/2023\/06\/dincarchitect-customer.png\" alt=\"\" width=\"102\" height=\"102\" srcset=\"https:\/\/dincarchitect.com\/wp-content\/uploads\/2023\/06\/dincarchitect-customer.png 240w, https:\/\/dincarchitect.com\/wp-content\/uploads\/2023\/06\/dincarchitect-customer-150x150.png 150w, https:\/\/dincarchitect.com\/wp-content\/uploads\/2023\/06\/dincarchitect-customer-72x72.png 72w\" sizes=\"(max-width: 102px) 100vw, 102px\" \/><\/strong><strong>Con noi, o rimani soddisfatto o ti rimborsiamo i soldi.<\/strong><\/span><\/h4>\n<h4 style=\"text-align: left;\"><span style=\"color: #ffffff;\"><strong>Siamo qui per renderti felice!<\/strong><\/span><\/h4>\n<h2 style=\"text-align: left;\"><span style=\"color: #ffffff;\">Valutazione complessiva 4.9\/5<\/span><\/h2>\n\n\t\t<\/div>\n\t<\/div>\n<\/div><\/div><\/div><div class=\"wpb_column vc_column_container vc_col-sm-6\"><div class=\"vc_column-inner\"><div class=\"wpb_wrapper\">\n\t<div class=\"wpb_text_column wpb_content_element\" >\n\t\t<div class=\"wpb_wrapper\">\n\t\t\t<p><span style=\"color: #ffffff;\">Apprezziamo il feedback dei clienti e accettiamo solo recensioni da clienti che hanno effettivamente effettuato un ordine con noi. <\/span><br \/>\n<span style=\"color: #ffffff;\">La nostra priorit\u00e0 \u00e8 la tua soddisfazione e, se per qualsiasi motivo non sei soddisfatto dei nostri servizi, offriamo una garanzia di rimborso. <\/span><br \/>\n<span style=\"color: #ffffff;\">Il nostro obiettivo \u00e8 renderti felice e le nostre recensioni riflettono le esperienze autentiche dei nostri clienti. <\/span><br \/>\n<span style=\"color: #ffffff;\">Con una valutazione complessiva di 4,9\/5, puoi fidarti della qualit\u00e0 e dell&#039;affidabilit\u00e0 dei nostri servizi. <\/span><br \/>\n<span style=\"color: #ffffff;\">Scegli DincArchitect e sperimenta l&#039;eccellenza nella progettazione architettonica.<\/span><\/p>\n\n\t\t<\/div>\n\t<\/div>\n\n\t<div class=\"wpb_text_column wpb_content_element\" >\n\t\t<div class=\"wpb_wrapper\">\n\t\t\t\n\t\t<\/div>\n\t<\/div>\n<\/div><\/div><\/div><\/div><div class=\"vc_row-full-width vc_clearfix\"><\/div><div class=\"vc_row wpb_row vc_row-fluid\"><div class=\"wpb_column vc_column_container vc_col-sm-12\"><div class=\"vc_column-inner\"><div class=\"wpb_wrapper\"><div class=\"testimonial image-left testimonial-light spacing-30\"><div class=\"content-box\"><div class=\"content-box-info\"><div class=\"profile\"><img decoding=\"async\" src=\"https:\/\/dincarchitect.com\/wp-content\/uploads\/2016\/08\/150x150-150x150.png\" alt=\"Patrick Y.\"><p class=\"name\">Patrick Y.<\/p><p class=\"company\">Architetto<\/p><\/div><div class=\"testimonial-content\"><p class=\"testimonial-headline\">Professionalit\u00e0, intuizioni di esperti e rispetto del budget: altamente raccomandato!<\/p><p>Grazie mille per la tua professionalit\u00e0, le preziose intuizioni e, soprattutto, per aver rispettato il mio budget e le mie idee. Il tuo team \u00e8 eccellente nel fornire visualizzazioni 3D. Consiglier\u00f2 sicuramente i vostri servizi a chiunque sia alla ricerca di un grande architetto.<\/p><\/div><\/div><\/div><\/div><div class=\"testimonial image-left testimonial-light spacing-30\"><div class=\"content-box\"><div class=\"content-box-info\"><div class=\"profile\"><img decoding=\"async\" src=\"https:\/\/dincarchitect.com\/wp-content\/uploads\/2016\/08\/150x150-150x150.png\" alt=\"Pier F.\"><p class=\"name\">Pier F.<\/p><p class=\"company\">Sviluppatore<\/p><\/div><div class=\"testimonial-content\"><p class=\"testimonial-headline\">Prontamente soddisfatto delle mie esigenze<\/p><p>Il mio progetto: insieme abbiamo trasformato l&#039;ingresso del mio appartamento. Hai risposto rapidamente alle mie esigenze, andando ben oltre le mie aspettative. Grazie mille!<\/p><\/div><\/div><\/div><\/div><div class=\"testimonial image-left testimonial-light spacing-30\"><div class=\"content-box\"><div class=\"content-box-info\"><div class=\"profile\"><img decoding=\"async\" src=\"https:\/\/dincarchitect.com\/wp-content\/uploads\/2016\/08\/150x150-150x150.png\" alt=\"C\u00e9line M.\"><p class=\"name\">C\u00e9line M.<\/p><p class=\"company\">Architetto<\/p><\/div><div class=\"testimonial-content\"><p class=\"testimonial-headline\">Altamente professionale \ud83d\udc4d<\/p><p>Altamente professionale \ud83d\udc4d<\/p><\/div><\/div><\/div><\/div><div class=\"testimonial image-left testimonial-light spacing-30\"><div class=\"content-box\"><div class=\"content-box-info\"><div class=\"profile\"><img decoding=\"async\" src=\"https:\/\/dincarchitect.com\/wp-content\/uploads\/2016\/08\/150x150-150x150.png\" alt=\"Blandini D.\"><p class=\"name\">Blandini D.<\/p><p class=\"company\">Cliente<\/p><\/div><div class=\"testimonial-content\"><p class=\"testimonial-headline\">Servizio e risultati eccezionali: la nostra esperienza con DA Studio<\/p><p>Abbiamo scelto di lavorare con DA Studio per i nostri piani di ristrutturazione. Ci hanno ascoltato con attenzione, fornito suggerimenti perspicaci e si sono dimostrati molto efficienti. Siamo rimasti completamente soddisfatti dei piani che abbiamo ricevuto, il che ha notevolmente facilitato il nostro futuro processo di pianificazione. Li consiglio vivamente senza alcuna esitazione! Grazie DA Studio!\r\n\r\n&nbsp;<\/p><\/div><\/div><\/div><\/div><div class=\"testimonial image-left testimonial-light spacing-30\"><div class=\"content-box\"><div class=\"content-box-info\"><div class=\"profile\"><img decoding=\"async\" src=\"https:\/\/dincarchitect.com\/wp-content\/uploads\/2016\/08\/150x150-150x150.png\" alt=\"Giulia A.\"><p class=\"name\">Giulia A.<\/p><p class=\"company\">Architetto<\/p><\/div><div class=\"testimonial-content\"><p class=\"testimonial-headline\">Sono completamente soddisfatto del risultato.<\/p><p>Sono completamente soddisfatto del risultato. Hanno prontamente affrontato e risolto qualsiasi problema. Ben fatto e grazie!<\/p><\/div><\/div><\/div><\/div><div class=\"testimonial image-left testimonial-light spacing-30\"><div class=\"content-box\"><div class=\"content-box-info\"><div class=\"profile\"><img decoding=\"async\" src=\"https:\/\/dincarchitect.com\/wp-content\/uploads\/2016\/08\/150x150-150x150.png\" alt=\"promotore c.\"><p class=\"name\">promotore c.<\/p><p class=\"company\">Promotore<\/p><\/div><div class=\"testimonial-content\"><p class=\"testimonial-headline\">Un lavoro veloce ed efficiente<\/p><p>Un lavoro veloce ed efficiente, lo consiglio vivamente!<\/p><\/div><\/div><\/div><\/div><div class=\"testimonial image-left testimonial-light spacing-30\"><div class=\"content-box\"><div class=\"content-box-info\"><div class=\"profile\"><img decoding=\"async\" src=\"https:\/\/dincarchitect.com\/wp-content\/uploads\/2016\/08\/150x150-150x150.png\" alt=\"Ugur Y.\"><p class=\"name\">Ugur Y.<\/p><p class=\"company\">Fornitore di servizi<\/p><\/div><div class=\"testimonial-content\"><p class=\"testimonial-headline\">Le sue abilit\u00e0 nell&#039;animazione architettonica 3D sono eccezionali<\/p><p>La risposta \u00e8 stata incredibilmente veloce e ha capito esattamente di cosa avevo bisogno, anche quando non ero molto articolato. Ha fatto un ottimo lavoro in poco tempo. Sono estremamente soddisfatto della sua pazienza, creativit\u00e0 e dedizione al nostro progetto. Le sue abilit\u00e0 nell&#039;animazione architettonica 3D sono eccezionali. Lo consiglio vivamente! (Ps: era aperto a revisioni, modifiche, ecc.)<\/p><\/div><\/div><\/div><\/div><div class=\"testimonial image-left testimonial-light spacing-30\"><div class=\"content-box\"><div class=\"content-box-info\"><div class=\"profile\"><img decoding=\"async\" src=\"https:\/\/dincarchitect.com\/wp-content\/uploads\/2016\/08\/150x150-150x150.png\" alt=\"Michael T.\"><p class=\"name\">Michael T.<\/p><p class=\"company\">Architetto<\/p><\/div><div class=\"testimonial-content\"><p class=\"testimonial-headline\">Serio e responsabile, lo consiglio a tutti!<\/p><p>Serio e responsabile, lo consiglio a tutti!<\/p><\/div><\/div><\/div><\/div><div class=\"testimonial image-left testimonial-light spacing-30\"><div class=\"content-box\"><div class=\"content-box-info\"><div class=\"profile\"><img decoding=\"async\" src=\"https:\/\/dincarchitect.com\/wp-content\/uploads\/2016\/08\/150x150-150x150.png\" alt=\"Karim B.\"><p class=\"name\">Karim B.<\/p><p class=\"company\">Architetto<\/p><\/div><div class=\"testimonial-content\"><p class=\"testimonial-headline\">Davvero un grande architetto!<\/p><p>Abbiamo davvero adorato la disposizione dei nostri appartamenti, un architetto davvero eccezionale! \ud83d\udc4d\ud83d\udc4d\ud83d\udc4d<\/p><\/div><\/div><\/div><\/div><div class=\"testimonial image-left testimonial-light spacing-30\"><div class=\"content-box\"><div class=\"content-box-info\"><div class=\"profile\"><img decoding=\"async\" src=\"https:\/\/dincarchitect.com\/wp-content\/uploads\/2016\/08\/150x150-150x150.png\" alt=\"Zeynep C.\"><p class=\"name\">Zeynep C.<\/p><p class=\"company\">Architetto<\/p><\/div><div class=\"testimonial-content\"><p class=\"testimonial-headline\">Azienda professionale e di alta qualit\u00e0<\/p><p>Azienda professionale e di alta qualit\u00e0. Li consiglio vivamente.<\/p><\/div><\/div><\/div><\/div><div class=\"testimonial image-left testimonial-light spacing-30\"><div class=\"content-box\"><div class=\"content-box-info\"><div class=\"profile\"><img decoding=\"async\" src=\"https:\/\/dincarchitect.com\/wp-content\/uploads\/2016\/08\/150x150-150x150.png\" alt=\"Am\u00e9lie P.\"><p class=\"name\">Am\u00e9lie P.<\/p><p class=\"company\">Architetto<\/p><\/div><div class=\"testimonial-content\"><p class=\"testimonial-headline\"> Non sono rimasto deluso.<\/p><p>DA Studio non solo ha offerto un ottimo rapporto qualit\u00e0-prezzo, ma ha anche ottenuto un risultato molto soddisfacente. Consiglio vivamente i loro servizi, poich\u00e9 hanno soddisfatto e superato tutte le aspettative. Non sono rimasto deluso.<\/p><\/div><\/div><\/div><\/div><\/div><\/div><\/div><\/div>\n<\/section>","protected":false},"excerpt":{"rendered":"100% Recensioni autentiche Con noi, o rimani soddisfatto o ti viene rimborsato il denaro. Siamo qui per renderti felice! Valutazione complessiva 4,9\/5 Apprezziamo il feedback dei clienti e accettiamo solo recensioni da clienti che hanno effettivamente effettuato un ordine con noi. La nostra priorit\u00e0 \u00e8 la tua soddisfazione e se per qualsiasi motivo non sei soddisfatto [...]","protected":false},"author":1,"featured_media":0,"parent":0,"menu_order":0,"comment_status":"closed","ping_status":"closed","template":"","meta":{"footnotes":""},"acf":[],"_links":{"self":[{"href":"https:\/\/dincarchitect.com\/it\/wp-json\/wp\/v2\/pages\/22"}],"collection":[{"href":"https:\/\/dincarchitect.com\/it\/wp-json\/wp\/v2\/pages"}],"about":[{"href":"https:\/\/dincarchitect.com\/it\/wp-json\/wp\/v2\/types\/page"}],"author":[{"embeddable":true,"href":"https:\/\/dincarchitect.com\/it\/wp-json\/wp\/v2\/users\/1"}],"replies":[{"embeddable":true,"href":"https:\/\/dincarchitect.com\/it\/wp-json\/wp\/v2\/comments?post=22"}],"version-history":[{"count":0,"href":"https:\/\/dincarchitect.com\/it\/wp-json\/wp\/v2\/pages\/22\/revisions"}],"wp:attachment":[{"href":"https:\/\/dincarchitect.com\/it\/wp-json\/wp\/v2\/media?parent=22"}],"curies":[{"name":"wp","href":"https:\/\/api.w.org\/{rel}","templated":true}]}}