{"id":14520,"date":"2023-06-17T11:48:59","date_gmt":"2023-06-17T11:48:59","guid":{"rendered":"https:\/\/dincarchitect.com\/?page_id=14520"},"modified":"2023-09-02T10:40:35","modified_gmt":"2023-09-02T10:40:35","slug":"duplicat","status":"publish","type":"page","link":"https:\/\/dincarchitect.com\/it\/duplicato\/","title":{"rendered":"Duplicato"},"content":{"rendered":"<section class=\"wpb-content-wrapper\"><div class=\"vc_row wpb_row vc_row-fluid vc_custom_1537429109529\"><div class=\"wpb_column vc_column_container vc_col-sm-6\"><div class=\"vc_column-inner\"><div class=\"wpb_wrapper\">\n<div class=\"vc_grid-container-wrapper vc_clearfix vc_grid-animation-fadeIn\">\n\t<div class=\"vc_grid-container vc_clearfix wpb_content_element vc_media_grid\" data-initial-loading-animation=\"fadeIn\" data-vc-grid-settings=\"{&quot;page_id&quot;:14520,&quot;style&quot;:&quot;all&quot;,&quot;action&quot;:&quot;vc_get_vc_grid_data&quot;,&quot;shortcode_id&quot;:&quot;1693651172630-5e25c230-e3ee-5&quot;,&quot;tag&quot;:&quot;vc_media_grid&quot;}\" data-vc-request=\"https:\/\/dincarchitect.com\/wp-admin\/admin-ajax.php\" data-vc-post-id=\"14520\" data-vc-public-nonce=\"db103255f2\">\n\t\t\n\t<\/div>\n<\/div><\/div><\/div><\/div><div class=\"wpb_column vc_column_container vc_col-sm-6\"><div class=\"vc_column-inner vc_custom_1536840396834\"><div class=\"wpb_wrapper\"><span class=\"subtitle dash-true style-dark text-default\">DA Studio<\/span>\n\t<div class=\"wpb_text_column wpb_content_element\" >\n\t\t<div class=\"wpb_wrapper\">\n\t\t\t<h2>Duplicato<\/h2>\n\n\t\t<\/div>\n\t<\/div>\n\n\t<div class=\"wpb_text_column wpb_content_element\" >\n\t\t<div class=\"wpb_wrapper\">\n\t\t\t<h2>DUPLICAZIONI FEDELI<\/h2>\n<p>Offriamo un servizio speciale chiamato &quot;Duplicazioni fedeli&quot; in cui consentiamo un supplemento 50% su tutte le nostre tariffe di prospettiva 3D. Questo supplemento si applica ai progetti che richiedono la riproduzione meticolosa di numerose caratteristiche degli oggetti, come modelli, stili, trame, dimensioni, posizioni o colori. \u00c8 particolarmente vantaggioso per gli interior designer o i decoratori che mirano a ricreare un aspetto e una sensazione specifici in modo accurato.<\/p>\n<p>Con il nostro servizio di Duplicazioni Fedeli, ci assicuriamo che ogni aspetto del design desiderato sia replicato fedelmente, prestando attenzione anche ai pi\u00f9 piccoli dettagli. Ci\u00f2 consente ai nostri clienti di raggiungere un elevato livello di accuratezza e precisione nei loro progetti, ottenendo risultati sorprendenti e realistici.<\/p>\n<p>Che si tratti di ricreare un&#039;estetica particolare, abbinare elementi di design specifici o mantenere la coerenza in uno spazio, il nostro servizio di duplicazioni fedeli soddisfa le esigenze di coloro che cercano una replica meticolosa. Il nostro qualificato team di esperti \u00e8 dedicato a fornire risultati eccezionali che superano le aspettative dei nostri clienti.<\/p>\n\n\t\t<\/div>\n\t<\/div>\n<\/div><\/div><\/div><\/div><div data-vc-full-width=\"true\" data-vc-full-width-init=\"false\" class=\"vc_row wpb_row vc_row-fluid spaced vc_custom_1686586247876 vc_row-has-fill\"><div class=\"wpb_column vc_column_container vc_col-sm-12\"><div class=\"vc_column-inner\"><div class=\"wpb_wrapper\"><span class=\"subtitle dash-false style-dark text-center\">Come lavoriamo<\/span>\n\t<div class=\"wpb_text_column wpb_content_element\" >\n\t\t<div class=\"wpb_wrapper\">\n\t\t\t<h2 style=\"text-align: center;\"><span style=\"color: #e37218;\"><strong>Progetto efficiente <\/strong><\/span><strong>Flusso di lavoro per risultati eccezionali<\/strong><\/h2>\n\n\t\t<\/div>\n\t<\/div>\n<div class=\"dash style-dark centered\"><\/div><div class=\"vc_row wpb_row vc_inner vc_row-fluid vc_custom_1538383845636\"><div class=\"wpb_column vc_column_container vc_col-sm-3\"><div class=\"vc_column-inner\"><div class=\"wpb_wrapper\"><div class=\"number-box style-default spacing-30\"><div class=\"number-box-number\">01<\/div><div class=\"content-box\"><div class=\"content-box-info\"><h3>Invia tutti i documenti del progetto<\/h3><p class=\"number-box-content\">Si prega di inviarci tutti i documenti di progetto pertinenti per una revisione e un&#039;analisi approfondite.<\/p><\/div><\/div><\/div><\/div><\/div><\/div><div class=\"wpb_column vc_column_container vc_col-sm-3\"><div class=\"vc_column-inner\"><div class=\"wpb_wrapper\"><div class=\"number-box style-default spacing-30\"><div class=\"number-box-number\">02<\/div><div class=\"content-box\"><div class=\"content-box-info\"><h3>Valutazione del progetto veloce e gratuita<\/h3><p class=\"number-box-content\">Esamineremo attentamente il tuo progetto e ti forniremo una risposta tempestiva e gratuita.<\/p><\/div><\/div><\/div><\/div><\/div><\/div><div class=\"wpb_column vc_column_container vc_col-sm-3\"><div class=\"vc_column-inner\"><div class=\"wpb_wrapper\"><div class=\"number-box style-default spacing-30\"><div class=\"number-box-number\">03<\/div><div class=\"content-box\"><div class=\"content-box-info\"><h3>Consegna demo previa approvazione<\/h3><p class=\"number-box-content\">Dopo aver ricevuto la tua approvazione, inizieremo prontamente il progetto e ti invieremo una demo per la tua revisione.<\/p><\/div><\/div><\/div><\/div><\/div><\/div><div class=\"wpb_column vc_column_container vc_col-sm-3\"><div class=\"vc_column-inner\"><div class=\"wpb_wrapper\"><div class=\"number-box style-default spacing-30\"><div class=\"number-box-number\">04<\/div><div class=\"content-box\"><div class=\"content-box-info\"><h3>Pagamento e consegna finale<\/h3><p class=\"number-box-content\">Dopo la tua approvazione del progetto, effettua il pagamento e ricevi la versione finale dei risultati finali.<\/p><\/div><\/div><\/div><\/div><\/div><\/div><\/div><\/div><\/div><\/div><\/div><div class=\"vc_row-full-width vc_clearfix\"><\/div><div class=\"vc_row wpb_row vc_row-fluid vc_custom_1534242606416\"><div class=\"animate wpb_column vc_column_container vc_col-sm-12\"><div class=\"vc_column-inner\"><div class=\"wpb_wrapper\">\n\t<div class=\"wpb_text_column wpb_content_element  vc_custom_1686677450596\" >\n\t\t<div class=\"wpb_wrapper\">\n\t\t\t<h2 style=\"text-align: center;\"><span style=\"color: #e37218;\"><strong>I nostri altri servizi<\/strong><\/span><\/h2>\n\n\t\t<\/div>\n\t<\/div>\n<div class=\"dash style-dark centered\"><\/div>\n\t<div class=\"wpb_raw_code wpb_content_element wpb_raw_html\" >\n\t\t<div class=\"wpb_wrapper\">\n\t\t\t<!-- Birinci hizmet \u00f6\u011fesi -->\n<div id=\"hizmet1\" class=\"wpb_column vc_column_container vc_col-sm-3\">\n<div class=\"vc_column-inner\">\n<div class=\"wpb_wrapper\">\n<div class=\"content-box service-item alignment-default service-box-gray spacing-30\">\n<div class=\"image-container\">\n<div class=\"vertical-number-box\"><span class=\"vertical-number\">01<\/span><\/div>\n<div class=\"arrow-box\"><\/div>\n<img decoding=\"async\" src=\"https:\/\/dincarchitect.com\/wp-content\/uploads\/2023\/06\/dastudio-service-1.jpg\" alt=\"Architettura\" width=\"360\" height=\"500\" \/>\n\n<\/div>\n<div class=\"content-box-info\">\n<div class=\"box-heading-container\">\n<div class=\"box-heading\"><strong>Spazio semplice<\/strong><\/div>\n<div class=\"price-info-container\"><span class=\"price-info\" style=\"color: #e37218; font-size: 16px;\">49 \u20ac<\/span><\/div>\n<\/div>\n<div style=\"text-align: justify; margin-top: 10px;\">Da camera da letto, ufficio, ingresso, bagno standard, piccola vetrina...<\/div>\n<div class=\"content-description\"><\/div>\n<div class=\"btn-read-more\"><a style=\"color: #e37218;\" href=\"https:\/\/dincarchitect.com\/it\/spazio-semplice\/\">Saperne di pi\u00f9<\/a><\/div>\n<\/div>\n<\/div>\n<\/div>\n<\/div>\n<\/div>\n\n<!-- Alt\u0131nc\u0131 hizmet \u00f6\u011fesi -->\n<div class=\"wpb_column vc_column_container vc_col-sm-3\">\n<div class=\"vc_column-inner\">\n<div class=\"wpb_wrapper\">\n<div class=\"content-box service-item alignment-default service-box-gray spacing-30\">\n<div class=\"image-container\">\n<div class=\"vertical-number-box\"><span class=\"vertical-number\">06<\/span><\/div>\n<div class=\"arrow-box\"><\/div>\n<img decoding=\"async\" src=\"https:\/\/dincarchitect.com\/wp-content\/uploads\/2023\/06\/dastudio-service-6.jpg\" alt=\"Architettura\" width=\"360\" height=\"500\" \/>\n\n<\/div>\n<div class=\"content-box-info\">\n<div class=\"box-heading-container\">\n<div class=\"box-heading\"><strong>Edificio Collettivo<\/strong><\/div>\n<div class=\"price-info-container\"><span class=\"price-info\" style=\"color: #e37218; font-size: 16px;\">199 \u20ac<\/span><\/div>\n<\/div>\n<div style=\"text-align: justify; margin-top: 10px;\">\n\nAbitazioni, edifici commerciali, magazzini, ecc.\n\n<\/div>\n<div class=\"content-description\"><\/div>\n<div class=\"btn-read-more\"><a style=\"color: #e37218;\" href=\"https:\/\/dincarchitect.com\/it\/edificio-collettivo\/\">Saperne di pi\u00f9<\/a><\/div>\n<\/div>\n<\/div>\n<\/div>\n<\/div>\n<\/div>\n\n<!-- Yedinci hizmet \u00f6\u011fesi -->\n<div class=\"wpb_column vc_column_container vc_col-sm-3\">\n<div class=\"vc_column-inner\">\n<div class=\"wpb_wrapper\">\n<div class=\"content-box service-item alignment-default service-box-gray spacing-30\">\n<div class=\"image-container\">\n<div class=\"vertical-number-box\"><span class=\"vertical-number\">07<\/span><\/div>\n<div class=\"arrow-box\"><\/div>\n<img decoding=\"async\" src=\"https:\/\/dincarchitect.com\/wp-content\/uploads\/2023\/06\/dastudio-service-7.jpg\" alt=\"Architettura\" width=\"360\" height=\"500\" \/>\n\n<\/div>\n<div class=\"content-box-info\">\n<div class=\"box-heading-container\">\n<div class=\"box-heading\"><strong>Fotomontaggio<\/strong><\/div>\n<div class=\"price-info-container\"><span class=\"price-info\" style=\"color: #e37218; font-size: 16px;\">149 \u20ac<\/span><\/div>\n<\/div>\n<div style=\"text-align: justify; margin-top: 10px;\">\n\nCasa indipendente con o senza esterno...\n\n<\/div>\n<div class=\"content-description\"><\/div>\n<div class=\"btn-read-more\"><a style=\"color: #e37218;\" href=\"https:\/\/dincarchitect.com\/it\/fotomontaggio\/\">Saperne di pi\u00f9<\/a><\/div>\n<\/div>\n<\/div>\n<\/div>\n<\/div>\n<\/div>\n\n\n<!-- Dokuzuncu hizmet \u00f6\u011fesi -->\n<div class=\"wpb_column vc_column_container vc_col-sm-3\">\n<div class=\"vc_column-inner\">\n<div class=\"wpb_wrapper\">\n<div class=\"content-box service-item alignment-default service-box-gray spacing-30\">\n<div class=\"image-container\">\n<div class=\"vertical-number-box\"><span class=\"vertical-number\">09<\/span><\/div>\n<div class=\"arrow-box\"><\/div>\n<img decoding=\"async\" src=\"https:\/\/dincarchitect.com\/wp-content\/uploads\/2023\/06\/dastudio-service-9.jpg\" alt=\"Architettura\" width=\"360\" height=\"500\" \/>\n\n<\/div>\n<div class=\"content-box-info\">\n<div class=\"box-heading-container\">\n<div class=\"box-heading\"><strong>Pellicola 1<\/strong><\/div>\n<div class=\"price-info-container\"><span class=\"price-info\" style=\"color: #e37218; font-size: 16px;\">399 \u20ac<\/span><\/div>\n<\/div>\n<div style=\"text-align: justify; margin-top: 10px;\">\n\nConfezione da un film della durata inferiore a 1 minuto...\n\n<\/div>\n<div class=\"content-description\"><\/div>\n<div class=\"btn-read-more\"><a style=\"color: #e37218;\" href=\"https:\/\/dincarchitect.com\/it\/film-1-minuto\/\">Saperne di pi\u00f9<\/a><\/div>\n<\/div>\n<\/div>\n<\/div>\n<\/div>\n<\/div>\n\t\t<\/div>\n\t<\/div>\n<\/div><\/div><\/div><\/div>\n<\/section>","protected":false},"excerpt":{"rendered":"DA Studio Duplicat FAITHFUL DUPLICATIONS We offer a special service called \u201cFaithful Duplications\u201d where we allow a 50% surcharge on all our 3D perspective rates. This surcharge applies to projects that require the meticulous reproduction of numerous object characteristics, such as their models, styles, textures, sizes, locations, or colors. It is particularly beneficial for interior [...]","protected":false},"author":1,"featured_media":10877,"parent":0,"menu_order":0,"comment_status":"closed","ping_status":"closed","template":"","meta":{"footnotes":""},"acf":[],"_links":{"self":[{"href":"https:\/\/dincarchitect.com\/it\/wp-json\/wp\/v2\/pages\/14520"}],"collection":[{"href":"https:\/\/dincarchitect.com\/it\/wp-json\/wp\/v2\/pages"}],"about":[{"href":"https:\/\/dincarchitect.com\/it\/wp-json\/wp\/v2\/types\/page"}],"author":[{"embeddable":true,"href":"https:\/\/dincarchitect.com\/it\/wp-json\/wp\/v2\/users\/1"}],"replies":[{"embeddable":true,"href":"https:\/\/dincarchitect.com\/it\/wp-json\/wp\/v2\/comments?post=14520"}],"version-history":[{"count":0,"href":"https:\/\/dincarchitect.com\/it\/wp-json\/wp\/v2\/pages\/14520\/revisions"}],"wp:featuredmedia":[{"embeddable":true,"href":"https:\/\/dincarchitect.com\/it\/wp-json\/wp\/v2\/media\/10877"}],"wp:attachment":[{"href":"https:\/\/dincarchitect.com\/it\/wp-json\/wp\/v2\/media?parent=14520"}],"curies":[{"name":"wp","href":"https:\/\/api.w.org\/{rel}","templated":true}]}}