{"id":14208,"date":"2023-06-12T21:49:06","date_gmt":"2023-06-12T21:49:06","guid":{"rendered":"https:\/\/dincarchitect.com\/?page_id=14208"},"modified":"2023-06-12T21:53:53","modified_gmt":"2023-06-12T21:53:53","slug":"cookie-policy","status":"publish","type":"page","link":"https:\/\/dincarchitect.com\/it\/gestione-dei-cookie\/","title":{"rendered":"Gestione dei Cookie"},"content":{"rendered":"<section class=\"wpb-content-wrapper\"><div class=\"vc_row wpb_row vc_row-fluid vc_custom_1686439582595\"><div class=\"wpb_column vc_column_container vc_col-sm-12\"><div class=\"vc_column-inner\"><div class=\"wpb_wrapper\"><span class=\"subtitle dash-true style-dark text-default\">dincarchitect.com<\/span>\n\t<div class=\"wpb_text_column wpb_content_element\" >\n\t\t<div class=\"wpb_wrapper\">\n\t\t\t<h2 style=\"text-align: center;\">Gestione dei Cookie<\/h2>\n\n\t\t<\/div>\n\t<\/div>\n<\/div><\/div><\/div><\/div><div class=\"vc_row wpb_row vc_row-fluid vc_custom_1686439565266\"><div class=\"wpb_column vc_column_container vc_col-sm-12\"><div class=\"vc_column-inner\"><div class=\"wpb_wrapper\">\n\t<div class=\"wpb_text_column wpb_content_element\" >\n\t\t<div class=\"wpb_wrapper\">\n\t\t\t<p><strong>GESTIONE DEI COOKIE<\/strong><\/p>\n<p>La presente Cookie Policy (\u201cPolicy\u201d) si applica al sito web https:\/\/dincarchitect.com\/ (\u201cSito\u201d) gestito da DA Studio (\u201cSociet\u00e0\u201d). Questa politica spiega come la Societ\u00e0 utilizza i cookie e tecnologie simili per raccogliere e archiviare informazioni quando si visita il sito web.<\/p>\n<p><strong>1. Cosa sono i cookie?<\/strong><\/p>\n<p>I cookie sono piccoli file di testo che vengono depositati sul tuo dispositivo (computer, smartphone, tablet) quando visiti un sito web. Aiutano la Societ\u00e0 a migliorare la funzionalit\u00e0 e l&#039;esperienza utente del sito web. I cookie possono raccogliere e memorizzare informazioni sul tuo dispositivo e sulle attivit\u00e0 di navigazione.<\/p>\n<p><strong>2. Tipi di cookie utilizzati<\/strong><\/p>\n<p>La Societ\u00e0 utilizza sul Sito le seguenti tipologie di cookie:<\/p>\n<p>Cookie strettamente necessari: questi cookie sono essenziali per il funzionamento del sito Web e consentono di navigare e utilizzare le sue funzionalit\u00e0.<\/p>\n<p>Performance Cookies: questi cookie raccolgono informazioni anonime su come i visitatori utilizzano il sito Web, come il numero di visitatori, le pagine visitate e la fonte del traffico. Queste informazioni aiutano la Societ\u00e0 a migliorare le prestazioni del sito web.<\/p>\n<p>Cookie di funzionalit\u00e0: questi cookie consentono al sito Web di ricordare le tue preferenze e fornire funzionalit\u00e0 avanzate, come impostazioni personalizzate e preferenze salvate.<\/p>\n<p><strong>3. Cookie di terze parti<\/strong><\/p>\n<p>La Societ\u00e0 pu\u00f2 anche consentire a fornitori di servizi di terze parti di inserire cookie sul sito Web per eseguire analisi, fornire pubblicit\u00e0 e offrire funzionalit\u00e0 aggiuntive. Queste terze parti hanno le proprie politiche sulla privacy e la Societ\u00e0 non ha il controllo sui loro cookie. Si consiglia di rivedere le rispettive politiche sulla privacy di queste terze parti.<\/p>\n<p><strong>4. Gestione dei cookie<\/strong><\/p>\n<p>Utilizzando il sito Web, acconsenti all&#039;uso dei cookie come descritto nella presente Informativa. Hai la possibilit\u00e0 di gestire o disabilitare i cookie attraverso le impostazioni del tuo browser. Tuttavia, tieni presente che la disabilitazione di alcuni cookie pu\u00f2 influire sulla funzionalit\u00e0 e sull&#039;esperienza dell&#039;utente del sito web.<\/p>\n<p><strong>5. Informazioni di contatto<\/strong><\/p>\n<p>In caso di domande o dubbi in merito alla presente Informativa sui cookie o all&#039;utilizzo dei cookie da parte della Societ\u00e0, si prega di contattarci all&#039;indirizzo:<\/p>\n<p>E-mail: <a href=\"mailto:info@dincarchitect.com\">info@dincarchitect.com<\/a><br \/>\nTelefono: <a href=\"tel: 33761122801\">+33 7 61 12 28 01<\/a><\/p>\n<p><strong>6. Modifiche alla Politica<\/strong><\/p>\n<p>La Societ\u00e0 pu\u00f2 aggiornare la presente Cookie Policy di volta in volta. Eventuali modifiche verranno pubblicate sul sito Web e l&#039;uso continuato del sito Web dopo la pubblicazione di eventuali modifiche costituisce l&#039;accettazione di tali modifiche.<\/p>\n\n\t\t<\/div>\n\t<\/div>\n<\/div><\/div><\/div><\/div>\n<\/section>","protected":false},"excerpt":{"rendered":"dincarchitect.com Cookie Policy COOKIE POLICY La presente Cookie Policy (&quot;Policy&quot;) si applica al sito web https:\/\/dincarchitect.com\/ (&quot;Sito Web&quot;) gestito da DA Studio (&quot;Societ\u00e0&quot;). La presente Politica spiega come la Societ\u00e0 utilizza cookie e tecnologie simili per raccogliere e archiviare informazioni quando visiti il sito web. 1. Cosa sono i cookie? I cookie sono piccoli file di testo che vengono depositati [...]","protected":false},"author":1,"featured_media":0,"parent":0,"menu_order":0,"comment_status":"closed","ping_status":"closed","template":"","meta":{"footnotes":""},"acf":[],"_links":{"self":[{"href":"https:\/\/dincarchitect.com\/it\/wp-json\/wp\/v2\/pages\/14208"}],"collection":[{"href":"https:\/\/dincarchitect.com\/it\/wp-json\/wp\/v2\/pages"}],"about":[{"href":"https:\/\/dincarchitect.com\/it\/wp-json\/wp\/v2\/types\/page"}],"author":[{"embeddable":true,"href":"https:\/\/dincarchitect.com\/it\/wp-json\/wp\/v2\/users\/1"}],"replies":[{"embeddable":true,"href":"https:\/\/dincarchitect.com\/it\/wp-json\/wp\/v2\/comments?post=14208"}],"version-history":[{"count":0,"href":"https:\/\/dincarchitect.com\/it\/wp-json\/wp\/v2\/pages\/14208\/revisions"}],"wp:attachment":[{"href":"https:\/\/dincarchitect.com\/it\/wp-json\/wp\/v2\/media?parent=14208"}],"curies":[{"name":"wp","href":"https:\/\/api.w.org\/{rel}","templated":true}]}}