{"id":14204,"date":"2023-06-12T21:38:01","date_gmt":"2023-06-12T21:38:01","guid":{"rendered":"https:\/\/dincarchitect.com\/?page_id=14204"},"modified":"2023-06-12T21:43:08","modified_gmt":"2023-06-12T21:43:08","slug":"data-security","status":"publish","type":"page","link":"https:\/\/dincarchitect.com\/it\/la-sicurezza-dei-dati\/","title":{"rendered":"La sicurezza dei dati"},"content":{"rendered":"<section class=\"wpb-content-wrapper\"><div class=\"vc_row wpb_row vc_row-fluid vc_custom_1686439582595\"><div class=\"wpb_column vc_column_container vc_col-sm-12\"><div class=\"vc_column-inner\"><div class=\"wpb_wrapper\"><span class=\"subtitle dash-true style-dark text-default\">dincarchitect.com<\/span>\n\t<div class=\"wpb_text_column wpb_content_element\" >\n\t\t<div class=\"wpb_wrapper\">\n\t\t\t<h2 style=\"text-align: center;\">La sicurezza dei dati<\/h2>\n\n\t\t<\/div>\n\t<\/div>\n<\/div><\/div><\/div><\/div><div class=\"vc_row wpb_row vc_row-fluid vc_custom_1686439565266\"><div class=\"wpb_column vc_column_container vc_col-sm-12\"><div class=\"vc_column-inner\"><div class=\"wpb_wrapper\">\n\t<div class=\"wpb_text_column wpb_content_element\" >\n\t\t<div class=\"wpb_wrapper\">\n\t\t\t<p><strong>ACCORDO SULLA SICUREZZA DEI DATI<\/strong><\/p>\n<p>Il presente Accordo sulla sicurezza dei dati (&quot;Accordo&quot;) \u00e8 stipulato tra DA Studio, di seguito denominata &quot;Azienda&quot;, e gli utenti del sito Web <a href=\"https:\/\/dincarchitect.com\/it\/\" target=\"_new\" rel=\"noopener\">https:\/\/dincarchitect.com\/<\/a> (&quot;Utenti&quot;), collettivamente denominate le &quot;Parti&quot;.<\/p>\n<p><strong>1. Finalit\u00e0 e ambito di applicazione<\/strong><\/p>\n<p>Lo scopo del presente Accordo \u00e8 stabilire i termini e le condizioni per garantire la sicurezza e la protezione dei dati degli Utenti raccolti e trattati dalla Societ\u00e0. Il presente Accordo si applica a tutti i dati raccolti attraverso il sito Web e i servizi associati forniti dalla Societ\u00e0.<\/p>\n<p><strong>2. Raccolta ed elaborazione dei dati<\/strong><\/p>\n<p>La Societ\u00e0 raccoglier\u00e0 e tratter\u00e0 i dati degli Utenti esclusivamente allo scopo di fornire i servizi richiesti e migliorare l&#039;esperienza dell&#039;utente. I tipi di dati raccolti possono includere informazioni personali, dettagli di contatto e altri dati rilevanti necessari per la fornitura di servizi.<\/p>\n<p><strong>3. Misure di sicurezza dei dati<\/strong><\/p>\n<p>La Societ\u00e0 mette in atto adeguate misure tecniche e organizzative per garantire la sicurezza e la riservatezza dei dati degli Utenti. Queste misure possono includere, a titolo esemplificativo ma non esaustivo, crittografia, controlli degli accessi, firewall, backup regolari dei dati e formazione dei dipendenti sulla protezione dei dati.<\/p>\n<p><strong>4. Utilizzo e divulgazione dei dati<\/strong><\/p>\n<p>La Societ\u00e0 utilizzer\u00e0 i dati degli Utenti esclusivamente per gli scopi indicati nel presente Accordo e non divulgher\u00e0, vender\u00e0 o trasferir\u00e0 tali dati a terzi senza il consenso esplicito degli Utenti, ad eccezione di quanto richiesto dalle leggi e dai regolamenti applicabili o in risposta a richieste legali.<\/p>\n<p><strong>5. Diritti dell&#039;utente<\/strong><\/p>\n<p>Gli utenti hanno il diritto di accedere, rettificare ed eliminare i propri dati personali detenuti dalla Societ\u00e0. Gli utenti possono esercitare tali diritti contattando la Societ\u00e0 tramite l&#039;indirizzo di posta elettronica o il numero di telefono forniti. La Societ\u00e0 risponder\u00e0 prontamente a tali richieste in conformit\u00e0 con le leggi sulla protezione dei dati applicabili.<\/p>\n<p><strong>6. Notifica di violazione dei dati<\/strong><\/p>\n<p>In caso di violazione dei dati che possa comportare l&#039;accesso non autorizzato, la perdita o la divulgazione dei dati degli Utenti, la Societ\u00e0 informer\u00e0 tempestivamente gli Utenti interessati in conformit\u00e0 con i requisiti legali applicabili. La Societ\u00e0 intraprender\u00e0 tutte le azioni necessarie per mitigare l&#039;impatto della violazione dei dati e prevenire eventi futuri.<\/p>\n<p><strong>7. Legge applicabile e giurisdizione<\/strong><\/p>\n<p>Il presente Accordo sar\u00e0 regolato e interpretato in conformit\u00e0 con le leggi della giurisdizione in cui ha sede DA Studio. Eventuali controversie derivanti da o relative al presente Contratto saranno soggette alla giurisdizione esclusiva dei tribunali di tale giurisdizione.<\/p>\n<p><strong>8. Intero accordo<\/strong><\/p>\n<p>Il presente Accordo costituisce l&#039;intero accordo tra le Parti in merito all&#039;oggetto del presente documento e sostituisce qualsiasi accordo o intesa precedente, sia scritto che verbale, relativo a tale oggetto.<\/p>\n<p>Accedendo e utilizzando il sito Web, gli Utenti indicano la loro accettazione dei termini e delle condizioni stabilite nel presente Accordo sulla sicurezza dei dati.<\/p>\n\n\t\t<\/div>\n\t<\/div>\n<\/div><\/div><\/div><\/div>\n<\/section>","protected":false},"excerpt":{"rendered":"dincarchitect.com Sicurezza dei dati ACCORDO SULLA SICUREZZA DEI DATI Il presente Accordo sulla Sicurezza dei Dati (&quot;Contratto&quot;) \u00e8 stipulato tra DA Studio, di seguito denominata &quot;Societ\u00e0&quot;, e gli utenti del sito web https:\/\/dincarchitect.com\/ (&quot;Utenti&quot; ), collettivamente denominate le \u201cParti\u201d. 1. Scopo e ambito Lo scopo del presente Accordo \u00e8 stabilire i termini e le condizioni per garantire [...]","protected":false},"author":1,"featured_media":0,"parent":0,"menu_order":0,"comment_status":"closed","ping_status":"closed","template":"","meta":{"footnotes":""},"acf":[],"_links":{"self":[{"href":"https:\/\/dincarchitect.com\/it\/wp-json\/wp\/v2\/pages\/14204"}],"collection":[{"href":"https:\/\/dincarchitect.com\/it\/wp-json\/wp\/v2\/pages"}],"about":[{"href":"https:\/\/dincarchitect.com\/it\/wp-json\/wp\/v2\/types\/page"}],"author":[{"embeddable":true,"href":"https:\/\/dincarchitect.com\/it\/wp-json\/wp\/v2\/users\/1"}],"replies":[{"embeddable":true,"href":"https:\/\/dincarchitect.com\/it\/wp-json\/wp\/v2\/comments?post=14204"}],"version-history":[{"count":0,"href":"https:\/\/dincarchitect.com\/it\/wp-json\/wp\/v2\/pages\/14204\/revisions"}],"wp:attachment":[{"href":"https:\/\/dincarchitect.com\/it\/wp-json\/wp\/v2\/media?parent=14204"}],"curies":[{"name":"wp","href":"https:\/\/api.w.org\/{rel}","templated":true}]}}