{"id":14012,"date":"2023-06-12T00:00:15","date_gmt":"2023-06-12T00:00:15","guid":{"rendered":"https:\/\/dincarchitect.com\/?page_id=14012"},"modified":"2023-09-01T13:35:15","modified_gmt":"2023-09-01T13:35:15","slug":"contractor","status":"publish","type":"page","link":"https:\/\/dincarchitect.com\/it\/contraente\/","title":{"rendered":"Contraente"},"content":{"rendered":"<section class=\"wpb-content-wrapper\"><div class=\"vc_row wpb_row vc_row-fluid vc_custom_1537429109529\"><div class=\"wpb_column vc_column_container vc_col-sm-6\"><div class=\"vc_column-inner\"><div class=\"wpb_wrapper\">\n<div class=\"vc_grid-container-wrapper vc_clearfix vc_grid-animation-fadeIn\">\n\t<div class=\"vc_grid-container vc_clearfix wpb_content_element vc_media_grid\" data-initial-loading-animation=\"fadeIn\" data-vc-grid-settings=\"{&quot;page_id&quot;:14012,&quot;style&quot;:&quot;all&quot;,&quot;action&quot;:&quot;vc_get_vc_grid_data&quot;,&quot;shortcode_id&quot;:&quot;1693575246557-76863fc1-082f-6&quot;,&quot;tag&quot;:&quot;vc_media_grid&quot;}\" data-vc-request=\"https:\/\/dincarchitect.com\/wp-admin\/admin-ajax.php\" data-vc-post-id=\"14012\" data-vc-public-nonce=\"6178c9443a\">\n\t\t\n\t<\/div>\n<\/div><\/div><\/div><\/div><div class=\"wpb_column vc_column_container vc_col-sm-6\"><div class=\"vc_column-inner vc_custom_1536840396834\"><div class=\"wpb_wrapper\"><span class=\"subtitle dash-true style-dark text-default\">DA Studio<\/span>\n\t<div class=\"wpb_text_column wpb_content_element\" >\n\t\t<div class=\"wpb_wrapper\">\n\t\t\t<h2>Contraente<\/h2>\n\n\t\t<\/div>\n\t<\/div>\n\n\t<div class=\"wpb_text_column wpb_content_element\" >\n\t\t<div class=\"wpb_wrapper\">\n\t\t\t<p style=\"text-align: justify;\">La collaborazione \u00e8 al centro del nostro processo. Lavoriamo a stretto contatto con clienti, architetti e altre parti interessate per garantire una perfetta integrazione di design e funzionalit\u00e0. Dall&#039;inizio al completamento del progetto, diamo la priorit\u00e0 alla comunicazione aperta, alla trasparenza e all&#039;esecuzione tempestiva.<\/p>\n<p style=\"text-align: justify;\">L&#039;artigianato di qualit\u00e0 \u00e8 il nostro segno distintivo. Il nostro team di professionisti qualificati porta competenza e attenzione ai dettagli in ogni aspetto del progetto. Che si tratti di edilizia residenziale, commerciale o industriale, ci impegniamo a fornire una lavorazione eccezionale che resista alla prova del tempo.<\/p>\n<p style=\"text-align: justify;\">Al centro del nostro servizio c&#039;\u00e8 la soddisfazione del cliente. Ci sforziamo di superare le aspettative consegnando i progetti in tempo, nel rispetto del budget e secondo i pi\u00f9 elevati standard di qualit\u00e0. La nostra dedizione alle esigenze dei clienti, unita alle nostre soluzioni innovative, ci ha fatto guadagnare una reputazione di eccellenza nel settore.<\/p>\n\n\t\t<\/div>\n\t<\/div>\n<\/div><\/div><\/div><\/div><div class=\"vc_row wpb_row vc_row-fluid mobile-pad-0 vc_custom_1686573740205 vc_row-o-equal-height vc_row-o-content-middle vc_row-flex\"><div class=\"wpb_column vc_column_container vc_col-sm-4\"><div class=\"vc_column-inner\"><div class=\"wpb_wrapper\"><div class=\"vc_row wpb_row vc_inner vc_row-fluid overlap-right\"><div class=\"shadow-box wpb_column vc_column_container vc_col-sm-12\"><div class=\"vc_column-inner\"><div class=\"wpb_wrapper\"><span class=\"subtitle dash-true style-dark text-default\">Scatena la tua immaginazione<\/span><div class=\"divider-light\"><\/div>\n\t<div class=\"wpb_text_column wpb_content_element\" >\n\t\t<div class=\"wpb_wrapper\">\n\t\t\t<div style=\"text-align: justify;\">\n<p>Eccelliamo nella gestione di ogni dettaglio per valorizzare i tuoi progetti. Con la nostra esperienza nella visualizzazione architettonica, offriamo diversi stili e presentazioni su misura per le vostre esigenze. Il nostro team dedicato offre risultati eccezionali che superano le aspettative. Mostra progetti residenziali, commerciali o industriali con soluzioni innovative. Affidati a noi per trasformare le idee in immagini straordinarie, potenziando una comunicazione efficace. Lascia che la tua immaginazione voli con la nostra impareggiabile esperienza.<\/p>\n<\/div>\n\n\t\t<\/div>\n\t<\/div>\n<a href=\"https:\/\/dincarchitect.com\/it\/projects\/\" class=\"btn btn-primary arrow-right\"><span>Visualizza i progetti<\/span><\/a><\/div><\/div><\/div><\/div><\/div><\/div><\/div><div class=\"wpb_column vc_column_container vc_col-sm-8\"><div class=\"vc_column-inner\"><div class=\"wpb_wrapper\">\n\t<div  class=\"wpb_single_image wpb_content_element vc_align_left  vc_custom_1687236195994\">\n\t\t\n\t\t<figure class=\"wpb_wrapper vc_figure\">\n\t\t\t<a href=\"https:\/\/dincarchitect.com\/wp-content\/uploads\/2023\/06\/villa-no13-2-1024x576.jpg\" target=\"_self\" class=\"vc_single_image-wrapper   vc_box_border_grey\"><img decoding=\"async\" width=\"1920\" height=\"1080\" src=\"https:\/\/dincarchitect.com\/wp-content\/uploads\/2023\/06\/villa-no13-2.jpg\" class=\"vc_single_image-img attachment-full\" alt=\"\" title=\"villa-n.13-2\" srcset=\"https:\/\/dincarchitect.com\/wp-content\/uploads\/2023\/06\/villa-no13-2.jpg 1920w, https:\/\/dincarchitect.com\/wp-content\/uploads\/2023\/06\/villa-no13-2-1024x576.jpg 1024w, https:\/\/dincarchitect.com\/wp-content\/uploads\/2023\/06\/villa-no13-2-768x432.jpg 768w, https:\/\/dincarchitect.com\/wp-content\/uploads\/2023\/06\/villa-no13-2-1536x864.jpg 1536w, https:\/\/dincarchitect.com\/wp-content\/uploads\/2023\/06\/villa-no13-2-18x10.jpg 18w\" sizes=\"(max-width: 1920px) 100vw, 1920px\" \/><\/a>\n\t\t<\/figure>\n\t<\/div>\n<\/div><\/div><\/div><\/div><div class=\"vc_row wpb_row vc_row-fluid mobile-pad-0 vc_custom_1686573751356 vc_row-o-equal-height vc_row-o-content-middle vc_row-flex\"><div class=\"wpb_column vc_column_container vc_col-sm-8 vc_hidden-sm vc_hidden-xs\"><div class=\"vc_column-inner\"><div class=\"wpb_wrapper\">\n\t<div  class=\"wpb_single_image wpb_content_element vc_align_left  vc_custom_1687236167675\">\n\t\t\n\t\t<figure class=\"wpb_wrapper vc_figure\">\n\t\t\t<a href=\"https:\/\/dincarchitect.com\/wp-content\/uploads\/2023\/06\/yutz-1-1-1024x576.jpg\" target=\"_self\" class=\"vc_single_image-wrapper   vc_box_border_grey\"><img decoding=\"async\" width=\"1920\" height=\"1080\" src=\"https:\/\/dincarchitect.com\/wp-content\/uploads\/2023\/06\/yutz-1-1.jpg\" class=\"vc_single_image-img attachment-full\" alt=\"\" title=\"soggiorno dastudio\" srcset=\"https:\/\/dincarchitect.com\/wp-content\/uploads\/2023\/06\/yutz-1-1.jpg 1920w, https:\/\/dincarchitect.com\/wp-content\/uploads\/2023\/06\/yutz-1-1-1024x576.jpg 1024w, https:\/\/dincarchitect.com\/wp-content\/uploads\/2023\/06\/yutz-1-1-768x432.jpg 768w, https:\/\/dincarchitect.com\/wp-content\/uploads\/2023\/06\/yutz-1-1-1536x864.jpg 1536w, https:\/\/dincarchitect.com\/wp-content\/uploads\/2023\/06\/yutz-1-1-18x10.jpg 18w\" sizes=\"(max-width: 1920px) 100vw, 1920px\" \/><\/a>\n\t\t<\/figure>\n\t<\/div>\n<\/div><\/div><\/div><div class=\"wpb_column vc_column_container vc_col-sm-4\"><div class=\"vc_column-inner\"><div class=\"wpb_wrapper\"><div class=\"vc_row wpb_row vc_inner vc_row-fluid overlap-left\"><div class=\"shadow-box wpb_column vc_column_container vc_col-sm-12\"><div class=\"vc_column-inner\"><div class=\"wpb_wrapper\"><span class=\"subtitle dash-true style-dark text-default\">Ci prendiamo cura di tutti<\/span><div class=\"divider-light\"><\/div>\n\t<div class=\"wpb_text_column wpb_content_element\" >\n\t\t<div class=\"wpb_wrapper\">\n\t\t\t<div style=\"text-align: justify;\">\n<p>Maggiore efficienza: i nostri servizi di visualizzazione architettonica ottimizzano il tempo, lo sforzo e le risorse necessari per la progettazione visiva, consentendo al nostro team di concentrarsi maggiormente sulla progettazione funzionale e sugli aspetti di pianificazione del progetto. Ci\u00f2 si traduce in una maggiore produttivit\u00e0 e una maggiore enfasi sulla fornitura di risultati eccezionali.<\/p>\n<\/div>\n\n\t\t<\/div>\n\t<\/div>\n<a href=\"https:\/\/dincarchitect.com\/it\/projects\/\" class=\"btn btn-primary arrow-right\"><span>Visualizza i progetti<\/span><\/a><\/div><\/div><\/div><\/div><\/div><\/div><\/div><\/div><div class=\"vc_row wpb_row vc_row-fluid mobile-pad-0 vc_custom_1686573758340 vc_row-o-equal-height vc_row-o-content-middle vc_row-flex\"><div class=\"wpb_column vc_column_container vc_col-sm-4\"><div class=\"vc_column-inner\"><div class=\"wpb_wrapper\"><div class=\"vc_row wpb_row vc_inner vc_row-fluid overlap-right\"><div class=\"shadow-box wpb_column vc_column_container vc_col-sm-12\"><div class=\"vc_column-inner\"><div class=\"wpb_wrapper\"><span class=\"subtitle dash-true style-dark text-default\">Eleva la qualit\u00e0 dei tuoi servizi<\/span><div class=\"divider-light\"><\/div>\n\t<div class=\"wpb_text_column wpb_content_element\" >\n\t\t<div class=\"wpb_wrapper\">\n\t\t\t<div style=\"text-align: justify;\">\n<p>Con il nostro approccio orientato alla qualit\u00e0, i nostri team possono esprimere efficacemente le loro intenzioni e progetti ai clienti, accelerando l&#039;approvazione dei progetti. Ci\u00f2 garantisce un processo di collaborazione senza soluzione di continuit\u00e0 e migliora la qualit\u00e0 complessiva dei nostri servizi.<\/p>\n<\/div>\n\n\t\t<\/div>\n\t<\/div>\n<a href=\"https:\/\/dincarchitect.com\/it\/projects\/\" class=\"btn btn-primary arrow-right\"><span>Visualizza i progetti<\/span><\/a><\/div><\/div><\/div><\/div><\/div><\/div><\/div><div class=\"wpb_column vc_column_container vc_col-sm-8\"><div class=\"vc_column-inner\"><div class=\"wpb_wrapper\">\n\t<div  class=\"wpb_single_image wpb_content_element vc_align_left  vc_custom_1687236233759\">\n\t\t\n\t\t<figure class=\"wpb_wrapper vc_figure\">\n\t\t\t<a href=\"https:\/\/dincarchitect.com\/wp-content\/uploads\/2023\/06\/shop1-1024x576.jpg\" target=\"_self\" class=\"vc_single_image-wrapper   vc_box_border_grey\"><img decoding=\"async\" width=\"1920\" height=\"1080\" src=\"https:\/\/dincarchitect.com\/wp-content\/uploads\/2023\/06\/shop1.jpg\" class=\"vc_single_image-img attachment-full\" alt=\"\" title=\"aumetz-1\" srcset=\"https:\/\/dincarchitect.com\/wp-content\/uploads\/2023\/06\/shop1.jpg 1920w, https:\/\/dincarchitect.com\/wp-content\/uploads\/2023\/06\/shop1-1024x576.jpg 1024w, https:\/\/dincarchitect.com\/wp-content\/uploads\/2023\/06\/shop1-768x432.jpg 768w, https:\/\/dincarchitect.com\/wp-content\/uploads\/2023\/06\/shop1-1536x864.jpg 1536w, https:\/\/dincarchitect.com\/wp-content\/uploads\/2023\/06\/shop1-18x10.jpg 18w\" sizes=\"(max-width: 1920px) 100vw, 1920px\" \/><\/a>\n\t\t<\/figure>\n\t<\/div>\n<\/div><\/div><\/div><\/div><div class=\"vc_row wpb_row vc_row-fluid\"><div class=\"wpb_column vc_column_container vc_col-sm-12\"><div class=\"vc_column-inner\"><div class=\"wpb_wrapper\">\n\t<div class=\"wpb_text_column wpb_content_element\" >\n\t\t<div class=\"wpb_wrapper\">\n\t\t\t<h2 style=\"text-align: center;\">Le nostre offerte \ud83c\udfc6<\/h2>\n\n\t\t<\/div>\n\t<\/div>\n\n\t<div class=\"wpb_text_column wpb_content_element  vc_custom_1686532145824\" >\n\t\t<div class=\"wpb_wrapper\">\n\t\t\t<h3 style=\"text-align: center;\"><em><strong>Vi garantiamo le offerte pi\u00f9 competitive del mercato<\/strong><\/em><\/h3>\n\n\t\t<\/div>\n\t<\/div>\n\n\t<div class=\"wpb_raw_code wpb_content_element wpb_raw_html vc_custom_1686527691361\" >\n\t\t<div class=\"wpb_wrapper\">\n\t\t\t<div id=\"rpt_pricr\" class=\"rpt_plans rpt_3_plans rpt_style_basic\"><div class=\"\"><div class=\"rpt_plan  rpt_plugin_f rpt_plan_0\"><div style=\"text-align:center;\" class=\"rpt_title rpt_title_0\">Pacchetto iniziale \ud83c\udfaf<\/div><div class=\"rpt_head rpt_head_0\"><div class=\"rpt_recurrence rpt_recurrence_0\">invece di <del> 450 \u20ac <\/del><\/div><div class=\"rpt_price rpt_price_0\">390\u20ac<\/div><div style=\"color:#f48200;\" class=\"rpt_subtitle rpt_subtitle_0\">Indipendentemente dalla complessit\u00e0 o dalla metratura.<\/div><\/div><div class=\"rpt_features rpt_features_0\"><div style=\"color:black;\" class=\"rpt_feature rpt_feature_0-0\"><strong>3<\/strong> Prospettive 3D interni\/esterni\r<\/div><div style=\"color:black;\" class=\"rpt_feature rpt_feature_0-1\">\u2713 Qualit\u00e0 4K \r<\/div><div style=\"color:black;\" class=\"rpt_feature rpt_feature_0-2\">\u2713 Revisione gratuita*\r<\/div><div style=\"color:black;\" class=\"rpt_feature rpt_feature_0-3\">\u2713 Correzione Fino alla vostra soddisfazione\r<\/div><div style=\"color:black;\" class=\"rpt_feature rpt_feature_0-4\">\u2713 Layout con il tuo logo e i dettagli di contatto\r<\/div><div style=\"color:black;\" class=\"rpt_feature rpt_feature_0-5\">\u2713 Assistenza clienti 24 ore su 24, 7 giorni su 7<\/div><\/div><a target=\"_self\" href=\"https:\/\/wa.me\/33761122801\" style=\"background:#f48200\" class=\"rpt_foot rpt_foot_0\" rel=\"noopener\">CONTATTO<\/a><\/div><div class=\"rpt_plan  rpt_plugin_f rpt_plan_1\"><div style=\"text-align:center;\" class=\"rpt_title rpt_title_1\">Pacchetto Premium \ud83d\ude80<\/div><div class=\"rpt_head rpt_head_1\"><div class=\"rpt_recurrence rpt_recurrence_1\">invece di <del> 900 \u20ac <\/del><\/div><div class=\"rpt_price rpt_price_1\">690\u20ac<\/div><div style=\"color:#f48200;\" class=\"rpt_subtitle rpt_subtitle_1\">Indipendentemente dalla complessit\u00e0 o dalla metratura.<\/div><\/div><div class=\"rpt_features rpt_features_1\"><div style=\"color:black;\" class=\"rpt_feature rpt_feature_1-0\"><strong>6<\/strong> Prospettive 3D interni\/esterni\r<\/div><div style=\"color:black;\" class=\"rpt_feature rpt_feature_1-1\">\u2713 Qualit\u00e0 4K \r<\/div><div style=\"color:black;\" class=\"rpt_feature rpt_feature_1-2\">\u2713 Revisione gratuita*\r<\/div><div style=\"color:black;\" class=\"rpt_feature rpt_feature_1-3\">\u2713 Correzione Fino alla vostra soddisfazione\r<\/div><div style=\"color:black;\" class=\"rpt_feature rpt_feature_1-4\">\u2713 Layout con il tuo logo e i dettagli di contatto\r<\/div><div style=\"color:black;\" class=\"rpt_feature rpt_feature_1-5\">\u2713 Assistenza clienti 24 ore su 24, 7 giorni su 7<\/div><\/div><a target=\"_self\" href=\"https:\/\/wa.me\/33761122801\" style=\"background:#f48200\" class=\"rpt_foot rpt_foot_1\" rel=\"noopener\">CONTATTO<\/a><\/div><div class=\"rpt_plan  rpt_plugin_f rpt_plan_2  #e37218\"><div style=\"text-align:center;\" class=\"rpt_title rpt_title_2\">Pacchetto Pro \ud83c\udf1f<\/div><div class=\"rpt_head rpt_head_2\"><div class=\"rpt_recurrence rpt_recurrence_2\">invece di <del> 1490 \u20ac <\/del><\/div><div class=\"rpt_price rpt_price_2\">990\u20ac<\/div><div style=\"color:#f48200;\" class=\"rpt_subtitle rpt_subtitle_2\">Indipendentemente dalla complessit\u00e0 o dalla metratura.<\/div><\/div><div class=\"rpt_features rpt_features_2\"><div style=\"color:black;\" class=\"rpt_feature rpt_feature_2-0\"><strong>10<\/strong> Prospettive 3D interni\/esterni\r<\/div><div style=\"color:black;\" class=\"rpt_feature rpt_feature_2-1\">\u2713 Qualit\u00e0 4K \r<\/div><div style=\"color:black;\" class=\"rpt_feature rpt_feature_2-2\">\u2713 Revisione gratuita*\r<\/div><div style=\"color:black;\" class=\"rpt_feature rpt_feature_2-3\">\u2713 Correzione Fino alla vostra soddisfazione\r<\/div><div style=\"color:black;\" class=\"rpt_feature rpt_feature_2-4\">\u2713 Layout con il tuo logo e i dettagli di contatto\r<\/div><div style=\"color:black;\" class=\"rpt_feature rpt_feature_2-5\">\u2713 Assistenza clienti 24 ore su 24, 7 giorni su 7<\/div><\/div><a target=\"_self\" href=\"https:\/\/wa.me\/33761122801\" style=\"background:#f48200\" class=\"rpt_foot rpt_foot_2\" rel=\"noopener\">WhatsApp<\/a><\/div><\/div><\/div><div style=\"clear:both;\"><\/div>\n\t\t<\/div>\n\t<\/div>\n<p class=\"text-right\"><a href=\"https:\/\/dincarchitect.com\/it\/architetto\/\" class=\"btn btn-primary arrow-right\"><span>Vedi i pacchetti di abbonamento<\/span><\/a><\/p><\/div><\/div><\/div><\/div>\n<\/section>","protected":false},"excerpt":{"rendered":"","protected":false},"author":1,"featured_media":10877,"parent":0,"menu_order":0,"comment_status":"closed","ping_status":"closed","template":"","meta":{"footnotes":""},"acf":[],"_links":{"self":[{"href":"https:\/\/dincarchitect.com\/it\/wp-json\/wp\/v2\/pages\/14012"}],"collection":[{"href":"https:\/\/dincarchitect.com\/it\/wp-json\/wp\/v2\/pages"}],"about":[{"href":"https:\/\/dincarchitect.com\/it\/wp-json\/wp\/v2\/types\/page"}],"author":[{"embeddable":true,"href":"https:\/\/dincarchitect.com\/it\/wp-json\/wp\/v2\/users\/1"}],"replies":[{"embeddable":true,"href":"https:\/\/dincarchitect.com\/it\/wp-json\/wp\/v2\/comments?post=14012"}],"version-history":[{"count":0,"href":"https:\/\/dincarchitect.com\/it\/wp-json\/wp\/v2\/pages\/14012\/revisions"}],"wp:featuredmedia":[{"embeddable":true,"href":"https:\/\/dincarchitect.com\/it\/wp-json\/wp\/v2\/media\/10877"}],"wp:attachment":[{"href":"https:\/\/dincarchitect.com\/it\/wp-json\/wp\/v2\/media?parent=14012"}],"curies":[{"name":"wp","href":"https:\/\/api.w.org\/{rel}","templated":true}]}}