{"id":13828,"date":"2023-06-12T00:00:48","date_gmt":"2023-06-12T00:00:48","guid":{"rendered":"https:\/\/dincarchitect.com\/?page_id=13828"},"modified":"2023-09-02T09:00:28","modified_gmt":"2023-09-02T09:00:28","slug":"services","status":"publish","type":"page","link":"https:\/\/dincarchitect.com\/it\/servizi\/","title":{"rendered":"Servizi"},"content":{"rendered":"<section class=\"wpb-content-wrapper\"><div class=\"vc_row wpb_row vc_row-fluid vc_custom_1534237978396\"><div class=\"wpb_column vc_column_container vc_col-sm-12\"><div class=\"vc_column-inner\"><div class=\"wpb_wrapper\">\n\t<div class=\"wpb_text_column wpb_content_element\" >\n\t\t<div class=\"wpb_wrapper\">\n\t\t\t<h2 style=\"text-align: center;\">Creazione di progetti 3D ultra realistici<\/h2>\n\n\t\t<\/div>\n\t<\/div>\n\n\t<div class=\"wpb_text_column wpb_content_element\" >\n\t\t<div class=\"wpb_wrapper\">\n\t\t\t<div style=\"text-align: justify;\">\n<p style=\"text-align: left;\">Il nostro obiettivo non \u00e8 solo quello di produrre immagini 3D tecnicamente accurate, ma, soprattutto, di fornire immagini ad alta definizione con un&#039;estetica impeccabile. Ci sforziamo di creare immagini 3D ultra realistiche che evochino emozioni e infondano fiducia nel tuo lavoro. Queste immagini sono progettate per migliorare i tuoi progetti e mostrare le tue capacit\u00e0.<\/p>\n<\/div>\n\n\t\t<\/div>\n\t<\/div>\n<div class=\"dash style-dark centered\"><\/div>\n\t<div class=\"wpb_text_column wpb_content_element\" >\n\t\t<div class=\"wpb_wrapper\">\n\t\t\t<div class=\"vc_row wpb_row vc_row-fluid\"><\/div><div class=\"wpb_column vc_column_container vc_col-sm-12\"><div class=\"vc_column-inner\"><div class=\"wpb_wrapper\"><\/div><\/div><\/div>\n\t<div class=\"wpb_text_column wpb_content_element\" >\n\t\t<div class=\"wpb_wrapper\">\n\t\t\t\n\t\t<\/div>\n\t<\/div>\n<p><!-- Birinci hizmet \u00f6\u011fesi --><\/p>\n<div id=\"hizmet1\" class=\"wpb_column vc_column_container vc_col-sm-3\">\n<div class=\"vc_column-inner\">\n<div class=\"wpb_wrapper\">\n<div class=\"content-box service-item alignment-default service-box-gray spacing-30\">\n<div class=\"image-container\">\n<div class=\"vertical-number-box\"><span class=\"vertical-number\">01<\/span><\/div>\n<div class=\"arrow-box\"><\/div>\n<p><img decoding=\"async\" src=\"https:\/\/dincarchitect.com\/wp-content\/uploads\/2023\/06\/dastudio-service-1.jpg\" alt=\"Architettura\" width=\"360\" height=\"500\" \/><\/p>\n<\/div>\n<div class=\"content-box-info\">\n<div class=\"box-heading-container\">\n<div class=\"box-heading\"><strong>Spazio semplice<\/strong><\/div>\n<div class=\"price-info-container\"><span class=\"price-info\" style=\"color: #e37218; font-size: 16px;\">49 \u20ac<\/span><\/div>\n<\/div>\n<div style=\"text-align: justify; margin-top: 10px;\">Da camera da letto, ufficio, ingresso, bagno standard, piccolo negozio...<\/div>\n<div class=\"content-description\"><\/div>\n<div class=\"btn-read-more\"><a style=\"color: #e37218;\" href=\"https:\/\/dincarchitect.com\/it\/spazio-semplice\/\">Saperne di pi\u00f9<\/a><\/div>\n<\/div>\n<\/div>\n<\/div>\n<\/div>\n<\/div>\n<p><!-- \u0130kinci hizmet \u00f6\u011fesi --><\/p>\n<div class=\"wpb_column vc_column_container vc_col-sm-3\">\n<div class=\"vc_column-inner\">\n<div class=\"wpb_wrapper\">\n<div class=\"content-box service-item alignment-default service-box-gray spacing-30\">\n<div class=\"image-container\">\n<div class=\"vertical-number-box\"><span class=\"vertical-number\">02<\/span><\/div>\n<div class=\"arrow-box\"><\/div>\n<p><img decoding=\"async\" src=\"https:\/\/dincarchitect.com\/wp-content\/uploads\/2023\/06\/dastudio-service-2.jpg\" alt=\"Architettura\" width=\"360\" height=\"500\" \/><\/p>\n<\/div>\n<div class=\"content-box-info\">\n<div class=\"box-heading-container\">\n<div class=\"box-heading\"><strong>Spazio semi-complesso<\/strong><\/div>\n<div class=\"price-info-container\"><span class=\"price-info\" style=\"color: #e37218; font-size: 16px;\">99 \u20ac<\/span><\/div>\n<\/div>\n<div style=\"text-align: justify; margin-top: 10px;\">\n<p>Cucina standard, soggiorno, sala da pranzo, ampio bagno, terrazzo...<\/p>\n<\/div>\n<div class=\"content-description\"><\/div>\n<div class=\"btn-read-more\"><a style=\"color: #e37218;\" href=\"https:\/\/dincarchitect.com\/it\/campo-semi-complesso\/\">Saperne di pi\u00f9<\/a><\/div>\n<\/div>\n<\/div>\n<\/div>\n<\/div>\n<\/div>\n<p><!-- \u00dc\u00e7\u00fcnc\u00fc hizmet \u00f6\u011fesi --><\/p>\n<div class=\"wpb_column vc_column_container vc_col-sm-3\">\n<div class=\"vc_column-inner\">\n<div class=\"wpb_wrapper\">\n<div class=\"content-box service-item alignment-default service-box-gray spacing-30\">\n<div class=\"image-container\">\n<div class=\"vertical-number-box\"><span class=\"vertical-number\">03<\/span><\/div>\n<div class=\"arrow-box\"><\/div>\n<p><img decoding=\"async\" src=\"https:\/\/dincarchitect.com\/wp-content\/uploads\/2023\/06\/dastudio-service-3.jpg\" alt=\"Architettura\" width=\"360\" height=\"500\" \/><\/p>\n<\/div>\n<div class=\"content-box-info\">\n<div class=\"box-heading-container\">\n<div class=\"box-heading\"><strong>Spazio Complesso<\/strong><\/div>\n<div class=\"price-info-container\"><span class=\"price-info\" style=\"color: #e37218; font-size: 16px;\">149 \u20ac<\/span><\/div>\n<\/div>\n<div style=\"text-align: justify; margin-top: 10px;\">\n<p>Soggiorno + cucina standard, soggiorno + sala da pranzo, ampia cucina\u2026<\/p>\n<\/div>\n<div class=\"content-description\"><\/div>\n<div class=\"btn-read-more\"><a style=\"color: #e37218;\" href=\"https:\/\/dincarchitect.com\/it\/complesso-area\/\">Saperne di pi\u00f9<\/a><\/div>\n<\/div>\n<\/div>\n<\/div>\n<\/div>\n<\/div>\n<p><!-- D\u00f6rd\u00fcnc\u00fc hizmet \u00f6\u011fesi --><\/p>\n<div class=\"wpb_column vc_column_container vc_col-sm-3\">\n<div class=\"vc_column-inner\">\n<div class=\"wpb_wrapper\">\n<div class=\"content-box service-item alignment-default service-box-gray spacing-30\">\n<div class=\"image-container\">\n<div class=\"vertical-number-box\"><span class=\"vertical-number\">04<\/span><\/div>\n<div class=\"arrow-box\"><\/div>\n<p><img decoding=\"async\" src=\"https:\/\/dincarchitect.com\/wp-content\/uploads\/2023\/06\/dastudio-service-4.jpg\" alt=\"Architettura\" width=\"360\" height=\"500\" \/><\/p>\n<\/div>\n<div class=\"content-box-info\">\n<div class=\"box-heading-container\">\n<div class=\"box-heading\"><strong>Spazio sovradimensionato<\/strong><\/div>\n<div class=\"price-info-container\"><span class=\"price-info\" style=\"color: #e37218; font-size: 16px;\">199 \u20ac<\/span><\/div>\n<\/div>\n<div style=\"text-align: justify; margin-top: 10px;\">\n<p>Negozio, sala ristorante, sala spettacoli\u2026 Tariffa indicativa di base.<\/p>\n<\/div>\n<div class=\"content-description\"><\/div>\n<div class=\"btn-read-more\"><a style=\"color: #e37218;\" href=\"https:\/\/dincarchitect.com\/it\/area-non-standard\/\">Saperne di pi\u00f9<\/a><\/div>\n<div><\/div>\n<\/div>\n<\/div>\n<\/div>\n<\/div>\n<\/div>\n<div><span style=\"color: #ffffff;\">.<\/span><\/div>\n<p><!-- Be\u015finci hizmet \u00f6\u011fesi --><\/p>\n<div class=\"wpb_column vc_column_container vc_col-sm-3\">\n<div class=\"vc_column-inner\">\n<div class=\"wpb_wrapper\">\n<div class=\"content-box service-item alignment-default service-box-gray spacing-30\">\n<div class=\"image-container\">\n<div class=\"vertical-number-box\"><span class=\"vertical-number\">05<\/span><\/div>\n<div class=\"arrow-box\"><\/div>\n<p><img decoding=\"async\" src=\"https:\/\/dincarchitect.com\/wp-content\/uploads\/2023\/06\/dastudio-service-5.jpg\" alt=\"Architettura\" width=\"360\" height=\"500\" \/><\/p>\n<\/div>\n<div class=\"content-box-info\">\n<div class=\"box-heading-container\">\n<div class=\"box-heading\"><strong>Casa indipendente<\/strong><\/div>\n<div class=\"price-info-container\"><span class=\"price-info\" style=\"color: #e37218; font-size: 16px;\">149 \u20ac<\/span><\/div>\n<\/div>\n<div style=\"text-align: justify; margin-top: 10px;\">\n<p>Vista esterna. Tariffa base per un ambiente standard come questo.<\/p>\n<\/div>\n<div class=\"content-description\"><\/div>\n<div class=\"btn-read-more\"><a style=\"color: #e37218;\" href=\"https:\/\/dincarchitect.com\/it\/casa-indipendente\/\">Saperne di pi\u00f9<\/a><\/div>\n<\/div>\n<\/div>\n<\/div>\n<\/div>\n<\/div>\n<p><!-- Alt\u0131nc\u0131 hizmet \u00f6\u011fesi --><\/p>\n<div class=\"wpb_column vc_column_container vc_col-sm-3\">\n<div class=\"vc_column-inner\">\n<div class=\"wpb_wrapper\">\n<div class=\"content-box service-item alignment-default service-box-gray spacing-30\">\n<div class=\"image-container\">\n<div class=\"vertical-number-box\"><span class=\"vertical-number\">06<\/span><\/div>\n<div class=\"arrow-box\"><\/div>\n<p><img decoding=\"async\" src=\"https:\/\/dincarchitect.com\/wp-content\/uploads\/2023\/06\/dastudio-service-6.jpg\" alt=\"Architettura\" width=\"360\" height=\"500\" \/><\/p>\n<\/div>\n<div class=\"content-box-info\">\n<div class=\"box-heading-container\">\n<div class=\"box-heading\"><strong>Edificio Collettivo<\/strong><\/div>\n<div class=\"price-info-container\"><span class=\"price-info\" style=\"color: #e37218; font-size: 16px;\">199 \u20ac<\/span><\/div>\n<\/div>\n<div style=\"text-align: justify; margin-top: 10px;\">\n<p>Abitazioni, edifici commerciali, magazzini, ecc.<\/p>\n<\/div>\n<div class=\"content-description\"><\/div>\n<div class=\"btn-read-more\"><a style=\"color: #e37218;\" href=\"https:\/\/dincarchitect.com\/it\/edificio-collettivo\/\">Saperne di pi\u00f9<\/a><\/div>\n<\/div>\n<\/div>\n<\/div>\n<\/div>\n<\/div>\n<p><!-- Yedinci hizmet \u00f6\u011fesi --><\/p>\n<div class=\"wpb_column vc_column_container vc_col-sm-3\">\n<div class=\"vc_column-inner\">\n<div class=\"wpb_wrapper\">\n<div class=\"content-box service-item alignment-default service-box-gray spacing-30\">\n<div class=\"image-container\">\n<div class=\"vertical-number-box\"><span class=\"vertical-number\">07<\/span><\/div>\n<div class=\"arrow-box\"><\/div>\n<p><img decoding=\"async\" src=\"https:\/\/dincarchitect.com\/wp-content\/uploads\/2023\/09\/dastudio-service-7-copy.jpg\" alt=\"Architettura\" width=\"360\" height=\"500\" \/><\/p>\n<\/div>\n<div class=\"content-box-info\">\n<div class=\"box-heading-container\">\n<div class=\"box-heading\"><strong>Interno del fotomontaggio<\/strong><\/div>\n<div class=\"price-info-container\"><span class=\"price-info\" style=\"color: #e37218; font-size: 16px;\">149 \u20ac<\/span><\/div>\n<\/div>\n<div style=\"text-align: justify; margin-top: 10px;\">\n<p>Casa indipendente con o senza interni\u2026<\/p>\n<\/div>\n<div class=\"content-description\"><\/div>\n<div class=\"btn-read-more\"><a style=\"color: #e37218;\" href=\"https:\/\/dincarchitect.com\/it\/fotomontaggio\/\">Saperne di pi\u00f9<\/a><\/div>\n<\/div>\n<\/div>\n<\/div>\n<\/div>\n<\/div>\n<p><!-- Sekizinci hizmet \u00f6\u011fesi --><\/p>\n<div class=\"wpb_column vc_column_container vc_col-sm-3\">\n<div class=\"vc_column-inner\">\n<div class=\"wpb_wrapper\">\n<div class=\"content-box service-item alignment-default service-box-gray spacing-30\">\n<div class=\"image-container\">\n<div class=\"vertical-number-box\"><span class=\"vertical-number\">08<\/span><\/div>\n<div class=\"arrow-box\"><\/div>\n<p><img decoding=\"async\" src=\"https:\/\/dincarchitect.com\/wp-content\/uploads\/2023\/06\/dastudio-service-8.jpg\" alt=\"Architettura\" width=\"360\" height=\"500\" \/><\/p>\n<\/div>\n<div class=\"content-box-info\">\n<div class=\"box-heading-container\">\n<div class=\"box-heading\"><strong>Fotomontaggio Esterno<\/strong><\/div>\n<div class=\"price-info-container\"><span class=\"price-info\" style=\"color: #e37218; font-size: 16px;\">199 \u20ac<\/span><\/div>\n<\/div>\n<div style=\"text-align: justify; margin-top: 10px;\">\n<p>Edificio indipendente con o senza facciata esterna\u2026<\/p>\n<\/div>\n<div class=\"content-description\"><\/div>\n<div class=\"btn-read-more\"><a style=\"color: #e37218;\" href=\"https:\/\/dincarchitect.com\/it\/foto-montaggio-2\/\">Saperne di pi\u00f9<\/a><\/div>\n<div><\/div>\n<\/div>\n<\/div>\n<\/div>\n<\/div>\n<\/div>\n<div><span style=\"color: #ffffff;\">&#8230;.<\/span><\/div>\n<p><!-- Dokuzuncu hizmet \u00f6\u011fesi --><\/p>\n<div class=\"wpb_column vc_column_container vc_col-sm-3\">\n<div class=\"vc_column-inner\">\n<div class=\"wpb_wrapper\">\n<div class=\"content-box service-item alignment-default service-box-gray spacing-30\">\n<div class=\"image-container\">\n<div class=\"vertical-number-box\"><span class=\"vertical-number\">09<\/span><\/div>\n<div class=\"arrow-box\"><\/div>\n<p><img decoding=\"async\" src=\"https:\/\/dincarchitect.com\/wp-content\/uploads\/2023\/06\/dastudio-service-9.jpg\" alt=\"Architettura\" width=\"360\" height=\"500\" \/><\/p>\n<\/div>\n<div class=\"content-box-info\">\n<div class=\"box-heading-container\">\n<div class=\"box-heading\"><strong>Pellicola 1<\/strong><\/div>\n<div class=\"price-info-container\"><span class=\"price-info\" style=\"color: #e37218; font-size: 16px;\">399 \u20ac<\/span><\/div>\n<\/div>\n<div style=\"text-align: justify; margin-top: 10px;\">\n<p>Confezione da un film della durata inferiore a 1 minuto...<\/p>\n<\/div>\n<div class=\"content-description\"><\/div>\n<div class=\"btn-read-more\"><a style=\"color: #e37218;\" href=\"https:\/\/dincarchitect.com\/it\/film-1-minuto\/\">Saperne di pi\u00f9<\/a><\/div>\n<\/div>\n<\/div>\n<\/div>\n<\/div>\n<\/div>\n<p><!-- Onuncu hizmet \u00f6\u011fesi --><\/p>\n<div class=\"wpb_column vc_column_container vc_col-sm-3\">\n<div class=\"vc_column-inner\">\n<div class=\"wpb_wrapper\">\n<div class=\"content-box service-item alignment-default service-box-gray spacing-30\">\n<div class=\"image-container\">\n<div class=\"vertical-number-box\"><span class=\"vertical-number\">10<\/span><\/div>\n<div class=\"arrow-box\"><\/div>\n<p><img decoding=\"async\" src=\"https:\/\/dincarchitect.com\/wp-content\/uploads\/2023\/06\/dastudio-service-10.jpg\" alt=\"Architettura\" width=\"360\" height=\"500\" \/><\/p>\n<\/div>\n<div class=\"content-box-info\">\n<div class=\"box-heading-container\">\n<div class=\"box-heading\"><strong>Pellicola 2<\/strong><\/div>\n<div class=\"price-info-container\"><span class=\"price-info\" style=\"color: #e37218; font-size: 16px;\">499 \u20ac<\/span><\/div>\n<\/div>\n<div style=\"text-align: justify; margin-top: 10px;\">\n<p>Pacchetto di un film della durata inferiore a 2 minuti...<\/p>\n<\/div>\n<div class=\"content-description\"><\/div>\n<div class=\"btn-read-more\"><a style=\"color: #e37218;\" href=\"https:\/\/dincarchitect.com\/it\/film-2-minuti\/\">Saperne di pi\u00f9<\/a><\/div>\n<\/div>\n<\/div>\n<\/div>\n<\/div>\n<\/div>\n<p><!-- Onbirinci hizmet \u00f6\u011fesi --><\/p>\n<div class=\"wpb_column vc_column_container vc_col-sm-3\">\n<div class=\"vc_column-inner\">\n<div class=\"wpb_wrapper\">\n<div class=\"content-box service-item alignment-default service-box-gray spacing-30\">\n<div class=\"image-container\">\n<div class=\"vertical-number-box\"><span class=\"vertical-number\">11<\/span><\/div>\n<div class=\"arrow-box\"><\/div>\n<p><img decoding=\"async\" src=\"https:\/\/dincarchitect.com\/wp-content\/uploads\/2023\/06\/dastudio-service-11.jpg\" alt=\"Architettura\" width=\"360\" height=\"500\" \/><\/p>\n<\/div>\n<div class=\"content-box-info\">\n<div class=\"box-heading-container\">\n<div class=\"box-heading\"><strong>Piano di vendita<\/strong><\/div>\n<div class=\"price-info-container\"><span class=\"price-info\" style=\"color: #e37218; font-size: 16px;\">19 \u20ac<\/span><\/div>\n<\/div>\n<div style=\"text-align: justify; margin-top: 10px;\">\n<p>Piano di vendita per ogni piano...<\/p>\n<\/div>\n<div class=\"content-description\"><\/div>\n<div class=\"btn-read-more\"><a style=\"color: #e37218;\" href=\"https:\/\/dincarchitect.com\/it\/piano-di-vendita\/\">Saperne di pi\u00f9<\/a><\/div>\n<\/div>\n<\/div>\n<\/div>\n<\/div>\n<\/div>\n<p><!-- Onikinci hizmet \u00f6\u011fesi --><\/p>\n<div class=\"wpb_column vc_column_container vc_col-sm-3\">\n<div class=\"vc_column-inner\">\n<div class=\"wpb_wrapper\">\n<div class=\"content-box service-item alignment-default service-box-gray spacing-30\">\n<div class=\"image-container\">\n<div class=\"vertical-number-box\"><span class=\"vertical-number\">12<\/span><\/div>\n<div class=\"arrow-box\"><\/div>\n<p><img decoding=\"async\" src=\"https:\/\/dincarchitect.com\/wp-content\/uploads\/2023\/06\/dastudio-service-12.jpg\" alt=\"Architettura\" width=\"360\" height=\"500\" \/><\/p>\n<\/div>\n<div class=\"content-box-info\">\n<div class=\"box-heading-container\">\n<div class=\"box-heading\"><strong>Piano 2d<\/strong><\/div>\n<div class=\"price-info-container\"><span class=\"price-info\" style=\"color: #e37218; font-size: 16px;\">29 \u20ac<\/span><\/div>\n<\/div>\n<div style=\"text-align: justify; margin-top: 10px;\">\n<p>Pianta 2d per ogni piano...<\/p>\n<\/div>\n<div class=\"content-description\"><\/div>\n<div class=\"btn-read-more\"><a style=\"color: #e37218;\" href=\"https:\/\/dincarchitect.com\/it\/piano-2d\/\">Saperne di pi\u00f9<\/a><\/div>\n<div><\/div>\n<\/div>\n<\/div>\n<\/div>\n<\/div>\n<\/div>\n<div><span style=\"color: #ffffff;\">&#8230;.<\/span><\/div>\n<p><!-- Onucuncu hizmet \u00f6\u011fesi --><\/p>\n<div class=\"wpb_column vc_column_container vc_col-sm-3\">\n<div class=\"vc_column-inner\">\n<div class=\"wpb_wrapper\">\n<div class=\"content-box service-item alignment-default service-box-gray spacing-30\">\n<div class=\"image-container\">\n<div class=\"vertical-number-box\"><span class=\"vertical-number\">13<\/span><\/div>\n<div class=\"arrow-box\"><\/div>\n<p><img decoding=\"async\" src=\"https:\/\/dincarchitect.com\/wp-content\/uploads\/2023\/06\/dastudio-service-13.jpg\" alt=\"Architettura\" width=\"360\" height=\"500\" \/><\/p>\n<\/div>\n<div class=\"content-box-info\">\n<div class=\"box-heading-container\">\n<div class=\"box-heading\"><strong>Vista panoramica a 360\u00b0<\/strong><\/div>\n<div class=\"price-info-container\"><span class=\"price-info\" style=\"color: #e37218; font-size: 16px;\">99 \u20ac<\/span><\/div>\n<\/div>\n<div style=\"text-align: justify; margin-top: 10px;\">\n<p>Prezzo da aggiungere, per spazio, a quello delle viste 3D.<\/p>\n<\/div>\n<div class=\"content-description\"><\/div>\n<div class=\"btn-read-more\"><a style=\"color: #e37218;\" href=\"https:\/\/dincarchitect.com\/it\/vista-panoramica-a-360-gradi\/\">Saperne di pi\u00f9<\/a><\/div>\n<\/div>\n<\/div>\n<\/div>\n<\/div>\n<\/div>\n<p><!-- Ondorduncu hizmet \u00f6\u011fesi --><\/p>\n<div class=\"wpb_column vc_column_container vc_col-sm-3\">\n<div class=\"vc_column-inner\">\n<div class=\"wpb_wrapper\">\n<div class=\"content-box service-item alignment-default service-box-gray spacing-30\">\n<div class=\"image-container\">\n<div class=\"vertical-number-box\"><span class=\"vertical-number\">14<\/span><\/div>\n<div class=\"arrow-box\"><\/div>\n<p><img decoding=\"async\" src=\"https:\/\/dincarchitect.com\/wp-content\/uploads\/2023\/06\/dastudio-service-14.jpg\" alt=\"Architettura\" width=\"360\" height=\"500\" \/><\/p>\n<\/div>\n<div class=\"content-box-info\">\n<div class=\"box-heading-container\">\n<div class=\"box-heading\"><strong>Assonometria<\/strong><\/div>\n<div class=\"price-info-container\"><span class=\"price-info\" style=\"color: #e37218; font-size: 16px;\">99 \u20ac<\/span><\/div>\n<\/div>\n<div style=\"text-align: justify; margin-top: 10px;\">\n<p>\u20ac 39 per uno spazio semplice,<br \/>\n\u20ac 49 per uno spazio semi-complesso,<br \/>\n\u20ac 59 per uno spazio complesso.<\/p>\n<\/div>\n<div class=\"content-description\"><\/div>\n<div class=\"btn-read-more\"><a style=\"color: #e37218;\" href=\"https:\/\/dincarchitect.com\/it\/assonometria\/\">Saperne di pi\u00f9<\/a><\/div>\n<\/div>\n<\/div>\n<\/div>\n<\/div>\n<\/div>\n<p><!-- Onbe\u015finci hizmet \u00f6\u011fesi --><\/p>\n<div class=\"wpb_column vc_column_container vc_col-sm-3\">\n<div class=\"vc_column-inner\">\n<div class=\"wpb_wrapper\">\n<div class=\"content-box service-item alignment-default service-box-gray spacing-30\">\n<div class=\"image-container\">\n<div class=\"vertical-number-box\"><span class=\"vertical-number\">15<\/span><\/div>\n<div class=\"arrow-box\"><\/div>\n<p><img decoding=\"async\" src=\"https:\/\/dincarchitect.com\/wp-content\/uploads\/2023\/06\/dastudio-service-15.jpg\" alt=\"Architettura\" width=\"360\" height=\"500\" \/><\/p>\n<\/div>\n<div class=\"content-box-info\">\n<div class=\"box-heading-container\">\n<div class=\"box-heading\"><strong>Progetto architettonico<\/strong><\/div>\n<div class=\"price-info-container\"><span class=\"price-info\" style=\"color: #e37218; font-size: 16px;\">699 \u20ac<\/span><\/div>\n<\/div>\n<div style=\"text-align: justify; margin-top: 10px;\">\n<p>Progetto architettonico, planimetria, dettagli di sezione\u2026<\/p>\n<\/div>\n<div class=\"content-description\"><\/div>\n<div class=\"btn-read-more\"><a style=\"color: #e37218;\" href=\"https:\/\/dincarchitect.com\/it\/progetto-architettonico\/\">Saperne di pi\u00f9<\/a><\/div>\n<\/div>\n<\/div>\n<\/div>\n<\/div>\n<\/div>\n<p><!-- Onalt\u0131nc\u0131 hizmet \u00f6\u011fesi --><\/p>\n<div class=\"wpb_column vc_column_container vc_col-sm-3\">\n<div class=\"vc_column-inner\">\n<div class=\"wpb_wrapper\">\n<div class=\"content-box service-item alignment-default service-box-gray spacing-30\">\n<div class=\"image-container\">\n<div class=\"vertical-number-box\"><span class=\"vertical-number\">16<\/span><\/div>\n<div class=\"arrow-box\"><\/div>\n<p><img decoding=\"async\" src=\"https:\/\/dincarchitect.com\/wp-content\/uploads\/2023\/06\/dastudio-service-16.jpg\" alt=\"Architettura\" width=\"360\" height=\"500\" \/><\/p>\n<\/div>\n<div class=\"content-box-info\">\n<div class=\"box-heading-container\">\n<div class=\"box-heading\"><strong>Duplicato<\/strong><\/div>\n<div class=\"price-info-container\"><span class=\"price-info\" style=\"color: #e37218; font-size: 16px;\">50 %<\/span><\/div>\n<\/div>\n<div style=\"text-align: justify; margin-top: 10px;\">\n<p>Rendering di angolazioni diverse della stessa posizione, supplemento aggiuntivo da aggiungere a tutte le nostre tariffe.<\/p>\n<\/div>\n<div class=\"content-description\"><\/div>\n<div class=\"btn-read-more\"><a style=\"color: #e37218;\" href=\"https:\/\/dincarchitect.com\/it\/duplicato\/\">Saperne di pi\u00f9<\/a><\/div>\n<\/div>\n<\/div>\n<\/div>\n<\/div>\n<\/div>\n<p><!-- Hizmet Sonu --><\/p>\n<div id=\"gtx-trans\" style=\"position: absolute; left: 227px; top: 5235.55px;\">\n<div class=\"gtx-trans-icon\"><\/div>\n<\/div>\n\n\t\t<\/div>\n\t<\/div>\n<\/div><\/div><\/div><\/div><div class=\"vc_row wpb_row vc_row-fluid\"><div class=\"wpb_column vc_column_container vc_col-sm-6\"><div class=\"vc_column-inner\"><div class=\"wpb_wrapper\">\n\t<div class=\"wpb_text_column wpb_content_element\" >\n\t\t<div class=\"wpb_wrapper\">\n\t\t\t<p><strong>Le tariffe sono applicabili a tutti i nostri progetti standard. <\/strong><\/p>\n<p><strong>Per qualsiasi progetto specifico, si prega di richiedere un preventivo dettagliato.<\/strong><\/p>\n\n\t\t<\/div>\n\t<\/div>\n\n\t<div  class=\"wpb_single_image wpb_content_element vc_align_left\">\n\t\t\n\t\t<figure class=\"wpb_wrapper vc_figure\">\n\t\t\t<div class=\"vc_single_image-wrapper   vc_box_border_grey\"><img decoding=\"async\" class=\"vc_single_image-img\" src=\"https:\/\/dincarchitect.com\/wp-content\/uploads\/2023\/06\/dastudio-twin-1.png\" width=\"550\" height=\"320\" alt=\"dastudio-twin-1\" title=\"dastudio-twin-1\" \/><\/div>\n\t\t<\/figure>\n\t<\/div>\n<\/div><\/div><\/div><div class=\"wpb_column vc_column_container vc_col-sm-6\"><div class=\"vc_column-inner\"><div class=\"wpb_wrapper\">\n\t<div class=\"wpb_text_column wpb_content_element\" >\n\t\t<div class=\"wpb_wrapper\">\n\t\t\t<h2>DUPLICAZIONI FEDELI<\/h2>\n<p>Offriamo un servizio speciale chiamato &quot;Duplicazioni fedeli&quot; in cui consentiamo un supplemento 50% su tutte le nostre tariffe di prospettiva 3D. Questo supplemento si applica ai progetti che richiedono la riproduzione meticolosa di numerose caratteristiche dell&#039;oggetto, come i loro modelli, stili, trame, dimensioni, posizioni o colori. \u00c8 particolarmente utile per interior designer o decoratori che mirano a ricreare accuratamente un aspetto specifico.<\/p>\n<p>Con il nostro servizio di Duplicazioni Fedeli, ci assicuriamo che ogni aspetto del design desiderato sia replicato fedelmente, prestando attenzione anche ai pi\u00f9 piccoli dettagli. Ci\u00f2 consente ai nostri clienti di raggiungere un elevato livello di accuratezza e precisione nei loro progetti, ottenendo risultati sorprendenti e realistici.<\/p>\n<p>Che si tratti di ricreare un&#039;estetica particolare, abbinare elementi di design specifici o mantenere la coerenza in uno spazio, il nostro servizio di duplicazioni fedeli soddisfa le esigenze di coloro che cercano una replica meticolosa. Il nostro qualificato team di esperti \u00e8 dedicato a fornire risultati eccezionali che superano le aspettative dei nostri clienti.<\/p>\n\n\t\t<\/div>\n\t<\/div>\n<\/div><\/div><\/div><\/div>\n<\/section>","protected":false},"excerpt":{"rendered":"Creazione di progetti 3D ultrarealistici Il nostro obiettivo non \u00e8 solo produrre immagini 3D tecnicamente accurate ma, cosa ancora pi\u00f9 importante, fornire immagini ad alta definizione con un&#039;estetica impeccabile. Ci sforziamo di creare immagini 3D ultra realistiche che evochino emozioni e infondano fiducia nel tuo lavoro. Queste immagini sono progettate per migliorare i tuoi progetti e mostrare le tue capacit\u00e0. 01 Spazio semplice [...]","protected":false},"author":1,"featured_media":0,"parent":0,"menu_order":0,"comment_status":"closed","ping_status":"closed","template":"page-services.php","meta":{"footnotes":""},"acf":[],"_links":{"self":[{"href":"https:\/\/dincarchitect.com\/it\/wp-json\/wp\/v2\/pages\/13828"}],"collection":[{"href":"https:\/\/dincarchitect.com\/it\/wp-json\/wp\/v2\/pages"}],"about":[{"href":"https:\/\/dincarchitect.com\/it\/wp-json\/wp\/v2\/types\/page"}],"author":[{"embeddable":true,"href":"https:\/\/dincarchitect.com\/it\/wp-json\/wp\/v2\/users\/1"}],"replies":[{"embeddable":true,"href":"https:\/\/dincarchitect.com\/it\/wp-json\/wp\/v2\/comments?post=13828"}],"version-history":[{"count":0,"href":"https:\/\/dincarchitect.com\/it\/wp-json\/wp\/v2\/pages\/13828\/revisions"}],"wp:attachment":[{"href":"https:\/\/dincarchitect.com\/it\/wp-json\/wp\/v2\/media?parent=13828"}],"curies":[{"name":"wp","href":"https:\/\/api.w.org\/{rel}","templated":true}]}}