{"id":13774,"date":"2023-06-12T00:00:56","date_gmt":"2023-06-12T00:00:56","guid":{"rendered":"https:\/\/dincarchitect.com\/?page_id=13774"},"modified":"2023-06-12T00:56:36","modified_gmt":"2023-06-12T00:56:36","slug":"terms-and-conditions","status":"publish","type":"page","link":"https:\/\/dincarchitect.com\/it\/termini-e-condizioni\/","title":{"rendered":"Termini e Condizioni"},"content":{"rendered":"<section class=\"wpb-content-wrapper\"><div class=\"vc_row wpb_row vc_row-fluid vc_custom_1686439582595\"><div class=\"wpb_column vc_column_container vc_col-sm-12\"><div class=\"vc_column-inner\"><div class=\"wpb_wrapper\"><span class=\"subtitle dash-true style-dark text-default\">dincarchitect.com<\/span>\n\t<div class=\"wpb_text_column wpb_content_element\" >\n\t\t<div class=\"wpb_wrapper\">\n\t\t\t<h2 style=\"text-align: center;\">Termini e Condizioni<\/h2>\n\n\t\t<\/div>\n\t<\/div>\n<\/div><\/div><\/div><\/div><div class=\"vc_row wpb_row vc_row-fluid vc_custom_1686439565266\"><div class=\"wpb_column vc_column_container vc_col-sm-12\"><div class=\"vc_column-inner\"><div class=\"wpb_wrapper\">\n\t<div class=\"wpb_text_column wpb_content_element\" >\n\t\t<div class=\"wpb_wrapper\">\n\t\t\t<p><strong>ARTICOLO 1 \u2013 SCOPO<\/strong><\/p>\n<p>Le presenti Condizioni Generali di Vendita e d&#039;Uso (CGV e CGV) mirano a definire i termini e le condizioni alle quali DA Studio fornisce i propri servizi ai propri clienti utenti. Disciplinano qualsiasi prestazione di servizi tra DA Studio e il Cliente Utente attraverso il sito web <a href=\"https:\/\/dincarchitect.com\/it\/\" target=\"_new\" rel=\"noopener\">www.dincarchitect.com<\/a> e prevarr\u00e0, se applicabile, su qualsiasi altro documento in conflitto. DA Studio \u00e8 una societ\u00e0 specializzata nella creazione di immagini 3D e servizi digitali. La sua sede legale si trova a Parigi, in Francia, e in Turchia. Nessun ordine di Servizio pu\u00f2 essere registrato o evaso se l&#039;Utente Cliente non ha preventivamente accettato le presenti Condizioni Generali di Vendita e d&#039;Uso mediante espressa accettazione di un preventivo. Tale accettazione pu\u00f2 essere manifestata sia con la firma del preventivo stesso, sia con una risposta positiva via e-mail al preventivo pervenuto con lo stesso mezzo (es. e-mail). Accettando le Condizioni Generali di Vendita e d&#039;Uso, il Cliente Utente le accetta senza riserve e integralmente.<\/p>\n<p><strong>ARTICOLO 2 \u2013 SERVIZI FORNITI DAL DESIGNER<\/strong><\/p>\n<p>Creazione di immagini 3D e fornitura di servizi digitali. Il Designer sar\u00e0 responsabile dell&#039;esecuzione dei propri servizi secondo le condizioni definite nel preventivo. L&#039;Utente Cliente fornir\u00e0 al Designer tutte le informazioni necessarie per il completamento del proprio progetto come richiesto dal Designer.<\/p>\n<p><strong>ARTICOLO 3 \u2013 RESPONSABILIT\u00c0 DEL PROGETTISTA<\/strong><\/p>\n<p>Attraverso le presenti CGC e CGU, il progettista garantisce il raggiungimento degli obiettivi fissati nell&#039;eventuale capitolato o nel preventivo convalidato dal Committente e dal Progettista.<\/p>\n<p><strong>ARTICOLO 4 \u2013 RESPONSABILITA&#039; DELL&#039;UTENTE CLIENTE<\/strong><\/p>\n<p>4.1 \u2013 Le immagini e le altre informazioni fornite dall&#039;Utente Cliente e utilizzate dal progettista nell&#039;espletamento dei propri compiti saranno di sola ed esclusiva responsabilit\u00e0 dell&#039;Utente Cliente, comprese eventuali questioni relative al diritto d&#039;autore.<\/p>\n<p>4.2 \u2013 L&#039;Utente Cliente si impegna a fornire al Designer dati fedeli, di qualit\u00e0 e conformi alla normativa applicabile.<\/p>\n<p>4.3 \u2013 Il Cliente Utente si impegna a rispettare tutte le disposizioni legali e regolamentari relative a computer, file e libert\u00e0.<\/p>\n<p><strong>ARTICOLO 5 \u2013 DIRITTI DI PROPRIET\u00c0 INTELLETTUALE<\/strong><\/p>\n<p>5.1 \u2013 Con l&#039;accettazione delle presenti CGC e CGU, l&#039;Utente Cliente autorizza DA Studio ad utilizzare le immagini prodotte, nonch\u00e9 le immagini fornite dall&#039;Utente Cliente, per i propri scopi di comunicazione con terzi. Pertanto, DA Studio \u00e8 autorizzata, tra l&#039;altro, a distribuire tali immagini sul proprio sito Web, materiale pubblicitario, social media e qualsiasi altro mezzo di comunicazione (senza eccezioni) per promuovere i propri servizi.<\/p>\n<p>5.2 \u2013 Tuttavia, qualora lo ritenesse necessario, l&#039;Utente Cliente sar\u00e0 libero di richiedere a DA Studio di rinunciare a tale autorizzazione mediante semplice richiesta orale o firmando una clausola di riservatezza.<\/p>\n<p><strong>ARTICOLO 6 \u2013 PAGAMENTO<\/strong><\/p>\n<p>6.1 \u2013 Durante il primo ordine, al fine di testare la qualit\u00e0 del servizio fornito, l&#039;Utente Cliente non pagher\u00e0 alcun acconto e salder\u00e0 l&#039;ordine solo se sar\u00e0 soddisfatto del risultato, fino a un limite di \u20ac 300 tasse escluse. Per qualsiasi ordine superiore a \u20ac 300 tasse escluse, l&#039;Utente Cliente dovr\u00e0 pagare l&#039;intero importo residuo.<\/p>\n<p>6.2 \u2013 Per gli ordini successivi le fatture dovranno essere pagate anticipatamente. Solo al ricevimento del pagamento verr\u00e0 avviata la produzione richiesta.<\/p>\n<p>6.3 \u2013 Anche dopo un pagamento anticipato, un cliente insoddisfatto pu\u00f2 comunque richiedere il rimborso del proprio ordine (senza necessit\u00e0 di giustificazione). Essi riceveranno questo rimborso entro un periodo massimo di 72 ore lavorative.<\/p>\n<p><strong>ARTICOLO 7 \u2013 OBBLIGHI \u2013 RESPONSABILIT\u00c0 DEL FORNITORE DEL SERVIZIO<\/strong><\/p>\n<p>Poich\u00e9 DA Studio fornisce solo immagini di simulazione basate sui dati forniti dall&#039;Utente Cliente e sotto la sua responsabilit\u00e0, non pu\u00f2 essere considerato coinvolto in alcun modo nella selezione delle soluzioni tecniche o nella loro implementazione da parte dell&#039;Utente Cliente, del proprietario o dell&#039;acquirente della propriet\u00e0, e non pu\u00f2 essere ritenuta responsabile a qualsiasi titolo al riguardo.<\/p>\n<p>Allo stesso modo, attraverso le presenti CGC e CGU, DA Studio non pu\u00f2 essere ritenuta responsabile per le licenze detenute sul software di modellazione e rendering utilizzato dai suoi potenziali partner.<\/p>\n<p>L&#039;Utente Cliente riconosce espressamente che il servizio offerto da DA Studio non comprende la fattibilit\u00e0 tecnica del progetto.<\/p>\n<p>Pertanto, il Cliente Utente si impegna a richiedere i servizi di un professionista dell&#039;arte per garantire la fattibilit\u00e0 delle soluzioni scelte sulla base delle simulazioni visive prodotte da DA Studio.<\/p>\n<p>Per questo motivo, l&#039;Utente Cliente o il suo rappresentante che intenda dare esecuzione alla proposta derivante dal servizio fornito da DA Studio si impegna ad effettuare tutti gli studi tecnici necessari e si assume in prima persona la responsabilit\u00e0 di tutti gli adempimenti legali, regolamentari e amministrativi senza rivalsa nei confronti di DA Studio.<\/p>\n<p>Allo stesso modo, DA Studio non pu\u00f2 essere considerato coinvolto nella realizzazione di un progetto architettonico ai sensi dell&#039;articolo 3 della legge n. 77-2 del 3 gennaio 1977 sull&#039;architettura.<\/p>\n<p>In ogni caso, attraverso le presenti CGV e CGV, la responsabilit\u00e0 di DA Studio per danni non potr\u00e0 eccedere un importo corrispondente all&#039;importo totale dell&#039;ordine effettivamente pagato dal Cliente Utente.<\/p>\n<p><strong>ARTICOLO 8 \u2013 DATI PERSONALI<\/strong><\/p>\n<p>8.1 \u2013 Protezione dei dati DA Studio attribuisce grande importanza al rispetto della privacy. Utilizzando il suo sito web <a href=\"https:\/\/dincarchitect.com\/it\/\" target=\"_new\" rel=\"noopener\">www.dincarchitect.com<\/a> e\/o creando un account, l&#039;Utente Cliente prende atto ed accetta il trattamento dei propri dati personali da parte di DA Studio in conformit\u00e0 alla normativa applicabile ed a quanto previsto dalla Privacy Policy.<\/p>\n<p>8.2 \u2013 Elaborazione statistica L&#039;Utente Cliente riconosce che DA Studio ha il diritto di utilizzare i propri dati a fini statistici e, una volta anonimizzati, di trasferire o cedere a terzi i corrispondenti risultati statistici.<\/p>\n<p>8.3 \u2013 Elenco di rinuncia alla sollecitazione telefonica Se ci viene richiesto di raccogliere il numero di telefono del Cliente Utente per l&#039;elaborazione del suo ordine, lo informiamo del suo diritto a registrarsi nell&#039;elenco di rinuncia alla sollecitazione telefonica \u201cBloctel\u201d, come previsto nell&#039;articolo L223-1 del Codice del consumo francese. Questo elenco \u00e8 accessibile all&#039;indirizzo <a href=\"https:\/\/www.bloctel.gouv.fr\/\" target=\"_new\" rel=\"noopener\">www.bloctel.gouv.fr<\/a>.<\/p>\n<p><strong>ARTICOLO 9 \u2013 MODIFICHE E RICHIESTE FUORI PREVENTIVO<\/strong><\/p>\n<p>Eventuali richieste dell&#039;Utente Cliente non contemplate nel preventivo iniziale, quali modifiche sostanziali nell&#039;arredamento o decorazione di una stanza o l&#039;aggiunta di ulteriori spazi, saranno oggetto di un preventivo integrativo, che verr\u00e0 eseguito solo dopo l&#039;accordo di entrambe le parti.<\/p>\n<p><strong>ARTICOLO 10 \u2013 CONTROVERSIE<\/strong><\/p>\n<p>10.1 - In caso di difficolt\u00e0 o controversie tra le parti in merito all&#039;interpretazione, all&#039;esecuzione o alla risoluzione del presente accordo, le parti si impegnano a cercare una soluzione amichevole nello spirito del presente contratto.<\/p>\n<p>10.2 \u2013 Le presenti condizioni generali di vendita e d&#039;uso sono soggette al diritto francese e qualsiasi controversia o disaccordo che dovesse insorgere tra le parti in relazione alla loro interpretazione, esecuzione o risoluzione sar\u00e0 di competenza esclusiva del Tribunale commerciale di Parigi.<\/p>\n\n\t\t<\/div>\n\t<\/div>\n<\/div><\/div><\/div><\/div>\n<\/section>","protected":false},"excerpt":{"rendered":"Termini e Condizioni dincarchitect.com ARTICOLO 1 - SCOPO Le presenti Condizioni Generali di Vendita e di Utilizzo (CGC e CGU) mirano a definire i termini e le condizioni alle quali DA Studio fornisce i propri servizi ai propri clienti utenti. Disciplinano ogni prestazione di servizi tra DA Studio e il Cliente Utente attraverso il sito www.dincarchitect.com [...]","protected":false},"author":1,"featured_media":0,"parent":0,"menu_order":0,"comment_status":"closed","ping_status":"closed","template":"","meta":{"footnotes":""},"acf":[],"_links":{"self":[{"href":"https:\/\/dincarchitect.com\/it\/wp-json\/wp\/v2\/pages\/13774"}],"collection":[{"href":"https:\/\/dincarchitect.com\/it\/wp-json\/wp\/v2\/pages"}],"about":[{"href":"https:\/\/dincarchitect.com\/it\/wp-json\/wp\/v2\/types\/page"}],"author":[{"embeddable":true,"href":"https:\/\/dincarchitect.com\/it\/wp-json\/wp\/v2\/users\/1"}],"replies":[{"embeddable":true,"href":"https:\/\/dincarchitect.com\/it\/wp-json\/wp\/v2\/comments?post=13774"}],"version-history":[{"count":0,"href":"https:\/\/dincarchitect.com\/it\/wp-json\/wp\/v2\/pages\/13774\/revisions"}],"wp:attachment":[{"href":"https:\/\/dincarchitect.com\/it\/wp-json\/wp\/v2\/media?parent=13774"}],"curies":[{"name":"wp","href":"https:\/\/api.w.org\/{rel}","templated":true}]}}