{"id":13566,"date":"2023-06-12T00:00:48","date_gmt":"2023-06-12T00:00:48","guid":{"rendered":"https:\/\/dincarchitect.com\/?page_id=13566"},"modified":"2023-06-12T00:53:26","modified_gmt":"2023-06-12T00:53:26","slug":"faq","status":"publish","type":"page","link":"https:\/\/dincarchitect.com\/it\/faq\/","title":{"rendered":"FAQ"},"content":{"rendered":"<section class=\"wpb-content-wrapper\"><div class=\"vc_row wpb_row vc_row-fluid vc_custom_1534163990014 vc_column-gap-30\"><div class=\"wpb_column vc_column_container vc_col-sm-12\"><div class=\"vc_column-inner\"><div class=\"wpb_wrapper\"><span class=\"subtitle dash-true style-dark text-default\">Domande frequenti (FAQ)<\/span>\n\t<div class=\"wpb_text_column wpb_content_element  wpb_animate_when_almost_visible wpb_fadeIn fadeIn vc_custom_1686350307042\" >\n\t\t<div class=\"wpb_wrapper\">\n\t\t\t<h2>Immagini immobiliari 3D<\/h2>\n<div class=\"group w-full text-gray-800 dark:text-gray-100 border-b border-black\/10 dark:border-gray-900\/50 bg-gray-50 dark:bg-&#091;#444654&#093;\">\n<div class=\"flex p-4 gap-4 text-base md:gap-6 md:max-w-2xl lg:max-w-&#091;38rem&#093; xl:max-w-3xl md:py-6 lg:px-0 m-auto\">\n<div class=\"relative flex w-&#091;calc(100%-50px)&#093; flex-col gap-1 md:gap-3 lg:w-&#091;calc(100%-115px)&#093;\">\n<div class=\"flex flex-grow flex-col gap-3\">\n<div class=\"min-h-&#091;20px&#093; flex flex-col items-start gap-4 whitespace-pre-wrap break-words\">\n<div class=\"markdown prose w-full break-words dark:prose-invert light\">\n<p>Servizio di immagini 3D: prospettive 3D, viste a 360\u00b0, tour virtuali...<\/p>\n<\/div>\n<\/div>\n<\/div>\n<div class=\"flex justify-between lg:block\">\n<div class=\"text-gray-400 flex self-end lg:self-center justify-center mt-2 gap-2 md:gap-3 lg:gap-1 lg:absolute lg:top-0 lg:translate-x-full lg:right-0 lg:mt-0 lg:pl-2 visible\"><\/div>\n<\/div>\n<\/div>\n<\/div>\n<\/div>\n\n\t\t<\/div>\n\t<\/div>\n\n\t<div class=\"wpb_text_column wpb_content_element  vc_custom_1686351696937\" >\n\t\t<div class=\"wpb_wrapper\">\n\t\t\t<div class=\"panel-group light\" id=\"accordion-0\">\n<div class=\"panel\"><div class=\"panel-heading\"><h3 class=\"panel-title\"><a class=\"accordion-toggle deactive\" data-toggle=\"collapse\" data-parent=\"#accordion-0\" href=\"#collapse_0_How-Does-It-Work\">Come funziona?<\/a><\/h3><\/div><div id=\"collapse_0_How-Does-It-Work\" class=\"panel-collapse collapse deactive\"><div class=\"panel-body\">\n<p>Effettuare un ordine per immagini 3D \u00e8 un processo flessibile e semplice.<\/p>\n<p>Ecco come funziona:<\/p>\n<ol>\n<li>Forniscici i materiali del tuo progetto: questo include piani architettonici digitali come file AutoCAD, piani disegnati a mano e\/o foto di riferimento. Questi materiali servono come base per la creazione dei rendering 3D.<\/li>\n<li>Proposta iniziale: Sulla base dei materiali forniti, creeremo una proposta iniziale di rendering 3D. Questo ti dar\u00e0 una rappresentazione visiva di come apparir\u00e0 il tuo progetto in uno spazio tridimensionale.<\/li>\n<li>Processo di revisione: apprezziamo il tuo contributo e ci sforziamo di soddisfare i tuoi requisiti specifici. Se hai richiesto modifiche o aggiustamenti alla proposta iniziale, li incorporeremo nel design. Lavoreremo a stretto contatto con voi per garantire che il risultato finale soddisfi le vostre aspettative.<\/li>\n<li>Finalizzazione: Una volta implementate le revisioni e raggiunto il risultato desiderato, finalizzeremo i rendering 3D e ve li consegneremo nel formato concordato.<\/li>\n<\/ol>\n<p>Il nostro obiettivo \u00e8 fornirti immagini 3D realistiche e di alta qualit\u00e0 che rappresentino accuratamente il tuo progetto. Miriamo a rendere il processo il pi\u00f9 agevole ed efficiente possibile, consentendoti di visualizzare e mostrare i tuoi progetti in modo efficace.<\/p>\n<p><\/p> <\/div><\/div><\/div><br \/>\n<div class=\"panel\"><div class=\"panel-heading\"><h3 class=\"panel-title\"><a class=\"accordion-toggle\" data-toggle=\"collapse\" data-parent=\"#accordion-0\" href=\"#collapse_1_Intervention-of-an-Interior-Decorator\">Intervento di un decoratore d&#039;interni<\/a><\/h3><\/div><div id=\"collapse_1_Intervention-of-an-Interior-Decorator\" class=\"panel-collapse collapse\"><div class=\"panel-body\">\n<p>Tutti i nostri visual designer 3D sono anche decoratori d&#039;interni. Indipendentemente dalla fase del tuo progetto, possono interpretarlo o completarlo per soddisfare perfettamente le tue aspettative. Puoi descrivere lo stile di decorazione desiderato (contemporaneo, industriale, vintage, etnico, scandinavo, rustico, simile a un bozzolo) o inviarci immagini dei mobili, degli oggetti decorativi, delle trame, dell&#039;illuminazione e dei colori che hai scelto. Faranno in modo che la tua visione sia tradotta accuratamente nei rendering 3D.<\/p>\n<p><\/p> <\/div><\/div><\/div><br \/>\n<div class=\"panel\"><div class=\"panel-heading\"><h3 class=\"panel-title\"><a class=\"accordion-toggle\" data-toggle=\"collapse\" data-parent=\"#accordion-0\" href=\"#collapse_2_Delivery-3-to-5-days\">Consegna: da 3 a 5 giorni<\/a><\/h3><\/div><div id=\"collapse_2_Delivery-3-to-5-days\" class=\"panel-collapse collapse\"><div class=\"panel-body\">\n<p>Una volta ricevuti i tuoi documenti e suggerimenti, riceverai la proposta iniziale di immagine 3D entro 3-5 giorni lavorativi. Applicheremo quindi eventuali correzioni richieste entro 24 ore lavorative.<\/p>\n<p><\/p> <\/div><\/div><\/div><br \/>\n<div class=\"panel\"><div class=\"panel-heading\"><h3 class=\"panel-title\"><a class=\"accordion-toggle\" data-toggle=\"collapse\" data-parent=\"#accordion-0\" href=\"#collapse_3_Delivery-of-Source-Files\">Consegna dei file di origine<\/a><\/h3><\/div><div id=\"collapse_3_Delivery-of-Source-Files\" class=\"panel-collapse collapse\"><div class=\"panel-body\">\n<p>Mantieni l&#039;autonomia. Forniamo sempre i file sorgente, consentendoti di apportare le modifiche desiderate alle tue immagini 3D.<\/p>\n<p><\/p> <\/div><\/div><\/div><br \/>\n<div class=\"panel\"><div class=\"panel-heading\"><h3 class=\"panel-title\"><a class=\"accordion-toggle\" data-toggle=\"collapse\" data-parent=\"#accordion-0\" href=\"#collapse_4_A-Powerful-Commercial-Lever\">Una potente leva commerciale<\/a><\/h3><\/div><div id=\"collapse_4_A-Powerful-Commercial-Lever\" class=\"panel-collapse collapse\"><div class=\"panel-body\">\n<p>Potenzia la tua attivit\u00e0 con potenti strumenti<\/p>\n<p>Scatena tutto il potenziale della tua attivit\u00e0 con i nostri avvincenti strumenti commerciali 3D. Dalle vendite fuori piano e dalle risposte alle offerte all&#039;home staging, all&#039;interior design e alla comunicazione sui social media, offriamo una gamma di servizi interessanti a prezzi competitivi. Concediti gli strumenti che fanno la differenza che ti distingueranno: prospettive 3D, fotomontaggi, immagini panoramiche a 360\u00b0, tour virtuali, viste assonometriche e altro ancora.<\/p>\n<p><\/p> <\/div><\/div><\/div><br \/>\n<div class=\"panel\"><div class=\"panel-heading\"><h3 class=\"panel-title\"><a class=\"accordion-toggle\" data-toggle=\"collapse\" data-parent=\"#accordion-0\" href=\"#collapse_5_Optimize-Your-Time\">Ottimizza il tuo tempo<\/a><\/h3><\/div><div id=\"collapse_5_Optimize-Your-Time\" class=\"panel-collapse collapse\"><div class=\"panel-body\">\n<p>Affidaci la produzione delle tue immagini 3D e concentrati sul tuo core business e sul valore aggiunto. In qualit\u00e0 di esperti nell&#039;uso del software 3D, spesso otteniamo risultati che sono buoni quanto, se non migliori, di quelli che puoi produrre tu stesso ea un prezzo pi\u00f9 conveniente.<\/p>\n<p><\/p> <\/div><\/div><\/div><br \/>\n<div class=\"panel\"><div class=\"panel-heading\"><h3 class=\"panel-title\"><a class=\"accordion-toggle\" data-toggle=\"collapse\" data-parent=\"#accordion-0\" href=\"#collapse_6_Tools\">Utensili<\/a><\/h3><\/div><div id=\"collapse_6_Tools\" class=\"panel-collapse collapse\"><div class=\"panel-body\">\n<p>I nostri artisti prospettici utilizzano una vasta gamma di strumenti informatici per soddisfare tutte le vostre esigenze di prospettive 3D ultra realistiche.<\/p>\n<p><\/p> <\/div><\/div><\/div>\n<p><\/p><\/div>\n\n\t\t<\/div>\n\t<\/div>\n<\/div><\/div><\/div><\/div>\n<\/section>","protected":false},"excerpt":{"rendered":"Frequently Asked Questions (FAQ) 3D Real Estate Images 3D Image Service: 3D Perspectives, 360\u00b0 Views, Virtual Tours... How Does It Work? Placing an order for 3D images is a flexible and straightforward process. Here's how it works: Provide us with your project materials: This includes digital architectural plans such as AutoCAD files, hand-drawn plans, and\/or [...]","protected":false},"author":1,"featured_media":0,"parent":0,"menu_order":0,"comment_status":"closed","ping_status":"closed","template":"","meta":{"footnotes":""},"acf":[],"_links":{"self":[{"href":"https:\/\/dincarchitect.com\/it\/wp-json\/wp\/v2\/pages\/13566"}],"collection":[{"href":"https:\/\/dincarchitect.com\/it\/wp-json\/wp\/v2\/pages"}],"about":[{"href":"https:\/\/dincarchitect.com\/it\/wp-json\/wp\/v2\/types\/page"}],"author":[{"embeddable":true,"href":"https:\/\/dincarchitect.com\/it\/wp-json\/wp\/v2\/users\/1"}],"replies":[{"embeddable":true,"href":"https:\/\/dincarchitect.com\/it\/wp-json\/wp\/v2\/comments?post=13566"}],"version-history":[{"count":0,"href":"https:\/\/dincarchitect.com\/it\/wp-json\/wp\/v2\/pages\/13566\/revisions"}],"wp:attachment":[{"href":"https:\/\/dincarchitect.com\/it\/wp-json\/wp\/v2\/media?parent=13566"}],"curies":[{"name":"wp","href":"https:\/\/api.w.org\/{rel}","templated":true}]}}