{"id":13191,"date":"2023-06-12T00:00:29","date_gmt":"2023-06-12T00:00:29","guid":{"rendered":"https:\/\/themicart.com\/interico-wpb\/?page_id=13191"},"modified":"2023-06-17T13:03:05","modified_gmt":"2023-06-17T13:03:05","slug":"about-us","status":"publish","type":"page","link":"https:\/\/dincarchitect.com\/it\/chi-siamo\/","title":{"rendered":"Chi siamo"},"content":{"rendered":"<section class=\"wpb-content-wrapper\"><div data-vc-full-width=\"true\" data-vc-full-width-init=\"false\" class=\"vc_row wpb_row vc_row-fluid spaced-top\"><div class=\"wpb_column vc_column_container vc_col-sm-12\"><div class=\"vc_column-inner\"><div class=\"wpb_wrapper\">\n\t<div class=\"wpb_text_column wpb_content_element\" >\n\t\t<div class=\"wpb_wrapper\">\n\t\t\t<h2 style=\"text-align: center;\">Alla ricerca di eleganti progetti architettonici<\/h2>\n\n\t\t<\/div>\n\t<\/div>\n<span class=\"subtitle dash-false style-dark text-center\">Vieni a conoscerci<\/span><\/div><\/div><\/div><\/div><div class=\"vc_row-full-width vc_clearfix\"><\/div><div class=\"vc_row wpb_row vc_row-fluid mobile-pad-0 vc_custom_1686571886157 vc_row-o-equal-height vc_row-o-content-middle vc_row-flex\"><div class=\"wpb_column vc_column_container vc_col-sm-8 vc_hidden-sm vc_hidden-xs\"><div class=\"vc_column-inner\"><div class=\"wpb_wrapper\">\n\t<div  class=\"wpb_single_image wpb_content_element vc_align_left  vc_custom_1686908225578\">\n\t\t\n\t\t<figure class=\"wpb_wrapper vc_figure\">\n\t\t\t<a href=\"https:\/\/dincarchitect.com\/wp-content\/uploads\/2023\/06\/dastudio-abous-us-1024x644.jpg\" target=\"_self\" class=\"vc_single_image-wrapper   vc_box_border_grey\"><img decoding=\"async\" width=\"1240\" height=\"780\" src=\"https:\/\/dincarchitect.com\/wp-content\/uploads\/2023\/06\/dastudio-abous-us.jpg\" class=\"vc_single_image-img attachment-full\" alt=\"\" title=\"dastudio-su-di-noi\" srcset=\"https:\/\/dincarchitect.com\/wp-content\/uploads\/2023\/06\/dastudio-abous-us.jpg 1240w, https:\/\/dincarchitect.com\/wp-content\/uploads\/2023\/06\/dastudio-abous-us-1024x644.jpg 1024w, https:\/\/dincarchitect.com\/wp-content\/uploads\/2023\/06\/dastudio-abous-us-768x483.jpg 768w, https:\/\/dincarchitect.com\/wp-content\/uploads\/2023\/06\/dastudio-abous-us-18x12.jpg 18w\" sizes=\"(max-width: 1240px) 100vw, 1240px\" \/><\/a>\n\t\t<\/figure>\n\t<\/div>\n<\/div><\/div><\/div><div class=\"wpb_column vc_column_container vc_col-sm-4\"><div class=\"vc_column-inner\"><div class=\"wpb_wrapper\"><div class=\"vc_row wpb_row vc_inner vc_row-fluid overlap-left\"><div class=\"shadow-box wpb_column vc_column_container vc_col-sm-12\"><div class=\"vc_column-inner\"><div class=\"wpb_wrapper\"><span class=\"subtitle dash-true style-dark text-default\">DA Studio<\/span><div class=\"divider-light\"><\/div>\n\t<div class=\"wpb_text_column wpb_content_element\" >\n\t\t<div class=\"wpb_wrapper\">\n\t\t\t<div style=\"text-align: justify;\">\n<p>La nostra azienda \u00e8 uno studio di architettura esclusivo che opera all&#039;apice dell&#039;elegante arte dell&#039;architettura. Dinc Bey, nato in Francia, ha affinato la sua esperienza attraverso due lauree universitarie presso il dipartimento di architettura di Paris Descartes e in Turchia. Come visionari appassionati e imprenditori, abbiamo dato vita al nostro studio, offrendo servizi unici ed eccezionali nel campo dell&#039;architettura.<\/p>\n<\/div>\n\n\t\t<\/div>\n\t<\/div>\n<\/div><\/div><\/div><\/div><\/div><\/div><\/div><\/div><div class=\"vc_row wpb_row vc_row-fluid mobile-pad-0 vc_custom_1686571894333 vc_row-o-equal-height vc_row-o-content-middle vc_row-flex\"><div class=\"wpb_column vc_column_container vc_col-sm-4\"><div class=\"vc_column-inner\"><div class=\"wpb_wrapper\"><div class=\"vc_row wpb_row vc_inner vc_row-fluid overlap-right\"><div class=\"shadow-box wpb_column vc_column_container vc_col-sm-12\"><div class=\"vc_column-inner\"><div class=\"wpb_wrapper\"><span class=\"subtitle dash-true style-dark text-default\">DA Studio<\/span><div class=\"divider-light\"><\/div>\n\t<div class=\"wpb_text_column wpb_content_element\" >\n\t\t<div class=\"wpb_wrapper\">\n\t\t\t<div style=\"text-align: justify;\">\n<p>Siamo orgogliosi di essere un team giovane e dinamico composto da dieci persone di talento che servono sia in Francia che in Turchia. Mentre il nostro team francese si concentra sull&#039;acquisizione dei clienti, il nostro team turco si dedica a liberare la creativit\u00e0 e ad eseguire progetti con la massima precisione. Di conseguenza, i nostri prezzi sono competitivi e riflettono il nostro impegno a fornire valore ai nostri clienti.<\/p>\n<\/div>\n\n\t\t<\/div>\n\t<\/div>\n<\/div><\/div><\/div><\/div><\/div><\/div><\/div><div class=\"wpb_column vc_column_container vc_col-sm-8 vc_hidden-sm vc_hidden-xs\"><div class=\"vc_column-inner\"><div class=\"wpb_wrapper\">\n\t<div  class=\"wpb_single_image wpb_content_element vc_align_left  vc_custom_1686925424961\">\n\t\t\n\t\t<figure class=\"wpb_wrapper vc_figure\">\n\t\t\t<a href=\"https:\/\/dincarchitect.com\/wp-content\/uploads\/2023\/06\/dastudio-team-1-1024x644.jpg\" target=\"_self\" class=\"vc_single_image-wrapper   vc_box_border_grey\"><img decoding=\"async\" width=\"1240\" height=\"780\" src=\"https:\/\/dincarchitect.com\/wp-content\/uploads\/2023\/06\/dastudio-team-1.jpg\" class=\"vc_single_image-img attachment-full\" alt=\"\" title=\"dastudio-team-1\" srcset=\"https:\/\/dincarchitect.com\/wp-content\/uploads\/2023\/06\/dastudio-team-1.jpg 1240w, https:\/\/dincarchitect.com\/wp-content\/uploads\/2023\/06\/dastudio-team-1-1024x644.jpg 1024w, https:\/\/dincarchitect.com\/wp-content\/uploads\/2023\/06\/dastudio-team-1-768x483.jpg 768w, https:\/\/dincarchitect.com\/wp-content\/uploads\/2023\/06\/dastudio-team-1-18x12.jpg 18w\" sizes=\"(max-width: 1240px) 100vw, 1240px\" \/><\/a>\n\t\t<\/figure>\n\t<\/div>\n<\/div><\/div><\/div><\/div><div class=\"vc_row wpb_row vc_row-fluid mobile-pad-0 vc_custom_1686571900653 vc_row-o-equal-height vc_row-o-content-middle vc_row-flex\"><div class=\"wpb_column vc_column_container vc_col-sm-8 vc_hidden-sm vc_hidden-xs\"><div class=\"vc_column-inner\"><div class=\"wpb_wrapper\">\n\t<div  class=\"wpb_single_image wpb_content_element vc_align_left  vc_custom_1686925950678\">\n\t\t\n\t\t<figure class=\"wpb_wrapper vc_figure\">\n\t\t\t<a href=\"https:\/\/dincarchitect.com\/wp-content\/uploads\/2023\/06\/dastudio-team-2-1024x644.jpg\" target=\"_self\" class=\"vc_single_image-wrapper   vc_box_border_grey\"><img decoding=\"async\" width=\"1240\" height=\"780\" src=\"https:\/\/dincarchitect.com\/wp-content\/uploads\/2023\/06\/dastudio-team-2.jpg\" class=\"vc_single_image-img attachment-full\" alt=\"\" title=\"dastudio-team-2\" srcset=\"https:\/\/dincarchitect.com\/wp-content\/uploads\/2023\/06\/dastudio-team-2.jpg 1240w, https:\/\/dincarchitect.com\/wp-content\/uploads\/2023\/06\/dastudio-team-2-1024x644.jpg 1024w, https:\/\/dincarchitect.com\/wp-content\/uploads\/2023\/06\/dastudio-team-2-768x483.jpg 768w, https:\/\/dincarchitect.com\/wp-content\/uploads\/2023\/06\/dastudio-team-2-18x12.jpg 18w\" sizes=\"(max-width: 1240px) 100vw, 1240px\" \/><\/a>\n\t\t<\/figure>\n\t<\/div>\n<\/div><\/div><\/div><div class=\"wpb_column vc_column_container vc_col-sm-4\"><div class=\"vc_column-inner\"><div class=\"wpb_wrapper\"><div class=\"vc_row wpb_row vc_inner vc_row-fluid overlap-left\"><div class=\"shadow-box wpb_column vc_column_container vc_col-sm-12\"><div class=\"vc_column-inner\"><div class=\"wpb_wrapper\"><span class=\"subtitle dash-true style-dark text-default\">DA Studio<\/span><div class=\"divider-light\"><\/div>\n\t<div class=\"wpb_text_column wpb_content_element\" >\n\t\t<div class=\"wpb_wrapper\">\n\t\t\t<div style=\"text-align: justify;\">\n<p>Come squadra, adottiamo un approccio personalizzato per ogni progetto che intraprendiamo. Creiamo design che trasudano eccellenza estetica incorporando funzionalit\u00e0 e rispondendo alle esigenze specifiche dei nostri clienti. Il nostro lavoro meticoloso mira a trasformare i sogni dei nostri clienti in realt\u00e0, sfruttando le ultime tecnologie per infondere innovazione nei nostri progetti.<\/p>\n<\/div>\n\n\t\t<\/div>\n\t<\/div>\n<\/div><\/div><\/div><\/div><\/div><\/div><\/div><\/div><div class=\"vc_row wpb_row vc_row-fluid mobile-pad-0 vc_custom_1686571907125 vc_row-o-equal-height vc_row-o-content-middle vc_row-flex\"><div class=\"wpb_column vc_column_container vc_col-sm-4\"><div class=\"vc_column-inner\"><div class=\"wpb_wrapper\"><div class=\"vc_row wpb_row vc_inner vc_row-fluid overlap-right\"><div class=\"shadow-box wpb_column vc_column_container vc_col-sm-12\"><div class=\"vc_column-inner\"><div class=\"wpb_wrapper\"><span class=\"subtitle dash-true style-dark text-default\">DA Studio<\/span><div class=\"divider-light\"><\/div>\n\t<div class=\"wpb_text_column wpb_content_element\" >\n\t\t<div class=\"wpb_wrapper\">\n\t\t\t<div style=\"text-align: justify;\">\n<p>Con una vasta esperienza e una passione incrollabile, il nostro team \u00e8 specializzato in progetti architettonici e mantiene una stretta collaborazione con i nostri clienti in ogni fase. Comprendere la tua storia, i tuoi bisogni e le tue aspettative \u00e8 di fondamentale importanza per noi. Con il nostro approccio professionale e design unici, ci sforziamo di dare vita ai tuoi spazi immaginati.<\/p>\n<\/div>\n\n\t\t<\/div>\n\t<\/div>\n<\/div><\/div><\/div><\/div><\/div><\/div><\/div><div class=\"wpb_column vc_column_container vc_col-sm-8 vc_hidden-sm vc_hidden-xs\"><div class=\"vc_column-inner\"><div class=\"wpb_wrapper\">\n\t<div  class=\"wpb_single_image wpb_content_element vc_align_left  vc_custom_1686926031639\">\n\t\t\n\t\t<figure class=\"wpb_wrapper vc_figure\">\n\t\t\t<a href=\"https:\/\/dincarchitect.com\/wp-content\/uploads\/2023\/06\/dastudio-team-4-1024x644.jpg\" target=\"_self\" class=\"vc_single_image-wrapper   vc_box_border_grey\"><img decoding=\"async\" width=\"1240\" height=\"780\" src=\"https:\/\/dincarchitect.com\/wp-content\/uploads\/2023\/06\/dastudio-team-4.jpg\" class=\"vc_single_image-img attachment-full\" alt=\"\" title=\"dastudio-team-4\" srcset=\"https:\/\/dincarchitect.com\/wp-content\/uploads\/2023\/06\/dastudio-team-4.jpg 1240w, https:\/\/dincarchitect.com\/wp-content\/uploads\/2023\/06\/dastudio-team-4-1024x644.jpg 1024w, https:\/\/dincarchitect.com\/wp-content\/uploads\/2023\/06\/dastudio-team-4-768x483.jpg 768w, https:\/\/dincarchitect.com\/wp-content\/uploads\/2023\/06\/dastudio-team-4-18x12.jpg 18w\" sizes=\"(max-width: 1240px) 100vw, 1240px\" \/><\/a>\n\t\t<\/figure>\n\t<\/div>\n<\/div><\/div><\/div><\/div><div class=\"vc_row wpb_row vc_row-fluid mobile-pad-0 vc_custom_1686571914605 vc_row-o-equal-height vc_row-o-content-middle vc_row-flex\"><div class=\"wpb_column vc_column_container vc_col-sm-8 vc_hidden-sm vc_hidden-xs\"><div class=\"vc_column-inner\"><div class=\"wpb_wrapper\">\n\t<div  class=\"wpb_single_image wpb_content_element vc_align_left  vc_custom_1686919831190\">\n\t\t\n\t\t<figure class=\"wpb_wrapper vc_figure\">\n\t\t\t<a href=\"https:\/\/dincarchitect.com\/wp-content\/uploads\/2023\/06\/dastudio-team-3-1024x644.jpg\" target=\"_self\" class=\"vc_single_image-wrapper   vc_box_border_grey\"><img decoding=\"async\" width=\"1240\" height=\"780\" src=\"https:\/\/dincarchitect.com\/wp-content\/uploads\/2023\/06\/dastudio-team-3.jpg\" class=\"vc_single_image-img attachment-full\" alt=\"\" title=\"dastudio-team-3\" srcset=\"https:\/\/dincarchitect.com\/wp-content\/uploads\/2023\/06\/dastudio-team-3.jpg 1240w, https:\/\/dincarchitect.com\/wp-content\/uploads\/2023\/06\/dastudio-team-3-1024x644.jpg 1024w, https:\/\/dincarchitect.com\/wp-content\/uploads\/2023\/06\/dastudio-team-3-768x483.jpg 768w, https:\/\/dincarchitect.com\/wp-content\/uploads\/2023\/06\/dastudio-team-3-18x12.jpg 18w\" sizes=\"(max-width: 1240px) 100vw, 1240px\" \/><\/a>\n\t\t<\/figure>\n\t<\/div>\n<\/div><\/div><\/div><div class=\"wpb_column vc_column_container vc_col-sm-4\"><div class=\"vc_column-inner\"><div class=\"wpb_wrapper\"><div class=\"vc_row wpb_row vc_inner vc_row-fluid overlap-left\"><div class=\"shadow-box wpb_column vc_column_container vc_col-sm-12\"><div class=\"vc_column-inner\"><div class=\"wpb_wrapper\"><span class=\"subtitle dash-true style-dark text-default\">DA Studio<\/span><div class=\"divider-light\"><\/div>\n\t<div class=\"wpb_text_column wpb_content_element\" >\n\t\t<div class=\"wpb_wrapper\">\n\t\t\t<div style=\"text-align: justify;\">\n<p>Ogni progetto che per voi ha un significato riceve la nostra massima attenzione. Facendo leva sulle nostre capacit\u00e0 architettoniche, creativit\u00e0 e competenza, pianifichiamo meticolosamente ogni dettaglio, garantendo la qualit\u00e0 in ogni fase del vostro progetto.<\/p>\n<p>Siamo estremamente orgogliosi di perseguire il percorso di progetti architettonici eleganti e di grande impatto, garantendo al contempo la soddisfazione dei nostri clienti. Siamo entusiasti di lavorare per trasportarti nello spazio dei tuoi sogni. Intraprendiamo insieme questo viaggio!<\/p>\n<\/div>\n\n\t\t<\/div>\n\t<\/div>\n\n\t<div class=\"wpb_raw_code wpb_content_element wpb_raw_html\" >\n\t\t<div class=\"wpb_wrapper\">\n\t\t\t<link href=\"https:\/\/fonts.googleapis.com\/css2?family=Great+Vibes&display=swap\" rel=\"stylesheet\">\n<style>\n  .signature {\n    font-family: 'Great Vibes', cursive;\n    font-size: 24px;\n    color: #e37218;\n    text-align: center;\n  }\n<\/style>\n\n<div style=\"display: flex; justify-content: center;\">\n  <span class=\"signature\">Kubilay Dinc<\/span>\n<\/div>\n\n\n\t\t<\/div>\n\t<\/div>\n<\/div><\/div><\/div><\/div><\/div><\/div><\/div><\/div>\n<\/section>","protected":false},"excerpt":{"rendered":"Alla ricerca di progetti architettonici eleganti Conoscici DA Studio La nostra azienda \u00e8 uno studio di architettura esclusivo che opera all&#039;apice dell&#039;elegante arte dell&#039;architettura. Dinc Bey, nato in Francia, ha affinato la sua esperienza attraverso doppi titoli universitari presso Paris Descartes e il dipartimento di Architettura in Turchia. Come appassionati visionari [...]","protected":false},"author":1,"featured_media":0,"parent":0,"menu_order":0,"comment_status":"closed","ping_status":"closed","template":"","meta":{"footnotes":""},"acf":[],"_links":{"self":[{"href":"https:\/\/dincarchitect.com\/it\/wp-json\/wp\/v2\/pages\/13191"}],"collection":[{"href":"https:\/\/dincarchitect.com\/it\/wp-json\/wp\/v2\/pages"}],"about":[{"href":"https:\/\/dincarchitect.com\/it\/wp-json\/wp\/v2\/types\/page"}],"author":[{"embeddable":true,"href":"https:\/\/dincarchitect.com\/it\/wp-json\/wp\/v2\/users\/1"}],"replies":[{"embeddable":true,"href":"https:\/\/dincarchitect.com\/it\/wp-json\/wp\/v2\/comments?post=13191"}],"version-history":[{"count":0,"href":"https:\/\/dincarchitect.com\/it\/wp-json\/wp\/v2\/pages\/13191\/revisions"}],"wp:attachment":[{"href":"https:\/\/dincarchitect.com\/it\/wp-json\/wp\/v2\/media?parent=13191"}],"curies":[{"name":"wp","href":"https:\/\/api.w.org\/{rel}","templated":true}]}}