{"id":42,"date":"2023-06-12T00:00:29","date_gmt":"2023-06-12T00:00:29","guid":{"rendered":"https:\/\/themicart.com\/interico-wp\/?page_id=42"},"modified":"2023-06-20T04:11:01","modified_gmt":"2023-06-20T04:11:01","slug":"projects","status":"publish","type":"page","link":"https:\/\/dincarchitect.com\/fr\/projets\/","title":{"rendered":"Projets"},"content":{"rendered":"<section class=\"wpb-content-wrapper\"><div class=\"vc_row wpb_row vc_row-fluid vc_custom_1686409366991\"><div class=\"wpb_column vc_column_container vc_col-sm-12\"><div class=\"vc_column-inner\"><div class=\"wpb_wrapper\">\n\t<div class=\"wpb_text_column wpb_content_element\" >\n\t\t<div class=\"wpb_wrapper\">\n\t\t\t<span class=\"subtitle dash-true style-dark text-default\">Remplir le formulaire<\/span>\n<h2>Parlez nous de votre projet<\/h2>\n\n\t\t<\/div>\n\t<\/div>\n\n<div class=\"wpcf7 no-js\" id=\"wpcf7-f6793-o1\" lang=\"en-US\" dir=\"ltr\">\n<div class=\"screen-reader-response\"><p role=\"status\" aria-live=\"polite\" aria-atomic=\"true\"><\/p> <ul><\/ul><\/div>\n<form action=\"\/fr\/wp-json\/wp\/v2\/pages\/42#wpcf7-f6793-o1\" method=\"post\" class=\"wpcf7-form init\" aria-label=\"Formulaire de contact\" enctype=\"multipart\/form-data\" novalidate=\"novalidate\" data-status=\"init\" data-trp-original-action=\"\/fr\/wp-json\/wp\/v2\/pages\/42#wpcf7-f6793-o1\">\n<div style=\"display: none;\">\n<input type=\"hidden\" name=\"_wpcf7\" value=\"6793\" \/>\n<input type=\"hidden\" name=\"_wpcf7_version\" value=\"5.7.7\" \/>\n<input type=\"hidden\" name=\"_wpcf7_locale\" value=\"en_US\" \/>\n<input type=\"hidden\" name=\"_wpcf7_unit_tag\" value=\"wpcf7-f6793-o1\" \/>\n<input type=\"hidden\" name=\"_wpcf7_container_post\" value=\"0\" \/>\n<input type=\"hidden\" name=\"_wpcf7_posted_data_hash\" value=\"\" \/>\n<\/div>\n<div class=\"default-form main-contact-form quote-form\">\n\t<div class=\"row\">\n\t\t<div class=\"col-lg-6 col-md-6 col-sm-12 col-xs-12\">\n\t\t\t<div class=\"form-row\">\n\t\t\t\t<p><input type=\"url\" name=\"WebsiteURL\" placeholder=\"Adresse web\" required \/>\n\t\t\t\t<\/p>\n\t\t\t<\/div>\n\t\t<\/div>\n\t\t<div class=\"col-lg-6 col-md-6 col-sm-12 col-xs-12\">\n\t\t\t<div class=\"form-row\">\n\t\t\t\t<p><input type=\"text\" name=\"CompanyName\" placeholder=\"Nom de l&#039;entreprise\" required \/>\n\t\t\t\t<\/p>\n\t\t\t<\/div>\n\t\t<\/div>\n\t\t<div class=\"col-lg-6 col-md-6 col-sm-12 col-xs-12\">\n\t\t\t<div class=\"form-row\">\n\t\t\t\t<p><span class=\"wpcf7-form-control-wrap\" data-name=\"FirstName\"><input size=\"40\" class=\"wpcf7-form-control wpcf7-text wpcf7-validates-as-required\" aria-required=\"true\" aria-invalid=\"false\" placeholder=\"Pr\u00e9nom\" value=\"\" type=\"text\" name=\"FirstName\" \/><\/span>\n\t\t\t\t<\/p>\n\t\t\t<\/div>\n\t\t<\/div>\n\t\t<div class=\"col-lg-6 col-md-6 col-sm-12 col-xs-12\">\n\t\t\t<div class=\"form-row\">\n\t\t\t\t<p><span class=\"wpcf7-form-control-wrap\" data-name=\"LastName\"><input size=\"40\" class=\"wpcf7-form-control wpcf7-text wpcf7-validates-as-required\" aria-required=\"true\" aria-invalid=\"false\" placeholder=\"Nom de famille\" value=\"\" type=\"text\" name=\"LastName\" \/><\/span>\n\t\t\t\t<\/p>\n\t\t\t<\/div>\n\t\t<\/div>\n\t\t<div class=\"col-lg-6 col-md-6 col-sm-12 col-xs-12\">\n\t\t\t<div class=\"form-row\">\n\t\t\t\t<p><span class=\"wpcf7-form-control-wrap\" data-name=\"PhoneNumber\"><input size=\"40\" class=\"wpcf7-form-control wpcf7-text wpcf7-tel wpcf7-validates-as-required wpcf7-validates-as-tel\" aria-required=\"true\" aria-invalid=\"false\" placeholder=\"T\u00e9l\u00e9phone\" value=\"\" type=\"tel\" name=\"PhoneNumber\" \/><\/span>\n\t\t\t\t<\/p>\n\t\t\t<\/div>\n\t\t<\/div>\n\t\t<div class=\"col-lg-6 col-md-6 col-sm-12 col-xs-12\">\n\t\t\t<div class=\"form-row\">\n\t\t\t\t<p><span class=\"wpcf7-form-control-wrap\" data-name=\"EmailAddress\"><input size=\"40\" class=\"wpcf7-form-control wpcf7-text wpcf7-email wpcf7-validates-as-required wpcf7-validates-as-email\" aria-required=\"true\" aria-invalid=\"false\" placeholder=\"E-mail\" value=\"\" type=\"email\" name=\"EmailAddress\" \/><\/span>\n\t\t\t\t<\/p>\n\t\t\t<\/div>\n\t\t<\/div>\n\t\t<div class=\"col-lg-6 col-md-6 col-sm-12 col-xs-12\">\n\t\t\t<div class=\"form-row\">\n\t\t\t\t<p><label>Budget estim\u00e9...<\/label><br \/>\n<select name=\"Budget\" required>\n <option value=\"\" selected disabled>Budget estim\u00e9...<\/option>\n <option value=\"\u20ac50-499\">\u20ac50-499<\/option>\n <option value=\"\u20ac500-999\">\u20ac500-999<\/option>\n <option value=\"\u20ac1,000-1,999\">\u20ac1,000-1,999<\/option>\n <option value=\"\u20ac2,000-2,999\">\u20ac2,000-2,999<\/option>\n <option value=\"\u20ac3,000-3,999\">\u20ac3,000-3,999<\/option>\n <option value=\"\u20ac4,000-4,999\">\u20ac4,000-4,999<\/option>\n <option value=\"\u20ac5,000+\">\u20ac5,000+<\/option>\n <\/select>\n\t\t\t\t<\/p>\n\t\t\t<\/div>\n\t\t<\/div>\n\t\t<div class=\"col-lg-6 col-md-6 col-sm-12 col-xs-12\">\n\t\t\t<div class=\"form-row\">\n\t\t\t\t<p><label>Par quel service \u00eates-vous int\u00e9ress\u00e9?<\/label><br \/>\n<select name=\"ServiceName\" required>\n <option value=\"\" selected disabled>Par quel service \u00eates-vous int\u00e9ress\u00e9?<\/option>\n <option value=\"Architectural Design\">Conception architecturale<\/option>\n <option value=\"Space Planning\">Am\u00e9nagement de l&#039;espace<\/option>\n <option value=\"Interior Design\">Design d&#039;int\u00e9rieur<\/option>\n <option value=\"3D Modeling and Visualization\">Mod\u00e9lisation et visualisation 3D<\/option>\n <option value=\"Construction Documentation\">Documents de construction<\/option>\n <option value=\"Project Management\">Gestion de projet<\/option>\n <option value=\"Sustainable Design\">Conception durable<\/option>\n <option value=\"Renovation and Restoration\">R\u00e9novation et restauration<\/option>\n <option value=\"Urban Planning\">Am\u00e9nagement urbain<\/option>\n <\/select>\n\t\t\t\t<\/p>\n\t\t\t<\/div>\n\t\t<\/div>\n\t\t<div class=\"col-lg-12 col-md-12 col-sm-12 col-xs-12\">\n\t\t\t<div class=\"form-row\">\n\t\t\t\t<p><label>R\u00e9f\u00e9rences ou inspirations\u00a0:<\/label><br \/>\n<textarea name=\"WebsiteDetails\" class=\"website-details\"><\/textarea>\n\t\t\t\t<\/p>\n\t\t\t<\/div>\n\t\t<\/div>\n\t\t<div class=\"col-lg-12 col-md-12 col-sm-12 col-xs-12\">\n\t\t\t<div class=\"form-row\">\n\t\t\t\t<p><label>Informations d\u00e9taill\u00e9es sur le projet :<\/label><br \/>\n<textarea name=\"Keywords\" class=\"keywords\"><\/textarea>\n\t\t\t\t<\/p>\n\t\t\t<\/div>\n\t\t<\/div>\n\t\t<div class=\"col-lg-12 col-md-12 col-sm-12 col-xs-12\">\n\t\t\t<div class=\"form-row\">\n\t\t\t\t<p><label>Choisissez Fichier (Formats pris en charge : PDF, DOC, DOCX, PNG, JPEG, JPG, AutoCAD)<\/label><br \/>\n<span class=\"wpcf7-form-control-wrap\" data-name=\"file-325\"><input size=\"40\" class=\"wpcf7-form-control wpcf7-file\" accept=\".jpg,.jpeg,.png,.pdf,.doc,.docx,.dwg\" aria-invalid=\"false\" type=\"file\" name=\"file-325\" \/><\/span>\n\t\t\t\t<\/p>\n\t\t\t<\/div>\n\t\t<\/div>\n\t\t<div class=\"col-lg-12 col-md-12 col-sm-12 col-xs-12\">\n\t\t\t<div class=\"form-row\">\n\t\t\t\t<p><span class=\"wpcf7-form-control-wrap bwscaptcha-304\"><input style=\"display:none;\" class=\"wpcf7-form-control wpcf7-bwscaptcha\" aria-required=\"true\" type=\"text\" name=\"bwscaptcha-304\" value=\"\" \/><p class=\"cptch_block\"><span id=\"cptch_time_limit_notice_38\" class=\"cptch_time_limit_notice cptch_to_remove\">D\u00e9lai d\u00e9pass\u00e9. Veuillez compl\u00e9ter le captcha une fois de plus.<\/span><span class=\"cptch_wrap cptch_math_actions\">\n\t\t\t\t<label class=\"cptch_label\" for=\"cptch_input_38\"><span class=\"cptch_span\"><span class=\"cptch_img cptch_left\"><img decoding=\"async\" src=\"data:image\/png;base64,iVBORw0KGgoAAAANSUhEUgAAAgAAAAIABAMAAAAGVsnJAAAAGXRFWHRTb2Z0d2FyZQBBZG9iZSBJbWFnZVJlYWR5ccllPAAAABhQTFRFNjY21NTUb29v7OzsoqKiAAAA+Pj4\/\/\/\/gfnzpAAAAAh0Uk5T\/\/\/\/\/\/\/\/\/wDeg71ZAAAGeklEQVR42u3dy1PbVhjGYZfYZRtSqLbGxbBOHcbbmkC8FcZKtzQNo60vwuffLyGZdGgl3xQdfTrvTzsww4wevzqSzuU7LSd+tAAAAAAAAAAAAAAAAAAAAAAAAAAAAAAAAAAAAAAAAAAAAAAAAAAAAAAAAAAAAAAAAAAAAAAAAAAAAAAAAAAAAAAAAAAAAAAAAAAAAAAAAAAAAAAAAAAAAAAAAAAAAAAAAAAAAAAAAAAAAAAAAAAAAAAAAAAAAAAAAAAAAAAAAAAAAAAAAAAAAAAAAAAAAAAAAAAAAAAAAAAAAAAAAAAAAAAAAAAAAAAAAAAAAAAAAAAAAAAAAMIDWCZ7H1EQAPP9AYZBAGTqCchIgHgCFuoJWJAA8QTM1BMwIwHiCXhUT8CDegIu1RNwop6AE\/UE3Kgn4IYEiCegr56APgkQT0BHPQEd9QQk6glIxBOwUk\/AUj0Bc\/UEzNUTkKknIFNPwEI9AQsSIJ6AmXoCZiRAPAG5I2OTwVZHGi6AM3NUDpA7MjYVAjgBQBwgd1zkVh3gTh3gTyGAPgA5xyEAOgC5A0MXAIgDjIUAEnGAVW09HUYAluoA+QNDqTqA0wHIHRiKAdABWBjvEgQAgIr\/\/8x4lyAAtQDcCgE8Gu8TrQfgoxDApfE+0coBTox3CQJQNcCN8S5BAGoBGAsB9AGw3SUIQNUAnbqmv5kGeP7k7+Net\/X159ZBbxQJAcTOLa9a\/\/3twWkaIkBun+hxNzcY8VkaHMCOa8bi96EB7LxmrD0MC2D3JVNxJA6QxB9CAthnyZRfAYMASTwOB2C\/FUM+2wGTAMkkFQdIfgoFYO8VQ+fqAPFQHMDbRVAxQIlqimN1gGkQACWqKXrqPK8YoEQxQU8RMAzgpxWoGOAmsR4BywBeImAa4K75AP1SAD4eB00D+JhIYBtg2niATjkAD6OIxgEO1QGmTQdIyh7DZgOsSgNcNBtgWRrgtuEJ6JcFmDS8DViWFoiaDeDmfeONQPUlNUveCe+aDlBWYNJ4AJe9FGj1ro9+GQwGR8fX3W1s0sYDuM\/\/vt8ejF482azedevuFfGy6eqnb\/PARjnPdfNuva2gn11nf3\/68tu\/Fnz4rlNnK+hp29037WjfW+U0CIASDwsTAYD1t8pUAGDtXKJIAcC9rus2YAVg2ampW8zM5uv3hQAfNQBWnXr6RMwAFLcCUxGAeT0PAnYACkeRYhWAe3WArJZHQUMAhfeBSASgcDaFDMBDHX1ClgAW6gBZHW9DlgBW6gBFswl0APo1vA+bArgBQBzgUh3gQR3gEQBxgBkA4g9CjwAAoA3woA5wIt4hUvQuIA8QqfcHDGUACnqEnArASnxorGh8WGZ0uGhcQAfgXnuCROFd8FYGoC89Sap4jsyhCsBCeqJk8atQxSsm7AAUThBp7mTp7PxHXAEVb0xWKUB8\/gOugAavF8iS5LfS94CqVw9XDJCcbvvHr2uqoVA1QNJOywWgyavGvs75mURlWoDKV09XD5DEW1wGn4prCbnGAyTJwaZvcc2iqUkIAJsK56+rMnAXBMATwWjN998PtH7Ay4mP8aggBZ87oVaQyP63g0TO8uHl1fp6ai4ggC\/N4fVLg7+uOjVXUvIM8FxA4Wx0NBgM3h5d91r119LyD2CsqKRxgOo36TYOcKsOcKEOMBQH8LBDs22AC3GAppfVzRpwBdgGGIsDTJw4wM\/iAHEqDuBnnxnDAENxAE8bDZkF8LXVlFmAV04bwNuGe1YBvG06aRSg7bQBvG22ZxXA466rJgFeOW2AtgsEYM+q4pM0FIBNJZMLzn\/oggHYMPKdf\/6RCwhg9\/0VPH\/\/1c8VXv6xW\/vn+\/w9TJZ+s8NlcOpceACbC+h\/j\/8HFyTA091gG4L4NHWhAjh3vIkgPoucCxjAubfrZgO1zobOBQ7wbNDNP\/v3rr7D85KZ1dF1r9tqxd9O\/cuEqaGr9TC1ehwAAAAAAAAAAAAAAAAAAAAAAAAAAAAAAAAAAAAAAAAAAAAAAAAAAAAAAAAAAAAAAAAAAAAAAAAAAAAAAAAAAAAAAAAAAAAAAAAAAAAAAAAAAAAAAAAAAAAAAAAAAAAAAAAAAAAAAAAAAAAAAAAAAAAAAAAAAAAAAAAAAAAAAAAAAAAAAAAAAAAAAAAAAAAAAAAAAAAAAAAAAAAAAAAAAAAAAAAAAAAAAAAAAAAAAAAAAAAAAAAAAAAI\/\/gHJCvqoHH0C1gAAAAASUVORK5CYII=\" alt=\"image\"\/><\/span><\/span>\n\t\t\t\t\t<span class=\"cptch_span\">&nbsp;&#43;&nbsp;<\/span>\n\t\t\t\t\t<span class=\"cptch_span\">8<\/span>\n\t\t\t\t\t<span class=\"cptch_span\">&nbsp;=&nbsp;<\/span>\n\t\t\t\t\t<span class=\"cptch_span\"><input id=\"cptch_input_38\" class=\"cptch_input wpcf7-form-control wpcf7-bwscaptcha\" type=\"text\" autocomplete=\"off\" name=\"bwscaptcha-304\" value=\"\" maxlength=\"2\" size=\"2\" aria-required=\"true\" required=\"required\" style=\"margin-bottom:0;display:inline;font-size: 12px;width: 40px;\" \/><\/span>\n\t\t\t\t\t<input type=\"hidden\" name=\"bwscaptcha-304-cptch_result\" value=\"NRr+\" \/><input type=\"hidden\" name=\"cptch_time\" value=\"1776539551\" \/>\n\t\t\t\t\t<input type=\"hidden\" name=\"cptch_form\" value=\"cf7_contact\" \/>\n\t\t\t\t<\/label><span class=\"cptch_reload_button_wrap hide-if-no-js\">\n\t\t\t\t\t<noscript>\n\t\t\t\t\t\t<style type=\"text\/css\">\n\t\t\t\t\t\t\t.hide-if-no-js {\n\t\t\t\t\t\t\t\tdisplay: none !important;\n\t\t\t\t\t\t\t}\n\t\t\t\t\t\t<\/style>\n\t\t\t\t\t<\/noscript>\n\t\t\t\t\t<span class=\"cptch_reload_button dashicons dashicons-update\"><\/span>\n\t\t\t\t<\/span><\/span><\/p><\/span>\n\t\t\t\t<\/p>\n\t\t\t\t<div class=\"col-lg-12 col-md-12 col-sm-12 col-xs-12\">\n\t\t\t\t\t<div class=\"form-row\">\n\t\t\t\t\t\t<p><input type=\"submit\" name=\"submit\" value=\"Envoyer le message\" \/>\n\t\t\t\t\t\t<\/p>\n\t\t\t\t\t<\/div>\n\t\t\t\t<\/div>\n\t\t\t<\/div>\n\t\t<\/div>\n\t<\/div>\n<\/div><div class=\"wpcf7-response-output\" aria-hidden=\"true\"><\/div>\n<input type=\"hidden\" name=\"trp-form-language\" value=\"fr\"\/><\/form>\n<\/div>\n<\/div><\/div><\/div><\/div>\n<\/section>","protected":false},"excerpt":{"rendered":"F\u0131ll the form Tell Us About Your Project Estimated Budget... Estimated Budget... \u20ac50-499 \u20ac500-999 \u20ac1,000-1,999 \u20ac2,000-2,999 \u20ac3,000-3,999 \u20ac4,000-4,999 \u20ac5,000+ Which service are you interested in? Which service are you interested in? Architectural Design Space Planning Interior Design 3D Modeling and Visualization Construction Documentation Project Management Sustainable Design Renovation and Restoration Urban Planning References or Inspirations: [...]","protected":false},"author":1,"featured_media":0,"parent":0,"menu_order":0,"comment_status":"closed","ping_status":"closed","template":"page-projects.php","meta":{"footnotes":""},"acf":[],"_links":{"self":[{"href":"https:\/\/dincarchitect.com\/fr\/wp-json\/wp\/v2\/pages\/42"}],"collection":[{"href":"https:\/\/dincarchitect.com\/fr\/wp-json\/wp\/v2\/pages"}],"about":[{"href":"https:\/\/dincarchitect.com\/fr\/wp-json\/wp\/v2\/types\/page"}],"author":[{"embeddable":true,"href":"https:\/\/dincarchitect.com\/fr\/wp-json\/wp\/v2\/users\/1"}],"replies":[{"embeddable":true,"href":"https:\/\/dincarchitect.com\/fr\/wp-json\/wp\/v2\/comments?post=42"}],"version-history":[{"count":0,"href":"https:\/\/dincarchitect.com\/fr\/wp-json\/wp\/v2\/pages\/42\/revisions"}],"wp:attachment":[{"href":"https:\/\/dincarchitect.com\/fr\/wp-json\/wp\/v2\/media?parent=42"}],"curies":[{"name":"wp","href":"https:\/\/api.w.org\/{rel}","templated":true}]}}