{"id":22,"date":"2023-06-12T00:00:24","date_gmt":"2023-06-12T00:00:24","guid":{"rendered":"https:\/\/themicart.com\/interico-wp\/?page_id=22"},"modified":"2023-06-20T04:18:25","modified_gmt":"2023-06-20T04:18:25","slug":"client-experiences","status":"publish","type":"page","link":"https:\/\/dincarchitect.com\/fr\/experiences-clients\/","title":{"rendered":"Exp\u00e9riences clients"},"content":{"rendered":"<section class=\"wpb-content-wrapper\"><div data-vc-full-width=\"true\" data-vc-full-width-init=\"false\" class=\"vc_row wpb_row vc_row-fluid spaced vc_custom_1687234702014 vc_row-has-fill\"><div class=\"wpb_column vc_column_container vc_col-sm-6\"><div class=\"vc_column-inner\"><div class=\"wpb_wrapper\"><span class=\"subtitle dash-true style-light text-default\">100% Avis authentiques<\/span>\n\t<div class=\"wpb_text_column wpb_content_element\" >\n\t\t<div class=\"wpb_wrapper\">\n\t\t\t<h4 style=\"text-align: left;\"><span style=\"color: #ffffff;\"><strong><img decoding=\"async\" class=\"wp-image-13552 alignleft\" src=\"https:\/\/dincarchitect.com\/wp-content\/uploads\/2023\/06\/dincarchitect-customer.png\" alt=\"\" width=\"102\" height=\"102\" srcset=\"https:\/\/dincarchitect.com\/wp-content\/uploads\/2023\/06\/dincarchitect-customer.png 240w, https:\/\/dincarchitect.com\/wp-content\/uploads\/2023\/06\/dincarchitect-customer-150x150.png 150w, https:\/\/dincarchitect.com\/wp-content\/uploads\/2023\/06\/dincarchitect-customer-72x72.png 72w\" sizes=\"(max-width: 102px) 100vw, 102px\" \/><\/strong><strong>Avec nous, soit vous restez satisfait, soit votre argent est rembours\u00e9.<\/strong><\/span><\/h4>\n<h4 style=\"text-align: left;\"><span style=\"color: #ffffff;\"><strong>Nous sommes ici pour te rendre heureux!<\/strong><\/span><\/h4>\n<h2 style=\"text-align: left;\"><span style=\"color: #ffffff;\">Note globale 4.9\/5<\/span><\/h2>\n\n\t\t<\/div>\n\t<\/div>\n<\/div><\/div><\/div><div class=\"wpb_column vc_column_container vc_col-sm-6\"><div class=\"vc_column-inner\"><div class=\"wpb_wrapper\">\n\t<div class=\"wpb_text_column wpb_content_element\" >\n\t\t<div class=\"wpb_wrapper\">\n\t\t\t<p><span style=\"color: #ffffff;\">Nous appr\u00e9cions les commentaires des clients et n&#039;acceptons que les avis des clients qui ont effectivement pass\u00e9 une commande chez nous. <\/span><br \/>\n<span style=\"color: #ffffff;\">Notre priorit\u00e9 est votre satisfaction, et si pour une raison quelconque vous n&#039;\u00eates pas satisfait de nos services, nous offrons une garantie de remboursement. <\/span><br \/>\n<span style=\"color: #ffffff;\">Notre objectif est de vous rendre heureux, et nos avis refl\u00e8tent les exp\u00e9riences authentiques de nos clients. <\/span><br \/>\n<span style=\"color: #ffffff;\">Avec une note globale de 4,9\/5, vous pouvez vous fier \u00e0 la qualit\u00e9 et \u00e0 la fiabilit\u00e9 de nos services. <\/span><br \/>\n<span style=\"color: #ffffff;\">Choisissez DincArchitect et faites l&#039;exp\u00e9rience de l&#039;excellence dans la conception architecturale.<\/span><\/p>\n\n\t\t<\/div>\n\t<\/div>\n\n\t<div class=\"wpb_text_column wpb_content_element\" >\n\t\t<div class=\"wpb_wrapper\">\n\t\t\t\n\t\t<\/div>\n\t<\/div>\n<\/div><\/div><\/div><\/div><div class=\"vc_row-full-width vc_clearfix\"><\/div><div class=\"vc_row wpb_row vc_row-fluid\"><div class=\"wpb_column vc_column_container vc_col-sm-12\"><div class=\"vc_column-inner\"><div class=\"wpb_wrapper\"><div class=\"testimonial image-left testimonial-light spacing-30\"><div class=\"content-box\"><div class=\"content-box-info\"><div class=\"profile\"><img decoding=\"async\" src=\"https:\/\/dincarchitect.com\/wp-content\/uploads\/2016\/08\/150x150-150x150.png\" alt=\"Patrick Y\"><p class=\"name\">Patrick Y<\/p><p class=\"company\">Architecte<\/p><\/div><div class=\"testimonial-content\"><p class=\"testimonial-headline\">Professionnalisme, conseils d&#039;experts et respect du budget - hautement recommand\u00e9\u00a0!<\/p><p>Merci beaucoup pour votre professionnalisme, vos pr\u00e9cieux conseils et surtout pour le respect de mon budget et de mes id\u00e9es. Votre \u00e9quipe est excellente pour fournir des visualisations 3D. Je recommanderai certainement vos services \u00e0 toute personne \u00e0 la recherche d&#039;un grand architecte.<\/p><\/div><\/div><\/div><\/div><div class=\"testimonial image-left testimonial-light spacing-30\"><div class=\"content-box\"><div class=\"content-box-info\"><div class=\"profile\"><img decoding=\"async\" src=\"https:\/\/dincarchitect.com\/wp-content\/uploads\/2016\/08\/150x150-150x150.png\" alt=\"PierreF.\"><p class=\"name\">PierreF.<\/p><p class=\"company\">D\u00e9veloppeur<\/p><\/div><div class=\"testimonial-content\"><p class=\"testimonial-headline\">R\u00e9pond rapidement \u00e0 mes besoins<\/p><p>Mon projet : Ensemble, nous avons transform\u00e9 l&#039;entr\u00e9e de mon appartement. Vous avez rapidement r\u00e9pondu \u00e0 mes besoins, allant au-del\u00e0 de mes attentes. Merci beaucoup!<\/p><\/div><\/div><\/div><\/div><div class=\"testimonial image-left testimonial-light spacing-30\"><div class=\"content-box\"><div class=\"content-box-info\"><div class=\"profile\"><img decoding=\"async\" src=\"https:\/\/dincarchitect.com\/wp-content\/uploads\/2016\/08\/150x150-150x150.png\" alt=\"C\u00e9line M\"><p class=\"name\">C\u00e9line M<\/p><p class=\"company\">Architecte<\/p><\/div><div class=\"testimonial-content\"><p class=\"testimonial-headline\">Tr\u00e8s professionnel \ud83d\udc4d<\/p><p>Tr\u00e8s professionnel \ud83d\udc4d<\/p><\/div><\/div><\/div><\/div><div class=\"testimonial image-left testimonial-light spacing-30\"><div class=\"content-box\"><div class=\"content-box-info\"><div class=\"profile\"><img decoding=\"async\" src=\"https:\/\/dincarchitect.com\/wp-content\/uploads\/2016\/08\/150x150-150x150.png\" alt=\"Blandine D.\"><p class=\"name\">Blandine D.<\/p><p class=\"company\">Client<\/p><\/div><div class=\"testimonial-content\"><p class=\"testimonial-headline\">Service et r\u00e9sultats exceptionnels\u00a0: notre exp\u00e9rience avec DA Studio<\/p><p>Nous avons choisi de travailler avec DA Studio pour nos plans de r\u00e9novation. Ils nous ont \u00e9cout\u00e9s attentivement, nous ont fourni des suggestions judicieuses et se sont montr\u00e9s tr\u00e8s efficaces. Nous avons \u00e9t\u00e9 enti\u00e8rement satisfaits des plans que nous avons re\u00e7us, ce qui a grandement facilit\u00e9 notre futur processus de planification. Je les recommande chaleureusement sans aucune h\u00e9sitation ! Merci DA Studio !\r\n\r\n&nbsp;<\/p><\/div><\/div><\/div><\/div><div class=\"testimonial image-left testimonial-light spacing-30\"><div class=\"content-box\"><div class=\"content-box-info\"><div class=\"profile\"><img decoding=\"async\" src=\"https:\/\/dincarchitect.com\/wp-content\/uploads\/2016\/08\/150x150-150x150.png\" alt=\"JulieA.\"><p class=\"name\">JulieA.<\/p><p class=\"company\">Architecte<\/p><\/div><div class=\"testimonial-content\"><p class=\"testimonial-headline\">Je suis enti\u00e8rement satisfait du r\u00e9sultat.<\/p><p>Je suis enti\u00e8rement satisfait du r\u00e9sultat. Ils ont rapidement trait\u00e9 et r\u00e9solu tous les probl\u00e8mes. Bien jou\u00e9 et merci!<\/p><\/div><\/div><\/div><\/div><div class=\"testimonial image-left testimonial-light spacing-30\"><div class=\"content-box\"><div class=\"content-box-info\"><div class=\"profile\"><img decoding=\"async\" src=\"https:\/\/dincarchitect.com\/wp-content\/uploads\/2016\/08\/150x150-150x150.png\" alt=\"Promoteur C.\"><p class=\"name\">Promoteur C.<\/p><p class=\"company\">Promoteur<\/p><\/div><div class=\"testimonial-content\"><p class=\"testimonial-headline\">Un travail rapide et efficace<\/p><p>Un travail rapide et efficace, je recommande vivement !<\/p><\/div><\/div><\/div><\/div><div class=\"testimonial image-left testimonial-light spacing-30\"><div class=\"content-box\"><div class=\"content-box-info\"><div class=\"profile\"><img decoding=\"async\" src=\"https:\/\/dincarchitect.com\/wp-content\/uploads\/2016\/08\/150x150-150x150.png\" alt=\"Ougour Y.\"><p class=\"name\">Ougour Y.<\/p><p class=\"company\">Fournisseur de services<\/p><\/div><div class=\"testimonial-content\"><p class=\"testimonial-headline\">Ses comp\u00e9tences en animation architecturale 3D sont remarquables<\/p><p>La r\u00e9ponse a \u00e9t\u00e9 incroyablement rapide et a compris exactement ce dont j&#039;avais besoin, m\u00eame lorsque je n&#039;\u00e9tais pas tr\u00e8s articul\u00e9. Il a fait un excellent travail en peu de temps. Je suis extr\u00eamement satisfait de sa patience, de sa cr\u00e9ativit\u00e9 et de son d\u00e9vouement \u00e0 notre projet. Ses comp\u00e9tences en animation architecturale 3D sont remarquables. Je le recommande fortement! (Ps\u00a0: il \u00e9tait ouvert aux r\u00e9visions, modifications, etc.)<\/p><\/div><\/div><\/div><\/div><div class=\"testimonial image-left testimonial-light spacing-30\"><div class=\"content-box\"><div class=\"content-box-info\"><div class=\"profile\"><img decoding=\"async\" src=\"https:\/\/dincarchitect.com\/wp-content\/uploads\/2016\/08\/150x150-150x150.png\" alt=\"Michel T.\"><p class=\"name\">Michel T.<\/p><p class=\"company\">Architecte<\/p><\/div><div class=\"testimonial-content\"><p class=\"testimonial-headline\">S\u00e9rieux et responsable, je le recommande \u00e0 tout le monde !<\/p><p>S\u00e9rieux et responsable, je le recommande \u00e0 tout le monde !<\/p><\/div><\/div><\/div><\/div><div class=\"testimonial image-left testimonial-light spacing-30\"><div class=\"content-box\"><div class=\"content-box-info\"><div class=\"profile\"><img decoding=\"async\" src=\"https:\/\/dincarchitect.com\/wp-content\/uploads\/2016\/08\/150x150-150x150.png\" alt=\"Karim B.\"><p class=\"name\">Karim B.<\/p><p class=\"company\">Architecte<\/p><\/div><div class=\"testimonial-content\"><p class=\"testimonial-headline\">Vraiment super architecte !<\/p><p>Nous avons vraiment ador\u00e9 l&#039;agencement de nos appartements, un architecte vraiment g\u00e9nial ! \ud83d\udc4d\ud83d\udc4d\ud83d\udc4d<\/p><\/div><\/div><\/div><\/div><div class=\"testimonial image-left testimonial-light spacing-30\"><div class=\"content-box\"><div class=\"content-box-info\"><div class=\"profile\"><img decoding=\"async\" src=\"https:\/\/dincarchitect.com\/wp-content\/uploads\/2016\/08\/150x150-150x150.png\" alt=\"Zeynep C.\"><p class=\"name\">Zeynep C.<\/p><p class=\"company\">Architecte<\/p><\/div><div class=\"testimonial-content\"><p class=\"testimonial-headline\">Entreprise professionnelle et de qualit\u00e9<\/p><p>Entreprise professionnelle et de qualit\u00e9. Je les recommande fortement.<\/p><\/div><\/div><\/div><\/div><div class=\"testimonial image-left testimonial-light spacing-30\"><div class=\"content-box\"><div class=\"content-box-info\"><div class=\"profile\"><img decoding=\"async\" src=\"https:\/\/dincarchitect.com\/wp-content\/uploads\/2016\/08\/150x150-150x150.png\" alt=\"Am\u00e9lie P.\"><p class=\"name\">Am\u00e9lie P.<\/p><p class=\"company\">Architecte<\/p><\/div><div class=\"testimonial-content\"><p class=\"testimonial-headline\"> Je n&#039;ai pas \u00e9t\u00e9 d\u00e9\u00e7u.<\/p><p>DA Studio a non seulement fourni un excellent rapport qualit\u00e9-prix, mais a \u00e9galement obtenu un r\u00e9sultat tr\u00e8s satisfaisant. Je recommande fortement leurs services, car ils ont rencontr\u00e9 et d\u00e9pass\u00e9 toutes les attentes. Je n&#039;ai pas \u00e9t\u00e9 d\u00e9\u00e7u.<\/p><\/div><\/div><\/div><\/div><\/div><\/div><\/div><\/div>\n<\/section>","protected":false},"excerpt":{"rendered":"100% Avis authentiques Avec nous, soit vous restez satisfait, soit votre argent est rembours\u00e9. Nous sommes ici pour te rendre heureux! Note globale 4,9\/5 Nous appr\u00e9cions les commentaires des clients et n&#039;acceptons que les avis des clients qui ont effectivement pass\u00e9 une commande chez nous. Notre priorit\u00e9 est votre satisfaction, et si pour une raison quelconque vous n&#039;\u00eates pas satisfait [...]","protected":false},"author":1,"featured_media":0,"parent":0,"menu_order":0,"comment_status":"closed","ping_status":"closed","template":"","meta":{"footnotes":""},"acf":[],"_links":{"self":[{"href":"https:\/\/dincarchitect.com\/fr\/wp-json\/wp\/v2\/pages\/22"}],"collection":[{"href":"https:\/\/dincarchitect.com\/fr\/wp-json\/wp\/v2\/pages"}],"about":[{"href":"https:\/\/dincarchitect.com\/fr\/wp-json\/wp\/v2\/types\/page"}],"author":[{"embeddable":true,"href":"https:\/\/dincarchitect.com\/fr\/wp-json\/wp\/v2\/users\/1"}],"replies":[{"embeddable":true,"href":"https:\/\/dincarchitect.com\/fr\/wp-json\/wp\/v2\/comments?post=22"}],"version-history":[{"count":0,"href":"https:\/\/dincarchitect.com\/fr\/wp-json\/wp\/v2\/pages\/22\/revisions"}],"wp:attachment":[{"href":"https:\/\/dincarchitect.com\/fr\/wp-json\/wp\/v2\/media?parent=22"}],"curies":[{"name":"wp","href":"https:\/\/api.w.org\/{rel}","templated":true}]}}