{"id":14208,"date":"2023-06-12T21:49:06","date_gmt":"2023-06-12T21:49:06","guid":{"rendered":"https:\/\/dincarchitect.com\/?page_id=14208"},"modified":"2023-06-12T21:53:53","modified_gmt":"2023-06-12T21:53:53","slug":"cookie-policy","status":"publish","type":"page","link":"https:\/\/dincarchitect.com\/fr\/cookie-policy\/","title":{"rendered":"Politique relative aux cookies"},"content":{"rendered":"<section class=\"wpb-content-wrapper\"><div class=\"vc_row wpb_row vc_row-fluid vc_custom_1686439582595\"><div class=\"wpb_column vc_column_container vc_col-sm-12\"><div class=\"vc_column-inner\"><div class=\"wpb_wrapper\"><span class=\"subtitle dash-true style-dark text-default\">dincarchitect.com<\/span>\n\t<div class=\"wpb_text_column wpb_content_element\" >\n\t\t<div class=\"wpb_wrapper\">\n\t\t\t<h2 style=\"text-align: center;\">Politique relative aux cookies<\/h2>\n\n\t\t<\/div>\n\t<\/div>\n<\/div><\/div><\/div><\/div><div class=\"vc_row wpb_row vc_row-fluid vc_custom_1686439565266\"><div class=\"wpb_column vc_column_container vc_col-sm-12\"><div class=\"vc_column-inner\"><div class=\"wpb_wrapper\">\n\t<div class=\"wpb_text_column wpb_content_element\" >\n\t\t<div class=\"wpb_wrapper\">\n\t\t\t<p><strong>POLITIQUE EN MATI\u00c8RE DE COOKIES<\/strong><\/p>\n<p>Cette politique relative aux cookies (\u00ab\u00a0Politique\u00a0\u00bb) s&#039;applique au site Web https:\/\/dincarchitect.com\/ (\u00ab\u00a0Site Web\u00a0\u00bb) exploit\u00e9 par DA Studio (\u00ab\u00a0Soci\u00e9t\u00e9\u00a0\u00bb). Cette politique explique comment la soci\u00e9t\u00e9 utilise des cookies et des technologies similaires pour collecter et stocker des informations lorsque vous visitez le site Web.<\/p>\n<p><strong>1. Que sont les cookies ?<\/strong><\/p>\n<p>Les cookies sont de petits fichiers texte qui sont plac\u00e9s sur votre terminal (ordinateur, smartphone, tablette) lorsque vous visitez un site Internet. Ils aident la Soci\u00e9t\u00e9 \u00e0 am\u00e9liorer la fonctionnalit\u00e9 et l&#039;exp\u00e9rience utilisateur du Site Web. Les cookies peuvent collecter et stocker des informations sur votre appareil et vos activit\u00e9s de navigation.<\/p>\n<p><strong>2. Types de cookies utilis\u00e9s<\/strong><\/p>\n<p>La Soci\u00e9t\u00e9 utilise les types de cookies suivants sur le Site :<\/p>\n<p>Cookies strictement n\u00e9cessaires : Ces cookies sont essentiels au fonctionnement du site Web et vous permettent de naviguer et d&#039;utiliser ses fonctionnalit\u00e9s.<\/p>\n<p>Cookies de performance : Ces cookies collectent des informations anonymes sur la fa\u00e7on dont les visiteurs utilisent le site Web, telles que le nombre de visiteurs, les pages visit\u00e9es et la source du trafic. Ces informations aident la Soci\u00e9t\u00e9 \u00e0 am\u00e9liorer les performances du Site.<\/p>\n<p>Cookies de fonctionnalit\u00e9 : ces cookies permettent au site Web de m\u00e9moriser vos pr\u00e9f\u00e9rences et de fournir des fonctionnalit\u00e9s am\u00e9lior\u00e9es, telles que des param\u00e8tres personnalis\u00e9s et des pr\u00e9f\u00e9rences enregistr\u00e9es.<\/p>\n<p><strong>3. Cookies tiers<\/strong><\/p>\n<p>La Soci\u00e9t\u00e9 peut \u00e9galement autoriser des fournisseurs de services tiers \u00e0 placer des cookies sur le site Web pour effectuer des analyses, fournir des publicit\u00e9s et offrir des fonctionnalit\u00e9s suppl\u00e9mentaires. Ces tiers ont leurs propres politiques de confidentialit\u00e9 et la Soci\u00e9t\u00e9 n&#039;a aucun contr\u00f4le sur leurs cookies. Nous vous recommandons de consulter les politiques de confidentialit\u00e9 respectives de ces tiers.<\/p>\n<p><strong>4. Gestion des cookies<\/strong><\/p>\n<p>En utilisant le site Web, vous consentez \u00e0 l&#039;utilisation de cookies comme d\u00e9crit dans la pr\u00e9sente politique. Vous avez la possibilit\u00e9 de g\u00e9rer ou de d\u00e9sactiver les cookies via les param\u00e8tres de votre navigateur. Cependant, veuillez noter que la d\u00e9sactivation de certains cookies peut affecter la fonctionnalit\u00e9 et l&#039;exp\u00e9rience utilisateur du site Web.<\/p>\n<p><strong>5. Coordonn\u00e9es<\/strong><\/p>\n<p>Si vous avez des questions ou des pr\u00e9occupations concernant cette politique relative aux cookies ou l&#039;utilisation des cookies par la soci\u00e9t\u00e9, veuillez nous contacter \u00e0\u00a0:<\/p>\n<p>E-mail: <a href=\"mailto:info@dincarchitect.com\">info@dincarchitect.com<\/a><br \/>\nT\u00e9l\u00e9phone: <a href=\"tel: 33761122801\">+33 7 61 12 28 01<\/a><\/p>\n<p><strong>6. Modifications de la politique<\/strong><\/p>\n<p>La Soci\u00e9t\u00e9 peut mettre \u00e0 jour cette politique de cookies de temps \u00e0 autre. Toute modification sera publi\u00e9e sur le site Web, et votre utilisation continue du site Web apr\u00e8s la publication de toute modification constitue votre acceptation de ces modifications.<\/p>\n\n\t\t<\/div>\n\t<\/div>\n<\/div><\/div><\/div><\/div>\n<\/section>","protected":false},"excerpt":{"rendered":"Politique de cookies de dincarchitect.com POLITIQUE DE COOKIES Cette politique de cookies (\u00ab Politique \u00bb) s&#039;applique au site Web https:\/\/dincarchitect.com\/ (\u00ab Site Web \u00bb) exploit\u00e9 par DA Studio (\u00ab Soci\u00e9t\u00e9 \u00bb). Cette politique explique comment la Soci\u00e9t\u00e9 utilise des cookies et des technologies similaires pour collecter et stocker des informations lorsque vous visitez le site Web. 1. Que sont les cookies ? Les cookies sont de petits fichiers texte plac\u00e9s sur votre [...]","protected":false},"author":1,"featured_media":0,"parent":0,"menu_order":0,"comment_status":"closed","ping_status":"closed","template":"","meta":{"footnotes":""},"acf":[],"_links":{"self":[{"href":"https:\/\/dincarchitect.com\/fr\/wp-json\/wp\/v2\/pages\/14208"}],"collection":[{"href":"https:\/\/dincarchitect.com\/fr\/wp-json\/wp\/v2\/pages"}],"about":[{"href":"https:\/\/dincarchitect.com\/fr\/wp-json\/wp\/v2\/types\/page"}],"author":[{"embeddable":true,"href":"https:\/\/dincarchitect.com\/fr\/wp-json\/wp\/v2\/users\/1"}],"replies":[{"embeddable":true,"href":"https:\/\/dincarchitect.com\/fr\/wp-json\/wp\/v2\/comments?post=14208"}],"version-history":[{"count":0,"href":"https:\/\/dincarchitect.com\/fr\/wp-json\/wp\/v2\/pages\/14208\/revisions"}],"wp:attachment":[{"href":"https:\/\/dincarchitect.com\/fr\/wp-json\/wp\/v2\/media?parent=14208"}],"curies":[{"name":"wp","href":"https:\/\/api.w.org\/{rel}","templated":true}]}}