{"id":14204,"date":"2023-06-12T21:38:01","date_gmt":"2023-06-12T21:38:01","guid":{"rendered":"https:\/\/dincarchitect.com\/?page_id=14204"},"modified":"2023-06-12T21:43:08","modified_gmt":"2023-06-12T21:43:08","slug":"data-security","status":"publish","type":"page","link":"https:\/\/dincarchitect.com\/fr\/securite-des-donnees\/","title":{"rendered":"S\u00e9curit\u00e9 des donn\u00e9es"},"content":{"rendered":"<section class=\"wpb-content-wrapper\"><div class=\"vc_row wpb_row vc_row-fluid vc_custom_1686439582595\"><div class=\"wpb_column vc_column_container vc_col-sm-12\"><div class=\"vc_column-inner\"><div class=\"wpb_wrapper\"><span class=\"subtitle dash-true style-dark text-default\">dincarchitect.com<\/span>\n\t<div class=\"wpb_text_column wpb_content_element\" >\n\t\t<div class=\"wpb_wrapper\">\n\t\t\t<h2 style=\"text-align: center;\">S\u00e9curit\u00e9 des donn\u00e9es<\/h2>\n\n\t\t<\/div>\n\t<\/div>\n<\/div><\/div><\/div><\/div><div class=\"vc_row wpb_row vc_row-fluid vc_custom_1686439565266\"><div class=\"wpb_column vc_column_container vc_col-sm-12\"><div class=\"vc_column-inner\"><div class=\"wpb_wrapper\">\n\t<div class=\"wpb_text_column wpb_content_element\" >\n\t\t<div class=\"wpb_wrapper\">\n\t\t\t<p><strong>ACCORD SUR LA S\u00c9CURIT\u00c9 DES DONN\u00c9ES<\/strong><\/p>\n<p>Cet accord de s\u00e9curit\u00e9 des donn\u00e9es (&quot;Accord&quot;) est conclu entre DA Studio, ci-apr\u00e8s d\u00e9nomm\u00e9e &quot;Soci\u00e9t\u00e9&quot;, et les utilisateurs du site Web <a href=\"https:\/\/dincarchitect.com\/fr\/\" target=\"_new\" rel=\"noopener\">https:\/\/dincarchitect.com\/<\/a> (\u00ab\u00a0Utilisateurs\u00a0\u00bb), collectivement d\u00e9nomm\u00e9s les \u00ab\u00a0Parties\u00a0\u00bb.<\/p>\n<p><strong>1. Objet et port\u00e9e<\/strong><\/p>\n<p>Le pr\u00e9sent Contrat a pour objet d&#039;\u00e9tablir les modalit\u00e9s permettant d&#039;assurer la s\u00e9curit\u00e9 et la protection des donn\u00e9es des Utilisateurs collect\u00e9es et trait\u00e9es par la Soci\u00e9t\u00e9. Le pr\u00e9sent accord s&#039;applique \u00e0 toutes les donn\u00e9es collect\u00e9es via le site Web et les services associ\u00e9s fournis par la soci\u00e9t\u00e9.<\/p>\n<p><strong>2. Collecte et traitement des donn\u00e9es<\/strong><\/p>\n<p>La Soci\u00e9t\u00e9 collecte et traite les donn\u00e9es des Utilisateurs uniquement dans le but de fournir les services demand\u00e9s et d&#039;am\u00e9liorer l&#039;exp\u00e9rience utilisateur. Les types de donn\u00e9es collect\u00e9es peuvent inclure des informations personnelles, des coordonn\u00e9es et d&#039;autres donn\u00e9es pertinentes n\u00e9cessaires \u00e0 la fourniture des services.<\/p>\n<p><strong>3. Mesures de s\u00e9curit\u00e9 des donn\u00e9es<\/strong><\/p>\n<p>La Soci\u00e9t\u00e9 mettra en \u0153uvre les mesures techniques et organisationnelles appropri\u00e9es pour assurer la s\u00e9curit\u00e9 et la confidentialit\u00e9 des donn\u00e9es des Utilisateurs. Ces mesures peuvent inclure, mais sans s&#039;y limiter, le cryptage, les contr\u00f4les d&#039;acc\u00e8s, les pare-feu, les sauvegardes r\u00e9guli\u00e8res des donn\u00e9es et la formation des employ\u00e9s sur la protection des donn\u00e9es.<\/p>\n<p><strong>4. Utilisation et divulgation des donn\u00e9es<\/strong><\/p>\n<p>La Soci\u00e9t\u00e9 utilisera les donn\u00e9es des Utilisateurs uniquement aux fins \u00e9nonc\u00e9es dans le pr\u00e9sent Contrat et ne divulguera, ne vendra ni ne transf\u00e9rera ces donn\u00e9es \u00e0 des tiers sans le consentement explicite des Utilisateurs, sauf si les lois et r\u00e9glementations applicables l&#039;exigent ou en r\u00e9ponse \u00e0 demandes l\u00e9gales.<\/p>\n<p><strong>5. Droits de l&#039;utilisateur<\/strong><\/p>\n<p>Les utilisateurs disposent d&#039;un droit d&#039;acc\u00e8s, de rectification et de suppression de leurs donn\u00e9es personnelles d\u00e9tenues par la Soci\u00e9t\u00e9. Les utilisateurs peuvent exercer ces droits en contactant la Soci\u00e9t\u00e9 via l&#039;adresse e-mail ou le num\u00e9ro de t\u00e9l\u00e9phone fournis. La Soci\u00e9t\u00e9 r\u00e9pondra rapidement \u00e0 ces demandes conform\u00e9ment aux lois applicables en mati\u00e8re de protection des donn\u00e9es.<\/p>\n<p><strong>6. Notification de violation de donn\u00e9es<\/strong><\/p>\n<p>En cas de violation de donn\u00e9es pouvant entra\u00eener un acc\u00e8s, une perte ou une divulgation non autoris\u00e9s des donn\u00e9es des Utilisateurs, la Soci\u00e9t\u00e9 informera rapidement les Utilisateurs concern\u00e9s conform\u00e9ment aux exigences l\u00e9gales applicables. La Soci\u00e9t\u00e9 prendra toutes les mesures n\u00e9cessaires pour att\u00e9nuer l&#039;impact de la violation de donn\u00e9es et pr\u00e9venir de futurs \u00e9v\u00e9nements.<\/p>\n<p><strong>7. Droit applicable et juridiction<\/strong><\/p>\n<p>Le pr\u00e9sent Accord sera r\u00e9gi et interpr\u00e9t\u00e9 conform\u00e9ment aux lois de la juridiction o\u00f9 se trouve DA Studio. Tout litige d\u00e9coulant de ou li\u00e9 au pr\u00e9sent Accord sera soumis \u00e0 la comp\u00e9tence exclusive des tribunaux de cette juridiction.<\/p>\n<p><strong>8. Int\u00e9gralit\u00e9 de l&#039;accord<\/strong><\/p>\n<p>Le pr\u00e9sent Accord constitue l&#039;int\u00e9gralit\u00e9 de l&#039;accord entre les Parties concernant l&#039;objet des pr\u00e9sentes et remplace tout accord ou accord ant\u00e9rieur, \u00e9crit ou verbal, relatif \u00e0 cet objet.<\/p>\n<p>En acc\u00e9dant et en utilisant le site Web, les utilisateurs indiquent leur acceptation des termes et conditions \u00e9nonc\u00e9s dans le pr\u00e9sent accord de s\u00e9curit\u00e9 des donn\u00e9es.<\/p>\n\n\t\t<\/div>\n\t<\/div>\n<\/div><\/div><\/div><\/div>\n<\/section>","protected":false},"excerpt":{"rendered":"dincarchitect.com S\u00e9curit\u00e9 des donn\u00e9es ACCORD DE S\u00c9CURIT\u00c9 DES DONN\u00c9ES Cet accord de s\u00e9curit\u00e9 des donn\u00e9es (\u00ab\u00a0Accord\u00a0\u00bb) est conclu entre DA Studio, ci-apr\u00e8s d\u00e9nomm\u00e9 \u00ab\u00a0Soci\u00e9t\u00e9\u00a0\u00bb, et les utilisateurs du site Web https:\/\/dincarchitect.com\/ (\u00ab\u00a0Utilisateurs\u00a0\u00bb ), collectivement appel\u00e9es les \u00ab\u00a0Parties\u00a0\u00bb. 1. Objet et port\u00e9e L&#039;objet du pr\u00e9sent accord est d&#039;\u00e9tablir les modalit\u00e9s et conditions permettant d&#039;assurer la [...]","protected":false},"author":1,"featured_media":0,"parent":0,"menu_order":0,"comment_status":"closed","ping_status":"closed","template":"","meta":{"footnotes":""},"acf":[],"_links":{"self":[{"href":"https:\/\/dincarchitect.com\/fr\/wp-json\/wp\/v2\/pages\/14204"}],"collection":[{"href":"https:\/\/dincarchitect.com\/fr\/wp-json\/wp\/v2\/pages"}],"about":[{"href":"https:\/\/dincarchitect.com\/fr\/wp-json\/wp\/v2\/types\/page"}],"author":[{"embeddable":true,"href":"https:\/\/dincarchitect.com\/fr\/wp-json\/wp\/v2\/users\/1"}],"replies":[{"embeddable":true,"href":"https:\/\/dincarchitect.com\/fr\/wp-json\/wp\/v2\/comments?post=14204"}],"version-history":[{"count":0,"href":"https:\/\/dincarchitect.com\/fr\/wp-json\/wp\/v2\/pages\/14204\/revisions"}],"wp:attachment":[{"href":"https:\/\/dincarchitect.com\/fr\/wp-json\/wp\/v2\/media?parent=14204"}],"curies":[{"name":"wp","href":"https:\/\/api.w.org\/{rel}","templated":true}]}}