{"id":14180,"date":"2023-06-12T20:57:53","date_gmt":"2023-06-12T20:57:53","guid":{"rendered":"https:\/\/dincarchitect.com\/?page_id=14180"},"modified":"2023-09-02T10:30:38","modified_gmt":"2023-09-02T10:30:38","slug":"360-panoramic-view","status":"publish","type":"page","link":"https:\/\/dincarchitect.com\/fr\/vue-panoramique-a-360\/","title":{"rendered":"Vue panoramique \u00e0 360\u00b0"},"content":{"rendered":"<section class=\"wpb-content-wrapper\"><div class=\"vc_row wpb_row vc_row-fluid vc_custom_1537429109529\"><div class=\"wpb_column vc_column_container vc_col-sm-6\"><div class=\"vc_column-inner\"><div class=\"wpb_wrapper\">\n<div class=\"vc_grid-container-wrapper vc_clearfix vc_grid-animation-fadeIn\">\n\t<div class=\"vc_grid-container vc_clearfix wpb_content_element vc_media_grid\" data-initial-loading-animation=\"fadeIn\" data-vc-grid-settings=\"{&quot;page_id&quot;:14180,&quot;style&quot;:&quot;all&quot;,&quot;action&quot;:&quot;vc_get_vc_grid_data&quot;,&quot;shortcode_id&quot;:&quot;1693650607655-38adbb2e-004d-10&quot;,&quot;tag&quot;:&quot;vc_media_grid&quot;}\" data-vc-request=\"https:\/\/dincarchitect.com\/wp-admin\/admin-ajax.php\" data-vc-post-id=\"14180\" data-vc-public-nonce=\"db103255f2\">\n\t\t\n\t<\/div>\n<\/div><\/div><\/div><\/div><div class=\"wpb_column vc_column_container vc_col-sm-6\"><div class=\"vc_column-inner vc_custom_1536840396834\"><div class=\"wpb_wrapper\"><span class=\"subtitle dash-true style-dark text-default\">DA Studio<\/span>\n\t<div class=\"wpb_text_column wpb_content_element\" >\n\t\t<div class=\"wpb_wrapper\">\n\t\t\t<h2>Vue panoramique \u00e0 360\u00b0<\/h2>\n\n\t\t<\/div>\n\t<\/div>\n\n\t<div class=\"wpb_text_column wpb_content_element\" >\n\t\t<div class=\"wpb_wrapper\">\n\t\t\t<p>D\u00e9couvrez notre service Vue Panoramique 360\u00b0, une exp\u00e9rience immersive et interactive qui donne vie \u00e0 vos espaces.<\/p>\n<p>Avec notre vue panoramique \u00e0 360\u00b0, vous pouvez pr\u00e9senter vos projets de mani\u00e8re dynamique et attrayante. Ce service permet aux utilisateurs d&#039;explorer vos espaces sous tous les angles, leur donnant un sentiment r\u00e9aliste d&#039;\u00eatre physiquement pr\u00e9sent dans l&#039;environnement. Qu&#039;il s&#039;agisse d&#039;une propri\u00e9t\u00e9 r\u00e9sidentielle, d&#039;un \u00e9tablissement commercial ou de tout autre type d&#039;espace, notre vue panoramique \u00e0 360\u00b0 ajoute une couche suppl\u00e9mentaire d&#039;interactivit\u00e9 et d&#039;immersion \u00e0 vos pr\u00e9sentations visuelles.<\/p>\n<p>La vue panoramique \u00e0 360\u00b0 de chaque espace peut \u00eatre int\u00e9gr\u00e9e de mani\u00e8re transparente \u00e0 nos vues 3D, offrant une exp\u00e9rience compl\u00e8te et captivante \u00e0 votre public. En combinant la profondeur et les d\u00e9tails de nos visualisations 3D avec la nature interactive de la vue panoramique \u00e0 360\u00b0, vous pouvez communiquer efficacement les caract\u00e9ristiques uniques et les \u00e9l\u00e9ments de conception de vos espaces.<\/p>\n<p>Pour assurer la plus haute qualit\u00e9 et pr\u00e9cision, notre \u00e9quipe utilise des technologies et des techniques avanc\u00e9es pour capturer et restituer les vues panoramiques. Nous accordons une attention m\u00e9ticuleuse aux d\u00e9tails, permettant aux spectateurs de zoomer, de faire pivoter et d&#039;explorer l&#039;espace \u00e0 leur propre rythme. Ce niveau d&#039;interactivit\u00e9 am\u00e9liore non seulement l&#039;exp\u00e9rience utilisateur, mais permet \u00e9galement aux clients, investisseurs ou acheteurs potentiels de prendre des d\u00e9cisions \u00e9clair\u00e9es en fonction de leur exploration virtuelle.<\/p>\n<p>Veuillez noter que la tarification de notre service de vue panoramique \u00e0 360\u00b0 est distincte du co\u00fbt de nos vues 3D. Nous pouvons vous fournir un devis sur mesure en fonction du nombre d&#039;espaces que vous souhaitez inclure et de la complexit\u00e9 du projet.<\/p>\n<p>Contactez-nous d\u00e8s aujourd&#039;hui pour en savoir plus sur notre service de vue panoramique \u00e0 360\u00b0 et discuter de la mani\u00e8re dont il peut am\u00e9liorer vos pr\u00e9sentations visuelles. Nous nous engageons \u00e0 offrir des exp\u00e9riences immersives et engageantes qui captivent votre public et mettent en valeur vos espaces de la meilleure fa\u00e7on possible.<\/p>\n\n\t\t<\/div>\n\t<\/div>\n<\/div><\/div><\/div><\/div><div data-vc-full-width=\"true\" data-vc-full-width-init=\"false\" class=\"vc_row wpb_row vc_row-fluid spaced vc_custom_1686586247876 vc_row-has-fill\"><div class=\"wpb_column vc_column_container vc_col-sm-12\"><div class=\"vc_column-inner\"><div class=\"wpb_wrapper\"><span class=\"subtitle dash-false style-dark text-center\">Comment nous travaillons<\/span>\n\t<div class=\"wpb_text_column wpb_content_element\" >\n\t\t<div class=\"wpb_wrapper\">\n\t\t\t<h2 style=\"text-align: center;\"><span style=\"color: #e37218;\"><strong>Projet efficace <\/strong><\/span><strong>Flux de travail pour un r\u00e9sultat exceptionnel<\/strong><\/h2>\n\n\t\t<\/div>\n\t<\/div>\n<div class=\"dash style-dark centered\"><\/div><div class=\"vc_row wpb_row vc_inner vc_row-fluid vc_custom_1538383845636\"><div class=\"wpb_column vc_column_container vc_col-sm-3\"><div class=\"vc_column-inner\"><div class=\"wpb_wrapper\"><div class=\"number-box style-default spacing-30\"><div class=\"number-box-number\">01<\/div><div class=\"content-box\"><div class=\"content-box-info\"><h3>Soumettre tous les documents du projet<\/h3><p class=\"number-box-content\">Veuillez nous envoyer tous les documents de projet pertinents pour un examen et une analyse approfondis.<\/p><\/div><\/div><\/div><\/div><\/div><\/div><div class=\"wpb_column vc_column_container vc_col-sm-3\"><div class=\"vc_column-inner\"><div class=\"wpb_wrapper\"><div class=\"number-box style-default spacing-30\"><div class=\"number-box-number\">02<\/div><div class=\"content-box\"><div class=\"content-box-info\"><h3>\u00c9valuation de projet rapide et gratuite<\/h3><p class=\"number-box-content\">Nous examinerons attentivement votre projet et vous fournirons une r\u00e9ponse rapide et compl\u00e9mentaire.<\/p><\/div><\/div><\/div><\/div><\/div><\/div><div class=\"wpb_column vc_column_container vc_col-sm-3\"><div class=\"vc_column-inner\"><div class=\"wpb_wrapper\"><div class=\"number-box style-default spacing-30\"><div class=\"number-box-number\">03<\/div><div class=\"content-box\"><div class=\"content-box-info\"><h3>Livraison de d\u00e9monstration apr\u00e8s approbation<\/h3><p class=\"number-box-content\">Apr\u00e8s avoir re\u00e7u votre approbation, nous commencerons rapidement le projet et vous enverrons une d\u00e9mo pour votre examen.<\/p><\/div><\/div><\/div><\/div><\/div><\/div><div class=\"wpb_column vc_column_container vc_col-sm-3\"><div class=\"vc_column-inner\"><div class=\"wpb_wrapper\"><div class=\"number-box style-default spacing-30\"><div class=\"number-box-number\">04<\/div><div class=\"content-box\"><div class=\"content-box-info\"><h3>Paiement et livraison finale<\/h3><p class=\"number-box-content\">D\u00e8s votre approbation du projet, effectuez le paiement et recevez la version finale des livrables.<\/p><\/div><\/div><\/div><\/div><\/div><\/div><\/div><\/div><\/div><\/div><\/div><div class=\"vc_row-full-width vc_clearfix\"><\/div><div class=\"vc_row wpb_row vc_row-fluid vc_custom_1534242606416\"><div class=\"animate wpb_column vc_column_container vc_col-sm-12\"><div class=\"vc_column-inner\"><div class=\"wpb_wrapper\">\n\t<div class=\"wpb_text_column wpb_content_element  vc_custom_1686677450596\" >\n\t\t<div class=\"wpb_wrapper\">\n\t\t\t<h2 style=\"text-align: center;\"><span style=\"color: #e37218;\"><strong>Nos autres services<\/strong><\/span><\/h2>\n\n\t\t<\/div>\n\t<\/div>\n<div class=\"dash style-dark centered\"><\/div>\n\t<div class=\"wpb_raw_code wpb_content_element wpb_raw_html\" >\n\t\t<div class=\"wpb_wrapper\">\n\t\t\t<!-- Birinci hizmet \u00f6\u011fesi -->\n<div id=\"hizmet1\" class=\"wpb_column vc_column_container vc_col-sm-3\">\n<div class=\"vc_column-inner\">\n<div class=\"wpb_wrapper\">\n<div class=\"content-box service-item alignment-default service-box-gray spacing-30\">\n<div class=\"image-container\">\n<div class=\"vertical-number-box\"><span class=\"vertical-number\">01<\/span><\/div>\n<div class=\"arrow-box\"><\/div>\n<img decoding=\"async\" src=\"https:\/\/dincarchitect.com\/wp-content\/uploads\/2023\/06\/dastudio-service-1.jpg\" alt=\"Architecture\" width=\"360\" height=\"500\" \/>\n\n<\/div>\n<div class=\"content-box-info\">\n<div class=\"box-heading-container\">\n<div class=\"box-heading\"><strong>Espace simple<\/strong><\/div>\n<div class=\"price-info-container\"><span class=\"price-info\" style=\"color: #e37218; font-size: 16px;\">49 \u20ac<\/span><\/div>\n<\/div>\n<div style=\"text-align: justify; margin-top: 10px;\">De la chambre, bureau, hall d&#039;entr\u00e9e, salle de bain standard, petite vitrine...<\/div>\n<div class=\"content-description\"><\/div>\n<div class=\"btn-read-more\"><a style=\"color: #e37218;\" href=\"https:\/\/dincarchitect.com\/fr\/espace-simple\/\">Apprendre encore plus<\/a><\/div>\n<\/div>\n<\/div>\n<\/div>\n<\/div>\n<\/div>\n\n<!-- Onalt\u0131nc\u0131 hizmet \u00f6\u011fesi -->\n<div class=\"wpb_column vc_column_container vc_col-sm-3\">\n<div class=\"vc_column-inner\">\n<div class=\"wpb_wrapper\">\n<div class=\"content-box service-item alignment-default service-box-gray spacing-30\">\n<div class=\"image-container\">\n<div class=\"vertical-number-box\"><span class=\"vertical-number\">16<\/span><\/div>\n<div class=\"arrow-box\"><\/div>\n<img decoding=\"async\" src=\"https:\/\/dincarchitect.com\/wp-content\/uploads\/2023\/06\/dastudio-service-16.jpg\" alt=\"Architecture\" width=\"360\" height=\"500\" \/>\n\n<\/div>\n<div class=\"content-box-info\">\n<div class=\"box-heading-container\">\n<div class=\"box-heading\"><strong>Duplicata<\/strong><\/div>\n<div class=\"price-info-container\"><span class=\"price-info\" style=\"color: #e37218; font-size: 16px;\">50 %<\/span><\/div>\n<\/div>\n<div style=\"text-align: justify; margin-top: 10px;\">\n\nDiff\u00e9rents rendus d&#039;angle d&#039;un m\u00eame emplacement, Suppl\u00e9ment suppl\u00e9mentaire \u00e0 ajouter \u00e0 tous nos tarifs.\n\n<\/div>\n<div class=\"content-description\"><\/div>\n<div class=\"btn-read-more\"><a style=\"color: #e37218;\" href=\"https:\/\/dincarchitect.com\/fr\/vue-panoramique-a-360\/\">Apprendre encore plus<\/a><\/div>\n<\/div>\n<\/div>\n<\/div>\n<\/div>\n<\/div>\n\n<!-- Yedinci hizmet \u00f6\u011fesi -->\n<div class=\"wpb_column vc_column_container vc_col-sm-3\">\n<div class=\"vc_column-inner\">\n<div class=\"wpb_wrapper\">\n<div class=\"content-box service-item alignment-default service-box-gray spacing-30\">\n<div class=\"image-container\">\n<div class=\"vertical-number-box\"><span class=\"vertical-number\">07<\/span><\/div>\n<div class=\"arrow-box\"><\/div>\n<img decoding=\"async\" src=\"https:\/\/dincarchitect.com\/wp-content\/uploads\/2023\/06\/dastudio-service-7.jpg\" alt=\"Architecture\" width=\"360\" height=\"500\" \/>\n\n<\/div>\n<div class=\"content-box-info\">\n<div class=\"box-heading-container\">\n<div class=\"box-heading\"><strong>Photomontage<\/strong><\/div>\n<div class=\"price-info-container\"><span class=\"price-info\" style=\"color: #e37218; font-size: 16px;\">149 \u20ac<\/span><\/div>\n<\/div>\n<div style=\"text-align: justify; margin-top: 10px;\">\n\nMaison individuelle avec ou sans ext\u00e9rieur...\n\n<\/div>\n<div class=\"content-description\"><\/div>\n<div class=\"btn-read-more\"><a style=\"color: #e37218;\" href=\"https:\/\/dincarchitect.com\/fr\/photomontage\/\">Apprendre encore plus<\/a><\/div>\n<\/div>\n<\/div>\n<\/div>\n<\/div>\n<\/div>\n\n\n<!-- Dokuzuncu hizmet \u00f6\u011fesi -->\n<div class=\"wpb_column vc_column_container vc_col-sm-3\">\n<div class=\"vc_column-inner\">\n<div class=\"wpb_wrapper\">\n<div class=\"content-box service-item alignment-default service-box-gray spacing-30\">\n<div class=\"image-container\">\n<div class=\"vertical-number-box\"><span class=\"vertical-number\">09<\/span><\/div>\n<div class=\"arrow-box\"><\/div>\n<img decoding=\"async\" src=\"https:\/\/dincarchitect.com\/wp-content\/uploads\/2023\/06\/dastudio-service-9.jpg\" alt=\"Architecture\" width=\"360\" height=\"500\" \/>\n\n<\/div>\n<div class=\"content-box-info\">\n<div class=\"box-heading-container\">\n<div class=\"box-heading\"><strong>Film 1<\/strong><\/div>\n<div class=\"price-info-container\"><span class=\"price-info\" style=\"color: #e37218; font-size: 16px;\">399 \u20ac<\/span><\/div>\n<\/div>\n<div style=\"text-align: justify; margin-top: 10px;\">\n\nPack d&#039;un film d&#039;une dur\u00e9e inf\u00e9rieure \u00e0 1 minute...\n\n<\/div>\n<div class=\"content-description\"><\/div>\n<div class=\"btn-read-more\"><a style=\"color: #e37218;\" href=\"https:\/\/dincarchitect.com\/fr\/film-1-minute\/\">Apprendre encore plus<\/a><\/div>\n<\/div>\n<\/div>\n<\/div>\n<\/div>\n<\/div>\n\t\t<\/div>\n\t<\/div>\n<\/div><\/div><\/div><\/div>\n<\/section>","protected":false},"excerpt":{"rendered":"DA Studio 360\u00b0 Panoramic View Introducing our 360\u00b0 Panoramic View service, an immersive and interactive experience that brings your spaces to life. With our 360\u00b0 Panoramic View, you can showcase your projects in a dynamic and engaging way. This service allows users to explore your spaces from every angle, giving them a realistic sense of [...]","protected":false},"author":1,"featured_media":10877,"parent":0,"menu_order":0,"comment_status":"closed","ping_status":"closed","template":"","meta":{"footnotes":""},"acf":[],"_links":{"self":[{"href":"https:\/\/dincarchitect.com\/fr\/wp-json\/wp\/v2\/pages\/14180"}],"collection":[{"href":"https:\/\/dincarchitect.com\/fr\/wp-json\/wp\/v2\/pages"}],"about":[{"href":"https:\/\/dincarchitect.com\/fr\/wp-json\/wp\/v2\/types\/page"}],"author":[{"embeddable":true,"href":"https:\/\/dincarchitect.com\/fr\/wp-json\/wp\/v2\/users\/1"}],"replies":[{"embeddable":true,"href":"https:\/\/dincarchitect.com\/fr\/wp-json\/wp\/v2\/comments?post=14180"}],"version-history":[{"count":0,"href":"https:\/\/dincarchitect.com\/fr\/wp-json\/wp\/v2\/pages\/14180\/revisions"}],"wp:featuredmedia":[{"embeddable":true,"href":"https:\/\/dincarchitect.com\/fr\/wp-json\/wp\/v2\/media\/10877"}],"wp:attachment":[{"href":"https:\/\/dincarchitect.com\/fr\/wp-json\/wp\/v2\/media?parent=14180"}],"curies":[{"name":"wp","href":"https:\/\/api.w.org\/{rel}","templated":true}]}}