{"id":14162,"date":"2023-06-12T20:51:18","date_gmt":"2023-06-12T20:51:18","guid":{"rendered":"https:\/\/dincarchitect.com\/?page_id=14162"},"modified":"2023-09-02T08:45:31","modified_gmt":"2023-09-02T08:45:31","slug":"photo-montage-2","status":"publish","type":"page","link":"https:\/\/dincarchitect.com\/fr\/photo-montage-2\/","title":{"rendered":"Montage photo ext\u00e9rieur"},"content":{"rendered":"<section class=\"wpb-content-wrapper\"><div class=\"vc_row wpb_row vc_row-fluid vc_custom_1537429109529\"><div class=\"wpb_column vc_column_container vc_col-sm-6\"><div class=\"vc_column-inner\"><div class=\"wpb_wrapper\">\n<div class=\"vc_grid-container-wrapper vc_clearfix vc_grid-animation-fadeIn\">\n\t<div class=\"vc_grid-container vc_clearfix wpb_content_element vc_media_grid\" data-initial-loading-animation=\"fadeIn\" data-vc-grid-settings=\"{&quot;page_id&quot;:14162,&quot;style&quot;:&quot;all&quot;,&quot;action&quot;:&quot;vc_get_vc_grid_data&quot;,&quot;shortcode_id&quot;:&quot;1693643803707-7124e00b-0dce-10&quot;,&quot;tag&quot;:&quot;vc_media_grid&quot;}\" data-vc-request=\"https:\/\/dincarchitect.com\/wp-admin\/admin-ajax.php\" data-vc-post-id=\"14162\" data-vc-public-nonce=\"db103255f2\">\n\t\t\n\t<\/div>\n<\/div><\/div><\/div><\/div><div class=\"wpb_column vc_column_container vc_col-sm-6\"><div class=\"vc_column-inner vc_custom_1536840396834\"><div class=\"wpb_wrapper\"><span class=\"subtitle dash-true style-dark text-default\">DA Studio<\/span>\n\t<div class=\"wpb_text_column wpb_content_element\" >\n\t\t<div class=\"wpb_wrapper\">\n\t\t\t<h2>Montage photo ext\u00e9rieur<\/h2>\n\n\t\t<\/div>\n\t<\/div>\n\n\t<div class=\"wpb_text_column wpb_content_element\" >\n\t\t<div class=\"wpb_wrapper\">\n\t\t\t<p>D\u00e9couvrez notre service Photo Montage, sp\u00e9cialement con\u00e7u pour les immeubles individuels avec ou sans fa\u00e7ade ext\u00e9rieure.<\/p>\n<p>Que vous ayez des plans pour une r\u00e9sidence autonome ou une structure commerciale, notre service de montage photo donne vie \u00e0 votre vision architecturale gr\u00e2ce \u00e0 des images r\u00e9alistes et visuellement convaincantes.<\/p>\n<p>Notre \u00e9quipe de professionnels qualifi\u00e9s utilise des techniques num\u00e9riques avanc\u00e9es et une expertise artistique pour cr\u00e9er de superbes repr\u00e9sentations de votre projet. Nous pouvons mettre en valeur l&#039;ext\u00e9rieur du b\u00e2timent, en mettant en valeur ses caract\u00e9ristiques uniques et sa conception architecturale, ou fournir des perspectives int\u00e9rieures qui vous permettent de visualiser l&#039;am\u00e9nagement et l&#039;ambiance de l&#039;espace.<\/p>\n<p>Avec notre service de montage photo, vous avez la possibilit\u00e9 d&#039;explorer diff\u00e9rentes options de conception et de prendre des d\u00e9cisions \u00e9clair\u00e9es concernant les mat\u00e9riaux, les couleurs et les finitions. Que vous souhaitiez voir \u00e0 quoi ressemble le b\u00e2timent dans diff\u00e9rentes conditions d&#039;\u00e9clairage ou comment il se fond harmonieusement avec l&#039;environnement environnant, nous pouvons cr\u00e9er les visuels dont vous avez besoin.<\/p>\n<p>Notre objectif est de vous fournir des images tr\u00e8s r\u00e9alistes et visuellement attrayantes qui transmettent avec pr\u00e9cision l&#039;essence de votre projet de construction individuelle. Nous comprenons l&#039;importance d&#039;une communication visuelle efficace pour attirer des clients et des parties prenantes potentiels.<\/p>\n<p>Contactez-nous d\u00e8s aujourd&#039;hui pour discuter de vos besoins sp\u00e9cifiques et laissez notre service de montage photo donner vie \u00e0 votre projet de construction individuelle.<\/p>\n\n\t\t<\/div>\n\t<\/div>\n<\/div><\/div><\/div><\/div><div data-vc-full-width=\"true\" data-vc-full-width-init=\"false\" class=\"vc_row wpb_row vc_row-fluid spaced vc_custom_1686586247876 vc_row-has-fill\"><div class=\"wpb_column vc_column_container vc_col-sm-12\"><div class=\"vc_column-inner\"><div class=\"wpb_wrapper\"><span class=\"subtitle dash-false style-dark text-center\">Comment nous travaillons<\/span>\n\t<div class=\"wpb_text_column wpb_content_element\" >\n\t\t<div class=\"wpb_wrapper\">\n\t\t\t<h2 style=\"text-align: center;\"><span style=\"color: #e37218;\"><strong>Projet efficace <\/strong><\/span><strong>Flux de travail pour un r\u00e9sultat exceptionnel<\/strong><\/h2>\n\n\t\t<\/div>\n\t<\/div>\n<div class=\"dash style-dark centered\"><\/div><div class=\"vc_row wpb_row vc_inner vc_row-fluid vc_custom_1538383845636\"><div class=\"wpb_column vc_column_container vc_col-sm-3\"><div class=\"vc_column-inner\"><div class=\"wpb_wrapper\"><div class=\"number-box style-default spacing-30\"><div class=\"number-box-number\">01<\/div><div class=\"content-box\"><div class=\"content-box-info\"><h3>Soumettre tous les documents du projet<\/h3><p class=\"number-box-content\">Veuillez nous envoyer tous les documents de projet pertinents pour un examen et une analyse approfondis.<\/p><\/div><\/div><\/div><\/div><\/div><\/div><div class=\"wpb_column vc_column_container vc_col-sm-3\"><div class=\"vc_column-inner\"><div class=\"wpb_wrapper\"><div class=\"number-box style-default spacing-30\"><div class=\"number-box-number\">02<\/div><div class=\"content-box\"><div class=\"content-box-info\"><h3>\u00c9valuation de projet rapide et gratuite<\/h3><p class=\"number-box-content\">Nous examinerons attentivement votre projet et vous fournirons une r\u00e9ponse rapide et compl\u00e9mentaire.<\/p><\/div><\/div><\/div><\/div><\/div><\/div><div class=\"wpb_column vc_column_container vc_col-sm-3\"><div class=\"vc_column-inner\"><div class=\"wpb_wrapper\"><div class=\"number-box style-default spacing-30\"><div class=\"number-box-number\">03<\/div><div class=\"content-box\"><div class=\"content-box-info\"><h3>Livraison de d\u00e9monstration apr\u00e8s approbation<\/h3><p class=\"number-box-content\">Apr\u00e8s avoir re\u00e7u votre approbation, nous commencerons rapidement le projet et vous enverrons une d\u00e9mo pour votre examen.<\/p><\/div><\/div><\/div><\/div><\/div><\/div><div class=\"wpb_column vc_column_container vc_col-sm-3\"><div class=\"vc_column-inner\"><div class=\"wpb_wrapper\"><div class=\"number-box style-default spacing-30\"><div class=\"number-box-number\">04<\/div><div class=\"content-box\"><div class=\"content-box-info\"><h3>Paiement et livraison finale<\/h3><p class=\"number-box-content\">D\u00e8s votre approbation du projet, effectuez le paiement et recevez la version finale des livrables.<\/p><\/div><\/div><\/div><\/div><\/div><\/div><\/div><\/div><\/div><\/div><\/div><div class=\"vc_row-full-width vc_clearfix\"><\/div><div class=\"vc_row wpb_row vc_row-fluid vc_custom_1534242606416\"><div class=\"animate wpb_column vc_column_container vc_col-sm-12\"><div class=\"vc_column-inner\"><div class=\"wpb_wrapper\">\n\t<div class=\"wpb_text_column wpb_content_element  vc_custom_1686677282317\" >\n\t\t<div class=\"wpb_wrapper\">\n\t\t\t<h2 style=\"text-align: center;\"><span style=\"color: #e37218;\"><strong>Nos autres services<\/strong><\/span><\/h2>\n\n\t\t<\/div>\n\t<\/div>\n<div class=\"dash style-dark centered\"><\/div>\n\t<div class=\"wpb_raw_code wpb_content_element wpb_raw_html\" >\n\t\t<div class=\"wpb_wrapper\">\n\t\t\t<!-- D\u00f6rd\u00fcnc\u00fc hizmet \u00f6\u011fesi -->\n<div class=\"wpb_column vc_column_container vc_col-sm-3\">\n<div class=\"vc_column-inner\">\n<div class=\"wpb_wrapper\">\n<div class=\"content-box service-item alignment-default service-box-gray spacing-30\">\n<div class=\"image-container\">\n<div class=\"vertical-number-box\"><span class=\"vertical-number\">04<\/span><\/div>\n<div class=\"arrow-box\"><\/div>\n<img decoding=\"async\" src=\"https:\/\/dincarchitect.com\/wp-content\/uploads\/2023\/06\/dastudio-service-4.jpg\" alt=\"Architecture\" width=\"360\" height=\"500\" \/>\n\n<\/div>\n<div class=\"content-box-info\">\n<div class=\"box-heading-container\">\n<div class=\"box-heading\"><strong>Espace surdimensionn\u00e9<\/strong><\/div>\n<div class=\"price-info-container\"><span class=\"price-info\" style=\"color: #e37218; font-size: 16px;\">199 \u20ac<\/span><\/div>\n<\/div>\n<div style=\"text-align: justify; margin-top: 10px;\">\n\nMagasin, salle de restaurant, salle de spectacles... Tarif de base indicatif.\n\n<\/div>\n<div class=\"content-description\"><\/div>\n<div class=\"btn-read-more\"><a style=\"color: #e37218;\" href=\"https:\/\/dincarchitect.com\/fr\/zone-non-standard\/\">Apprendre encore plus<\/a><\/div>\n<div><\/div>\n<\/div>\n<\/div>\n<\/div>\n<\/div>\n<\/div>\n\n\n<!-- Onuncu hizmet \u00f6\u011fesi -->\n<div class=\"wpb_column vc_column_container vc_col-sm-3\">\n<div class=\"vc_column-inner\">\n<div class=\"wpb_wrapper\">\n<div class=\"content-box service-item alignment-default service-box-gray spacing-30\">\n<div class=\"image-container\">\n<div class=\"vertical-number-box\"><span class=\"vertical-number\">10<\/span><\/div>\n<div class=\"arrow-box\"><\/div>\n<img decoding=\"async\" src=\"https:\/\/dincarchitect.com\/wp-content\/uploads\/2023\/06\/dastudio-service-10.jpg\" alt=\"Architecture\" width=\"360\" height=\"500\" \/>\n\n<\/div>\n<div class=\"content-box-info\">\n<div class=\"box-heading-container\">\n<div class=\"box-heading\"><strong>Film 2<\/strong><\/div>\n<div class=\"price-info-container\"><span class=\"price-info\" style=\"color: #e37218; font-size: 16px;\">499 \u20ac<\/span><\/div>\n<\/div>\n<div style=\"text-align: justify; margin-top: 10px;\">\n\nPack d&#039;un film de moins de 2 minutes...\n\n<\/div>\n<div class=\"content-description\"><\/div>\n<div class=\"btn-read-more\"><a style=\"color: #e37218;\" href=\"https:\/\/dincarchitect.com\/fr\/film-2-minute\/\">Apprendre encore plus<\/a><\/div>\n<\/div>\n<\/div>\n<\/div>\n<\/div>\n<\/div>\n\n<!-- Onbirinci hizmet \u00f6\u011fesi -->\n<div class=\"wpb_column vc_column_container vc_col-sm-3\">\n<div class=\"vc_column-inner\">\n<div class=\"wpb_wrapper\">\n<div class=\"content-box service-item alignment-default service-box-gray spacing-30\">\n<div class=\"image-container\">\n<div class=\"vertical-number-box\"><span class=\"vertical-number\">11<\/span><\/div>\n<div class=\"arrow-box\"><\/div>\n<img decoding=\"async\" src=\"https:\/\/dincarchitect.com\/wp-content\/uploads\/2023\/06\/dastudio-service-11.jpg\" alt=\"Architecture\" width=\"360\" height=\"500\" \/>\n\n<\/div>\n<div class=\"content-box-info\">\n<div class=\"box-heading-container\">\n<div class=\"box-heading\"><strong>Plan de vente<\/strong><\/div>\n<div class=\"price-info-container\"><span class=\"price-info\" style=\"color: #e37218; font-size: 16px;\">19 \u20ac<\/span><\/div>\n<\/div>\n<div style=\"text-align: justify; margin-top: 10px;\">\n\nPlan de vente pour chaque \u00e9tage...\n\n<\/div>\n<div class=\"content-description\"><\/div>\n<div class=\"btn-read-more\"><a style=\"color: #e37218;\" href=\"https:\/\/dincarchitect.com\/fr\/plan-de-vente\/\">Apprendre encore plus<\/a><\/div>\n<\/div>\n<\/div>\n<\/div>\n<\/div>\n<\/div>\n\n<!-- \u00dc\u00e7\u00fcnc\u00fc hizmet \u00f6\u011fesi -->\n<div class=\"wpb_column vc_column_container vc_col-sm-3\">\n<div class=\"vc_column-inner\">\n<div class=\"wpb_wrapper\">\n<div class=\"content-box service-item alignment-default service-box-gray spacing-30\">\n<div class=\"image-container\">\n<div class=\"vertical-number-box\"><span class=\"vertical-number\">03<\/span><\/div>\n<div class=\"arrow-box\"><\/div>\n<img decoding=\"async\" src=\"https:\/\/dincarchitect.com\/wp-content\/uploads\/2023\/06\/dastudio-service-3.jpg\" alt=\"Architecture\" width=\"360\" height=\"500\" \/>\n\n<\/div>\n<div class=\"content-box-info\">\n<div class=\"box-heading-container\">\n<div class=\"box-heading\"><strong>Espace complexe<\/strong><\/div>\n<div class=\"price-info-container\"><span class=\"price-info\" style=\"color: #e37218; font-size: 16px;\">149 \u20ac<\/span><\/div>\n<\/div>\n<div style=\"text-align: justify; margin-top: 10px;\">\n\nS\u00e9jour + cuisine standard, salon + salle \u00e0 manger, grande cuisine...\n\n<\/div>\n<div class=\"content-description\"><\/div>\n<div class=\"btn-read-more\"><a style=\"color: #e37218;\" href=\"https:\/\/dincarchitect.com\/fr\/zone-complexe\/\">Apprendre encore plus<\/a><\/div>\n<\/div>\n<\/div>\n<\/div>\n<\/div>\n<\/div>\n\t\t<\/div>\n\t<\/div>\n<\/div><\/div><\/div><\/div>\n<\/section>","protected":false},"excerpt":{"rendered":"DA Studio Photo Montage Exterior Introducing our Photo Montage service, specifically designed for detached buildings with or without an exterior facade. Whether you have plans for a standalone residence or a commercial structure, our Photo Montage service brings your architectural vision to life through realistic and visually compelling images. Our team of skilled professionals utilizes [...]","protected":false},"author":1,"featured_media":10877,"parent":0,"menu_order":0,"comment_status":"closed","ping_status":"closed","template":"","meta":{"footnotes":""},"acf":[],"_links":{"self":[{"href":"https:\/\/dincarchitect.com\/fr\/wp-json\/wp\/v2\/pages\/14162"}],"collection":[{"href":"https:\/\/dincarchitect.com\/fr\/wp-json\/wp\/v2\/pages"}],"about":[{"href":"https:\/\/dincarchitect.com\/fr\/wp-json\/wp\/v2\/types\/page"}],"author":[{"embeddable":true,"href":"https:\/\/dincarchitect.com\/fr\/wp-json\/wp\/v2\/users\/1"}],"replies":[{"embeddable":true,"href":"https:\/\/dincarchitect.com\/fr\/wp-json\/wp\/v2\/comments?post=14162"}],"version-history":[{"count":0,"href":"https:\/\/dincarchitect.com\/fr\/wp-json\/wp\/v2\/pages\/14162\/revisions"}],"wp:featuredmedia":[{"embeddable":true,"href":"https:\/\/dincarchitect.com\/fr\/wp-json\/wp\/v2\/media\/10877"}],"wp:attachment":[{"href":"https:\/\/dincarchitect.com\/fr\/wp-json\/wp\/v2\/media?parent=14162"}],"curies":[{"name":"wp","href":"https:\/\/api.w.org\/{rel}","templated":true}]}}