{"id":14143,"date":"2023-06-12T20:41:40","date_gmt":"2023-06-12T20:41:40","guid":{"rendered":"https:\/\/dincarchitect.com\/?page_id=14143"},"modified":"2023-06-20T10:16:52","modified_gmt":"2023-06-20T10:16:52","slug":"semi-complex-field","status":"publish","type":"page","link":"https:\/\/dincarchitect.com\/fr\/domaine-semi-complexe\/","title":{"rendered":"Champ semi-complexe"},"content":{"rendered":"<section class=\"wpb-content-wrapper\"><div class=\"vc_row wpb_row vc_row-fluid vc_custom_1537429109529\"><div class=\"wpb_column vc_column_container vc_col-sm-6\"><div class=\"vc_column-inner\"><div class=\"wpb_wrapper\">\n<div class=\"vc_grid-container-wrapper vc_clearfix vc_grid-animation-fadeIn\">\n\t<div class=\"vc_grid-container vc_clearfix wpb_content_element vc_media_grid\" data-initial-loading-animation=\"fadeIn\" data-vc-grid-settings=\"{&quot;page_id&quot;:14143,&quot;style&quot;:&quot;all&quot;,&quot;action&quot;:&quot;vc_get_vc_grid_data&quot;,&quot;shortcode_id&quot;:&quot;1687256129808-61a46692-8537-8&quot;,&quot;tag&quot;:&quot;vc_media_grid&quot;}\" data-vc-request=\"https:\/\/dincarchitect.com\/wp-admin\/admin-ajax.php\" data-vc-post-id=\"14143\" data-vc-public-nonce=\"db103255f2\">\n\t\t\n\t<\/div>\n<\/div><\/div><\/div><\/div><div class=\"wpb_column vc_column_container vc_col-sm-6\"><div class=\"vc_column-inner vc_custom_1536840396834\"><div class=\"wpb_wrapper\"><span class=\"subtitle dash-true style-dark text-default\">DA Studio<\/span>\n\t<div class=\"wpb_text_column wpb_content_element\" >\n\t\t<div class=\"wpb_wrapper\">\n\t\t\t<h2>Champ semi-complexe<\/h2>\n\n\t\t<\/div>\n\t<\/div>\n\n\t<div class=\"wpb_text_column wpb_content_element\" >\n\t\t<div class=\"wpb_wrapper\">\n\t\t\t<p>D\u00e9couvrez le pouvoir de transformation de Semi-Complex Field alors que nous red\u00e9finissons les espaces standard avec un design extraordinaire. Des cuisines aux salons, salles \u00e0 manger, salles de bains et terrasses, notre \u00e9quipe d&#039;experts qualifi\u00e9s cr\u00e9e des environnements captivants qui allient style, fonctionnalit\u00e9 et innovation.<\/p>\n<p>Dans nos cuisines de terrain semi-complexes, nous cr\u00e9ons des chefs-d&#039;\u0153uvre culinaires, optimisant chaque centim\u00e8tre avec des armoires personnalis\u00e9es, des appareils de pointe et des agencements intuitifs qui am\u00e9liorent l&#039;efficacit\u00e9 et inspirent la cr\u00e9ativit\u00e9.<\/p>\n<p>Entrez dans nos salons et salles \u00e0 manger, o\u00f9 nous organisons des espaces accueillants qui refl\u00e8tent votre personnalit\u00e9 unique. Du mobilier et de l&#039;\u00e9clairage soigneusement s\u00e9lectionn\u00e9s aux palettes de couleurs harmonieuses, nous cr\u00e9ons des environnements qui favorisent la d\u00e9tente, la socialisation et des exp\u00e9riences inoubliables.<\/p>\n<p>Laissez-vous tenter par nos salles de bains spacieuses, o\u00f9 des installations luxueuses, des finitions \u00e9l\u00e9gantes et des conceptions r\u00e9fl\u00e9chies cr\u00e9ent des retraites tranquilles. Des douches apaisantes aux baignoires somptueuses, nous transformons les salles de bains ordinaires en sanctuaires personnels.<\/p>\n<p>D\u00e9tendez-vous sur nos terrasses Semi-Complex Field, o\u00f9 la vie en plein air atteint de nouveaux sommets. Des salons confortables aux espaces de divertissement dynamiques, nous concevons des espaces captivants qui se connectent de mani\u00e8re transparente avec la nature et offrent des moments de d\u00e9tente et de joie.<\/p>\n<p>Avec Semi-Complex Field, vos espaces sont \u00e9lev\u00e9s \u00e0 de nouveaux royaumes de beaut\u00e9, de fonctionnalit\u00e9 et de confort. Embrassez l&#039;extraordinaire et laissez-nous donner vie \u00e0 votre vision gr\u00e2ce \u00e0 notre expertise in\u00e9gal\u00e9e et notre d\u00e9vouement \u00e0 l&#039;excellence.<\/p>\n\n\t\t<\/div>\n\t<\/div>\n<\/div><\/div><\/div><\/div><div data-vc-full-width=\"true\" data-vc-full-width-init=\"false\" class=\"vc_row wpb_row vc_row-fluid spaced vc_custom_1686586247876 vc_row-has-fill\"><div class=\"wpb_column vc_column_container vc_col-sm-12\"><div class=\"vc_column-inner\"><div class=\"wpb_wrapper\"><span class=\"subtitle dash-false style-dark text-center\">Comment nous travaillons<\/span>\n\t<div class=\"wpb_text_column wpb_content_element\" >\n\t\t<div class=\"wpb_wrapper\">\n\t\t\t<h2 style=\"text-align: center;\"><span style=\"color: #e37218;\"><strong>Projet efficace <\/strong><\/span><strong>Flux de travail pour un r\u00e9sultat exceptionnel<\/strong><\/h2>\n\n\t\t<\/div>\n\t<\/div>\n<div class=\"dash style-dark centered\"><\/div><div class=\"vc_row wpb_row vc_inner vc_row-fluid vc_custom_1538383845636\"><div class=\"wpb_column vc_column_container vc_col-sm-3\"><div class=\"vc_column-inner\"><div class=\"wpb_wrapper\"><div class=\"number-box style-default spacing-30\"><div class=\"number-box-number\">01<\/div><div class=\"content-box\"><div class=\"content-box-info\"><h3>Soumettre tous les documents du projet<\/h3><p class=\"number-box-content\">Veuillez nous envoyer tous les documents de projet pertinents pour un examen et une analyse approfondis.<\/p><\/div><\/div><\/div><\/div><\/div><\/div><div class=\"wpb_column vc_column_container vc_col-sm-3\"><div class=\"vc_column-inner\"><div class=\"wpb_wrapper\"><div class=\"number-box style-default spacing-30\"><div class=\"number-box-number\">02<\/div><div class=\"content-box\"><div class=\"content-box-info\"><h3>\u00c9valuation de projet rapide et gratuite<\/h3><p class=\"number-box-content\">Nous examinerons attentivement votre projet et vous fournirons une r\u00e9ponse rapide et compl\u00e9mentaire.<\/p><\/div><\/div><\/div><\/div><\/div><\/div><div class=\"wpb_column vc_column_container vc_col-sm-3\"><div class=\"vc_column-inner\"><div class=\"wpb_wrapper\"><div class=\"number-box style-default spacing-30\"><div class=\"number-box-number\">03<\/div><div class=\"content-box\"><div class=\"content-box-info\"><h3>Livraison de d\u00e9monstration apr\u00e8s approbation<\/h3><p class=\"number-box-content\">Apr\u00e8s avoir re\u00e7u votre approbation, nous commencerons rapidement le projet et vous enverrons une d\u00e9mo pour votre examen.<\/p><\/div><\/div><\/div><\/div><\/div><\/div><div class=\"wpb_column vc_column_container vc_col-sm-3\"><div class=\"vc_column-inner\"><div class=\"wpb_wrapper\"><div class=\"number-box style-default spacing-30\"><div class=\"number-box-number\">04<\/div><div class=\"content-box\"><div class=\"content-box-info\"><h3>Paiement et livraison finale<\/h3><p class=\"number-box-content\">D\u00e8s votre approbation du projet, effectuez le paiement et recevez la version finale des livrables.<\/p><\/div><\/div><\/div><\/div><\/div><\/div><\/div><\/div><\/div><\/div><\/div><div class=\"vc_row-full-width vc_clearfix\"><\/div><div class=\"vc_row wpb_row vc_row-fluid vc_custom_1534242606416\"><div class=\"animate wpb_column vc_column_container vc_col-sm-12\"><div class=\"vc_column-inner\"><div class=\"wpb_wrapper\">\n\t<div class=\"wpb_text_column wpb_content_element  vc_custom_1686677042221\" >\n\t\t<div class=\"wpb_wrapper\">\n\t\t\t<h2 style=\"text-align: center;\"><span style=\"color: #e37218;\"><strong>Nos autres services<\/strong><\/span><\/h2>\n\n\t\t<\/div>\n\t<\/div>\n<div class=\"dash style-dark centered\"><\/div>\n\t<div class=\"wpb_raw_code wpb_content_element wpb_raw_html\" >\n\t\t<div class=\"wpb_wrapper\">\n\t\t\t<!-- Be\u015finci hizmet \u00f6\u011fesi -->\n<div class=\"wpb_column vc_column_container vc_col-sm-3\">\n<div class=\"vc_column-inner\">\n<div class=\"wpb_wrapper\">\n<div class=\"content-box service-item alignment-default service-box-gray spacing-30\">\n<div class=\"image-container\">\n<div class=\"vertical-number-box\"><span class=\"vertical-number\">05<\/span><\/div>\n<div class=\"arrow-box\"><\/div>\n<img decoding=\"async\" src=\"https:\/\/dincarchitect.com\/wp-content\/uploads\/2023\/06\/dastudio-service-5.jpg\" alt=\"Architecture\" width=\"360\" height=\"500\" \/>\n\n<\/div>\n<div class=\"content-box-info\">\n<div class=\"box-heading-container\">\n<div class=\"box-heading\"><strong>Maison individuelle<\/strong><\/div>\n<div class=\"price-info-container\"><span class=\"price-info\" style=\"color: #e37218; font-size: 16px;\">149 \u20ac<\/span><\/div>\n<\/div>\n<div style=\"text-align: justify; margin-top: 10px;\">\n\nVue ext\u00e9rieure. Tarif de base pour un environnement standard comme celui-ci.\n\n<\/div>\n<div class=\"content-description\"><\/div>\n<div class=\"btn-read-more\"><a style=\"color: #e37218;\" href=\"https:\/\/dincarchitect.com\/fr\/maison-individuelle\/\">Apprendre encore plus<\/a><\/div>\n<\/div>\n<\/div>\n<\/div>\n<\/div>\n<\/div>\n\n\n<!-- D\u00f6rd\u00fcnc\u00fc hizmet \u00f6\u011fesi -->\n<div class=\"wpb_column vc_column_container vc_col-sm-3\">\n<div class=\"vc_column-inner\">\n<div class=\"wpb_wrapper\">\n<div class=\"content-box service-item alignment-default service-box-gray spacing-30\">\n<div class=\"image-container\">\n<div class=\"vertical-number-box\"><span class=\"vertical-number\">04<\/span><\/div>\n<div class=\"arrow-box\"><\/div>\n<img decoding=\"async\" src=\"https:\/\/dincarchitect.com\/wp-content\/uploads\/2023\/06\/dastudio-service-4.jpg\" alt=\"Architecture\" width=\"360\" height=\"500\" \/>\n\n<\/div>\n<div class=\"content-box-info\">\n<div class=\"box-heading-container\">\n<div class=\"box-heading\"><strong>Espace surdimensionn\u00e9<\/strong><\/div>\n<div class=\"price-info-container\"><span class=\"price-info\" style=\"color: #e37218; font-size: 16px;\">199 \u20ac<\/span><\/div>\n<\/div>\n<div style=\"text-align: justify; margin-top: 10px;\">\n\nMagasin, salle de restaurant, salle de spectacles... Tarif de base indicatif.\n\n<\/div>\n<div class=\"content-description\"><\/div>\n<div class=\"btn-read-more\"><a style=\"color: #e37218;\" href=\"https:\/\/dincarchitect.com\/fr\/zone-non-standard\/\">Apprendre encore plus<\/a><\/div>\n<div><\/div>\n<\/div>\n<\/div>\n<\/div>\n<\/div>\n<\/div>\n<div><span style=\"color: #ffffff;\">.<\/span><\/div>\n\n\n\n<!-- Onikinci hizmet \u00f6\u011fesi -->\n<div class=\"wpb_column vc_column_container vc_col-sm-3\">\n<div class=\"vc_column-inner\">\n<div class=\"wpb_wrapper\">\n<div class=\"content-box service-item alignment-default service-box-gray spacing-30\">\n<div class=\"image-container\">\n<div class=\"vertical-number-box\"><span class=\"vertical-number\">12<\/span><\/div>\n<div class=\"arrow-box\"><\/div>\n<img decoding=\"async\" src=\"https:\/\/dincarchitect.com\/wp-content\/uploads\/2023\/06\/dastudio-service-12.jpg\" alt=\"Architecture\" width=\"360\" height=\"500\" \/>\n\n<\/div>\n<div class=\"content-box-info\">\n<div class=\"box-heading-container\">\n<div class=\"box-heading\"><strong>Plan 2d<\/strong><\/div>\n<div class=\"price-info-container\"><span class=\"price-info\" style=\"color: #e37218; font-size: 16px;\">29 \u20ac<\/span><\/div>\n<\/div>\n<div style=\"text-align: justify; margin-top: 10px;\">\n\n2d plan pour chaque \u00e9tage...\n\n<\/div>\n<div class=\"content-description\"><\/div>\n<div class=\"btn-read-more\"><a style=\"color: #e37218;\" href=\"https:\/\/dincarchitect.com\/fr\/plan-2d\/\">Apprendre encore plus<\/a><\/div>\n<div><\/div>\n<\/div>\n<\/div>\n<\/div>\n<\/div>\n<\/div>\n\n\n<!-- D\u00f6rd\u00fcnc\u00fc hizmet \u00f6\u011fesi -->\n<div class=\"wpb_column vc_column_container vc_col-sm-3\">\n<div class=\"vc_column-inner\">\n<div class=\"wpb_wrapper\">\n<div class=\"content-box service-item alignment-default service-box-gray spacing-30\">\n<div class=\"image-container\">\n<div class=\"vertical-number-box\"><span class=\"vertical-number\">04<\/span><\/div>\n<div class=\"arrow-box\"><\/div>\n<img decoding=\"async\" src=\"https:\/\/dincarchitect.com\/wp-content\/uploads\/2023\/06\/dastudio-service-4.jpg\" alt=\"Architecture\" width=\"360\" height=\"500\" \/>\n\n<\/div>\n<div class=\"content-box-info\">\n<div class=\"box-heading-container\">\n<div class=\"box-heading\"><strong>Espace surdimensionn\u00e9<\/strong><\/div>\n<div class=\"price-info-container\"><span class=\"price-info\" style=\"color: #e37218; font-size: 16px;\">199 \u20ac<\/span><\/div>\n<\/div>\n<div style=\"text-align: justify; margin-top: 10px;\">\n\nMagasin, salle de restaurant, salle de spectacles... Tarif de base indicatif.\n\n<\/div>\n<div class=\"content-description\"><\/div>\n<div class=\"btn-read-more\"><a style=\"color: #e37218;\" href=\"https:\/\/dincarchitect.com\/fr\/zone-non-standard\/\">Apprendre encore plus<\/a><\/div>\n<div><\/div>\n<\/div>\n<\/div>\n<\/div>\n<\/div>\n<\/div>\n\t\t<\/div>\n\t<\/div>\n<\/div><\/div><\/div><\/div>\n<\/section>","protected":false},"excerpt":{"rendered":"DA Studio Semi-Complex Field Experience the transformative power of Semi-Complex Field as we redefine standard spaces with extraordinary design. From kitchens to living rooms, dining rooms, bathrooms, and terraces, our team of skilled experts crafts captivating environments that blend style, functionality, and innovation. In our Semi-Complex Field kitchens, we create culinary masterpieces, optimizing every inch [...]","protected":false},"author":1,"featured_media":10877,"parent":0,"menu_order":0,"comment_status":"closed","ping_status":"closed","template":"","meta":{"footnotes":""},"acf":[],"_links":{"self":[{"href":"https:\/\/dincarchitect.com\/fr\/wp-json\/wp\/v2\/pages\/14143"}],"collection":[{"href":"https:\/\/dincarchitect.com\/fr\/wp-json\/wp\/v2\/pages"}],"about":[{"href":"https:\/\/dincarchitect.com\/fr\/wp-json\/wp\/v2\/types\/page"}],"author":[{"embeddable":true,"href":"https:\/\/dincarchitect.com\/fr\/wp-json\/wp\/v2\/users\/1"}],"replies":[{"embeddable":true,"href":"https:\/\/dincarchitect.com\/fr\/wp-json\/wp\/v2\/comments?post=14143"}],"version-history":[{"count":0,"href":"https:\/\/dincarchitect.com\/fr\/wp-json\/wp\/v2\/pages\/14143\/revisions"}],"wp:featuredmedia":[{"embeddable":true,"href":"https:\/\/dincarchitect.com\/fr\/wp-json\/wp\/v2\/media\/10877"}],"wp:attachment":[{"href":"https:\/\/dincarchitect.com\/fr\/wp-json\/wp\/v2\/media?parent=14143"}],"curies":[{"name":"wp","href":"https:\/\/api.w.org\/{rel}","templated":true}]}}