{"id":14010,"date":"2023-06-12T00:00:50","date_gmt":"2023-06-12T00:00:50","guid":{"rendered":"https:\/\/dincarchitect.com\/?page_id=14010"},"modified":"2023-09-01T13:37:15","modified_gmt":"2023-09-01T13:37:15","slug":"real-estate-agent","status":"publish","type":"page","link":"https:\/\/dincarchitect.com\/fr\/agent-immobilier\/","title":{"rendered":"Agent immobilier"},"content":{"rendered":"<section class=\"wpb-content-wrapper\"><div class=\"vc_row wpb_row vc_row-fluid vc_custom_1537429109529\"><div class=\"wpb_column vc_column_container vc_col-sm-6\"><div class=\"vc_column-inner\"><div class=\"wpb_wrapper\">\n<div class=\"vc_grid-container-wrapper vc_clearfix vc_grid-animation-fadeIn\">\n\t<div class=\"vc_grid-container vc_clearfix wpb_content_element vc_media_grid\" data-initial-loading-animation=\"fadeIn\" data-vc-grid-settings=\"{&quot;page_id&quot;:14010,&quot;style&quot;:&quot;all&quot;,&quot;action&quot;:&quot;vc_get_vc_grid_data&quot;,&quot;shortcode_id&quot;:&quot;1693575211105-0a6f524c-fc7c-1&quot;,&quot;tag&quot;:&quot;vc_media_grid&quot;}\" data-vc-request=\"https:\/\/dincarchitect.com\/wp-admin\/admin-ajax.php\" data-vc-post-id=\"14010\" data-vc-public-nonce=\"0bd9576c48\">\n\t\t\n\t<\/div>\n<\/div><\/div><\/div><\/div><div class=\"wpb_column vc_column_container vc_col-sm-6\"><div class=\"vc_column-inner vc_custom_1536840396834\"><div class=\"wpb_wrapper\"><span class=\"subtitle dash-true style-dark text-default\">DA Studio<\/span>\n\t<div class=\"wpb_text_column wpb_content_element\" >\n\t\t<div class=\"wpb_wrapper\">\n\t\t\t<h2>Agent immobilier<\/h2>\n\n\t\t<\/div>\n\t<\/div>\n\n\t<div class=\"wpb_text_column wpb_content_element\" >\n\t\t<div class=\"wpb_wrapper\">\n\t\t\t<p style=\"text-align: justify;\">Avec la mod\u00e9lisation 3D, nous pouvons pr\u00e9senter des propri\u00e9t\u00e9s de mani\u00e8re visuellement attrayante et r\u00e9aliste. Gr\u00e2ce \u00e0 des rendus d\u00e9taill\u00e9s et des visites virtuelles, les acheteurs potentiels peuvent explorer la propri\u00e9t\u00e9 sous tous les angles, en obtenant une compr\u00e9hension claire de sa disposition, de sa conception et de son potentiel. Cette technologie nous permet de donner vie aux propri\u00e9t\u00e9s et de capter l&#039;int\u00e9r\u00eat des acheteurs potentiels.<\/p>\n<p style=\"text-align: justify;\">Les avantages de la mod\u00e9lisation 3D vont au-del\u00e0 de la repr\u00e9sentation visuelle. Il aide \u00e0 rationaliser le processus de prise de d\u00e9cision en fournissant des mesures pr\u00e9cises, permettant aux clients d&#039;\u00e9valuer la faisabilit\u00e9 de leurs plans et de faire des choix \u00e9clair\u00e9s. De plus, cela nous permet de cr\u00e9er une mise en sc\u00e8ne virtuelle, pr\u00e9sentant la propri\u00e9t\u00e9 avec divers agencements de meubles et options de conception, maximisant son attrait pour les acheteurs potentiels.<\/p>\n<p style=\"text-align: justify;\">En utilisant la mod\u00e9lisation 3D, nous pouvons pr\u00e9senter efficacement les caract\u00e9ristiques uniques et les arguments de vente de chaque propri\u00e9t\u00e9, lui donnant un avantage concurrentiel sur le march\u00e9. Qu&#039;il s&#039;agisse de mettre en valeur des d\u00e9tails architecturaux, des \u00e9l\u00e9ments de design d&#039;int\u00e9rieur ou l&#039;environnement qui l&#039;entoure, nous mettons l&#039;accent sur les atouts de la propri\u00e9t\u00e9 pour attirer les bons acheteurs.<\/p>\n\n\t\t<\/div>\n\t<\/div>\n<\/div><\/div><\/div><\/div><div class=\"vc_row wpb_row vc_row-fluid mobile-pad-0 vc_custom_1686573801029 vc_row-o-equal-height vc_row-o-content-middle vc_row-flex\"><div class=\"wpb_column vc_column_container vc_col-sm-4\"><div class=\"vc_column-inner\"><div class=\"wpb_wrapper\"><div class=\"vc_row wpb_row vc_inner vc_row-fluid overlap-right\"><div class=\"shadow-box wpb_column vc_column_container vc_col-sm-12\"><div class=\"vc_column-inner\"><div class=\"wpb_wrapper\"><span class=\"subtitle dash-true style-dark text-default\">Lib\u00e9rez votre imagination<\/span><div class=\"divider-light\"><\/div>\n\t<div class=\"wpb_text_column wpb_content_element\" >\n\t\t<div class=\"wpb_wrapper\">\n\t\t\t<div style=\"text-align: justify;\">\n<p>Nous excellons dans la gestion de chaque d\u00e9tail pour valoriser vos projets. Gr\u00e2ce \u00e0 notre expertise en visualisation architecturale, nous offrons divers styles et pr\u00e9sentations adapt\u00e9s \u00e0 vos besoins. Notre \u00e9quipe d\u00e9vou\u00e9e fournit des r\u00e9sultats exceptionnels qui d\u00e9passent les attentes. Pr\u00e9sentez des conceptions r\u00e9sidentielles, commerciales ou industrielles avec des solutions innovantes. Faites-nous confiance pour transformer des id\u00e9es en visuels \u00e9poustouflants, permettant une communication efficace. Laissez libre cours \u00e0 votre imagination gr\u00e2ce \u00e0 notre expertise in\u00e9gal\u00e9e.<\/p>\n<\/div>\n\n\t\t<\/div>\n\t<\/div>\n<a href=\"https:\/\/dincarchitect.com\/fr\/projets\/\" class=\"btn btn-primary arrow-right\"><span>Voir les projets<\/span><\/a><\/div><\/div><\/div><\/div><\/div><\/div><\/div><div class=\"wpb_column vc_column_container vc_col-sm-8\"><div class=\"vc_column-inner\"><div class=\"wpb_wrapper\">\n\t<div  class=\"wpb_single_image wpb_content_element vc_align_left  vc_custom_1687236630854\">\n\t\t\n\t\t<figure class=\"wpb_wrapper vc_figure\">\n\t\t\t<a href=\"https:\/\/dincarchitect.com\/wp-content\/uploads\/2023\/06\/yutz-1-1-1024x576.jpg\" target=\"_self\" class=\"vc_single_image-wrapper   vc_box_border_grey\"><img decoding=\"async\" width=\"1920\" height=\"1080\" src=\"https:\/\/dincarchitect.com\/wp-content\/uploads\/2023\/06\/yutz-1-1.jpg\" class=\"vc_single_image-img attachment-full\" alt=\"\" title=\"salon dastudio\" srcset=\"https:\/\/dincarchitect.com\/wp-content\/uploads\/2023\/06\/yutz-1-1.jpg 1920w, https:\/\/dincarchitect.com\/wp-content\/uploads\/2023\/06\/yutz-1-1-1024x576.jpg 1024w, https:\/\/dincarchitect.com\/wp-content\/uploads\/2023\/06\/yutz-1-1-768x432.jpg 768w, https:\/\/dincarchitect.com\/wp-content\/uploads\/2023\/06\/yutz-1-1-1536x864.jpg 1536w, https:\/\/dincarchitect.com\/wp-content\/uploads\/2023\/06\/yutz-1-1-18x10.jpg 18w\" sizes=\"(max-width: 1920px) 100vw, 1920px\" \/><\/a>\n\t\t<\/figure>\n\t<\/div>\n<\/div><\/div><\/div><\/div><div class=\"vc_row wpb_row vc_row-fluid mobile-pad-0 vc_custom_1686573808972 vc_row-o-equal-height vc_row-o-content-middle vc_row-flex\"><div class=\"wpb_column vc_column_container vc_col-sm-8 vc_hidden-sm vc_hidden-xs\"><div class=\"vc_column-inner\"><div class=\"wpb_wrapper\">\n\t<div  class=\"wpb_single_image wpb_content_element vc_align_left  vc_custom_1687236652399\">\n\t\t\n\t\t<figure class=\"wpb_wrapper vc_figure\">\n\t\t\t<a href=\"https:\/\/dincarchitect.com\/wp-content\/uploads\/2023\/06\/villa-no13-3-1024x576.jpg\" target=\"_self\" class=\"vc_single_image-wrapper   vc_box_border_grey\"><img decoding=\"async\" width=\"1920\" height=\"1080\" src=\"https:\/\/dincarchitect.com\/wp-content\/uploads\/2023\/06\/villa-no13-3.jpg\" class=\"vc_single_image-img attachment-full\" alt=\"\" title=\"villa-no13-3\" srcset=\"https:\/\/dincarchitect.com\/wp-content\/uploads\/2023\/06\/villa-no13-3.jpg 1920w, https:\/\/dincarchitect.com\/wp-content\/uploads\/2023\/06\/villa-no13-3-1024x576.jpg 1024w, https:\/\/dincarchitect.com\/wp-content\/uploads\/2023\/06\/villa-no13-3-768x432.jpg 768w, https:\/\/dincarchitect.com\/wp-content\/uploads\/2023\/06\/villa-no13-3-1536x864.jpg 1536w, https:\/\/dincarchitect.com\/wp-content\/uploads\/2023\/06\/villa-no13-3-18x10.jpg 18w\" sizes=\"(max-width: 1920px) 100vw, 1920px\" \/><\/a>\n\t\t<\/figure>\n\t<\/div>\n<\/div><\/div><\/div><div class=\"wpb_column vc_column_container vc_col-sm-4\"><div class=\"vc_column-inner\"><div class=\"wpb_wrapper\"><div class=\"vc_row wpb_row vc_inner vc_row-fluid overlap-left\"><div class=\"shadow-box wpb_column vc_column_container vc_col-sm-12\"><div class=\"vc_column-inner\"><div class=\"wpb_wrapper\"><span class=\"subtitle dash-true style-dark text-default\">Nous prenons soin de tout le monde<\/span><div class=\"divider-light\"><\/div>\n\t<div class=\"wpb_text_column wpb_content_element\" >\n\t\t<div class=\"wpb_wrapper\">\n\t\t\t<div style=\"text-align: justify;\">\n<p>Efficacit\u00e9 am\u00e9lior\u00e9e\u00a0: nos services de visualisation architecturale rationalisent le temps, les efforts et les ressources n\u00e9cessaires \u00e0 la conception visuelle, permettant \u00e0 notre \u00e9quipe de se concentrer davantage sur la conception fonctionnelle et les aspects de planification du projet. Cela se traduit par une productivit\u00e9 accrue et une plus grande importance accord\u00e9e \u00e0 l&#039;obtention de r\u00e9sultats exceptionnels.<\/p>\n<\/div>\n\n\t\t<\/div>\n\t<\/div>\n<a href=\"https:\/\/dincarchitect.com\/fr\/projets\/\" class=\"btn btn-primary arrow-right\"><span>Voir les projets<\/span><\/a><\/div><\/div><\/div><\/div><\/div><\/div><\/div><\/div><div class=\"vc_row wpb_row vc_row-fluid mobile-pad-0 vc_custom_1686573815468 vc_row-o-equal-height vc_row-o-content-middle vc_row-flex\"><div class=\"wpb_column vc_column_container vc_col-sm-4\"><div class=\"vc_column-inner\"><div class=\"wpb_wrapper\"><div class=\"vc_row wpb_row vc_inner vc_row-fluid overlap-right\"><div class=\"shadow-box wpb_column vc_column_container vc_col-sm-12\"><div class=\"vc_column-inner\"><div class=\"wpb_wrapper\"><span class=\"subtitle dash-true style-dark text-default\">Am\u00e9liorez la qualit\u00e9 de vos services<\/span><div class=\"divider-light\"><\/div>\n\t<div class=\"wpb_text_column wpb_content_element\" >\n\t\t<div class=\"wpb_wrapper\">\n\t\t\t<div style=\"text-align: justify;\">\n<p>Gr\u00e2ce \u00e0 notre approche ax\u00e9e sur la qualit\u00e9, nos \u00e9quipes peuvent exprimer efficacement leurs intentions et leurs conceptions aux clients, acc\u00e9l\u00e9rant ainsi l&#039;approbation des projets. Cela garantit un processus de collaboration transparent et am\u00e9liore la qualit\u00e9 globale de nos services.<\/p>\n<\/div>\n\n\t\t<\/div>\n\t<\/div>\n<a href=\"https:\/\/dincarchitect.com\/fr\/projets\/\" class=\"btn btn-primary arrow-right\"><span>Voir les projets<\/span><\/a><\/div><\/div><\/div><\/div><\/div><\/div><\/div><div class=\"wpb_column vc_column_container vc_col-sm-8\"><div class=\"vc_column-inner\"><div class=\"wpb_wrapper\">\n\t<div  class=\"wpb_single_image wpb_content_element vc_align_left  vc_custom_1687236683819\">\n\t\t\n\t\t<figure class=\"wpb_wrapper vc_figure\">\n\t\t\t<a href=\"https:\/\/dincarchitect.com\/wp-content\/uploads\/2023\/06\/444-1024x576.jpg\" target=\"_self\" class=\"vc_single_image-wrapper   vc_box_border_grey\"><img decoding=\"async\" width=\"1920\" height=\"1080\" src=\"https:\/\/dincarchitect.com\/wp-content\/uploads\/2023\/06\/444.jpg\" class=\"vc_single_image-img attachment-full\" alt=\"\" title=\"berlin-1\" srcset=\"https:\/\/dincarchitect.com\/wp-content\/uploads\/2023\/06\/444.jpg 1920w, https:\/\/dincarchitect.com\/wp-content\/uploads\/2023\/06\/444-1024x576.jpg 1024w, https:\/\/dincarchitect.com\/wp-content\/uploads\/2023\/06\/444-768x432.jpg 768w, https:\/\/dincarchitect.com\/wp-content\/uploads\/2023\/06\/444-1536x864.jpg 1536w, https:\/\/dincarchitect.com\/wp-content\/uploads\/2023\/06\/444-18x10.jpg 18w\" sizes=\"(max-width: 1920px) 100vw, 1920px\" \/><\/a>\n\t\t<\/figure>\n\t<\/div>\n<\/div><\/div><\/div><\/div><div class=\"vc_row wpb_row vc_row-fluid\"><div class=\"wpb_column vc_column_container vc_col-sm-12\"><div class=\"vc_column-inner\"><div class=\"wpb_wrapper\">\n\t<div class=\"wpb_text_column wpb_content_element\" >\n\t\t<div class=\"wpb_wrapper\">\n\t\t\t<h2 style=\"text-align: center;\">Nos Offres \ud83c\udfc6<\/h2>\n\n\t\t<\/div>\n\t<\/div>\n\n\t<div class=\"wpb_text_column wpb_content_element  vc_custom_1686532127495\" >\n\t\t<div class=\"wpb_wrapper\">\n\t\t\t<h3 style=\"text-align: center;\"><em><strong>Nous vous garantissons les offres les plus comp\u00e9titives du march\u00e9<\/strong><\/em><\/h3>\n\n\t\t<\/div>\n\t<\/div>\n\n\t<div class=\"wpb_raw_code wpb_content_element wpb_raw_html vc_custom_1686527691361\" >\n\t\t<div class=\"wpb_wrapper\">\n\t\t\t<div id=\"rpt_pricr\" class=\"rpt_plans rpt_3_plans rpt_style_basic\"><div class=\"\"><div class=\"rpt_plan  rpt_plugin_f rpt_plan_0\"><div style=\"text-align:center;\" class=\"rpt_title rpt_title_0\">Pack de d\u00e9marrage \ud83c\udfaf<\/div><div class=\"rpt_head rpt_head_0\"><div class=\"rpt_recurrence rpt_recurrence_0\">au lieu de <del> 450 \u20ac <\/del><\/div><div class=\"rpt_price rpt_price_0\">390\u20ac<\/div><div style=\"color:#f48200;\" class=\"rpt_subtitle rpt_subtitle_0\">Quelle que soit la complexit\u00e9 ou le m\u00e8tre carr\u00e9.<\/div><\/div><div class=\"rpt_features rpt_features_0\"><div style=\"color:black;\" class=\"rpt_feature rpt_feature_0-0\"><strong>3<\/strong> Perspectives 3D int\u00e9rieur\/ext\u00e9rieur\r<\/div><div style=\"color:black;\" class=\"rpt_feature rpt_feature_0-1\">\u2713 Qualit\u00e9 4K \r<\/div><div style=\"color:black;\" class=\"rpt_feature rpt_feature_0-2\">\u2713 R\u00e9vision gratuite*\r<\/div><div style=\"color:black;\" class=\"rpt_feature rpt_feature_0-3\">\u2713 Correction \u00c0 votre satisfaction\r<\/div><div style=\"color:black;\" class=\"rpt_feature rpt_feature_0-4\">\u2713 Mise en page avec votre logo et vos coordonn\u00e9es\r<\/div><div style=\"color:black;\" class=\"rpt_feature rpt_feature_0-5\">\u2713 Assistance client 24h\/24 et 7j\/7<\/div><\/div><a target=\"_self\" href=\"https:\/\/wa.me\/33761122801\" style=\"background:#f48200\" class=\"rpt_foot rpt_foot_0\" rel=\"noopener\">CONTACT<\/a><\/div><div class=\"rpt_plan  rpt_plugin_f rpt_plan_1\"><div style=\"text-align:center;\" class=\"rpt_title rpt_title_1\">Pack Premium \ud83d\ude80<\/div><div class=\"rpt_head rpt_head_1\"><div class=\"rpt_recurrence rpt_recurrence_1\">au lieu de <del> 900 \u20ac <\/del><\/div><div class=\"rpt_price rpt_price_1\">690\u20ac<\/div><div style=\"color:#f48200;\" class=\"rpt_subtitle rpt_subtitle_1\">Quelle que soit la complexit\u00e9 ou le m\u00e8tre carr\u00e9.<\/div><\/div><div class=\"rpt_features rpt_features_1\"><div style=\"color:black;\" class=\"rpt_feature rpt_feature_1-0\"><strong>6<\/strong> Perspectives 3D int\u00e9rieur\/ext\u00e9rieur\r<\/div><div style=\"color:black;\" class=\"rpt_feature rpt_feature_1-1\">\u2713 Qualit\u00e9 4K \r<\/div><div style=\"color:black;\" class=\"rpt_feature rpt_feature_1-2\">\u2713 R\u00e9vision gratuite*\r<\/div><div style=\"color:black;\" class=\"rpt_feature rpt_feature_1-3\">\u2713 Correction \u00c0 votre satisfaction\r<\/div><div style=\"color:black;\" class=\"rpt_feature rpt_feature_1-4\">\u2713 Mise en page avec votre logo et vos coordonn\u00e9es\r<\/div><div style=\"color:black;\" class=\"rpt_feature rpt_feature_1-5\">\u2713 Assistance client 24h\/24 et 7j\/7<\/div><\/div><a target=\"_self\" href=\"https:\/\/wa.me\/33761122801\" style=\"background:#f48200\" class=\"rpt_foot rpt_foot_1\" rel=\"noopener\">CONTACT<\/a><\/div><div class=\"rpt_plan  rpt_plugin_f rpt_plan_2  #e37218\"><div style=\"text-align:center;\" class=\"rpt_title rpt_title_2\">Pack Pro \ud83c\udf1f<\/div><div class=\"rpt_head rpt_head_2\"><div class=\"rpt_recurrence rpt_recurrence_2\">au lieu de <del> 1490 \u20ac <\/del><\/div><div class=\"rpt_price rpt_price_2\">990\u20ac<\/div><div style=\"color:#f48200;\" class=\"rpt_subtitle rpt_subtitle_2\">Quelle que soit la complexit\u00e9 ou le m\u00e8tre carr\u00e9.<\/div><\/div><div class=\"rpt_features rpt_features_2\"><div style=\"color:black;\" class=\"rpt_feature rpt_feature_2-0\"><strong>10<\/strong> Perspectives 3D int\u00e9rieur\/ext\u00e9rieur\r<\/div><div style=\"color:black;\" class=\"rpt_feature rpt_feature_2-1\">\u2713 Qualit\u00e9 4K \r<\/div><div style=\"color:black;\" class=\"rpt_feature rpt_feature_2-2\">\u2713 R\u00e9vision gratuite*\r<\/div><div style=\"color:black;\" class=\"rpt_feature rpt_feature_2-3\">\u2713 Correction \u00c0 votre satisfaction\r<\/div><div style=\"color:black;\" class=\"rpt_feature rpt_feature_2-4\">\u2713 Mise en page avec votre logo et vos coordonn\u00e9es\r<\/div><div style=\"color:black;\" class=\"rpt_feature rpt_feature_2-5\">\u2713 Assistance client 24h\/24 et 7j\/7<\/div><\/div><a target=\"_self\" href=\"https:\/\/wa.me\/33761122801\" style=\"background:#f48200\" class=\"rpt_foot rpt_foot_2\" rel=\"noopener\">WhatsApp<\/a><\/div><\/div><\/div><div style=\"clear:both;\"><\/div>\n\t\t<\/div>\n\t<\/div>\n<p class=\"text-right\"><a href=\"https:\/\/dincarchitect.com\/fr\/architecte\/\" class=\"btn btn-primary arrow-right\"><span>Voir les formules d&#039;abonnement<\/span><\/a><\/p><\/div><\/div><\/div><\/div>\n<\/section>","protected":false},"excerpt":{"rendered":"","protected":false},"author":1,"featured_media":10877,"parent":0,"menu_order":0,"comment_status":"closed","ping_status":"closed","template":"","meta":{"footnotes":""},"acf":[],"_links":{"self":[{"href":"https:\/\/dincarchitect.com\/fr\/wp-json\/wp\/v2\/pages\/14010"}],"collection":[{"href":"https:\/\/dincarchitect.com\/fr\/wp-json\/wp\/v2\/pages"}],"about":[{"href":"https:\/\/dincarchitect.com\/fr\/wp-json\/wp\/v2\/types\/page"}],"author":[{"embeddable":true,"href":"https:\/\/dincarchitect.com\/fr\/wp-json\/wp\/v2\/users\/1"}],"replies":[{"embeddable":true,"href":"https:\/\/dincarchitect.com\/fr\/wp-json\/wp\/v2\/comments?post=14010"}],"version-history":[{"count":0,"href":"https:\/\/dincarchitect.com\/fr\/wp-json\/wp\/v2\/pages\/14010\/revisions"}],"wp:featuredmedia":[{"embeddable":true,"href":"https:\/\/dincarchitect.com\/fr\/wp-json\/wp\/v2\/media\/10877"}],"wp:attachment":[{"href":"https:\/\/dincarchitect.com\/fr\/wp-json\/wp\/v2\/media?parent=14010"}],"curies":[{"name":"wp","href":"https:\/\/api.w.org\/{rel}","templated":true}]}}