{"id":13770,"date":"2023-06-10T23:36:09","date_gmt":"2023-06-10T23:36:09","guid":{"rendered":"https:\/\/dincarchitect.com\/?page_id=13770"},"modified":"2023-06-10T23:36:30","modified_gmt":"2023-06-10T23:36:30","slug":"legal-information","status":"publish","type":"page","link":"https:\/\/dincarchitect.com\/fr\/information-legale\/","title":{"rendered":"Information l\u00e9gale"},"content":{"rendered":"<section class=\"wpb-content-wrapper\"><div class=\"vc_row wpb_row vc_row-fluid vc_custom_1686439582595\"><div class=\"wpb_column vc_column_container vc_col-sm-12\"><div class=\"vc_column-inner\"><div class=\"wpb_wrapper\"><span class=\"subtitle dash-true style-dark text-default\">dincarchitect.com<\/span>\n\t<div class=\"wpb_text_column wpb_content_element\" >\n\t\t<div class=\"wpb_wrapper\">\n\t\t\t<h2 style=\"text-align: center;\">Information l\u00e9gale<\/h2>\n\n\t\t<\/div>\n\t<\/div>\n<\/div><\/div><\/div><\/div><div class=\"vc_row wpb_row vc_row-fluid vc_custom_1686439565266\"><div class=\"wpb_column vc_column_container vc_col-sm-12\"><div class=\"vc_column-inner\"><div class=\"wpb_wrapper\">\n\t<div class=\"wpb_text_column wpb_content_element\" >\n\t\t<div class=\"wpb_wrapper\">\n\t\t\t<p><strong>Informations l\u00e9gales certifi\u00e9es<\/strong><\/p>\n<p>Immatricul\u00e9e au Registre du Commerce et des Soci\u00e9t\u00e9s sous le num\u00e9ro SIRET 298 088 65 76<\/p>\n<p>Num\u00e9ro d&#039;identification TVA : 0 298 088 65 76 000 01<\/p>\n<p>Num\u00e9ro de t\u00e9l\u00e9phone: <a href=\"tel: 33761122801\"> +33 7 61 12 28 01<\/a><\/p>\n<p><strong>Protection des donn\u00e9es et confidentialit\u00e9<\/strong><\/p>\n<p>Les informations recueillies font l&#039;objet d&#039;un traitement informatique destin\u00e9 exclusivement \u00e0 l&#039;usage du site Machou Pichou et ne seront en aucun cas communiqu\u00e9es \u00e0 des tiers.<\/p>\n<p>Conform\u00e9ment \u00e0 la loi \u00ab Informatique et Libert\u00e9s \u00bb du 6 janvier 1978 modifi\u00e9e, vous disposez d&#039;un droit d&#039;acc\u00e8s et de rectification aux informations vous concernant, que vous pouvez exercer en nous contactant \u00e0 l&#039;adresse <a href=\"mailto:info@dincarchitect.com\">info@dincarchitect.com<\/a><a href=\"mailto:info@architect.wp-set.com\" target=\"_new\" rel=\"noopener\"> Vous pouvez \u00e9galement, pour des motifs l\u00e9gitimes, vous opposer au traitement de vos donn\u00e9es.<\/a><\/p>\n<p><strong>Propri\u00e9t\u00e9 intellectuelle<\/strong><\/p>\n<p>Conform\u00e9ment aux dispositions de l&#039;article L 112-3 du Code de la Propri\u00e9t\u00e9 Intellectuelle, la reproduction int\u00e9grale ou partielle de tous les \u00e9l\u00e9ments du site ne peut \u00eatre reproduite sur quelque support que ce soit sans l&#039;autorisation expresse de l&#039;exploitant du site ou de son ayant droit, sous peine de une action en justice.<\/p>\n\n\t\t<\/div>\n\t<\/div>\n<\/div><\/div><\/div><\/div>\n<\/section>","protected":false},"excerpt":{"rendered":"dincarchitect.com Informations L\u00e9gales Informations L\u00e9gales Certifi\u00e9es Inscrite au Registre du Commerce et des Soci\u00e9t\u00e9s sous le num\u00e9ro SIRET 298 088 65 76 Num\u00e9ro d&#039;identification TVA : 0 298 088 65 76 000 01 Num\u00e9ro de t\u00e9l\u00e9phone : +33 7 61 12 28 01 Protection des donn\u00e9es et confidentialit\u00e9 Les informations collect\u00e9es font l&#039;objet d&#039;un traitement informatique destin\u00e9 exclusivement \u00e0 [...]","protected":false},"author":1,"featured_media":0,"parent":0,"menu_order":0,"comment_status":"closed","ping_status":"closed","template":"","meta":{"footnotes":""},"acf":[],"_links":{"self":[{"href":"https:\/\/dincarchitect.com\/fr\/wp-json\/wp\/v2\/pages\/13770"}],"collection":[{"href":"https:\/\/dincarchitect.com\/fr\/wp-json\/wp\/v2\/pages"}],"about":[{"href":"https:\/\/dincarchitect.com\/fr\/wp-json\/wp\/v2\/types\/page"}],"author":[{"embeddable":true,"href":"https:\/\/dincarchitect.com\/fr\/wp-json\/wp\/v2\/users\/1"}],"replies":[{"embeddable":true,"href":"https:\/\/dincarchitect.com\/fr\/wp-json\/wp\/v2\/comments?post=13770"}],"version-history":[{"count":0,"href":"https:\/\/dincarchitect.com\/fr\/wp-json\/wp\/v2\/pages\/13770\/revisions"}],"wp:attachment":[{"href":"https:\/\/dincarchitect.com\/fr\/wp-json\/wp\/v2\/media?parent=13770"}],"curies":[{"name":"wp","href":"https:\/\/api.w.org\/{rel}","templated":true}]}}