{"id":13759,"date":"2023-06-12T00:00:15","date_gmt":"2023-06-12T00:00:15","guid":{"rendered":"https:\/\/dincarchitect.com\/?page_id=13759"},"modified":"2023-06-12T00:54:38","modified_gmt":"2023-06-12T00:54:38","slug":"privacy-policy","status":"publish","type":"page","link":"https:\/\/dincarchitect.com\/fr\/politique-de-confidentialite\/","title":{"rendered":"politique de confidentialit\u00e9"},"content":{"rendered":"<section class=\"wpb-content-wrapper\"><div class=\"vc_row wpb_row vc_row-fluid vc_custom_1686439582595\"><div class=\"wpb_column vc_column_container vc_col-sm-12\"><div class=\"vc_column-inner\"><div class=\"wpb_wrapper\"><span class=\"subtitle dash-true style-dark text-default\">dincarchitect.com<\/span>\n\t<div class=\"wpb_text_column wpb_content_element\" >\n\t\t<div class=\"wpb_wrapper\">\n\t\t\t<h2 style=\"text-align: center;\">politique de confidentialit\u00e9<\/h2>\n\n\t\t<\/div>\n\t<\/div>\n<\/div><\/div><\/div><\/div><div class=\"vc_row wpb_row vc_row-fluid vc_custom_1686439565266\"><div class=\"wpb_column vc_column_container vc_col-sm-12\"><div class=\"vc_column-inner\"><div class=\"wpb_wrapper\">\n\t<div class=\"wpb_text_column wpb_content_element\" >\n\t\t<div class=\"wpb_wrapper\">\n\t\t\t<p><strong>Introduction<\/strong><\/p>\n<p>Avec le d\u00e9veloppement des nouveaux outils de communication, il est n\u00e9cessaire de porter une attention particuli\u00e8re \u00e0 la protection de la vie priv\u00e9e. Par cons\u00e9quent, nous nous engageons \u00e0 respecter la confidentialit\u00e9 des informations personnelles que nous collectons.<\/p>\n<p><strong>Collecte de donn\u00e9es personnelles<\/strong><\/p>\n<p>Les donn\u00e9es personnelles (ou \u00ab Donn\u00e9es \u00bb) collect\u00e9es sur ce site internet (ou \u00ab Plateforme \u00bb) par le biais de formulaires et gr\u00e2ce \u00e0 l&#039;interactivit\u00e9 \u00e9tablie entre vous et notre Plateforme comprennent :<\/p>\n<ul>\n<li>Nom et pr\u00e9nom<\/li>\n<li>Pr\u00e9nom<\/li>\n<li>Nom de l&#039;entreprise<\/li>\n<li>Adresse postale<\/li>\n<li>Code Postal<\/li>\n<li>Adresse e-mail<\/li>\n<li>Num\u00e9ro de t\u00e9l\u00e9phone\/t\u00e9l\u00e9copieur<\/li>\n<li>Genre<\/li>\n<li>Date de naissance<\/li>\n<\/ul>\n<p>Les informations personnelles que nous collectons sont recueillies au travers de formulaires et gr\u00e2ce \u00e0 l&#039;interactivit\u00e9 \u00e9tablie entre vous et notre site internet. Nous utilisons \u00e9galement des cookies et\/ou des journaux, comme d\u00e9crit dans la section suivante, pour recueillir des informations vous concernant.<\/p>\n<p><strong>Formulaires et Interactivit\u00e9\u00a0:<\/strong><\/p>\n<p>Vos informations personnelles sont collect\u00e9es par le biais de formulaires, \u00e0 savoir :<\/p>\n<ul>\n<li>Formulaire d&#039;inscription au site<\/li>\n<\/ul>\n<p>Vos informations sont \u00e9galement collect\u00e9es via l&#039;interactivit\u00e9 qui peut se produire entre vous et notre site Web de la mani\u00e8re suivante :<\/p>\n<ul>\n<li>Contact<\/li>\n<li>Gestion du site (pr\u00e9sentation, organisation)<\/li>\n<li>commentaires<\/li>\n<\/ul>\n<p><strong>Droit d&#039;opposition et de retrait de consentement<\/strong><\/p>\n<p>Par cette politique de confidentialit\u00e9, nous nous engageons \u00e0 vous donner le droit de vous opposer et de retirer votre consentement \u00e0 l&#039;utilisation de vos informations personnelles.<\/p>\n<p>Le droit d&#039;opposition signifie que vous avez la possibilit\u00e9 de refuser l&#039;utilisation de vos informations personnelles \u00e0 certaines fins \u00e9nonc\u00e9es au moment de la collecte.<\/p>\n<p>Le droit de retirer votre consentement signifie que vous avez la possibilit\u00e9 de demander la suppression de vos informations personnelles, par exemple, d&#039;une liste de diffusion.<\/p>\n<p>Pour exercer ces droits, vous pouvez nous contacter en utilisant les coordonn\u00e9es suivantes :<\/p>\n<p>T\u00e9l\u00e9phone: <a href=\"tel: 33761122801\">+33 7 61 12 28 01<\/a><\/p>\n<p>Rubrique site internet : <a href=\"https:\/\/dincarchitect.com\/fr\/\" target=\"_new\" rel=\"noopener\">www.dinarchitect.com<\/a><\/p>\n<p><strong>Droit d&#039;acc\u00e8s<\/strong><\/p>\n<p>Nous nous engageons \u00e0 reconna\u00eetre un droit d&#039;acc\u00e8s et de rectification aux personnes qui souhaitent consulter, modifier ou supprimer leurs informations personnelles.<\/p>\n<p>Pour exercer ce droit, vous pouvez nous contacter aux coordonn\u00e9es suivantes :<\/p>\n<p>T\u00e9l\u00e9phone: <a href=\"tel: 33761122801\">+33 7 61 12 28 01<\/a><\/p>\n<p>Rubrique site internet : <a href=\"https:\/\/dincarchitect.com\/fr\/\" target=\"_new\" rel=\"noopener\">www.dinarchitect.com<\/a><\/p>\n<p><strong>S\u00e9curit\u00e9<\/strong><\/p>\n<p>Par cette politique de confidentialit\u00e9, nous nous engageons \u00e0 garantir que les informations personnelles collect\u00e9es sont conserv\u00e9es dans un environnement s\u00e9curis\u00e9. Nos collaborateurs sont tenus de respecter la confidentialit\u00e9 de vos informations.<\/p>\n<p>Pour assurer la s\u00e9curit\u00e9 de vos informations personnelles, nous employons les mesures suivantes :<\/p>\n<ul>\n<li>Protocole SSL (Secure Sockets Layer)<\/li>\n<li>Gestion des acc\u00e8s pour le personnel autoris\u00e9<\/li>\n<li>Gestion des acc\u00e8s pour les personnes concern\u00e9es<\/li>\n<li>Logiciel de surveillance r\u00e9seau<\/li>\n<li>Syst\u00e8mes de sauvegarde informatique<\/li>\n<li>D\u00e9veloppement de certificats num\u00e9riques<\/li>\n<li>Protection par pare-feu par ID utilisateur\/mot de passe<\/li>\n<\/ul>\n<p>Nous nous engageons \u00e0 maintenir un haut niveau de confidentialit\u00e9 en int\u00e9grant les derni\u00e8res innovations technologiques pour assurer la confidentialit\u00e9 de vos transactions. Toutefois, comme aucun m\u00e9canisme ne peut offrir une s\u00e9curit\u00e9 maximale, il existe toujours un certain niveau de risque lorsque l&#039;on utilise Internet pour transmettre des renseignements personnels.<\/p>\n\n\t\t<\/div>\n\t<\/div>\n<\/div><\/div><\/div><\/div>\n<\/section>","protected":false},"excerpt":{"rendered":"dincarchitect.com Politique de confidentialit\u00e9 Introduction Avec le d\u00e9veloppement de nouveaux outils de communication, il est n\u00e9cessaire de porter une attention particuli\u00e8re \u00e0 la protection de la vie priv\u00e9e. Nous nous engageons donc \u00e0 respecter la confidentialit\u00e9 des informations personnelles que nous collectons. Collecte de donn\u00e9es personnelles Les donn\u00e9es personnelles (ou \u00ab Donn\u00e9es \u00bb) collect\u00e9es sur ce site Internet (ou \u00ab Plateforme \u00bb) via des formulaires et [...]","protected":false},"author":1,"featured_media":0,"parent":0,"menu_order":0,"comment_status":"closed","ping_status":"closed","template":"","meta":{"footnotes":""},"acf":[],"_links":{"self":[{"href":"https:\/\/dincarchitect.com\/fr\/wp-json\/wp\/v2\/pages\/13759"}],"collection":[{"href":"https:\/\/dincarchitect.com\/fr\/wp-json\/wp\/v2\/pages"}],"about":[{"href":"https:\/\/dincarchitect.com\/fr\/wp-json\/wp\/v2\/types\/page"}],"author":[{"embeddable":true,"href":"https:\/\/dincarchitect.com\/fr\/wp-json\/wp\/v2\/users\/1"}],"replies":[{"embeddable":true,"href":"https:\/\/dincarchitect.com\/fr\/wp-json\/wp\/v2\/comments?post=13759"}],"version-history":[{"count":0,"href":"https:\/\/dincarchitect.com\/fr\/wp-json\/wp\/v2\/pages\/13759\/revisions"}],"wp:attachment":[{"href":"https:\/\/dincarchitect.com\/fr\/wp-json\/wp\/v2\/media?parent=13759"}],"curies":[{"name":"wp","href":"https:\/\/api.w.org\/{rel}","templated":true}]}}