{"id":13566,"date":"2023-06-12T00:00:48","date_gmt":"2023-06-12T00:00:48","guid":{"rendered":"https:\/\/dincarchitect.com\/?page_id=13566"},"modified":"2023-06-12T00:53:26","modified_gmt":"2023-06-12T00:53:26","slug":"faq","status":"publish","type":"page","link":"https:\/\/dincarchitect.com\/fr\/faq\/","title":{"rendered":"FAQ"},"content":{"rendered":"<section class=\"wpb-content-wrapper\"><div class=\"vc_row wpb_row vc_row-fluid vc_custom_1534163990014 vc_column-gap-30\"><div class=\"wpb_column vc_column_container vc_col-sm-12\"><div class=\"vc_column-inner\"><div class=\"wpb_wrapper\"><span class=\"subtitle dash-true style-dark text-default\">Foire aux questions (FAQ)<\/span>\n\t<div class=\"wpb_text_column wpb_content_element  wpb_animate_when_almost_visible wpb_fadeIn fadeIn vc_custom_1686350307042\" >\n\t\t<div class=\"wpb_wrapper\">\n\t\t\t<h2>Images immobili\u00e8res 3D<\/h2>\n<div class=\"group w-full text-gray-800 dark:text-gray-100 border-b border-black\/10 dark:border-gray-900\/50 bg-gray-50 dark:bg-&#091;#444654&#093;\">\n<div class=\"flex p-4 gap-4 text-base md:gap-6 md:max-w-2xl lg:max-w-&#091;38rem&#093; xl:max-w-3xl md:py-6 lg:px-0 m-auto\">\n<div class=\"relative flex w-&#091;calc(100%-50px)&#093; flex-col gap-1 md:gap-3 lg:w-&#091;calc(100%-115px)&#093;\">\n<div class=\"flex flex-grow flex-col gap-3\">\n<div class=\"min-h-&#091;20px&#093; flex flex-col items-start gap-4 whitespace-pre-wrap break-words\">\n<div class=\"markdown prose w-full break-words dark:prose-invert light\">\n<p>Service Image 3D : Perspectives 3D, Vues 360\u00b0, Visites Virtuelles\u2026<\/p>\n<\/div>\n<\/div>\n<\/div>\n<div class=\"flex justify-between lg:block\">\n<div class=\"text-gray-400 flex self-end lg:self-center justify-center mt-2 gap-2 md:gap-3 lg:gap-1 lg:absolute lg:top-0 lg:translate-x-full lg:right-0 lg:mt-0 lg:pl-2 visible\"><\/div>\n<\/div>\n<\/div>\n<\/div>\n<\/div>\n\n\t\t<\/div>\n\t<\/div>\n\n\t<div class=\"wpb_text_column wpb_content_element  vc_custom_1686351696937\" >\n\t\t<div class=\"wpb_wrapper\">\n\t\t\t<div class=\"panel-group light\" id=\"accordion-0\">\n<div class=\"panel\"><div class=\"panel-heading\"><h3 class=\"panel-title\"><a class=\"accordion-toggle deactive\" data-toggle=\"collapse\" data-parent=\"#accordion-0\" href=\"#collapse_0_How-Does-It-Work\">Comment \u00e7a marche?<\/a><\/h3><\/div><div id=\"collapse_0_How-Does-It-Work\" class=\"panel-collapse collapse deactive\"><div class=\"panel-body\">\n<p>Passer une commande d&#039;images 3D est un processus flexible et simple.<\/p>\n<p>Voici comment cela fonctionne:<\/p>\n<ol>\n<li>Fournissez-nous le mat\u00e9riel de votre projet\u00a0: Cela inclut les plans architecturaux num\u00e9riques tels que les fichiers AutoCAD, les plans dessin\u00e9s \u00e0 la main et\/ou les photos de r\u00e9f\u00e9rence. Ces mat\u00e9riaux servent de base pour cr\u00e9er les rendus 3D.<\/li>\n<li>Proposition initiale : Sur la base des mat\u00e9riaux fournis, nous cr\u00e9erons une proposition initiale de rendu 3D. Cela vous donnera une repr\u00e9sentation visuelle de l&#039;apparence de votre projet dans un espace en trois dimensions.<\/li>\n<li>Processus de r\u00e9vision : Nous appr\u00e9cions vos commentaires et nous nous effor\u00e7ons de r\u00e9pondre \u00e0 vos exigences sp\u00e9cifiques. Si vous avez des modifications ou des ajustements demand\u00e9s \u00e0 la proposition initiale, nous les int\u00e9grerons dans la conception. Nous travaillerons en \u00e9troite collaboration avec vous afin que le r\u00e9sultat final soit \u00e0 la hauteur de vos attentes.<\/li>\n<li>Finalisation : Une fois les r\u00e9visions mises en \u0153uvre et le r\u00e9sultat souhait\u00e9 atteint, nous finaliserons les rendus 3D et vous les livrerons dans le format convenu.<\/li>\n<\/ol>\n<p>Notre objectif est de vous fournir des images 3D r\u00e9alistes de haute qualit\u00e9 qui repr\u00e9sentent fid\u00e8lement votre projet. Notre objectif est de rendre le processus aussi fluide et efficace que possible, vous permettant de visualiser et de pr\u00e9senter efficacement vos conceptions.<\/p>\n<p><\/p> <\/div><\/div><\/div><br \/>\n<div class=\"panel\"><div class=\"panel-heading\"><h3 class=\"panel-title\"><a class=\"accordion-toggle\" data-toggle=\"collapse\" data-parent=\"#accordion-0\" href=\"#collapse_1_Intervention-of-an-Interior-Decorator\">Intervention d&#039;un d\u00e9corateur d&#039;int\u00e9rieur<\/a><\/h3><\/div><div id=\"collapse_1_Intervention-of-an-Interior-Decorator\" class=\"panel-collapse collapse\"><div class=\"panel-body\">\n<p>Tous nos designers visuels 3D sont \u00e9galement d\u00e9corateurs d&#039;int\u00e9rieur. Quelle que soit l&#039;\u00e9tape de votre projet, ils sauront l&#039;interpr\u00e9ter ou le compl\u00e9ter pour r\u00e9pondre parfaitement \u00e0 vos attentes. Vous pouvez d\u00e9crire le style de d\u00e9coration souhait\u00e9 (contemporain, industriel, vintage, ethnique, scandinave, rustique, cocon) ou nous envoyer des visuels des meubles, objets d\u00e9co, textures, luminaires et couleurs que vous avez choisis. Ils veilleront \u00e0 ce que votre vision soit fid\u00e8lement traduite dans les rendus 3D.<\/p>\n<p><\/p> <\/div><\/div><\/div><br \/>\n<div class=\"panel\"><div class=\"panel-heading\"><h3 class=\"panel-title\"><a class=\"accordion-toggle\" data-toggle=\"collapse\" data-parent=\"#accordion-0\" href=\"#collapse_2_Delivery-3-to-5-days\">Livraison : 3 \u00e0 5 jours<\/a><\/h3><\/div><div id=\"collapse_2_Delivery-3-to-5-days\" class=\"panel-collapse collapse\"><div class=\"panel-body\">\n<p>Une fois que nous aurons re\u00e7u vos documents et suggestions, vous recevrez la premi\u00e8re proposition d&#039;image 3D dans un d\u00e9lai de 3 \u00e0 5 jours ouvrables. Nous appliquerons ensuite les corrections que vous demandez dans les 24 heures ouvrables.<\/p>\n<p><\/p> <\/div><\/div><\/div><br \/>\n<div class=\"panel\"><div class=\"panel-heading\"><h3 class=\"panel-title\"><a class=\"accordion-toggle\" data-toggle=\"collapse\" data-parent=\"#accordion-0\" href=\"#collapse_3_Delivery-of-Source-Files\">Livraison des fichiers sources<\/a><\/h3><\/div><div id=\"collapse_3_Delivery-of-Source-Files\" class=\"panel-collapse collapse\"><div class=\"panel-body\">\n<p>Vous conservez votre autonomie. Nous fournissons toujours les fichiers source, vous permettant d&#039;apporter les modifications souhait\u00e9es \u00e0 vos images 3D.<\/p>\n<p><\/p> <\/div><\/div><\/div><br \/>\n<div class=\"panel\"><div class=\"panel-heading\"><h3 class=\"panel-title\"><a class=\"accordion-toggle\" data-toggle=\"collapse\" data-parent=\"#accordion-0\" href=\"#collapse_4_A-Powerful-Commercial-Lever\">Un levier commercial puissant<\/a><\/h3><\/div><div id=\"collapse_4_A-Powerful-Commercial-Lever\" class=\"panel-collapse collapse\"><div class=\"panel-body\">\n<p>Boostez votre entreprise avec des outils puissants<\/p>\n<p>Lib\u00e9rez le plein potentiel de votre entreprise gr\u00e2ce \u00e0 nos outils commerciaux 3D convaincants. Des ventes sur plan aux r\u00e9ponses aux appels d&#039;offres, en passant par le home staging, le design d&#039;int\u00e9rieur et la communication sur les r\u00e9seaux sociaux, nous proposons une gamme de services attractifs \u00e0 des prix comp\u00e9titifs. Offrez-vous des outils qui feront la diff\u00e9rence et qui vous d\u00e9marqueront : perspectives 3D, photomontages, images panoramiques 360\u00b0, visites virtuelles, vues axonom\u00e9triques, etc.<\/p>\n<p><\/p> <\/div><\/div><\/div><br \/>\n<div class=\"panel\"><div class=\"panel-heading\"><h3 class=\"panel-title\"><a class=\"accordion-toggle\" data-toggle=\"collapse\" data-parent=\"#accordion-0\" href=\"#collapse_5_Optimize-Your-Time\">Optimisez votre temps<\/a><\/h3><\/div><div id=\"collapse_5_Optimize-Your-Time\" class=\"panel-collapse collapse\"><div class=\"panel-body\">\n<p>Confiez-nous la r\u00e9alisation de vos visuels 3D et concentrez-vous sur votre c\u0153ur de m\u00e9tier et votre valeur ajout\u00e9e. En tant qu&#039;experts dans l&#039;utilisation de logiciels 3D, nous obtenons souvent des r\u00e9sultats aussi bons, sinon meilleurs, que ce que vous pouvez produire vous-m\u00eame, et \u00e0 un prix plus abordable.<\/p>\n<p><\/p> <\/div><\/div><\/div><br \/>\n<div class=\"panel\"><div class=\"panel-heading\"><h3 class=\"panel-title\"><a class=\"accordion-toggle\" data-toggle=\"collapse\" data-parent=\"#accordion-0\" href=\"#collapse_6_Tools\">Outils<\/a><\/h3><\/div><div id=\"collapse_6_Tools\" class=\"panel-collapse collapse\"><div class=\"panel-body\">\n<p>Nos perspectistes utilisent une large gamme d&#039;outils informatiques pour r\u00e9pondre \u00e0 tous vos besoins de perspectives 3D ultra-r\u00e9alistes.<\/p>\n<p><\/p> <\/div><\/div><\/div>\n<p><\/p><\/div>\n\n\t\t<\/div>\n\t<\/div>\n<\/div><\/div><\/div><\/div>\n<\/section>","protected":false},"excerpt":{"rendered":"Frequently Asked Questions (FAQ) 3D Real Estate Images 3D Image Service: 3D Perspectives, 360\u00b0 Views, Virtual Tours... How Does It Work? Placing an order for 3D images is a flexible and straightforward process. Here's how it works: Provide us with your project materials: This includes digital architectural plans such as AutoCAD files, hand-drawn plans, and\/or [...]","protected":false},"author":1,"featured_media":0,"parent":0,"menu_order":0,"comment_status":"closed","ping_status":"closed","template":"","meta":{"footnotes":""},"acf":[],"_links":{"self":[{"href":"https:\/\/dincarchitect.com\/fr\/wp-json\/wp\/v2\/pages\/13566"}],"collection":[{"href":"https:\/\/dincarchitect.com\/fr\/wp-json\/wp\/v2\/pages"}],"about":[{"href":"https:\/\/dincarchitect.com\/fr\/wp-json\/wp\/v2\/types\/page"}],"author":[{"embeddable":true,"href":"https:\/\/dincarchitect.com\/fr\/wp-json\/wp\/v2\/users\/1"}],"replies":[{"embeddable":true,"href":"https:\/\/dincarchitect.com\/fr\/wp-json\/wp\/v2\/comments?post=13566"}],"version-history":[{"count":0,"href":"https:\/\/dincarchitect.com\/fr\/wp-json\/wp\/v2\/pages\/13566\/revisions"}],"wp:attachment":[{"href":"https:\/\/dincarchitect.com\/fr\/wp-json\/wp\/v2\/media?parent=13566"}],"curies":[{"name":"wp","href":"https:\/\/api.w.org\/{rel}","templated":true}]}}