{"id":13191,"date":"2023-06-12T00:00:29","date_gmt":"2023-06-12T00:00:29","guid":{"rendered":"https:\/\/themicart.com\/interico-wpb\/?page_id=13191"},"modified":"2023-06-17T13:03:05","modified_gmt":"2023-06-17T13:03:05","slug":"about-us","status":"publish","type":"page","link":"https:\/\/dincarchitect.com\/fr\/a-propos-de-nous\/","title":{"rendered":"\u00c0 propos de nous"},"content":{"rendered":"<section class=\"wpb-content-wrapper\"><div data-vc-full-width=\"true\" data-vc-full-width-init=\"false\" class=\"vc_row wpb_row vc_row-fluid spaced-top\"><div class=\"wpb_column vc_column_container vc_col-sm-12\"><div class=\"vc_column-inner\"><div class=\"wpb_wrapper\">\n\t<div class=\"wpb_text_column wpb_content_element\" >\n\t\t<div class=\"wpb_wrapper\">\n\t\t\t<h2 style=\"text-align: center;\">\u00c0 la poursuite de conceptions architecturales \u00e9l\u00e9gantes<\/h2>\n\n\t\t<\/div>\n\t<\/div>\n<span class=\"subtitle dash-false style-dark text-center\">Apprendre a nous connaitre<\/span><\/div><\/div><\/div><\/div><div class=\"vc_row-full-width vc_clearfix\"><\/div><div class=\"vc_row wpb_row vc_row-fluid mobile-pad-0 vc_custom_1686571886157 vc_row-o-equal-height vc_row-o-content-middle vc_row-flex\"><div class=\"wpb_column vc_column_container vc_col-sm-8 vc_hidden-sm vc_hidden-xs\"><div class=\"vc_column-inner\"><div class=\"wpb_wrapper\">\n\t<div  class=\"wpb_single_image wpb_content_element vc_align_left  vc_custom_1686908225578\">\n\t\t\n\t\t<figure class=\"wpb_wrapper vc_figure\">\n\t\t\t<a href=\"https:\/\/dincarchitect.com\/wp-content\/uploads\/2023\/06\/dastudio-abous-us-1024x644.jpg\" target=\"_self\" class=\"vc_single_image-wrapper   vc_box_border_grey\"><img decoding=\"async\" width=\"1240\" height=\"780\" src=\"https:\/\/dincarchitect.com\/wp-content\/uploads\/2023\/06\/dastudio-abous-us.jpg\" class=\"vc_single_image-img attachment-full\" alt=\"\" title=\"dastudio-\u00e0-propos-de-nous\" srcset=\"https:\/\/dincarchitect.com\/wp-content\/uploads\/2023\/06\/dastudio-abous-us.jpg 1240w, https:\/\/dincarchitect.com\/wp-content\/uploads\/2023\/06\/dastudio-abous-us-1024x644.jpg 1024w, https:\/\/dincarchitect.com\/wp-content\/uploads\/2023\/06\/dastudio-abous-us-768x483.jpg 768w, https:\/\/dincarchitect.com\/wp-content\/uploads\/2023\/06\/dastudio-abous-us-18x12.jpg 18w\" sizes=\"(max-width: 1240px) 100vw, 1240px\" \/><\/a>\n\t\t<\/figure>\n\t<\/div>\n<\/div><\/div><\/div><div class=\"wpb_column vc_column_container vc_col-sm-4\"><div class=\"vc_column-inner\"><div class=\"wpb_wrapper\"><div class=\"vc_row wpb_row vc_inner vc_row-fluid overlap-left\"><div class=\"shadow-box wpb_column vc_column_container vc_col-sm-12\"><div class=\"vc_column-inner\"><div class=\"wpb_wrapper\"><span class=\"subtitle dash-true style-dark text-default\">DA Studio<\/span><div class=\"divider-light\"><\/div>\n\t<div class=\"wpb_text_column wpb_content_element\" >\n\t\t<div class=\"wpb_wrapper\">\n\t\t\t<div style=\"text-align: justify;\">\n<p>Notre entreprise est un cabinet d&#039;architectes exclusif qui op\u00e8re au sommet de l&#039;art \u00e9l\u00e9gant de l&#039;architecture. Dinc Bey, n\u00e9 en France, a forg\u00e9 son expertise gr\u00e2ce \u00e0 des doubles dipl\u00f4mes universitaires de Paris Descartes et du d\u00e9partement d&#039;architecture en Turquie. En tant que visionnaires et entrepreneurs passionn\u00e9s, nous avons donn\u00e9 vie \u00e0 notre propre studio, offrant des services uniques et exceptionnels dans le domaine de l&#039;architecture.<\/p>\n<\/div>\n\n\t\t<\/div>\n\t<\/div>\n<\/div><\/div><\/div><\/div><\/div><\/div><\/div><\/div><div class=\"vc_row wpb_row vc_row-fluid mobile-pad-0 vc_custom_1686571894333 vc_row-o-equal-height vc_row-o-content-middle vc_row-flex\"><div class=\"wpb_column vc_column_container vc_col-sm-4\"><div class=\"vc_column-inner\"><div class=\"wpb_wrapper\"><div class=\"vc_row wpb_row vc_inner vc_row-fluid overlap-right\"><div class=\"shadow-box wpb_column vc_column_container vc_col-sm-12\"><div class=\"vc_column-inner\"><div class=\"wpb_wrapper\"><span class=\"subtitle dash-true style-dark text-default\">DA Studio<\/span><div class=\"divider-light\"><\/div>\n\t<div class=\"wpb_text_column wpb_content_element\" >\n\t\t<div class=\"wpb_wrapper\">\n\t\t\t<div style=\"text-align: justify;\">\n<p>Nous sommes fiers d&#039;\u00eatre une \u00e9quipe jeune et dynamique compos\u00e9e de dix personnes talentueuses travaillant \u00e0 la fois en France et en Turquie. Alors que notre \u00e9quipe fran\u00e7aise se concentre sur l&#039;acquisition de clients, notre \u00e9quipe turque se consacre \u00e0 lib\u00e9rer la cr\u00e9ativit\u00e9 et \u00e0 ex\u00e9cuter des projets avec la plus grande pr\u00e9cision. Par cons\u00e9quent, nos prix sont comp\u00e9titifs, refl\u00e9tant notre engagement \u00e0 offrir de la valeur \u00e0 nos clients.<\/p>\n<\/div>\n\n\t\t<\/div>\n\t<\/div>\n<\/div><\/div><\/div><\/div><\/div><\/div><\/div><div class=\"wpb_column vc_column_container vc_col-sm-8 vc_hidden-sm vc_hidden-xs\"><div class=\"vc_column-inner\"><div class=\"wpb_wrapper\">\n\t<div  class=\"wpb_single_image wpb_content_element vc_align_left  vc_custom_1686925424961\">\n\t\t\n\t\t<figure class=\"wpb_wrapper vc_figure\">\n\t\t\t<a href=\"https:\/\/dincarchitect.com\/wp-content\/uploads\/2023\/06\/dastudio-team-1-1024x644.jpg\" target=\"_self\" class=\"vc_single_image-wrapper   vc_box_border_grey\"><img decoding=\"async\" width=\"1240\" height=\"780\" src=\"https:\/\/dincarchitect.com\/wp-content\/uploads\/2023\/06\/dastudio-team-1.jpg\" class=\"vc_single_image-img attachment-full\" alt=\"\" title=\"dastudio-team-1\" srcset=\"https:\/\/dincarchitect.com\/wp-content\/uploads\/2023\/06\/dastudio-team-1.jpg 1240w, https:\/\/dincarchitect.com\/wp-content\/uploads\/2023\/06\/dastudio-team-1-1024x644.jpg 1024w, https:\/\/dincarchitect.com\/wp-content\/uploads\/2023\/06\/dastudio-team-1-768x483.jpg 768w, https:\/\/dincarchitect.com\/wp-content\/uploads\/2023\/06\/dastudio-team-1-18x12.jpg 18w\" sizes=\"(max-width: 1240px) 100vw, 1240px\" \/><\/a>\n\t\t<\/figure>\n\t<\/div>\n<\/div><\/div><\/div><\/div><div class=\"vc_row wpb_row vc_row-fluid mobile-pad-0 vc_custom_1686571900653 vc_row-o-equal-height vc_row-o-content-middle vc_row-flex\"><div class=\"wpb_column vc_column_container vc_col-sm-8 vc_hidden-sm vc_hidden-xs\"><div class=\"vc_column-inner\"><div class=\"wpb_wrapper\">\n\t<div  class=\"wpb_single_image wpb_content_element vc_align_left  vc_custom_1686925950678\">\n\t\t\n\t\t<figure class=\"wpb_wrapper vc_figure\">\n\t\t\t<a href=\"https:\/\/dincarchitect.com\/wp-content\/uploads\/2023\/06\/dastudio-team-2-1024x644.jpg\" target=\"_self\" class=\"vc_single_image-wrapper   vc_box_border_grey\"><img decoding=\"async\" width=\"1240\" height=\"780\" src=\"https:\/\/dincarchitect.com\/wp-content\/uploads\/2023\/06\/dastudio-team-2.jpg\" class=\"vc_single_image-img attachment-full\" alt=\"\" title=\"dastudio-team-2\" srcset=\"https:\/\/dincarchitect.com\/wp-content\/uploads\/2023\/06\/dastudio-team-2.jpg 1240w, https:\/\/dincarchitect.com\/wp-content\/uploads\/2023\/06\/dastudio-team-2-1024x644.jpg 1024w, https:\/\/dincarchitect.com\/wp-content\/uploads\/2023\/06\/dastudio-team-2-768x483.jpg 768w, https:\/\/dincarchitect.com\/wp-content\/uploads\/2023\/06\/dastudio-team-2-18x12.jpg 18w\" sizes=\"(max-width: 1240px) 100vw, 1240px\" \/><\/a>\n\t\t<\/figure>\n\t<\/div>\n<\/div><\/div><\/div><div class=\"wpb_column vc_column_container vc_col-sm-4\"><div class=\"vc_column-inner\"><div class=\"wpb_wrapper\"><div class=\"vc_row wpb_row vc_inner vc_row-fluid overlap-left\"><div class=\"shadow-box wpb_column vc_column_container vc_col-sm-12\"><div class=\"vc_column-inner\"><div class=\"wpb_wrapper\"><span class=\"subtitle dash-true style-dark text-default\">DA Studio<\/span><div class=\"divider-light\"><\/div>\n\t<div class=\"wpb_text_column wpb_content_element\" >\n\t\t<div class=\"wpb_wrapper\">\n\t\t\t<div style=\"text-align: justify;\">\n<p>En tant qu&#039;\u00e9quipe, nous adoptons une approche personnalis\u00e9e pour chaque projet que nous entreprenons. Nous cr\u00e9ons des designs qui respirent l&#039;excellence esth\u00e9tique tout en incorporant des fonctionnalit\u00e9s et en r\u00e9pondant aux exigences sp\u00e9cifiques de nos clients. Notre travail minutieux vise \u00e0 transformer les r\u00eaves de nos clients en r\u00e9alit\u00e9, en tirant parti des derni\u00e8res technologies pour insuffler l&#039;innovation dans nos projets.<\/p>\n<\/div>\n\n\t\t<\/div>\n\t<\/div>\n<\/div><\/div><\/div><\/div><\/div><\/div><\/div><\/div><div class=\"vc_row wpb_row vc_row-fluid mobile-pad-0 vc_custom_1686571907125 vc_row-o-equal-height vc_row-o-content-middle vc_row-flex\"><div class=\"wpb_column vc_column_container vc_col-sm-4\"><div class=\"vc_column-inner\"><div class=\"wpb_wrapper\"><div class=\"vc_row wpb_row vc_inner vc_row-fluid overlap-right\"><div class=\"shadow-box wpb_column vc_column_container vc_col-sm-12\"><div class=\"vc_column-inner\"><div class=\"wpb_wrapper\"><span class=\"subtitle dash-true style-dark text-default\">DA Studio<\/span><div class=\"divider-light\"><\/div>\n\t<div class=\"wpb_text_column wpb_content_element\" >\n\t\t<div class=\"wpb_wrapper\">\n\t\t\t<div style=\"text-align: justify;\">\n<p>Forte d&#039;une longue exp\u00e9rience et d&#039;une passion in\u00e9branlable, notre \u00e9quipe est sp\u00e9cialis\u00e9e dans les projets architecturaux et entretient une \u00e9troite collaboration avec nos clients \u00e0 chaque \u00e9tape. Comprendre votre histoire, vos besoins et vos attentes est primordial pour nous. Gr\u00e2ce \u00e0 notre approche professionnelle et \u00e0 nos conceptions uniques, nous nous effor\u00e7ons de donner vie \u00e0 vos espaces imagin\u00e9s.<\/p>\n<\/div>\n\n\t\t<\/div>\n\t<\/div>\n<\/div><\/div><\/div><\/div><\/div><\/div><\/div><div class=\"wpb_column vc_column_container vc_col-sm-8 vc_hidden-sm vc_hidden-xs\"><div class=\"vc_column-inner\"><div class=\"wpb_wrapper\">\n\t<div  class=\"wpb_single_image wpb_content_element vc_align_left  vc_custom_1686926031639\">\n\t\t\n\t\t<figure class=\"wpb_wrapper vc_figure\">\n\t\t\t<a href=\"https:\/\/dincarchitect.com\/wp-content\/uploads\/2023\/06\/dastudio-team-4-1024x644.jpg\" target=\"_self\" class=\"vc_single_image-wrapper   vc_box_border_grey\"><img decoding=\"async\" width=\"1240\" height=\"780\" src=\"https:\/\/dincarchitect.com\/wp-content\/uploads\/2023\/06\/dastudio-team-4.jpg\" class=\"vc_single_image-img attachment-full\" alt=\"\" title=\"dastudio-team-4\" srcset=\"https:\/\/dincarchitect.com\/wp-content\/uploads\/2023\/06\/dastudio-team-4.jpg 1240w, https:\/\/dincarchitect.com\/wp-content\/uploads\/2023\/06\/dastudio-team-4-1024x644.jpg 1024w, https:\/\/dincarchitect.com\/wp-content\/uploads\/2023\/06\/dastudio-team-4-768x483.jpg 768w, https:\/\/dincarchitect.com\/wp-content\/uploads\/2023\/06\/dastudio-team-4-18x12.jpg 18w\" sizes=\"(max-width: 1240px) 100vw, 1240px\" \/><\/a>\n\t\t<\/figure>\n\t<\/div>\n<\/div><\/div><\/div><\/div><div class=\"vc_row wpb_row vc_row-fluid mobile-pad-0 vc_custom_1686571914605 vc_row-o-equal-height vc_row-o-content-middle vc_row-flex\"><div class=\"wpb_column vc_column_container vc_col-sm-8 vc_hidden-sm vc_hidden-xs\"><div class=\"vc_column-inner\"><div class=\"wpb_wrapper\">\n\t<div  class=\"wpb_single_image wpb_content_element vc_align_left  vc_custom_1686919831190\">\n\t\t\n\t\t<figure class=\"wpb_wrapper vc_figure\">\n\t\t\t<a href=\"https:\/\/dincarchitect.com\/wp-content\/uploads\/2023\/06\/dastudio-team-3-1024x644.jpg\" target=\"_self\" class=\"vc_single_image-wrapper   vc_box_border_grey\"><img decoding=\"async\" width=\"1240\" height=\"780\" src=\"https:\/\/dincarchitect.com\/wp-content\/uploads\/2023\/06\/dastudio-team-3.jpg\" class=\"vc_single_image-img attachment-full\" alt=\"\" title=\"dastudio-team-3\" srcset=\"https:\/\/dincarchitect.com\/wp-content\/uploads\/2023\/06\/dastudio-team-3.jpg 1240w, https:\/\/dincarchitect.com\/wp-content\/uploads\/2023\/06\/dastudio-team-3-1024x644.jpg 1024w, https:\/\/dincarchitect.com\/wp-content\/uploads\/2023\/06\/dastudio-team-3-768x483.jpg 768w, https:\/\/dincarchitect.com\/wp-content\/uploads\/2023\/06\/dastudio-team-3-18x12.jpg 18w\" sizes=\"(max-width: 1240px) 100vw, 1240px\" \/><\/a>\n\t\t<\/figure>\n\t<\/div>\n<\/div><\/div><\/div><div class=\"wpb_column vc_column_container vc_col-sm-4\"><div class=\"vc_column-inner\"><div class=\"wpb_wrapper\"><div class=\"vc_row wpb_row vc_inner vc_row-fluid overlap-left\"><div class=\"shadow-box wpb_column vc_column_container vc_col-sm-12\"><div class=\"vc_column-inner\"><div class=\"wpb_wrapper\"><span class=\"subtitle dash-true style-dark text-default\">DA Studio<\/span><div class=\"divider-light\"><\/div>\n\t<div class=\"wpb_text_column wpb_content_element\" >\n\t\t<div class=\"wpb_wrapper\">\n\t\t\t<div style=\"text-align: justify;\">\n<p>Chaque projet qui vous tient \u00e0 c\u0153ur re\u00e7oit notre plus grande attention. Tirant parti de nos comp\u00e9tences architecturales, de notre cr\u00e9ativit\u00e9 et de notre expertise, nous planifions m\u00e9ticuleusement chaque d\u00e9tail, garantissant la qualit\u00e9 \u00e0 chaque \u00e9tape de votre projet.<\/p>\n<p>Nous sommes extr\u00eamement fiers de poursuivre la voie de conceptions architecturales \u00e9l\u00e9gantes et percutantes tout en assurant la satisfaction de nos clients. Nous sommes impatients de travailler pour vous transporter dans l&#039;espace de vos r\u00eaves. Embarquons ensemble dans ce voyage !<\/p>\n<\/div>\n\n\t\t<\/div>\n\t<\/div>\n\n\t<div class=\"wpb_raw_code wpb_content_element wpb_raw_html\" >\n\t\t<div class=\"wpb_wrapper\">\n\t\t\t<link href=\"https:\/\/fonts.googleapis.com\/css2?family=Great+Vibes&display=swap\" rel=\"stylesheet\">\n<style>\n  .signature {\n    font-family: 'Great Vibes', cursive;\n    font-size: 24px;\n    color: #e37218;\n    text-align: center;\n  }\n<\/style>\n\n<div style=\"display: flex; justify-content: center;\">\n  <span class=\"signature\">Kubilay Din\u00e7<\/span>\n<\/div>\n\n\n\t\t<\/div>\n\t<\/div>\n<\/div><\/div><\/div><\/div><\/div><\/div><\/div><\/div>\n<\/section>","protected":false},"excerpt":{"rendered":"\u00c0 la recherche de conceptions architecturales \u00e9l\u00e9gantes Apprenez \u00e0 nous conna\u00eetre DA Studio Notre entreprise est un cabinet d&#039;architectes exclusif qui op\u00e8re au sommet de l&#039;art \u00e9l\u00e9gant de l&#039;architecture. Dinc Bey, n\u00e9 en France, a perfectionn\u00e9 son expertise gr\u00e2ce \u00e0 un double dipl\u00f4me universitaire de Paris Descartes et du d\u00e9partement d&#039;architecture en Turquie. En tant que visionnaires passionn\u00e9s [...]","protected":false},"author":1,"featured_media":0,"parent":0,"menu_order":0,"comment_status":"closed","ping_status":"closed","template":"","meta":{"footnotes":""},"acf":[],"_links":{"self":[{"href":"https:\/\/dincarchitect.com\/fr\/wp-json\/wp\/v2\/pages\/13191"}],"collection":[{"href":"https:\/\/dincarchitect.com\/fr\/wp-json\/wp\/v2\/pages"}],"about":[{"href":"https:\/\/dincarchitect.com\/fr\/wp-json\/wp\/v2\/types\/page"}],"author":[{"embeddable":true,"href":"https:\/\/dincarchitect.com\/fr\/wp-json\/wp\/v2\/users\/1"}],"replies":[{"embeddable":true,"href":"https:\/\/dincarchitect.com\/fr\/wp-json\/wp\/v2\/comments?post=13191"}],"version-history":[{"count":0,"href":"https:\/\/dincarchitect.com\/fr\/wp-json\/wp\/v2\/pages\/13191\/revisions"}],"wp:attachment":[{"href":"https:\/\/dincarchitect.com\/fr\/wp-json\/wp\/v2\/media?parent=13191"}],"curies":[{"name":"wp","href":"https:\/\/api.w.org\/{rel}","templated":true}]}}