{"id":12031,"date":"2023-06-12T00:00:55","date_gmt":"2023-06-12T00:00:55","guid":{"rendered":"https:\/\/themicart.com\/interico-wpb\/?page_id=12031"},"modified":"2023-06-20T04:39:42","modified_gmt":"2023-06-20T04:39:42","slug":"contact-us","status":"publish","type":"page","link":"https:\/\/dincarchitect.com\/fr\/contactez-nous\/","title":{"rendered":"Contactez-nous"},"content":{"rendered":"<section class=\"wpb-content-wrapper\"><div data-vc-full-width=\"true\" data-vc-full-width-init=\"false\" class=\"vc_row wpb_row vc_row-fluid vc_custom_1538649965161 vc_row-has-fill\"><div class=\"wpb_column vc_column_container vc_col-sm-4\"><div class=\"vc_column-inner\"><div class=\"wpb_wrapper\"><a href=\"tel: 33761122801\"><div class=\"feature-box icon-top-centered box-hovered spacing-30 spacing-mob-30\"><span class=\"lnr lnr-phone\"><\/span><div class=\"content-wrapper\"><h3 class=\"feature-title\">+33 7 61 12 28 01<\/h3><p class=\"feature-text\">N&#039;h\u00e9sitez pas \u00e0 nous contacter \u00e0 tout moment entre 08h00 et 17h00, du lundi au vendredi.<\/p><\/div><\/div><\/a><\/div><\/div><\/div><div class=\"wpb_column vc_column_container vc_col-sm-4\"><div class=\"vc_column-inner\"><div class=\"wpb_wrapper\"><a href=\"mailto:info@dincarchitect.com\"><div class=\"feature-box icon-top-centered box-hovered spacing-30 spacing-mob-30\"><span class=\"lnr lnr-envelope\"><\/span><div class=\"content-wrapper\"><h3 class=\"feature-title\">info@dincarchitect.com<\/h3><p class=\"feature-text\">N&#039;h\u00e9sitez pas \u00e0 nous envoyer un e-mail \u00e0 tout moment, et nous vous r\u00e9pondrons g\u00e9n\u00e9ralement dans les 24 heures.<\/p><\/div><\/div><\/a><\/div><\/div><\/div><div class=\"wpb_column vc_column_container vc_col-sm-4\"><div class=\"vc_column-inner\"><div class=\"wpb_wrapper\"><a href=\"https:\/\/www.google.com\/maps\/search\/?api=1&#038;query=88+Rue+Raynouard%2C+75016+Paris%2C+France\" target=\"_blank\" rel=\"noopener\"><div class=\"feature-box icon-top-centered box-hovered spacing-30 spacing-mob-30\"><span class=\"lnr lnr-home\"><\/span><div class=\"content-wrapper\"><h3 class=\"feature-title\">88 Rue Raynouard, 75016 Paris, France<\/h3><p class=\"feature-text\">T\u00e9l\u00e9phonez-nous avant de visiter<\/p><\/div><\/div><\/a><\/div><\/div><\/div><\/div><div class=\"vc_row-full-width vc_clearfix\"><\/div><div data-vc-full-width=\"true\" data-vc-full-width-init=\"false\" class=\"vc_row wpb_row vc_row-fluid spaced vc_custom_1686357953926 vc_row-has-fill\"><div class=\"wpb_column vc_column_container vc_col-sm-12\"><div class=\"vc_column-inner\"><div class=\"wpb_wrapper\">\n\t<div class=\"wpb_text_column wpb_content_element  wpb_animate_when_almost_visible wpb_fadeIn fadeIn vc_custom_1686357006959\" >\n\t\t<div class=\"wpb_wrapper\">\n\t\t\t<span class=\"subtitle dash-true style-dark text-default\">Remplir le formulaire<\/span>\n<h2>Parlez nous de votre projet<\/h2>\n\n\t\t<\/div>\n\t<\/div>\n<div class=\"vc_row wpb_row vc_inner vc_row-fluid vc_custom_1535104842056 vc_column-gap-30 vc_row-o-equal-height vc_row-flex\"><div class=\"shadow-box wpb_column vc_column_container vc_col-sm-12\"><div class=\"vc_column-inner\"><div class=\"wpb_wrapper\">\n<div class=\"wpcf7 no-js\" id=\"wpcf7-f6793-o1\" lang=\"en-US\" dir=\"ltr\">\n<div class=\"screen-reader-response\"><p role=\"status\" aria-live=\"polite\" aria-atomic=\"true\"><\/p> <ul><\/ul><\/div>\n<form action=\"\/fr\/wp-json\/wp\/v2\/pages\/12031#wpcf7-f6793-o1\" method=\"post\" class=\"wpcf7-form init\" aria-label=\"Formulaire de contact\" enctype=\"multipart\/form-data\" novalidate=\"novalidate\" data-status=\"init\" data-trp-original-action=\"\/fr\/wp-json\/wp\/v2\/pages\/12031#wpcf7-f6793-o1\">\n<div style=\"display: none;\">\n<input type=\"hidden\" name=\"_wpcf7\" value=\"6793\" \/>\n<input type=\"hidden\" name=\"_wpcf7_version\" value=\"5.7.7\" \/>\n<input type=\"hidden\" name=\"_wpcf7_locale\" value=\"en_US\" \/>\n<input type=\"hidden\" name=\"_wpcf7_unit_tag\" value=\"wpcf7-f6793-o1\" \/>\n<input type=\"hidden\" name=\"_wpcf7_container_post\" value=\"0\" \/>\n<input type=\"hidden\" name=\"_wpcf7_posted_data_hash\" value=\"\" \/>\n<\/div>\n<div class=\"default-form main-contact-form quote-form\">\n\t<div class=\"row\">\n\t\t<div class=\"col-lg-6 col-md-6 col-sm-12 col-xs-12\">\n\t\t\t<div class=\"form-row\">\n\t\t\t\t<p><input type=\"url\" name=\"WebsiteURL\" placeholder=\"Adresse web\" required \/>\n\t\t\t\t<\/p>\n\t\t\t<\/div>\n\t\t<\/div>\n\t\t<div class=\"col-lg-6 col-md-6 col-sm-12 col-xs-12\">\n\t\t\t<div class=\"form-row\">\n\t\t\t\t<p><input type=\"text\" name=\"CompanyName\" placeholder=\"Nom de l&#039;entreprise\" required \/>\n\t\t\t\t<\/p>\n\t\t\t<\/div>\n\t\t<\/div>\n\t\t<div class=\"col-lg-6 col-md-6 col-sm-12 col-xs-12\">\n\t\t\t<div class=\"form-row\">\n\t\t\t\t<p><span class=\"wpcf7-form-control-wrap\" data-name=\"FirstName\"><input size=\"40\" class=\"wpcf7-form-control wpcf7-text wpcf7-validates-as-required\" aria-required=\"true\" aria-invalid=\"false\" placeholder=\"Pr\u00e9nom\" value=\"\" type=\"text\" name=\"FirstName\" \/><\/span>\n\t\t\t\t<\/p>\n\t\t\t<\/div>\n\t\t<\/div>\n\t\t<div class=\"col-lg-6 col-md-6 col-sm-12 col-xs-12\">\n\t\t\t<div class=\"form-row\">\n\t\t\t\t<p><span class=\"wpcf7-form-control-wrap\" data-name=\"LastName\"><input size=\"40\" class=\"wpcf7-form-control wpcf7-text wpcf7-validates-as-required\" aria-required=\"true\" aria-invalid=\"false\" placeholder=\"Nom de famille\" value=\"\" type=\"text\" name=\"LastName\" \/><\/span>\n\t\t\t\t<\/p>\n\t\t\t<\/div>\n\t\t<\/div>\n\t\t<div class=\"col-lg-6 col-md-6 col-sm-12 col-xs-12\">\n\t\t\t<div class=\"form-row\">\n\t\t\t\t<p><span class=\"wpcf7-form-control-wrap\" data-name=\"PhoneNumber\"><input size=\"40\" class=\"wpcf7-form-control wpcf7-text wpcf7-tel wpcf7-validates-as-required wpcf7-validates-as-tel\" aria-required=\"true\" aria-invalid=\"false\" placeholder=\"T\u00e9l\u00e9phone\" value=\"\" type=\"tel\" name=\"PhoneNumber\" \/><\/span>\n\t\t\t\t<\/p>\n\t\t\t<\/div>\n\t\t<\/div>\n\t\t<div class=\"col-lg-6 col-md-6 col-sm-12 col-xs-12\">\n\t\t\t<div class=\"form-row\">\n\t\t\t\t<p><span class=\"wpcf7-form-control-wrap\" data-name=\"EmailAddress\"><input size=\"40\" class=\"wpcf7-form-control wpcf7-text wpcf7-email wpcf7-validates-as-required wpcf7-validates-as-email\" aria-required=\"true\" aria-invalid=\"false\" placeholder=\"E-mail\" value=\"\" type=\"email\" name=\"EmailAddress\" \/><\/span>\n\t\t\t\t<\/p>\n\t\t\t<\/div>\n\t\t<\/div>\n\t\t<div class=\"col-lg-6 col-md-6 col-sm-12 col-xs-12\">\n\t\t\t<div class=\"form-row\">\n\t\t\t\t<p><label>Budget estim\u00e9...<\/label><br \/>\n<select name=\"Budget\" required>\n <option value=\"\" selected disabled>Budget estim\u00e9...<\/option>\n <option value=\"\u20ac50-499\">\u20ac50-499<\/option>\n <option value=\"\u20ac500-999\">\u20ac500-999<\/option>\n <option value=\"\u20ac1,000-1,999\">\u20ac1,000-1,999<\/option>\n <option value=\"\u20ac2,000-2,999\">\u20ac2,000-2,999<\/option>\n <option value=\"\u20ac3,000-3,999\">\u20ac3,000-3,999<\/option>\n <option value=\"\u20ac4,000-4,999\">\u20ac4,000-4,999<\/option>\n <option value=\"\u20ac5,000+\">\u20ac5,000+<\/option>\n <\/select>\n\t\t\t\t<\/p>\n\t\t\t<\/div>\n\t\t<\/div>\n\t\t<div class=\"col-lg-6 col-md-6 col-sm-12 col-xs-12\">\n\t\t\t<div class=\"form-row\">\n\t\t\t\t<p><label>Par quel service \u00eates-vous int\u00e9ress\u00e9?<\/label><br \/>\n<select name=\"ServiceName\" required>\n <option value=\"\" selected disabled>Par quel service \u00eates-vous int\u00e9ress\u00e9?<\/option>\n <option value=\"Architectural Design\">Conception architecturale<\/option>\n <option value=\"Space Planning\">Am\u00e9nagement de l&#039;espace<\/option>\n <option value=\"Interior Design\">Design d&#039;int\u00e9rieur<\/option>\n <option value=\"3D Modeling and Visualization\">Mod\u00e9lisation et visualisation 3D<\/option>\n <option value=\"Construction Documentation\">Documents de construction<\/option>\n <option value=\"Project Management\">Gestion de projet<\/option>\n <option value=\"Sustainable Design\">Conception durable<\/option>\n <option value=\"Renovation and Restoration\">R\u00e9novation et restauration<\/option>\n <option value=\"Urban Planning\">Am\u00e9nagement urbain<\/option>\n <\/select>\n\t\t\t\t<\/p>\n\t\t\t<\/div>\n\t\t<\/div>\n\t\t<div class=\"col-lg-12 col-md-12 col-sm-12 col-xs-12\">\n\t\t\t<div class=\"form-row\">\n\t\t\t\t<p><label>R\u00e9f\u00e9rences ou inspirations\u00a0:<\/label><br \/>\n<textarea name=\"WebsiteDetails\" class=\"website-details\"><\/textarea>\n\t\t\t\t<\/p>\n\t\t\t<\/div>\n\t\t<\/div>\n\t\t<div class=\"col-lg-12 col-md-12 col-sm-12 col-xs-12\">\n\t\t\t<div class=\"form-row\">\n\t\t\t\t<p><label>Informations d\u00e9taill\u00e9es sur le projet :<\/label><br \/>\n<textarea name=\"Keywords\" class=\"keywords\"><\/textarea>\n\t\t\t\t<\/p>\n\t\t\t<\/div>\n\t\t<\/div>\n\t\t<div class=\"col-lg-12 col-md-12 col-sm-12 col-xs-12\">\n\t\t\t<div class=\"form-row\">\n\t\t\t\t<p><label>Choisissez Fichier (Formats pris en charge : PDF, DOC, DOCX, PNG, JPEG, JPG, AutoCAD)<\/label><br \/>\n<span class=\"wpcf7-form-control-wrap\" data-name=\"file-325\"><input size=\"40\" class=\"wpcf7-form-control wpcf7-file\" accept=\".jpg,.jpeg,.png,.pdf,.doc,.docx,.dwg\" aria-invalid=\"false\" type=\"file\" name=\"file-325\" \/><\/span>\n\t\t\t\t<\/p>\n\t\t\t<\/div>\n\t\t<\/div>\n\t\t<div class=\"col-lg-12 col-md-12 col-sm-12 col-xs-12\">\n\t\t\t<div class=\"form-row\">\n\t\t\t\t<p><span class=\"wpcf7-form-control-wrap bwscaptcha-304\"><input style=\"display:none;\" class=\"wpcf7-form-control wpcf7-bwscaptcha\" aria-required=\"true\" type=\"text\" name=\"bwscaptcha-304\" value=\"\" \/><p class=\"cptch_block\"><span id=\"cptch_time_limit_notice_90\" class=\"cptch_time_limit_notice cptch_to_remove\">D\u00e9lai d\u00e9pass\u00e9. Veuillez compl\u00e9ter le captcha une fois de plus.<\/span><span class=\"cptch_wrap cptch_math_actions\">\n\t\t\t\t<label class=\"cptch_label\" for=\"cptch_input_90\"><span class=\"cptch_span\">7<\/span>\n\t\t\t\t\t<span class=\"cptch_span\">&nbsp;\u2212&nbsp;<\/span>\n\t\t\t\t\t<span class=\"cptch_span\"><input id=\"cptch_input_90\" class=\"cptch_input wpcf7-form-control wpcf7-bwscaptcha\" type=\"text\" autocomplete=\"off\" name=\"bwscaptcha-304\" value=\"\" maxlength=\"2\" size=\"2\" aria-required=\"true\" required=\"required\" style=\"margin-bottom:0;display:inline;font-size: 12px;width: 40px;\" \/><\/span>\n\t\t\t\t\t<span class=\"cptch_span\">&nbsp;=&nbsp;<\/span>\n\t\t\t\t\t<span class=\"cptch_span\">1<\/span>\n\t\t\t\t\t<input type=\"hidden\" name=\"bwscaptcha-304-cptch_result\" value=\"KRo=\" \/><input type=\"hidden\" name=\"cptch_time\" value=\"1776555117\" \/>\n\t\t\t\t\t<input type=\"hidden\" name=\"cptch_form\" value=\"cf7_contact\" \/>\n\t\t\t\t<\/label><span class=\"cptch_reload_button_wrap hide-if-no-js\">\n\t\t\t\t\t<noscript>\n\t\t\t\t\t\t<style type=\"text\/css\">\n\t\t\t\t\t\t\t.hide-if-no-js {\n\t\t\t\t\t\t\t\tdisplay: none !important;\n\t\t\t\t\t\t\t}\n\t\t\t\t\t\t<\/style>\n\t\t\t\t\t<\/noscript>\n\t\t\t\t\t<span class=\"cptch_reload_button dashicons dashicons-update\"><\/span>\n\t\t\t\t<\/span><\/span><\/p><\/span>\n\t\t\t\t<\/p>\n\t\t\t\t<div class=\"col-lg-12 col-md-12 col-sm-12 col-xs-12\">\n\t\t\t\t\t<div class=\"form-row\">\n\t\t\t\t\t\t<p><input type=\"submit\" name=\"submit\" value=\"Envoyer le message\" \/>\n\t\t\t\t\t\t<\/p>\n\t\t\t\t\t<\/div>\n\t\t\t\t<\/div>\n\t\t\t<\/div>\n\t\t<\/div>\n\t<\/div>\n<\/div><div class=\"wpcf7-response-output\" aria-hidden=\"true\"><\/div>\n<input type=\"hidden\" name=\"trp-form-language\" value=\"fr\"\/><\/form>\n<\/div>\n<\/div><\/div><\/div><\/div><\/div><\/div><\/div><\/div><div class=\"vc_row-full-width vc_clearfix\"><\/div><div class=\"vc_row wpb_row vc_row-fluid vc_custom_1538650112682\"><div class=\"shadow-box wpb_column vc_column_container vc_col-sm-12\"><div class=\"vc_column-inner\"><div class=\"wpb_wrapper\"><div class=\"vc_row wpb_row vc_inner vc_row-fluid vc_column-gap-15\"><div class=\"wpb_column vc_column_container vc_col-sm-6\"><div class=\"vc_column-inner\"><div class=\"wpb_wrapper\"><span class=\"subtitle dash-false style-dark text-default\">L&#039;Europe \uf0d7<\/span>\n\t<div class=\"wpb_text_column wpb_content_element\" >\n\t\t<div class=\"wpb_wrapper\">\n\t\t\t<h2>Paris<\/h2>\n\n\t\t<\/div>\n\t<\/div>\n<div class=\"dash style-dark default\"><\/div>\n\t<div class=\"wpb_text_column wpb_content_element\" >\n\t\t<div class=\"wpb_wrapper\">\n\t\t\t<div style=\"text-align: justify;\">\n<p>Notre \u00e9quipe parisienne se concentre sur l&#039;acquisition de clients. Compos\u00e9e de membres professionnels et exp\u00e9riment\u00e9s, cette \u00e9quipe travaille en \u00e9troite collaboration avec nos clients. Ils s&#039;efforcent de comprendre les besoins des clients, de r\u00e9pondre \u00e0 leurs demandes et de fournir les solutions les plus appropri\u00e9es gr\u00e2ce \u00e0 la collaboration. Ils refl\u00e8tent notre engagement \u00e0 fournir un service de qualit\u00e9 et la satisfaction de nos clients.\n<\/p><\/div>\n\n\t\t<\/div>\n\t<\/div>\n<a href=\"tel: 33761122801\"><div class=\"feature-box icon-title-only slim box-default spacing-1 spacing-mob-1\"><span class=\"lnr lnr-phone\"><\/span><div class=\"content-wrapper\"><h3 class=\"feature-title\">+33 7 61 12 28 01<\/h3><\/div><\/div><\/a><a href=\"mailto:info@dincarchitect.com\"><div class=\"feature-box icon-title-only slim box-default spacing-1 spacing-mob-1\"><span class=\"lnr lnr-envelope\"><\/span><div class=\"content-wrapper\"><h3 class=\"feature-title\">info@dincarchitect.com<\/h3><\/div><\/div><\/a><a href=\"https:\/\/www.google.com\/maps\/search\/?api=1&#038;query=88+Rue+Raynouard%2C+75016+Paris%2C+France\" target=\"_blank\" rel=\"noopener\"><div class=\"feature-box icon-title-only slim box-default spacing-1 spacing-mob-30\"><span class=\"lnr lnr-home\"><\/span><div class=\"content-wrapper\"><h3 class=\"feature-title\">88 Rue Raynouard, 75016 Paris, France<\/h3><\/div><\/div><\/a><\/div><\/div><\/div><div class=\"wpb_column vc_column_container vc_col-sm-6\"><div class=\"vc_column-inner\"><div class=\"wpb_wrapper\"><div class=\"wpb_gmaps_widget wpb_content_element\"><div class=\"wpb_wrapper\"><div class=\"wpb_map_wraper\"><iframe src=\"https:\/\/www.google.com\/maps\/embed?pb=!1m18!1m12!1m3!1d83975.84789441223!2d2.2511240768804026!3d48.85748660800377!2m3!1f0!2f0!3f0!3m2!1i1024!2i768!4f13.1!3m3!1m2!1s0x47e66e2cf5da8601%3A0x40cbeb0e5b1fb40!2s88%20Rue%20Raynouard%2C%2075016%20Paris%2C%20Fransa!5e0!3m2!1str!2str!4v1627917048180!5m2!1str!2str&z=15\"\nwidth=\"600\" height=\"450\" style=\"border:0;\" allowfullscreen=\"\" loading=\"lazy\"\nframeborder=\"0\" tabindex=\"0\"><\/iframe><\/div><\/div><\/div><\/div><\/div><\/div><\/div><\/div><\/div><\/div><div class=\"wpb_column vc_column_container vc_col-sm-12\"><div class=\"vc_column-inner\"><div class=\"wpb_wrapper\"><\/div><\/div><\/div><\/div><div class=\"vc_row wpb_row vc_row-fluid vc_custom_1535974663744\"><div class=\"shadow-box wpb_column vc_column_container vc_col-sm-12\"><div class=\"vc_column-inner\"><div class=\"wpb_wrapper\"><div class=\"vc_row wpb_row vc_inner vc_row-fluid vc_column-gap-15\"><div class=\"wpb_column vc_column_container vc_col-sm-6\"><div class=\"vc_column-inner\"><div class=\"wpb_wrapper\"><span class=\"subtitle dash-false style-dark text-default\">Asie<\/span>\n\t<div class=\"wpb_text_column wpb_content_element\" >\n\t\t<div class=\"wpb_wrapper\">\n\t\t\t<h2>Turquie<\/h2>\n\n\t\t<\/div>\n\t<\/div>\n<div class=\"dash style-dark default\"><\/div>\n\t<div class=\"wpb_text_column wpb_content_element\" >\n\t\t<div class=\"wpb_wrapper\">\n\t\t\t<div style=\"text-align: justify;\">\n<p>Notre \u00e9quipe Karaman en Turquie se consacre \u00e0 mettre la cr\u00e9ativit\u00e9 au premier plan et \u00e0 ex\u00e9cuter des projets avec le plus haut niveau de pr\u00e9cision. En tant qu&#039;\u00e9quipe jeune et dynamique, ils g\u00e8rent m\u00e9ticuleusement des projets afin d&#039;obtenir d&#039;excellents r\u00e9sultats pour nos clients. Avec des connaissances et des comp\u00e9tences techniques avanc\u00e9es, cette \u00e9quipe planifie, surveille et supervise efficacement les \u00e9tapes du projet. Ils d\u00e9ploient des efforts consid\u00e9rables pour r\u00e9pondre aux besoins de nos clients et d\u00e9passer leurs attentes.\n<\/p><\/div>\n\n\t\t<\/div>\n\t<\/div>\n<a href=\"tel: 905537110203\"><div class=\"feature-box icon-title-only slim box-default spacing-1 spacing-mob-1\"><span class=\"lnr lnr-phone\"><\/span><div class=\"content-wrapper\"><h3 class=\"feature-title\">+ 90 553 711 02 03<\/h3><\/div><\/div><\/a><a href=\"mailto:info@dincarchitect.com\"><div class=\"feature-box icon-title-only slim box-default spacing-1 spacing-mob-1\"><span class=\"lnr lnr-envelope\"><\/span><div class=\"content-wrapper\"><h3 class=\"feature-title\">info@dincarchitect.com<\/h3><\/div><\/div><\/a><a href=\"https:\/\/www.google.com\/maps\/search\/?api=1&#038;query=K%C4%B1z%C4%B1lay%20Cad.%20No%3A%209%2FB%2070100%20Karaman%2C%20Turkey\" target=\"_blank\" rel=\"noopener\"><div class=\"feature-box icon-title-only box-default spacing-30 spacing-mob-30 slim\"><span class=\"lnr lnr-home\"><\/span><div class=\"content-wrapper\"><h3 class=\"feature-title\">K\u0131z\u0131lay Cad. No: 9\/B 70100 Karaman, Turquie<\/h3><\/div><\/div><\/a><\/div><\/div><\/div><div class=\"wpb_column vc_column_container vc_col-sm-6\"><div class=\"vc_column-inner\"><div class=\"wpb_wrapper\"><div class=\"wpb_gmaps_widget wpb_content_element\"><div class=\"wpb_wrapper\"><div class=\"wpb_map_wraper\"><iframe src=\"https:\/\/www.google.com\/maps\/embed?pb=!1m18!1m12!1m3!1d3143.990436935129!2d33.21596911514446!3d37.18040953226826!2m3!1f0!2f0!3f0!3m2!1i1024!2i768!4f13.1!3m3!1m2!1s0x14c9082cb3f4ed0f%3A0x6d3d4e4fe5358c25!2sK%C4%B1z%C4%B1lay%20Cd%20No%3A9%2FB%2C%2070100%20Karaman%2FKaraman%20Merkez%2FKaraman!5e0!3m2!1sen!2str!4v1624922911352!5m2!1sen!2str\" width=\"600\" height=\"450\" style=\"border:0;\" allowfullscreen=\"\" loading=\"lazy\"><\/iframe><\/div><\/div><\/div><\/div><\/div><\/div><\/div><\/div><\/div><\/div><div class=\"wpb_column vc_column_container vc_col-sm-12\"><div class=\"vc_column-inner\"><div class=\"wpb_wrapper\"><\/div><\/div><\/div><\/div>\n<\/section>","protected":false},"excerpt":{"rendered":"+33 7 61 12 28 01N&#039;h\u00e9sitez pas \u00e0 nous contacter \u00e0 tout moment entre 8h00 et 17h00, du lundi au vendredi.info@dincarchitect.comN&#039;h\u00e9sitez pas \u00e0 nous envoyer un e-mail \u00e0 tout moment et nous vous r\u00e9pondrons g\u00e9n\u00e9ralement dans les 24 heures.88 Rue Raynouard, 75016 Paris, FranceT\u00e9l\u00e9phonez-nous avant de venir Remplissez le formulaire Parlez-nous de votre projet Budget pr\u00e9visionnel... Budget pr\u00e9visionnel... [...]","protected":false},"author":1,"featured_media":0,"parent":0,"menu_order":0,"comment_status":"closed","ping_status":"closed","template":"","meta":{"footnotes":""},"acf":[],"_links":{"self":[{"href":"https:\/\/dincarchitect.com\/fr\/wp-json\/wp\/v2\/pages\/12031"}],"collection":[{"href":"https:\/\/dincarchitect.com\/fr\/wp-json\/wp\/v2\/pages"}],"about":[{"href":"https:\/\/dincarchitect.com\/fr\/wp-json\/wp\/v2\/types\/page"}],"author":[{"embeddable":true,"href":"https:\/\/dincarchitect.com\/fr\/wp-json\/wp\/v2\/users\/1"}],"replies":[{"embeddable":true,"href":"https:\/\/dincarchitect.com\/fr\/wp-json\/wp\/v2\/comments?post=12031"}],"version-history":[{"count":0,"href":"https:\/\/dincarchitect.com\/fr\/wp-json\/wp\/v2\/pages\/12031\/revisions"}],"wp:attachment":[{"href":"https:\/\/dincarchitect.com\/fr\/wp-json\/wp\/v2\/media?parent=12031"}],"curies":[{"name":"wp","href":"https:\/\/api.w.org\/{rel}","templated":true}]}}