{"id":22,"date":"2023-06-12T00:00:24","date_gmt":"2023-06-12T00:00:24","guid":{"rendered":"https:\/\/themicart.com\/interico-wp\/?page_id=22"},"modified":"2023-06-20T04:18:25","modified_gmt":"2023-06-20T04:18:25","slug":"client-experiences","status":"publish","type":"page","link":"https:\/\/dincarchitect.com\/es\/experiencias-de-clientes\/","title":{"rendered":"Experiencias de clientes"},"content":{"rendered":"<section class=\"wpb-content-wrapper\"><div data-vc-full-width=\"true\" data-vc-full-width-init=\"false\" class=\"vc_row wpb_row vc_row-fluid spaced vc_custom_1687234702014 vc_row-has-fill\"><div class=\"wpb_column vc_column_container vc_col-sm-6\"><div class=\"vc_column-inner\"><div class=\"wpb_wrapper\"><span class=\"subtitle dash-true style-light text-default\">100% Rese\u00f1as originales<\/span>\n\t<div class=\"wpb_text_column wpb_content_element\" >\n\t\t<div class=\"wpb_wrapper\">\n\t\t\t<h4 style=\"text-align: left;\"><span style=\"color: #ffffff;\"><strong><img decoding=\"async\" class=\"wp-image-13552 alignleft\" src=\"https:\/\/dincarchitect.com\/wp-content\/uploads\/2023\/06\/dincarchitect-customer.png\" alt=\"\" width=\"102\" height=\"102\" srcset=\"https:\/\/dincarchitect.com\/wp-content\/uploads\/2023\/06\/dincarchitect-customer.png 240w, https:\/\/dincarchitect.com\/wp-content\/uploads\/2023\/06\/dincarchitect-customer-150x150.png 150w, https:\/\/dincarchitect.com\/wp-content\/uploads\/2023\/06\/dincarchitect-customer-72x72.png 72w\" sizes=\"(max-width: 102px) 100vw, 102px\" \/><\/strong><strong>Con nosotros, o te quedas satisfecho o te devolvemos el dinero.<\/strong><\/span><\/h4>\n<h4 style=\"text-align: left;\"><span style=\"color: #ffffff;\"><strong>\u00a1Estamos aqu\u00ed para hacerte feliz!<\/strong><\/span><\/h4>\n<h2 style=\"text-align: left;\"><span style=\"color: #ffffff;\">Calificaci\u00f3n general 4.9\/5<\/span><\/h2>\n\n\t\t<\/div>\n\t<\/div>\n<\/div><\/div><\/div><div class=\"wpb_column vc_column_container vc_col-sm-6\"><div class=\"vc_column-inner\"><div class=\"wpb_wrapper\">\n\t<div class=\"wpb_text_column wpb_content_element\" >\n\t\t<div class=\"wpb_wrapper\">\n\t\t\t<p><span style=\"color: #ffffff;\">Valoramos los comentarios de los clientes y solo aceptamos comentarios de clientes que realmente hayan realizado un pedido con nosotros. <\/span><br \/>\n<span style=\"color: #ffffff;\">Nuestra prioridad es su satisfacci\u00f3n, y si por alguna raz\u00f3n no est\u00e1 satisfecho con nuestros servicios, ofrecemos una garant\u00eda de devoluci\u00f3n de dinero. <\/span><br \/>\n<span style=\"color: #ffffff;\">Nuestro objetivo es hacerte feliz, y nuestras rese\u00f1as reflejan las experiencias genuinas de nuestros clientes. <\/span><br \/>\n<span style=\"color: #ffffff;\">Con una calificaci\u00f3n general de 4.9\/5, puede confiar en la calidad y confiabilidad de nuestros servicios. <\/span><br \/>\n<span style=\"color: #ffffff;\">Elija DincArchitect y experimente la excelencia en el dise\u00f1o arquitect\u00f3nico.<\/span><\/p>\n\n\t\t<\/div>\n\t<\/div>\n\n\t<div class=\"wpb_text_column wpb_content_element\" >\n\t\t<div class=\"wpb_wrapper\">\n\t\t\t\n\t\t<\/div>\n\t<\/div>\n<\/div><\/div><\/div><\/div><div class=\"vc_row-full-width vc_clearfix\"><\/div><div class=\"vc_row wpb_row vc_row-fluid\"><div class=\"wpb_column vc_column_container vc_col-sm-12\"><div class=\"vc_column-inner\"><div class=\"wpb_wrapper\"><div class=\"testimonial image-left testimonial-light spacing-30\"><div class=\"content-box\"><div class=\"content-box-info\"><div class=\"profile\"><img decoding=\"async\" src=\"https:\/\/dincarchitect.com\/wp-content\/uploads\/2016\/08\/150x150-150x150.png\" alt=\"patricio y\"><p class=\"name\">patricio y<\/p><p class=\"company\">Arquitecto<\/p><\/div><div class=\"testimonial-content\"><p class=\"testimonial-headline\">Profesionalismo, conocimientos de expertos y respeto por el presupuesto: \u00a1muy recomendable!<\/p><p>Muchas gracias por su profesionalismo, sus valiosos conocimientos y, sobre todo, por respetar mi presupuesto e ideas. Su equipo es excelente para proporcionar visualizaciones en 3D. Definitivamente recomendar\u00e9 sus servicios a cualquiera que busque un gran arquitecto.<\/p><\/div><\/div><\/div><\/div><div class=\"testimonial image-left testimonial-light spacing-30\"><div class=\"content-box\"><div class=\"content-box-info\"><div class=\"profile\"><img decoding=\"async\" src=\"https:\/\/dincarchitect.com\/wp-content\/uploads\/2016\/08\/150x150-150x150.png\" alt=\"pierre f\"><p class=\"name\">pierre f<\/p><p class=\"company\">Desarrollador<\/p><\/div><div class=\"testimonial-content\"><p class=\"testimonial-headline\">R\u00e1pidamente atendi\u00f3 a mis necesidades<\/p><p>Mi Proyecto: Juntos transformamos la entrada de mi apartamento. R\u00e1pidamente atendi\u00f3 mis necesidades, superando mis expectativas. \u00a1Muchas gracias!<\/p><\/div><\/div><\/div><\/div><div class=\"testimonial image-left testimonial-light spacing-30\"><div class=\"content-box\"><div class=\"content-box-info\"><div class=\"profile\"><img decoding=\"async\" src=\"https:\/\/dincarchitect.com\/wp-content\/uploads\/2016\/08\/150x150-150x150.png\" alt=\"C\u00e9line M.\"><p class=\"name\">C\u00e9line M.<\/p><p class=\"company\">Arquitecto<\/p><\/div><div class=\"testimonial-content\"><p class=\"testimonial-headline\">Altamente Profesional \ud83d\udc4d<\/p><p>Altamente Profesional \ud83d\udc4d<\/p><\/div><\/div><\/div><\/div><div class=\"testimonial image-left testimonial-light spacing-30\"><div class=\"content-box\"><div class=\"content-box-info\"><div class=\"profile\"><img decoding=\"async\" src=\"https:\/\/dincarchitect.com\/wp-content\/uploads\/2016\/08\/150x150-150x150.png\" alt=\"Blandina D.\"><p class=\"name\">Blandina D.<\/p><p class=\"company\">Cliente<\/p><\/div><div class=\"testimonial-content\"><p class=\"testimonial-headline\">Servicio y Resultados Excepcionales: Nuestra Experiencia con DA Studio<\/p><p>Optamos por trabajar con DA Studio para nuestros planes de renovaci\u00f3n. Nos escucharon atentamente, nos brindaron sugerencias perspicaces y demostraron ser muy eficientes. Quedamos completamente satisfechos con los planos que recibimos, lo que facilit\u00f3 enormemente nuestro proceso de planificaci\u00f3n futura. \u00a1Los recomiendo de todo coraz\u00f3n sin ninguna duda! \u00a1Gracias, Estudio DA!\r\n\r\n&nbsp;<\/p><\/div><\/div><\/div><\/div><div class=\"testimonial image-left testimonial-light spacing-30\"><div class=\"content-box\"><div class=\"content-box-info\"><div class=\"profile\"><img decoding=\"async\" src=\"https:\/\/dincarchitect.com\/wp-content\/uploads\/2016\/08\/150x150-150x150.png\" alt=\"julie a\"><p class=\"name\">julie a<\/p><p class=\"company\">Arquitecto<\/p><\/div><div class=\"testimonial-content\"><p class=\"testimonial-headline\">Estoy completamente satisfecho con el resultado.<\/p><p>Estoy completamente satisfecho con el resultado. R\u00e1pidamente abordaron y resolvieron cualquier problema. \u00a1Bien hecho y gracias!<\/p><\/div><\/div><\/div><\/div><div class=\"testimonial image-left testimonial-light spacing-30\"><div class=\"content-box\"><div class=\"content-box-info\"><div class=\"profile\"><img decoding=\"async\" src=\"https:\/\/dincarchitect.com\/wp-content\/uploads\/2016\/08\/150x150-150x150.png\" alt=\"promotor c\"><p class=\"name\">promotor c<\/p><p class=\"company\">Promotor<\/p><\/div><div class=\"testimonial-content\"><p class=\"testimonial-headline\">Un trabajo r\u00e1pido y eficaz<\/p><p>Un trabajo r\u00e1pido y eficiente, lo recomiendo ampliamente!<\/p><\/div><\/div><\/div><\/div><div class=\"testimonial image-left testimonial-light spacing-30\"><div class=\"content-box\"><div class=\"content-box-info\"><div class=\"profile\"><img decoding=\"async\" src=\"https:\/\/dincarchitect.com\/wp-content\/uploads\/2016\/08\/150x150-150x150.png\" alt=\"Ugur Y.\"><p class=\"name\">Ugur Y.<\/p><p class=\"company\">Proveedor de servicio<\/p><\/div><div class=\"testimonial-content\"><p class=\"testimonial-headline\">Sus habilidades en animaci\u00f3n arquitect\u00f3nica 3D son sobresalientes.<\/p><p>La respuesta fue incre\u00edblemente r\u00e1pida y entendi\u00f3 exactamente lo que necesitaba, incluso cuando no estaba muy elocuente. Hizo un excelente trabajo en poco tiempo. Estoy muy satisfecho con su paciencia, creatividad y dedicaci\u00f3n a nuestro proyecto. Sus habilidades en animaci\u00f3n arquitect\u00f3nica 3D son sobresalientes. \u00a1Lo recomiendo altamente! (Pd: estaba abierto a revisiones, cambios, etc.)<\/p><\/div><\/div><\/div><\/div><div class=\"testimonial image-left testimonial-light spacing-30\"><div class=\"content-box\"><div class=\"content-box-info\"><div class=\"profile\"><img decoding=\"async\" src=\"https:\/\/dincarchitect.com\/wp-content\/uploads\/2016\/08\/150x150-150x150.png\" alt=\"miguel t\"><p class=\"name\">miguel t<\/p><p class=\"company\">Arquitecto<\/p><\/div><div class=\"testimonial-content\"><p class=\"testimonial-headline\">Serio y responsable, se lo recomiendo a todo el mundo!<\/p><p>Serio y responsable, se lo recomiendo a todo el mundo!<\/p><\/div><\/div><\/div><\/div><div class=\"testimonial image-left testimonial-light spacing-30\"><div class=\"content-box\"><div class=\"content-box-info\"><div class=\"profile\"><img decoding=\"async\" src=\"https:\/\/dincarchitect.com\/wp-content\/uploads\/2016\/08\/150x150-150x150.png\" alt=\"karim b\"><p class=\"name\">karim b<\/p><p class=\"company\">Arquitecto<\/p><\/div><div class=\"testimonial-content\"><p class=\"testimonial-headline\">Realmente gran arquitecto!<\/p><p>Realmente nos encant\u00f3 el dise\u00f1o de nuestros apartamentos, \u00a1un arquitecto realmente excelente! \ud83d\udc4d\ud83d\udc4d\ud83d\udc4d<\/p><\/div><\/div><\/div><\/div><div class=\"testimonial image-left testimonial-light spacing-30\"><div class=\"content-box\"><div class=\"content-box-info\"><div class=\"profile\"><img decoding=\"async\" src=\"https:\/\/dincarchitect.com\/wp-content\/uploads\/2016\/08\/150x150-150x150.png\" alt=\"Zeynep C.\"><p class=\"name\">Zeynep C.<\/p><p class=\"company\">Arquitecto<\/p><\/div><div class=\"testimonial-content\"><p class=\"testimonial-headline\">Empresa profesional y de alta calidad.<\/p><p>Empresa profesional y de alta calidad. Los recomiendo mucho.<\/p><\/div><\/div><\/div><\/div><div class=\"testimonial image-left testimonial-light spacing-30\"><div class=\"content-box\"><div class=\"content-box-info\"><div class=\"profile\"><img decoding=\"async\" src=\"https:\/\/dincarchitect.com\/wp-content\/uploads\/2016\/08\/150x150-150x150.png\" alt=\"Am\u00e9lie P.\"><p class=\"name\">Am\u00e9lie P.<\/p><p class=\"company\">Arquitecto<\/p><\/div><div class=\"testimonial-content\"><p class=\"testimonial-headline\"> No me decepcion\u00f3.<\/p><p>DA Studio no solo entreg\u00f3 una excelente relaci\u00f3n calidad-precio, sino que tambi\u00e9n logr\u00f3 un resultado muy satisfactorio. Recomiendo ampliamente sus servicios, ya que cumplieron y superaron todas las expectativas. No me decepcion\u00f3.<\/p><\/div><\/div><\/div><\/div><\/div><\/div><\/div><\/div>\n<\/section>","protected":false},"excerpt":{"rendered":"100% Rese\u00f1as genuinas Con nosotros, o queda satisfecho o le reembolsamos su dinero. \u00a1Estamos aqu\u00ed para hacerte feliz! Calificaci\u00f3n general 4.9\/5 Valoramos los comentarios de los clientes y solo aceptamos rese\u00f1as de clientes que realmente han realizado un pedido con nosotros. Nuestra prioridad es su satisfacci\u00f3n, y si por alg\u00fan motivo no est\u00e1 satisfecho [...]","protected":false},"author":1,"featured_media":0,"parent":0,"menu_order":0,"comment_status":"closed","ping_status":"closed","template":"","meta":{"footnotes":""},"acf":[],"_links":{"self":[{"href":"https:\/\/dincarchitect.com\/es\/wp-json\/wp\/v2\/pages\/22"}],"collection":[{"href":"https:\/\/dincarchitect.com\/es\/wp-json\/wp\/v2\/pages"}],"about":[{"href":"https:\/\/dincarchitect.com\/es\/wp-json\/wp\/v2\/types\/page"}],"author":[{"embeddable":true,"href":"https:\/\/dincarchitect.com\/es\/wp-json\/wp\/v2\/users\/1"}],"replies":[{"embeddable":true,"href":"https:\/\/dincarchitect.com\/es\/wp-json\/wp\/v2\/comments?post=22"}],"version-history":[{"count":0,"href":"https:\/\/dincarchitect.com\/es\/wp-json\/wp\/v2\/pages\/22\/revisions"}],"wp:attachment":[{"href":"https:\/\/dincarchitect.com\/es\/wp-json\/wp\/v2\/media?parent=22"}],"curies":[{"name":"wp","href":"https:\/\/api.w.org\/{rel}","templated":true}]}}