{"id":14518,"date":"2023-06-17T11:48:09","date_gmt":"2023-06-17T11:48:09","guid":{"rendered":"https:\/\/dincarchitect.com\/?page_id=14518"},"modified":"2023-09-02T10:40:38","modified_gmt":"2023-09-02T10:40:38","slug":"architectural-project","status":"publish","type":"page","link":"https:\/\/dincarchitect.com\/es\/proyecto-arquitectonico\/","title":{"rendered":"Proyecto Arquitect\u00f3nico"},"content":{"rendered":"<section class=\"wpb-content-wrapper\"><div class=\"vc_row wpb_row vc_row-fluid vc_custom_1537429109529\"><div class=\"wpb_column vc_column_container vc_col-sm-6\"><div class=\"vc_column-inner\"><div class=\"wpb_wrapper\">\n<div class=\"vc_grid-container-wrapper vc_clearfix vc_grid-animation-fadeIn\">\n\t<div class=\"vc_grid-container vc_clearfix wpb_content_element vc_media_grid\" data-initial-loading-animation=\"fadeIn\" data-vc-grid-settings=\"{&quot;page_id&quot;:14518,&quot;style&quot;:&quot;all&quot;,&quot;action&quot;:&quot;vc_get_vc_grid_data&quot;,&quot;shortcode_id&quot;:&quot;1693651178493-c50b6c41-fb21-8&quot;,&quot;tag&quot;:&quot;vc_media_grid&quot;}\" data-vc-request=\"https:\/\/dincarchitect.com\/wp-admin\/admin-ajax.php\" data-vc-post-id=\"14518\" data-vc-public-nonce=\"98010a2e1e\">\n\t\t\n\t<\/div>\n<\/div><\/div><\/div><\/div><div class=\"wpb_column vc_column_container vc_col-sm-6\"><div class=\"vc_column-inner vc_custom_1536840396834\"><div class=\"wpb_wrapper\"><span class=\"subtitle dash-true style-dark text-default\">Estudio DA<\/span>\n\t<div class=\"wpb_text_column wpb_content_element\" >\n\t\t<div class=\"wpb_wrapper\">\n\t\t\t<h2>Proyecto Arquitect\u00f3nico<\/h2>\n\n\t\t<\/div>\n\t<\/div>\n\n\t<div class=\"wpb_text_column wpb_content_element\" >\n\t\t<div class=\"wpb_wrapper\">\n\t\t\t<p>El procedimiento de nuestro paquete &quot;Proyecto arquitect\u00f3nico&quot; es una experiencia fluida y colaborativa dise\u00f1ada para guiarlo en cada paso del dise\u00f1o arquitect\u00f3nico. As\u00ed es como funciona:<\/p>\n<p>**1. Consulta Inicial:** Todo comienza con una reuni\u00f3n inicial con nuestro equipo de arquitectos. Escuchamos atentamente para comprender sus necesidades, ideas y preferencias. Este paso es crucial para definir la visi\u00f3n de su proyecto.<\/p>\n<p>**2. Dise\u00f1o preliminar:** Despu\u00e9s de recopilar toda la informaci\u00f3n necesaria, nuestro equipo comienza a trabajar en un dise\u00f1o preliminar. Creamos un dise\u00f1o b\u00e1sico que incluye bocetos, planos aproximados e ideas conceptuales. Presentamos esta iteraci\u00f3n inicial para recopilar sus comentarios y sugerencias.<\/p>\n<p>**3. Desarrollo del Proyecto:** Una vez que tenemos claro tus preferencias, procedemos a desarrollar el proyecto. Esto incluye la creaci\u00f3n de planos detallados, dibujos t\u00e9cnicos y secciones complejas. Nos aseguramos de que se tengan en cuenta todos los aspectos estructurales y funcionales de su proyecto.<\/p>\n<p>**4. Revisiones y aprobaciones:** En cada etapa, colaboramos estrechamente con usted para realizar ajustes basados en sus comentarios. Nos esforzamos por garantizar que el proyecto final refleje perfectamente su visi\u00f3n y cumpla con los est\u00e1ndares de calidad y seguridad.<\/p>\n<p>**5. Preparaci\u00f3n de Documentos:** Una vez aprobado el proyecto en su totalidad, preparamos todos los documentos necesarios para el proceso de construcci\u00f3n. Esto incluye planos finales, detalles t\u00e9cnicos, especificaciones y todo lo que necesitar\u00e1n los contratistas.<\/p>\n<p>**6. Gesti\u00f3n de proyectos (opcional):** Si lo desea, nuestro equipo tambi\u00e9n puede proporcionar servicios de gesti\u00f3n de proyectos para supervisar la construcci\u00f3n, coordinar a los contratistas y garantizar que todo se desarrolle seg\u00fan lo planeado.<\/p>\n<p>**7. C\u00f3mo hacer realidad su visi\u00f3n:** Finalmente, una vez que los documentos est\u00e9n listos y comience la construcci\u00f3n, estaremos all\u00ed para garantizar un proceso sin problemas. Nuestro objetivo final es ayudarle a realizar su visi\u00f3n arquitect\u00f3nica de manera eficiente y exitosa.<\/p>\n<p>Creemos en la comunicaci\u00f3n abierta y la colaboraci\u00f3n durante todo el proceso para entregar un proyecto arquitect\u00f3nico excepcional que cumpla con sus expectativas y supere sus sue\u00f1os. Nuestro paquete &quot;Proyecto arquitect\u00f3nico&quot; a 699 \u20ac est\u00e1 dise\u00f1ado para ofrecer un valor excepcional en la creaci\u00f3n de su espacio ideal. Conf\u00ede en nosotros para transformar su visi\u00f3n en realidad.<\/p>\n\n\t\t<\/div>\n\t<\/div>\n<\/div><\/div><\/div><\/div><div data-vc-full-width=\"true\" data-vc-full-width-init=\"false\" class=\"vc_row wpb_row vc_row-fluid spaced vc_custom_1686586247876 vc_row-has-fill\"><div class=\"wpb_column vc_column_container vc_col-sm-12\"><div class=\"vc_column-inner\"><div class=\"wpb_wrapper\"><span class=\"subtitle dash-false style-dark text-center\">C\u00f3mo trabajamos<\/span>\n\t<div class=\"wpb_text_column wpb_content_element\" >\n\t\t<div class=\"wpb_wrapper\">\n\t\t\t<h2 style=\"text-align: center;\"><span style=\"color: #e37218;\"><strong>Proyecto Eficiente <\/strong><\/span><strong>Flujo de trabajo para resultados excepcionales<\/strong><\/h2>\n\n\t\t<\/div>\n\t<\/div>\n<div class=\"dash style-dark centered\"><\/div><div class=\"vc_row wpb_row vc_inner vc_row-fluid vc_custom_1538383845636\"><div class=\"wpb_column vc_column_container vc_col-sm-3\"><div class=\"vc_column-inner\"><div class=\"wpb_wrapper\"><div class=\"number-box style-default spacing-30\"><div class=\"number-box-number\">01<\/div><div class=\"content-box\"><div class=\"content-box-info\"><h3>Env\u00ede todos los documentos del proyecto<\/h3><p class=\"number-box-content\">Env\u00edenos todos los documentos relevantes del proyecto para una revisi\u00f3n y an\u00e1lisis exhaustivos.<\/p><\/div><\/div><\/div><\/div><\/div><\/div><div class=\"wpb_column vc_column_container vc_col-sm-3\"><div class=\"vc_column-inner\"><div class=\"wpb_wrapper\"><div class=\"number-box style-default spacing-30\"><div class=\"number-box-number\">02<\/div><div class=\"content-box\"><div class=\"content-box-info\"><h3>Evaluaci\u00f3n de proyectos r\u00e1pida y gratuita<\/h3><p class=\"number-box-content\">Examinaremos cuidadosamente su proyecto y le daremos una respuesta r\u00e1pida y gratuita.<\/p><\/div><\/div><\/div><\/div><\/div><\/div><div class=\"wpb_column vc_column_container vc_col-sm-3\"><div class=\"vc_column-inner\"><div class=\"wpb_wrapper\"><div class=\"number-box style-default spacing-30\"><div class=\"number-box-number\">03<\/div><div class=\"content-box\"><div class=\"content-box-info\"><h3>Entrega de demostraci\u00f3n previa aprobaci\u00f3n<\/h3><p class=\"number-box-content\">Despu\u00e9s de recibir su aprobaci\u00f3n, comenzaremos el proyecto de inmediato y le enviaremos una demostraci\u00f3n para su revisi\u00f3n.<\/p><\/div><\/div><\/div><\/div><\/div><\/div><div class=\"wpb_column vc_column_container vc_col-sm-3\"><div class=\"vc_column-inner\"><div class=\"wpb_wrapper\"><div class=\"number-box style-default spacing-30\"><div class=\"number-box-number\">04<\/div><div class=\"content-box\"><div class=\"content-box-info\"><h3>Pago y Entrega Final<\/h3><p class=\"number-box-content\">Tras su aprobaci\u00f3n del proyecto, realice el pago y reciba la versi\u00f3n final de los entregables.<\/p><\/div><\/div><\/div><\/div><\/div><\/div><\/div><\/div><\/div><\/div><\/div><div class=\"vc_row-full-width vc_clearfix\"><\/div><div class=\"vc_row wpb_row vc_row-fluid vc_custom_1534242606416\"><div class=\"animate wpb_column vc_column_container vc_col-sm-12\"><div class=\"vc_column-inner\"><div class=\"wpb_wrapper\">\n\t<div class=\"wpb_text_column wpb_content_element  vc_custom_1686677450596\" >\n\t\t<div class=\"wpb_wrapper\">\n\t\t\t<h2 style=\"text-align: center;\"><span style=\"color: #e37218;\"><strong>Nuestros Otros Servicios<\/strong><\/span><\/h2>\n\n\t\t<\/div>\n\t<\/div>\n<div class=\"dash style-dark centered\"><\/div>\n\t<div class=\"wpb_raw_code wpb_content_element wpb_raw_html\" >\n\t\t<div class=\"wpb_wrapper\">\n\t\t\t<!-- Birinci hizmet \u00f6\u011fesi -->\n<div id=\"hizmet1\" class=\"wpb_column vc_column_container vc_col-sm-3\">\n<div class=\"vc_column-inner\">\n<div class=\"wpb_wrapper\">\n<div class=\"content-box service-item alignment-default service-box-gray spacing-30\">\n<div class=\"image-container\">\n<div class=\"vertical-number-box\"><span class=\"vertical-number\">01<\/span><\/div>\n<div class=\"arrow-box\"><\/div>\n<img decoding=\"async\" src=\"https:\/\/dincarchitect.com\/wp-content\/uploads\/2023\/06\/dastudio-service-1.jpg\" alt=\"Arquitectura\" width=\"360\" height=\"500\" \/>\n\n<\/div>\n<div class=\"content-box-info\">\n<div class=\"box-heading-container\">\n<div class=\"box-heading\"><strong>espacio sencillo<\/strong><\/div>\n<div class=\"price-info-container\"><span class=\"price-info\" style=\"color: #e37218; font-size: 16px;\">49 \u20ac<\/span><\/div>\n<\/div>\n<div style=\"text-align: justify; margin-top: 10px;\">Desde dormitorio, despacho, hall de entrada, ba\u00f1o est\u00e1ndar, peque\u00f1o escaparate...<\/div>\n<div class=\"content-description\"><\/div>\n<div class=\"btn-read-more\"><a style=\"color: #e37218;\" href=\"https:\/\/dincarchitect.com\/es\/espacio-simple\/\">Aprende m\u00e1s<\/a><\/div>\n<\/div>\n<\/div>\n<\/div>\n<\/div>\n<\/div>\n\n<!-- Alt\u0131nc\u0131 hizmet \u00f6\u011fesi -->\n<div class=\"wpb_column vc_column_container vc_col-sm-3\">\n<div class=\"vc_column-inner\">\n<div class=\"wpb_wrapper\">\n<div class=\"content-box service-item alignment-default service-box-gray spacing-30\">\n<div class=\"image-container\">\n<div class=\"vertical-number-box\"><span class=\"vertical-number\">06<\/span><\/div>\n<div class=\"arrow-box\"><\/div>\n<img decoding=\"async\" src=\"https:\/\/dincarchitect.com\/wp-content\/uploads\/2023\/06\/dastudio-service-6.jpg\" alt=\"Arquitectura\" width=\"360\" height=\"500\" \/>\n\n<\/div>\n<div class=\"content-box-info\">\n<div class=\"box-heading-container\">\n<div class=\"box-heading\"><strong>Edificio Colectivo<\/strong><\/div>\n<div class=\"price-info-container\"><span class=\"price-info\" style=\"color: #e37218; font-size: 16px;\">199 \u20ac<\/span><\/div>\n<\/div>\n<div style=\"text-align: justify; margin-top: 10px;\">\n\nViviendas, edificios comerciales, almacenes, etc.\n\n<\/div>\n<div class=\"content-description\"><\/div>\n<div class=\"btn-read-more\"><a style=\"color: #e37218;\" href=\"https:\/\/dincarchitect.com\/es\/construccion-colectiva\/\">Aprende m\u00e1s<\/a><\/div>\n<\/div>\n<\/div>\n<\/div>\n<\/div>\n<\/div>\n\n<!-- Yedinci hizmet \u00f6\u011fesi -->\n<div class=\"wpb_column vc_column_container vc_col-sm-3\">\n<div class=\"vc_column-inner\">\n<div class=\"wpb_wrapper\">\n<div class=\"content-box service-item alignment-default service-box-gray spacing-30\">\n<div class=\"image-container\">\n<div class=\"vertical-number-box\"><span class=\"vertical-number\">07<\/span><\/div>\n<div class=\"arrow-box\"><\/div>\n<img decoding=\"async\" src=\"https:\/\/dincarchitect.com\/wp-content\/uploads\/2023\/06\/dastudio-service-7.jpg\" alt=\"Arquitectura\" width=\"360\" height=\"500\" \/>\n\n<\/div>\n<div class=\"content-box-info\">\n<div class=\"box-heading-container\">\n<div class=\"box-heading\"><strong>fotomontaje<\/strong><\/div>\n<div class=\"price-info-container\"><span class=\"price-info\" style=\"color: #e37218; font-size: 16px;\">149 \u20ac<\/span><\/div>\n<\/div>\n<div style=\"text-align: justify; margin-top: 10px;\">\n\nVivienda unifamiliar con o sin exterior...\n\n<\/div>\n<div class=\"content-description\"><\/div>\n<div class=\"btn-read-more\"><a style=\"color: #e37218;\" href=\"https:\/\/dincarchitect.com\/es\/fotomontaje\/\">Aprende m\u00e1s<\/a><\/div>\n<\/div>\n<\/div>\n<\/div>\n<\/div>\n<\/div>\n\n\n<!-- Dokuzuncu hizmet \u00f6\u011fesi -->\n<div class=\"wpb_column vc_column_container vc_col-sm-3\">\n<div class=\"vc_column-inner\">\n<div class=\"wpb_wrapper\">\n<div class=\"content-box service-item alignment-default service-box-gray spacing-30\">\n<div class=\"image-container\">\n<div class=\"vertical-number-box\"><span class=\"vertical-number\">09<\/span><\/div>\n<div class=\"arrow-box\"><\/div>\n<img decoding=\"async\" src=\"https:\/\/dincarchitect.com\/wp-content\/uploads\/2023\/06\/dastudio-service-9.jpg\" alt=\"Arquitectura\" width=\"360\" height=\"500\" \/>\n\n<\/div>\n<div class=\"content-box-info\">\n<div class=\"box-heading-container\">\n<div class=\"box-heading\"><strong>Pel\u00edcula 1<\/strong><\/div>\n<div class=\"price-info-container\"><span class=\"price-info\" style=\"color: #e37218; font-size: 16px;\">399 \u20ac<\/span><\/div>\n<\/div>\n<div style=\"text-align: justify; margin-top: 10px;\">\n\nPack de una pel\u00edcula de menos de 1 minuto...\n\n<\/div>\n<div class=\"content-description\"><\/div>\n<div class=\"btn-read-more\"><a style=\"color: #e37218;\" href=\"https:\/\/dincarchitect.com\/es\/pelicula-1-minuto\/\">Aprende m\u00e1s<\/a><\/div>\n<\/div>\n<\/div>\n<\/div>\n<\/div>\n<\/div>\n\t\t<\/div>\n\t<\/div>\n<\/div><\/div><\/div><\/div>\n<\/section>","protected":false},"excerpt":{"rendered":"Proyecto arquitect\u00f3nico de DA Studio El procedimiento para nuestro paquete &quot;Proyecto arquitect\u00f3nico&quot; es una experiencia fluida y colaborativa dise\u00f1ada para guiarlo en cada paso del dise\u00f1o arquitect\u00f3nico. As\u00ed es como funciona: **1. Consulta Inicial:** Todo comienza con una reuni\u00f3n inicial con nuestro equipo de arquitectos. Escuchamos atentamente para comprender sus necesidades, ideas y [...]","protected":false},"author":1,"featured_media":10877,"parent":0,"menu_order":0,"comment_status":"closed","ping_status":"closed","template":"","meta":{"footnotes":""},"acf":[],"_links":{"self":[{"href":"https:\/\/dincarchitect.com\/es\/wp-json\/wp\/v2\/pages\/14518"}],"collection":[{"href":"https:\/\/dincarchitect.com\/es\/wp-json\/wp\/v2\/pages"}],"about":[{"href":"https:\/\/dincarchitect.com\/es\/wp-json\/wp\/v2\/types\/page"}],"author":[{"embeddable":true,"href":"https:\/\/dincarchitect.com\/es\/wp-json\/wp\/v2\/users\/1"}],"replies":[{"embeddable":true,"href":"https:\/\/dincarchitect.com\/es\/wp-json\/wp\/v2\/comments?post=14518"}],"version-history":[{"count":0,"href":"https:\/\/dincarchitect.com\/es\/wp-json\/wp\/v2\/pages\/14518\/revisions"}],"wp:featuredmedia":[{"embeddable":true,"href":"https:\/\/dincarchitect.com\/es\/wp-json\/wp\/v2\/media\/10877"}],"wp:attachment":[{"href":"https:\/\/dincarchitect.com\/es\/wp-json\/wp\/v2\/media?parent=14518"}],"curies":[{"name":"wp","href":"https:\/\/api.w.org\/{rel}","templated":true}]}}