{"id":14208,"date":"2023-06-12T21:49:06","date_gmt":"2023-06-12T21:49:06","guid":{"rendered":"https:\/\/dincarchitect.com\/?page_id=14208"},"modified":"2023-06-12T21:53:53","modified_gmt":"2023-06-12T21:53:53","slug":"cookie-policy","status":"publish","type":"page","link":"https:\/\/dincarchitect.com\/es\/politica-de-cookies\/","title":{"rendered":"Pol\u00edtica de cookies"},"content":{"rendered":"<section class=\"wpb-content-wrapper\"><div class=\"vc_row wpb_row vc_row-fluid vc_custom_1686439582595\"><div class=\"wpb_column vc_column_container vc_col-sm-12\"><div class=\"vc_column-inner\"><div class=\"wpb_wrapper\"><span class=\"subtitle dash-true style-dark text-default\">dincarchitect.com<\/span>\n\t<div class=\"wpb_text_column wpb_content_element\" >\n\t\t<div class=\"wpb_wrapper\">\n\t\t\t<h2 style=\"text-align: center;\">Pol\u00edtica de cookies<\/h2>\n\n\t\t<\/div>\n\t<\/div>\n<\/div><\/div><\/div><\/div><div class=\"vc_row wpb_row vc_row-fluid vc_custom_1686439565266\"><div class=\"wpb_column vc_column_container vc_col-sm-12\"><div class=\"vc_column-inner\"><div class=\"wpb_wrapper\">\n\t<div class=\"wpb_text_column wpb_content_element\" >\n\t\t<div class=\"wpb_wrapper\">\n\t\t\t<p><strong>POL\u00cdTICA DE COOKIES<\/strong><\/p>\n<p>Esta Pol\u00edtica de cookies (&quot;Pol\u00edtica&quot;) se aplica al sitio web https:\/\/dincarchitect.com\/ (&quot;Sitio web&quot;) operado por DA Studio (&quot;Compa\u00f1\u00eda&quot;). Esta Pol\u00edtica explica c\u00f3mo la Compa\u00f1\u00eda utiliza cookies y tecnolog\u00edas similares para recopilar y almacenar informaci\u00f3n cuando visita el sitio web.<\/p>\n<p><strong>1. \u00bfQu\u00e9 son las Cookies?<\/strong><\/p>\n<p>Las cookies son peque\u00f1os archivos de texto que se colocan en su dispositivo (computadora, tel\u00e9fono inteligente, tableta) cuando visita un sitio web. Ayudan a la Compa\u00f1\u00eda a mejorar la funcionalidad y la experiencia del usuario del sitio web. Las cookies pueden recopilar y almacenar informaci\u00f3n sobre su dispositivo y sus actividades de navegaci\u00f3n.<\/p>\n<p><strong>2. Tipos de cookies utilizadas<\/strong><\/p>\n<p>La Empresa utiliza los siguientes tipos de cookies en el Sitio Web:<\/p>\n<p>Cookies estrictamente necesarias: estas cookies son esenciales para el funcionamiento del sitio web y le permiten navegar y utilizar sus funciones.<\/p>\n<p>Cookies de rendimiento: estas cookies recopilan informaci\u00f3n an\u00f3nima sobre c\u00f3mo los visitantes usan el sitio web, como la cantidad de visitantes, las p\u00e1ginas visitadas y la fuente del tr\u00e1fico. Esta informaci\u00f3n ayuda a la Compa\u00f1\u00eda a mejorar el rendimiento del sitio web.<\/p>\n<p>Cookies de funcionalidad: estas cookies permiten que el sitio web recuerde sus preferencias y proporcione funciones mejoradas, como configuraciones personalizadas y preferencias guardadas.<\/p>\n<p><strong>3. Cookies de terceros<\/strong><\/p>\n<p>La Compa\u00f1\u00eda tambi\u00e9n puede permitir que los proveedores de servicios de terceros coloquen cookies en el sitio web para realizar an\u00e1lisis, proporcionar anuncios y ofrecer funcionalidades adicionales. Estos terceros tienen sus propias pol\u00edticas de privacidad y la Compa\u00f1\u00eda no tiene control sobre sus cookies. Recomendamos revisar las respectivas pol\u00edticas de privacidad de estos terceros.<\/p>\n<p><strong>4. Gesti\u00f3n de cookies<\/strong><\/p>\n<p>Al usar el sitio web, usted acepta el uso de cookies como se describe en esta Pol\u00edtica. Tiene la opci\u00f3n de administrar o deshabilitar las cookies a trav\u00e9s de la configuraci\u00f3n de su navegador. Sin embargo, tenga en cuenta que deshabilitar ciertas cookies puede afectar la funcionalidad y la experiencia del usuario del sitio web.<\/p>\n<p><strong>5. Informaci\u00f3n de contacto<\/strong><\/p>\n<p>Si tiene alguna pregunta o inquietud con respecto a esta Pol\u00edtica de cookies o el uso de cookies por parte de la Compa\u00f1\u00eda, cont\u00e1ctenos en:<\/p>\n<p>Correo electr\u00f3nico: <a href=\"mailto:info@dincarchitect.com\">info@dincarchitect.com<\/a><br \/>\nTel\u00e9fono: <a href=\"tel: 33761122801\">+33 7 61 12 28 01<\/a><\/p>\n<p><strong>6. Cambios a la Pol\u00edtica<\/strong><\/p>\n<p>La Compa\u00f1\u00eda puede actualizar esta Pol\u00edtica de Cookies de vez en cuando. Cualquier cambio se publicar\u00e1 en el sitio web, y su uso continuado del sitio web despu\u00e9s de la publicaci\u00f3n de cualquier cambio constituye su aceptaci\u00f3n de dichos cambios.<\/p>\n\n\t\t<\/div>\n\t<\/div>\n<\/div><\/div><\/div><\/div>\n<\/section>","protected":false},"excerpt":{"rendered":"Pol\u00edtica de cookies de dincarchitect.com POL\u00cdTICA DE COOKIES Esta Pol\u00edtica de cookies (&quot;Pol\u00edtica&quot;) se aplica al sitio web https:\/\/dincarchitect.com\/ (&quot;Sitio web&quot;) operado por DA Studio (&quot;Compa\u00f1\u00eda&quot;). Esta Pol\u00edtica explica c\u00f3mo la Compa\u00f1\u00eda utiliza cookies y tecnolog\u00edas similares para recopilar y almacenar informaci\u00f3n cuando visita el sitio web. 1. \u00bfQu\u00e9 son las cookies? Las cookies son peque\u00f1os archivos de texto que se colocan en su [...]","protected":false},"author":1,"featured_media":0,"parent":0,"menu_order":0,"comment_status":"closed","ping_status":"closed","template":"","meta":{"footnotes":""},"acf":[],"_links":{"self":[{"href":"https:\/\/dincarchitect.com\/es\/wp-json\/wp\/v2\/pages\/14208"}],"collection":[{"href":"https:\/\/dincarchitect.com\/es\/wp-json\/wp\/v2\/pages"}],"about":[{"href":"https:\/\/dincarchitect.com\/es\/wp-json\/wp\/v2\/types\/page"}],"author":[{"embeddable":true,"href":"https:\/\/dincarchitect.com\/es\/wp-json\/wp\/v2\/users\/1"}],"replies":[{"embeddable":true,"href":"https:\/\/dincarchitect.com\/es\/wp-json\/wp\/v2\/comments?post=14208"}],"version-history":[{"count":0,"href":"https:\/\/dincarchitect.com\/es\/wp-json\/wp\/v2\/pages\/14208\/revisions"}],"wp:attachment":[{"href":"https:\/\/dincarchitect.com\/es\/wp-json\/wp\/v2\/media?parent=14208"}],"curies":[{"name":"wp","href":"https:\/\/api.w.org\/{rel}","templated":true}]}}