{"id":14204,"date":"2023-06-12T21:38:01","date_gmt":"2023-06-12T21:38:01","guid":{"rendered":"https:\/\/dincarchitect.com\/?page_id=14204"},"modified":"2023-06-12T21:43:08","modified_gmt":"2023-06-12T21:43:08","slug":"data-security","status":"publish","type":"page","link":"https:\/\/dincarchitect.com\/es\/seguridad-de-datos\/","title":{"rendered":"Seguridad de datos"},"content":{"rendered":"<section class=\"wpb-content-wrapper\"><div class=\"vc_row wpb_row vc_row-fluid vc_custom_1686439582595\"><div class=\"wpb_column vc_column_container vc_col-sm-12\"><div class=\"vc_column-inner\"><div class=\"wpb_wrapper\"><span class=\"subtitle dash-true style-dark text-default\">dincarchitect.com<\/span>\n\t<div class=\"wpb_text_column wpb_content_element\" >\n\t\t<div class=\"wpb_wrapper\">\n\t\t\t<h2 style=\"text-align: center;\">Seguridad de datos<\/h2>\n\n\t\t<\/div>\n\t<\/div>\n<\/div><\/div><\/div><\/div><div class=\"vc_row wpb_row vc_row-fluid vc_custom_1686439565266\"><div class=\"wpb_column vc_column_container vc_col-sm-12\"><div class=\"vc_column-inner\"><div class=\"wpb_wrapper\">\n\t<div class=\"wpb_text_column wpb_content_element\" >\n\t\t<div class=\"wpb_wrapper\">\n\t\t\t<p><strong>ACUERDO DE SEGURIDAD DE DATOS<\/strong><\/p>\n<p>Este Acuerdo de seguridad de datos (&quot;Acuerdo&quot;) se celebra entre DA Studio, en lo sucesivo denominada &quot;Compa\u00f1\u00eda&quot;, y los usuarios del sitio web. <a href=\"https:\/\/dincarchitect.com\/es\/\" target=\"_new\" rel=\"noopener\">https:\/\/dincarchitect.com\/<\/a> (&quot;Usuarios&quot;), denominados colectivamente como las &quot;Partes&quot;.<\/p>\n<p><strong>1. Prop\u00f3sito y alcance<\/strong><\/p>\n<p>El prop\u00f3sito de este Acuerdo es establecer los t\u00e9rminos y condiciones para garantizar la seguridad y protecci\u00f3n de los datos de los Usuarios recopilados y procesados por la Compa\u00f1\u00eda. Este Acuerdo se aplica a todos los datos recopilados a trav\u00e9s del sitio web y los servicios asociados proporcionados por la Compa\u00f1\u00eda.<\/p>\n<p><strong>2. Recopilaci\u00f3n y procesamiento de datos<\/strong><\/p>\n<p>La Compa\u00f1\u00eda recopilar\u00e1 y procesar\u00e1 los datos de los Usuarios \u00fanicamente con el fin de proporcionar los servicios solicitados y mejorar la experiencia del usuario. Los tipos de datos recopilados pueden incluir informaci\u00f3n personal, detalles de contacto y otros datos relevantes necesarios para la prestaci\u00f3n de servicios.<\/p>\n<p><strong>3. Medidas de seguridad de datos<\/strong><\/p>\n<p>La Empresa implementar\u00e1 las medidas t\u00e9cnicas y organizativas apropiadas para garantizar la seguridad y confidencialidad de los datos de los Usuarios. Estas medidas pueden incluir, entre otras, encriptaci\u00f3n, controles de acceso, cortafuegos, copias de seguridad peri\u00f3dicas de los datos y capacitaci\u00f3n de los empleados sobre protecci\u00f3n de datos.<\/p>\n<p><strong>4. Uso y divulgaci\u00f3n de datos<\/strong><\/p>\n<p>La Compa\u00f1\u00eda utilizar\u00e1 los datos de los Usuarios \u00fanicamente para los fines establecidos en este Acuerdo y no divulgar\u00e1, vender\u00e1 ni transferir\u00e1 dichos datos a terceros sin el consentimiento expl\u00edcito de los Usuarios, excepto seg\u00fan lo exijan las leyes y reglamentos aplicables o en respuesta a solicitudes legales.<\/p>\n<p><strong>5. Derechos del Usuario<\/strong><\/p>\n<p>Los usuarios tienen derecho a acceder, rectificar y suprimir sus datos personales en poder de la Empresa. Los usuarios pueden ejercer estos derechos contactando con la Compa\u00f1\u00eda a trav\u00e9s de la direcci\u00f3n de correo electr\u00f3nico o n\u00famero de tel\u00e9fono facilitados. La Compa\u00f1\u00eda responder\u00e1 con prontitud a tales solicitudes de acuerdo con las leyes de protecci\u00f3n de datos aplicables.<\/p>\n<p><strong>6. Notificaci\u00f3n de violaci\u00f3n de datos<\/strong><\/p>\n<p>En el caso de una violaci\u00f3n de datos que pueda resultar en el acceso no autorizado, la p\u00e9rdida o la divulgaci\u00f3n de los datos de los Usuarios, la Compa\u00f1\u00eda notificar\u00e1 de inmediato a los Usuarios afectados de acuerdo con los requisitos legales aplicables. La Empresa tomar\u00e1 todas las medidas necesarias para mitigar el impacto de la filtraci\u00f3n de datos y evitar que ocurra en el futuro.<\/p>\n<p><strong>7. Ley aplicable y jurisdicci\u00f3n<\/strong><\/p>\n<p>Este Acuerdo se regir\u00e1 e interpretar\u00e1 de acuerdo con las leyes de la jurisdicci\u00f3n donde se encuentra DA Studio. Cualquier disputa que surja de o est\u00e9 relacionada con este Acuerdo estar\u00e1 sujeta a la jurisdicci\u00f3n exclusiva de los tribunales de esa jurisdicci\u00f3n.<\/p>\n<p><strong>8. Acuerdo completo<\/strong><\/p>\n<p>Este Acuerdo constituye el acuerdo completo entre las Partes con respecto al objeto del mismo y reemplaza cualquier acuerdo o entendimiento anterior, ya sea escrito o verbal, en relaci\u00f3n con dicho objeto.<\/p>\n<p>Al acceder y utilizar el sitio web, los Usuarios indican su aceptaci\u00f3n de los t\u00e9rminos y condiciones establecidos en este Acuerdo de Seguridad de Datos.<\/p>\n\n\t\t<\/div>\n\t<\/div>\n<\/div><\/div><\/div><\/div>\n<\/section>","protected":false},"excerpt":{"rendered":"dincarchitect.com Data Security DATA SECURITY AGREEMENT This Data Security Agreement (\"Agreement\") is entered into between DA Studio, hereinafter referred to as \"Company,\" and the users of the website https:\/\/dincarchitect.com\/ (\"Users\"), collectively referred to as the \"Parties.\" 1. Purpose and Scope The purpose of this Agreement is to establish the terms and conditions for ensuring the [...]","protected":false},"author":1,"featured_media":0,"parent":0,"menu_order":0,"comment_status":"closed","ping_status":"closed","template":"","meta":{"footnotes":""},"acf":[],"_links":{"self":[{"href":"https:\/\/dincarchitect.com\/es\/wp-json\/wp\/v2\/pages\/14204"}],"collection":[{"href":"https:\/\/dincarchitect.com\/es\/wp-json\/wp\/v2\/pages"}],"about":[{"href":"https:\/\/dincarchitect.com\/es\/wp-json\/wp\/v2\/types\/page"}],"author":[{"embeddable":true,"href":"https:\/\/dincarchitect.com\/es\/wp-json\/wp\/v2\/users\/1"}],"replies":[{"embeddable":true,"href":"https:\/\/dincarchitect.com\/es\/wp-json\/wp\/v2\/comments?post=14204"}],"version-history":[{"count":0,"href":"https:\/\/dincarchitect.com\/es\/wp-json\/wp\/v2\/pages\/14204\/revisions"}],"wp:attachment":[{"href":"https:\/\/dincarchitect.com\/es\/wp-json\/wp\/v2\/media?parent=14204"}],"curies":[{"name":"wp","href":"https:\/\/api.w.org\/{rel}","templated":true}]}}