{"id":14183,"date":"2023-06-12T20:58:46","date_gmt":"2023-06-12T20:58:46","guid":{"rendered":"https:\/\/dincarchitect.com\/?page_id=14183"},"modified":"2023-09-02T10:20:32","modified_gmt":"2023-09-02T10:20:32","slug":"axonometry","status":"publish","type":"page","link":"https:\/\/dincarchitect.com\/es\/axonometria\/","title":{"rendered":"axonometr\u00eda"},"content":{"rendered":"<section class=\"wpb-content-wrapper\"><div class=\"vc_row wpb_row vc_row-fluid vc_custom_1537429109529\"><div class=\"wpb_column vc_column_container vc_col-sm-6\"><div class=\"vc_column-inner\"><div class=\"wpb_wrapper\">\n<div class=\"vc_grid-container-wrapper vc_clearfix vc_grid-animation-fadeIn\">\n\t<div class=\"vc_grid-container vc_clearfix wpb_content_element vc_media_grid\" data-initial-loading-animation=\"fadeIn\" data-vc-grid-settings=\"{&quot;page_id&quot;:14183,&quot;style&quot;:&quot;all&quot;,&quot;action&quot;:&quot;vc_get_vc_grid_data&quot;,&quot;shortcode_id&quot;:&quot;1693649029243-41347408-9b49-1&quot;,&quot;tag&quot;:&quot;vc_media_grid&quot;}\" data-vc-request=\"https:\/\/dincarchitect.com\/wp-admin\/admin-ajax.php\" data-vc-post-id=\"14183\" data-vc-public-nonce=\"db103255f2\">\n\t\t\n\t<\/div>\n<\/div><\/div><\/div><\/div><div class=\"wpb_column vc_column_container vc_col-sm-6\"><div class=\"vc_column-inner vc_custom_1536840396834\"><div class=\"wpb_wrapper\"><span class=\"subtitle dash-true style-dark text-default\">Estudio DA<\/span>\n\t<div class=\"wpb_text_column wpb_content_element\" >\n\t\t<div class=\"wpb_wrapper\">\n\t\t\t<h2>axonometr\u00eda<\/h2>\n\n\t\t<\/div>\n\t<\/div>\n\n\t<div class=\"wpb_text_column wpb_content_element\" >\n\t\t<div class=\"wpb_wrapper\">\n\t\t\t<p>Presentamos nuestro servicio de axonometr\u00eda, una forma rentable de visualizar sus dise\u00f1os arquitect\u00f3nicos con claridad y precisi\u00f3n.<\/p>\n<p>Con Axonometry, creamos representaciones 2D detalladas de sus espacios desde una perspectiva isom\u00e9trica. Esta t\u00e9cnica permite una visi\u00f3n integral de su dise\u00f1o, mostrando las relaciones entre los diferentes elementos y brindando una comprensi\u00f3n clara de la composici\u00f3n espacial.<\/p>\n<p>Nuestros precios para axonometr\u00eda son los siguientes:<\/p>\n<p>Para un espacio sencillo, el coste es de 39\u20ac. Esto incluye espacios como dormitorios, oficinas o peque\u00f1as tiendas.<br \/>\nPara un espacio semicomplejo, el coste es de 49\u20ac. Esto incluye \u00e1reas como salas de estar, comedores y cocinas est\u00e1ndar.<br \/>\nPara un espacio complejo, el coste es de 59\u20ac. Esto cubre espacios m\u00e1s grandes y complejos, como ba\u00f1os espaciosos, terrazas o \u00e1reas dise\u00f1adas a medida.<br \/>\nNuestro equipo de profesionales calificados se asegurar\u00e1 de que sus im\u00e1genes de axonometr\u00eda sean precisas y visualmente atractivas. Prestamos atenci\u00f3n a los detalles, representando con precisi\u00f3n las proporciones, dimensiones y caracter\u00edsticas de sus dise\u00f1os.<\/p>\n<p>Al optar por nuestro servicio de Axonometr\u00eda, puede comunicar de manera efectiva sus conceptos arquitect\u00f3nicos a clientes, inversores o partes interesadas. La perspectiva isom\u00e9trica proporciona una vista \u00fanica e informativa, lo que permite a los espectadores captar el dise\u00f1o general y las relaciones espaciales.<\/p>\n<p>Tenga en cuenta que el precio mencionado anteriormente es por espacio. Si tiene varios espacios o un proyecto complejo, podemos proporcionarle un presupuesto personalizado para satisfacer sus necesidades espec\u00edficas.<\/p>\n<p>Cont\u00e1ctenos hoy para analizar sus requisitos de visualizaci\u00f3n arquitect\u00f3nica y deje que nuestro servicio de axonometr\u00eda d\u00e9 vida a sus dise\u00f1os con precisi\u00f3n y asequibilidad.<\/p>\n\n\t\t<\/div>\n\t<\/div>\n<\/div><\/div><\/div><\/div><div data-vc-full-width=\"true\" data-vc-full-width-init=\"false\" class=\"vc_row wpb_row vc_row-fluid spaced vc_custom_1686586247876 vc_row-has-fill\"><div class=\"wpb_column vc_column_container vc_col-sm-12\"><div class=\"vc_column-inner\"><div class=\"wpb_wrapper\"><span class=\"subtitle dash-false style-dark text-center\">C\u00f3mo trabajamos<\/span>\n\t<div class=\"wpb_text_column wpb_content_element\" >\n\t\t<div class=\"wpb_wrapper\">\n\t\t\t<h2 style=\"text-align: center;\"><span style=\"color: #e37218;\"><strong>Proyecto Eficiente <\/strong><\/span><strong>Flujo de trabajo para resultados excepcionales<\/strong><\/h2>\n\n\t\t<\/div>\n\t<\/div>\n<div class=\"dash style-dark centered\"><\/div><div class=\"vc_row wpb_row vc_inner vc_row-fluid vc_custom_1538383845636\"><div class=\"wpb_column vc_column_container vc_col-sm-3\"><div class=\"vc_column-inner\"><div class=\"wpb_wrapper\"><div class=\"number-box style-default spacing-30\"><div class=\"number-box-number\">01<\/div><div class=\"content-box\"><div class=\"content-box-info\"><h3>Env\u00ede todos los documentos del proyecto<\/h3><p class=\"number-box-content\">Env\u00edenos todos los documentos relevantes del proyecto para una revisi\u00f3n y an\u00e1lisis exhaustivos.<\/p><\/div><\/div><\/div><\/div><\/div><\/div><div class=\"wpb_column vc_column_container vc_col-sm-3\"><div class=\"vc_column-inner\"><div class=\"wpb_wrapper\"><div class=\"number-box style-default spacing-30\"><div class=\"number-box-number\">02<\/div><div class=\"content-box\"><div class=\"content-box-info\"><h3>Evaluaci\u00f3n de proyectos r\u00e1pida y gratuita<\/h3><p class=\"number-box-content\">Examinaremos cuidadosamente su proyecto y le daremos una respuesta r\u00e1pida y gratuita.<\/p><\/div><\/div><\/div><\/div><\/div><\/div><div class=\"wpb_column vc_column_container vc_col-sm-3\"><div class=\"vc_column-inner\"><div class=\"wpb_wrapper\"><div class=\"number-box style-default spacing-30\"><div class=\"number-box-number\">03<\/div><div class=\"content-box\"><div class=\"content-box-info\"><h3>Entrega de demostraci\u00f3n previa aprobaci\u00f3n<\/h3><p class=\"number-box-content\">Despu\u00e9s de recibir su aprobaci\u00f3n, comenzaremos el proyecto de inmediato y le enviaremos una demostraci\u00f3n para su revisi\u00f3n.<\/p><\/div><\/div><\/div><\/div><\/div><\/div><div class=\"wpb_column vc_column_container vc_col-sm-3\"><div class=\"vc_column-inner\"><div class=\"wpb_wrapper\"><div class=\"number-box style-default spacing-30\"><div class=\"number-box-number\">04<\/div><div class=\"content-box\"><div class=\"content-box-info\"><h3>Pago y Entrega Final<\/h3><p class=\"number-box-content\">Tras su aprobaci\u00f3n del proyecto, realice el pago y reciba la versi\u00f3n final de los entregables.<\/p><\/div><\/div><\/div><\/div><\/div><\/div><\/div><\/div><\/div><\/div><\/div><div class=\"vc_row-full-width vc_clearfix\"><\/div><div class=\"vc_row wpb_row vc_row-fluid vc_custom_1534242606416\"><div class=\"animate wpb_column vc_column_container vc_col-sm-12\"><div class=\"vc_column-inner\"><div class=\"wpb_wrapper\">\n\t<div class=\"wpb_text_column wpb_content_element  vc_custom_1686677488013\" >\n\t\t<div class=\"wpb_wrapper\">\n\t\t\t<h2 style=\"text-align: center;\"><span style=\"color: #e37218;\"><strong>Nuestros Otros Servicios<\/strong><\/span><\/h2>\n\n\t\t<\/div>\n\t<\/div>\n<div class=\"dash style-dark centered\"><\/div>\n\t<div class=\"wpb_raw_code wpb_content_element wpb_raw_html\" >\n\t\t<div class=\"wpb_wrapper\">\n\t\t\t<!-- \u0130kinci hizmet \u00f6\u011fesi -->\n<div class=\"wpb_column vc_column_container vc_col-sm-3\">\n<div class=\"vc_column-inner\">\n<div class=\"wpb_wrapper\">\n<div class=\"content-box service-item alignment-default service-box-gray spacing-30\">\n<div class=\"image-container\">\n<div class=\"vertical-number-box\"><span class=\"vertical-number\">02<\/span><\/div>\n<div class=\"arrow-box\"><\/div>\n<img decoding=\"async\" src=\"https:\/\/dincarchitect.com\/wp-content\/uploads\/2023\/06\/dastudio-service-2.jpg\" alt=\"Arquitectura\" width=\"360\" height=\"500\" \/>\n\n<\/div>\n<div class=\"content-box-info\">\n<div class=\"box-heading-container\">\n<div class=\"box-heading\"><strong>Espacio Semi-Complejo<\/strong><\/div>\n<div class=\"price-info-container\"><span class=\"price-info\" style=\"color: #e37218; font-size: 16px;\">99 \u20ac<\/span><\/div>\n<\/div>\n<div style=\"text-align: justify; margin-top: 10px;\">\n\nCocina est\u00e1ndar, sala, comedor, amplio ba\u00f1o, terraza...\n\n<\/div>\n<div class=\"content-description\"><\/div>\n<div class=\"btn-read-more\"><a style=\"color: #e37218;\" href=\"https:\/\/dincarchitect.com\/es\/campo-semi-complejo\/\">Aprende m\u00e1s<\/a><\/div>\n<\/div>\n<\/div>\n<\/div>\n<\/div>\n<\/div>\n\n<!-- D\u00f6rd\u00fcnc\u00fc hizmet \u00f6\u011fesi -->\n<div class=\"wpb_column vc_column_container vc_col-sm-3\">\n<div class=\"vc_column-inner\">\n<div class=\"wpb_wrapper\">\n<div class=\"content-box service-item alignment-default service-box-gray spacing-30\">\n<div class=\"image-container\">\n<div class=\"vertical-number-box\"><span class=\"vertical-number\">04<\/span><\/div>\n<div class=\"arrow-box\"><\/div>\n<img decoding=\"async\" src=\"https:\/\/dincarchitect.com\/wp-content\/uploads\/2023\/06\/dastudio-service-4.jpg\" alt=\"Arquitectura\" width=\"360\" height=\"500\" \/>\n\n<\/div>\n<div class=\"content-box-info\">\n<div class=\"box-heading-container\">\n<div class=\"box-heading\"><strong>Espacio de gran tama\u00f1o<\/strong><\/div>\n<div class=\"price-info-container\"><span class=\"price-info\" style=\"color: #e37218; font-size: 16px;\">199 \u20ac<\/span><\/div>\n<\/div>\n<div style=\"text-align: justify; margin-top: 10px;\">\n\nTienda, sal\u00f3n restaurante, sala de espect\u00e1culos... Tarifa b\u00e1sica orientativa.\n\n<\/div>\n<div class=\"content-description\"><\/div>\n<div class=\"btn-read-more\"><a style=\"color: #e37218;\" href=\"https:\/\/dincarchitect.com\/es\/area-no-estandar\/\">Aprende m\u00e1s<\/a><\/div>\n<div><\/div>\n<\/div>\n<\/div>\n<\/div>\n<\/div>\n<\/div>\n\n<!-- Be\u015finci hizmet \u00f6\u011fesi -->\n<div class=\"wpb_column vc_column_container vc_col-sm-3\">\n<div class=\"vc_column-inner\">\n<div class=\"wpb_wrapper\">\n<div class=\"content-box service-item alignment-default service-box-gray spacing-30\">\n<div class=\"image-container\">\n<div class=\"vertical-number-box\"><span class=\"vertical-number\">05<\/span><\/div>\n<div class=\"arrow-box\"><\/div>\n<img decoding=\"async\" src=\"https:\/\/dincarchitect.com\/wp-content\/uploads\/2023\/06\/dastudio-service-5.jpg\" alt=\"Arquitectura\" width=\"360\" height=\"500\" \/>\n\n<\/div>\n<div class=\"content-box-info\">\n<div class=\"box-heading-container\">\n<div class=\"box-heading\"><strong>Vivienda Unifamiliar<\/strong><\/div>\n<div class=\"price-info-container\"><span class=\"price-info\" style=\"color: #e37218; font-size: 16px;\">149 \u20ac<\/span><\/div>\n<\/div>\n<div style=\"text-align: justify; margin-top: 10px;\">\n\nVista exterior. Tarifa b\u00e1sica para un entorno est\u00e1ndar como este.\n\n<\/div>\n<div class=\"content-description\"><\/div>\n<div class=\"btn-read-more\"><a style=\"color: #e37218;\" href=\"https:\/\/dincarchitect.com\/es\/casa-unifamiliar\/\">Aprende m\u00e1s<\/a><\/div>\n<\/div>\n<\/div>\n<\/div>\n<\/div>\n<\/div>\n\n<!-- Onuncu hizmet \u00f6\u011fesi -->\n<div class=\"wpb_column vc_column_container vc_col-sm-3\">\n<div class=\"vc_column-inner\">\n<div class=\"wpb_wrapper\">\n<div class=\"content-box service-item alignment-default service-box-gray spacing-30\">\n<div class=\"image-container\">\n<div class=\"vertical-number-box\"><span class=\"vertical-number\">10<\/span><\/div>\n<div class=\"arrow-box\"><\/div>\n<img decoding=\"async\" src=\"https:\/\/dincarchitect.com\/wp-content\/uploads\/2023\/06\/dastudio-service-10.jpg\" alt=\"Arquitectura\" width=\"360\" height=\"500\" \/>\n\n<\/div>\n<div class=\"content-box-info\">\n<div class=\"box-heading-container\">\n<div class=\"box-heading\"><strong>pelicula 2<\/strong><\/div>\n<div class=\"price-info-container\"><span class=\"price-info\" style=\"color: #e37218; font-size: 16px;\">499 \u20ac<\/span><\/div>\n<\/div>\n<div style=\"text-align: justify; margin-top: 10px;\">\n\nPack de una pel\u00edcula de menos de 2 minutos...\n\n<\/div>\n<div class=\"content-description\"><\/div>\n<div class=\"btn-read-more\"><a style=\"color: #e37218;\" href=\"https:\/\/dincarchitect.com\/es\/pelicula-2-minutos\/\">Aprende m\u00e1s<\/a><\/div>\n<\/div>\n<\/div>\n<\/div>\n<\/div>\n<\/div>\n\t\t<\/div>\n\t<\/div>\n<\/div><\/div><\/div><\/div>\n<\/section>","protected":false},"excerpt":{"rendered":"DA Studio Axonometry Introducing our Axonometry service, a cost-effective way to visualize your architectural designs with clarity and precision. With Axonometry, we create detailed 2D representations of your spaces from an isometric perspective. This technique allows for a comprehensive view of your design, showcasing the relationships between different elements and providing a clear understanding of [...]","protected":false},"author":1,"featured_media":10877,"parent":0,"menu_order":0,"comment_status":"closed","ping_status":"closed","template":"","meta":{"footnotes":""},"acf":[],"_links":{"self":[{"href":"https:\/\/dincarchitect.com\/es\/wp-json\/wp\/v2\/pages\/14183"}],"collection":[{"href":"https:\/\/dincarchitect.com\/es\/wp-json\/wp\/v2\/pages"}],"about":[{"href":"https:\/\/dincarchitect.com\/es\/wp-json\/wp\/v2\/types\/page"}],"author":[{"embeddable":true,"href":"https:\/\/dincarchitect.com\/es\/wp-json\/wp\/v2\/users\/1"}],"replies":[{"embeddable":true,"href":"https:\/\/dincarchitect.com\/es\/wp-json\/wp\/v2\/comments?post=14183"}],"version-history":[{"count":0,"href":"https:\/\/dincarchitect.com\/es\/wp-json\/wp\/v2\/pages\/14183\/revisions"}],"wp:featuredmedia":[{"embeddable":true,"href":"https:\/\/dincarchitect.com\/es\/wp-json\/wp\/v2\/media\/10877"}],"wp:attachment":[{"href":"https:\/\/dincarchitect.com\/es\/wp-json\/wp\/v2\/media?parent=14183"}],"curies":[{"name":"wp","href":"https:\/\/api.w.org\/{rel}","templated":true}]}}