{"id":14156,"date":"2023-06-12T20:46:24","date_gmt":"2023-06-12T20:46:24","guid":{"rendered":"https:\/\/dincarchitect.com\/?page_id=14156"},"modified":"2023-06-20T10:40:14","modified_gmt":"2023-06-20T10:40:14","slug":"collective-building","status":"publish","type":"page","link":"https:\/\/dincarchitect.com\/es\/construccion-colectiva\/","title":{"rendered":"Edificio Colectivo"},"content":{"rendered":"<section class=\"wpb-content-wrapper\"><div class=\"vc_row wpb_row vc_row-fluid vc_custom_1537429109529\"><div class=\"wpb_column vc_column_container vc_col-sm-6\"><div class=\"vc_column-inner\"><div class=\"wpb_wrapper\">\n<div class=\"vc_grid-container-wrapper vc_clearfix vc_grid-animation-fadeIn\">\n\t<div class=\"vc_grid-container vc_clearfix wpb_content_element vc_media_grid\" data-initial-loading-animation=\"fadeIn\" data-vc-grid-settings=\"{&quot;page_id&quot;:14156,&quot;style&quot;:&quot;all&quot;,&quot;action&quot;:&quot;vc_get_vc_grid_data&quot;,&quot;shortcode_id&quot;:&quot;1687257595650-671d1514-7392-10&quot;,&quot;tag&quot;:&quot;vc_media_grid&quot;}\" data-vc-request=\"https:\/\/dincarchitect.com\/wp-admin\/admin-ajax.php\" data-vc-post-id=\"14156\" data-vc-public-nonce=\"db103255f2\">\n\t\t\n\t<\/div>\n<\/div><\/div><\/div><\/div><div class=\"wpb_column vc_column_container vc_col-sm-6\"><div class=\"vc_column-inner vc_custom_1536840396834\"><div class=\"wpb_wrapper\"><span class=\"subtitle dash-true style-dark text-default\">Estudio DA<\/span>\n\t<div class=\"wpb_text_column wpb_content_element\" >\n\t\t<div class=\"wpb_wrapper\">\n\t\t\t<h2>Edificio Colectivo<\/h2>\n\n\t\t<\/div>\n\t<\/div>\n\n\t<div class=\"wpb_text_column wpb_content_element\" >\n\t\t<div class=\"wpb_wrapper\">\n\t\t\t<p>Presentamos nuestro servicio de Construcci\u00f3n Colectiva, dedicado a crear espacios excepcionales para vivienda, edificios comerciales, bodegas y m\u00e1s. Entendemos los requisitos y desaf\u00edos \u00fanicos que vienen con estos proyectos colectivos, y nuestro equipo de expertos est\u00e1 aqu\u00ed para hacer realidad su visi\u00f3n.<\/p>\n<p>Ya sea que est\u00e9 buscando dise\u00f1ar un complejo residencial de unidades m\u00faltiples, un espacio comercial bullicioso o una instalaci\u00f3n de almac\u00e9n funcional, tenemos la experiencia para brindar resultados sobresalientes. Nuestras soluciones de construcci\u00f3n colectiva combinan creatividad, funcionalidad y sostenibilidad para satisfacer las diversas necesidades de nuestros clientes.<\/p>\n<p>Desde la conceptualizaci\u00f3n hasta la ejecuci\u00f3n, planificamos meticulosamente todos los aspectos del proyecto para garantizar la eficiencia, la durabilidad y el atractivo est\u00e9tico. Trabajamos en estrecha colaboraci\u00f3n con nuestros clientes, arquitectos y contratistas para crear espacios que inspiren, acomoden y optimicen el uso.<\/p>\n<p>Con nuestro servicio de construcci\u00f3n colectiva, puede esperar una integraci\u00f3n perfecta de dise\u00f1o, tecnolog\u00eda y funcionalidad. Nuestro equipo aprovecha t\u00e9cnicas de construcci\u00f3n innovadoras, materiales sostenibles y soluciones de eficiencia energ\u00e9tica para crear edificios que superen la prueba del tiempo.<\/p>\n<p>Ya sea un desarrollador, inversionista o propietario de un negocio, nuestro servicio de construcci\u00f3n colectiva ofrece soluciones personalizadas que se alinean con sus objetivos y requisitos. Nos esforzamos por superar sus expectativas y ofrecer espacios que mejoren la comunidad, fomenten el crecimiento y maximicen el valor.<\/p>\n<p>Experimente la diferencia de nuestro servicio de Construcci\u00f3n Colectiva y perm\u00edtanos transformar su visi\u00f3n en realidad. Cont\u00e1ctenos hoy para discutir su proyecto y recibir una cotizaci\u00f3n personalizada para su vivienda, edificio comercial, almac\u00e9n u otras necesidades de construcci\u00f3n colectiva.<\/p>\n\n\t\t<\/div>\n\t<\/div>\n<\/div><\/div><\/div><\/div><div data-vc-full-width=\"true\" data-vc-full-width-init=\"false\" class=\"vc_row wpb_row vc_row-fluid spaced vc_custom_1686586247876 vc_row-has-fill\"><div class=\"wpb_column vc_column_container vc_col-sm-12\"><div class=\"vc_column-inner\"><div class=\"wpb_wrapper\"><span class=\"subtitle dash-false style-dark text-center\">C\u00f3mo trabajamos<\/span>\n\t<div class=\"wpb_text_column wpb_content_element\" >\n\t\t<div class=\"wpb_wrapper\">\n\t\t\t<h2 style=\"text-align: center;\"><span style=\"color: #e37218;\"><strong>Proyecto Eficiente <\/strong><\/span><strong>Flujo de trabajo para resultados excepcionales<\/strong><\/h2>\n\n\t\t<\/div>\n\t<\/div>\n<div class=\"dash style-dark centered\"><\/div><div class=\"vc_row wpb_row vc_inner vc_row-fluid vc_custom_1538383845636\"><div class=\"wpb_column vc_column_container vc_col-sm-3\"><div class=\"vc_column-inner\"><div class=\"wpb_wrapper\"><div class=\"number-box style-default spacing-30\"><div class=\"number-box-number\">01<\/div><div class=\"content-box\"><div class=\"content-box-info\"><h3>Env\u00ede todos los documentos del proyecto<\/h3><p class=\"number-box-content\">Env\u00edenos todos los documentos relevantes del proyecto para una revisi\u00f3n y an\u00e1lisis exhaustivos.<\/p><\/div><\/div><\/div><\/div><\/div><\/div><div class=\"wpb_column vc_column_container vc_col-sm-3\"><div class=\"vc_column-inner\"><div class=\"wpb_wrapper\"><div class=\"number-box style-default spacing-30\"><div class=\"number-box-number\">02<\/div><div class=\"content-box\"><div class=\"content-box-info\"><h3>Evaluaci\u00f3n de proyectos r\u00e1pida y gratuita<\/h3><p class=\"number-box-content\">Examinaremos cuidadosamente su proyecto y le daremos una respuesta r\u00e1pida y gratuita.<\/p><\/div><\/div><\/div><\/div><\/div><\/div><div class=\"wpb_column vc_column_container vc_col-sm-3\"><div class=\"vc_column-inner\"><div class=\"wpb_wrapper\"><div class=\"number-box style-default spacing-30\"><div class=\"number-box-number\">03<\/div><div class=\"content-box\"><div class=\"content-box-info\"><h3>Entrega de demostraci\u00f3n previa aprobaci\u00f3n<\/h3><p class=\"number-box-content\">Despu\u00e9s de recibir su aprobaci\u00f3n, comenzaremos el proyecto de inmediato y le enviaremos una demostraci\u00f3n para su revisi\u00f3n.<\/p><\/div><\/div><\/div><\/div><\/div><\/div><div class=\"wpb_column vc_column_container vc_col-sm-3\"><div class=\"vc_column-inner\"><div class=\"wpb_wrapper\"><div class=\"number-box style-default spacing-30\"><div class=\"number-box-number\">04<\/div><div class=\"content-box\"><div class=\"content-box-info\"><h3>Pago y Entrega Final<\/h3><p class=\"number-box-content\">Tras su aprobaci\u00f3n del proyecto, realice el pago y reciba la versi\u00f3n final de los entregables.<\/p><\/div><\/div><\/div><\/div><\/div><\/div><\/div><\/div><\/div><\/div><\/div><div class=\"vc_row-full-width vc_clearfix\"><\/div><div class=\"vc_row wpb_row vc_row-fluid vc_custom_1534242606416\"><div class=\"animate wpb_column vc_column_container vc_col-sm-12\"><div class=\"vc_column-inner\"><div class=\"wpb_wrapper\">\n\t<div class=\"wpb_text_column wpb_content_element  vc_custom_1686677209613\" >\n\t\t<div class=\"wpb_wrapper\">\n\t\t\t<h2 style=\"text-align: center;\"><span style=\"color: #e37218;\"><strong>Nuestros Otros Servicios<\/strong><\/span><\/h2>\n\n\t\t<\/div>\n\t<\/div>\n<div class=\"dash style-dark centered\"><\/div>\n\t<div class=\"wpb_raw_code wpb_content_element wpb_raw_html\" >\n\t\t<div class=\"wpb_wrapper\">\n\t\t\t<!-- Yedinci hizmet \u00f6\u011fesi -->\n<div class=\"wpb_column vc_column_container vc_col-sm-3\">\n<div class=\"vc_column-inner\">\n<div class=\"wpb_wrapper\">\n<div class=\"content-box service-item alignment-default service-box-gray spacing-30\">\n<div class=\"image-container\">\n<div class=\"vertical-number-box\"><span class=\"vertical-number\">07<\/span><\/div>\n<div class=\"arrow-box\"><\/div>\n<img decoding=\"async\" src=\"https:\/\/dincarchitect.com\/wp-content\/uploads\/2023\/06\/dastudio-service-7.jpg\" alt=\"Arquitectura\" width=\"360\" height=\"500\" \/>\n\n<\/div>\n<div class=\"content-box-info\">\n<div class=\"box-heading-container\">\n<div class=\"box-heading\"><strong>fotomontaje<\/strong><\/div>\n<div class=\"price-info-container\"><span class=\"price-info\" style=\"color: #e37218; font-size: 16px;\">149 \u20ac<\/span><\/div>\n<\/div>\n<div style=\"text-align: justify; margin-top: 10px;\">\n\nVivienda unifamiliar con o sin exterior...\n\n<\/div>\n<div class=\"content-description\"><\/div>\n<div class=\"btn-read-more\"><a style=\"color: #e37218;\" href=\"https:\/\/dincarchitect.com\/es\/fotomontaje\/\">Aprende m\u00e1s<\/a><\/div>\n<\/div>\n<\/div>\n<\/div>\n<\/div>\n<\/div>\n\n\n<!-- Onbe\u015finci hizmet \u00f6\u011fesi -->\n<div class=\"wpb_column vc_column_container vc_col-sm-3\">\n<div class=\"vc_column-inner\">\n<div class=\"wpb_wrapper\">\n<div class=\"content-box service-item alignment-default service-box-gray spacing-30\">\n<div class=\"image-container\">\n<div class=\"vertical-number-box\"><span class=\"vertical-number\">15<\/span><\/div>\n<div class=\"arrow-box\"><\/div>\n<img decoding=\"async\" src=\"https:\/\/dincarchitect.com\/wp-content\/uploads\/2023\/06\/dastudio-service-15.jpg\" alt=\"Arquitectura\" width=\"360\" height=\"500\" \/>\n\n<\/div>\n<div class=\"content-box-info\">\n<div class=\"box-heading-container\">\n<div class=\"box-heading\"><strong>proyecto arquitectonico<\/strong><\/div>\n<div class=\"price-info-container\"><span class=\"price-info\" style=\"color: #e37218; font-size: 16px;\">499 \u20ac<\/span><\/div>\n<\/div>\n<div style=\"text-align: justify; margin-top: 10px;\">\n\nProyecto arquitect\u00f3nico, planta, detalles de secci\u00f3n...\n\n<\/div>\n<div class=\"content-description\"><\/div>\n<div class=\"btn-read-more\"><a style=\"color: #e37218;\" href=\"https:\/\/dincarchitect.com\/es\/proyecto-arquitectonico\/\">Aprende m\u00e1s<\/a><\/div>\n<\/div>\n<\/div>\n<\/div>\n<\/div>\n<\/div>\n\n<!-- Be\u015finci hizmet \u00f6\u011fesi -->\n<div class=\"wpb_column vc_column_container vc_col-sm-3\">\n<div class=\"vc_column-inner\">\n<div class=\"wpb_wrapper\">\n<div class=\"content-box service-item alignment-default service-box-gray spacing-30\">\n<div class=\"image-container\">\n<div class=\"vertical-number-box\"><span class=\"vertical-number\">05<\/span><\/div>\n<div class=\"arrow-box\"><\/div>\n<img decoding=\"async\" src=\"https:\/\/dincarchitect.com\/wp-content\/uploads\/2023\/06\/dastudio-service-5.jpg\" alt=\"Arquitectura\" width=\"360\" height=\"500\" \/>\n\n<\/div>\n<div class=\"content-box-info\">\n<div class=\"box-heading-container\">\n<div class=\"box-heading\"><strong>Vivienda Unifamiliar<\/strong><\/div>\n<div class=\"price-info-container\"><span class=\"price-info\" style=\"color: #e37218; font-size: 16px;\">149 \u20ac<\/span><\/div>\n<\/div>\n<div style=\"text-align: justify; margin-top: 10px;\">\n\nVista exterior. Tarifa b\u00e1sica para un entorno est\u00e1ndar como este.\n\n<\/div>\n<div class=\"content-description\"><\/div>\n<div class=\"btn-read-more\"><a style=\"color: #e37218;\" href=\"https:\/\/dincarchitect.com\/es\/casa-unifamiliar\/\">Aprende m\u00e1s<\/a><\/div>\n<\/div>\n<\/div>\n<\/div>\n<\/div>\n<\/div>\n\n<!-- Alt\u0131nc\u0131 hizmet \u00f6\u011fesi -->\n<div class=\"wpb_column vc_column_container vc_col-sm-3\">\n<div class=\"vc_column-inner\">\n<div class=\"wpb_wrapper\">\n<div class=\"content-box service-item alignment-default service-box-gray spacing-30\">\n<div class=\"image-container\">\n<div class=\"vertical-number-box\"><span class=\"vertical-number\">06<\/span><\/div>\n<div class=\"arrow-box\"><\/div>\n<img decoding=\"async\" src=\"https:\/\/dincarchitect.com\/wp-content\/uploads\/2023\/06\/dastudio-service-6.jpg\" alt=\"Arquitectura\" width=\"360\" height=\"500\" \/>\n\n<\/div>\n<div class=\"content-box-info\">\n<div class=\"box-heading-container\">\n<div class=\"box-heading\"><strong>Edificio Colectivo<\/strong><\/div>\n<div class=\"price-info-container\"><span class=\"price-info\" style=\"color: #e37218; font-size: 16px;\">199 \u20ac<\/span><\/div>\n<\/div>\n<div style=\"text-align: justify; margin-top: 10px;\">\n\nViviendas, edificios comerciales, almacenes, etc.\n\n<\/div>\n<div class=\"content-description\"><\/div>\n<div class=\"btn-read-more\"><a style=\"color: #e37218;\" href=\"https:\/\/dincarchitect.com\/es\/construccion-colectiva\/\">Aprende m\u00e1s<\/a><\/div>\n<\/div>\n<\/div>\n<\/div>\n<\/div>\n<\/div>\n\t\t<\/div>\n\t<\/div>\n<\/div><\/div><\/div><\/div>\n<\/section>","protected":false},"excerpt":{"rendered":"DA Studio Collective Building Presentamos nuestro servicio de Construcci\u00f3n Colectiva, dedicado a crear espacios excepcionales para viviendas, edificios comerciales, almacenes y m\u00e1s. Entendemos los requisitos y desaf\u00edos \u00fanicos que conllevan estos proyectos colectivos, y nuestro equipo de expertos est\u00e1 aqu\u00ed para hacer realidad su visi\u00f3n. Ya sea que est\u00e9 buscando dise\u00f1ar un complejo residencial [...]","protected":false},"author":1,"featured_media":10877,"parent":0,"menu_order":0,"comment_status":"closed","ping_status":"closed","template":"","meta":{"footnotes":""},"acf":[],"_links":{"self":[{"href":"https:\/\/dincarchitect.com\/es\/wp-json\/wp\/v2\/pages\/14156"}],"collection":[{"href":"https:\/\/dincarchitect.com\/es\/wp-json\/wp\/v2\/pages"}],"about":[{"href":"https:\/\/dincarchitect.com\/es\/wp-json\/wp\/v2\/types\/page"}],"author":[{"embeddable":true,"href":"https:\/\/dincarchitect.com\/es\/wp-json\/wp\/v2\/users\/1"}],"replies":[{"embeddable":true,"href":"https:\/\/dincarchitect.com\/es\/wp-json\/wp\/v2\/comments?post=14156"}],"version-history":[{"count":0,"href":"https:\/\/dincarchitect.com\/es\/wp-json\/wp\/v2\/pages\/14156\/revisions"}],"wp:featuredmedia":[{"embeddable":true,"href":"https:\/\/dincarchitect.com\/es\/wp-json\/wp\/v2\/media\/10877"}],"wp:attachment":[{"href":"https:\/\/dincarchitect.com\/es\/wp-json\/wp\/v2\/media?parent=14156"}],"curies":[{"name":"wp","href":"https:\/\/api.w.org\/{rel}","templated":true}]}}