{"id":13987,"date":"2023-06-12T00:00:59","date_gmt":"2023-06-12T00:00:59","guid":{"rendered":"https:\/\/dincarchitect.com\/?page_id=13987"},"modified":"2023-09-01T13:32:40","modified_gmt":"2023-09-01T13:32:40","slug":"architect","status":"publish","type":"page","link":"https:\/\/dincarchitect.com\/es\/arquitecto\/","title":{"rendered":"Arquitecto"},"content":{"rendered":"<section class=\"wpb-content-wrapper\"><div class=\"vc_row wpb_row vc_row-fluid vc_custom_1537429109529\"><div class=\"wpb_column vc_column_container vc_col-sm-6\"><div class=\"vc_column-inner\"><div class=\"wpb_wrapper\">\n<div class=\"vc_grid-container-wrapper vc_clearfix vc_grid-animation-fadeIn\">\n\t<div class=\"vc_grid-container vc_clearfix wpb_content_element vc_media_grid\" data-initial-loading-animation=\"fadeIn\" data-vc-grid-settings=\"{&quot;page_id&quot;:13987,&quot;style&quot;:&quot;all&quot;,&quot;action&quot;:&quot;vc_get_vc_grid_data&quot;,&quot;shortcode_id&quot;:&quot;1693574844912-9a723168-4312-5&quot;,&quot;tag&quot;:&quot;vc_media_grid&quot;}\" data-vc-request=\"https:\/\/dincarchitect.com\/wp-admin\/admin-ajax.php\" data-vc-post-id=\"13987\" data-vc-public-nonce=\"db103255f2\">\n\t\t\n\t<\/div>\n<\/div><\/div><\/div><\/div><div class=\"wpb_column vc_column_container vc_col-sm-6\"><div class=\"vc_column-inner vc_custom_1536840396834\"><div class=\"wpb_wrapper\"><span class=\"subtitle dash-true style-dark text-default\">Estudio DA<\/span>\n\t<div class=\"wpb_text_column wpb_content_element\" >\n\t\t<div class=\"wpb_wrapper\">\n\t\t\t<h2>Arquitecto<\/h2>\n\n\t\t<\/div>\n\t<\/div>\n\n\t<div class=\"wpb_text_column wpb_content_element\" >\n\t\t<div class=\"wpb_wrapper\">\n\t\t\t<p style=\"text-align: justify;\">Para nosotros, el dise\u00f1o arquitect\u00f3nico est\u00e1 profundamente arraigado en la comprensi\u00f3n de las necesidades y requisitos espaciales, y es un proceso de dise\u00f1o que evoluciona a la perfecci\u00f3n.<\/p>\n<p style=\"text-align: justify;\">Las necesidades y requerimientos de las instituciones est\u00e1n en el coraz\u00f3n de nuestros proyectos. Al dar forma a su soporte; el uso p\u00fablico y la integraci\u00f3n del edificio en su entorno, el dise\u00f1o constituyen los criterios importantes de nuestra metodolog\u00eda. Adem\u00e1s, buscamos el valor a\u00f1adido del buen dise\u00f1o para crear un referente significativo en el entorno y generar atracci\u00f3n. Con nuestro equipo y los consultores necesarios, desde la fase inicial de su proyecto hasta la finalizaci\u00f3n de la construcci\u00f3n, aseguramos un enfoque integral.<\/p>\n<p style=\"text-align: justify;\">A lo largo del proceso, la combinaci\u00f3n de las necesidades y requisitos b\u00e1sicos, la visi\u00f3n de futuro, la econom\u00eda de inversi\u00f3n, las relaciones ambientales y el objetivo de crear un punto focal, la sostenibilidad y todas las obligaciones legales arrojan los mejores resultados.<\/p>\n\n\t\t<\/div>\n\t<\/div>\n<\/div><\/div><\/div><\/div><div class=\"vc_row wpb_row vc_row-fluid mobile-pad-0 vc_custom_1686573592325 vc_row-o-equal-height vc_row-o-content-middle vc_row-flex\"><div class=\"wpb_column vc_column_container vc_col-sm-4\"><div class=\"vc_column-inner\"><div class=\"wpb_wrapper\"><div class=\"vc_row wpb_row vc_inner vc_row-fluid overlap-right\"><div class=\"shadow-box wpb_column vc_column_container vc_col-sm-12\"><div class=\"vc_column-inner\"><div class=\"wpb_wrapper\"><span class=\"subtitle dash-true style-dark text-default\">D\u00e9 rienda suelta a su imaginaci\u00f3n<\/span><div class=\"divider-light\"><\/div>\n\t<div class=\"wpb_text_column wpb_content_element\" >\n\t\t<div class=\"wpb_wrapper\">\n\t\t\t<div style=\"text-align: justify;\">\n<p>Nos destacamos en la gesti\u00f3n de cada detalle para potenciar sus proyectos. Con nuestra experiencia en visualizaci\u00f3n arquitect\u00f3nica, ofrecemos diversos estilos y presentaciones adaptadas a sus necesidades. Nuestro equipo dedicado ofrece resultados excepcionales que superan las expectativas. Muestre dise\u00f1os residenciales, comerciales o industriales con soluciones innovadoras. Conf\u00ede en nosotros para transformar ideas en im\u00e1genes impresionantes, potenciando una comunicaci\u00f3n efectiva. Deje volar su imaginaci\u00f3n con nuestra experiencia inigualable.<\/p>\n<\/div>\n\n\t\t<\/div>\n\t<\/div>\n<a href=\"https:\/\/dincarchitect.com\/es\/proyectos\/\" class=\"btn btn-primary arrow-right\"><span>ver proyectos<\/span><\/a><\/div><\/div><\/div><\/div><\/div><\/div><\/div><div class=\"wpb_column vc_column_container vc_col-sm-8\"><div class=\"vc_column-inner\"><div class=\"wpb_wrapper\">\n\t<div  class=\"wpb_single_image wpb_content_element vc_align_left  vc_custom_1687157310097\">\n\t\t\n\t\t<figure class=\"wpb_wrapper vc_figure\">\n\t\t\t<a href=\"https:\/\/dincarchitect.com\/wp-content\/uploads\/2023\/06\/4-1024x576.jpg\" target=\"_self\" class=\"vc_single_image-wrapper   vc_box_border_grey\"><img decoding=\"async\" width=\"1920\" height=\"1080\" src=\"https:\/\/dincarchitect.com\/wp-content\/uploads\/2023\/06\/4.jpg\" class=\"vc_single_image-img attachment-full\" alt=\"\" title=\"parque central-1\" srcset=\"https:\/\/dincarchitect.com\/wp-content\/uploads\/2023\/06\/4.jpg 1920w, https:\/\/dincarchitect.com\/wp-content\/uploads\/2023\/06\/4-1024x576.jpg 1024w, https:\/\/dincarchitect.com\/wp-content\/uploads\/2023\/06\/4-768x432.jpg 768w, https:\/\/dincarchitect.com\/wp-content\/uploads\/2023\/06\/4-1536x864.jpg 1536w, https:\/\/dincarchitect.com\/wp-content\/uploads\/2023\/06\/4-18x10.jpg 18w\" sizes=\"(max-width: 1920px) 100vw, 1920px\" \/><\/a>\n\t\t<\/figure>\n\t<\/div>\n<\/div><\/div><\/div><\/div><div class=\"vc_row wpb_row vc_row-fluid mobile-pad-0 vc_custom_1686573602453 vc_row-o-equal-height vc_row-o-content-middle vc_row-flex\"><div class=\"wpb_column vc_column_container vc_col-sm-8 vc_hidden-sm vc_hidden-xs\"><div class=\"vc_column-inner\"><div class=\"wpb_wrapper\">\n\t<div  class=\"wpb_single_image wpb_content_element vc_align_left  vc_custom_1687157321200\">\n\t\t\n\t\t<figure class=\"wpb_wrapper vc_figure\">\n\t\t\t<a href=\"https:\/\/dincarchitect.com\/wp-content\/uploads\/2023\/06\/shop1-1024x576.jpg\" target=\"_self\" class=\"vc_single_image-wrapper   vc_box_border_grey\"><img decoding=\"async\" width=\"1920\" height=\"1080\" src=\"https:\/\/dincarchitect.com\/wp-content\/uploads\/2023\/06\/shop1.jpg\" class=\"vc_single_image-img attachment-full\" alt=\"\" title=\"aumetz-1\" srcset=\"https:\/\/dincarchitect.com\/wp-content\/uploads\/2023\/06\/shop1.jpg 1920w, https:\/\/dincarchitect.com\/wp-content\/uploads\/2023\/06\/shop1-1024x576.jpg 1024w, https:\/\/dincarchitect.com\/wp-content\/uploads\/2023\/06\/shop1-768x432.jpg 768w, https:\/\/dincarchitect.com\/wp-content\/uploads\/2023\/06\/shop1-1536x864.jpg 1536w, https:\/\/dincarchitect.com\/wp-content\/uploads\/2023\/06\/shop1-18x10.jpg 18w\" sizes=\"(max-width: 1920px) 100vw, 1920px\" \/><\/a>\n\t\t<\/figure>\n\t<\/div>\n<\/div><\/div><\/div><div class=\"wpb_column vc_column_container vc_col-sm-4\"><div class=\"vc_column-inner\"><div class=\"wpb_wrapper\"><div class=\"vc_row wpb_row vc_inner vc_row-fluid overlap-left\"><div class=\"shadow-box wpb_column vc_column_container vc_col-sm-12\"><div class=\"vc_column-inner\"><div class=\"wpb_wrapper\"><span class=\"subtitle dash-true style-dark text-default\">Nos preocupamos por todos<\/span><div class=\"divider-light\"><\/div>\n\t<div class=\"wpb_text_column wpb_content_element\" >\n\t\t<div class=\"wpb_wrapper\">\n\t\t\t<div style=\"text-align: justify;\">\n<p>Eficiencia mejorada: nuestros servicios de visualizaci\u00f3n arquitect\u00f3nica agilizan el tiempo, el esfuerzo y los recursos necesarios para el dise\u00f1o visual, lo que permite que nuestro equipo se concentre m\u00e1s en el dise\u00f1o funcional y los aspectos de planificaci\u00f3n del proyecto. Esto se traduce en una mayor productividad y un mayor \u00e9nfasis en la entrega de resultados sobresalientes.<\/p>\n<\/div>\n\n\t\t<\/div>\n\t<\/div>\n<a href=\"https:\/\/dincarchitect.com\/es\/proyectos\/\" class=\"btn btn-primary arrow-right\"><span>ver proyectos<\/span><\/a><\/div><\/div><\/div><\/div><\/div><\/div><\/div><\/div><div class=\"vc_row wpb_row vc_row-fluid mobile-pad-0 vc_custom_1686573611885 vc_row-o-equal-height vc_row-o-content-middle vc_row-flex\"><div class=\"wpb_column vc_column_container vc_col-sm-4\"><div class=\"vc_column-inner\"><div class=\"wpb_wrapper\"><div class=\"vc_row wpb_row vc_inner vc_row-fluid overlap-right\"><div class=\"shadow-box wpb_column vc_column_container vc_col-sm-12\"><div class=\"vc_column-inner\"><div class=\"wpb_wrapper\"><span class=\"subtitle dash-true style-dark text-default\">Eleve la calidad de sus servicios<\/span><div class=\"divider-light\"><\/div>\n\t<div class=\"wpb_text_column wpb_content_element\" >\n\t\t<div class=\"wpb_wrapper\">\n\t\t\t<div style=\"text-align: justify;\">\n<p>Con nuestro enfoque orientado a la calidad, nuestros equipos pueden expresar de manera efectiva sus intenciones y dise\u00f1os a los clientes, acelerando las aprobaciones de proyectos. Esto garantiza un proceso de colaboraci\u00f3n fluido y mejora la calidad general de nuestros servicios.<\/p>\n<\/div>\n\n\t\t<\/div>\n\t<\/div>\n<a href=\"https:\/\/dincarchitect.com\/es\/proyectos\/\" class=\"btn btn-primary arrow-right\"><span>ver proyectos<\/span><\/a><\/div><\/div><\/div><\/div><\/div><\/div><\/div><div class=\"wpb_column vc_column_container vc_col-sm-8\"><div class=\"vc_column-inner\"><div class=\"wpb_wrapper\">\n\t<div  class=\"wpb_single_image wpb_content_element vc_align_left  vc_custom_1687157363621\">\n\t\t\n\t\t<figure class=\"wpb_wrapper vc_figure\">\n\t\t\t<a href=\"https:\/\/dincarchitect.com\/wp-content\/uploads\/2023\/06\/dastudio2-1024x576.jpeg\" target=\"_self\" class=\"vc_single_image-wrapper   vc_box_border_grey\"><img decoding=\"async\" width=\"1920\" height=\"1080\" src=\"https:\/\/dincarchitect.com\/wp-content\/uploads\/2023\/06\/dastudio2.jpeg\" class=\"vc_single_image-img attachment-full\" alt=\"\" title=\"villa NBN\" srcset=\"https:\/\/dincarchitect.com\/wp-content\/uploads\/2023\/06\/dastudio2.jpeg 1920w, https:\/\/dincarchitect.com\/wp-content\/uploads\/2023\/06\/dastudio2-1024x576.jpeg 1024w, https:\/\/dincarchitect.com\/wp-content\/uploads\/2023\/06\/dastudio2-768x432.jpeg 768w, https:\/\/dincarchitect.com\/wp-content\/uploads\/2023\/06\/dastudio2-1536x864.jpeg 1536w, https:\/\/dincarchitect.com\/wp-content\/uploads\/2023\/06\/dastudio2-18x10.jpeg 18w\" sizes=\"(max-width: 1920px) 100vw, 1920px\" \/><\/a>\n\t\t<\/figure>\n\t<\/div>\n<\/div><\/div><\/div><\/div><div class=\"vc_row wpb_row vc_row-fluid\"><div class=\"wpb_column vc_column_container vc_col-sm-12\"><div class=\"vc_column-inner\"><div class=\"wpb_wrapper\">\n\t<div class=\"wpb_text_column wpb_content_element\" >\n\t\t<div class=\"wpb_wrapper\">\n\t\t\t<h2 style=\"text-align: center;\">Nuestras Ofertas \ud83c\udfc6<\/h2>\n\n\t\t<\/div>\n\t<\/div>\n\n\t<div class=\"wpb_text_column wpb_content_element  vc_custom_1686532097495\" >\n\t\t<div class=\"wpb_wrapper\">\n\t\t\t<h3 style=\"text-align: center;\"><em><strong>Te garantizamos las ofertas m\u00e1s competitivas del mercado<\/strong><\/em><\/h3>\n\n\t\t<\/div>\n\t<\/div>\n\n\t<div class=\"wpb_raw_code wpb_content_element wpb_raw_html vc_custom_1686527691361\" >\n\t\t<div class=\"wpb_wrapper\">\n\t\t\t<div id=\"rpt_pricr\" class=\"rpt_plans rpt_3_plans rpt_style_basic\"><div class=\"\"><div class=\"rpt_plan  rpt_plugin_f rpt_plan_0\"><div style=\"text-align:center;\" class=\"rpt_title rpt_title_0\">Paquete de inicio \ud83c\udfaf<\/div><div class=\"rpt_head rpt_head_0\"><div class=\"rpt_recurrence rpt_recurrence_0\">en lugar de <del> 450 \u20ac <\/del><\/div><div class=\"rpt_price rpt_price_0\">390\u20ac<\/div><div style=\"color:#f48200;\" class=\"rpt_subtitle rpt_subtitle_0\">Independientemente de la complejidad o los metros cuadrados.<\/div><\/div><div class=\"rpt_features rpt_features_0\"><div style=\"color:black;\" class=\"rpt_feature rpt_feature_0-0\"><strong>3<\/strong> Perspectivas 3D interiores\/exteriores\r<\/div><div style=\"color:black;\" class=\"rpt_feature rpt_feature_0-1\">\u2713 Calidad 4K \r<\/div><div style=\"color:black;\" class=\"rpt_feature rpt_feature_0-2\">\u2713 Revisi\u00f3n gratuita*\r<\/div><div style=\"color:black;\" class=\"rpt_feature rpt_feature_0-3\">\u2713 Correcci\u00f3n hasta su satisfacci\u00f3n\r<\/div><div style=\"color:black;\" class=\"rpt_feature rpt_feature_0-4\">\u2713 Dise\u00f1o con su logo y datos de contacto\r<\/div><div style=\"color:black;\" class=\"rpt_feature rpt_feature_0-5\">\u2713 Atenci\u00f3n al cliente 24 horas al d\u00eda, 7 d\u00edas a la semana<\/div><\/div><a target=\"_self\" href=\"https:\/\/wa.me\/33761122801\" style=\"background:#f48200\" class=\"rpt_foot rpt_foot_0\" rel=\"noopener\">CONTACTO<\/a><\/div><div class=\"rpt_plan  rpt_plugin_f rpt_plan_1\"><div style=\"text-align:center;\" class=\"rpt_title rpt_title_1\">Paquete Premium \ud83d\ude80<\/div><div class=\"rpt_head rpt_head_1\"><div class=\"rpt_recurrence rpt_recurrence_1\">en lugar de <del> 900 \u20ac <\/del><\/div><div class=\"rpt_price rpt_price_1\">690\u20ac<\/div><div style=\"color:#f48200;\" class=\"rpt_subtitle rpt_subtitle_1\">Independientemente de la complejidad o los metros cuadrados.<\/div><\/div><div class=\"rpt_features rpt_features_1\"><div style=\"color:black;\" class=\"rpt_feature rpt_feature_1-0\"><strong>6<\/strong> Perspectivas 3D interiores\/exteriores\r<\/div><div style=\"color:black;\" class=\"rpt_feature rpt_feature_1-1\">\u2713 Calidad 4K \r<\/div><div style=\"color:black;\" class=\"rpt_feature rpt_feature_1-2\">\u2713 Revisi\u00f3n gratuita*\r<\/div><div style=\"color:black;\" class=\"rpt_feature rpt_feature_1-3\">\u2713 Correcci\u00f3n hasta su satisfacci\u00f3n\r<\/div><div style=\"color:black;\" class=\"rpt_feature rpt_feature_1-4\">\u2713 Dise\u00f1o con su logo y datos de contacto\r<\/div><div style=\"color:black;\" class=\"rpt_feature rpt_feature_1-5\">\u2713 Atenci\u00f3n al cliente 24 horas al d\u00eda, 7 d\u00edas a la semana<\/div><\/div><a target=\"_self\" href=\"https:\/\/wa.me\/33761122801\" style=\"background:#f48200\" class=\"rpt_foot rpt_foot_1\" rel=\"noopener\">CONTACTO<\/a><\/div><div class=\"rpt_plan  rpt_plugin_f rpt_plan_2  #e37218\"><div style=\"text-align:center;\" class=\"rpt_title rpt_title_2\">Paquete Pro \ud83c\udf1f<\/div><div class=\"rpt_head rpt_head_2\"><div class=\"rpt_recurrence rpt_recurrence_2\">en lugar de <del> 1490 \u20ac <\/del><\/div><div class=\"rpt_price rpt_price_2\">990\u20ac<\/div><div style=\"color:#f48200;\" class=\"rpt_subtitle rpt_subtitle_2\">Independientemente de la complejidad o los metros cuadrados.<\/div><\/div><div class=\"rpt_features rpt_features_2\"><div style=\"color:black;\" class=\"rpt_feature rpt_feature_2-0\"><strong>10<\/strong> Perspectivas 3D interiores\/exteriores\r<\/div><div style=\"color:black;\" class=\"rpt_feature rpt_feature_2-1\">\u2713 Calidad 4K \r<\/div><div style=\"color:black;\" class=\"rpt_feature rpt_feature_2-2\">\u2713 Revisi\u00f3n gratuita*\r<\/div><div style=\"color:black;\" class=\"rpt_feature rpt_feature_2-3\">\u2713 Correcci\u00f3n hasta su satisfacci\u00f3n\r<\/div><div style=\"color:black;\" class=\"rpt_feature rpt_feature_2-4\">\u2713 Dise\u00f1o con su logo y datos de contacto\r<\/div><div style=\"color:black;\" class=\"rpt_feature rpt_feature_2-5\">\u2713 Atenci\u00f3n al cliente 24 horas al d\u00eda, 7 d\u00edas a la semana<\/div><\/div><a target=\"_self\" href=\"https:\/\/wa.me\/33761122801\" style=\"background:#f48200\" class=\"rpt_foot rpt_foot_2\" rel=\"noopener\">whatsapp<\/a><\/div><\/div><\/div><div style=\"clear:both;\"><\/div>\n\t\t<\/div>\n\t<\/div>\n<p class=\"text-right\"><a href=\"https:\/\/dincarchitect.com\/es\/arquitecto\/\" class=\"btn btn-primary arrow-right\"><span>Ver paquetes de suscripci\u00f3n<\/span><\/a><\/p><\/div><\/div><\/div><\/div>\n<\/section>","protected":false},"excerpt":{"rendered":"","protected":false},"author":1,"featured_media":10877,"parent":0,"menu_order":0,"comment_status":"closed","ping_status":"closed","template":"","meta":{"footnotes":""},"acf":[],"_links":{"self":[{"href":"https:\/\/dincarchitect.com\/es\/wp-json\/wp\/v2\/pages\/13987"}],"collection":[{"href":"https:\/\/dincarchitect.com\/es\/wp-json\/wp\/v2\/pages"}],"about":[{"href":"https:\/\/dincarchitect.com\/es\/wp-json\/wp\/v2\/types\/page"}],"author":[{"embeddable":true,"href":"https:\/\/dincarchitect.com\/es\/wp-json\/wp\/v2\/users\/1"}],"replies":[{"embeddable":true,"href":"https:\/\/dincarchitect.com\/es\/wp-json\/wp\/v2\/comments?post=13987"}],"version-history":[{"count":0,"href":"https:\/\/dincarchitect.com\/es\/wp-json\/wp\/v2\/pages\/13987\/revisions"}],"wp:featuredmedia":[{"embeddable":true,"href":"https:\/\/dincarchitect.com\/es\/wp-json\/wp\/v2\/media\/10877"}],"wp:attachment":[{"href":"https:\/\/dincarchitect.com\/es\/wp-json\/wp\/v2\/media?parent=13987"}],"curies":[{"name":"wp","href":"https:\/\/api.w.org\/{rel}","templated":true}]}}